{"id":81446,"date":"2021-09-02T17:43:14","date_gmt":"2021-09-02T15:43:14","guid":{"rendered":"https:\/\/svetslik.si\/uncategorized\/invitation-to-the-sideshow-la-parade-de-cirque\/"},"modified":"2026-03-22T19:24:51","modified_gmt":"2026-03-22T18:24:51","slug":"invitation-to-the-sideshow-la-parade-de-cirque","status":"publish","type":"product","link":"https:\/\/svetslik.si\/en\/georges-seurat-en\/invitation-to-the-sideshow-la-parade-de-cirque\/","title":{"rendered":"Georges Seurat &#8211; Invitation to the Sideshow (La Parade de Cirque)"},"content":{"rendered":"<h1>Georger Seurat &#8211; Invitation to the Sideshow (La Parade de Cirque)<\/h1>\n<p>\n&nbsp;<\/p>\n<table border=\"0\" cellpadding=\"0\" cellspacing=\"0\" style=\"width: 673px\" width=\"673\">\n<tbody>\n<tr>\n<td height=\"21\" style=\"width: 180px;height: 21px\">Year of creation:<\/td>\n<td style=\"width: 493px\">1887-1889<\/td>\n<\/tr>\n<tr>\n<td height=\"21\" style=\"width: 180px;height: 21px\">Original size:<\/td>\n<td style=\"width: 493px\">149.9 cm x 99.7 cm<\/td>\n<\/tr>\n<tr>\n<td height=\"21\" style=\"width: 180px;height: 21px\">Painting style:<\/td>\n<td style=\"width: 493px\">Pointillism<\/td>\n<\/tr>\n<tr>\n<td height=\"21\" style=\"width: 180px;height: 21px\">Original technique:<\/td>\n<td>Oil on canvas<\/td>\n<\/tr>\n<tr>\n<td height=\"21\" style=\"width: 180px;height: 21px\">Located:<\/td>\n<td>The Metropolitan Museum of Art, New York<\/td>\n<\/tr>\n<\/tbody>\n<colgroup><\/colgroup>\n<\/table>\n<p>&nbsp;<\/p>\n<div>The painting <em>Circus Sideshow<\/em> is one of six paintings of large figures that Seurat created in his short career. This image is more compact than the others and also more mysterious.<\/div>\n<div>&nbsp;<\/div>\n<div>The artist created the sketches for this painting in the spring of 1887 while visiting a traveling circus in Paris &#8211; he then refined the composition through several preparatory studies. The painting <em>Circus Sideshow<\/em> is the first important painting in which Seurat devoted himself to the field of popular entertainment.<\/div>\n<div>&nbsp;<\/div>\n","protected":false},"excerpt":{"rendered":"<p>Georger Seurat &#8211; Invitation to the Sideshow (La Parade de Cirque) &nbsp; Year of creation: 1887-1889 Original size: 149.9 cm x 99.7 cm Painting style: Pointillism Original technique: Oil on canvas Located: The Metropolitan Museum of Art, New York &nbsp; The painting Circus Sideshow is one of six paintings of [&hellip;]<\/p>\n","protected":false},"featured_media":78803,"template":"","meta":{"_acf_changed":false},"product_brand":[],"product_cat":[9806],"product_tag":[9870,9862,9863,9869],"class_list":{"0":"post-81446","1":"product","2":"type-product","3":"status-publish","4":"has-post-thumbnail","6":"product_cat-georges-seurat-en","7":"product_tag-painter","8":"product_tag-reproduction-en","9":"product_tag-reproductions","10":"product_tag-seurat-en","11":"pa_dimenzija-100-x-70-cm","12":"pa_dimenzija-110-x-75-cm","13":"pa_dimenzija-130-x-90-cm","14":"pa_dimenzija-150-x-100-cm","15":"pa_dimenzija-60-x-40-cm","16":"pa_dimenzija-70-x-50-cm","17":"pa_dimenzija-80-x-55-cm","18":"pa_dimenzija-90-x-60-cm","19":"pa_oblika-horizontal","20":"pa_okvir-without-frame","21":"pa_podokvir-without","22":"pa_podokvir-yes","24":"first","25":"onbackorder","26":"purchasable","27":"product-type-variable","28":"has-default-attributes"},"acf":[],"yoast_head":"<!-- This site is optimized with the Yoast SEO Premium plugin v27.5 (Yoast SEO v27.6) - https:\/\/yoast.com\/product\/yoast-seo-premium-wordpress\/ -->\n<title>Georges Seurat - Invitation to the Sideshow (La Parade de Cirque) - SVETSLIK.SI - 100% hand painted<\/title>\n<meta name=\"description\" content=\"Georges Seurat - Invitation to the Sideshow (La Parade de Cirque) - 100% hand-painted reproduction of famous paintings by famous artists. Wall art, abstract paintings and custom painted paintings by order.\" \/>\n<meta name=\"robots\" content=\"index, follow, max-snippet:-1, max-image-preview:large, max-video-preview:-1\" \/>\n<link rel=\"canonical\" href=\"https:\/\/svetslik.si\/en\/georges-seurat-en\/invitation-to-the-sideshow-la-parade-de-cirque\/\" \/>\n<meta property=\"og:locale\" content=\"en_US\" \/>\n<meta property=\"og:type\" content=\"article\" \/>\n<meta property=\"og:title\" content=\"Georges Seurat - Invitation to the Sideshow (La Parade de Cirque)\" \/>\n<meta property=\"og:description\" content=\"100% ro\u010dno naslikane slike na platnu, reprodukcije znanih slikarjev in umetni\u0161ke slike po naro\u010dilu.\" \/>\n<meta property=\"og:url\" content=\"https:\/\/svetslik.si\/en\/georges-seurat-en\/invitation-to-the-sideshow-la-parade-de-cirque\/\" \/>\n<meta property=\"og:site_name\" content=\"SVETSLIK.SI\" \/>\n<meta property=\"article:publisher\" content=\"https:\/\/www.facebook.com\/svetslik.si\" \/>\n<meta property=\"article:modified_time\" content=\"2026-03-22T18:24:51+00:00\" \/>\n<meta property=\"og:image\" content=\"https:\/\/svetslik.si\/wp-content\/uploads\/2021\/08\/image_Invitation-to-the-Sideshow-La-Parade-de-Cirque-Seurat_680-scaled.jpg\" \/>\n\t<meta property=\"og:image:width\" content=\"2560\" \/>\n\t<meta property=\"og:image:height\" content=\"1712\" \/>\n\t<meta property=\"og:image:type\" content=\"image\/jpeg\" \/>\n<meta name=\"twitter:card\" content=\"summary_large_image\" \/>\n<meta name=\"twitter:site\" content=\"@svetslik\" \/>\n<meta name=\"twitter:label1\" content=\"Availability\" \/>\n\t<meta name=\"twitter:data1\" content=\"On backorder\" \/>\n<script type=\"application\/ld+json\" class=\"yoast-schema-graph\">{\"@context\":\"https:\\\/\\\/schema.org\",\"@graph\":[{\"@type\":[\"WebPage\",\"ItemPage\"],\"@id\":\"https:\\\/\\\/svetslik.si\\\/en\\\/georges-seurat-en\\\/invitation-to-the-sideshow-la-parade-de-cirque\\\/\",\"url\":\"https:\\\/\\\/svetslik.si\\\/en\\\/georges-seurat-en\\\/invitation-to-the-sideshow-la-parade-de-cirque\\\/\",\"name\":\"Georges Seurat - Invitation to the Sideshow (La Parade de Cirque) - SVETSLIK.SI - 100% hand painted\",\"isPartOf\":{\"@id\":\"https:\\\/\\\/svetslik.si\\\/en\\\/#website\"},\"primaryImageOfPage\":{\"@id\":\"https:\\\/\\\/svetslik.si\\\/en\\\/georges-seurat-en\\\/invitation-to-the-sideshow-la-parade-de-cirque\\\/#primaryimage\"},\"image\":{\"@id\":\"https:\\\/\\\/svetslik.si\\\/en\\\/georges-seurat-en\\\/invitation-to-the-sideshow-la-parade-de-cirque\\\/#primaryimage\"},\"thumbnailUrl\":\"https:\\\/\\\/svetslik.si\\\/wp-content\\\/uploads\\\/2021\\\/08\\\/image_Invitation-to-the-Sideshow-La-Parade-de-Cirque-Seurat_680-scaled.jpg\",\"datePublished\":\"2021-09-02T15:43:14+00:00\",\"dateModified\":\"2026-03-22T18:24:51+00:00\",\"description\":\"Georges Seurat - Invitation to the Sideshow (La Parade de Cirque) - 100% hand-painted reproduction of famous paintings by famous artists. Wall art, abstract paintings and custom painted paintings by order.\",\"breadcrumb\":{\"@id\":\"https:\\\/\\\/svetslik.si\\\/en\\\/georges-seurat-en\\\/invitation-to-the-sideshow-la-parade-de-cirque\\\/#breadcrumb\"},\"inLanguage\":\"en-US\",\"potentialAction\":[{\"@type\":\"ReadAction\",\"target\":[\"https:\\\/\\\/svetslik.si\\\/en\\\/georges-seurat-en\\\/invitation-to-the-sideshow-la-parade-de-cirque\\\/\"]}]},{\"@type\":\"ImageObject\",\"inLanguage\":\"en-US\",\"@id\":\"https:\\\/\\\/svetslik.si\\\/en\\\/georges-seurat-en\\\/invitation-to-the-sideshow-la-parade-de-cirque\\\/#primaryimage\",\"url\":\"https:\\\/\\\/svetslik.si\\\/wp-content\\\/uploads\\\/2021\\\/08\\\/image_Invitation-to-the-Sideshow-La-Parade-de-Cirque-Seurat_680-scaled.jpg\",\"contentUrl\":\"https:\\\/\\\/svetslik.si\\\/wp-content\\\/uploads\\\/2021\\\/08\\\/image_Invitation-to-the-Sideshow-La-Parade-de-Cirque-Seurat_680-scaled.jpg\",\"width\":2560,\"height\":1712,\"caption\":\"Invitation to the Sideshow (La Parade de Cirque) - Georges Seurat - reproduction of famous painting by famous artist, hand painted painting on canvas, oil painting.\"},{\"@type\":\"BreadcrumbList\",\"@id\":\"https:\\\/\\\/svetslik.si\\\/en\\\/georges-seurat-en\\\/invitation-to-the-sideshow-la-parade-de-cirque\\\/#breadcrumb\",\"itemListElement\":[{\"@type\":\"ListItem\",\"position\":1,\"name\":\"Fali m\u0171v\u00e9szet \u00e9s festm\u00e9nyek v\u00e1szonra\",\"item\":\"https:\\\/\\\/svetslik.si\\\/en\\\/\"},{\"@type\":\"ListItem\",\"position\":2,\"name\":\"Sale of paintings\",\"item\":\"https:\\\/\\\/svetslik.si\\\/prodaja-slik\\\/\"},{\"@type\":\"ListItem\",\"position\":3,\"name\":\"Georges Seurat &#8211; Invitation to the Sideshow (La Parade de Cirque)\"}]},{\"@type\":\"WebSite\",\"@id\":\"https:\\\/\\\/svetslik.si\\\/en\\\/#website\",\"url\":\"https:\\\/\\\/svetslik.si\\\/en\\\/\",\"name\":\"SVETSLIK.SI\",\"description\":\"100% ru\u010dno naslikane reprodukcije slika poznatih slikara in umjetni\u010dke zidne slike na platnu.\",\"publisher\":{\"@id\":\"https:\\\/\\\/svetslik.si\\\/en\\\/#organization\"},\"potentialAction\":[{\"@type\":\"SearchAction\",\"target\":{\"@type\":\"EntryPoint\",\"urlTemplate\":\"https:\\\/\\\/svetslik.si\\\/en\\\/?s={search_term_string}\"},\"query-input\":{\"@type\":\"PropertyValueSpecification\",\"valueRequired\":true,\"valueName\":\"search_term_string\"}}],\"inLanguage\":\"en-US\"},{\"@type\":\"Organization\",\"@id\":\"https:\\\/\\\/svetslik.si\\\/en\\\/#organization\",\"name\":\"SvetSlik.si\",\"url\":\"https:\\\/\\\/svetslik.si\\\/en\\\/\",\"logo\":{\"@type\":\"ImageObject\",\"inLanguage\":\"en-US\",\"@id\":\"https:\\\/\\\/svetslik.si\\\/en\\\/#\\\/schema\\\/logo\\\/image\\\/\",\"url\":\"https:\\\/\\\/svetslik.si\\\/wp-content\\\/uploads\\\/2020\\\/12\\\/logo-512.png\",\"contentUrl\":\"https:\\\/\\\/svetslik.si\\\/wp-content\\\/uploads\\\/2020\\\/12\\\/logo-512.png\",\"width\":512,\"height\":512,\"caption\":\"SvetSlik.si\"},\"image\":{\"@id\":\"https:\\\/\\\/svetslik.si\\\/en\\\/#\\\/schema\\\/logo\\\/image\\\/\"},\"sameAs\":[\"https:\\\/\\\/www.facebook.com\\\/svetslik.si\",\"https:\\\/\\\/x.com\\\/svetslik\",\"https:\\\/\\\/www.instagram.com\\\/svetslik.si\\\/\",\"https:\\\/\\\/www.linkedin.com\\\/company\\\/svetslik-si\"]}]}<\/script>\n<meta property=\"og:availability\" content=\"backorder\" \/>\n<meta property=\"product:availability\" content=\"available for order\" \/>\n<meta property=\"product:retailer_item_id\" content=\"72__\" \/>\n<meta property=\"product:condition\" content=\"new\" \/>\n<!-- \/ Yoast SEO Premium plugin. -->","yoast_head_json":{"title":"Georges Seurat - Invitation to the Sideshow (La Parade de Cirque) - SVETSLIK.SI - 100% hand painted","description":"Georges Seurat - Invitation to the Sideshow (La Parade de Cirque) - 100% hand-painted reproduction of famous paintings by famous artists. Wall art, abstract paintings and custom painted paintings by order.","robots":{"index":"index","follow":"follow","max-snippet":"max-snippet:-1","max-image-preview":"max-image-preview:large","max-video-preview":"max-video-preview:-1"},"canonical":"https:\/\/svetslik.si\/en\/georges-seurat-en\/invitation-to-the-sideshow-la-parade-de-cirque\/","og_locale":"en_US","og_type":"article","og_title":"Georges Seurat - Invitation to the Sideshow (La Parade de Cirque)","og_description":"100% ro\u010dno naslikane slike na platnu, reprodukcije znanih slikarjev in umetni\u0161ke slike po naro\u010dilu.","og_url":"https:\/\/svetslik.si\/en\/georges-seurat-en\/invitation-to-the-sideshow-la-parade-de-cirque\/","og_site_name":"SVETSLIK.SI","article_publisher":"https:\/\/www.facebook.com\/svetslik.si","article_modified_time":"2026-03-22T18:24:51+00:00","og_image":[{"width":2560,"height":1712,"url":"https:\/\/svetslik.si\/wp-content\/uploads\/2021\/08\/image_Invitation-to-the-Sideshow-La-Parade-de-Cirque-Seurat_680-scaled.jpg","type":"image\/jpeg"}],"twitter_card":"summary_large_image","twitter_site":"@svetslik","twitter_misc":{"Availability":"On backorder"},"schema":{"@context":"https:\/\/schema.org","@graph":[{"@type":["WebPage","ItemPage"],"@id":"https:\/\/svetslik.si\/en\/georges-seurat-en\/invitation-to-the-sideshow-la-parade-de-cirque\/","url":"https:\/\/svetslik.si\/en\/georges-seurat-en\/invitation-to-the-sideshow-la-parade-de-cirque\/","name":"Georges Seurat - Invitation to the Sideshow (La Parade de Cirque) - SVETSLIK.SI - 100% hand painted","isPartOf":{"@id":"https:\/\/svetslik.si\/en\/#website"},"primaryImageOfPage":{"@id":"https:\/\/svetslik.si\/en\/georges-seurat-en\/invitation-to-the-sideshow-la-parade-de-cirque\/#primaryimage"},"image":{"@id":"https:\/\/svetslik.si\/en\/georges-seurat-en\/invitation-to-the-sideshow-la-parade-de-cirque\/#primaryimage"},"thumbnailUrl":"https:\/\/svetslik.si\/wp-content\/uploads\/2021\/08\/image_Invitation-to-the-Sideshow-La-Parade-de-Cirque-Seurat_680-scaled.jpg","datePublished":"2021-09-02T15:43:14+00:00","dateModified":"2026-03-22T18:24:51+00:00","description":"Georges Seurat - Invitation to the Sideshow (La Parade de Cirque) - 100% hand-painted reproduction of famous paintings by famous artists. Wall art, abstract paintings and custom painted paintings by order.","breadcrumb":{"@id":"https:\/\/svetslik.si\/en\/georges-seurat-en\/invitation-to-the-sideshow-la-parade-de-cirque\/#breadcrumb"},"inLanguage":"en-US","potentialAction":[{"@type":"ReadAction","target":["https:\/\/svetslik.si\/en\/georges-seurat-en\/invitation-to-the-sideshow-la-parade-de-cirque\/"]}]},{"@type":"ImageObject","inLanguage":"en-US","@id":"https:\/\/svetslik.si\/en\/georges-seurat-en\/invitation-to-the-sideshow-la-parade-de-cirque\/#primaryimage","url":"https:\/\/svetslik.si\/wp-content\/uploads\/2021\/08\/image_Invitation-to-the-Sideshow-La-Parade-de-Cirque-Seurat_680-scaled.jpg","contentUrl":"https:\/\/svetslik.si\/wp-content\/uploads\/2021\/08\/image_Invitation-to-the-Sideshow-La-Parade-de-Cirque-Seurat_680-scaled.jpg","width":2560,"height":1712,"caption":"Invitation to the Sideshow (La Parade de Cirque) - Georges Seurat - reproduction of famous painting by famous artist, hand painted painting on canvas, oil painting."},{"@type":"BreadcrumbList","@id":"https:\/\/svetslik.si\/en\/georges-seurat-en\/invitation-to-the-sideshow-la-parade-de-cirque\/#breadcrumb","itemListElement":[{"@type":"ListItem","position":1,"name":"Fali m\u0171v\u00e9szet \u00e9s festm\u00e9nyek v\u00e1szonra","item":"https:\/\/svetslik.si\/en\/"},{"@type":"ListItem","position":2,"name":"Sale of paintings","item":"https:\/\/svetslik.si\/prodaja-slik\/"},{"@type":"ListItem","position":3,"name":"Georges Seurat &#8211; Invitation to the Sideshow (La Parade de Cirque)"}]},{"@type":"WebSite","@id":"https:\/\/svetslik.si\/en\/#website","url":"https:\/\/svetslik.si\/en\/","name":"SVETSLIK.SI","description":"100% ru\u010dno naslikane reprodukcije slika poznatih slikara in umjetni\u010dke zidne slike na platnu.","publisher":{"@id":"https:\/\/svetslik.si\/en\/#organization"},"potentialAction":[{"@type":"SearchAction","target":{"@type":"EntryPoint","urlTemplate":"https:\/\/svetslik.si\/en\/?s={search_term_string}"},"query-input":{"@type":"PropertyValueSpecification","valueRequired":true,"valueName":"search_term_string"}}],"inLanguage":"en-US"},{"@type":"Organization","@id":"https:\/\/svetslik.si\/en\/#organization","name":"SvetSlik.si","url":"https:\/\/svetslik.si\/en\/","logo":{"@type":"ImageObject","inLanguage":"en-US","@id":"https:\/\/svetslik.si\/en\/#\/schema\/logo\/image\/","url":"https:\/\/svetslik.si\/wp-content\/uploads\/2020\/12\/logo-512.png","contentUrl":"https:\/\/svetslik.si\/wp-content\/uploads\/2020\/12\/logo-512.png","width":512,"height":512,"caption":"SvetSlik.si"},"image":{"@id":"https:\/\/svetslik.si\/en\/#\/schema\/logo\/image\/"},"sameAs":["https:\/\/www.facebook.com\/svetslik.si","https:\/\/x.com\/svetslik","https:\/\/www.instagram.com\/svetslik.si\/","https:\/\/www.linkedin.com\/company\/svetslik-si"]}]},"og_availability":"backorder","product_availability":"available for order","product_retailer_item_id":"72__","product_condition":"new"},"jetpack_sharing_enabled":true,"_links":{"self":[{"href":"https:\/\/svetslik.si\/en\/wp-json\/wp\/v2\/product\/81446","targetHints":{"allow":["GET"]}}],"collection":[{"href":"https:\/\/svetslik.si\/en\/wp-json\/wp\/v2\/product"}],"about":[{"href":"https:\/\/svetslik.si\/en\/wp-json\/wp\/v2\/types\/product"}],"wp:featuredmedia":[{"embeddable":true,"href":"https:\/\/svetslik.si\/en\/wp-json\/wp\/v2\/media\/78803"}],"wp:attachment":[{"href":"https:\/\/svetslik.si\/en\/wp-json\/wp\/v2\/media?parent=81446"}],"wp:term":[{"taxonomy":"product_brand","embeddable":true,"href":"https:\/\/svetslik.si\/en\/wp-json\/wp\/v2\/product_brand?post=81446"},{"taxonomy":"product_cat","embeddable":true,"href":"https:\/\/svetslik.si\/en\/wp-json\/wp\/v2\/product_cat?post=81446"},{"taxonomy":"product_tag","embeddable":true,"href":"https:\/\/svetslik.si\/en\/wp-json\/wp\/v2\/product_tag?post=81446"}],"curies":[{"name":"wp","href":"https:\/\/api.w.org\/{rel}","templated":true}]}}