{"id":81545,"date":"2021-09-02T17:43:38","date_gmt":"2021-09-02T15:43:38","guid":{"rendered":"https:\/\/svetslik.si\/uncategorized\/maternity\/"},"modified":"2026-03-22T19:26:19","modified_gmt":"2026-03-22T18:26:19","slug":"maternity","status":"publish","type":"product","link":"https:\/\/svetslik.si\/en\/joan-miro-en\/maternity\/","title":{"rendered":"Joan Miro &#8211; Maternity"},"content":{"rendered":"<div class=\"wpb-content-wrapper\">[vc_row css=&#8221;.vc_custom_1675013439908{margin-bottom: 10px !important;}&#8221;][vc_column]\t<div class=\"et-image-633 et-image     et_image_link\">\n\t\t<div class=\"et-image-inner \">\n\t\t\t\t\t\t\t<div class=\"et-image-thumb \">\n\t\t\t\t\t<img decoding=\"async\" width=\"1896\" height=\"2252\" src=\"https:\/\/svetslik.si\/wp-content\/uploads\/2021\/09\/Joan-Miro-Maternity.jpg\" class=\"attachment-full\" alt=\"Joan Miro - Maternity (reproduction, famous painting, famous artist)\" title=\"Joan Miro - Maternity (reproduction, famous painting, famous artist)\" srcset=\"https:\/\/svetslik.si\/wp-content\/uploads\/2021\/09\/Joan-Miro-Maternity.jpg 1896w, https:\/\/svetslik.si\/wp-content\/uploads\/2021\/09\/Joan-Miro-Maternity-600x713.jpg 600w, https:\/\/svetslik.si\/wp-content\/uploads\/2021\/09\/Joan-Miro-Maternity-1200x1425.jpg 1200w, https:\/\/svetslik.si\/wp-content\/uploads\/2021\/09\/Joan-Miro-Maternity-253x300.jpg 253w, https:\/\/svetslik.si\/wp-content\/uploads\/2021\/09\/Joan-Miro-Maternity-862x1024.jpg 862w, https:\/\/svetslik.si\/wp-content\/uploads\/2021\/09\/Joan-Miro-Maternity-768x912.jpg 768w, https:\/\/svetslik.si\/wp-content\/uploads\/2021\/09\/Joan-Miro-Maternity-1293x1536.jpg 1293w, https:\/\/svetslik.si\/wp-content\/uploads\/2021\/09\/Joan-Miro-Maternity-1724x2048.jpg 1724w, https:\/\/svetslik.si\/wp-content\/uploads\/2021\/09\/Joan-Miro-Maternity-10x12.jpg 10w, https:\/\/svetslik.si\/wp-content\/uploads\/2021\/09\/Joan-Miro-Maternity-126x150.jpg 126w, https:\/\/svetslik.si\/wp-content\/uploads\/2021\/09\/Joan-Miro-Maternity-1320x1568.jpg 1320w\" sizes=\"(max-width: 1896px) 100vw, 1896px\" \/>\t\t\t\t<\/div>\n\t\t\t\t\t\t\t\t\t\t\t<\/div>\n\t<\/div>\n  [\/vc_column][\/vc_row][vc_row css =&#8221;.vc_custom_1675013446619{margin-bottom: 10px !important;}&#8221;][vc_column]\t<div class=\"et-image-408 et-image     et_image_link\">\n\t\t<div class=\"et-image-inner \">\n\t\t\t\t\t\t\t<div class=\"et-image-thumb \">\n\t\t\t\t\t<img decoding=\"async\" width=\"1384\" height=\"2252\" src=\"https:\/\/svetslik.si\/wp-content\/uploads\/2021\/09\/Joan-Miro-Maternity-1.jpg\" class=\"attachment-full\" alt=\"Joan Miro - Maternity (reproduction, famous painting, famous artist)\" title=\"Joan Miro - Maternity (reproduction, famous painting, famous artist)\" srcset=\"https:\/\/svetslik.si\/wp-content\/uploads\/2021\/09\/Joan-Miro-Maternity-1.jpg 1384w, https:\/\/svetslik.si\/wp-content\/uploads\/2021\/09\/Joan-Miro-Maternity-1-600x976.jpg 600w, https:\/\/svetslik.si\/wp-content\/uploads\/2021\/09\/Joan-Miro-Maternity-1-1200x1953.jpg 1200w, https:\/\/svetslik.si\/wp-content\/uploads\/2021\/09\/Joan-Miro-Maternity-1-184x300.jpg 184w, https:\/\/svetslik.si\/wp-content\/uploads\/2021\/09\/Joan-Miro-Maternity-1-629x1024.jpg 629w, https:\/\/svetslik.si\/wp-content\/uploads\/2021\/09\/Joan-Miro-Maternity-1-768x1250.jpg 768w, https:\/\/svetslik.si\/wp-content\/uploads\/2021\/09\/Joan-Miro-Maternity-1-944x1536.jpg 944w, https:\/\/svetslik.si\/wp-content\/uploads\/2021\/09\/Joan-Miro-Maternity-1-1259x2048.jpg 1259w, https:\/\/svetslik.si\/wp-content\/uploads\/2021\/09\/Joan-Miro-Maternity-1-7x12.jpg 7w, https:\/\/svetslik.si\/wp-content\/uploads\/2021\/09\/Joan-Miro-Maternity-1-92x150.jpg 92w, https:\/\/svetslik.si\/wp-content\/uploads\/2021\/09\/Joan-Miro-Maternity-1-1320x2148.jpg 1320w\" sizes=\"(max-width: 1384px) 100vw, 1384px\" \/>\t\t\t\t<\/div>\n\t\t\t\t\t\t\t\t\t\t\t<\/div>\n\t<\/div>\n  [\/vc_column][\/vc_row][vc_row css=&#8221;. vc_custom_1675013301098{margin-bottom: 10px !important;}&#8221;][vc_column]\t<div class=\"et-image-388 et-image     et_image_link\">\n\t\t<div class=\"et-image-inner \">\n\t\t\t\t\t\t\t<div class=\"et-image-thumb \">\n\t\t\t\t\t<img decoding=\"async\" width=\"1328\" height=\"2252\" src=\"https:\/\/svetslik.si\/wp-content\/uploads\/2021\/09\/Joan-Miro-Maternity-2.jpg\" class=\"attachment-full\" alt=\"Joan Miro - Maternity (reproduction, famous painting, famous artist)\" title=\"Joan Miro - Maternity (reproduction, famous painting, famous artist)\" srcset=\"https:\/\/svetslik.si\/wp-content\/uploads\/2021\/09\/Joan-Miro-Maternity-2.jpg 1328w, https:\/\/svetslik.si\/wp-content\/uploads\/2021\/09\/Joan-Miro-Maternity-2-600x1017.jpg 600w, https:\/\/svetslik.si\/wp-content\/uploads\/2021\/09\/Joan-Miro-Maternity-2-1200x2035.jpg 1200w, https:\/\/svetslik.si\/wp-content\/uploads\/2021\/09\/Joan-Miro-Maternity-2-177x300.jpg 177w, https:\/\/svetslik.si\/wp-content\/uploads\/2021\/09\/Joan-Miro-Maternity-2-604x1024.jpg 604w, https:\/\/svetslik.si\/wp-content\/uploads\/2021\/09\/Joan-Miro-Maternity-2-768x1302.jpg 768w, https:\/\/svetslik.si\/wp-content\/uploads\/2021\/09\/Joan-Miro-Maternity-2-906x1536.jpg 906w, https:\/\/svetslik.si\/wp-content\/uploads\/2021\/09\/Joan-Miro-Maternity-2-1208x2048.jpg 1208w, https:\/\/svetslik.si\/wp-content\/uploads\/2021\/09\/Joan-Miro-Maternity-2-7x12.jpg 7w, https:\/\/svetslik.si\/wp-content\/uploads\/2021\/09\/Joan-Miro-Maternity-2-88x150.jpg 88w, https:\/\/svetslik.si\/wp-content\/uploads\/2021\/09\/Joan-Miro-Maternity-2-1320x2238.jpg 1320w\" sizes=\"(max-width: 1328px) 100vw, 1328px\" \/>\t\t\t\t<\/div>\n\t\t\t\t\t\t\t\t\t\t\t<\/div>\n\t<\/div>\n  [\/vc_column][\/vc_row][vc_row][vc_column][vc_column_text]\n<h1>Joan Miro &#8211; Maternity<\/h1>\n<p>&nbsp;<\/p>\n<table style=\"width: 673px\" border=\"0\" width=\"673\" cellspacing=\"0\" cellpadding=\"0\">\n<tbody>\n<tr>\n<td style=\"width: 180px;height: 21px\" height=\"21\">Year of Creation:<\/td>\n<td style=\"width: 493px\">1924<\/td>\n<\/tr>\n<tr>\n<td style=\"width: 180px;height: 21px\" height=\"21\">Original size:<\/td>\n<td style=\"width: 493px\">73 cm x 92 cm<\/td>\n<\/tr>\n<tr>\n<td style=\"width: 180px;height: 21px\" height=\"21\">Paint style:<\/td>\n<td style=\"width: 493px\">Surrealism<\/td>\n<\/tr>\n<tr>\n<td style=\"width: 180px;height: 21px\" height=\"21\">Original technique:<\/td>\n<td>Oil on canvas<\/td>\n<\/tr>\n<tr>\n<td style=\"width: 180px;height: 21px\" height=\"21\">Located:<\/td>\n<td>Scottish National Gallery of Modern Art, Edinburgh<\/td>\n<\/tr>\n<\/tbody>\n<colgroup>\n<col \/>\n<col \/> <\/colgroup>\n<\/table>\n<p>&#8220;Maternity&#8221; &#8220;Maternity&#8221; by Joan Mir\u00f3: a surrealist masterpiece<\/p>\n<p>Joan Mir\u00f3 was a Spanish surrealist painter and sculptor who lived between 1893 and 1983. He was known for his unique style that combined elements of abstract art and surrealism, creating works that were both fantastical and deeply personal. &#8220;Maternity&#8221; is one of his most famous works, displaying the full range of his unique vision and style.<\/p>\n<p>The painting has a whimsical composition with a large abstracted shape representing a mother and child. The mother is depicted as a flowing, organic form with bright, flowing lines and curved shapes, while the child is represented by a smaller, more compact form. The overall effect is one of playful movement and joyous celebration, reflecting the essence of the bond between mother and child.<\/p>\n<p>However, what really makes &#8220;Maternity&#8221; special is the way it combines the abstract and the representational. Despite its abstract forms, the painting still retains a strong sense of humanity, as it captures the essence of a mother&#8217;s bond in a way that is both whimsical and deeply emotional. This combination of abstraction and realism makes &#8220;Maternity&#8221; a true masterpiece of surrealist art.<\/p>\n<p>If you want to learn more about the work of Joan Mir\u00f3 or the Surrealist movement, &#8220;Maternity&#8221; is a great place to start. With its playful composition, whimsical shapes and strong sense of humanity, this painting is sure to fascinate and inspire. So why not take a moment today to appreciate this surreal masterpiece?[\/vc_column_text][\/vc_column][\/vc_row]\n<\/div>","protected":false},"excerpt":{"rendered":"<p>[vc_row css=&#8221;.vc_custom_1675013439908{margin-bottom: 10px !important;}&#8221;][vc_column][\/vc_column][\/vc_row][vc_row css =&#8221;.vc_custom_1675013446619{margin-bottom: 10px !important;}&#8221;][vc_column][\/vc_column][\/vc_row][vc_row css=&#8221;. vc_custom_1675013301098{margin-bottom: 10px !important;}&#8221;][vc_column][\/vc_column][\/vc_row][vc_row][vc_column][vc_column_text] Joan Miro &#8211; Maternity &nbsp; Year of Creation: 1924 Original size: 73 cm x 92 cm Paint style: Surrealism Original technique: Oil on canvas Located: Scottish National Gallery of Modern Art, Edinburgh &#8220;Maternity&#8221; &#8220;Maternity&#8221; by Joan Mir\u00f3: a [&hellip;]<\/p>\n","protected":false},"featured_media":78883,"template":"","meta":{"_acf_changed":false},"product_brand":[],"product_cat":[9796],"product_tag":[9846,9870,9862,9863],"class_list":{"0":"post-81545","1":"product","2":"type-product","3":"status-publish","4":"has-post-thumbnail","6":"product_cat-joan-miro-en","7":"product_tag-miro-en","8":"product_tag-painter","9":"product_tag-reproduction-en","10":"product_tag-reproductions","11":"pa_dimenzija-120-x-150-cm","12":"pa_dimenzija-150-x-200-cm","13":"pa_dimenzija-40-x-50-cm","14":"pa_dimenzija-50-x-70-cm","15":"pa_dimenzija-60-x-80-cm","16":"pa_dimenzija-73-x-92-cm","17":"pa_dimenzija-80-x-100-cm","18":"pa_dimenzija-90-x-120-cm","19":"pa_oblika-vertical","20":"pa_okvir-without-frame","21":"pa_podokvir-without","22":"pa_podokvir-yes","24":"first","25":"onbackorder","26":"purchasable","27":"product-type-variable","28":"has-default-attributes"},"acf":[],"yoast_head":"<!-- This site is optimized with the Yoast SEO Premium plugin v26.0 (Yoast SEO v27.2) - https:\/\/yoast.com\/product\/yoast-seo-premium-wordpress\/ -->\n<title>Joan Miro - Maternity - SVETSLIK.SI - 100% hand painted<\/title>\n<meta name=\"description\" content=\"Joan Miro - Maternity - 100% hand-painted reproduction of famous paintings by famous artists. Wall art, abstract paintings and custom painted paintings by order.\" \/>\n<meta name=\"robots\" content=\"index, follow, max-snippet:-1, max-image-preview:large, max-video-preview:-1\" \/>\n<link rel=\"canonical\" href=\"https:\/\/svetslik.si\/en\/joan-miro-en\/maternity\/\" \/>\n<meta property=\"og:locale\" content=\"en_US\" \/>\n<meta property=\"og:type\" content=\"article\" \/>\n<meta property=\"og:title\" content=\"Joan Miro - Maternity\" \/>\n<meta property=\"og:description\" content=\"100% ro\u010dno naslikane slike na platnu, reprodukcije znanih slikarjev in umetni\u0161ke slike po naro\u010dilu.\" \/>\n<meta property=\"og:url\" content=\"https:\/\/svetslik.si\/en\/joan-miro-en\/maternity\/\" \/>\n<meta property=\"og:site_name\" content=\"SVETSLIK.SI\" \/>\n<meta property=\"article:publisher\" content=\"https:\/\/www.facebook.com\/svetslik.si\" \/>\n<meta property=\"article:modified_time\" content=\"2026-03-22T18:26:19+00:00\" \/>\n<meta property=\"og:image\" content=\"https:\/\/svetslik.si\/wp-content\/uploads\/2021\/08\/image_Maternity_680.jpg\" \/>\n\t<meta property=\"og:image:width\" content=\"791\" \/>\n\t<meta property=\"og:image:height\" content=\"1054\" \/>\n\t<meta property=\"og:image:type\" content=\"image\/jpeg\" \/>\n<meta name=\"twitter:card\" content=\"summary_large_image\" \/>\n<meta name=\"twitter:site\" content=\"@svetslik\" \/>\n<meta name=\"twitter:label1\" content=\"Availability\" \/>\n\t<meta name=\"twitter:data1\" content=\"On backorder\" \/>\n<script type=\"application\/ld+json\" class=\"yoast-schema-graph\">{\"@context\":\"https:\/\/schema.org\",\"@graph\":[{\"@type\":[\"WebPage\",\"ItemPage\"],\"@id\":\"https:\/\/svetslik.si\/en\/joan-miro-en\/maternity\/\",\"url\":\"https:\/\/svetslik.si\/en\/joan-miro-en\/maternity\/\",\"name\":\"Joan Miro - Maternity - SVETSLIK.SI - 100% hand painted\",\"isPartOf\":{\"@id\":\"https:\/\/svetslik.si\/en\/#website\"},\"primaryImageOfPage\":{\"@id\":\"https:\/\/svetslik.si\/en\/joan-miro-en\/maternity\/#primaryimage\"},\"image\":{\"@id\":\"https:\/\/svetslik.si\/en\/joan-miro-en\/maternity\/#primaryimage\"},\"thumbnailUrl\":\"https:\/\/svetslik.si\/wp-content\/uploads\/2021\/08\/image_Maternity_680.jpg\",\"datePublished\":\"2021-09-02T15:43:38+00:00\",\"dateModified\":\"2026-03-22T18:26:19+00:00\",\"description\":\"Joan Miro - Maternity - 100% hand-painted reproduction of famous paintings by famous artists. Wall art, abstract paintings and custom painted paintings by order.\",\"breadcrumb\":{\"@id\":\"https:\/\/svetslik.si\/en\/joan-miro-en\/maternity\/#breadcrumb\"},\"inLanguage\":\"en-US\",\"potentialAction\":[{\"@type\":\"ReadAction\",\"target\":[\"https:\/\/svetslik.si\/en\/joan-miro-en\/maternity\/\"]}]},{\"@type\":\"ImageObject\",\"inLanguage\":\"en-US\",\"@id\":\"https:\/\/svetslik.si\/en\/joan-miro-en\/maternity\/#primaryimage\",\"url\":\"https:\/\/svetslik.si\/wp-content\/uploads\/2021\/08\/image_Maternity_680.jpg\",\"contentUrl\":\"https:\/\/svetslik.si\/wp-content\/uploads\/2021\/08\/image_Maternity_680.jpg\",\"width\":791,\"height\":1054,\"caption\":\"Joan Miro - Maternity - reproduction of famous painting by famous artist, hand painted painting on canvas, surrealism, maternity\"},{\"@type\":\"BreadcrumbList\",\"@id\":\"https:\/\/svetslik.si\/en\/joan-miro-en\/maternity\/#breadcrumb\",\"itemListElement\":[{\"@type\":\"ListItem\",\"position\":1,\"name\":\"Wall art and paintings on canvas\",\"item\":\"https:\/\/svetslik.si\/en\/\"},{\"@type\":\"ListItem\",\"position\":2,\"name\":\"Sale of paintings\",\"item\":\"https:\/\/svetslik.si\/prodaja-slik\/\"},{\"@type\":\"ListItem\",\"position\":3,\"name\":\"Joan Miro &#8211; Maternity\"}]},{\"@type\":\"WebSite\",\"@id\":\"https:\/\/svetslik.si\/en\/#website\",\"url\":\"https:\/\/svetslik.si\/en\/\",\"name\":\"SVETSLIK.SI\",\"description\":\"100% ru\u010dno naslikane reprodukcije slika poznatih slikara in umjetni\u010dke zidne slike na platnu.\",\"publisher\":{\"@id\":\"https:\/\/svetslik.si\/en\/#organization\"},\"potentialAction\":[{\"@type\":\"SearchAction\",\"target\":{\"@type\":\"EntryPoint\",\"urlTemplate\":\"https:\/\/svetslik.si\/en\/?s={search_term_string}\"},\"query-input\":{\"@type\":\"PropertyValueSpecification\",\"valueRequired\":true,\"valueName\":\"search_term_string\"}}],\"inLanguage\":\"en-US\"},{\"@type\":\"Organization\",\"@id\":\"https:\/\/svetslik.si\/en\/#organization\",\"name\":\"SvetSlik.si\",\"url\":\"https:\/\/svetslik.si\/en\/\",\"logo\":{\"@type\":\"ImageObject\",\"inLanguage\":\"en-US\",\"@id\":\"https:\/\/svetslik.si\/en\/#\/schema\/logo\/image\/\",\"url\":\"https:\/\/svetslik.si\/wp-content\/uploads\/2020\/12\/logo-512.png\",\"contentUrl\":\"https:\/\/svetslik.si\/wp-content\/uploads\/2020\/12\/logo-512.png\",\"width\":512,\"height\":512,\"caption\":\"SvetSlik.si\"},\"image\":{\"@id\":\"https:\/\/svetslik.si\/en\/#\/schema\/logo\/image\/\"},\"sameAs\":[\"https:\/\/www.facebook.com\/svetslik.si\",\"https:\/\/x.com\/svetslik\",\"https:\/\/www.instagram.com\/svetslik.si\/\",\"https:\/\/www.linkedin.com\/company\/svetslik-si\"]}]}<\/script>\n<meta property=\"og:availability\" content=\"backorder\" \/>\n<meta property=\"product:availability\" content=\"available for order\" \/>\n<meta property=\"product:retailer_item_id\" content=\"84__\" \/>\n<meta property=\"product:condition\" content=\"new\" \/>\n<!-- \/ Yoast SEO Premium plugin. -->","yoast_head_json":{"title":"Joan Miro - Maternity - SVETSLIK.SI - 100% hand painted","description":"Joan Miro - Maternity - 100% hand-painted reproduction of famous paintings by famous artists. Wall art, abstract paintings and custom painted paintings by order.","robots":{"index":"index","follow":"follow","max-snippet":"max-snippet:-1","max-image-preview":"max-image-preview:large","max-video-preview":"max-video-preview:-1"},"canonical":"https:\/\/svetslik.si\/en\/joan-miro-en\/maternity\/","og_locale":"en_US","og_type":"article","og_title":"Joan Miro - Maternity","og_description":"100% ro\u010dno naslikane slike na platnu, reprodukcije znanih slikarjev in umetni\u0161ke slike po naro\u010dilu.","og_url":"https:\/\/svetslik.si\/en\/joan-miro-en\/maternity\/","og_site_name":"SVETSLIK.SI","article_publisher":"https:\/\/www.facebook.com\/svetslik.si","article_modified_time":"2026-03-22T18:26:19+00:00","og_image":[{"width":791,"height":1054,"url":"https:\/\/svetslik.si\/wp-content\/uploads\/2021\/08\/image_Maternity_680.jpg","type":"image\/jpeg"}],"twitter_card":"summary_large_image","twitter_site":"@svetslik","twitter_misc":{"Availability":"On backorder"},"schema":{"@context":"https:\/\/schema.org","@graph":[{"@type":["WebPage","ItemPage"],"@id":"https:\/\/svetslik.si\/en\/joan-miro-en\/maternity\/","url":"https:\/\/svetslik.si\/en\/joan-miro-en\/maternity\/","name":"Joan Miro - Maternity - SVETSLIK.SI - 100% hand painted","isPartOf":{"@id":"https:\/\/svetslik.si\/en\/#website"},"primaryImageOfPage":{"@id":"https:\/\/svetslik.si\/en\/joan-miro-en\/maternity\/#primaryimage"},"image":{"@id":"https:\/\/svetslik.si\/en\/joan-miro-en\/maternity\/#primaryimage"},"thumbnailUrl":"https:\/\/svetslik.si\/wp-content\/uploads\/2021\/08\/image_Maternity_680.jpg","datePublished":"2021-09-02T15:43:38+00:00","dateModified":"2026-03-22T18:26:19+00:00","description":"Joan Miro - Maternity - 100% hand-painted reproduction of famous paintings by famous artists. Wall art, abstract paintings and custom painted paintings by order.","breadcrumb":{"@id":"https:\/\/svetslik.si\/en\/joan-miro-en\/maternity\/#breadcrumb"},"inLanguage":"en-US","potentialAction":[{"@type":"ReadAction","target":["https:\/\/svetslik.si\/en\/joan-miro-en\/maternity\/"]}]},{"@type":"ImageObject","inLanguage":"en-US","@id":"https:\/\/svetslik.si\/en\/joan-miro-en\/maternity\/#primaryimage","url":"https:\/\/svetslik.si\/wp-content\/uploads\/2021\/08\/image_Maternity_680.jpg","contentUrl":"https:\/\/svetslik.si\/wp-content\/uploads\/2021\/08\/image_Maternity_680.jpg","width":791,"height":1054,"caption":"Joan Miro - Maternity - reproduction of famous painting by famous artist, hand painted painting on canvas, surrealism, maternity"},{"@type":"BreadcrumbList","@id":"https:\/\/svetslik.si\/en\/joan-miro-en\/maternity\/#breadcrumb","itemListElement":[{"@type":"ListItem","position":1,"name":"Wall art and paintings on canvas","item":"https:\/\/svetslik.si\/en\/"},{"@type":"ListItem","position":2,"name":"Sale of paintings","item":"https:\/\/svetslik.si\/prodaja-slik\/"},{"@type":"ListItem","position":3,"name":"Joan Miro &#8211; Maternity"}]},{"@type":"WebSite","@id":"https:\/\/svetslik.si\/en\/#website","url":"https:\/\/svetslik.si\/en\/","name":"SVETSLIK.SI","description":"100% ru\u010dno naslikane reprodukcije slika poznatih slikara in umjetni\u010dke zidne slike na platnu.","publisher":{"@id":"https:\/\/svetslik.si\/en\/#organization"},"potentialAction":[{"@type":"SearchAction","target":{"@type":"EntryPoint","urlTemplate":"https:\/\/svetslik.si\/en\/?s={search_term_string}"},"query-input":{"@type":"PropertyValueSpecification","valueRequired":true,"valueName":"search_term_string"}}],"inLanguage":"en-US"},{"@type":"Organization","@id":"https:\/\/svetslik.si\/en\/#organization","name":"SvetSlik.si","url":"https:\/\/svetslik.si\/en\/","logo":{"@type":"ImageObject","inLanguage":"en-US","@id":"https:\/\/svetslik.si\/en\/#\/schema\/logo\/image\/","url":"https:\/\/svetslik.si\/wp-content\/uploads\/2020\/12\/logo-512.png","contentUrl":"https:\/\/svetslik.si\/wp-content\/uploads\/2020\/12\/logo-512.png","width":512,"height":512,"caption":"SvetSlik.si"},"image":{"@id":"https:\/\/svetslik.si\/en\/#\/schema\/logo\/image\/"},"sameAs":["https:\/\/www.facebook.com\/svetslik.si","https:\/\/x.com\/svetslik","https:\/\/www.instagram.com\/svetslik.si\/","https:\/\/www.linkedin.com\/company\/svetslik-si"]}]},"og_availability":"backorder","product_availability":"available for order","product_retailer_item_id":"84__","product_condition":"new"},"jetpack_sharing_enabled":true,"_links":{"self":[{"href":"https:\/\/svetslik.si\/en\/wp-json\/wp\/v2\/product\/81545","targetHints":{"allow":["GET"]}}],"collection":[{"href":"https:\/\/svetslik.si\/en\/wp-json\/wp\/v2\/product"}],"about":[{"href":"https:\/\/svetslik.si\/en\/wp-json\/wp\/v2\/types\/product"}],"wp:featuredmedia":[{"embeddable":true,"href":"https:\/\/svetslik.si\/en\/wp-json\/wp\/v2\/media\/78883"}],"wp:attachment":[{"href":"https:\/\/svetslik.si\/en\/wp-json\/wp\/v2\/media?parent=81545"}],"wp:term":[{"taxonomy":"product_brand","embeddable":true,"href":"https:\/\/svetslik.si\/en\/wp-json\/wp\/v2\/product_brand?post=81545"},{"taxonomy":"product_cat","embeddable":true,"href":"https:\/\/svetslik.si\/en\/wp-json\/wp\/v2\/product_cat?post=81545"},{"taxonomy":"product_tag","embeddable":true,"href":"https:\/\/svetslik.si\/en\/wp-json\/wp\/v2\/product_tag?post=81545"}],"curies":[{"name":"wp","href":"https:\/\/api.w.org\/{rel}","templated":true}]}}