{"id":81581,"date":"2021-09-02T17:43:48","date_gmt":"2021-09-02T15:43:48","guid":{"rendered":"https:\/\/svetslik.si\/uncategorized\/dance-at-the-moulin-de-la-galette\/"},"modified":"2026-03-22T19:26:55","modified_gmt":"2026-03-22T18:26:55","slug":"dance-at-the-moulin-de-la-galette","status":"publish","type":"product","link":"https:\/\/svetslik.si\/en\/pierre-a-renoir-en\/dance-at-the-moulin-de-la-galette\/","title":{"rendered":"Pierre A. Renoir &#8211; Dance At The Moulin De La Galette"},"content":{"rendered":"<h1>Pierre A. Renoir &#8211; Dance At The Moulin De La Galette<\/h1>\n<p>&nbsp;<\/p>\n<table border=\"0\" cellpadding=\"0\" cellspacing=\"0\" style=\"width: 632px\" width=\"632\">\n<tbody>\n<tr>\n<td height=\"21\" style=\"width: 180px;height: 21px\">\n<p>Year of creation:<\/td>\n<td style=\"width: 452px\">\n<p>1876<\/td>\n<\/tr>\n<tr>\n<td height=\"21\" style=\"width: 180px;height: 21px\">\n<p>Original size:<\/td>\n<td style=\"width: 452px\">\n<p>175 cm x 131 cm<\/td>\n<\/tr>\n<tr>\n<td height=\"21\" style=\"width: 180px;height: 21px\">\n<p>Painting style:<\/td>\n<td style=\"width: 452px\">\n<p>Impressionism<\/td>\n<\/tr>\n<tr>\n<td height=\"21\" style=\"width: 180px;height: 21px\">\n<p>Original technique:<\/td>\n<td>\n<p>Oil on canvas<\/td>\n<\/tr>\n<tr>\n<td height=\"21\" style=\"width: 180px;height: 21px\">\n<p>Located:<\/td>\n<td style=\"width: 452px\">\n<p>Orsay Museum, Paris<\/td>\n<\/tr>\n<\/tbody>\n<colgroup>\n<\/colgroup>\n<\/table>\n<div>\n<p>&nbsp;<\/p><\/div>\n<div>\n<p>Oil on canvas <em>Dance At The Moulin De La Galette<\/em> is one of the most famous impressionist works. In the painting, the author depicted an outdoor scene with a large number of people participating in a popular dance in the garden on the Butte Montmartre hill.<\/div>\n<div>\n<p>&nbsp;<\/p><\/div>\n<div>\n<p>The beams of sunlight in this oil on canvas are characteristic of the Impressionists, but in this painting Renoir particularly looked forward to the possibility of depicting people, and especially women, who form the main part of this oil on canvas. The people depicted in this painting are mostly Renoir&#8217;s friends and acquaintances. Before Renoir, no painter had depicted a certain aspect of everyday life on a canvas of such large dimensions.<\/p><\/div>\n<div>\n<p>&nbsp;<\/p><\/div>\n","protected":false},"excerpt":{"rendered":"<p>Pierre A. Renoir &#8211; Dance At The Moulin De La Galette &nbsp; Year of creation: 1876 Original size: 175 cm x 131 cm Painting style: Impressionism Original technique: Oil on canvas Located: Orsay Museum, Paris &nbsp; Oil on canvas Dance At The Moulin De La Galette is one of the [&hellip;]<\/p>\n","protected":false},"featured_media":79502,"template":"","meta":{"_acf_changed":false},"product_brand":[],"product_cat":[9813],"product_tag":[9870,9861,9862,9863],"class_list":{"0":"post-81581","1":"product","2":"type-product","3":"status-publish","4":"has-post-thumbnail","6":"product_cat-pierre-a-renoir-en","7":"product_tag-painter","8":"product_tag-renoir-en","9":"product_tag-reproduction-en","10":"product_tag-reproductions","11":"pa_dimenzija-100-x-75-cm","12":"pa_dimenzija-110-x-80-cm","13":"pa_dimenzija-130-x-100-cm","14":"pa_dimenzija-150-x-110-cm","15":"pa_dimenzija-175-x-131-cm","16":"pa_dimenzija-200-x-150-cm","17":"pa_dimenzija-80-x-60-cm","18":"pa_dimenzija-90-x-70-cm","19":"pa_oblika-horizontal","20":"pa_okvir-without-frame","21":"pa_podokvir-without","22":"pa_podokvir-yes","24":"first","25":"onbackorder","26":"purchasable","27":"product-type-variable","28":"has-default-attributes"},"acf":[],"yoast_head":"<!-- This site is optimized with the Yoast SEO Premium plugin v26.0 (Yoast SEO v27.2) - https:\/\/yoast.com\/product\/yoast-seo-premium-wordpress\/ -->\n<title>Pierre A. Renoir - Dance At The Moulin De La Galette - SVETSLIK.SI - 100% hand painted<\/title>\n<meta name=\"description\" content=\"Pierre A. Renoir - Dance At The Moulin De La Galette - 100% hand-painted reproduction of famous paintings by famous artists. Wall art, abstract paintings and custom painted paintings by order.\" \/>\n<meta name=\"robots\" content=\"index, follow, max-snippet:-1, max-image-preview:large, max-video-preview:-1\" \/>\n<link rel=\"canonical\" href=\"https:\/\/svetslik.si\/en\/pierre-a-renoir-en\/dance-at-the-moulin-de-la-galette\/\" \/>\n<meta property=\"og:locale\" content=\"en_US\" \/>\n<meta property=\"og:type\" content=\"article\" \/>\n<meta property=\"og:title\" content=\"Pierre A. Renoir - Dance At The Moulin De La Galette\" \/>\n<meta property=\"og:description\" content=\"100% ro\u010dno naslikane slike na platnu, reprodukcije znanih slikarjev in umetni\u0161ke slike po naro\u010dilu.\" \/>\n<meta property=\"og:url\" content=\"https:\/\/svetslik.si\/en\/pierre-a-renoir-en\/dance-at-the-moulin-de-la-galette\/\" \/>\n<meta property=\"og:site_name\" content=\"SVETSLIK.SI\" \/>\n<meta property=\"article:publisher\" content=\"https:\/\/www.facebook.com\/svetslik.si\" \/>\n<meta property=\"article:modified_time\" content=\"2026-03-22T18:26:55+00:00\" \/>\n<meta property=\"og:image\" content=\"https:\/\/svetslik.si\/wp-content\/uploads\/2021\/09\/Dance-At-The-Moulin-De-La-Galette.jpg\" \/>\n\t<meta property=\"og:image:width\" content=\"1740\" \/>\n\t<meta property=\"og:image:height\" content=\"1293\" \/>\n\t<meta property=\"og:image:type\" content=\"image\/jpeg\" \/>\n<meta name=\"twitter:card\" content=\"summary_large_image\" \/>\n<meta name=\"twitter:site\" content=\"@svetslik\" \/>\n<meta name=\"twitter:label1\" content=\"Availability\" \/>\n\t<meta name=\"twitter:data1\" content=\"On backorder\" \/>\n<script type=\"application\/ld+json\" class=\"yoast-schema-graph\">{\"@context\":\"https:\/\/schema.org\",\"@graph\":[{\"@type\":[\"WebPage\",\"ItemPage\"],\"@id\":\"https:\/\/svetslik.si\/en\/pierre-a-renoir-en\/dance-at-the-moulin-de-la-galette\/\",\"url\":\"https:\/\/svetslik.si\/en\/pierre-a-renoir-en\/dance-at-the-moulin-de-la-galette\/\",\"name\":\"Pierre A. Renoir - Dance At The Moulin De La Galette - SVETSLIK.SI - 100% hand painted\",\"isPartOf\":{\"@id\":\"https:\/\/svetslik.si\/en\/#website\"},\"primaryImageOfPage\":{\"@id\":\"https:\/\/svetslik.si\/en\/pierre-a-renoir-en\/dance-at-the-moulin-de-la-galette\/#primaryimage\"},\"image\":{\"@id\":\"https:\/\/svetslik.si\/en\/pierre-a-renoir-en\/dance-at-the-moulin-de-la-galette\/#primaryimage\"},\"thumbnailUrl\":\"https:\/\/svetslik.si\/wp-content\/uploads\/2021\/09\/Dance-At-The-Moulin-De-La-Galette.jpg\",\"datePublished\":\"2021-09-02T15:43:48+00:00\",\"dateModified\":\"2026-03-22T18:26:55+00:00\",\"description\":\"Pierre A. Renoir - Dance At The Moulin De La Galette - 100% hand-painted reproduction of famous paintings by famous artists. Wall art, abstract paintings and custom painted paintings by order.\",\"breadcrumb\":{\"@id\":\"https:\/\/svetslik.si\/en\/pierre-a-renoir-en\/dance-at-the-moulin-de-la-galette\/#breadcrumb\"},\"inLanguage\":\"en-US\",\"potentialAction\":[{\"@type\":\"ReadAction\",\"target\":[\"https:\/\/svetslik.si\/en\/pierre-a-renoir-en\/dance-at-the-moulin-de-la-galette\/\"]}]},{\"@type\":\"ImageObject\",\"inLanguage\":\"en-US\",\"@id\":\"https:\/\/svetslik.si\/en\/pierre-a-renoir-en\/dance-at-the-moulin-de-la-galette\/#primaryimage\",\"url\":\"https:\/\/svetslik.si\/wp-content\/uploads\/2021\/09\/Dance-At-The-Moulin-De-La-Galette.jpg\",\"contentUrl\":\"https:\/\/svetslik.si\/wp-content\/uploads\/2021\/09\/Dance-At-The-Moulin-De-La-Galette.jpg\",\"width\":1740,\"height\":1293,\"caption\":\"Reproductions of Famous Artists, Modern Wall Paintings, Artwork for Walls - Dance at the Moulin de la Galette\"},{\"@type\":\"BreadcrumbList\",\"@id\":\"https:\/\/svetslik.si\/en\/pierre-a-renoir-en\/dance-at-the-moulin-de-la-galette\/#breadcrumb\",\"itemListElement\":[{\"@type\":\"ListItem\",\"position\":1,\"name\":\"Wall art and paintings on canvas\",\"item\":\"https:\/\/svetslik.si\/en\/\"},{\"@type\":\"ListItem\",\"position\":2,\"name\":\"Sale of paintings\",\"item\":\"https:\/\/svetslik.si\/prodaja-slik\/\"},{\"@type\":\"ListItem\",\"position\":3,\"name\":\"Pierre A. Renoir &#8211; Dance At The Moulin De La Galette\"}]},{\"@type\":\"WebSite\",\"@id\":\"https:\/\/svetslik.si\/en\/#website\",\"url\":\"https:\/\/svetslik.si\/en\/\",\"name\":\"SVETSLIK.SI\",\"description\":\"100% ru\u010dno naslikane reprodukcije slika poznatih slikara in umjetni\u010dke zidne slike na platnu.\",\"publisher\":{\"@id\":\"https:\/\/svetslik.si\/en\/#organization\"},\"potentialAction\":[{\"@type\":\"SearchAction\",\"target\":{\"@type\":\"EntryPoint\",\"urlTemplate\":\"https:\/\/svetslik.si\/en\/?s={search_term_string}\"},\"query-input\":{\"@type\":\"PropertyValueSpecification\",\"valueRequired\":true,\"valueName\":\"search_term_string\"}}],\"inLanguage\":\"en-US\"},{\"@type\":\"Organization\",\"@id\":\"https:\/\/svetslik.si\/en\/#organization\",\"name\":\"SvetSlik.si\",\"url\":\"https:\/\/svetslik.si\/en\/\",\"logo\":{\"@type\":\"ImageObject\",\"inLanguage\":\"en-US\",\"@id\":\"https:\/\/svetslik.si\/en\/#\/schema\/logo\/image\/\",\"url\":\"https:\/\/svetslik.si\/wp-content\/uploads\/2020\/12\/logo-512.png\",\"contentUrl\":\"https:\/\/svetslik.si\/wp-content\/uploads\/2020\/12\/logo-512.png\",\"width\":512,\"height\":512,\"caption\":\"SvetSlik.si\"},\"image\":{\"@id\":\"https:\/\/svetslik.si\/en\/#\/schema\/logo\/image\/\"},\"sameAs\":[\"https:\/\/www.facebook.com\/svetslik.si\",\"https:\/\/x.com\/svetslik\",\"https:\/\/www.instagram.com\/svetslik.si\/\",\"https:\/\/www.linkedin.com\/company\/svetslik-si\"]}]}<\/script>\n<meta property=\"og:availability\" content=\"backorder\" \/>\n<meta property=\"product:availability\" content=\"available for order\" \/>\n<meta property=\"product:retailer_item_id\" content=\"88__\" \/>\n<meta property=\"product:condition\" content=\"new\" \/>\n<!-- \/ Yoast SEO Premium plugin. -->","yoast_head_json":{"title":"Pierre A. Renoir - Dance At The Moulin De La Galette - SVETSLIK.SI - 100% hand painted","description":"Pierre A. Renoir - Dance At The Moulin De La Galette - 100% hand-painted reproduction of famous paintings by famous artists. Wall art, abstract paintings and custom painted paintings by order.","robots":{"index":"index","follow":"follow","max-snippet":"max-snippet:-1","max-image-preview":"max-image-preview:large","max-video-preview":"max-video-preview:-1"},"canonical":"https:\/\/svetslik.si\/en\/pierre-a-renoir-en\/dance-at-the-moulin-de-la-galette\/","og_locale":"en_US","og_type":"article","og_title":"Pierre A. Renoir - Dance At The Moulin De La Galette","og_description":"100% ro\u010dno naslikane slike na platnu, reprodukcije znanih slikarjev in umetni\u0161ke slike po naro\u010dilu.","og_url":"https:\/\/svetslik.si\/en\/pierre-a-renoir-en\/dance-at-the-moulin-de-la-galette\/","og_site_name":"SVETSLIK.SI","article_publisher":"https:\/\/www.facebook.com\/svetslik.si","article_modified_time":"2026-03-22T18:26:55+00:00","og_image":[{"width":1740,"height":1293,"url":"https:\/\/svetslik.si\/wp-content\/uploads\/2021\/09\/Dance-At-The-Moulin-De-La-Galette.jpg","type":"image\/jpeg"}],"twitter_card":"summary_large_image","twitter_site":"@svetslik","twitter_misc":{"Availability":"On backorder"},"schema":{"@context":"https:\/\/schema.org","@graph":[{"@type":["WebPage","ItemPage"],"@id":"https:\/\/svetslik.si\/en\/pierre-a-renoir-en\/dance-at-the-moulin-de-la-galette\/","url":"https:\/\/svetslik.si\/en\/pierre-a-renoir-en\/dance-at-the-moulin-de-la-galette\/","name":"Pierre A. Renoir - Dance At The Moulin De La Galette - SVETSLIK.SI - 100% hand painted","isPartOf":{"@id":"https:\/\/svetslik.si\/en\/#website"},"primaryImageOfPage":{"@id":"https:\/\/svetslik.si\/en\/pierre-a-renoir-en\/dance-at-the-moulin-de-la-galette\/#primaryimage"},"image":{"@id":"https:\/\/svetslik.si\/en\/pierre-a-renoir-en\/dance-at-the-moulin-de-la-galette\/#primaryimage"},"thumbnailUrl":"https:\/\/svetslik.si\/wp-content\/uploads\/2021\/09\/Dance-At-The-Moulin-De-La-Galette.jpg","datePublished":"2021-09-02T15:43:48+00:00","dateModified":"2026-03-22T18:26:55+00:00","description":"Pierre A. Renoir - Dance At The Moulin De La Galette - 100% hand-painted reproduction of famous paintings by famous artists. Wall art, abstract paintings and custom painted paintings by order.","breadcrumb":{"@id":"https:\/\/svetslik.si\/en\/pierre-a-renoir-en\/dance-at-the-moulin-de-la-galette\/#breadcrumb"},"inLanguage":"en-US","potentialAction":[{"@type":"ReadAction","target":["https:\/\/svetslik.si\/en\/pierre-a-renoir-en\/dance-at-the-moulin-de-la-galette\/"]}]},{"@type":"ImageObject","inLanguage":"en-US","@id":"https:\/\/svetslik.si\/en\/pierre-a-renoir-en\/dance-at-the-moulin-de-la-galette\/#primaryimage","url":"https:\/\/svetslik.si\/wp-content\/uploads\/2021\/09\/Dance-At-The-Moulin-De-La-Galette.jpg","contentUrl":"https:\/\/svetslik.si\/wp-content\/uploads\/2021\/09\/Dance-At-The-Moulin-De-La-Galette.jpg","width":1740,"height":1293,"caption":"Reproductions of Famous Artists, Modern Wall Paintings, Artwork for Walls - Dance at the Moulin de la Galette"},{"@type":"BreadcrumbList","@id":"https:\/\/svetslik.si\/en\/pierre-a-renoir-en\/dance-at-the-moulin-de-la-galette\/#breadcrumb","itemListElement":[{"@type":"ListItem","position":1,"name":"Wall art and paintings on canvas","item":"https:\/\/svetslik.si\/en\/"},{"@type":"ListItem","position":2,"name":"Sale of paintings","item":"https:\/\/svetslik.si\/prodaja-slik\/"},{"@type":"ListItem","position":3,"name":"Pierre A. Renoir &#8211; Dance At The Moulin De La Galette"}]},{"@type":"WebSite","@id":"https:\/\/svetslik.si\/en\/#website","url":"https:\/\/svetslik.si\/en\/","name":"SVETSLIK.SI","description":"100% ru\u010dno naslikane reprodukcije slika poznatih slikara in umjetni\u010dke zidne slike na platnu.","publisher":{"@id":"https:\/\/svetslik.si\/en\/#organization"},"potentialAction":[{"@type":"SearchAction","target":{"@type":"EntryPoint","urlTemplate":"https:\/\/svetslik.si\/en\/?s={search_term_string}"},"query-input":{"@type":"PropertyValueSpecification","valueRequired":true,"valueName":"search_term_string"}}],"inLanguage":"en-US"},{"@type":"Organization","@id":"https:\/\/svetslik.si\/en\/#organization","name":"SvetSlik.si","url":"https:\/\/svetslik.si\/en\/","logo":{"@type":"ImageObject","inLanguage":"en-US","@id":"https:\/\/svetslik.si\/en\/#\/schema\/logo\/image\/","url":"https:\/\/svetslik.si\/wp-content\/uploads\/2020\/12\/logo-512.png","contentUrl":"https:\/\/svetslik.si\/wp-content\/uploads\/2020\/12\/logo-512.png","width":512,"height":512,"caption":"SvetSlik.si"},"image":{"@id":"https:\/\/svetslik.si\/en\/#\/schema\/logo\/image\/"},"sameAs":["https:\/\/www.facebook.com\/svetslik.si","https:\/\/x.com\/svetslik","https:\/\/www.instagram.com\/svetslik.si\/","https:\/\/www.linkedin.com\/company\/svetslik-si"]}]},"og_availability":"backorder","product_availability":"available for order","product_retailer_item_id":"88__","product_condition":"new"},"jetpack_sharing_enabled":true,"_links":{"self":[{"href":"https:\/\/svetslik.si\/en\/wp-json\/wp\/v2\/product\/81581","targetHints":{"allow":["GET"]}}],"collection":[{"href":"https:\/\/svetslik.si\/en\/wp-json\/wp\/v2\/product"}],"about":[{"href":"https:\/\/svetslik.si\/en\/wp-json\/wp\/v2\/types\/product"}],"wp:featuredmedia":[{"embeddable":true,"href":"https:\/\/svetslik.si\/en\/wp-json\/wp\/v2\/media\/79502"}],"wp:attachment":[{"href":"https:\/\/svetslik.si\/en\/wp-json\/wp\/v2\/media?parent=81581"}],"wp:term":[{"taxonomy":"product_brand","embeddable":true,"href":"https:\/\/svetslik.si\/en\/wp-json\/wp\/v2\/product_brand?post=81581"},{"taxonomy":"product_cat","embeddable":true,"href":"https:\/\/svetslik.si\/en\/wp-json\/wp\/v2\/product_cat?post=81581"},{"taxonomy":"product_tag","embeddable":true,"href":"https:\/\/svetslik.si\/en\/wp-json\/wp\/v2\/product_tag?post=81581"}],"curies":[{"name":"wp","href":"https:\/\/api.w.org\/{rel}","templated":true}]}}