{"id":81664,"date":"2021-09-02T17:44:16","date_gmt":"2021-09-02T15:44:16","guid":{"rendered":"https:\/\/svetslik.si\/uncategorized\/lyrically\/"},"modified":"2026-03-22T19:28:53","modified_gmt":"2026-03-22T18:28:53","slug":"lyrically","status":"publish","type":"product","link":"https:\/\/svetslik.si\/en\/vasilij-kandinski-en\/lyrically\/","title":{"rendered":"Vasilij Kandinski &#8211; Lyrically"},"content":{"rendered":"<h1>Vasily Kandinsky &#8211; Lyrically<\/h1>\n<table border=\"0\" width=\"673\" cellspacing=\"0\" cellpadding=\"0\">\n<colgroup>\n<col style=\"width: 135pt\" width=\"180\" \/>\n<col style=\"width: 370pt\" width=\"493\" \/> <\/colgroup>\n<tbody>\n<tr style=\"height: 15.75pt\">\n<td class=\"xl24\" style=\"height: 15.75pt;width: 135pt\" width=\"180\" height=\"21\">Year created:<\/td>\n<td class=\"xl25\" style=\"width: 370pt\" width=\"493\">1911<\/td>\n<\/tr>\n<tr style=\"height: 15.75pt\">\n<td class=\"xl24\" style=\"height: 15.75pt;width: 135pt\" width=\"180\" height=\"21\">Original size:<\/td>\n<td class=\"xl24\" style=\"width: 370pt\" width=\"493\">130 cm x 94 cm<\/td>\n<\/tr>\n<tr style=\"height: 15.75pt\">\n<td class=\"xl24\" style=\"height: 15.75pt;width: 135pt\" width=\"180\" height=\"21\">Paint style:<\/td>\n<td class=\"xl24\" style=\"width: 370pt\" width=\"493\">Abstract Art<\/td>\n<\/tr>\n<tr style=\"height: 15.75pt\">\n<td class=\"xl24\" style=\"height: 15.75pt;width: 135pt\" width=\"180\" height=\"21\">Original technique:<\/td>\n<td>Oil on canvas<\/td>\n<\/tr>\n<tr style=\"height: 15.75pt\">\n<td class=\"xl24\" style=\"height: 15.75pt;width: 135pt\" width=\"180\" height=\"21\">Located:<\/td>\n<td>Museum Boymans van Beuningen, Rotterdam<\/td>\n<\/tr>\n<\/tbody>\n<\/table>\n<p>Wassily Kandinsky was a revolutionary artist of the early 20th century, known for his contribution to the development of abstract art. One of his most famous paintings is &#8220;Lyric&#8221;, which is considered a masterpiece of the artist&#8217;s work.<\/p>\n<p>&#8220;Lyrically&#8221; is an oil painting on canvas created in 1911. The painting is an excellent example of Kandinsky&#8217;s use of color, form and texture to create a sense of movement and emotion. The image is dominated by a vibrant blue color that appears to be in motion, creating a sense of movement and energy. The blue contrasts with the bright yellow, creating a striking contrast that enhances the dynamic feel of the image.<\/p>\n<p>The composition of the painting is also noticeable. The image is divided into several geometric shapes, including circles, squares, and triangles. The shapes are arranged to create a sense of depth and movement. The composition of the painting is an excellent example of Kandinsky&#8217;s use of abstract forms to create a sense of movement and emotion.<\/p>\n<p>The painting &#8220;Lyric&#8221; is an important painting in Kandinsky&#8217;s oeuvre and is considered a masterpiece of his work. The use of color, form and composition to create a sense of movement and emotion is a hallmark of Kandinsky&#8217;s work and is an excellent example of the artist&#8217;s contribution to the development of abstract art. The painting is currently in the Stedelijk Museum in Amsterdam, Netherlands. If you want to see more of Kandinsky&#8217;s work, you can also visit the Center Georges Pompidou in Paris, the Guggenheim Museum in New York, and the Tretyakov Gallery in Moscow, which have extensive collections of the artist&#8217;s work.<\/p>\n","protected":false},"excerpt":{"rendered":"<p>Vasily Kandinsky &#8211; Lyrically Year created: 1911 Original size: 130 cm x 94 cm Paint style: Abstract Art Original technique: Oil on canvas Located: Museum Boymans van Beuningen, Rotterdam Wassily Kandinsky was a revolutionary artist of the early 20th century, known for his contribution to the development of abstract art. [&hellip;]<\/p>\n","protected":false},"featured_media":78870,"template":"","meta":{"_acf_changed":false},"product_brand":[],"product_cat":[9814],"product_tag":[9839,9840,9870,9862,9863],"class_list":{"0":"post-81664","1":"product","2":"type-product","3":"status-publish","4":"has-post-thumbnail","6":"product_cat-vasilij-kandinski-en","7":"product_tag-kandinski-en","8":"product_tag-kandinsky-en","9":"product_tag-painter","10":"product_tag-reproduction-en","11":"product_tag-reproductions","12":"pa_dimenzija-130-x-94-cm","13":"pa_dimenzija-150-x-110-cm","14":"pa_dimenzija-40-x-30-cm","15":"pa_dimenzija-50-x-40-cm","16":"pa_dimenzija-70-x-50-cm","17":"pa_dimenzija-80-x-60-cm","18":"pa_dimenzija-90-x-70-cm","19":"pa_oblika-horizontal","20":"pa_okvir-without-frame","21":"pa_podokvir-without","22":"pa_podokvir-yes","24":"first","25":"onbackorder","26":"purchasable","27":"product-type-variable","28":"has-default-attributes"},"acf":[],"yoast_head":"<!-- This site is optimized with the Yoast SEO Premium plugin v26.0 (Yoast SEO v27.2) - https:\/\/yoast.com\/product\/yoast-seo-premium-wordpress\/ -->\n<title>Vasilij Kandinski - Lyrically - SVETSLIK.SI - 100% hand painted<\/title>\n<meta name=\"description\" content=\"Vasilij Kandinski - Lyrically - 100% hand-painted reproduction of famous paintings by famous artists. Wall art, abstract paintings and custom painted paintings by order.\" \/>\n<meta name=\"robots\" content=\"index, follow, max-snippet:-1, max-image-preview:large, max-video-preview:-1\" \/>\n<link rel=\"canonical\" href=\"https:\/\/svetslik.si\/en\/vasilij-kandinski-en\/lyrically\/\" \/>\n<meta property=\"og:locale\" content=\"en_US\" \/>\n<meta property=\"og:type\" content=\"article\" \/>\n<meta property=\"og:title\" content=\"Vasilij Kandinski - Lyrically\" \/>\n<meta property=\"og:description\" content=\"100% ro\u010dno naslikane slike na platnu, reprodukcije znanih slikarjev in umetni\u0161ke slike po naro\u010dilu.\" \/>\n<meta property=\"og:url\" content=\"https:\/\/svetslik.si\/en\/vasilij-kandinski-en\/lyrically\/\" \/>\n<meta property=\"og:site_name\" content=\"SVETSLIK.SI\" \/>\n<meta property=\"article:publisher\" content=\"https:\/\/www.facebook.com\/svetslik.si\" \/>\n<meta property=\"article:modified_time\" content=\"2026-03-22T18:28:53+00:00\" \/>\n<meta property=\"og:image\" content=\"https:\/\/svetslik.si\/wp-content\/uploads\/2021\/08\/image_Lyrically_680.jpg\" \/>\n\t<meta property=\"og:image:width\" content=\"1132\" \/>\n\t<meta property=\"og:image:height\" content=\"737\" \/>\n\t<meta property=\"og:image:type\" content=\"image\/jpeg\" \/>\n<meta name=\"twitter:card\" content=\"summary_large_image\" \/>\n<meta name=\"twitter:site\" content=\"@svetslik\" \/>\n<meta name=\"twitter:label1\" content=\"Availability\" \/>\n\t<meta name=\"twitter:data1\" content=\"On backorder\" \/>\n<script type=\"application\/ld+json\" class=\"yoast-schema-graph\">{\"@context\":\"https:\/\/schema.org\",\"@graph\":[{\"@type\":[\"WebPage\",\"ItemPage\"],\"@id\":\"https:\/\/svetslik.si\/en\/vasilij-kandinski-en\/lyrically\/\",\"url\":\"https:\/\/svetslik.si\/en\/vasilij-kandinski-en\/lyrically\/\",\"name\":\"Vasilij Kandinski - Lyrically - SVETSLIK.SI - 100% hand painted\",\"isPartOf\":{\"@id\":\"https:\/\/svetslik.si\/en\/#website\"},\"primaryImageOfPage\":{\"@id\":\"https:\/\/svetslik.si\/en\/vasilij-kandinski-en\/lyrically\/#primaryimage\"},\"image\":{\"@id\":\"https:\/\/svetslik.si\/en\/vasilij-kandinski-en\/lyrically\/#primaryimage\"},\"thumbnailUrl\":\"https:\/\/svetslik.si\/wp-content\/uploads\/2021\/08\/image_Lyrically_680.jpg\",\"datePublished\":\"2021-09-02T15:44:16+00:00\",\"dateModified\":\"2026-03-22T18:28:53+00:00\",\"description\":\"Vasilij Kandinski - Lyrically - 100% hand-painted reproduction of famous paintings by famous artists. Wall art, abstract paintings and custom painted paintings by order.\",\"breadcrumb\":{\"@id\":\"https:\/\/svetslik.si\/en\/vasilij-kandinski-en\/lyrically\/#breadcrumb\"},\"inLanguage\":\"en-US\",\"potentialAction\":[{\"@type\":\"ReadAction\",\"target\":[\"https:\/\/svetslik.si\/en\/vasilij-kandinski-en\/lyrically\/\"]}]},{\"@type\":\"ImageObject\",\"inLanguage\":\"en-US\",\"@id\":\"https:\/\/svetslik.si\/en\/vasilij-kandinski-en\/lyrically\/#primaryimage\",\"url\":\"https:\/\/svetslik.si\/wp-content\/uploads\/2021\/08\/image_Lyrically_680.jpg\",\"contentUrl\":\"https:\/\/svetslik.si\/wp-content\/uploads\/2021\/08\/image_Lyrically_680.jpg\",\"width\":1132,\"height\":737,\"caption\":\"Henri Matisse - Luxury, Calm and Pleasure - reproduction of famous painting by famous artist, hand painted painting on canvas, fauvism, figurative art\"},{\"@type\":\"BreadcrumbList\",\"@id\":\"https:\/\/svetslik.si\/en\/vasilij-kandinski-en\/lyrically\/#breadcrumb\",\"itemListElement\":[{\"@type\":\"ListItem\",\"position\":1,\"name\":\"Wall art and paintings on canvas\",\"item\":\"https:\/\/svetslik.si\/en\/\"},{\"@type\":\"ListItem\",\"position\":2,\"name\":\"Sale of paintings\",\"item\":\"https:\/\/svetslik.si\/prodaja-slik\/\"},{\"@type\":\"ListItem\",\"position\":3,\"name\":\"Vasilij Kandinski &#8211; Lyrically\"}]},{\"@type\":\"WebSite\",\"@id\":\"https:\/\/svetslik.si\/en\/#website\",\"url\":\"https:\/\/svetslik.si\/en\/\",\"name\":\"SVETSLIK.SI\",\"description\":\"100% ru\u010dno naslikane reprodukcije slika poznatih slikara in umjetni\u010dke zidne slike na platnu.\",\"publisher\":{\"@id\":\"https:\/\/svetslik.si\/en\/#organization\"},\"potentialAction\":[{\"@type\":\"SearchAction\",\"target\":{\"@type\":\"EntryPoint\",\"urlTemplate\":\"https:\/\/svetslik.si\/en\/?s={search_term_string}\"},\"query-input\":{\"@type\":\"PropertyValueSpecification\",\"valueRequired\":true,\"valueName\":\"search_term_string\"}}],\"inLanguage\":\"en-US\"},{\"@type\":\"Organization\",\"@id\":\"https:\/\/svetslik.si\/en\/#organization\",\"name\":\"SvetSlik.si\",\"url\":\"https:\/\/svetslik.si\/en\/\",\"logo\":{\"@type\":\"ImageObject\",\"inLanguage\":\"en-US\",\"@id\":\"https:\/\/svetslik.si\/en\/#\/schema\/logo\/image\/\",\"url\":\"https:\/\/svetslik.si\/wp-content\/uploads\/2020\/12\/logo-512.png\",\"contentUrl\":\"https:\/\/svetslik.si\/wp-content\/uploads\/2020\/12\/logo-512.png\",\"width\":512,\"height\":512,\"caption\":\"SvetSlik.si\"},\"image\":{\"@id\":\"https:\/\/svetslik.si\/en\/#\/schema\/logo\/image\/\"},\"sameAs\":[\"https:\/\/www.facebook.com\/svetslik.si\",\"https:\/\/x.com\/svetslik\",\"https:\/\/www.instagram.com\/svetslik.si\/\",\"https:\/\/www.linkedin.com\/company\/svetslik-si\"]}]}<\/script>\n<meta property=\"og:availability\" content=\"backorder\" \/>\n<meta property=\"product:availability\" content=\"available for order\" \/>\n<meta property=\"product:retailer_item_id\" content=\"98__\" \/>\n<meta property=\"product:condition\" content=\"new\" \/>\n<!-- \/ Yoast SEO Premium plugin. -->","yoast_head_json":{"title":"Vasilij Kandinski - Lyrically - SVETSLIK.SI - 100% hand painted","description":"Vasilij Kandinski - Lyrically - 100% hand-painted reproduction of famous paintings by famous artists. Wall art, abstract paintings and custom painted paintings by order.","robots":{"index":"index","follow":"follow","max-snippet":"max-snippet:-1","max-image-preview":"max-image-preview:large","max-video-preview":"max-video-preview:-1"},"canonical":"https:\/\/svetslik.si\/en\/vasilij-kandinski-en\/lyrically\/","og_locale":"en_US","og_type":"article","og_title":"Vasilij Kandinski - Lyrically","og_description":"100% ro\u010dno naslikane slike na platnu, reprodukcije znanih slikarjev in umetni\u0161ke slike po naro\u010dilu.","og_url":"https:\/\/svetslik.si\/en\/vasilij-kandinski-en\/lyrically\/","og_site_name":"SVETSLIK.SI","article_publisher":"https:\/\/www.facebook.com\/svetslik.si","article_modified_time":"2026-03-22T18:28:53+00:00","og_image":[{"width":1132,"height":737,"url":"https:\/\/svetslik.si\/wp-content\/uploads\/2021\/08\/image_Lyrically_680.jpg","type":"image\/jpeg"}],"twitter_card":"summary_large_image","twitter_site":"@svetslik","twitter_misc":{"Availability":"On backorder"},"schema":{"@context":"https:\/\/schema.org","@graph":[{"@type":["WebPage","ItemPage"],"@id":"https:\/\/svetslik.si\/en\/vasilij-kandinski-en\/lyrically\/","url":"https:\/\/svetslik.si\/en\/vasilij-kandinski-en\/lyrically\/","name":"Vasilij Kandinski - Lyrically - SVETSLIK.SI - 100% hand painted","isPartOf":{"@id":"https:\/\/svetslik.si\/en\/#website"},"primaryImageOfPage":{"@id":"https:\/\/svetslik.si\/en\/vasilij-kandinski-en\/lyrically\/#primaryimage"},"image":{"@id":"https:\/\/svetslik.si\/en\/vasilij-kandinski-en\/lyrically\/#primaryimage"},"thumbnailUrl":"https:\/\/svetslik.si\/wp-content\/uploads\/2021\/08\/image_Lyrically_680.jpg","datePublished":"2021-09-02T15:44:16+00:00","dateModified":"2026-03-22T18:28:53+00:00","description":"Vasilij Kandinski - Lyrically - 100% hand-painted reproduction of famous paintings by famous artists. Wall art, abstract paintings and custom painted paintings by order.","breadcrumb":{"@id":"https:\/\/svetslik.si\/en\/vasilij-kandinski-en\/lyrically\/#breadcrumb"},"inLanguage":"en-US","potentialAction":[{"@type":"ReadAction","target":["https:\/\/svetslik.si\/en\/vasilij-kandinski-en\/lyrically\/"]}]},{"@type":"ImageObject","inLanguage":"en-US","@id":"https:\/\/svetslik.si\/en\/vasilij-kandinski-en\/lyrically\/#primaryimage","url":"https:\/\/svetslik.si\/wp-content\/uploads\/2021\/08\/image_Lyrically_680.jpg","contentUrl":"https:\/\/svetslik.si\/wp-content\/uploads\/2021\/08\/image_Lyrically_680.jpg","width":1132,"height":737,"caption":"Henri Matisse - Luxury, Calm and Pleasure - reproduction of famous painting by famous artist, hand painted painting on canvas, fauvism, figurative art"},{"@type":"BreadcrumbList","@id":"https:\/\/svetslik.si\/en\/vasilij-kandinski-en\/lyrically\/#breadcrumb","itemListElement":[{"@type":"ListItem","position":1,"name":"Wall art and paintings on canvas","item":"https:\/\/svetslik.si\/en\/"},{"@type":"ListItem","position":2,"name":"Sale of paintings","item":"https:\/\/svetslik.si\/prodaja-slik\/"},{"@type":"ListItem","position":3,"name":"Vasilij Kandinski &#8211; Lyrically"}]},{"@type":"WebSite","@id":"https:\/\/svetslik.si\/en\/#website","url":"https:\/\/svetslik.si\/en\/","name":"SVETSLIK.SI","description":"100% ru\u010dno naslikane reprodukcije slika poznatih slikara in umjetni\u010dke zidne slike na platnu.","publisher":{"@id":"https:\/\/svetslik.si\/en\/#organization"},"potentialAction":[{"@type":"SearchAction","target":{"@type":"EntryPoint","urlTemplate":"https:\/\/svetslik.si\/en\/?s={search_term_string}"},"query-input":{"@type":"PropertyValueSpecification","valueRequired":true,"valueName":"search_term_string"}}],"inLanguage":"en-US"},{"@type":"Organization","@id":"https:\/\/svetslik.si\/en\/#organization","name":"SvetSlik.si","url":"https:\/\/svetslik.si\/en\/","logo":{"@type":"ImageObject","inLanguage":"en-US","@id":"https:\/\/svetslik.si\/en\/#\/schema\/logo\/image\/","url":"https:\/\/svetslik.si\/wp-content\/uploads\/2020\/12\/logo-512.png","contentUrl":"https:\/\/svetslik.si\/wp-content\/uploads\/2020\/12\/logo-512.png","width":512,"height":512,"caption":"SvetSlik.si"},"image":{"@id":"https:\/\/svetslik.si\/en\/#\/schema\/logo\/image\/"},"sameAs":["https:\/\/www.facebook.com\/svetslik.si","https:\/\/x.com\/svetslik","https:\/\/www.instagram.com\/svetslik.si\/","https:\/\/www.linkedin.com\/company\/svetslik-si"]}]},"og_availability":"backorder","product_availability":"available for order","product_retailer_item_id":"98__","product_condition":"new"},"jetpack_sharing_enabled":true,"_links":{"self":[{"href":"https:\/\/svetslik.si\/en\/wp-json\/wp\/v2\/product\/81664","targetHints":{"allow":["GET"]}}],"collection":[{"href":"https:\/\/svetslik.si\/en\/wp-json\/wp\/v2\/product"}],"about":[{"href":"https:\/\/svetslik.si\/en\/wp-json\/wp\/v2\/types\/product"}],"wp:featuredmedia":[{"embeddable":true,"href":"https:\/\/svetslik.si\/en\/wp-json\/wp\/v2\/media\/78870"}],"wp:attachment":[{"href":"https:\/\/svetslik.si\/en\/wp-json\/wp\/v2\/media?parent=81664"}],"wp:term":[{"taxonomy":"product_brand","embeddable":true,"href":"https:\/\/svetslik.si\/en\/wp-json\/wp\/v2\/product_brand?post=81664"},{"taxonomy":"product_cat","embeddable":true,"href":"https:\/\/svetslik.si\/en\/wp-json\/wp\/v2\/product_cat?post=81664"},{"taxonomy":"product_tag","embeddable":true,"href":"https:\/\/svetslik.si\/en\/wp-json\/wp\/v2\/product_tag?post=81664"}],"curies":[{"name":"wp","href":"https:\/\/api.w.org\/{rel}","templated":true}]}}