{"id":81904,"date":"2021-09-02T17:45:32","date_gmt":"2021-09-02T15:45:32","guid":{"rendered":"https:\/\/svetslik.si\/uncategorized\/temptation-of-st-anthony\/"},"modified":"2026-03-22T19:33:22","modified_gmt":"2026-03-22T18:33:22","slug":"temptation-of-st-anthony","status":"publish","type":"product","link":"https:\/\/svetslik.si\/en\/salvador-dali-en\/temptation-of-st-anthony\/","title":{"rendered":"Salvador Dali &#8211; Temptation of St.Anthony"},"content":{"rendered":"<h1>Salvador Dali &#8211; Temptation of St. Anthony<\/h1>\n<p>&nbsp;<\/p>\n<table style=\"width: 673px\" border=\"0\" width=\"673\" cellspacing=\"0\" cellpadding=\"0\">\n<tbody>\n<tr>\n<td style=\"width: 180px;height: 21px\" height=\"21\">Year of Creation:<\/td>\n<td style=\"width: 493px\">1946<\/td>\n<\/tr>\n<tr>\n<td style=\"width: 180px;height: 21px\" height=\"21\">Original size:<\/td>\n<td style=\"width: 493px\">119.5 cm x 89.7 cm<\/td>\n<\/tr>\n<tr>\n<td style=\"width: 180px;height: 21px\" height=\"21\">Paint style:<\/td>\n<td>\n<div>\n<div>\n<div>\n<div>\n<div>\n<p>Surrealism<\/p>\n<\/div>\n<\/div>\n<\/div>\n<\/div>\n<\/div>\n<\/td>\n<\/tr>\n<tr>\n<td style=\"width: 180px;height: 21px\" height=\"21\">Original technique:<\/td>\n<td>Oil on canvas<\/td>\n<\/tr>\n<tr>\n<td style=\"width: 180px;height: 21px\" height=\"21\">Located:<\/td>\n<td>Mus\u00e9e Royaux des Beaux-Arts, Brussels<\/td>\n<\/tr>\n<\/tbody>\n<colgroup>\n<col \/>\n<col \/> <\/colgroup>\n<\/table>\n<p>&nbsp;<\/p>\n<p>The Temptation of Saint Anthony by Salvador Dali is a surrealist masterpiece that showcases the artist&#8217;s unique and mysterious style. The painting depicts Saint Anthony, a Christian ascetic, in a desert setting, surrounded by various bizarre and fantastical elements. Both Dal\u00ed&#8217;s use of symbolism and his exploration of the subconscious can be seen in this painting.<\/p>\n<p>The painting depicts a scene from the life of Saint Anthony, who is said to be tempted by various demons in the desert. Dali uses this narrative as a starting point, then adds his own unique interpretation of the story. The elements in the painting should not be taken literally, but as symbols of the subconscious.<\/p>\n<p>One of the most striking elements in the painting is an elephant with long spindly legs reflected in the water in the foreground. The elephant is a recurring symbol in Dal\u00ed&#8217;s work, and in this painting it represents the power of the subconscious mind. The distorted reflection of the elephant in the water symbolizes how the subconscious mind can distort our thoughts and memories.<\/p>\n<p>Other elements in the painting, such as the skull, ants and fish, also have symbolic meaning. The skull represents death and the finality of life, while the ants represent the insignificance of an individual&#8217;s life in the grand scheme of things. The fish, on the other hand, represents the unpredictable and chaotic nature of the subconscious mind.<\/p>\n<p>In general, Salvador Dali&#8217;s painting &#8220;The Temptation of Saint Anthony&#8221; is full of symbolism and meaning. The painting shows Dal\u00ed&#8217;s mastery of the surrealist style and is still a source of inspiration for many artists and art lovers today. To learn more about this painting, you can visit the Salvador Dali Museum in St. Petersburg, Florida, which has one of the largest collections of Dali&#8217;s works. There are also many books and online resources available that offer a more detailed analysis of the image and its symbolism.<\/p>\n","protected":false},"excerpt":{"rendered":"<p>Salvador Dali &#8211; Temptation of St. Anthony &nbsp; Year of Creation: 1946 Original size: 119.5 cm x 89.7 cm Paint style: Surrealism Original technique: Oil on canvas Located: Mus\u00e9e Royaux des Beaux-Arts, Brussels &nbsp; The Temptation of Saint Anthony by Salvador Dali is a surrealist masterpiece that showcases the artist&#8217;s [&hellip;]<\/p>\n","protected":false},"featured_media":79217,"template":"","meta":{"_acf_changed":false},"product_brand":[],"product_cat":[9799],"product_tag":[9830,9870,9862,9863,9868],"class_list":{"0":"post-81904","1":"product","2":"type-product","3":"status-publish","4":"has-post-thumbnail","6":"product_cat-salvador-dali-en","7":"product_tag-dali-en","8":"product_tag-painter","9":"product_tag-reproduction-en","10":"product_tag-reproductions","11":"product_tag-salvador-dali-en","12":"pa_dimenzija-120-x-90-cm-en","13":"pa_dimenzija-40-x-30-cm-en","14":"pa_dimenzija-50-x-40-cm-en","15":"pa_dimenzija-60-x-50-cm-en","16":"pa_dimenzija-70-x-50-cm-en","17":"pa_dimenzija-80-x-60-cm-en","18":"pa_dimenzija-90-x-70-cm-en","19":"pa_oblika-horizontal","20":"pa_okvir-without-frame","21":"pa_podokvir-without","22":"pa_podokvir-yes","24":"first","25":"onbackorder","26":"purchasable","27":"product-type-variable","28":"has-default-attributes"},"acf":[],"yoast_head":"<!-- This site is optimized with the Yoast SEO Premium plugin v26.0 (Yoast SEO v27.2) - https:\/\/yoast.com\/product\/yoast-seo-premium-wordpress\/ -->\n<title>Salvador Dali - Temptation of St.Anthony - SVETSLIK.SI - 100% hand painted<\/title>\n<meta name=\"description\" content=\"Salvador Dali - Temptation of St.Anthony - 100% hand-painted reproduction of famous paintings by famous artists. Wall art, abstract paintings and custom painted paintings by order.\" \/>\n<meta name=\"robots\" content=\"index, follow, max-snippet:-1, max-image-preview:large, max-video-preview:-1\" \/>\n<link rel=\"canonical\" href=\"https:\/\/svetslik.si\/en\/salvador-dali-en\/temptation-of-st-anthony\/\" \/>\n<meta property=\"og:locale\" content=\"en_US\" \/>\n<meta property=\"og:type\" content=\"article\" \/>\n<meta property=\"og:title\" content=\"Salvador Dali - Temptation of St.Anthony\" \/>\n<meta property=\"og:description\" content=\"100% ro\u010dno naslikane slike na platnu, reprodukcije znanih slikarjev in umetni\u0161ke slike po naro\u010dilu.\" \/>\n<meta property=\"og:url\" content=\"https:\/\/svetslik.si\/en\/salvador-dali-en\/temptation-of-st-anthony\/\" \/>\n<meta property=\"og:site_name\" content=\"SVETSLIK.SI\" \/>\n<meta property=\"article:publisher\" content=\"https:\/\/www.facebook.com\/svetslik.si\" \/>\n<meta property=\"article:modified_time\" content=\"2026-03-22T18:33:22+00:00\" \/>\n<meta property=\"og:image\" content=\"https:\/\/svetslik.si\/wp-content\/uploads\/2021\/08\/image_Studija-slike-Salvador-Dali-Temptation-of-StAnthony_680.jpg\" \/>\n\t<meta property=\"og:image:width\" content=\"680\" \/>\n\t<meta property=\"og:image:height\" content=\"508\" \/>\n\t<meta property=\"og:image:type\" content=\"image\/jpeg\" \/>\n<meta name=\"twitter:card\" content=\"summary_large_image\" \/>\n<meta name=\"twitter:site\" content=\"@svetslik\" \/>\n<meta name=\"twitter:label1\" content=\"Availability\" \/>\n\t<meta name=\"twitter:data1\" content=\"On backorder\" \/>\n<script type=\"application\/ld+json\" class=\"yoast-schema-graph\">{\"@context\":\"https:\/\/schema.org\",\"@graph\":[{\"@type\":[\"WebPage\",\"ItemPage\"],\"@id\":\"https:\/\/svetslik.si\/en\/salvador-dali-en\/temptation-of-st-anthony\/\",\"url\":\"https:\/\/svetslik.si\/en\/salvador-dali-en\/temptation-of-st-anthony\/\",\"name\":\"Salvador Dali - Temptation of St.Anthony - SVETSLIK.SI - 100% hand painted\",\"isPartOf\":{\"@id\":\"https:\/\/svetslik.si\/en\/#website\"},\"primaryImageOfPage\":{\"@id\":\"https:\/\/svetslik.si\/en\/salvador-dali-en\/temptation-of-st-anthony\/#primaryimage\"},\"image\":{\"@id\":\"https:\/\/svetslik.si\/en\/salvador-dali-en\/temptation-of-st-anthony\/#primaryimage\"},\"thumbnailUrl\":\"https:\/\/svetslik.si\/wp-content\/uploads\/2021\/08\/image_Studija-slike-Salvador-Dali-Temptation-of-StAnthony_680.jpg\",\"datePublished\":\"2021-09-02T15:45:32+00:00\",\"dateModified\":\"2026-03-22T18:33:22+00:00\",\"description\":\"Salvador Dali - Temptation of St.Anthony - 100% hand-painted reproduction of famous paintings by famous artists. Wall art, abstract paintings and custom painted paintings by order.\",\"breadcrumb\":{\"@id\":\"https:\/\/svetslik.si\/en\/salvador-dali-en\/temptation-of-st-anthony\/#breadcrumb\"},\"inLanguage\":\"en-US\",\"potentialAction\":[{\"@type\":\"ReadAction\",\"target\":[\"https:\/\/svetslik.si\/en\/salvador-dali-en\/temptation-of-st-anthony\/\"]}]},{\"@type\":\"ImageObject\",\"inLanguage\":\"en-US\",\"@id\":\"https:\/\/svetslik.si\/en\/salvador-dali-en\/temptation-of-st-anthony\/#primaryimage\",\"url\":\"https:\/\/svetslik.si\/wp-content\/uploads\/2021\/08\/image_Studija-slike-Salvador-Dali-Temptation-of-StAnthony_680.jpg\",\"contentUrl\":\"https:\/\/svetslik.si\/wp-content\/uploads\/2021\/08\/image_Studija-slike-Salvador-Dali-Temptation-of-StAnthony_680.jpg\",\"width\":680,\"height\":508,\"caption\":\"Salvador Dali - Temptation of St. Anthony - reproduction of famous painting by famous artist, hand painted painting on canvas\"},{\"@type\":\"BreadcrumbList\",\"@id\":\"https:\/\/svetslik.si\/en\/salvador-dali-en\/temptation-of-st-anthony\/#breadcrumb\",\"itemListElement\":[{\"@type\":\"ListItem\",\"position\":1,\"name\":\"Wall art and paintings on canvas\",\"item\":\"https:\/\/svetslik.si\/en\/\"},{\"@type\":\"ListItem\",\"position\":2,\"name\":\"Sale of paintings\",\"item\":\"https:\/\/svetslik.si\/prodaja-slik\/\"},{\"@type\":\"ListItem\",\"position\":3,\"name\":\"Salvador Dali &#8211; Temptation of St.Anthony\"}]},{\"@type\":\"WebSite\",\"@id\":\"https:\/\/svetslik.si\/en\/#website\",\"url\":\"https:\/\/svetslik.si\/en\/\",\"name\":\"SVETSLIK.SI\",\"description\":\"100% ru\u010dno naslikane reprodukcije slika poznatih slikara in umjetni\u010dke zidne slike na platnu.\",\"publisher\":{\"@id\":\"https:\/\/svetslik.si\/en\/#organization\"},\"potentialAction\":[{\"@type\":\"SearchAction\",\"target\":{\"@type\":\"EntryPoint\",\"urlTemplate\":\"https:\/\/svetslik.si\/en\/?s={search_term_string}\"},\"query-input\":{\"@type\":\"PropertyValueSpecification\",\"valueRequired\":true,\"valueName\":\"search_term_string\"}}],\"inLanguage\":\"en-US\"},{\"@type\":\"Organization\",\"@id\":\"https:\/\/svetslik.si\/en\/#organization\",\"name\":\"SvetSlik.si\",\"url\":\"https:\/\/svetslik.si\/en\/\",\"logo\":{\"@type\":\"ImageObject\",\"inLanguage\":\"en-US\",\"@id\":\"https:\/\/svetslik.si\/en\/#\/schema\/logo\/image\/\",\"url\":\"https:\/\/svetslik.si\/wp-content\/uploads\/2020\/12\/logo-512.png\",\"contentUrl\":\"https:\/\/svetslik.si\/wp-content\/uploads\/2020\/12\/logo-512.png\",\"width\":512,\"height\":512,\"caption\":\"SvetSlik.si\"},\"image\":{\"@id\":\"https:\/\/svetslik.si\/en\/#\/schema\/logo\/image\/\"},\"sameAs\":[\"https:\/\/www.facebook.com\/svetslik.si\",\"https:\/\/x.com\/svetslik\",\"https:\/\/www.instagram.com\/svetslik.si\/\",\"https:\/\/www.linkedin.com\/company\/svetslik-si\"]}]}<\/script>\n<meta property=\"og:availability\" content=\"backorder\" \/>\n<meta property=\"product:availability\" content=\"available for order\" \/>\n<meta property=\"product:retailer_item_id\" content=\"127__\" \/>\n<meta property=\"product:condition\" content=\"new\" \/>\n<!-- \/ Yoast SEO Premium plugin. -->","yoast_head_json":{"title":"Salvador Dali - Temptation of St.Anthony - SVETSLIK.SI - 100% hand painted","description":"Salvador Dali - Temptation of St.Anthony - 100% hand-painted reproduction of famous paintings by famous artists. Wall art, abstract paintings and custom painted paintings by order.","robots":{"index":"index","follow":"follow","max-snippet":"max-snippet:-1","max-image-preview":"max-image-preview:large","max-video-preview":"max-video-preview:-1"},"canonical":"https:\/\/svetslik.si\/en\/salvador-dali-en\/temptation-of-st-anthony\/","og_locale":"en_US","og_type":"article","og_title":"Salvador Dali - Temptation of St.Anthony","og_description":"100% ro\u010dno naslikane slike na platnu, reprodukcije znanih slikarjev in umetni\u0161ke slike po naro\u010dilu.","og_url":"https:\/\/svetslik.si\/en\/salvador-dali-en\/temptation-of-st-anthony\/","og_site_name":"SVETSLIK.SI","article_publisher":"https:\/\/www.facebook.com\/svetslik.si","article_modified_time":"2026-03-22T18:33:22+00:00","og_image":[{"width":680,"height":508,"url":"https:\/\/svetslik.si\/wp-content\/uploads\/2021\/08\/image_Studija-slike-Salvador-Dali-Temptation-of-StAnthony_680.jpg","type":"image\/jpeg"}],"twitter_card":"summary_large_image","twitter_site":"@svetslik","twitter_misc":{"Availability":"On backorder"},"schema":{"@context":"https:\/\/schema.org","@graph":[{"@type":["WebPage","ItemPage"],"@id":"https:\/\/svetslik.si\/en\/salvador-dali-en\/temptation-of-st-anthony\/","url":"https:\/\/svetslik.si\/en\/salvador-dali-en\/temptation-of-st-anthony\/","name":"Salvador Dali - Temptation of St.Anthony - SVETSLIK.SI - 100% hand painted","isPartOf":{"@id":"https:\/\/svetslik.si\/en\/#website"},"primaryImageOfPage":{"@id":"https:\/\/svetslik.si\/en\/salvador-dali-en\/temptation-of-st-anthony\/#primaryimage"},"image":{"@id":"https:\/\/svetslik.si\/en\/salvador-dali-en\/temptation-of-st-anthony\/#primaryimage"},"thumbnailUrl":"https:\/\/svetslik.si\/wp-content\/uploads\/2021\/08\/image_Studija-slike-Salvador-Dali-Temptation-of-StAnthony_680.jpg","datePublished":"2021-09-02T15:45:32+00:00","dateModified":"2026-03-22T18:33:22+00:00","description":"Salvador Dali - Temptation of St.Anthony - 100% hand-painted reproduction of famous paintings by famous artists. Wall art, abstract paintings and custom painted paintings by order.","breadcrumb":{"@id":"https:\/\/svetslik.si\/en\/salvador-dali-en\/temptation-of-st-anthony\/#breadcrumb"},"inLanguage":"en-US","potentialAction":[{"@type":"ReadAction","target":["https:\/\/svetslik.si\/en\/salvador-dali-en\/temptation-of-st-anthony\/"]}]},{"@type":"ImageObject","inLanguage":"en-US","@id":"https:\/\/svetslik.si\/en\/salvador-dali-en\/temptation-of-st-anthony\/#primaryimage","url":"https:\/\/svetslik.si\/wp-content\/uploads\/2021\/08\/image_Studija-slike-Salvador-Dali-Temptation-of-StAnthony_680.jpg","contentUrl":"https:\/\/svetslik.si\/wp-content\/uploads\/2021\/08\/image_Studija-slike-Salvador-Dali-Temptation-of-StAnthony_680.jpg","width":680,"height":508,"caption":"Salvador Dali - Temptation of St. Anthony - reproduction of famous painting by famous artist, hand painted painting on canvas"},{"@type":"BreadcrumbList","@id":"https:\/\/svetslik.si\/en\/salvador-dali-en\/temptation-of-st-anthony\/#breadcrumb","itemListElement":[{"@type":"ListItem","position":1,"name":"Wall art and paintings on canvas","item":"https:\/\/svetslik.si\/en\/"},{"@type":"ListItem","position":2,"name":"Sale of paintings","item":"https:\/\/svetslik.si\/prodaja-slik\/"},{"@type":"ListItem","position":3,"name":"Salvador Dali &#8211; Temptation of St.Anthony"}]},{"@type":"WebSite","@id":"https:\/\/svetslik.si\/en\/#website","url":"https:\/\/svetslik.si\/en\/","name":"SVETSLIK.SI","description":"100% ru\u010dno naslikane reprodukcije slika poznatih slikara in umjetni\u010dke zidne slike na platnu.","publisher":{"@id":"https:\/\/svetslik.si\/en\/#organization"},"potentialAction":[{"@type":"SearchAction","target":{"@type":"EntryPoint","urlTemplate":"https:\/\/svetslik.si\/en\/?s={search_term_string}"},"query-input":{"@type":"PropertyValueSpecification","valueRequired":true,"valueName":"search_term_string"}}],"inLanguage":"en-US"},{"@type":"Organization","@id":"https:\/\/svetslik.si\/en\/#organization","name":"SvetSlik.si","url":"https:\/\/svetslik.si\/en\/","logo":{"@type":"ImageObject","inLanguage":"en-US","@id":"https:\/\/svetslik.si\/en\/#\/schema\/logo\/image\/","url":"https:\/\/svetslik.si\/wp-content\/uploads\/2020\/12\/logo-512.png","contentUrl":"https:\/\/svetslik.si\/wp-content\/uploads\/2020\/12\/logo-512.png","width":512,"height":512,"caption":"SvetSlik.si"},"image":{"@id":"https:\/\/svetslik.si\/en\/#\/schema\/logo\/image\/"},"sameAs":["https:\/\/www.facebook.com\/svetslik.si","https:\/\/x.com\/svetslik","https:\/\/www.instagram.com\/svetslik.si\/","https:\/\/www.linkedin.com\/company\/svetslik-si"]}]},"og_availability":"backorder","product_availability":"available for order","product_retailer_item_id":"127__","product_condition":"new"},"jetpack_sharing_enabled":true,"_links":{"self":[{"href":"https:\/\/svetslik.si\/en\/wp-json\/wp\/v2\/product\/81904","targetHints":{"allow":["GET"]}}],"collection":[{"href":"https:\/\/svetslik.si\/en\/wp-json\/wp\/v2\/product"}],"about":[{"href":"https:\/\/svetslik.si\/en\/wp-json\/wp\/v2\/types\/product"}],"wp:featuredmedia":[{"embeddable":true,"href":"https:\/\/svetslik.si\/en\/wp-json\/wp\/v2\/media\/79217"}],"wp:attachment":[{"href":"https:\/\/svetslik.si\/en\/wp-json\/wp\/v2\/media?parent=81904"}],"wp:term":[{"taxonomy":"product_brand","embeddable":true,"href":"https:\/\/svetslik.si\/en\/wp-json\/wp\/v2\/product_brand?post=81904"},{"taxonomy":"product_cat","embeddable":true,"href":"https:\/\/svetslik.si\/en\/wp-json\/wp\/v2\/product_cat?post=81904"},{"taxonomy":"product_tag","embeddable":true,"href":"https:\/\/svetslik.si\/en\/wp-json\/wp\/v2\/product_tag?post=81904"}],"curies":[{"name":"wp","href":"https:\/\/api.w.org\/{rel}","templated":true}]}}