{"id":81992,"date":"2021-09-02T17:46:07","date_gmt":"2021-09-02T15:46:07","guid":{"rendered":"https:\/\/svetslik.si\/uncategorized\/the-last-supper\/"},"modified":"2025-11-02T21:59:02","modified_gmt":"2025-11-02T20:59:02","slug":"the-last-supper","status":"publish","type":"product","link":"https:\/\/svetslik.si\/en\/leonardo-da-vinci-en\/the-last-supper\/","title":{"rendered":"Leonardo da Vinci &#8211; The Last Supper"},"content":{"rendered":"<div class=\"wpb-content-wrapper\">[vc_row][vc_column][vc_column_text css=&#8221;&#8221;]\n<p data-pm-slice=\"1 1 []\"><div class=\"yt-lazy-video ratio-square\" data-id=\"B9hfmKw-86w\"><\/div>\n[\/vc_column][\/vc_row][vc_row][vc_column][vc_column_text]\n<h1>The Last Supper &#8211; Leonardo da Vinci<\/h1>\n<p>&nbsp;<\/p>\n<table style=\"width: 673px;\" border=\"0\" width=\"673\" cellspacing=\"0\" cellpadding=\"0\">\n<tbody>\n<tr>\n<td style=\"width: 180px; height: 21px;\" height=\"21\">Year of Creation:<\/td>\n<td style=\"width: 493px;\">approx 1500<\/td>\n<\/tr>\n<tr>\n<td style=\"width: 180px; height: 21px;\" height=\"21\">Original size:<\/td>\n<td style=\"width: 493px;\">794 cm x 418 cm<\/td>\n<\/tr>\n<tr>\n<td style=\"width: 180px; height: 21px;\" height=\"21\">Paint style:<\/td>\n<td style=\"width: 493px;\">High Renaissance<\/td>\n<\/tr>\n<tr>\n<td style=\"width: 180px; height: 21px;\" height=\"21\">Original technique:<\/td>\n<td>Oil on canvas<\/td>\n<\/tr>\n<tr>\n<td style=\"width: 180px; height: 21px;\" height=\"21\">Located:<\/td>\n<td>Da Vinci Museum, Tongerlo<\/td>\n<\/tr>\n<\/tbody>\n<colgroup>\n<col \/>\n<col \/> <\/colgroup>\n<\/table>\n<p>&nbsp;<\/p>\n<p>The depiction of<strong> the Last Supper <\/strong>in Christian art has been tackled by various painters<strong> for several centuries, <\/strong>however, the most famous fresco by <strong>Leonardo da Vinci <\/strong>from the late 1490s in Milan, Italy.<\/p>\n<p><strong>The Last Supper<\/strong> is, next to the <strong>Mona Lisa<\/strong>, the most famous painting by <strong>Leonardo da Vinci<\/strong>. It is a fresco of original size 460 \u00d7 880 cm. It can be found in the Dominican monastery next to the church of Santa Maria della Grazia in Milan.<\/p>\n<p>The painting\/fresco shows damage and paint loss, which is the result of Leonardo&#8217;s attempt to use newly developed colors for painting. <strong>Leonardo<\/strong> painted &#8220;The Last Supper&#8221; with a mixture of oil and tempera. The color combination is vapor barrier and the paint layer did not manage to sufficiently remove moisture from the wall. The result is the flaking of the bark, which is still visible and present today.<\/p>\n<p>The fresco is<strong> da Vinci<\/strong>&#8216;s important and often analyzed work from his Milan period. Contrary to the usual interpretation of the <strong>Last Supper<\/strong>, he chose the moment when <strong>Jesus<\/strong> informs his disciples that one of them will betray him.<\/p>\n<p>The group on the fresco is characterized and significant by the gestures of the participants and facial expressions that have never been depicted in this form before.<\/p>\n<p>Although <strong>Leonardo<\/strong> divided the apostles into four clear groups of three people each, and in this way created an effect of non-compulsion, they remained connected as a whole by different gestures.<\/p>\n<p>The viewer of the fresco can feel the tension within the group, in the middle of which is only <strong>Christ<\/strong>, balance the situation and offer a solution.<\/p>\n<p>The Last Supper fresco greatly influenced the development and creation of Christianity. The mass as we know it today was formed from the rites that followed the depiction of socializing at dinner in the painting.<\/p>\n<p>The painting has also inspired other painters throughout history, who interpreted it in their own way, but remained faithful to its original idea.<\/p>\n<\/div>","protected":false},"excerpt":{"rendered":"<p>[vc_row][vc_column][vc_column_text css=&#8221;&#8221;] [\/vc_column][\/vc_row][vc_row][vc_column][vc_column_text] The Last Supper &#8211; Leonardo da Vinci &nbsp; Year of Creation: approx 1500 Original size: 794 cm x 418 cm Paint style: High Renaissance Original technique: Oil on canvas Located: Da Vinci Museum, Tongerlo &nbsp; The depiction of the Last Supper in Christian art has been tackled [&hellip;]<\/p>\n","protected":false},"featured_media":79956,"template":"","meta":{"_acf_changed":false},"product_brand":[],"product_cat":[9810,9821],"product_tag":[9831,9870,9862,9863],"class_list":{"0":"post-81992","1":"product","2":"type-product","3":"status-publish","4":"has-post-thumbnail","6":"product_cat-leonardo-da-vinci-en","7":"product_cat-religious-paintings","8":"product_tag-da-vinci-en","9":"product_tag-painter","10":"product_tag-reproduction-en","11":"product_tag-reproductions","12":"pa_dimenzija-100-x-50-cm-en","13":"pa_dimenzija-120-x-60-cm-en","14":"pa_dimenzija-140-x-70-cm-en","15":"pa_dimenzija-160-x-80-cm-en","16":"pa_dimenzija-200-x-100-cm-en","17":"pa_dimenzija-250-x-130-cm-en","18":"pa_dimenzija-300-x-160-cm-en","19":"pa_dimenzija-350-x-180-cm-en","20":"pa_dimenzija-400-x-210-cm-en","21":"pa_oblika-horizontal","22":"pa_okvir-without-frame","23":"pa_podokvir-without","24":"pa_podokvir-yes","26":"first","27":"onbackorder","28":"purchasable","29":"product-type-variable","30":"has-default-attributes"},"acf":[],"yoast_head":"<!-- This site is optimized with the Yoast SEO Premium plugin v26.0 (Yoast SEO v27.2) - https:\/\/yoast.com\/product\/yoast-seo-premium-wordpress\/ -->\n<title>Leonardo da Vinci - The Last Supper - SVETSLIK.SI - 100% hand painted<\/title>\n<meta name=\"description\" content=\"Leonardo da Vinci - The Last Supper - 100% hand-painted reproduction of famous paintings by famous artists. Wall art, abstract paintings and custom painted paintings by order.\" \/>\n<meta name=\"robots\" content=\"index, follow, max-snippet:-1, max-image-preview:large, max-video-preview:-1\" \/>\n<link rel=\"canonical\" href=\"https:\/\/svetslik.si\/en\/leonardo-da-vinci-en\/the-last-supper\/\" \/>\n<meta property=\"og:locale\" content=\"en_US\" \/>\n<meta property=\"og:type\" content=\"article\" \/>\n<meta property=\"og:title\" content=\"Leonardo da Vinci - The Last Supper\" \/>\n<meta property=\"og:description\" content=\"100% ro\u010dno naslikane slike na platnu, reprodukcije znanih slikarjev in umetni\u0161ke slike po naro\u010dilu.\" \/>\n<meta property=\"og:url\" content=\"https:\/\/svetslik.si\/en\/leonardo-da-vinci-en\/the-last-supper\/\" \/>\n<meta property=\"og:site_name\" content=\"SVETSLIK.SI\" \/>\n<meta property=\"article:publisher\" content=\"https:\/\/www.facebook.com\/svetslik.si\" \/>\n<meta property=\"article:modified_time\" content=\"2025-11-02T20:59:02+00:00\" \/>\n<meta property=\"og:image\" content=\"https:\/\/svetslik.si\/wp-content\/uploads\/2021\/09\/zadnja-vecerja-The_Last_Supper_-_Leonardo_Da_Vinci_-_High_Resolution_32x16.jpg\" \/>\n\t<meta property=\"og:image:width\" content=\"1000\" \/>\n\t<meta property=\"og:image:height\" content=\"500\" \/>\n\t<meta property=\"og:image:type\" content=\"image\/jpeg\" \/>\n<meta name=\"twitter:card\" content=\"summary_large_image\" \/>\n<meta name=\"twitter:site\" content=\"@svetslik\" \/>\n<meta name=\"twitter:label1\" content=\"Availability\" \/>\n\t<meta name=\"twitter:data1\" content=\"On backorder\" \/>\n<script type=\"application\/ld+json\" class=\"yoast-schema-graph\">{\"@context\":\"https:\/\/schema.org\",\"@graph\":[{\"@type\":[\"WebPage\",\"ItemPage\"],\"@id\":\"https:\/\/svetslik.si\/en\/leonardo-da-vinci-en\/the-last-supper\/\",\"url\":\"https:\/\/svetslik.si\/en\/leonardo-da-vinci-en\/the-last-supper\/\",\"name\":\"Leonardo da Vinci - The Last Supper - SVETSLIK.SI - 100% hand painted\",\"isPartOf\":{\"@id\":\"https:\/\/svetslik.si\/en\/#website\"},\"primaryImageOfPage\":{\"@id\":\"https:\/\/svetslik.si\/en\/leonardo-da-vinci-en\/the-last-supper\/#primaryimage\"},\"image\":{\"@id\":\"https:\/\/svetslik.si\/en\/leonardo-da-vinci-en\/the-last-supper\/#primaryimage\"},\"thumbnailUrl\":\"https:\/\/svetslik.si\/wp-content\/uploads\/2021\/09\/zadnja-vecerja-The_Last_Supper_-_Leonardo_Da_Vinci_-_High_Resolution_32x16.jpg\",\"datePublished\":\"2021-09-02T15:46:07+00:00\",\"dateModified\":\"2025-11-02T20:59:02+00:00\",\"description\":\"Leonardo da Vinci - The Last Supper - 100% hand-painted reproduction of famous paintings by famous artists. Wall art, abstract paintings and custom painted paintings by order.\",\"breadcrumb\":{\"@id\":\"https:\/\/svetslik.si\/en\/leonardo-da-vinci-en\/the-last-supper\/#breadcrumb\"},\"inLanguage\":\"en-US\",\"potentialAction\":[{\"@type\":\"ReadAction\",\"target\":[\"https:\/\/svetslik.si\/en\/leonardo-da-vinci-en\/the-last-supper\/\"]}]},{\"@type\":\"ImageObject\",\"inLanguage\":\"en-US\",\"@id\":\"https:\/\/svetslik.si\/en\/leonardo-da-vinci-en\/the-last-supper\/#primaryimage\",\"url\":\"https:\/\/svetslik.si\/wp-content\/uploads\/2021\/09\/zadnja-vecerja-The_Last_Supper_-_Leonardo_Da_Vinci_-_High_Resolution_32x16.jpg\",\"contentUrl\":\"https:\/\/svetslik.si\/wp-content\/uploads\/2021\/09\/zadnja-vecerja-The_Last_Supper_-_Leonardo_Da_Vinci_-_High_Resolution_32x16.jpg\",\"width\":1000,\"height\":500,\"caption\":\"Leonardo da Vinci - The Last Supper - Reproduction of Famous Painting by Famous Artist - Painting on Canvas\"},{\"@type\":\"BreadcrumbList\",\"@id\":\"https:\/\/svetslik.si\/en\/leonardo-da-vinci-en\/the-last-supper\/#breadcrumb\",\"itemListElement\":[{\"@type\":\"ListItem\",\"position\":1,\"name\":\"Wall art and paintings on canvas\",\"item\":\"https:\/\/svetslik.si\/en\/\"},{\"@type\":\"ListItem\",\"position\":2,\"name\":\"Sale of paintings\",\"item\":\"https:\/\/svetslik.si\/prodaja-slik\/\"},{\"@type\":\"ListItem\",\"position\":3,\"name\":\"Leonardo da Vinci &#8211; The Last Supper\"}]},{\"@type\":\"WebSite\",\"@id\":\"https:\/\/svetslik.si\/en\/#website\",\"url\":\"https:\/\/svetslik.si\/en\/\",\"name\":\"SVETSLIK.SI\",\"description\":\"100% ru\u010dno naslikane reprodukcije slika poznatih slikara in umjetni\u010dke zidne slike na platnu.\",\"publisher\":{\"@id\":\"https:\/\/svetslik.si\/en\/#organization\"},\"potentialAction\":[{\"@type\":\"SearchAction\",\"target\":{\"@type\":\"EntryPoint\",\"urlTemplate\":\"https:\/\/svetslik.si\/en\/?s={search_term_string}\"},\"query-input\":{\"@type\":\"PropertyValueSpecification\",\"valueRequired\":true,\"valueName\":\"search_term_string\"}}],\"inLanguage\":\"en-US\"},{\"@type\":\"Organization\",\"@id\":\"https:\/\/svetslik.si\/en\/#organization\",\"name\":\"SvetSlik.si\",\"url\":\"https:\/\/svetslik.si\/en\/\",\"logo\":{\"@type\":\"ImageObject\",\"inLanguage\":\"en-US\",\"@id\":\"https:\/\/svetslik.si\/en\/#\/schema\/logo\/image\/\",\"url\":\"https:\/\/svetslik.si\/wp-content\/uploads\/2020\/12\/logo-512.png\",\"contentUrl\":\"https:\/\/svetslik.si\/wp-content\/uploads\/2020\/12\/logo-512.png\",\"width\":512,\"height\":512,\"caption\":\"SvetSlik.si\"},\"image\":{\"@id\":\"https:\/\/svetslik.si\/en\/#\/schema\/logo\/image\/\"},\"sameAs\":[\"https:\/\/www.facebook.com\/svetslik.si\",\"https:\/\/x.com\/svetslik\",\"https:\/\/www.instagram.com\/svetslik.si\/\",\"https:\/\/www.linkedin.com\/company\/svetslik-si\"]}]}<\/script>\n<meta property=\"og:availability\" content=\"backorder\" \/>\n<meta property=\"product:availability\" content=\"available for order\" \/>\n<meta property=\"product:retailer_item_id\" content=\"138__\" \/>\n<meta property=\"product:condition\" content=\"new\" \/>\n<!-- \/ Yoast SEO Premium plugin. -->","yoast_head_json":{"title":"Leonardo da Vinci - The Last Supper - SVETSLIK.SI - 100% hand painted","description":"Leonardo da Vinci - The Last Supper - 100% hand-painted reproduction of famous paintings by famous artists. Wall art, abstract paintings and custom painted paintings by order.","robots":{"index":"index","follow":"follow","max-snippet":"max-snippet:-1","max-image-preview":"max-image-preview:large","max-video-preview":"max-video-preview:-1"},"canonical":"https:\/\/svetslik.si\/en\/leonardo-da-vinci-en\/the-last-supper\/","og_locale":"en_US","og_type":"article","og_title":"Leonardo da Vinci - The Last Supper","og_description":"100% ro\u010dno naslikane slike na platnu, reprodukcije znanih slikarjev in umetni\u0161ke slike po naro\u010dilu.","og_url":"https:\/\/svetslik.si\/en\/leonardo-da-vinci-en\/the-last-supper\/","og_site_name":"SVETSLIK.SI","article_publisher":"https:\/\/www.facebook.com\/svetslik.si","article_modified_time":"2025-11-02T20:59:02+00:00","og_image":[{"width":1000,"height":500,"url":"https:\/\/svetslik.si\/wp-content\/uploads\/2021\/09\/zadnja-vecerja-The_Last_Supper_-_Leonardo_Da_Vinci_-_High_Resolution_32x16.jpg","type":"image\/jpeg"}],"twitter_card":"summary_large_image","twitter_site":"@svetslik","twitter_misc":{"Availability":"On backorder"},"schema":{"@context":"https:\/\/schema.org","@graph":[{"@type":["WebPage","ItemPage"],"@id":"https:\/\/svetslik.si\/en\/leonardo-da-vinci-en\/the-last-supper\/","url":"https:\/\/svetslik.si\/en\/leonardo-da-vinci-en\/the-last-supper\/","name":"Leonardo da Vinci - The Last Supper - SVETSLIK.SI - 100% hand painted","isPartOf":{"@id":"https:\/\/svetslik.si\/en\/#website"},"primaryImageOfPage":{"@id":"https:\/\/svetslik.si\/en\/leonardo-da-vinci-en\/the-last-supper\/#primaryimage"},"image":{"@id":"https:\/\/svetslik.si\/en\/leonardo-da-vinci-en\/the-last-supper\/#primaryimage"},"thumbnailUrl":"https:\/\/svetslik.si\/wp-content\/uploads\/2021\/09\/zadnja-vecerja-The_Last_Supper_-_Leonardo_Da_Vinci_-_High_Resolution_32x16.jpg","datePublished":"2021-09-02T15:46:07+00:00","dateModified":"2025-11-02T20:59:02+00:00","description":"Leonardo da Vinci - The Last Supper - 100% hand-painted reproduction of famous paintings by famous artists. Wall art, abstract paintings and custom painted paintings by order.","breadcrumb":{"@id":"https:\/\/svetslik.si\/en\/leonardo-da-vinci-en\/the-last-supper\/#breadcrumb"},"inLanguage":"en-US","potentialAction":[{"@type":"ReadAction","target":["https:\/\/svetslik.si\/en\/leonardo-da-vinci-en\/the-last-supper\/"]}]},{"@type":"ImageObject","inLanguage":"en-US","@id":"https:\/\/svetslik.si\/en\/leonardo-da-vinci-en\/the-last-supper\/#primaryimage","url":"https:\/\/svetslik.si\/wp-content\/uploads\/2021\/09\/zadnja-vecerja-The_Last_Supper_-_Leonardo_Da_Vinci_-_High_Resolution_32x16.jpg","contentUrl":"https:\/\/svetslik.si\/wp-content\/uploads\/2021\/09\/zadnja-vecerja-The_Last_Supper_-_Leonardo_Da_Vinci_-_High_Resolution_32x16.jpg","width":1000,"height":500,"caption":"Leonardo da Vinci - The Last Supper - Reproduction of Famous Painting by Famous Artist - Painting on Canvas"},{"@type":"BreadcrumbList","@id":"https:\/\/svetslik.si\/en\/leonardo-da-vinci-en\/the-last-supper\/#breadcrumb","itemListElement":[{"@type":"ListItem","position":1,"name":"Wall art and paintings on canvas","item":"https:\/\/svetslik.si\/en\/"},{"@type":"ListItem","position":2,"name":"Sale of paintings","item":"https:\/\/svetslik.si\/prodaja-slik\/"},{"@type":"ListItem","position":3,"name":"Leonardo da Vinci &#8211; The Last Supper"}]},{"@type":"WebSite","@id":"https:\/\/svetslik.si\/en\/#website","url":"https:\/\/svetslik.si\/en\/","name":"SVETSLIK.SI","description":"100% ru\u010dno naslikane reprodukcije slika poznatih slikara in umjetni\u010dke zidne slike na platnu.","publisher":{"@id":"https:\/\/svetslik.si\/en\/#organization"},"potentialAction":[{"@type":"SearchAction","target":{"@type":"EntryPoint","urlTemplate":"https:\/\/svetslik.si\/en\/?s={search_term_string}"},"query-input":{"@type":"PropertyValueSpecification","valueRequired":true,"valueName":"search_term_string"}}],"inLanguage":"en-US"},{"@type":"Organization","@id":"https:\/\/svetslik.si\/en\/#organization","name":"SvetSlik.si","url":"https:\/\/svetslik.si\/en\/","logo":{"@type":"ImageObject","inLanguage":"en-US","@id":"https:\/\/svetslik.si\/en\/#\/schema\/logo\/image\/","url":"https:\/\/svetslik.si\/wp-content\/uploads\/2020\/12\/logo-512.png","contentUrl":"https:\/\/svetslik.si\/wp-content\/uploads\/2020\/12\/logo-512.png","width":512,"height":512,"caption":"SvetSlik.si"},"image":{"@id":"https:\/\/svetslik.si\/en\/#\/schema\/logo\/image\/"},"sameAs":["https:\/\/www.facebook.com\/svetslik.si","https:\/\/x.com\/svetslik","https:\/\/www.instagram.com\/svetslik.si\/","https:\/\/www.linkedin.com\/company\/svetslik-si"]}]},"og_availability":"backorder","product_availability":"available for order","product_retailer_item_id":"138__","product_condition":"new"},"jetpack_sharing_enabled":true,"_links":{"self":[{"href":"https:\/\/svetslik.si\/en\/wp-json\/wp\/v2\/product\/81992","targetHints":{"allow":["GET"]}}],"collection":[{"href":"https:\/\/svetslik.si\/en\/wp-json\/wp\/v2\/product"}],"about":[{"href":"https:\/\/svetslik.si\/en\/wp-json\/wp\/v2\/types\/product"}],"wp:featuredmedia":[{"embeddable":true,"href":"https:\/\/svetslik.si\/en\/wp-json\/wp\/v2\/media\/79956"}],"wp:attachment":[{"href":"https:\/\/svetslik.si\/en\/wp-json\/wp\/v2\/media?parent=81992"}],"wp:term":[{"taxonomy":"product_brand","embeddable":true,"href":"https:\/\/svetslik.si\/en\/wp-json\/wp\/v2\/product_brand?post=81992"},{"taxonomy":"product_cat","embeddable":true,"href":"https:\/\/svetslik.si\/en\/wp-json\/wp\/v2\/product_cat?post=81992"},{"taxonomy":"product_tag","embeddable":true,"href":"https:\/\/svetslik.si\/en\/wp-json\/wp\/v2\/product_tag?post=81992"}],"curies":[{"name":"wp","href":"https:\/\/api.w.org\/{rel}","templated":true}]}}