{"id":82046,"date":"2021-09-02T17:46:29","date_gmt":"2021-09-02T15:46:29","guid":{"rendered":"https:\/\/svetslik.si\/uncategorized\/ballet-dancers-in-the-wings\/"},"modified":"2026-03-22T19:36:34","modified_gmt":"2026-03-22T18:36:34","slug":"ballet-dancers-in-the-wings","status":"publish","type":"product","link":"https:\/\/svetslik.si\/en\/edgar-degas-en\/ballet-dancers-in-the-wings\/","title":{"rendered":"Edgar Degas &#8211; Ballet Dancers in the Wings"},"content":{"rendered":"<h1>Edgar Degas &#8211; Ballet Dancers in the Wings<\/h1>\n<p>\n&nbsp;<\/p>\n<table border=\"0\" cellpadding=\"0\" cellspacing=\"0\" style=\"width: 619px\" width=\"619\">\n<tbody>\n<tr>\n<td height=\"21\" style=\"width: 180px;height: 21px\">Year of creation:<\/td>\n<td style=\"width: 439px\">1900<\/td>\n<\/tr>\n<tr>\n<td height=\"21\" style=\"width: 180px;height: 21px\">Original size:<\/td>\n<td style=\"width: 439px\">66 cm x 71 cm<\/td>\n<\/tr>\n<tr>\n<td height=\"21\" style=\"width: 180px;height: 21px\">Painting style:<\/td>\n<td style=\"width: 439px\">Impressionism<\/td>\n<\/tr>\n<tr>\n<td height=\"21\" style=\"width: 180px;height: 21px\">Original technique:<\/td>\n<td style=\"width: 439px\">Pastel on paper<\/td>\n<\/tr>\n<tr>\n<td height=\"21\" style=\"width: 180px;height: 21px\">Located:<\/td>\n<td style=\"width: 439px\">Art Museum, Saint Louis<\/td>\n<\/tr>\n<\/tbody>\n<colgroup><\/colgroup>\n<\/table>\n<p>&nbsp;<\/p>\n<div>Degas&#8217; paintings of ballet and ballerinas are among the greatest works of art of the century. The artist chose the study and illustration of movement as his mission, which is characteristically expressed in his paintings.<\/div>\n<div>&nbsp;<\/div>\n<div>The four girls in the pastel painting <em>Ballet Dancers in the Wings<\/em> are shown away from the spotlight and completely exhausted. Pink, lemon yellow and brilliant blue and green shades give the composition energy. The colors are not realistic, but part of Degas&#8217;s imagination. The composition of the image is unusual, as the girls are placed in two obvious groups, making the descending diagonal of the image composition apparent, descending from the upper left to the lower right of the image.<\/div>\n<div>&nbsp;<\/div>\n<div>&nbsp;<\/div>\n","protected":false},"excerpt":{"rendered":"<p>Edgar Degas &#8211; Ballet Dancers in the Wings &nbsp; Year of creation: 1900 Original size: 66 cm x 71 cm Painting style: Impressionism Original technique: Pastel on paper Located: Art Museum, Saint Louis &nbsp; Degas&#8217; paintings of ballet and ballerinas are among the greatest works of art of the century. [&hellip;]<\/p>\n","protected":false},"featured_media":78505,"template":"","meta":{"_acf_changed":false},"product_brand":[],"product_cat":[9804],"product_tag":[9832,9870,9862,9863],"class_list":{"0":"post-82046","1":"product","2":"type-product","3":"status-publish","4":"has-post-thumbnail","6":"product_cat-edgar-degas-en","7":"product_tag-degas-en","8":"product_tag-painter","9":"product_tag-reproduction-en","10":"product_tag-reproductions","11":"pa_dimenzija-120-x-130-cm-en","12":"pa_dimenzija-150-x-170-cm-en","13":"pa_dimenzija-50-x-60-cm-en","14":"pa_dimenzija-60-x-70-cm-en","15":"pa_dimenzija-70-x-80-cm-en","16":"pa_dimenzija-80-x-90-cm-en","17":"pa_dimenzija-90-x-100-cm-en","18":"pa_oblika-vertical","19":"pa_okvir-without-frame","20":"pa_podokvir-without","21":"pa_podokvir-yes","23":"first","24":"onbackorder","25":"purchasable","26":"product-type-variable","27":"has-default-attributes"},"acf":[],"yoast_head":"<!-- This site is optimized with the Yoast SEO Premium plugin v26.0 (Yoast SEO v27.2) - https:\/\/yoast.com\/product\/yoast-seo-premium-wordpress\/ -->\n<title>Edgar Degas - Ballet Dancers in the Wings - SVETSLIK.SI - 100% hand painted<\/title>\n<meta name=\"description\" content=\"Edgar Degas - Ballet Dancers in the Wings - 100% hand-painted reproduction of famous paintings by famous artists. Wall art, abstract paintings and custom painted paintings by order.\" \/>\n<meta name=\"robots\" content=\"index, follow, max-snippet:-1, max-image-preview:large, max-video-preview:-1\" \/>\n<link rel=\"canonical\" href=\"https:\/\/svetslik.si\/en\/edgar-degas-en\/ballet-dancers-in-the-wings\/\" \/>\n<meta property=\"og:locale\" content=\"en_US\" \/>\n<meta property=\"og:type\" content=\"article\" \/>\n<meta property=\"og:title\" content=\"Edgar Degas - Ballet Dancers in the Wings\" \/>\n<meta property=\"og:description\" content=\"100% ro\u010dno naslikane slike na platnu, reprodukcije znanih slikarjev in umetni\u0161ke slike po naro\u010dilu.\" \/>\n<meta property=\"og:url\" content=\"https:\/\/svetslik.si\/en\/edgar-degas-en\/ballet-dancers-in-the-wings\/\" \/>\n<meta property=\"og:site_name\" content=\"SVETSLIK.SI\" \/>\n<meta property=\"article:publisher\" content=\"https:\/\/www.facebook.com\/svetslik.si\" \/>\n<meta property=\"article:modified_time\" content=\"2026-03-22T18:36:34+00:00\" \/>\n<meta property=\"og:image\" content=\"https:\/\/svetslik.si\/wp-content\/uploads\/2021\/08\/image_Ballet-Dancers-in-the-Wings-Edgar-Degas_680.jpg\" \/>\n\t<meta property=\"og:image:width\" content=\"1514\" \/>\n\t<meta property=\"og:image:height\" content=\"1600\" \/>\n\t<meta property=\"og:image:type\" content=\"image\/jpeg\" \/>\n<meta name=\"twitter:card\" content=\"summary_large_image\" \/>\n<meta name=\"twitter:site\" content=\"@svetslik\" \/>\n<meta name=\"twitter:label1\" content=\"Availability\" \/>\n\t<meta name=\"twitter:data1\" content=\"On backorder\" \/>\n<script type=\"application\/ld+json\" class=\"yoast-schema-graph\">{\"@context\":\"https:\/\/schema.org\",\"@graph\":[{\"@type\":[\"WebPage\",\"ItemPage\"],\"@id\":\"https:\/\/svetslik.si\/en\/edgar-degas-en\/ballet-dancers-in-the-wings\/\",\"url\":\"https:\/\/svetslik.si\/en\/edgar-degas-en\/ballet-dancers-in-the-wings\/\",\"name\":\"Edgar Degas - Ballet Dancers in the Wings - SVETSLIK.SI - 100% hand painted\",\"isPartOf\":{\"@id\":\"https:\/\/svetslik.si\/en\/#website\"},\"primaryImageOfPage\":{\"@id\":\"https:\/\/svetslik.si\/en\/edgar-degas-en\/ballet-dancers-in-the-wings\/#primaryimage\"},\"image\":{\"@id\":\"https:\/\/svetslik.si\/en\/edgar-degas-en\/ballet-dancers-in-the-wings\/#primaryimage\"},\"thumbnailUrl\":\"https:\/\/svetslik.si\/wp-content\/uploads\/2021\/08\/image_Ballet-Dancers-in-the-Wings-Edgar-Degas_680.jpg\",\"datePublished\":\"2021-09-02T15:46:29+00:00\",\"dateModified\":\"2026-03-22T18:36:34+00:00\",\"description\":\"Edgar Degas - Ballet Dancers in the Wings - 100% hand-painted reproduction of famous paintings by famous artists. Wall art, abstract paintings and custom painted paintings by order.\",\"breadcrumb\":{\"@id\":\"https:\/\/svetslik.si\/en\/edgar-degas-en\/ballet-dancers-in-the-wings\/#breadcrumb\"},\"inLanguage\":\"en-US\",\"potentialAction\":[{\"@type\":\"ReadAction\",\"target\":[\"https:\/\/svetslik.si\/en\/edgar-degas-en\/ballet-dancers-in-the-wings\/\"]}]},{\"@type\":\"ImageObject\",\"inLanguage\":\"en-US\",\"@id\":\"https:\/\/svetslik.si\/en\/edgar-degas-en\/ballet-dancers-in-the-wings\/#primaryimage\",\"url\":\"https:\/\/svetslik.si\/wp-content\/uploads\/2021\/08\/image_Ballet-Dancers-in-the-Wings-Edgar-Degas_680.jpg\",\"contentUrl\":\"https:\/\/svetslik.si\/wp-content\/uploads\/2021\/08\/image_Ballet-Dancers-in-the-Wings-Edgar-Degas_680.jpg\",\"width\":1514,\"height\":1600,\"caption\":\"Edgar Degas - Ballet Dancers in the Wings - reproduction of famous painting by famous artist, hand painted painting on canvas - oil painting\"},{\"@type\":\"BreadcrumbList\",\"@id\":\"https:\/\/svetslik.si\/en\/edgar-degas-en\/ballet-dancers-in-the-wings\/#breadcrumb\",\"itemListElement\":[{\"@type\":\"ListItem\",\"position\":1,\"name\":\"Wall art and paintings on canvas\",\"item\":\"https:\/\/svetslik.si\/en\/\"},{\"@type\":\"ListItem\",\"position\":2,\"name\":\"Sale of paintings\",\"item\":\"https:\/\/svetslik.si\/prodaja-slik\/\"},{\"@type\":\"ListItem\",\"position\":3,\"name\":\"Edgar Degas &#8211; Ballet Dancers in the Wings\"}]},{\"@type\":\"WebSite\",\"@id\":\"https:\/\/svetslik.si\/en\/#website\",\"url\":\"https:\/\/svetslik.si\/en\/\",\"name\":\"SVETSLIK.SI\",\"description\":\"100% ru\u010dno naslikane reprodukcije slika poznatih slikara in umjetni\u010dke zidne slike na platnu.\",\"publisher\":{\"@id\":\"https:\/\/svetslik.si\/en\/#organization\"},\"potentialAction\":[{\"@type\":\"SearchAction\",\"target\":{\"@type\":\"EntryPoint\",\"urlTemplate\":\"https:\/\/svetslik.si\/en\/?s={search_term_string}\"},\"query-input\":{\"@type\":\"PropertyValueSpecification\",\"valueRequired\":true,\"valueName\":\"search_term_string\"}}],\"inLanguage\":\"en-US\"},{\"@type\":\"Organization\",\"@id\":\"https:\/\/svetslik.si\/en\/#organization\",\"name\":\"SvetSlik.si\",\"url\":\"https:\/\/svetslik.si\/en\/\",\"logo\":{\"@type\":\"ImageObject\",\"inLanguage\":\"en-US\",\"@id\":\"https:\/\/svetslik.si\/en\/#\/schema\/logo\/image\/\",\"url\":\"https:\/\/svetslik.si\/wp-content\/uploads\/2020\/12\/logo-512.png\",\"contentUrl\":\"https:\/\/svetslik.si\/wp-content\/uploads\/2020\/12\/logo-512.png\",\"width\":512,\"height\":512,\"caption\":\"SvetSlik.si\"},\"image\":{\"@id\":\"https:\/\/svetslik.si\/en\/#\/schema\/logo\/image\/\"},\"sameAs\":[\"https:\/\/www.facebook.com\/svetslik.si\",\"https:\/\/x.com\/svetslik\",\"https:\/\/www.instagram.com\/svetslik.si\/\",\"https:\/\/www.linkedin.com\/company\/svetslik-si\"]}]}<\/script>\n<meta property=\"og:availability\" content=\"backorder\" \/>\n<meta property=\"product:availability\" content=\"available for order\" \/>\n<meta property=\"product:retailer_item_id\" content=\"146__\" \/>\n<meta property=\"product:condition\" content=\"new\" \/>\n<!-- \/ Yoast SEO Premium plugin. -->","yoast_head_json":{"title":"Edgar Degas - Ballet Dancers in the Wings - SVETSLIK.SI - 100% hand painted","description":"Edgar Degas - Ballet Dancers in the Wings - 100% hand-painted reproduction of famous paintings by famous artists. Wall art, abstract paintings and custom painted paintings by order.","robots":{"index":"index","follow":"follow","max-snippet":"max-snippet:-1","max-image-preview":"max-image-preview:large","max-video-preview":"max-video-preview:-1"},"canonical":"https:\/\/svetslik.si\/en\/edgar-degas-en\/ballet-dancers-in-the-wings\/","og_locale":"en_US","og_type":"article","og_title":"Edgar Degas - Ballet Dancers in the Wings","og_description":"100% ro\u010dno naslikane slike na platnu, reprodukcije znanih slikarjev in umetni\u0161ke slike po naro\u010dilu.","og_url":"https:\/\/svetslik.si\/en\/edgar-degas-en\/ballet-dancers-in-the-wings\/","og_site_name":"SVETSLIK.SI","article_publisher":"https:\/\/www.facebook.com\/svetslik.si","article_modified_time":"2026-03-22T18:36:34+00:00","og_image":[{"width":1514,"height":1600,"url":"https:\/\/svetslik.si\/wp-content\/uploads\/2021\/08\/image_Ballet-Dancers-in-the-Wings-Edgar-Degas_680.jpg","type":"image\/jpeg"}],"twitter_card":"summary_large_image","twitter_site":"@svetslik","twitter_misc":{"Availability":"On backorder"},"schema":{"@context":"https:\/\/schema.org","@graph":[{"@type":["WebPage","ItemPage"],"@id":"https:\/\/svetslik.si\/en\/edgar-degas-en\/ballet-dancers-in-the-wings\/","url":"https:\/\/svetslik.si\/en\/edgar-degas-en\/ballet-dancers-in-the-wings\/","name":"Edgar Degas - Ballet Dancers in the Wings - SVETSLIK.SI - 100% hand painted","isPartOf":{"@id":"https:\/\/svetslik.si\/en\/#website"},"primaryImageOfPage":{"@id":"https:\/\/svetslik.si\/en\/edgar-degas-en\/ballet-dancers-in-the-wings\/#primaryimage"},"image":{"@id":"https:\/\/svetslik.si\/en\/edgar-degas-en\/ballet-dancers-in-the-wings\/#primaryimage"},"thumbnailUrl":"https:\/\/svetslik.si\/wp-content\/uploads\/2021\/08\/image_Ballet-Dancers-in-the-Wings-Edgar-Degas_680.jpg","datePublished":"2021-09-02T15:46:29+00:00","dateModified":"2026-03-22T18:36:34+00:00","description":"Edgar Degas - Ballet Dancers in the Wings - 100% hand-painted reproduction of famous paintings by famous artists. Wall art, abstract paintings and custom painted paintings by order.","breadcrumb":{"@id":"https:\/\/svetslik.si\/en\/edgar-degas-en\/ballet-dancers-in-the-wings\/#breadcrumb"},"inLanguage":"en-US","potentialAction":[{"@type":"ReadAction","target":["https:\/\/svetslik.si\/en\/edgar-degas-en\/ballet-dancers-in-the-wings\/"]}]},{"@type":"ImageObject","inLanguage":"en-US","@id":"https:\/\/svetslik.si\/en\/edgar-degas-en\/ballet-dancers-in-the-wings\/#primaryimage","url":"https:\/\/svetslik.si\/wp-content\/uploads\/2021\/08\/image_Ballet-Dancers-in-the-Wings-Edgar-Degas_680.jpg","contentUrl":"https:\/\/svetslik.si\/wp-content\/uploads\/2021\/08\/image_Ballet-Dancers-in-the-Wings-Edgar-Degas_680.jpg","width":1514,"height":1600,"caption":"Edgar Degas - Ballet Dancers in the Wings - reproduction of famous painting by famous artist, hand painted painting on canvas - oil painting"},{"@type":"BreadcrumbList","@id":"https:\/\/svetslik.si\/en\/edgar-degas-en\/ballet-dancers-in-the-wings\/#breadcrumb","itemListElement":[{"@type":"ListItem","position":1,"name":"Wall art and paintings on canvas","item":"https:\/\/svetslik.si\/en\/"},{"@type":"ListItem","position":2,"name":"Sale of paintings","item":"https:\/\/svetslik.si\/prodaja-slik\/"},{"@type":"ListItem","position":3,"name":"Edgar Degas &#8211; Ballet Dancers in the Wings"}]},{"@type":"WebSite","@id":"https:\/\/svetslik.si\/en\/#website","url":"https:\/\/svetslik.si\/en\/","name":"SVETSLIK.SI","description":"100% ru\u010dno naslikane reprodukcije slika poznatih slikara in umjetni\u010dke zidne slike na platnu.","publisher":{"@id":"https:\/\/svetslik.si\/en\/#organization"},"potentialAction":[{"@type":"SearchAction","target":{"@type":"EntryPoint","urlTemplate":"https:\/\/svetslik.si\/en\/?s={search_term_string}"},"query-input":{"@type":"PropertyValueSpecification","valueRequired":true,"valueName":"search_term_string"}}],"inLanguage":"en-US"},{"@type":"Organization","@id":"https:\/\/svetslik.si\/en\/#organization","name":"SvetSlik.si","url":"https:\/\/svetslik.si\/en\/","logo":{"@type":"ImageObject","inLanguage":"en-US","@id":"https:\/\/svetslik.si\/en\/#\/schema\/logo\/image\/","url":"https:\/\/svetslik.si\/wp-content\/uploads\/2020\/12\/logo-512.png","contentUrl":"https:\/\/svetslik.si\/wp-content\/uploads\/2020\/12\/logo-512.png","width":512,"height":512,"caption":"SvetSlik.si"},"image":{"@id":"https:\/\/svetslik.si\/en\/#\/schema\/logo\/image\/"},"sameAs":["https:\/\/www.facebook.com\/svetslik.si","https:\/\/x.com\/svetslik","https:\/\/www.instagram.com\/svetslik.si\/","https:\/\/www.linkedin.com\/company\/svetslik-si"]}]},"og_availability":"backorder","product_availability":"available for order","product_retailer_item_id":"146__","product_condition":"new"},"jetpack_sharing_enabled":true,"_links":{"self":[{"href":"https:\/\/svetslik.si\/en\/wp-json\/wp\/v2\/product\/82046","targetHints":{"allow":["GET"]}}],"collection":[{"href":"https:\/\/svetslik.si\/en\/wp-json\/wp\/v2\/product"}],"about":[{"href":"https:\/\/svetslik.si\/en\/wp-json\/wp\/v2\/types\/product"}],"wp:featuredmedia":[{"embeddable":true,"href":"https:\/\/svetslik.si\/en\/wp-json\/wp\/v2\/media\/78505"}],"wp:attachment":[{"href":"https:\/\/svetslik.si\/en\/wp-json\/wp\/v2\/media?parent=82046"}],"wp:term":[{"taxonomy":"product_brand","embeddable":true,"href":"https:\/\/svetslik.si\/en\/wp-json\/wp\/v2\/product_brand?post=82046"},{"taxonomy":"product_cat","embeddable":true,"href":"https:\/\/svetslik.si\/en\/wp-json\/wp\/v2\/product_cat?post=82046"},{"taxonomy":"product_tag","embeddable":true,"href":"https:\/\/svetslik.si\/en\/wp-json\/wp\/v2\/product_tag?post=82046"}],"curies":[{"name":"wp","href":"https:\/\/api.w.org\/{rel}","templated":true}]}}