{"id":82243,"date":"2021-09-02T17:49:42","date_gmt":"2021-09-02T15:49:42","guid":{"rendered":"https:\/\/svetslik.si\/uncategorized\/portrait-of-jeanne-hebuterne-v\/"},"modified":"2026-03-22T19:41:43","modified_gmt":"2026-03-22T18:41:43","slug":"portrait-of-jeanne-hebuterne-v","status":"publish","type":"product","link":"https:\/\/svetslik.si\/en\/amedeo-modigliani-en\/portrait-of-jeanne-hebuterne-v\/","title":{"rendered":"Amedeo Modigliani &#8211; Portrait of Jeanne H\u00e9buterne V"},"content":{"rendered":"<div class=\"wpb-content-wrapper\">[vc_row css=&#8221;.vc_custom_1691327855593{margin-bottom: 10px !important;}&#8221;][vc_column]\t<div class=\"et-image-596 et-image     et_image_link\">\n\t\t<div class=\"et-image-inner \">\n\t\t\t\t\t\t\t<div class=\"et-image-thumb \">\n\t\t\t\t\t<img decoding=\"async\" width=\"776\" height=\"1000\" src=\"https:\/\/svetslik.si\/wp-content\/uploads\/2021\/09\/amedeo-modigliani-Amedeo-Modigliani-\u2013-Portrait-of-Jeanne-Hebuterne-V.jpg\" class=\"attachment-full\" alt=\"amedeo modigliani Amedeo Modigliani \u2013 Portrait of Jeanne H\u00e9buterne V\" title=\"amedeo-modigliani-Amedeo-Modigliani-\u2013-Portrait-of-Jeanne-H\u00e9buterne-V\" srcset=\"https:\/\/svetslik.si\/wp-content\/uploads\/2021\/09\/amedeo-modigliani-Amedeo-Modigliani-\u2013-Portrait-of-Jeanne-Hebuterne-V.jpg 776w, https:\/\/svetslik.si\/wp-content\/uploads\/2021\/09\/amedeo-modigliani-Amedeo-Modigliani-\u2013-Portrait-of-Jeanne-Hebuterne-V-600x773.jpg 600w, https:\/\/svetslik.si\/wp-content\/uploads\/2021\/09\/amedeo-modigliani-Amedeo-Modigliani-\u2013-Portrait-of-Jeanne-Hebuterne-V-233x300.jpg 233w, https:\/\/svetslik.si\/wp-content\/uploads\/2021\/09\/amedeo-modigliani-Amedeo-Modigliani-\u2013-Portrait-of-Jeanne-Hebuterne-V-768x990.jpg 768w, https:\/\/svetslik.si\/wp-content\/uploads\/2021\/09\/amedeo-modigliani-Amedeo-Modigliani-\u2013-Portrait-of-Jeanne-Hebuterne-V-116x150.jpg 116w\" sizes=\"(max-width: 776px) 100vw, 776px\" \/>\t\t\t\t<\/div>\n\t\t\t\t\t\t\t\t\t\t\t<\/div>\n\t<\/div>\n  [\/vc_column][\/vc_row][vc_row][vc_column][vc_column_text]\n<h1>Amedeo Modigliani &#8211; Portrait of Jeanne H\u00e9buterne V<\/h1>\n<p>&nbsp;<\/p>\n<table style=\"width: 632px;\" border=\"0\" width=\"632\" cellspacing=\"0\" cellpadding=\"0\">\n<tbody>\n<tr>\n<td style=\"width: 180px; height: 21px;\" height=\"21\">Year of Creation:<\/td>\n<td style=\"width: 452px;\">1917<\/td>\n<\/tr>\n<tr>\n<td style=\"width: 180px; height: 21px;\" height=\"21\">Original size:<\/td>\n<td style=\"width: 452px;\">38 cm x 55 cm<\/td>\n<\/tr>\n<tr>\n<td style=\"width: 180px; height: 21px;\" height=\"21\">Paint style:<\/td>\n<td style=\"width: 452px;\">Expressionism<\/td>\n<\/tr>\n<tr>\n<td style=\"width: 180px; height: 21px;\" height=\"21\">Original technique:<\/td>\n<td>Oil on canvas<\/td>\n<\/tr>\n<tr>\n<td style=\"width: 180px; height: 21px;\" height=\"21\">Located:<\/td>\n<td style=\"width: 452px;\">Private collection<\/td>\n<\/tr>\n<\/tbody>\n<colgroup>\n<col \/>\n<col \/> <\/colgroup>\n<\/table>\n<p>&nbsp;<\/p>\n<div>Writer Charles-Albert Cingria described Jeanne as gentle, shy, quiet and delicate. Jeanne was Modigliani&#8217;s central muse and also his mistress. After Modigliani contracted tuberculosis and died in 1920, a pregnant Jeanne threw herself from the fifth floor just one day later.<\/div>\n<div><\/div>\n<div>Modigliani depicted Jeanne in several paintings that depict the passionate and tragic relationship between the artist and his muse.<\/div>\n<div><\/div>\n<p>&nbsp;<\/p>\n<\/div>","protected":false},"excerpt":{"rendered":"<p>[vc_row css=&#8221;.vc_custom_1691327855593{margin-bottom: 10px !important;}&#8221;][vc_column][\/vc_column][\/vc_row][vc_row][vc_column][vc_column_text] Amedeo Modigliani &#8211; Portrait of Jeanne H\u00e9buterne V &nbsp; Year of Creation: 1917 Original size: 38 cm x 55 cm Paint style: Expressionism Original technique: Oil on canvas Located: Private collection &nbsp; Writer Charles-Albert Cingria described Jeanne as gentle, shy, quiet and delicate. Jeanne was Modigliani&#8217;s [&hellip;]<\/p>\n","protected":false},"featured_media":80001,"template":"","meta":{"_acf_changed":false},"product_brand":[],"product_cat":[9802],"product_tag":[9848,9870,9862,9863],"class_list":{"0":"post-82243","1":"product","2":"type-product","3":"status-publish","4":"has-post-thumbnail","6":"product_cat-amedeo-modigliani-en","7":"product_tag-modigliani-en","8":"product_tag-painter","9":"product_tag-reproduction-en","10":"product_tag-reproductions","11":"pa_dimenzija-100-x-150-cm","12":"pa_dimenzija-120-x-170-cm","13":"pa_dimenzija-38-x-55-cm","14":"pa_dimenzija-50-x-70-cm","15":"pa_dimenzija-60-x-90-cm","16":"pa_dimenzija-80-x-110-cm","17":"pa_dimenzija-80-x-120-cm","18":"pa_dimenzija-90-x-130-cm","19":"pa_oblika-vertical","20":"pa_okvir-without-frame","21":"pa_podokvir-without","22":"pa_podokvir-yes","24":"first","25":"instock","26":"purchasable","27":"product-type-variable","28":"has-default-attributes"},"acf":[],"yoast_head":"<!-- This site is optimized with the Yoast SEO Premium plugin v26.0 (Yoast SEO v27.2) - https:\/\/yoast.com\/product\/yoast-seo-premium-wordpress\/ -->\n<title>Amedeo Modigliani - Portrait of Jeanne H\u00e9buterne V - SVETSLIK.SI - 100% hand painted<\/title>\n<meta name=\"description\" content=\"Amedeo Modigliani - Portrait of Jeanne H\u00e9buterne V - 100% hand-painted reproduction of famous paintings by famous artists. Wall art, abstract paintings and custom painted paintings by order.\" \/>\n<meta name=\"robots\" content=\"index, follow, max-snippet:-1, max-image-preview:large, max-video-preview:-1\" \/>\n<link rel=\"canonical\" href=\"https:\/\/svetslik.si\/en\/amedeo-modigliani-en\/portrait-of-jeanne-hebuterne-v\/\" \/>\n<meta property=\"og:locale\" content=\"en_US\" \/>\n<meta property=\"og:type\" content=\"article\" \/>\n<meta property=\"og:title\" content=\"Amedeo Modigliani - Portrait of Jeanne H\u00e9buterne V\" \/>\n<meta property=\"og:description\" content=\"100% ro\u010dno naslikane slike na platnu, reprodukcije znanih slikarjev in umetni\u0161ke slike po naro\u010dilu.\" \/>\n<meta property=\"og:url\" content=\"https:\/\/svetslik.si\/en\/amedeo-modigliani-en\/portrait-of-jeanne-hebuterne-v\/\" \/>\n<meta property=\"og:site_name\" content=\"SVETSLIK.SI\" \/>\n<meta property=\"article:publisher\" content=\"https:\/\/www.facebook.com\/svetslik.si\" \/>\n<meta property=\"article:modified_time\" content=\"2026-03-22T18:41:43+00:00\" \/>\n<meta property=\"og:image\" content=\"https:\/\/svetslik.si\/wp-content\/uploads\/2021\/09\/Modigliani_Hebuterne_au_grand_chapeau_1918.jpg\" \/>\n\t<meta property=\"og:image:width\" content=\"692\" \/>\n\t<meta property=\"og:image:height\" content=\"1014\" \/>\n\t<meta property=\"og:image:type\" content=\"image\/jpeg\" \/>\n<meta name=\"twitter:card\" content=\"summary_large_image\" \/>\n<meta name=\"twitter:site\" content=\"@svetslik\" \/>\n<meta name=\"twitter:label1\" content=\"Availability\" \/>\n\t<meta name=\"twitter:data1\" content=\"In stock\" \/>\n<script type=\"application\/ld+json\" class=\"yoast-schema-graph\">{\"@context\":\"https:\/\/schema.org\",\"@graph\":[{\"@type\":[\"WebPage\",\"ItemPage\"],\"@id\":\"https:\/\/svetslik.si\/en\/amedeo-modigliani-en\/portrait-of-jeanne-hebuterne-v\/\",\"url\":\"https:\/\/svetslik.si\/en\/amedeo-modigliani-en\/portrait-of-jeanne-hebuterne-v\/\",\"name\":\"Amedeo Modigliani - Portrait of Jeanne H\u00e9buterne V - SVETSLIK.SI - 100% hand painted\",\"isPartOf\":{\"@id\":\"https:\/\/svetslik.si\/en\/#website\"},\"primaryImageOfPage\":{\"@id\":\"https:\/\/svetslik.si\/en\/amedeo-modigliani-en\/portrait-of-jeanne-hebuterne-v\/#primaryimage\"},\"image\":{\"@id\":\"https:\/\/svetslik.si\/en\/amedeo-modigliani-en\/portrait-of-jeanne-hebuterne-v\/#primaryimage\"},\"thumbnailUrl\":\"https:\/\/svetslik.si\/wp-content\/uploads\/2021\/09\/Modigliani_Hebuterne_au_grand_chapeau_1918.jpg\",\"datePublished\":\"2021-09-02T15:49:42+00:00\",\"dateModified\":\"2026-03-22T18:41:43+00:00\",\"description\":\"Amedeo Modigliani - Portrait of Jeanne H\u00e9buterne V - 100% hand-painted reproduction of famous paintings by famous artists. Wall art, abstract paintings and custom painted paintings by order.\",\"breadcrumb\":{\"@id\":\"https:\/\/svetslik.si\/en\/amedeo-modigliani-en\/portrait-of-jeanne-hebuterne-v\/#breadcrumb\"},\"inLanguage\":\"en-US\",\"potentialAction\":[{\"@type\":\"ReadAction\",\"target\":[\"https:\/\/svetslik.si\/en\/amedeo-modigliani-en\/portrait-of-jeanne-hebuterne-v\/\"]}]},{\"@type\":\"ImageObject\",\"inLanguage\":\"en-US\",\"@id\":\"https:\/\/svetslik.si\/en\/amedeo-modigliani-en\/portrait-of-jeanne-hebuterne-v\/#primaryimage\",\"url\":\"https:\/\/svetslik.si\/wp-content\/uploads\/2021\/09\/Modigliani_Hebuterne_au_grand_chapeau_1918.jpg\",\"contentUrl\":\"https:\/\/svetslik.si\/wp-content\/uploads\/2021\/09\/Modigliani_Hebuterne_au_grand_chapeau_1918.jpg\",\"width\":692,\"height\":1014,\"caption\":\"Amedeo Modigliani \u2013 Portrait of Jeanne H\u00e9buterne V\"},{\"@type\":\"BreadcrumbList\",\"@id\":\"https:\/\/svetslik.si\/en\/amedeo-modigliani-en\/portrait-of-jeanne-hebuterne-v\/#breadcrumb\",\"itemListElement\":[{\"@type\":\"ListItem\",\"position\":1,\"name\":\"Wall art and paintings on canvas\",\"item\":\"https:\/\/svetslik.si\/en\/\"},{\"@type\":\"ListItem\",\"position\":2,\"name\":\"Sale of paintings\",\"item\":\"https:\/\/svetslik.si\/prodaja-slik\/\"},{\"@type\":\"ListItem\",\"position\":3,\"name\":\"Amedeo Modigliani &#8211; Portrait of Jeanne H\u00e9buterne V\"}]},{\"@type\":\"WebSite\",\"@id\":\"https:\/\/svetslik.si\/en\/#website\",\"url\":\"https:\/\/svetslik.si\/en\/\",\"name\":\"SVETSLIK.SI\",\"description\":\"100% ru\u010dno naslikane reprodukcije slika poznatih slikara in umjetni\u010dke zidne slike na platnu.\",\"publisher\":{\"@id\":\"https:\/\/svetslik.si\/en\/#organization\"},\"potentialAction\":[{\"@type\":\"SearchAction\",\"target\":{\"@type\":\"EntryPoint\",\"urlTemplate\":\"https:\/\/svetslik.si\/en\/?s={search_term_string}\"},\"query-input\":{\"@type\":\"PropertyValueSpecification\",\"valueRequired\":true,\"valueName\":\"search_term_string\"}}],\"inLanguage\":\"en-US\"},{\"@type\":\"Organization\",\"@id\":\"https:\/\/svetslik.si\/en\/#organization\",\"name\":\"SvetSlik.si\",\"url\":\"https:\/\/svetslik.si\/en\/\",\"logo\":{\"@type\":\"ImageObject\",\"inLanguage\":\"en-US\",\"@id\":\"https:\/\/svetslik.si\/en\/#\/schema\/logo\/image\/\",\"url\":\"https:\/\/svetslik.si\/wp-content\/uploads\/2020\/12\/logo-512.png\",\"contentUrl\":\"https:\/\/svetslik.si\/wp-content\/uploads\/2020\/12\/logo-512.png\",\"width\":512,\"height\":512,\"caption\":\"SvetSlik.si\"},\"image\":{\"@id\":\"https:\/\/svetslik.si\/en\/#\/schema\/logo\/image\/\"},\"sameAs\":[\"https:\/\/www.facebook.com\/svetslik.si\",\"https:\/\/x.com\/svetslik\",\"https:\/\/www.instagram.com\/svetslik.si\/\",\"https:\/\/www.linkedin.com\/company\/svetslik-si\"]}]}<\/script>\n<meta property=\"og:availability\" content=\"instock\" \/>\n<meta property=\"product:availability\" content=\"instock\" \/>\n<meta property=\"product:retailer_item_id\" content=\"208__\" \/>\n<meta property=\"product:condition\" content=\"new\" \/>\n<!-- \/ Yoast SEO Premium plugin. -->","yoast_head_json":{"title":"Amedeo Modigliani - Portrait of Jeanne H\u00e9buterne V - SVETSLIK.SI - 100% hand painted","description":"Amedeo Modigliani - Portrait of Jeanne H\u00e9buterne V - 100% hand-painted reproduction of famous paintings by famous artists. Wall art, abstract paintings and custom painted paintings by order.","robots":{"index":"index","follow":"follow","max-snippet":"max-snippet:-1","max-image-preview":"max-image-preview:large","max-video-preview":"max-video-preview:-1"},"canonical":"https:\/\/svetslik.si\/en\/amedeo-modigliani-en\/portrait-of-jeanne-hebuterne-v\/","og_locale":"en_US","og_type":"article","og_title":"Amedeo Modigliani - Portrait of Jeanne H\u00e9buterne V","og_description":"100% ro\u010dno naslikane slike na platnu, reprodukcije znanih slikarjev in umetni\u0161ke slike po naro\u010dilu.","og_url":"https:\/\/svetslik.si\/en\/amedeo-modigliani-en\/portrait-of-jeanne-hebuterne-v\/","og_site_name":"SVETSLIK.SI","article_publisher":"https:\/\/www.facebook.com\/svetslik.si","article_modified_time":"2026-03-22T18:41:43+00:00","og_image":[{"width":692,"height":1014,"url":"https:\/\/svetslik.si\/wp-content\/uploads\/2021\/09\/Modigliani_Hebuterne_au_grand_chapeau_1918.jpg","type":"image\/jpeg"}],"twitter_card":"summary_large_image","twitter_site":"@svetslik","twitter_misc":{"Availability":"In stock"},"schema":{"@context":"https:\/\/schema.org","@graph":[{"@type":["WebPage","ItemPage"],"@id":"https:\/\/svetslik.si\/en\/amedeo-modigliani-en\/portrait-of-jeanne-hebuterne-v\/","url":"https:\/\/svetslik.si\/en\/amedeo-modigliani-en\/portrait-of-jeanne-hebuterne-v\/","name":"Amedeo Modigliani - Portrait of Jeanne H\u00e9buterne V - SVETSLIK.SI - 100% hand painted","isPartOf":{"@id":"https:\/\/svetslik.si\/en\/#website"},"primaryImageOfPage":{"@id":"https:\/\/svetslik.si\/en\/amedeo-modigliani-en\/portrait-of-jeanne-hebuterne-v\/#primaryimage"},"image":{"@id":"https:\/\/svetslik.si\/en\/amedeo-modigliani-en\/portrait-of-jeanne-hebuterne-v\/#primaryimage"},"thumbnailUrl":"https:\/\/svetslik.si\/wp-content\/uploads\/2021\/09\/Modigliani_Hebuterne_au_grand_chapeau_1918.jpg","datePublished":"2021-09-02T15:49:42+00:00","dateModified":"2026-03-22T18:41:43+00:00","description":"Amedeo Modigliani - Portrait of Jeanne H\u00e9buterne V - 100% hand-painted reproduction of famous paintings by famous artists. Wall art, abstract paintings and custom painted paintings by order.","breadcrumb":{"@id":"https:\/\/svetslik.si\/en\/amedeo-modigliani-en\/portrait-of-jeanne-hebuterne-v\/#breadcrumb"},"inLanguage":"en-US","potentialAction":[{"@type":"ReadAction","target":["https:\/\/svetslik.si\/en\/amedeo-modigliani-en\/portrait-of-jeanne-hebuterne-v\/"]}]},{"@type":"ImageObject","inLanguage":"en-US","@id":"https:\/\/svetslik.si\/en\/amedeo-modigliani-en\/portrait-of-jeanne-hebuterne-v\/#primaryimage","url":"https:\/\/svetslik.si\/wp-content\/uploads\/2021\/09\/Modigliani_Hebuterne_au_grand_chapeau_1918.jpg","contentUrl":"https:\/\/svetslik.si\/wp-content\/uploads\/2021\/09\/Modigliani_Hebuterne_au_grand_chapeau_1918.jpg","width":692,"height":1014,"caption":"Amedeo Modigliani \u2013 Portrait of Jeanne H\u00e9buterne V"},{"@type":"BreadcrumbList","@id":"https:\/\/svetslik.si\/en\/amedeo-modigliani-en\/portrait-of-jeanne-hebuterne-v\/#breadcrumb","itemListElement":[{"@type":"ListItem","position":1,"name":"Wall art and paintings on canvas","item":"https:\/\/svetslik.si\/en\/"},{"@type":"ListItem","position":2,"name":"Sale of paintings","item":"https:\/\/svetslik.si\/prodaja-slik\/"},{"@type":"ListItem","position":3,"name":"Amedeo Modigliani &#8211; Portrait of Jeanne H\u00e9buterne V"}]},{"@type":"WebSite","@id":"https:\/\/svetslik.si\/en\/#website","url":"https:\/\/svetslik.si\/en\/","name":"SVETSLIK.SI","description":"100% ru\u010dno naslikane reprodukcije slika poznatih slikara in umjetni\u010dke zidne slike na platnu.","publisher":{"@id":"https:\/\/svetslik.si\/en\/#organization"},"potentialAction":[{"@type":"SearchAction","target":{"@type":"EntryPoint","urlTemplate":"https:\/\/svetslik.si\/en\/?s={search_term_string}"},"query-input":{"@type":"PropertyValueSpecification","valueRequired":true,"valueName":"search_term_string"}}],"inLanguage":"en-US"},{"@type":"Organization","@id":"https:\/\/svetslik.si\/en\/#organization","name":"SvetSlik.si","url":"https:\/\/svetslik.si\/en\/","logo":{"@type":"ImageObject","inLanguage":"en-US","@id":"https:\/\/svetslik.si\/en\/#\/schema\/logo\/image\/","url":"https:\/\/svetslik.si\/wp-content\/uploads\/2020\/12\/logo-512.png","contentUrl":"https:\/\/svetslik.si\/wp-content\/uploads\/2020\/12\/logo-512.png","width":512,"height":512,"caption":"SvetSlik.si"},"image":{"@id":"https:\/\/svetslik.si\/en\/#\/schema\/logo\/image\/"},"sameAs":["https:\/\/www.facebook.com\/svetslik.si","https:\/\/x.com\/svetslik","https:\/\/www.instagram.com\/svetslik.si\/","https:\/\/www.linkedin.com\/company\/svetslik-si"]}]},"og_availability":"instock","product_availability":"instock","product_retailer_item_id":"208__","product_condition":"new"},"jetpack_sharing_enabled":true,"_links":{"self":[{"href":"https:\/\/svetslik.si\/en\/wp-json\/wp\/v2\/product\/82243","targetHints":{"allow":["GET"]}}],"collection":[{"href":"https:\/\/svetslik.si\/en\/wp-json\/wp\/v2\/product"}],"about":[{"href":"https:\/\/svetslik.si\/en\/wp-json\/wp\/v2\/types\/product"}],"wp:featuredmedia":[{"embeddable":true,"href":"https:\/\/svetslik.si\/en\/wp-json\/wp\/v2\/media\/80001"}],"wp:attachment":[{"href":"https:\/\/svetslik.si\/en\/wp-json\/wp\/v2\/media?parent=82243"}],"wp:term":[{"taxonomy":"product_brand","embeddable":true,"href":"https:\/\/svetslik.si\/en\/wp-json\/wp\/v2\/product_brand?post=82243"},{"taxonomy":"product_cat","embeddable":true,"href":"https:\/\/svetslik.si\/en\/wp-json\/wp\/v2\/product_cat?post=82243"},{"taxonomy":"product_tag","embeddable":true,"href":"https:\/\/svetslik.si\/en\/wp-json\/wp\/v2\/product_tag?post=82243"}],"curies":[{"name":"wp","href":"https:\/\/api.w.org\/{rel}","templated":true}]}}