{"id":82252,"date":"2021-09-02T17:49:42","date_gmt":"2021-09-02T15:49:42","guid":{"rendered":"https:\/\/svetslik.si\/uncategorized\/munich-schwabing-with-the-church-of-st-ursula\/"},"modified":"2026-03-22T19:41:43","modified_gmt":"2026-03-22T18:41:43","slug":"munich-schwabing-with-the-church-of-st-ursula","status":"publish","type":"product","link":"https:\/\/svetslik.si\/en\/vasilij-kandinski-en\/munich-schwabing-with-the-church-of-st-ursula\/","title":{"rendered":"Vasilij Kandinski &#8211; Munich-Schwabing with the Church of St. Ursula"},"content":{"rendered":"<div class=\"wpb-content-wrapper\">[vc_row][vc_column][vc_column_text]\n<h1>Vasily Kandinsky &#8211; Munich-Schwabing with the Church of St. Ursula<\/h1>\n<p>&nbsp;<\/p>\n<table style=\"width: 673px\" border=\"0\" width=\"673\" cellspacing=\"0\" cellpadding=\"0\">\n<tbody>\n<tr>\n<td style=\"width: 180px;height: 21px\" height=\"21\">Year of Creation:<\/td>\n<td style=\"width: 493px\">1908<\/td>\n<\/tr>\n<tr>\n<td style=\"width: 180px;height: 21px\" height=\"21\">Original size:<\/td>\n<td style=\"width: 493px\">49 cm x 68.8 cm<\/td>\n<\/tr>\n<tr>\n<td style=\"width: 180px;height: 21px\" height=\"21\">Paint style:<\/td>\n<td style=\"width: 493px\">Expressionism<\/td>\n<\/tr>\n<tr>\n<td style=\"width: 180px;height: 21px\" height=\"21\">Original technique:<\/td>\n<td>Oil on canvas<\/td>\n<\/tr>\n<tr>\n<td style=\"width: 180px;height: 21px\" height=\"21\">Located:<\/td>\n<td>National Gallery, Munich<\/td>\n<\/tr>\n<\/tbody>\n<colgroup>\n<col \/>\n<col \/> <\/colgroup>\n<\/table>\n[\/vc_column_text][\/vc_column][\/vc_row][vc_row][vc_column]\t<div class=\"et-image-788 et-image     et_image_link\">\n\t\t<div class=\"et-image-inner \">\n\t\t\t\t\t\t\t<div class=\"et-image-thumb \">\n\t\t\t\t\t<img decoding=\"async\" width=\"2151\" height=\"2560\" src=\"https:\/\/svetslik.si\/wp-content\/uploads\/2021\/09\/Vasilij-Kandinski-\u2013-Munich-Schwabing-with-the-Church-of-St.-Ursula-scaled.jpg\" class=\"attachment-full\" alt=\"Vasilij Kandinski \u2013\n  Munich-Schwabing with the Church of St. Ursula: reproduction, famous\n  painting, painting on canvas\" title=\"Vasilij Kandinski \u2013\n  Munich-Schwabing with the Church of St. Ursula: reproduction, famous\n  painting, painting on canvas\" srcset=\"https:\/\/svetslik.si\/wp-content\/uploads\/2021\/09\/Vasilij-Kandinski-\u2013-Munich-Schwabing-with-the-Church-of-St.-Ursula-scaled.jpg 2151w, https:\/\/svetslik.si\/wp-content\/uploads\/2021\/09\/Vasilij-Kandinski-\u2013-Munich-Schwabing-with-the-Church-of-St.-Ursula-600x714.jpg 600w, https:\/\/svetslik.si\/wp-content\/uploads\/2021\/09\/Vasilij-Kandinski-\u2013-Munich-Schwabing-with-the-Church-of-St.-Ursula-scaled-1200x1428.jpg 1200w, https:\/\/svetslik.si\/wp-content\/uploads\/2021\/09\/Vasilij-Kandinski-\u2013-Munich-Schwabing-with-the-Church-of-St.-Ursula-252x300.jpg 252w, https:\/\/svetslik.si\/wp-content\/uploads\/2021\/09\/Vasilij-Kandinski-\u2013-Munich-Schwabing-with-the-Church-of-St.-Ursula-860x1024.jpg 860w, https:\/\/svetslik.si\/wp-content\/uploads\/2021\/09\/Vasilij-Kandinski-\u2013-Munich-Schwabing-with-the-Church-of-St.-Ursula-768x914.jpg 768w, https:\/\/svetslik.si\/wp-content\/uploads\/2021\/09\/Vasilij-Kandinski-\u2013-Munich-Schwabing-with-the-Church-of-St.-Ursula-1291x1536.jpg 1291w, https:\/\/svetslik.si\/wp-content\/uploads\/2021\/09\/Vasilij-Kandinski-\u2013-Munich-Schwabing-with-the-Church-of-St.-Ursula-1721x2048.jpg 1721w, https:\/\/svetslik.si\/wp-content\/uploads\/2021\/09\/Vasilij-Kandinski-\u2013-Munich-Schwabing-with-the-Church-of-St.-Ursula-10x12.jpg 10w, https:\/\/svetslik.si\/wp-content\/uploads\/2021\/09\/Vasilij-Kandinski-\u2013-Munich-Schwabing-with-the-Church-of-St.-Ursula-126x150.jpg 126w, https:\/\/svetslik.si\/wp-content\/uploads\/2021\/09\/Vasilij-Kandinski-\u2013-Munich-Schwabing-with-the-Church-of-St.-Ursula-1320x1571.jpg 1320w, https:\/\/svetslik.si\/wp-content\/uploads\/2021\/09\/Vasilij-Kandinski-\u2013-Munich-Schwabing-with-the-Church-of-St.-Ursula-900x1071.jpg 900w\" sizes=\"(max-width: 2151px) 100vw, 2151px\" \/>\t\t\t\t<\/div>\n\t\t\t\t\t\t\t\t\t\t\t<\/div>\n\t<\/div>\n  [\/vc_column][\/vc_row][vc_row][vc_column]\t<div class=\"et-image-933 et-image     et_image_link\">\n\t\t<div class=\"et-image-inner \">\n\t\t\t\t\t\t\t<div class=\"et-image-thumb \">\n\t\t\t\t\t<img decoding=\"async\" width=\"2560\" height=\"1441\" src=\"https:\/\/svetslik.si\/wp-content\/uploads\/2021\/09\/20220321_090548-1-scaled.jpg\" class=\"attachment-full\" alt=\"Vasilij Kandinski \u2013\n  Munich-Schwabing with the Church of St. Ursula detail: reproduction, famous\n  painting, painting on canvas, detail\" title=\"Vasilij Kandinski \u2013\n  Munich-Schwabing with the Church of St. Ursula detail: reproduction, famous\n  painting, painting on canvas, detail\" srcset=\"https:\/\/svetslik.si\/wp-content\/uploads\/2021\/09\/20220321_090548-1-scaled.jpg 2560w, https:\/\/svetslik.si\/wp-content\/uploads\/2021\/09\/20220321_090548-1-600x338.jpg 600w, https:\/\/svetslik.si\/wp-content\/uploads\/2021\/09\/20220321_090548-1-scaled-1200x675.jpg 1200w, https:\/\/svetslik.si\/wp-content\/uploads\/2021\/09\/20220321_090548-1-300x169.jpg 300w, https:\/\/svetslik.si\/wp-content\/uploads\/2021\/09\/20220321_090548-1-1024x577.jpg 1024w, https:\/\/svetslik.si\/wp-content\/uploads\/2021\/09\/20220321_090548-1-768x432.jpg 768w, https:\/\/svetslik.si\/wp-content\/uploads\/2021\/09\/20220321_090548-1-1536x865.jpg 1536w, https:\/\/svetslik.si\/wp-content\/uploads\/2021\/09\/20220321_090548-1-2048x1153.jpg 2048w, https:\/\/svetslik.si\/wp-content\/uploads\/2021\/09\/20220321_090548-1-18x10.jpg 18w, https:\/\/svetslik.si\/wp-content\/uploads\/2021\/09\/20220321_090548-1-150x84.jpg 150w, https:\/\/svetslik.si\/wp-content\/uploads\/2021\/09\/20220321_090548-1-1320x743.jpg 1320w, https:\/\/svetslik.si\/wp-content\/uploads\/2021\/09\/20220321_090548-1-900x507.jpg 900w\" sizes=\"(max-width: 2560px) 100vw, 2560px\" \/>\t\t\t\t<\/div>\n\t\t\t\t\t\t\t\t\t\t\t<\/div>\n\t<\/div>\n  [\/vc_column][\/vc_row][vc_row][vc_column]\t<div class=\"et-image-877 et-image     et_image_link\">\n\t\t<div class=\"et-image-inner \">\n\t\t\t\t\t\t\t<div class=\"et-image-thumb \">\n\t\t\t\t\t<img decoding=\"async\" width=\"2560\" height=\"1441\" src=\"https:\/\/svetslik.si\/wp-content\/uploads\/2021\/09\/20220321_090556-1-scaled.jpg\" class=\"attachment-full\" alt=\"Vasilij Kandinski \u2013\n  Munich-Schwabing with the Church of St. Ursula detail 2: reproduction, famous\n  painting, painting on canvas, detail 2\" title=\"Vasilij Kandinski \u2013\n  Munich-Schwabing with the Church of St. Ursula detail 2: reproduction, famous\n  painting, painting on canvas, detail 2\" srcset=\"https:\/\/svetslik.si\/wp-content\/uploads\/2021\/09\/20220321_090556-1-scaled.jpg 2560w, https:\/\/svetslik.si\/wp-content\/uploads\/2021\/09\/20220321_090556-1-600x338.jpg 600w, https:\/\/svetslik.si\/wp-content\/uploads\/2021\/09\/20220321_090556-1-scaled-1200x675.jpg 1200w, https:\/\/svetslik.si\/wp-content\/uploads\/2021\/09\/20220321_090556-1-300x169.jpg 300w, https:\/\/svetslik.si\/wp-content\/uploads\/2021\/09\/20220321_090556-1-1024x577.jpg 1024w, https:\/\/svetslik.si\/wp-content\/uploads\/2021\/09\/20220321_090556-1-768x432.jpg 768w, https:\/\/svetslik.si\/wp-content\/uploads\/2021\/09\/20220321_090556-1-1536x865.jpg 1536w, https:\/\/svetslik.si\/wp-content\/uploads\/2021\/09\/20220321_090556-1-2048x1153.jpg 2048w, https:\/\/svetslik.si\/wp-content\/uploads\/2021\/09\/20220321_090556-1-18x10.jpg 18w, https:\/\/svetslik.si\/wp-content\/uploads\/2021\/09\/20220321_090556-1-150x84.jpg 150w, https:\/\/svetslik.si\/wp-content\/uploads\/2021\/09\/20220321_090556-1-1320x743.jpg 1320w, https:\/\/svetslik.si\/wp-content\/uploads\/2021\/09\/20220321_090556-1-900x507.jpg 900w\" sizes=\"(max-width: 2560px) 100vw, 2560px\" \/>\t\t\t\t<\/div>\n\t\t\t\t\t\t\t\t\t\t\t<\/div>\n\t<\/div>\n  [\/vc_column][\/vc_row][vc_row][vc_column][vc_column_text]Vasilij Kandinsky is an important figure in the world of abstract art. One of his most famous paintings is &#8220;M\u00fcnchen-Schwabing with the Church of St. Ursula&#8221;, which is a stunning depiction of the city of Munich. This painting is an excellent example of Kandinsky&#8217;s unique style, characterized by bold colors and dynamic brushstrokes.<\/p>\n<p>The painting is set in Munich&#8217;s Schwabing neighborhood, known for its bohemian atmosphere and vibrant culture. In the background we can see the church of Saint Ursula, which is a famous landmark in the area. Kandinsky used a combination of warm and cool colors to create a sense of depth and movement in the painting. The use of contrasting colors and bold brushstrokes is a characteristic of Kandinsky&#8217;s style and is also evident in this painting.<\/p>\n<p>The painting is a perfect example of Kandinsky&#8217;s ability to capture the essence of a place and express it through his art. The use of vivid colors and dynamic brush strokes create a sense of energy and movement, making the viewer feel as if they are in the middle of the scene. This is one of the reasons why Kandinsky&#8217;s paintings are so popular among art lovers.<\/p>\n<p>In conclusion, let me say that &#8220;M\u00fcnchen-Schwabing with St. Ursula&#8217;s Church&#8221; is a wonderful painting that shows Kandinsky&#8217;s unique style and ability to capture the essence of a place through his art. The painting is a must for anyone interested in abstract art or the work of Wassily Kandinsky. By incorporating such work into your home, you can add a touch of beauty and culture to your living space. So if you want to make your home more beautiful, consider adding this picture to your collection.[\/vc_column_text][\/vc_column][\/vc_row]\n<\/div>","protected":false},"excerpt":{"rendered":"<p>[vc_row][vc_column][vc_column_text] Vasily Kandinsky &#8211; Munich-Schwabing with the Church of St. Ursula &nbsp; Year of Creation: 1908 Original size: 49 cm x 68.8 cm Paint style: Expressionism Original technique: Oil on canvas Located: National Gallery, Munich [\/vc_column_text][\/vc_column][\/vc_row][vc_row][vc_column][\/vc_column][\/vc_row][vc_row][vc_column][\/vc_column][\/vc_row][vc_row][vc_column][\/vc_column][\/vc_row][vc_row][vc_column][vc_column_text]Vasilij Kandinsky is an important figure in the world of abstract art. One of his [&hellip;]<\/p>\n","protected":false},"featured_media":78970,"template":"","meta":{"_acf_changed":false},"product_brand":[],"product_cat":[9814],"product_tag":[9839,9840,9870,9862,9863],"class_list":{"0":"post-82252","1":"product","2":"type-product","3":"status-publish","4":"has-post-thumbnail","6":"product_cat-vasilij-kandinski-en","7":"product_tag-kandinski-en","8":"product_tag-kandinsky-en","9":"product_tag-painter","10":"product_tag-reproduction-en","11":"product_tag-reproductions","12":"pa_dimenzija-110-x-150-cm-en","13":"pa_dimenzija-130-x-180-cm-en","14":"pa_dimenzija-40-x-55-cm-en","15":"pa_dimenzija-49-x-69-cm-en","16":"pa_dimenzija-60-x-80-cm-en","17":"pa_dimenzija-70-x-100-cm-en","18":"pa_dimenzija-80-x-110-cm-en","19":"pa_dimenzija-90-x-130-cm-en","20":"pa_oblika-vertical","21":"pa_okvir-without-frame","22":"pa_podokvir-without","23":"pa_podokvir-yes","25":"first","26":"onbackorder","27":"purchasable","28":"product-type-variable","29":"has-default-attributes"},"acf":[],"yoast_head":"<!-- This site is optimized with the Yoast SEO Premium plugin v26.0 (Yoast SEO v27.2) - https:\/\/yoast.com\/product\/yoast-seo-premium-wordpress\/ -->\n<title>Vasilij Kandinski - Munich-Schwabing with the Church of St. Ursula - SVETSLIK.SI - 100% hand painted<\/title>\n<meta name=\"description\" content=\"Vasilij Kandinski - Munich-Schwabing with the Church of St. Ursula - 100% hand-painted reproduction of famous paintings by famous artists. Wall art, abstract paintings and custom painted paintings by order.\" \/>\n<meta name=\"robots\" content=\"index, follow, max-snippet:-1, max-image-preview:large, max-video-preview:-1\" \/>\n<link rel=\"canonical\" href=\"https:\/\/svetslik.si\/en\/vasilij-kandinski-en\/munich-schwabing-with-the-church-of-st-ursula\/\" \/>\n<meta property=\"og:locale\" content=\"en_US\" \/>\n<meta property=\"og:type\" content=\"article\" \/>\n<meta property=\"og:title\" content=\"Vasilij Kandinski - Munich-Schwabing with the Church of St. Ursula\" \/>\n<meta property=\"og:description\" content=\"100% ro\u010dno naslikane slike na platnu, reprodukcije znanih slikarjev in umetni\u0161ke slike po naro\u010dilu.\" \/>\n<meta property=\"og:url\" content=\"https:\/\/svetslik.si\/en\/vasilij-kandinski-en\/munich-schwabing-with-the-church-of-st-ursula\/\" \/>\n<meta property=\"og:site_name\" content=\"SVETSLIK.SI\" \/>\n<meta property=\"article:publisher\" content=\"https:\/\/www.facebook.com\/svetslik.si\" \/>\n<meta property=\"article:modified_time\" content=\"2026-03-22T18:41:43+00:00\" \/>\n<meta property=\"og:image\" content=\"https:\/\/svetslik.si\/wp-content\/uploads\/2021\/08\/image_Munich-Schwabing-with-the-Church-of-St-Ursula_680.jpg\" \/>\n\t<meta property=\"og:image:width\" content=\"746\" \/>\n\t<meta property=\"og:image:height\" content=\"1067\" \/>\n\t<meta property=\"og:image:type\" content=\"image\/jpeg\" \/>\n<meta name=\"twitter:card\" content=\"summary_large_image\" \/>\n<meta name=\"twitter:site\" content=\"@svetslik\" \/>\n<meta name=\"twitter:label1\" content=\"Availability\" \/>\n\t<meta name=\"twitter:data1\" content=\"On backorder\" \/>\n<script type=\"application\/ld+json\" class=\"yoast-schema-graph\">{\"@context\":\"https:\/\/schema.org\",\"@graph\":[{\"@type\":[\"WebPage\",\"ItemPage\"],\"@id\":\"https:\/\/svetslik.si\/en\/vasilij-kandinski-en\/munich-schwabing-with-the-church-of-st-ursula\/\",\"url\":\"https:\/\/svetslik.si\/en\/vasilij-kandinski-en\/munich-schwabing-with-the-church-of-st-ursula\/\",\"name\":\"Vasilij Kandinski - Munich-Schwabing with the Church of St. Ursula - SVETSLIK.SI - 100% hand painted\",\"isPartOf\":{\"@id\":\"https:\/\/svetslik.si\/en\/#website\"},\"primaryImageOfPage\":{\"@id\":\"https:\/\/svetslik.si\/en\/vasilij-kandinski-en\/munich-schwabing-with-the-church-of-st-ursula\/#primaryimage\"},\"image\":{\"@id\":\"https:\/\/svetslik.si\/en\/vasilij-kandinski-en\/munich-schwabing-with-the-church-of-st-ursula\/#primaryimage\"},\"thumbnailUrl\":\"https:\/\/svetslik.si\/wp-content\/uploads\/2021\/08\/image_Munich-Schwabing-with-the-Church-of-St-Ursula_680.jpg\",\"datePublished\":\"2021-09-02T15:49:42+00:00\",\"dateModified\":\"2026-03-22T18:41:43+00:00\",\"description\":\"Vasilij Kandinski - Munich-Schwabing with the Church of St. Ursula - 100% hand-painted reproduction of famous paintings by famous artists. Wall art, abstract paintings and custom painted paintings by order.\",\"breadcrumb\":{\"@id\":\"https:\/\/svetslik.si\/en\/vasilij-kandinski-en\/munich-schwabing-with-the-church-of-st-ursula\/#breadcrumb\"},\"inLanguage\":\"en-US\",\"potentialAction\":[{\"@type\":\"ReadAction\",\"target\":[\"https:\/\/svetslik.si\/en\/vasilij-kandinski-en\/munich-schwabing-with-the-church-of-st-ursula\/\"]}]},{\"@type\":\"ImageObject\",\"inLanguage\":\"en-US\",\"@id\":\"https:\/\/svetslik.si\/en\/vasilij-kandinski-en\/munich-schwabing-with-the-church-of-st-ursula\/#primaryimage\",\"url\":\"https:\/\/svetslik.si\/wp-content\/uploads\/2021\/08\/image_Munich-Schwabing-with-the-Church-of-St-Ursula_680.jpg\",\"contentUrl\":\"https:\/\/svetslik.si\/wp-content\/uploads\/2021\/08\/image_Munich-Schwabing-with-the-Church-of-St-Ursula_680.jpg\",\"width\":746,\"height\":1067,\"caption\":\"Canvas Paintings - Vasily Kandinsky - Munich-Schwabing with the Church of St. Ursula - Hand-painted Reproductions of Famous Painters, Oil on Canvas, Modern Wall Art, Artistic Wall Paintings, Ambient, Abstract, Decorative Wall Art\"},{\"@type\":\"BreadcrumbList\",\"@id\":\"https:\/\/svetslik.si\/en\/vasilij-kandinski-en\/munich-schwabing-with-the-church-of-st-ursula\/#breadcrumb\",\"itemListElement\":[{\"@type\":\"ListItem\",\"position\":1,\"name\":\"Wall art and paintings on canvas\",\"item\":\"https:\/\/svetslik.si\/en\/\"},{\"@type\":\"ListItem\",\"position\":2,\"name\":\"Sale of paintings\",\"item\":\"https:\/\/svetslik.si\/prodaja-slik\/\"},{\"@type\":\"ListItem\",\"position\":3,\"name\":\"Vasilij Kandinski &#8211; Munich-Schwabing with the Church of St. Ursula\"}]},{\"@type\":\"WebSite\",\"@id\":\"https:\/\/svetslik.si\/en\/#website\",\"url\":\"https:\/\/svetslik.si\/en\/\",\"name\":\"SVETSLIK.SI\",\"description\":\"100% ru\u010dno naslikane reprodukcije slika poznatih slikara in umjetni\u010dke zidne slike na platnu.\",\"publisher\":{\"@id\":\"https:\/\/svetslik.si\/en\/#organization\"},\"potentialAction\":[{\"@type\":\"SearchAction\",\"target\":{\"@type\":\"EntryPoint\",\"urlTemplate\":\"https:\/\/svetslik.si\/en\/?s={search_term_string}\"},\"query-input\":{\"@type\":\"PropertyValueSpecification\",\"valueRequired\":true,\"valueName\":\"search_term_string\"}}],\"inLanguage\":\"en-US\"},{\"@type\":\"Organization\",\"@id\":\"https:\/\/svetslik.si\/en\/#organization\",\"name\":\"SvetSlik.si\",\"url\":\"https:\/\/svetslik.si\/en\/\",\"logo\":{\"@type\":\"ImageObject\",\"inLanguage\":\"en-US\",\"@id\":\"https:\/\/svetslik.si\/en\/#\/schema\/logo\/image\/\",\"url\":\"https:\/\/svetslik.si\/wp-content\/uploads\/2020\/12\/logo-512.png\",\"contentUrl\":\"https:\/\/svetslik.si\/wp-content\/uploads\/2020\/12\/logo-512.png\",\"width\":512,\"height\":512,\"caption\":\"SvetSlik.si\"},\"image\":{\"@id\":\"https:\/\/svetslik.si\/en\/#\/schema\/logo\/image\/\"},\"sameAs\":[\"https:\/\/www.facebook.com\/svetslik.si\",\"https:\/\/x.com\/svetslik\",\"https:\/\/www.instagram.com\/svetslik.si\/\",\"https:\/\/www.linkedin.com\/company\/svetslik-si\"]}]}<\/script>\n<meta property=\"og:availability\" content=\"backorder\" \/>\n<meta property=\"product:availability\" content=\"available for order\" \/>\n<meta property=\"product:retailer_item_id\" content=\"209__\" \/>\n<meta property=\"product:condition\" content=\"new\" \/>\n<!-- \/ Yoast SEO Premium plugin. -->","yoast_head_json":{"title":"Vasilij Kandinski - Munich-Schwabing with the Church of St. Ursula - SVETSLIK.SI - 100% hand painted","description":"Vasilij Kandinski - Munich-Schwabing with the Church of St. Ursula - 100% hand-painted reproduction of famous paintings by famous artists. Wall art, abstract paintings and custom painted paintings by order.","robots":{"index":"index","follow":"follow","max-snippet":"max-snippet:-1","max-image-preview":"max-image-preview:large","max-video-preview":"max-video-preview:-1"},"canonical":"https:\/\/svetslik.si\/en\/vasilij-kandinski-en\/munich-schwabing-with-the-church-of-st-ursula\/","og_locale":"en_US","og_type":"article","og_title":"Vasilij Kandinski - Munich-Schwabing with the Church of St. Ursula","og_description":"100% ro\u010dno naslikane slike na platnu, reprodukcije znanih slikarjev in umetni\u0161ke slike po naro\u010dilu.","og_url":"https:\/\/svetslik.si\/en\/vasilij-kandinski-en\/munich-schwabing-with-the-church-of-st-ursula\/","og_site_name":"SVETSLIK.SI","article_publisher":"https:\/\/www.facebook.com\/svetslik.si","article_modified_time":"2026-03-22T18:41:43+00:00","og_image":[{"width":746,"height":1067,"url":"https:\/\/svetslik.si\/wp-content\/uploads\/2021\/08\/image_Munich-Schwabing-with-the-Church-of-St-Ursula_680.jpg","type":"image\/jpeg"}],"twitter_card":"summary_large_image","twitter_site":"@svetslik","twitter_misc":{"Availability":"On backorder"},"schema":{"@context":"https:\/\/schema.org","@graph":[{"@type":["WebPage","ItemPage"],"@id":"https:\/\/svetslik.si\/en\/vasilij-kandinski-en\/munich-schwabing-with-the-church-of-st-ursula\/","url":"https:\/\/svetslik.si\/en\/vasilij-kandinski-en\/munich-schwabing-with-the-church-of-st-ursula\/","name":"Vasilij Kandinski - Munich-Schwabing with the Church of St. Ursula - SVETSLIK.SI - 100% hand painted","isPartOf":{"@id":"https:\/\/svetslik.si\/en\/#website"},"primaryImageOfPage":{"@id":"https:\/\/svetslik.si\/en\/vasilij-kandinski-en\/munich-schwabing-with-the-church-of-st-ursula\/#primaryimage"},"image":{"@id":"https:\/\/svetslik.si\/en\/vasilij-kandinski-en\/munich-schwabing-with-the-church-of-st-ursula\/#primaryimage"},"thumbnailUrl":"https:\/\/svetslik.si\/wp-content\/uploads\/2021\/08\/image_Munich-Schwabing-with-the-Church-of-St-Ursula_680.jpg","datePublished":"2021-09-02T15:49:42+00:00","dateModified":"2026-03-22T18:41:43+00:00","description":"Vasilij Kandinski - Munich-Schwabing with the Church of St. Ursula - 100% hand-painted reproduction of famous paintings by famous artists. Wall art, abstract paintings and custom painted paintings by order.","breadcrumb":{"@id":"https:\/\/svetslik.si\/en\/vasilij-kandinski-en\/munich-schwabing-with-the-church-of-st-ursula\/#breadcrumb"},"inLanguage":"en-US","potentialAction":[{"@type":"ReadAction","target":["https:\/\/svetslik.si\/en\/vasilij-kandinski-en\/munich-schwabing-with-the-church-of-st-ursula\/"]}]},{"@type":"ImageObject","inLanguage":"en-US","@id":"https:\/\/svetslik.si\/en\/vasilij-kandinski-en\/munich-schwabing-with-the-church-of-st-ursula\/#primaryimage","url":"https:\/\/svetslik.si\/wp-content\/uploads\/2021\/08\/image_Munich-Schwabing-with-the-Church-of-St-Ursula_680.jpg","contentUrl":"https:\/\/svetslik.si\/wp-content\/uploads\/2021\/08\/image_Munich-Schwabing-with-the-Church-of-St-Ursula_680.jpg","width":746,"height":1067,"caption":"Canvas Paintings - Vasily Kandinsky - Munich-Schwabing with the Church of St. Ursula - Hand-painted Reproductions of Famous Painters, Oil on Canvas, Modern Wall Art, Artistic Wall Paintings, Ambient, Abstract, Decorative Wall Art"},{"@type":"BreadcrumbList","@id":"https:\/\/svetslik.si\/en\/vasilij-kandinski-en\/munich-schwabing-with-the-church-of-st-ursula\/#breadcrumb","itemListElement":[{"@type":"ListItem","position":1,"name":"Wall art and paintings on canvas","item":"https:\/\/svetslik.si\/en\/"},{"@type":"ListItem","position":2,"name":"Sale of paintings","item":"https:\/\/svetslik.si\/prodaja-slik\/"},{"@type":"ListItem","position":3,"name":"Vasilij Kandinski &#8211; Munich-Schwabing with the Church of St. Ursula"}]},{"@type":"WebSite","@id":"https:\/\/svetslik.si\/en\/#website","url":"https:\/\/svetslik.si\/en\/","name":"SVETSLIK.SI","description":"100% ru\u010dno naslikane reprodukcije slika poznatih slikara in umjetni\u010dke zidne slike na platnu.","publisher":{"@id":"https:\/\/svetslik.si\/en\/#organization"},"potentialAction":[{"@type":"SearchAction","target":{"@type":"EntryPoint","urlTemplate":"https:\/\/svetslik.si\/en\/?s={search_term_string}"},"query-input":{"@type":"PropertyValueSpecification","valueRequired":true,"valueName":"search_term_string"}}],"inLanguage":"en-US"},{"@type":"Organization","@id":"https:\/\/svetslik.si\/en\/#organization","name":"SvetSlik.si","url":"https:\/\/svetslik.si\/en\/","logo":{"@type":"ImageObject","inLanguage":"en-US","@id":"https:\/\/svetslik.si\/en\/#\/schema\/logo\/image\/","url":"https:\/\/svetslik.si\/wp-content\/uploads\/2020\/12\/logo-512.png","contentUrl":"https:\/\/svetslik.si\/wp-content\/uploads\/2020\/12\/logo-512.png","width":512,"height":512,"caption":"SvetSlik.si"},"image":{"@id":"https:\/\/svetslik.si\/en\/#\/schema\/logo\/image\/"},"sameAs":["https:\/\/www.facebook.com\/svetslik.si","https:\/\/x.com\/svetslik","https:\/\/www.instagram.com\/svetslik.si\/","https:\/\/www.linkedin.com\/company\/svetslik-si"]}]},"og_availability":"backorder","product_availability":"available for order","product_retailer_item_id":"209__","product_condition":"new"},"jetpack_sharing_enabled":true,"_links":{"self":[{"href":"https:\/\/svetslik.si\/en\/wp-json\/wp\/v2\/product\/82252","targetHints":{"allow":["GET"]}}],"collection":[{"href":"https:\/\/svetslik.si\/en\/wp-json\/wp\/v2\/product"}],"about":[{"href":"https:\/\/svetslik.si\/en\/wp-json\/wp\/v2\/types\/product"}],"wp:featuredmedia":[{"embeddable":true,"href":"https:\/\/svetslik.si\/en\/wp-json\/wp\/v2\/media\/78970"}],"wp:attachment":[{"href":"https:\/\/svetslik.si\/en\/wp-json\/wp\/v2\/media?parent=82252"}],"wp:term":[{"taxonomy":"product_brand","embeddable":true,"href":"https:\/\/svetslik.si\/en\/wp-json\/wp\/v2\/product_brand?post=82252"},{"taxonomy":"product_cat","embeddable":true,"href":"https:\/\/svetslik.si\/en\/wp-json\/wp\/v2\/product_cat?post=82252"},{"taxonomy":"product_tag","embeddable":true,"href":"https:\/\/svetslik.si\/en\/wp-json\/wp\/v2\/product_tag?post=82252"}],"curies":[{"name":"wp","href":"https:\/\/api.w.org\/{rel}","templated":true}]}}