{"id":82404,"date":"2021-09-02T17:50:55","date_gmt":"2021-09-02T15:50:55","guid":{"rendered":"https:\/\/svetslik.si\/uncategorized\/where-do-we-come-from-what-are-we-where-are-we-going\/"},"modified":"2026-03-22T19:44:50","modified_gmt":"2026-03-22T18:44:50","slug":"where-do-we-come-from-what-are-we-where-are-we-going","status":"publish","type":"product","link":"https:\/\/svetslik.si\/en\/paul-gauguin-en\/where-do-we-come-from-what-are-we-where-are-we-going\/","title":{"rendered":"Paul Gauguin &#8211; Where Do We Come From? What Are We? Where Are We Going?"},"content":{"rendered":"<div class=\"wpb-content-wrapper\">[vc_row css=&#8221;.vc_custom_1640131920483{margin-bottom: 20px !important;}&#8221;][vc_column]\t<div class=\"et-image-910 et-image  full   et_image_link\">\n\t\t<div class=\"et-image-inner \">\n\t\t\t\t\t\t\t<div class=\"et-image-thumb \">\n\t\t\t\t\t<img decoding=\"async\" width=\"2560\" height=\"1537\" src=\"https:\/\/svetslik.si\/wp-content\/uploads\/2021\/09\/20210915_110637-scaled.jpg\" class=\"attachment-full\" alt=\"Paul Gauguin - Where Do We Come From? What Are We? Where Are We Going? - canvas painting\" title=\"Paul Gauguin - Where Do We Come From? What Are We? Where Are We Going? - canvas painting\" srcset=\"https:\/\/svetslik.si\/wp-content\/uploads\/2021\/09\/20210915_110637-scaled.jpg 2560w, https:\/\/svetslik.si\/wp-content\/uploads\/2021\/09\/20210915_110637-600x360.jpg 600w, https:\/\/svetslik.si\/wp-content\/uploads\/2021\/09\/20210915_110637-scaled-1200x720.jpg 1200w, https:\/\/svetslik.si\/wp-content\/uploads\/2021\/09\/20210915_110637-300x180.jpg 300w, https:\/\/svetslik.si\/wp-content\/uploads\/2021\/09\/20210915_110637-1024x615.jpg 1024w, https:\/\/svetslik.si\/wp-content\/uploads\/2021\/09\/20210915_110637-768x461.jpg 768w, https:\/\/svetslik.si\/wp-content\/uploads\/2021\/09\/20210915_110637-1536x922.jpg 1536w, https:\/\/svetslik.si\/wp-content\/uploads\/2021\/09\/20210915_110637-2048x1230.jpg 2048w, https:\/\/svetslik.si\/wp-content\/uploads\/2021\/09\/20210915_110637-150x90.jpg 150w, https:\/\/svetslik.si\/wp-content\/uploads\/2021\/09\/20210915_110637-1320x793.jpg 1320w, https:\/\/svetslik.si\/wp-content\/uploads\/2021\/09\/20210915_110637-900x540.jpg 900w\" sizes=\"(max-width: 2560px) 100vw, 2560px\" \/>\t\t\t\t<\/div>\n\t\t\t\t\t\t\t\t\t\t\t<\/div>\n\t<\/div>\n  [\/vc_column][\/vc_row][vc_row css=&#8221;.vc_custom_1640131920483{margin-bottom: 20px !important;}&#8221;][vc_column]\t<div class=\"et-image-176 et-image  full   et_image_link\">\n\t\t<div class=\"et-image-inner \">\n\t\t\t\t\t\t\t<div class=\"et-image-thumb \">\n\t\t\t\t\t<img decoding=\"async\" width=\"2560\" height=\"1465\" src=\"https:\/\/svetslik.si\/wp-content\/uploads\/2021\/12\/Paul-Gaugin-Where-Do-We-Come-From-What-Are-We-Where-Are-We-Going-slika-na-platnu-scaled.jpg\" class=\"attachment-full\" alt=\"Wall painting on canvas - Paul Gauguin - Where Do We Come From? What Are We? Where Are We Going?\" title=\"Wall painting on canvas - Paul Gauguin - Where Do We Come From? What Are We? Where Are We Going?\" srcset=\"https:\/\/svetslik.si\/wp-content\/uploads\/2021\/12\/Paul-Gaugin-Where-Do-We-Come-From-What-Are-We-Where-Are-We-Going-slika-na-platnu-scaled.jpg 2560w, https:\/\/svetslik.si\/wp-content\/uploads\/2021\/12\/Paul-Gaugin-Where-Do-We-Come-From-What-Are-We-Where-Are-We-Going-slika-na-platnu-600x343.jpg 600w, https:\/\/svetslik.si\/wp-content\/uploads\/2021\/12\/Paul-Gaugin-Where-Do-We-Come-From-What-Are-We-Where-Are-We-Going-slika-na-platnu-scaled-1200x687.jpg 1200w, https:\/\/svetslik.si\/wp-content\/uploads\/2021\/12\/Paul-Gaugin-Where-Do-We-Come-From-What-Are-We-Where-Are-We-Going-slika-na-platnu-300x172.jpg 300w, https:\/\/svetslik.si\/wp-content\/uploads\/2021\/12\/Paul-Gaugin-Where-Do-We-Come-From-What-Are-We-Where-Are-We-Going-slika-na-platnu-1024x586.jpg 1024w, https:\/\/svetslik.si\/wp-content\/uploads\/2021\/12\/Paul-Gaugin-Where-Do-We-Come-From-What-Are-We-Where-Are-We-Going-slika-na-platnu-768x439.jpg 768w, https:\/\/svetslik.si\/wp-content\/uploads\/2021\/12\/Paul-Gaugin-Where-Do-We-Come-From-What-Are-We-Where-Are-We-Going-slika-na-platnu-1536x879.jpg 1536w, https:\/\/svetslik.si\/wp-content\/uploads\/2021\/12\/Paul-Gaugin-Where-Do-We-Come-From-What-Are-We-Where-Are-We-Going-slika-na-platnu-2048x1172.jpg 2048w, https:\/\/svetslik.si\/wp-content\/uploads\/2021\/12\/Paul-Gaugin-Where-Do-We-Come-From-What-Are-We-Where-Are-We-Going-slika-na-platnu-150x86.jpg 150w, https:\/\/svetslik.si\/wp-content\/uploads\/2021\/12\/Paul-Gaugin-Where-Do-We-Come-From-What-Are-We-Where-Are-We-Going-slika-na-platnu-1320x755.jpg 1320w, https:\/\/svetslik.si\/wp-content\/uploads\/2021\/12\/Paul-Gaugin-Where-Do-We-Come-From-What-Are-We-Where-Are-We-Going-slika-na-platnu-900x515.jpg 900w\" sizes=\"(max-width: 2560px) 100vw, 2560px\" \/>\t\t\t\t<\/div>\n\t\t\t\t\t\t\t\t\t\t\t<\/div>\n\t<\/div>\n  [\/vc_column][\/vc_row]\n<h1>Paul Gauguin &#8211; Where Do We Come From? What Are We? Where Are We Going?<\/h1>\n<p>&nbsp;<\/p>\n<table style=\"width: 619px;\" border=\"0\" width=\"619\" cellspacing=\"0\" cellpadding=\"0\">\n<tbody>\n<tr>\n<td style=\"width: 180px; height: 21px;\" height=\"21\">Year of Creation:<\/td>\n<td style=\"width: 439px;\">1897<\/td>\n<\/tr>\n<tr>\n<td style=\"width: 180px; height: 21px;\" height=\"21\">Original size:<\/td>\n<td style=\"width: 439px;\">374.6 cm x 139.1 cm<\/td>\n<\/tr>\n<tr>\n<td style=\"width: 180px; height: 21px;\" height=\"21\">Paint style:<\/td>\n<td style=\"width: 439px;\">Symbolism<\/td>\n<\/tr>\n<tr>\n<td style=\"width: 180px; height: 21px;\" height=\"21\">Original technique:<\/td>\n<td style=\"width: 439px;\">Oil on canvas<\/td>\n<\/tr>\n<tr>\n<td style=\"width: 180px; height: 21px;\" height=\"21\">Located:<\/td>\n<td style=\"width: 439px;\">Museum of Fine Arts, Boston<\/td>\n<\/tr>\n<\/tbody>\n<colgroup>\n<col \/>\n<col \/> <\/colgroup>\n<\/table>\n<p>&nbsp;<\/p>\n<div>\n<p>Oil on canvas <em>Where Do We Come From? What Are We? Where Are We Going?<\/em>is one of Gauguin&#8217;s most important paintings on canvas.<\/p>\n<\/div>\n<div>\n<p>Gauguin vowed to commit suicide after completing this painting &#8211; something he had attempted in the past. According to the author, the oil on canvas should be studied from right to left, with the three main groups of figures on the canvas representing the questions Gauguin added to the painting.<\/p>\n<\/div>\n<div>\n<p>Three women with a child represent the beginning of life; the group in the middle symbolizes the existence of the adolescent years; and in the final group on the left side of the canvas, the artist has painted an elderly woman who seems resigned to the imminent arrival of death and is absorbed in her own thoughts. At her feet, a strange white bird represents the meaninglessness of words. The blue statuette in the background represents what Gauguin himself described as &#8220;the other world&#8221;.<\/p>\n<\/div>\n<div>\n<p>Gauguin is for oil on canvas <strong><em>Where Do We Come From? What Are We? Where Are We Going?<\/em><\/strong>said that it surpassed all his previous works and that he would never be able to paint a picture better than this one in the future.<\/p>\n<\/div>\n<p>It is a large-scale oil painting full of philosophies, and according to the artist himself, he completed this work with the greatest enthusiasm, because Gauguin had previously been forced to commit suicide by poverty and despair. He synthesizes the fantasies of dreams and the feelings of life in Tahiti into this composition. The three-level composition of this painting arranges three protagonists from right to left, a baby, a young man picking fruit and an old woman, who alternately reveal to us the secrets of birth, life and death. It is a process that human beings must go through throughout their lives, but it is also Gauguin&#8217;s summary of his own inner thinking and proof that his life was not wasted. The color of the painting is simple and full of mystery, and the technique of the plot is full of oriental decoration and romance, and the painter&#8217;s philosophical questioning about the meaning of life is implied in the mottled, beautiful and dreamy pictures.<\/p>\n<div>\n<p><strong>Paul Gauguin<\/strong> (1848-1903), a representative painter of post-impressionism. Gauguin was born in Paris, the son of a journalist and the daughter of a Peruvian writer. Gauguin&#8217;s paintings are unique in the history of Western modern art for their primitive and symbolic tendencies, as well as for their so-called &#8220;synthesis&#8221; style. Gauguin was a sailor and businessman in his early years. In 1871 he came to Paris to become a stockbroker. During this time, under the influence of his friend Schfnack, he became interested in painting. In 1883, Gauguin, who had always been an amateur painter, suddenly abandoned his promising and enviable banking position and decided to become a professional painter. He was 35 years old at the time. At first he was obsessed with impressionist painting and participated in several impressionist painting exhibitions. Later, when he was driven by the aesthetic concept of symbolism, he left impressionism and opposed the impressionistic artistic aspiration for the objective recreation of nature and advocated the distinction of artistic images. The objective image is at the same time full of subjective feelings of the artist.<\/p>\n<\/div>\n<div><\/div>\n<p>&nbsp;<\/p>\n<\/div>","protected":false},"excerpt":{"rendered":"<p>[vc_row css=&#8221;.vc_custom_1640131920483{margin-bottom: 20px !important;}&#8221;][vc_column][\/vc_column][\/vc_row][vc_row css=&#8221;.vc_custom_1640131920483{margin-bottom: 20px !important;}&#8221;][vc_column][\/vc_column][\/vc_row] Paul Gauguin &#8211; Where Do We Come From? What Are We? Where Are We Going? &nbsp; Year of Creation: 1897 Original size: 374.6 cm x 139.1 cm Paint style: Symbolism Original technique: Oil on canvas Located: Museum of Fine Arts, Boston &nbsp; Oil [&hellip;]<\/p>\n","protected":false},"featured_media":79469,"template":"","meta":{"_acf_changed":false},"product_brand":[],"product_cat":[9812],"product_tag":[9836,9870,9862,9863],"class_list":{"0":"post-82404","1":"product","2":"type-product","3":"status-publish","4":"has-post-thumbnail","6":"product_cat-paul-gauguin-en","7":"product_tag-gaugin-en","8":"product_tag-painter","9":"product_tag-reproduction-en","10":"product_tag-reproductions","11":"pa_dimenzija-200-x-75-cm","12":"pa_dimenzija-220-x-80-cm","13":"pa_dimenzija-240-x-90-cm","14":"pa_dimenzija-260-x-100-cm","15":"pa_dimenzija-280-x-105-cm","16":"pa_dimenzija-300-x-110-cm","17":"pa_dimenzija-320-x-120-cm","18":"pa_dimenzija-375-x-139-cm","19":"pa_oblika-horizontal","20":"pa_okvir-without-frame","21":"pa_podokvir-without","22":"pa_podokvir-yes","24":"first","25":"onbackorder","26":"purchasable","27":"product-type-variable","28":"has-default-attributes"},"acf":[],"yoast_head":"<!-- This site is optimized with the Yoast SEO Premium plugin v26.0 (Yoast SEO v27.2) - https:\/\/yoast.com\/product\/yoast-seo-premium-wordpress\/ -->\n<title>Paul Gauguin - Where Do We Come From? What Are We? Where Are We Going? - SVETSLIK.SI - 100% hand painted<\/title>\n<meta name=\"description\" content=\"Paul Gauguin - Where Do We Come From? What Are We? Where Are We Going? - 100% hand-painted reproduction of famous paintings by famous artists. Wall art, abstract paintings and custom painted paintings by order.\" \/>\n<meta name=\"robots\" content=\"index, follow, max-snippet:-1, max-image-preview:large, max-video-preview:-1\" \/>\n<link rel=\"canonical\" href=\"https:\/\/svetslik.si\/en\/paul-gauguin-en\/where-do-we-come-from-what-are-we-where-are-we-going\/\" \/>\n<meta property=\"og:locale\" content=\"en_US\" \/>\n<meta property=\"og:type\" content=\"article\" \/>\n<meta property=\"og:title\" content=\"Paul Gauguin - Where Do We Come From? What Are We? Where Are We Going?\" \/>\n<meta property=\"og:description\" content=\"100% ro\u010dno naslikane slike na platnu, reprodukcije znanih slikarjev in umetni\u0161ke slike po naro\u010dilu.\" \/>\n<meta property=\"og:url\" content=\"https:\/\/svetslik.si\/en\/paul-gauguin-en\/where-do-we-come-from-what-are-we-where-are-we-going\/\" \/>\n<meta property=\"og:site_name\" content=\"SVETSLIK.SI\" \/>\n<meta property=\"article:publisher\" content=\"https:\/\/www.facebook.com\/svetslik.si\" \/>\n<meta property=\"article:modified_time\" content=\"2026-03-22T18:44:50+00:00\" \/>\n<meta property=\"og:image\" content=\"https:\/\/svetslik.si\/wp-content\/uploads\/2021\/08\/image_Where-Do-We-Come-From-What-Are-We-Where-Are-We-Going-Paul-Gauguin_680.jpg\" \/>\n\t<meta property=\"og:image:width\" content=\"2559\" \/>\n\t<meta property=\"og:image:height\" content=\"973\" \/>\n\t<meta property=\"og:image:type\" content=\"image\/jpeg\" \/>\n<meta name=\"twitter:card\" content=\"summary_large_image\" \/>\n<meta name=\"twitter:site\" content=\"@svetslik\" \/>\n<meta name=\"twitter:label1\" content=\"Availability\" \/>\n\t<meta name=\"twitter:data1\" content=\"On backorder\" \/>\n<script type=\"application\/ld+json\" class=\"yoast-schema-graph\">{\"@context\":\"https:\/\/schema.org\",\"@graph\":[{\"@type\":[\"WebPage\",\"ItemPage\"],\"@id\":\"https:\/\/svetslik.si\/en\/paul-gauguin-en\/where-do-we-come-from-what-are-we-where-are-we-going\/\",\"url\":\"https:\/\/svetslik.si\/en\/paul-gauguin-en\/where-do-we-come-from-what-are-we-where-are-we-going\/\",\"name\":\"Paul Gauguin - Where Do We Come From? What Are We? Where Are We Going? - SVETSLIK.SI - 100% hand painted\",\"isPartOf\":{\"@id\":\"https:\/\/svetslik.si\/en\/#website\"},\"primaryImageOfPage\":{\"@id\":\"https:\/\/svetslik.si\/en\/paul-gauguin-en\/where-do-we-come-from-what-are-we-where-are-we-going\/#primaryimage\"},\"image\":{\"@id\":\"https:\/\/svetslik.si\/en\/paul-gauguin-en\/where-do-we-come-from-what-are-we-where-are-we-going\/#primaryimage\"},\"thumbnailUrl\":\"https:\/\/svetslik.si\/wp-content\/uploads\/2021\/08\/image_Where-Do-We-Come-From-What-Are-We-Where-Are-We-Going-Paul-Gauguin_680.jpg\",\"datePublished\":\"2021-09-02T15:50:55+00:00\",\"dateModified\":\"2026-03-22T18:44:50+00:00\",\"description\":\"Paul Gauguin - Where Do We Come From? What Are We? Where Are We Going? - 100% hand-painted reproduction of famous paintings by famous artists. Wall art, abstract paintings and custom painted paintings by order.\",\"breadcrumb\":{\"@id\":\"https:\/\/svetslik.si\/en\/paul-gauguin-en\/where-do-we-come-from-what-are-we-where-are-we-going\/#breadcrumb\"},\"inLanguage\":\"en-US\",\"potentialAction\":[{\"@type\":\"ReadAction\",\"target\":[\"https:\/\/svetslik.si\/en\/paul-gauguin-en\/where-do-we-come-from-what-are-we-where-are-we-going\/\"]}]},{\"@type\":\"ImageObject\",\"inLanguage\":\"en-US\",\"@id\":\"https:\/\/svetslik.si\/en\/paul-gauguin-en\/where-do-we-come-from-what-are-we-where-are-we-going\/#primaryimage\",\"url\":\"https:\/\/svetslik.si\/wp-content\/uploads\/2021\/08\/image_Where-Do-We-Come-From-What-Are-We-Where-Are-We-Going-Paul-Gauguin_680.jpg\",\"contentUrl\":\"https:\/\/svetslik.si\/wp-content\/uploads\/2021\/08\/image_Where-Do-We-Come-From-What-Are-We-Where-Are-We-Going-Paul-Gauguin_680.jpg\",\"width\":2559,\"height\":973,\"caption\":\"Paul Gauguin - Where Do We Come From? What Are We? Where Are We Going? - Vasilij Kandinski - White Cross (Wei\u00dfes Kreuz) - Reproductions of famous paintings, modern wall art, artistic paintings for walls\"},{\"@type\":\"BreadcrumbList\",\"@id\":\"https:\/\/svetslik.si\/en\/paul-gauguin-en\/where-do-we-come-from-what-are-we-where-are-we-going\/#breadcrumb\",\"itemListElement\":[{\"@type\":\"ListItem\",\"position\":1,\"name\":\"Wall art and paintings on canvas\",\"item\":\"https:\/\/svetslik.si\/en\/\"},{\"@type\":\"ListItem\",\"position\":2,\"name\":\"Sale of paintings\",\"item\":\"https:\/\/svetslik.si\/prodaja-slik\/\"},{\"@type\":\"ListItem\",\"position\":3,\"name\":\"Paul Gauguin &#8211; Where Do We Come From? What Are We? Where Are We Going?\"}]},{\"@type\":\"WebSite\",\"@id\":\"https:\/\/svetslik.si\/en\/#website\",\"url\":\"https:\/\/svetslik.si\/en\/\",\"name\":\"SVETSLIK.SI\",\"description\":\"100% ru\u010dno naslikane reprodukcije slika poznatih slikara in umjetni\u010dke zidne slike na platnu.\",\"publisher\":{\"@id\":\"https:\/\/svetslik.si\/en\/#organization\"},\"potentialAction\":[{\"@type\":\"SearchAction\",\"target\":{\"@type\":\"EntryPoint\",\"urlTemplate\":\"https:\/\/svetslik.si\/en\/?s={search_term_string}\"},\"query-input\":{\"@type\":\"PropertyValueSpecification\",\"valueRequired\":true,\"valueName\":\"search_term_string\"}}],\"inLanguage\":\"en-US\"},{\"@type\":\"Organization\",\"@id\":\"https:\/\/svetslik.si\/en\/#organization\",\"name\":\"SvetSlik.si\",\"url\":\"https:\/\/svetslik.si\/en\/\",\"logo\":{\"@type\":\"ImageObject\",\"inLanguage\":\"en-US\",\"@id\":\"https:\/\/svetslik.si\/en\/#\/schema\/logo\/image\/\",\"url\":\"https:\/\/svetslik.si\/wp-content\/uploads\/2020\/12\/logo-512.png\",\"contentUrl\":\"https:\/\/svetslik.si\/wp-content\/uploads\/2020\/12\/logo-512.png\",\"width\":512,\"height\":512,\"caption\":\"SvetSlik.si\"},\"image\":{\"@id\":\"https:\/\/svetslik.si\/en\/#\/schema\/logo\/image\/\"},\"sameAs\":[\"https:\/\/www.facebook.com\/svetslik.si\",\"https:\/\/x.com\/svetslik\",\"https:\/\/www.instagram.com\/svetslik.si\/\",\"https:\/\/www.linkedin.com\/company\/svetslik-si\"]}]}<\/script>\n<meta property=\"og:availability\" content=\"backorder\" \/>\n<meta property=\"product:availability\" content=\"available for order\" \/>\n<meta property=\"product:retailer_item_id\" content=\"228__\" \/>\n<meta property=\"product:condition\" content=\"new\" \/>\n<!-- \/ Yoast SEO Premium plugin. -->","yoast_head_json":{"title":"Paul Gauguin - Where Do We Come From? What Are We? Where Are We Going? - SVETSLIK.SI - 100% hand painted","description":"Paul Gauguin - Where Do We Come From? What Are We? Where Are We Going? - 100% hand-painted reproduction of famous paintings by famous artists. Wall art, abstract paintings and custom painted paintings by order.","robots":{"index":"index","follow":"follow","max-snippet":"max-snippet:-1","max-image-preview":"max-image-preview:large","max-video-preview":"max-video-preview:-1"},"canonical":"https:\/\/svetslik.si\/en\/paul-gauguin-en\/where-do-we-come-from-what-are-we-where-are-we-going\/","og_locale":"en_US","og_type":"article","og_title":"Paul Gauguin - Where Do We Come From? What Are We? Where Are We Going?","og_description":"100% ro\u010dno naslikane slike na platnu, reprodukcije znanih slikarjev in umetni\u0161ke slike po naro\u010dilu.","og_url":"https:\/\/svetslik.si\/en\/paul-gauguin-en\/where-do-we-come-from-what-are-we-where-are-we-going\/","og_site_name":"SVETSLIK.SI","article_publisher":"https:\/\/www.facebook.com\/svetslik.si","article_modified_time":"2026-03-22T18:44:50+00:00","og_image":[{"width":2559,"height":973,"url":"https:\/\/svetslik.si\/wp-content\/uploads\/2021\/08\/image_Where-Do-We-Come-From-What-Are-We-Where-Are-We-Going-Paul-Gauguin_680.jpg","type":"image\/jpeg"}],"twitter_card":"summary_large_image","twitter_site":"@svetslik","twitter_misc":{"Availability":"On backorder"},"schema":{"@context":"https:\/\/schema.org","@graph":[{"@type":["WebPage","ItemPage"],"@id":"https:\/\/svetslik.si\/en\/paul-gauguin-en\/where-do-we-come-from-what-are-we-where-are-we-going\/","url":"https:\/\/svetslik.si\/en\/paul-gauguin-en\/where-do-we-come-from-what-are-we-where-are-we-going\/","name":"Paul Gauguin - Where Do We Come From? What Are We? Where Are We Going? - SVETSLIK.SI - 100% hand painted","isPartOf":{"@id":"https:\/\/svetslik.si\/en\/#website"},"primaryImageOfPage":{"@id":"https:\/\/svetslik.si\/en\/paul-gauguin-en\/where-do-we-come-from-what-are-we-where-are-we-going\/#primaryimage"},"image":{"@id":"https:\/\/svetslik.si\/en\/paul-gauguin-en\/where-do-we-come-from-what-are-we-where-are-we-going\/#primaryimage"},"thumbnailUrl":"https:\/\/svetslik.si\/wp-content\/uploads\/2021\/08\/image_Where-Do-We-Come-From-What-Are-We-Where-Are-We-Going-Paul-Gauguin_680.jpg","datePublished":"2021-09-02T15:50:55+00:00","dateModified":"2026-03-22T18:44:50+00:00","description":"Paul Gauguin - Where Do We Come From? What Are We? Where Are We Going? - 100% hand-painted reproduction of famous paintings by famous artists. Wall art, abstract paintings and custom painted paintings by order.","breadcrumb":{"@id":"https:\/\/svetslik.si\/en\/paul-gauguin-en\/where-do-we-come-from-what-are-we-where-are-we-going\/#breadcrumb"},"inLanguage":"en-US","potentialAction":[{"@type":"ReadAction","target":["https:\/\/svetslik.si\/en\/paul-gauguin-en\/where-do-we-come-from-what-are-we-where-are-we-going\/"]}]},{"@type":"ImageObject","inLanguage":"en-US","@id":"https:\/\/svetslik.si\/en\/paul-gauguin-en\/where-do-we-come-from-what-are-we-where-are-we-going\/#primaryimage","url":"https:\/\/svetslik.si\/wp-content\/uploads\/2021\/08\/image_Where-Do-We-Come-From-What-Are-We-Where-Are-We-Going-Paul-Gauguin_680.jpg","contentUrl":"https:\/\/svetslik.si\/wp-content\/uploads\/2021\/08\/image_Where-Do-We-Come-From-What-Are-We-Where-Are-We-Going-Paul-Gauguin_680.jpg","width":2559,"height":973,"caption":"Paul Gauguin - Where Do We Come From? What Are We? Where Are We Going? - Vasilij Kandinski - White Cross (Wei\u00dfes Kreuz) - Reproductions of famous paintings, modern wall art, artistic paintings for walls"},{"@type":"BreadcrumbList","@id":"https:\/\/svetslik.si\/en\/paul-gauguin-en\/where-do-we-come-from-what-are-we-where-are-we-going\/#breadcrumb","itemListElement":[{"@type":"ListItem","position":1,"name":"Wall art and paintings on canvas","item":"https:\/\/svetslik.si\/en\/"},{"@type":"ListItem","position":2,"name":"Sale of paintings","item":"https:\/\/svetslik.si\/prodaja-slik\/"},{"@type":"ListItem","position":3,"name":"Paul Gauguin &#8211; Where Do We Come From? What Are We? Where Are We Going?"}]},{"@type":"WebSite","@id":"https:\/\/svetslik.si\/en\/#website","url":"https:\/\/svetslik.si\/en\/","name":"SVETSLIK.SI","description":"100% ru\u010dno naslikane reprodukcije slika poznatih slikara in umjetni\u010dke zidne slike na platnu.","publisher":{"@id":"https:\/\/svetslik.si\/en\/#organization"},"potentialAction":[{"@type":"SearchAction","target":{"@type":"EntryPoint","urlTemplate":"https:\/\/svetslik.si\/en\/?s={search_term_string}"},"query-input":{"@type":"PropertyValueSpecification","valueRequired":true,"valueName":"search_term_string"}}],"inLanguage":"en-US"},{"@type":"Organization","@id":"https:\/\/svetslik.si\/en\/#organization","name":"SvetSlik.si","url":"https:\/\/svetslik.si\/en\/","logo":{"@type":"ImageObject","inLanguage":"en-US","@id":"https:\/\/svetslik.si\/en\/#\/schema\/logo\/image\/","url":"https:\/\/svetslik.si\/wp-content\/uploads\/2020\/12\/logo-512.png","contentUrl":"https:\/\/svetslik.si\/wp-content\/uploads\/2020\/12\/logo-512.png","width":512,"height":512,"caption":"SvetSlik.si"},"image":{"@id":"https:\/\/svetslik.si\/en\/#\/schema\/logo\/image\/"},"sameAs":["https:\/\/www.facebook.com\/svetslik.si","https:\/\/x.com\/svetslik","https:\/\/www.instagram.com\/svetslik.si\/","https:\/\/www.linkedin.com\/company\/svetslik-si"]}]},"og_availability":"backorder","product_availability":"available for order","product_retailer_item_id":"228__","product_condition":"new"},"jetpack_sharing_enabled":true,"_links":{"self":[{"href":"https:\/\/svetslik.si\/en\/wp-json\/wp\/v2\/product\/82404","targetHints":{"allow":["GET"]}}],"collection":[{"href":"https:\/\/svetslik.si\/en\/wp-json\/wp\/v2\/product"}],"about":[{"href":"https:\/\/svetslik.si\/en\/wp-json\/wp\/v2\/types\/product"}],"wp:featuredmedia":[{"embeddable":true,"href":"https:\/\/svetslik.si\/en\/wp-json\/wp\/v2\/media\/79469"}],"wp:attachment":[{"href":"https:\/\/svetslik.si\/en\/wp-json\/wp\/v2\/media?parent=82404"}],"wp:term":[{"taxonomy":"product_brand","embeddable":true,"href":"https:\/\/svetslik.si\/en\/wp-json\/wp\/v2\/product_brand?post=82404"},{"taxonomy":"product_cat","embeddable":true,"href":"https:\/\/svetslik.si\/en\/wp-json\/wp\/v2\/product_cat?post=82404"},{"taxonomy":"product_tag","embeddable":true,"href":"https:\/\/svetslik.si\/en\/wp-json\/wp\/v2\/product_tag?post=82404"}],"curies":[{"name":"wp","href":"https:\/\/api.w.org\/{rel}","templated":true}]}}