{"id":82413,"date":"2021-09-02T17:51:05","date_gmt":"2021-09-02T15:51:05","guid":{"rendered":"https:\/\/svetslik.si\/uncategorized\/the-green-christ\/"},"modified":"2026-03-22T19:45:36","modified_gmt":"2026-03-22T18:45:36","slug":"the-green-christ","status":"publish","type":"product","link":"https:\/\/svetslik.si\/en\/paul-gauguin-en\/the-green-christ\/","title":{"rendered":"Paul Gauguin &#8211; The Green Christ"},"content":{"rendered":"<h1>Paul Gauguin &#8211; The Green Christ<\/h1>\n<p>\n&nbsp;<\/p>\n<div>\n<table border=\"0\" cellpadding=\"0\" cellspacing=\"0\" style=\"width: 619px\" width=\"619\">\n<tbody>\n<tr>\n<td height=\"21\" style=\"width: 180px;height: 21px\">\nYear of creation:<\/td>\n<td style=\"width: 439px\">\n1889<\/td>\n<\/tr>\n<tr>\n<td height=\"21\" style=\"width: 180px;height: 21px\">\nOriginal size:<\/td>\n<td style=\"width: 439px\">\n73 cm x 92 cm<\/td>\n<\/tr>\n<tr>\n<td height=\"21\" style=\"width: 180px;height: 21px\">\nPainting style:<\/td>\n<td style=\"width: 439px\">\nSymbolism<\/td>\n<\/tr>\n<tr>\n<td height=\"21\" style=\"width: 180px;height: 21px\">\nOriginal technique:<\/td>\n<td style=\"width: 439px\">\nOil on canvas<\/td>\n<\/tr>\n<tr>\n<td height=\"21\" style=\"width: 180px;height: 21px\">\nLocated:<\/td>\n<td style=\"width: 439px\">\nRoyal Museum of Fine Arts of Belgium, Brussels<\/td>\n<\/tr>\n<\/tbody>\n<colgroup>\n<\/colgroup>\n<\/table>\n<\/div>\n<div>\n&nbsp;<\/div>\n<div>\nThe oil on canvas <em>The Green Christ<\/em> was painted by Gauguin in the autumn of 1889. Together with the painting <em>Yellow Christ<\/em>, it represents one of the most important works of symbolism in the art of painting.<\/div>\n<div>\nIt depicts a Breton woman at the foot of Calvary next to a statue depicting the crucifixion of Jesus. Gauguin moved the scene to the coast of the Atlantic Ocean in the small town of Le Pould. In fact, the statue of the Crucifixion of Jesus is located several kilometers away, near the church in N\u00e9vez, a community near the town of Pont-Aven.<\/div>\n<div>\n&nbsp;<\/div>\n<div>\n&nbsp;<\/div>\n","protected":false},"excerpt":{"rendered":"<p>Paul Gauguin &#8211; The Green Christ &nbsp; Year of creation: 1889 Original size: 73 cm x 92 cm Painting style: Symbolism Original technique: Oil on canvas Located: Royal Museum of Fine Arts of Belgium, Brussels &nbsp; The oil on canvas The Green Christ was painted by Gauguin in the autumn [&hellip;]<\/p>\n","protected":false},"featured_media":79295,"template":"","meta":{"_acf_changed":false},"product_brand":[],"product_cat":[9812],"product_tag":[9836,9870,9862,9863],"class_list":{"0":"post-82413","1":"product","2":"type-product","3":"status-publish","4":"has-post-thumbnail","6":"product_cat-paul-gauguin-en","7":"product_tag-gaugin-en","8":"product_tag-painter","9":"product_tag-reproduction-en","10":"product_tag-reproductions","11":"pa_dimenzija-100-x-130-cm-en","12":"pa_dimenzija-120-x-150-cm-en","13":"pa_dimenzija-150-x-190-cm-en","14":"pa_dimenzija-50-x-65-cm-en","15":"pa_dimenzija-60-x-75-cm-en","16":"pa_dimenzija-73-x-92-cm-en","17":"pa_dimenzija-80-x-100-cm-en","18":"pa_dimenzija-90-x-110-cm-en","19":"pa_oblika-vertical","20":"pa_okvir-without-frame","21":"pa_podokvir-without","22":"pa_podokvir-yes","24":"first","25":"onbackorder","26":"purchasable","27":"product-type-variable","28":"has-default-attributes"},"acf":[],"yoast_head":"<!-- This site is optimized with the Yoast SEO Premium plugin v26.0 (Yoast SEO v27.2) - https:\/\/yoast.com\/product\/yoast-seo-premium-wordpress\/ -->\n<title>Paul Gauguin - The Green Christ - SVETSLIK.SI - 100% hand painted<\/title>\n<meta name=\"description\" content=\"Paul Gauguin - The Green Christ - 100% hand-painted reproduction of famous paintings by famous artists. Wall art, abstract paintings and custom painted paintings by order.\" \/>\n<meta name=\"robots\" content=\"index, follow, max-snippet:-1, max-image-preview:large, max-video-preview:-1\" \/>\n<link rel=\"canonical\" href=\"https:\/\/svetslik.si\/en\/paul-gauguin-en\/the-green-christ\/\" \/>\n<meta property=\"og:locale\" content=\"en_US\" \/>\n<meta property=\"og:type\" content=\"article\" \/>\n<meta property=\"og:title\" content=\"Paul Gauguin - The Green Christ\" \/>\n<meta property=\"og:description\" content=\"100% ro\u010dno naslikane slike na platnu, reprodukcije znanih slikarjev in umetni\u0161ke slike po naro\u010dilu.\" \/>\n<meta property=\"og:url\" content=\"https:\/\/svetslik.si\/en\/paul-gauguin-en\/the-green-christ\/\" \/>\n<meta property=\"og:site_name\" content=\"SVETSLIK.SI\" \/>\n<meta property=\"article:publisher\" content=\"https:\/\/www.facebook.com\/svetslik.si\" \/>\n<meta property=\"article:modified_time\" content=\"2026-03-22T18:45:36+00:00\" \/>\n<meta property=\"og:image\" content=\"https:\/\/svetslik.si\/wp-content\/uploads\/2021\/08\/image_The-Green-Christ-Paul-Gauguin_680-scaled.jpg\" \/>\n\t<meta property=\"og:image:width\" content=\"1980\" \/>\n\t<meta property=\"og:image:height\" content=\"2560\" \/>\n\t<meta property=\"og:image:type\" content=\"image\/jpeg\" \/>\n<meta name=\"twitter:card\" content=\"summary_large_image\" \/>\n<meta name=\"twitter:site\" content=\"@svetslik\" \/>\n<meta name=\"twitter:label1\" content=\"Availability\" \/>\n\t<meta name=\"twitter:data1\" content=\"On backorder\" \/>\n<script type=\"application\/ld+json\" class=\"yoast-schema-graph\">{\"@context\":\"https:\/\/schema.org\",\"@graph\":[{\"@type\":[\"WebPage\",\"ItemPage\"],\"@id\":\"https:\/\/svetslik.si\/en\/paul-gauguin-en\/the-green-christ\/\",\"url\":\"https:\/\/svetslik.si\/en\/paul-gauguin-en\/the-green-christ\/\",\"name\":\"Paul Gauguin - The Green Christ - SVETSLIK.SI - 100% hand painted\",\"isPartOf\":{\"@id\":\"https:\/\/svetslik.si\/en\/#website\"},\"primaryImageOfPage\":{\"@id\":\"https:\/\/svetslik.si\/en\/paul-gauguin-en\/the-green-christ\/#primaryimage\"},\"image\":{\"@id\":\"https:\/\/svetslik.si\/en\/paul-gauguin-en\/the-green-christ\/#primaryimage\"},\"thumbnailUrl\":\"https:\/\/svetslik.si\/wp-content\/uploads\/2021\/08\/image_The-Green-Christ-Paul-Gauguin_680-scaled.jpg\",\"datePublished\":\"2021-09-02T15:51:05+00:00\",\"dateModified\":\"2026-03-22T18:45:36+00:00\",\"description\":\"Paul Gauguin - The Green Christ - 100% hand-painted reproduction of famous paintings by famous artists. Wall art, abstract paintings and custom painted paintings by order.\",\"breadcrumb\":{\"@id\":\"https:\/\/svetslik.si\/en\/paul-gauguin-en\/the-green-christ\/#breadcrumb\"},\"inLanguage\":\"en-US\",\"potentialAction\":[{\"@type\":\"ReadAction\",\"target\":[\"https:\/\/svetslik.si\/en\/paul-gauguin-en\/the-green-christ\/\"]}]},{\"@type\":\"ImageObject\",\"inLanguage\":\"en-US\",\"@id\":\"https:\/\/svetslik.si\/en\/paul-gauguin-en\/the-green-christ\/#primaryimage\",\"url\":\"https:\/\/svetslik.si\/wp-content\/uploads\/2021\/08\/image_The-Green-Christ-Paul-Gauguin_680-scaled.jpg\",\"contentUrl\":\"https:\/\/svetslik.si\/wp-content\/uploads\/2021\/08\/image_The-Green-Christ-Paul-Gauguin_680-scaled.jpg\",\"width\":1980,\"height\":2560,\"caption\":\"Paul Gauguin - The Green Christ - reproduction of famous painting, painting on canvas\"},{\"@type\":\"BreadcrumbList\",\"@id\":\"https:\/\/svetslik.si\/en\/paul-gauguin-en\/the-green-christ\/#breadcrumb\",\"itemListElement\":[{\"@type\":\"ListItem\",\"position\":1,\"name\":\"Wall art and paintings on canvas\",\"item\":\"https:\/\/svetslik.si\/en\/\"},{\"@type\":\"ListItem\",\"position\":2,\"name\":\"Sale of paintings\",\"item\":\"https:\/\/svetslik.si\/prodaja-slik\/\"},{\"@type\":\"ListItem\",\"position\":3,\"name\":\"Paul Gauguin &#8211; The Green Christ\"}]},{\"@type\":\"WebSite\",\"@id\":\"https:\/\/svetslik.si\/en\/#website\",\"url\":\"https:\/\/svetslik.si\/en\/\",\"name\":\"SVETSLIK.SI\",\"description\":\"100% ru\u010dno naslikane reprodukcije slika poznatih slikara in umjetni\u010dke zidne slike na platnu.\",\"publisher\":{\"@id\":\"https:\/\/svetslik.si\/en\/#organization\"},\"potentialAction\":[{\"@type\":\"SearchAction\",\"target\":{\"@type\":\"EntryPoint\",\"urlTemplate\":\"https:\/\/svetslik.si\/en\/?s={search_term_string}\"},\"query-input\":{\"@type\":\"PropertyValueSpecification\",\"valueRequired\":true,\"valueName\":\"search_term_string\"}}],\"inLanguage\":\"en-US\"},{\"@type\":\"Organization\",\"@id\":\"https:\/\/svetslik.si\/en\/#organization\",\"name\":\"SvetSlik.si\",\"url\":\"https:\/\/svetslik.si\/en\/\",\"logo\":{\"@type\":\"ImageObject\",\"inLanguage\":\"en-US\",\"@id\":\"https:\/\/svetslik.si\/en\/#\/schema\/logo\/image\/\",\"url\":\"https:\/\/svetslik.si\/wp-content\/uploads\/2020\/12\/logo-512.png\",\"contentUrl\":\"https:\/\/svetslik.si\/wp-content\/uploads\/2020\/12\/logo-512.png\",\"width\":512,\"height\":512,\"caption\":\"SvetSlik.si\"},\"image\":{\"@id\":\"https:\/\/svetslik.si\/en\/#\/schema\/logo\/image\/\"},\"sameAs\":[\"https:\/\/www.facebook.com\/svetslik.si\",\"https:\/\/x.com\/svetslik\",\"https:\/\/www.instagram.com\/svetslik.si\/\",\"https:\/\/www.linkedin.com\/company\/svetslik-si\"]}]}<\/script>\n<meta property=\"og:availability\" content=\"backorder\" \/>\n<meta property=\"product:availability\" content=\"available for order\" \/>\n<meta property=\"product:retailer_item_id\" content=\"229__\" \/>\n<meta property=\"product:condition\" content=\"new\" \/>\n<!-- \/ Yoast SEO Premium plugin. -->","yoast_head_json":{"title":"Paul Gauguin - The Green Christ - SVETSLIK.SI - 100% hand painted","description":"Paul Gauguin - The Green Christ - 100% hand-painted reproduction of famous paintings by famous artists. Wall art, abstract paintings and custom painted paintings by order.","robots":{"index":"index","follow":"follow","max-snippet":"max-snippet:-1","max-image-preview":"max-image-preview:large","max-video-preview":"max-video-preview:-1"},"canonical":"https:\/\/svetslik.si\/en\/paul-gauguin-en\/the-green-christ\/","og_locale":"en_US","og_type":"article","og_title":"Paul Gauguin - The Green Christ","og_description":"100% ro\u010dno naslikane slike na platnu, reprodukcije znanih slikarjev in umetni\u0161ke slike po naro\u010dilu.","og_url":"https:\/\/svetslik.si\/en\/paul-gauguin-en\/the-green-christ\/","og_site_name":"SVETSLIK.SI","article_publisher":"https:\/\/www.facebook.com\/svetslik.si","article_modified_time":"2026-03-22T18:45:36+00:00","og_image":[{"width":1980,"height":2560,"url":"https:\/\/svetslik.si\/wp-content\/uploads\/2021\/08\/image_The-Green-Christ-Paul-Gauguin_680-scaled.jpg","type":"image\/jpeg"}],"twitter_card":"summary_large_image","twitter_site":"@svetslik","twitter_misc":{"Availability":"On backorder"},"schema":{"@context":"https:\/\/schema.org","@graph":[{"@type":["WebPage","ItemPage"],"@id":"https:\/\/svetslik.si\/en\/paul-gauguin-en\/the-green-christ\/","url":"https:\/\/svetslik.si\/en\/paul-gauguin-en\/the-green-christ\/","name":"Paul Gauguin - The Green Christ - SVETSLIK.SI - 100% hand painted","isPartOf":{"@id":"https:\/\/svetslik.si\/en\/#website"},"primaryImageOfPage":{"@id":"https:\/\/svetslik.si\/en\/paul-gauguin-en\/the-green-christ\/#primaryimage"},"image":{"@id":"https:\/\/svetslik.si\/en\/paul-gauguin-en\/the-green-christ\/#primaryimage"},"thumbnailUrl":"https:\/\/svetslik.si\/wp-content\/uploads\/2021\/08\/image_The-Green-Christ-Paul-Gauguin_680-scaled.jpg","datePublished":"2021-09-02T15:51:05+00:00","dateModified":"2026-03-22T18:45:36+00:00","description":"Paul Gauguin - The Green Christ - 100% hand-painted reproduction of famous paintings by famous artists. Wall art, abstract paintings and custom painted paintings by order.","breadcrumb":{"@id":"https:\/\/svetslik.si\/en\/paul-gauguin-en\/the-green-christ\/#breadcrumb"},"inLanguage":"en-US","potentialAction":[{"@type":"ReadAction","target":["https:\/\/svetslik.si\/en\/paul-gauguin-en\/the-green-christ\/"]}]},{"@type":"ImageObject","inLanguage":"en-US","@id":"https:\/\/svetslik.si\/en\/paul-gauguin-en\/the-green-christ\/#primaryimage","url":"https:\/\/svetslik.si\/wp-content\/uploads\/2021\/08\/image_The-Green-Christ-Paul-Gauguin_680-scaled.jpg","contentUrl":"https:\/\/svetslik.si\/wp-content\/uploads\/2021\/08\/image_The-Green-Christ-Paul-Gauguin_680-scaled.jpg","width":1980,"height":2560,"caption":"Paul Gauguin - The Green Christ - reproduction of famous painting, painting on canvas"},{"@type":"BreadcrumbList","@id":"https:\/\/svetslik.si\/en\/paul-gauguin-en\/the-green-christ\/#breadcrumb","itemListElement":[{"@type":"ListItem","position":1,"name":"Wall art and paintings on canvas","item":"https:\/\/svetslik.si\/en\/"},{"@type":"ListItem","position":2,"name":"Sale of paintings","item":"https:\/\/svetslik.si\/prodaja-slik\/"},{"@type":"ListItem","position":3,"name":"Paul Gauguin &#8211; The Green Christ"}]},{"@type":"WebSite","@id":"https:\/\/svetslik.si\/en\/#website","url":"https:\/\/svetslik.si\/en\/","name":"SVETSLIK.SI","description":"100% ru\u010dno naslikane reprodukcije slika poznatih slikara in umjetni\u010dke zidne slike na platnu.","publisher":{"@id":"https:\/\/svetslik.si\/en\/#organization"},"potentialAction":[{"@type":"SearchAction","target":{"@type":"EntryPoint","urlTemplate":"https:\/\/svetslik.si\/en\/?s={search_term_string}"},"query-input":{"@type":"PropertyValueSpecification","valueRequired":true,"valueName":"search_term_string"}}],"inLanguage":"en-US"},{"@type":"Organization","@id":"https:\/\/svetslik.si\/en\/#organization","name":"SvetSlik.si","url":"https:\/\/svetslik.si\/en\/","logo":{"@type":"ImageObject","inLanguage":"en-US","@id":"https:\/\/svetslik.si\/en\/#\/schema\/logo\/image\/","url":"https:\/\/svetslik.si\/wp-content\/uploads\/2020\/12\/logo-512.png","contentUrl":"https:\/\/svetslik.si\/wp-content\/uploads\/2020\/12\/logo-512.png","width":512,"height":512,"caption":"SvetSlik.si"},"image":{"@id":"https:\/\/svetslik.si\/en\/#\/schema\/logo\/image\/"},"sameAs":["https:\/\/www.facebook.com\/svetslik.si","https:\/\/x.com\/svetslik","https:\/\/www.instagram.com\/svetslik.si\/","https:\/\/www.linkedin.com\/company\/svetslik-si"]}]},"og_availability":"backorder","product_availability":"available for order","product_retailer_item_id":"229__","product_condition":"new"},"jetpack_sharing_enabled":true,"_links":{"self":[{"href":"https:\/\/svetslik.si\/en\/wp-json\/wp\/v2\/product\/82413","targetHints":{"allow":["GET"]}}],"collection":[{"href":"https:\/\/svetslik.si\/en\/wp-json\/wp\/v2\/product"}],"about":[{"href":"https:\/\/svetslik.si\/en\/wp-json\/wp\/v2\/types\/product"}],"wp:featuredmedia":[{"embeddable":true,"href":"https:\/\/svetslik.si\/en\/wp-json\/wp\/v2\/media\/79295"}],"wp:attachment":[{"href":"https:\/\/svetslik.si\/en\/wp-json\/wp\/v2\/media?parent=82413"}],"wp:term":[{"taxonomy":"product_brand","embeddable":true,"href":"https:\/\/svetslik.si\/en\/wp-json\/wp\/v2\/product_brand?post=82413"},{"taxonomy":"product_cat","embeddable":true,"href":"https:\/\/svetslik.si\/en\/wp-json\/wp\/v2\/product_cat?post=82413"},{"taxonomy":"product_tag","embeddable":true,"href":"https:\/\/svetslik.si\/en\/wp-json\/wp\/v2\/product_tag?post=82413"}],"curies":[{"name":"wp","href":"https:\/\/api.w.org\/{rel}","templated":true}]}}