{"id":82440,"date":"2021-09-02T17:51:14","date_gmt":"2021-09-02T15:51:14","guid":{"rendered":"https:\/\/svetslik.si\/uncategorized\/yellow-christ\/"},"modified":"2026-03-22T19:45:36","modified_gmt":"2026-03-22T18:45:36","slug":"yellow-christ","status":"publish","type":"product","link":"https:\/\/svetslik.si\/en\/religious-paintings\/yellow-christ\/","title":{"rendered":"Paul Gauguin &#8211; Yellow Christ"},"content":{"rendered":"<h1>Paul Gauguin &#8211; Yellow Christ<\/h1>\n<p>&nbsp;<\/p>\n<div>\n<table border=\"0\" cellpadding=\"0\" cellspacing=\"0\" style=\"width: 619px\" width=\"619\">\n<tbody>\n<tr>\n<td height=\"21\" style=\"width: 180px;height: 21px\">\n<p>Year of creation:<\/td>\n<td style=\"width: 439px\">\n<p>1889<\/td>\n<\/tr>\n<tr>\n<td height=\"21\" style=\"width: 180px;height: 21px\">\n<p>Original size:<\/td>\n<td style=\"width: 439px\">\n<p>73.4 cm x 92.1 cm<\/td>\n<\/tr>\n<tr>\n<td height=\"21\" style=\"width: 180px;height: 21px\">\n<p>Painting style:<\/td>\n<td style=\"width: 439px\">\n<p>Symbolism<\/td>\n<\/tr>\n<tr>\n<td height=\"21\" style=\"width: 180px;height: 21px\">\n<p>Original technique:<\/td>\n<td style=\"width: 439px\">\n<p>Oil on canvas<\/td>\n<\/tr>\n<tr>\n<td height=\"21\" style=\"width: 180px;height: 21px\">\n<p>Located:<\/td>\n<td style=\"width: 439px\">\n<p>Albright-Knox Art Gallery, Buffalo, USA<\/td>\n<\/tr>\n<\/tbody>\n<colgroup>\n<\/colgroup>\n<\/table>\n<\/div>\n<div>\n<p>&nbsp;<\/p><\/div>\n<div>\n<p>The oil on canvas <em>Yellow Christ<\/em> was painted by Gauguin in the autumn of 1889. Together with the painting <em>Green Christ<\/em>, it represents one of the most important works of symbolism in the art of painting.<\/div>\n<div>\n<p>This is a symbolic work depicting the crucifixion of Christ in the 19th century in northern France; below the cross, Breton women pray.&nbsp;For this oil on canvas, Gauguin used strong strokes to depict the figures, using shading only on the female figures. The landscape&#8217;s autumnal palette of yellows, reds and greens matches the dominant yellow hues the painter used to depict the figure of Christ. The strong lines and flat shapes in this painting are characteristic of a painting style called <em>cloisonnisme<\/em>.<\/div>\n<div>\n<p>&nbsp;<\/p><\/div>\n","protected":false},"excerpt":{"rendered":"<p>Paul Gauguin &#8211; Yellow Christ &nbsp; Year of creation: 1889 Original size: 73.4 cm x 92.1 cm Painting style: Symbolism Original technique: Oil on canvas Located: Albright-Knox Art Gallery, Buffalo, USA &nbsp; The oil on canvas Yellow Christ was painted by Gauguin in the autumn of 1889. Together with the [&hellip;]<\/p>\n","protected":false},"featured_media":79473,"template":"","meta":{"_acf_changed":false},"product_brand":[],"product_cat":[9812,9821],"product_tag":[9836,9870,9862,9863],"class_list":{"0":"post-82440","1":"product","2":"type-product","3":"status-publish","4":"has-post-thumbnail","6":"product_cat-paul-gauguin-en","7":"product_cat-religious-paintings","8":"product_tag-gaugin-en","9":"product_tag-painter","10":"product_tag-reproduction-en","11":"product_tag-reproductions","12":"pa_dimenzija-100-x-130-cm-en","13":"pa_dimenzija-120-x-150-cm-en","14":"pa_dimenzija-150-x-190-cm-en","15":"pa_dimenzija-50-x-60-cm-en","16":"pa_dimenzija-60-x-75-cm-en","17":"pa_dimenzija-73-x-92-cm-en","18":"pa_dimenzija-80-x-100-cm-en","19":"pa_dimenzija-90-x-110-cm-en","20":"pa_oblika-vertical","21":"pa_okvir-without-frame","22":"pa_podokvir-without","23":"pa_podokvir-yes","25":"first","26":"onbackorder","27":"purchasable","28":"product-type-variable","29":"has-default-attributes"},"acf":[],"yoast_head":"<!-- This site is optimized with the Yoast SEO Premium plugin v26.0 (Yoast SEO v27.2) - https:\/\/yoast.com\/product\/yoast-seo-premium-wordpress\/ -->\n<title>Paul Gauguin - Yellow Christ - SVETSLIK.SI - 100% hand painted<\/title>\n<meta name=\"description\" content=\"Paul Gauguin - Yellow Christ - 100% hand-painted reproduction of famous paintings by famous artists. Wall art, abstract paintings and custom painted paintings by order.\" \/>\n<meta name=\"robots\" content=\"index, follow, max-snippet:-1, max-image-preview:large, max-video-preview:-1\" \/>\n<link rel=\"canonical\" href=\"https:\/\/svetslik.si\/en\/religious-paintings\/yellow-christ\/\" \/>\n<meta property=\"og:locale\" content=\"en_US\" \/>\n<meta property=\"og:type\" content=\"article\" \/>\n<meta property=\"og:title\" content=\"Paul Gauguin - Yellow Christ\" \/>\n<meta property=\"og:description\" content=\"100% ro\u010dno naslikane slike na platnu, reprodukcije znanih slikarjev in umetni\u0161ke slike po naro\u010dilu.\" \/>\n<meta property=\"og:url\" content=\"https:\/\/svetslik.si\/en\/religious-paintings\/yellow-christ\/\" \/>\n<meta property=\"og:site_name\" content=\"SVETSLIK.SI\" \/>\n<meta property=\"article:publisher\" content=\"https:\/\/www.facebook.com\/svetslik.si\" \/>\n<meta property=\"article:modified_time\" content=\"2026-03-22T18:45:36+00:00\" \/>\n<meta property=\"og:image\" content=\"https:\/\/svetslik.si\/wp-content\/uploads\/2021\/08\/image_Yellow-Christ-Paul-Gauguin_680.jpg\" \/>\n\t<meta property=\"og:image:width\" content=\"1920\" \/>\n\t<meta property=\"og:image:height\" content=\"2399\" \/>\n\t<meta property=\"og:image:type\" content=\"image\/jpeg\" \/>\n<meta name=\"twitter:card\" content=\"summary_large_image\" \/>\n<meta name=\"twitter:site\" content=\"@svetslik\" \/>\n<meta name=\"twitter:label1\" content=\"Availability\" \/>\n\t<meta name=\"twitter:data1\" content=\"On backorder\" \/>\n<script type=\"application\/ld+json\" class=\"yoast-schema-graph\">{\"@context\":\"https:\/\/schema.org\",\"@graph\":[{\"@type\":[\"WebPage\",\"ItemPage\"],\"@id\":\"https:\/\/svetslik.si\/en\/religious-paintings\/yellow-christ\/\",\"url\":\"https:\/\/svetslik.si\/en\/religious-paintings\/yellow-christ\/\",\"name\":\"Paul Gauguin - Yellow Christ - SVETSLIK.SI - 100% hand painted\",\"isPartOf\":{\"@id\":\"https:\/\/svetslik.si\/en\/#website\"},\"primaryImageOfPage\":{\"@id\":\"https:\/\/svetslik.si\/en\/religious-paintings\/yellow-christ\/#primaryimage\"},\"image\":{\"@id\":\"https:\/\/svetslik.si\/en\/religious-paintings\/yellow-christ\/#primaryimage\"},\"thumbnailUrl\":\"https:\/\/svetslik.si\/wp-content\/uploads\/2021\/08\/image_Yellow-Christ-Paul-Gauguin_680.jpg\",\"datePublished\":\"2021-09-02T15:51:14+00:00\",\"dateModified\":\"2026-03-22T18:45:36+00:00\",\"description\":\"Paul Gauguin - Yellow Christ - 100% hand-painted reproduction of famous paintings by famous artists. Wall art, abstract paintings and custom painted paintings by order.\",\"breadcrumb\":{\"@id\":\"https:\/\/svetslik.si\/en\/religious-paintings\/yellow-christ\/#breadcrumb\"},\"inLanguage\":\"en-US\",\"potentialAction\":[{\"@type\":\"ReadAction\",\"target\":[\"https:\/\/svetslik.si\/en\/religious-paintings\/yellow-christ\/\"]}]},{\"@type\":\"ImageObject\",\"inLanguage\":\"en-US\",\"@id\":\"https:\/\/svetslik.si\/en\/religious-paintings\/yellow-christ\/#primaryimage\",\"url\":\"https:\/\/svetslik.si\/wp-content\/uploads\/2021\/08\/image_Yellow-Christ-Paul-Gauguin_680.jpg\",\"contentUrl\":\"https:\/\/svetslik.si\/wp-content\/uploads\/2021\/08\/image_Yellow-Christ-Paul-Gauguin_680.jpg\",\"width\":1920,\"height\":2399,\"caption\":\"Yellow Christ - Paul Gauguin - Reproductions of famous paintings, modern wall art, artistic paintings for walls\"},{\"@type\":\"BreadcrumbList\",\"@id\":\"https:\/\/svetslik.si\/en\/religious-paintings\/yellow-christ\/#breadcrumb\",\"itemListElement\":[{\"@type\":\"ListItem\",\"position\":1,\"name\":\"Wall art and paintings on canvas\",\"item\":\"https:\/\/svetslik.si\/en\/\"},{\"@type\":\"ListItem\",\"position\":2,\"name\":\"Sale of paintings\",\"item\":\"https:\/\/svetslik.si\/prodaja-slik\/\"},{\"@type\":\"ListItem\",\"position\":3,\"name\":\"Paul Gauguin &#8211; Yellow Christ\"}]},{\"@type\":\"WebSite\",\"@id\":\"https:\/\/svetslik.si\/en\/#website\",\"url\":\"https:\/\/svetslik.si\/en\/\",\"name\":\"SVETSLIK.SI\",\"description\":\"100% ru\u010dno naslikane reprodukcije slika poznatih slikara in umjetni\u010dke zidne slike na platnu.\",\"publisher\":{\"@id\":\"https:\/\/svetslik.si\/en\/#organization\"},\"potentialAction\":[{\"@type\":\"SearchAction\",\"target\":{\"@type\":\"EntryPoint\",\"urlTemplate\":\"https:\/\/svetslik.si\/en\/?s={search_term_string}\"},\"query-input\":{\"@type\":\"PropertyValueSpecification\",\"valueRequired\":true,\"valueName\":\"search_term_string\"}}],\"inLanguage\":\"en-US\"},{\"@type\":\"Organization\",\"@id\":\"https:\/\/svetslik.si\/en\/#organization\",\"name\":\"SvetSlik.si\",\"url\":\"https:\/\/svetslik.si\/en\/\",\"logo\":{\"@type\":\"ImageObject\",\"inLanguage\":\"en-US\",\"@id\":\"https:\/\/svetslik.si\/en\/#\/schema\/logo\/image\/\",\"url\":\"https:\/\/svetslik.si\/wp-content\/uploads\/2020\/12\/logo-512.png\",\"contentUrl\":\"https:\/\/svetslik.si\/wp-content\/uploads\/2020\/12\/logo-512.png\",\"width\":512,\"height\":512,\"caption\":\"SvetSlik.si\"},\"image\":{\"@id\":\"https:\/\/svetslik.si\/en\/#\/schema\/logo\/image\/\"},\"sameAs\":[\"https:\/\/www.facebook.com\/svetslik.si\",\"https:\/\/x.com\/svetslik\",\"https:\/\/www.instagram.com\/svetslik.si\/\",\"https:\/\/www.linkedin.com\/company\/svetslik-si\"]}]}<\/script>\n<meta property=\"og:availability\" content=\"backorder\" \/>\n<meta property=\"product:availability\" content=\"available for order\" \/>\n<meta property=\"product:retailer_item_id\" content=\"232__\" \/>\n<meta property=\"product:condition\" content=\"new\" \/>\n<!-- \/ Yoast SEO Premium plugin. -->","yoast_head_json":{"title":"Paul Gauguin - Yellow Christ - SVETSLIK.SI - 100% hand painted","description":"Paul Gauguin - Yellow Christ - 100% hand-painted reproduction of famous paintings by famous artists. Wall art, abstract paintings and custom painted paintings by order.","robots":{"index":"index","follow":"follow","max-snippet":"max-snippet:-1","max-image-preview":"max-image-preview:large","max-video-preview":"max-video-preview:-1"},"canonical":"https:\/\/svetslik.si\/en\/religious-paintings\/yellow-christ\/","og_locale":"en_US","og_type":"article","og_title":"Paul Gauguin - Yellow Christ","og_description":"100% ro\u010dno naslikane slike na platnu, reprodukcije znanih slikarjev in umetni\u0161ke slike po naro\u010dilu.","og_url":"https:\/\/svetslik.si\/en\/religious-paintings\/yellow-christ\/","og_site_name":"SVETSLIK.SI","article_publisher":"https:\/\/www.facebook.com\/svetslik.si","article_modified_time":"2026-03-22T18:45:36+00:00","og_image":[{"width":1920,"height":2399,"url":"https:\/\/svetslik.si\/wp-content\/uploads\/2021\/08\/image_Yellow-Christ-Paul-Gauguin_680.jpg","type":"image\/jpeg"}],"twitter_card":"summary_large_image","twitter_site":"@svetslik","twitter_misc":{"Availability":"On backorder"},"schema":{"@context":"https:\/\/schema.org","@graph":[{"@type":["WebPage","ItemPage"],"@id":"https:\/\/svetslik.si\/en\/religious-paintings\/yellow-christ\/","url":"https:\/\/svetslik.si\/en\/religious-paintings\/yellow-christ\/","name":"Paul Gauguin - Yellow Christ - SVETSLIK.SI - 100% hand painted","isPartOf":{"@id":"https:\/\/svetslik.si\/en\/#website"},"primaryImageOfPage":{"@id":"https:\/\/svetslik.si\/en\/religious-paintings\/yellow-christ\/#primaryimage"},"image":{"@id":"https:\/\/svetslik.si\/en\/religious-paintings\/yellow-christ\/#primaryimage"},"thumbnailUrl":"https:\/\/svetslik.si\/wp-content\/uploads\/2021\/08\/image_Yellow-Christ-Paul-Gauguin_680.jpg","datePublished":"2021-09-02T15:51:14+00:00","dateModified":"2026-03-22T18:45:36+00:00","description":"Paul Gauguin - Yellow Christ - 100% hand-painted reproduction of famous paintings by famous artists. Wall art, abstract paintings and custom painted paintings by order.","breadcrumb":{"@id":"https:\/\/svetslik.si\/en\/religious-paintings\/yellow-christ\/#breadcrumb"},"inLanguage":"en-US","potentialAction":[{"@type":"ReadAction","target":["https:\/\/svetslik.si\/en\/religious-paintings\/yellow-christ\/"]}]},{"@type":"ImageObject","inLanguage":"en-US","@id":"https:\/\/svetslik.si\/en\/religious-paintings\/yellow-christ\/#primaryimage","url":"https:\/\/svetslik.si\/wp-content\/uploads\/2021\/08\/image_Yellow-Christ-Paul-Gauguin_680.jpg","contentUrl":"https:\/\/svetslik.si\/wp-content\/uploads\/2021\/08\/image_Yellow-Christ-Paul-Gauguin_680.jpg","width":1920,"height":2399,"caption":"Yellow Christ - Paul Gauguin - Reproductions of famous paintings, modern wall art, artistic paintings for walls"},{"@type":"BreadcrumbList","@id":"https:\/\/svetslik.si\/en\/religious-paintings\/yellow-christ\/#breadcrumb","itemListElement":[{"@type":"ListItem","position":1,"name":"Wall art and paintings on canvas","item":"https:\/\/svetslik.si\/en\/"},{"@type":"ListItem","position":2,"name":"Sale of paintings","item":"https:\/\/svetslik.si\/prodaja-slik\/"},{"@type":"ListItem","position":3,"name":"Paul Gauguin &#8211; Yellow Christ"}]},{"@type":"WebSite","@id":"https:\/\/svetslik.si\/en\/#website","url":"https:\/\/svetslik.si\/en\/","name":"SVETSLIK.SI","description":"100% ru\u010dno naslikane reprodukcije slika poznatih slikara in umjetni\u010dke zidne slike na platnu.","publisher":{"@id":"https:\/\/svetslik.si\/en\/#organization"},"potentialAction":[{"@type":"SearchAction","target":{"@type":"EntryPoint","urlTemplate":"https:\/\/svetslik.si\/en\/?s={search_term_string}"},"query-input":{"@type":"PropertyValueSpecification","valueRequired":true,"valueName":"search_term_string"}}],"inLanguage":"en-US"},{"@type":"Organization","@id":"https:\/\/svetslik.si\/en\/#organization","name":"SvetSlik.si","url":"https:\/\/svetslik.si\/en\/","logo":{"@type":"ImageObject","inLanguage":"en-US","@id":"https:\/\/svetslik.si\/en\/#\/schema\/logo\/image\/","url":"https:\/\/svetslik.si\/wp-content\/uploads\/2020\/12\/logo-512.png","contentUrl":"https:\/\/svetslik.si\/wp-content\/uploads\/2020\/12\/logo-512.png","width":512,"height":512,"caption":"SvetSlik.si"},"image":{"@id":"https:\/\/svetslik.si\/en\/#\/schema\/logo\/image\/"},"sameAs":["https:\/\/www.facebook.com\/svetslik.si","https:\/\/x.com\/svetslik","https:\/\/www.instagram.com\/svetslik.si\/","https:\/\/www.linkedin.com\/company\/svetslik-si"]}]},"og_availability":"backorder","product_availability":"available for order","product_retailer_item_id":"232__","product_condition":"new"},"jetpack_sharing_enabled":true,"_links":{"self":[{"href":"https:\/\/svetslik.si\/en\/wp-json\/wp\/v2\/product\/82440","targetHints":{"allow":["GET"]}}],"collection":[{"href":"https:\/\/svetslik.si\/en\/wp-json\/wp\/v2\/product"}],"about":[{"href":"https:\/\/svetslik.si\/en\/wp-json\/wp\/v2\/types\/product"}],"wp:featuredmedia":[{"embeddable":true,"href":"https:\/\/svetslik.si\/en\/wp-json\/wp\/v2\/media\/79473"}],"wp:attachment":[{"href":"https:\/\/svetslik.si\/en\/wp-json\/wp\/v2\/media?parent=82440"}],"wp:term":[{"taxonomy":"product_brand","embeddable":true,"href":"https:\/\/svetslik.si\/en\/wp-json\/wp\/v2\/product_brand?post=82440"},{"taxonomy":"product_cat","embeddable":true,"href":"https:\/\/svetslik.si\/en\/wp-json\/wp\/v2\/product_cat?post=82440"},{"taxonomy":"product_tag","embeddable":true,"href":"https:\/\/svetslik.si\/en\/wp-json\/wp\/v2\/product_tag?post=82440"}],"curies":[{"name":"wp","href":"https:\/\/api.w.org\/{rel}","templated":true}]}}