{"id":82474,"date":"2021-09-02T17:51:34","date_gmt":"2021-09-02T15:51:34","guid":{"rendered":"https:\/\/svetslik.si\/uncategorized\/emilie-floge\/"},"modified":"2026-03-22T19:46:27","modified_gmt":"2026-03-22T18:46:27","slug":"emilie-floge","status":"publish","type":"product","link":"https:\/\/svetslik.si\/en\/gustav-klimt-en\/emilie-floge\/","title":{"rendered":"Gustav Klimt &#8211; Emilie Fl\u00f6ge"},"content":{"rendered":"<h1>Gustav Klimt &#8211; Emilie Fl\u00f6ge<\/h1>\n<p>&nbsp;<\/p>\n<table id=\"imageinfo\" border=\"0\" width=\"96%\" cellspacing=\"0\" cellpadding=\"2\">\n<tbody>\n<tr>\n<td width=\"120\">Year created:<\/td>\n<td>1902<\/td>\n<\/tr>\n<tr>\n<td>Original size:<\/td>\n<td>66.5 x 181 cm<\/td>\n<\/tr>\n<tr>\n<td>Painting style:<\/td>\n<td>Secession<\/td>\n<\/tr>\n<tr>\n<td>Original technique:<\/td>\n<td>Oil on canvas<\/td>\n<\/tr>\n<tr>\n<td>Located:<\/td>\n<td>Museum of Art History Vienna<\/td>\n<\/tr>\n<\/tbody>\n<\/table>\n<p>&nbsp;Gustav Klimt was involved with many women, and his closest friend was Emilia Fl\u00f6ge, the sister of his brother&#8217;s wife. Some compare their relationship to the myth of Osiris and Isis, and it is still debated whether they were also lovers. When Emilia met Klimt, she was 17 and the painter was 29. Both loved interesting clothes; she most likely designed Klimt&#8217;s famous painting robe, most similar to the tunics of the ancient Egyptians, in which he painted in his studios in Vienna; and he depicted her in several paintings in costumes that were his own creation.Gustav Klimt&#8217;s painting &#8220;Emilie Fl\u00f6ge&#8221; is a masterpiece of the Art Nouveau movement and one of the most famous and recognizable works of the Austrian painter. The painting represents the beauty of female curves and Emilie Fl\u00f6ge, one of Klimt&#8217;s most important muses.&#8221;Emilie Fl\u00f6ge&#8221; is an oil painting on canvas measuring approximately 100 cm x 100 cm. It shows an elegantly dressed and bejeweled Emilie Fl\u00f6ge sitting on a chair with a decorative background. The painting is characterized by bold use of color and a unique sense of movement and emotion. The woman is painted in shades of white, gold and silver, and the background in shades of blue and purple, which gives the painting a sense of depth and movement. This painting also features the use of gold leaf, which Klimt used in many of his works.The painting represents the beauty of women&#8217;s curves and Emilie Fl\u00f6ge, who was one of Klimt&#8217;s most important muses. Elegant clothing, jewelry and the use of gold leaf are symbols of wealth and prosperity. The wallpaper, with its intricate geometric patterns, represents harmony and order in the universe. The painting evokes feelings of beauty, elegance and prosperity, which are the characteristics of Klimt&#8217;s art.Klimt&#8217;s painting &#8220;Emilie Fl\u00f6ge&#8221; is a masterpiece of the Art Nouveau movement and is considered one of the artist&#8217;s most iconic works. It is a depiction of the beauty of female curves and Emilie Fl\u00f6ge, one of Klimt&#8217;s most important muses. The painting is a must for art lovers and a great addition to any art collection.Emilie Fl\u00f6ge was not only Klimt&#8217;s muse, but also his companion and fashion designer. She was known for her avant-garde sense of fashion, and her influence can be seen in the elegant clothing and jewelry depicted in the painting. She and Klimt had a close relationship for more than 20 years, and she was an important figure in the Viennese art scene.Gustav Klimt&#8217;s painting &#8220;Emilie Fl\u00f6ge&#8221; is a masterpiece of the Art Nouveau movement, one of the most famous and recognizable works of the Austrian painter. It is a depiction of the beauty of female curves and Emilie Fl\u00f6ge, one of Klimt&#8217;s most important muses. The painting evokes feelings of beauty, elegance and prosperity and is a great addition to any room that needs a touch of luxury. The painting also serves as a reminder of the important role the muses played in the artists&#8217; lives and the influence they had on their art. It is a great way to appreciate the beauty of the female form and the influence of Emilie Fl\u00f6ge on Klimt&#8217;s art.&nbsp;<\/p>\n","protected":false},"excerpt":{"rendered":"<p>Gustav Klimt &#8211; Emilie Fl\u00f6ge &nbsp; Year created: 1902 Original size: 66.5 x 181 cm Painting style: Secession Original technique: Oil on canvas Located: Museum of Art History Vienna &nbsp;Gustav Klimt was involved with many women, and his closest friend was Emilia Fl\u00f6ge, the sister of his brother&#8217;s wife. Some [&hellip;]<\/p>\n","protected":false},"featured_media":78714,"template":"","meta":{"_acf_changed":false},"product_brand":[],"product_cat":[9808],"product_tag":[9837,9841,9870,9862,9863],"class_list":{"0":"post-82474","1":"product","2":"type-product","3":"status-publish","4":"has-post-thumbnail","6":"product_cat-gustav-klimt-en","7":"product_tag-gustav-klimt-en","8":"product_tag-klimt-en","9":"product_tag-painter","10":"product_tag-reproduction-en","11":"product_tag-reproductions","12":"pa_dimenzija-100-x-270-cm-en","13":"pa_dimenzija-20-x-50-cm-en","14":"pa_dimenzija-30-x-80-cm-en","15":"pa_dimenzija-40-x-110-cm-en","16":"pa_dimenzija-50-x-130-cm-en","17":"pa_dimenzija-67-x-181-cm-en","18":"pa_dimenzija-80-x-220-cm-en","19":"pa_oblika-vertical","20":"pa_okvir-without-frame","21":"pa_podokvir-without","22":"pa_podokvir-yes","24":"first","25":"onbackorder","26":"purchasable","27":"product-type-variable","28":"has-default-attributes"},"acf":[],"yoast_head":"<!-- This site is optimized with the Yoast SEO Premium plugin v26.0 (Yoast SEO v27.2) - https:\/\/yoast.com\/product\/yoast-seo-premium-wordpress\/ -->\n<title>Gustav Klimt - Emilie Fl\u00f6ge - SVETSLIK.SI - 100% hand painted<\/title>\n<meta name=\"description\" content=\"Gustav Klimt - Emilie Fl\u00f6ge - 100% hand-painted reproduction of famous paintings by famous artists. Wall art, abstract paintings and custom painted paintings by order.\" \/>\n<meta name=\"robots\" content=\"index, follow, max-snippet:-1, max-image-preview:large, max-video-preview:-1\" \/>\n<link rel=\"canonical\" href=\"https:\/\/svetslik.si\/en\/gustav-klimt-en\/emilie-floge\/\" \/>\n<meta property=\"og:locale\" content=\"en_US\" \/>\n<meta property=\"og:type\" content=\"article\" \/>\n<meta property=\"og:title\" content=\"Gustav Klimt - Emilie Fl\u00f6ge\" \/>\n<meta property=\"og:description\" content=\"100% ro\u010dno naslikane slike na platnu, reprodukcije znanih slikarjev in umetni\u0161ke slike po naro\u010dilu.\" \/>\n<meta property=\"og:url\" content=\"https:\/\/svetslik.si\/en\/gustav-klimt-en\/emilie-floge\/\" \/>\n<meta property=\"og:site_name\" content=\"SVETSLIK.SI\" \/>\n<meta property=\"article:publisher\" content=\"https:\/\/www.facebook.com\/svetslik.si\" \/>\n<meta property=\"article:modified_time\" content=\"2026-03-22T18:46:27+00:00\" \/>\n<meta property=\"og:image\" content=\"https:\/\/svetslik.si\/wp-content\/uploads\/2021\/08\/image_Emilie-Floge-Gustav-Klimt_680.jpg\" \/>\n\t<meta property=\"og:image:width\" content=\"1024\" \/>\n\t<meta property=\"og:image:height\" content=\"2317\" \/>\n\t<meta property=\"og:image:type\" content=\"image\/jpeg\" \/>\n<meta name=\"twitter:card\" content=\"summary_large_image\" \/>\n<meta name=\"twitter:site\" content=\"@svetslik\" \/>\n<meta name=\"twitter:label1\" content=\"Availability\" \/>\n\t<meta name=\"twitter:data1\" content=\"On backorder\" \/>\n<script type=\"application\/ld+json\" class=\"yoast-schema-graph\">{\"@context\":\"https:\/\/schema.org\",\"@graph\":[{\"@type\":[\"WebPage\",\"ItemPage\"],\"@id\":\"https:\/\/svetslik.si\/en\/gustav-klimt-en\/emilie-floge\/\",\"url\":\"https:\/\/svetslik.si\/en\/gustav-klimt-en\/emilie-floge\/\",\"name\":\"Gustav Klimt - Emilie Fl\u00f6ge - SVETSLIK.SI - 100% hand painted\",\"isPartOf\":{\"@id\":\"https:\/\/svetslik.si\/en\/#website\"},\"primaryImageOfPage\":{\"@id\":\"https:\/\/svetslik.si\/en\/gustav-klimt-en\/emilie-floge\/#primaryimage\"},\"image\":{\"@id\":\"https:\/\/svetslik.si\/en\/gustav-klimt-en\/emilie-floge\/#primaryimage\"},\"thumbnailUrl\":\"https:\/\/svetslik.si\/wp-content\/uploads\/2021\/08\/image_Emilie-Floge-Gustav-Klimt_680.jpg\",\"datePublished\":\"2021-09-02T15:51:34+00:00\",\"dateModified\":\"2026-03-22T18:46:27+00:00\",\"description\":\"Gustav Klimt - Emilie Fl\u00f6ge - 100% hand-painted reproduction of famous paintings by famous artists. Wall art, abstract paintings and custom painted paintings by order.\",\"breadcrumb\":{\"@id\":\"https:\/\/svetslik.si\/en\/gustav-klimt-en\/emilie-floge\/#breadcrumb\"},\"inLanguage\":\"en-US\",\"potentialAction\":[{\"@type\":\"ReadAction\",\"target\":[\"https:\/\/svetslik.si\/en\/gustav-klimt-en\/emilie-floge\/\"]}]},{\"@type\":\"ImageObject\",\"inLanguage\":\"en-US\",\"@id\":\"https:\/\/svetslik.si\/en\/gustav-klimt-en\/emilie-floge\/#primaryimage\",\"url\":\"https:\/\/svetslik.si\/wp-content\/uploads\/2021\/08\/image_Emilie-Floge-Gustav-Klimt_680.jpg\",\"contentUrl\":\"https:\/\/svetslik.si\/wp-content\/uploads\/2021\/08\/image_Emilie-Floge-Gustav-Klimt_680.jpg\",\"width\":1024,\"height\":2317,\"caption\":\"Gustav Klimt - Emilie Fl\u00f6ge - reproduction of famous painting by famous artist, hand painted painting on canvas - oil painting\"},{\"@type\":\"BreadcrumbList\",\"@id\":\"https:\/\/svetslik.si\/en\/gustav-klimt-en\/emilie-floge\/#breadcrumb\",\"itemListElement\":[{\"@type\":\"ListItem\",\"position\":1,\"name\":\"Wall art and paintings on canvas\",\"item\":\"https:\/\/svetslik.si\/en\/\"},{\"@type\":\"ListItem\",\"position\":2,\"name\":\"Sale of paintings\",\"item\":\"https:\/\/svetslik.si\/prodaja-slik\/\"},{\"@type\":\"ListItem\",\"position\":3,\"name\":\"Gustav Klimt &#8211; Emilie Fl\u00f6ge\"}]},{\"@type\":\"WebSite\",\"@id\":\"https:\/\/svetslik.si\/en\/#website\",\"url\":\"https:\/\/svetslik.si\/en\/\",\"name\":\"SVETSLIK.SI\",\"description\":\"100% ru\u010dno naslikane reprodukcije slika poznatih slikara in umjetni\u010dke zidne slike na platnu.\",\"publisher\":{\"@id\":\"https:\/\/svetslik.si\/en\/#organization\"},\"potentialAction\":[{\"@type\":\"SearchAction\",\"target\":{\"@type\":\"EntryPoint\",\"urlTemplate\":\"https:\/\/svetslik.si\/en\/?s={search_term_string}\"},\"query-input\":{\"@type\":\"PropertyValueSpecification\",\"valueRequired\":true,\"valueName\":\"search_term_string\"}}],\"inLanguage\":\"en-US\"},{\"@type\":\"Organization\",\"@id\":\"https:\/\/svetslik.si\/en\/#organization\",\"name\":\"SvetSlik.si\",\"url\":\"https:\/\/svetslik.si\/en\/\",\"logo\":{\"@type\":\"ImageObject\",\"inLanguage\":\"en-US\",\"@id\":\"https:\/\/svetslik.si\/en\/#\/schema\/logo\/image\/\",\"url\":\"https:\/\/svetslik.si\/wp-content\/uploads\/2020\/12\/logo-512.png\",\"contentUrl\":\"https:\/\/svetslik.si\/wp-content\/uploads\/2020\/12\/logo-512.png\",\"width\":512,\"height\":512,\"caption\":\"SvetSlik.si\"},\"image\":{\"@id\":\"https:\/\/svetslik.si\/en\/#\/schema\/logo\/image\/\"},\"sameAs\":[\"https:\/\/www.facebook.com\/svetslik.si\",\"https:\/\/x.com\/svetslik\",\"https:\/\/www.instagram.com\/svetslik.si\/\",\"https:\/\/www.linkedin.com\/company\/svetslik-si\"]}]}<\/script>\n<meta property=\"og:availability\" content=\"backorder\" \/>\n<meta property=\"product:availability\" content=\"available for order\" \/>\n<meta property=\"product:retailer_item_id\" content=\"236__\" \/>\n<meta property=\"product:condition\" content=\"new\" \/>\n<!-- \/ Yoast SEO Premium plugin. -->","yoast_head_json":{"title":"Gustav Klimt - Emilie Fl\u00f6ge - SVETSLIK.SI - 100% hand painted","description":"Gustav Klimt - Emilie Fl\u00f6ge - 100% hand-painted reproduction of famous paintings by famous artists. Wall art, abstract paintings and custom painted paintings by order.","robots":{"index":"index","follow":"follow","max-snippet":"max-snippet:-1","max-image-preview":"max-image-preview:large","max-video-preview":"max-video-preview:-1"},"canonical":"https:\/\/svetslik.si\/en\/gustav-klimt-en\/emilie-floge\/","og_locale":"en_US","og_type":"article","og_title":"Gustav Klimt - Emilie Fl\u00f6ge","og_description":"100% ro\u010dno naslikane slike na platnu, reprodukcije znanih slikarjev in umetni\u0161ke slike po naro\u010dilu.","og_url":"https:\/\/svetslik.si\/en\/gustav-klimt-en\/emilie-floge\/","og_site_name":"SVETSLIK.SI","article_publisher":"https:\/\/www.facebook.com\/svetslik.si","article_modified_time":"2026-03-22T18:46:27+00:00","og_image":[{"width":1024,"height":2317,"url":"https:\/\/svetslik.si\/wp-content\/uploads\/2021\/08\/image_Emilie-Floge-Gustav-Klimt_680.jpg","type":"image\/jpeg"}],"twitter_card":"summary_large_image","twitter_site":"@svetslik","twitter_misc":{"Availability":"On backorder"},"schema":{"@context":"https:\/\/schema.org","@graph":[{"@type":["WebPage","ItemPage"],"@id":"https:\/\/svetslik.si\/en\/gustav-klimt-en\/emilie-floge\/","url":"https:\/\/svetslik.si\/en\/gustav-klimt-en\/emilie-floge\/","name":"Gustav Klimt - Emilie Fl\u00f6ge - SVETSLIK.SI - 100% hand painted","isPartOf":{"@id":"https:\/\/svetslik.si\/en\/#website"},"primaryImageOfPage":{"@id":"https:\/\/svetslik.si\/en\/gustav-klimt-en\/emilie-floge\/#primaryimage"},"image":{"@id":"https:\/\/svetslik.si\/en\/gustav-klimt-en\/emilie-floge\/#primaryimage"},"thumbnailUrl":"https:\/\/svetslik.si\/wp-content\/uploads\/2021\/08\/image_Emilie-Floge-Gustav-Klimt_680.jpg","datePublished":"2021-09-02T15:51:34+00:00","dateModified":"2026-03-22T18:46:27+00:00","description":"Gustav Klimt - Emilie Fl\u00f6ge - 100% hand-painted reproduction of famous paintings by famous artists. Wall art, abstract paintings and custom painted paintings by order.","breadcrumb":{"@id":"https:\/\/svetslik.si\/en\/gustav-klimt-en\/emilie-floge\/#breadcrumb"},"inLanguage":"en-US","potentialAction":[{"@type":"ReadAction","target":["https:\/\/svetslik.si\/en\/gustav-klimt-en\/emilie-floge\/"]}]},{"@type":"ImageObject","inLanguage":"en-US","@id":"https:\/\/svetslik.si\/en\/gustav-klimt-en\/emilie-floge\/#primaryimage","url":"https:\/\/svetslik.si\/wp-content\/uploads\/2021\/08\/image_Emilie-Floge-Gustav-Klimt_680.jpg","contentUrl":"https:\/\/svetslik.si\/wp-content\/uploads\/2021\/08\/image_Emilie-Floge-Gustav-Klimt_680.jpg","width":1024,"height":2317,"caption":"Gustav Klimt - Emilie Fl\u00f6ge - reproduction of famous painting by famous artist, hand painted painting on canvas - oil painting"},{"@type":"BreadcrumbList","@id":"https:\/\/svetslik.si\/en\/gustav-klimt-en\/emilie-floge\/#breadcrumb","itemListElement":[{"@type":"ListItem","position":1,"name":"Wall art and paintings on canvas","item":"https:\/\/svetslik.si\/en\/"},{"@type":"ListItem","position":2,"name":"Sale of paintings","item":"https:\/\/svetslik.si\/prodaja-slik\/"},{"@type":"ListItem","position":3,"name":"Gustav Klimt &#8211; Emilie Fl\u00f6ge"}]},{"@type":"WebSite","@id":"https:\/\/svetslik.si\/en\/#website","url":"https:\/\/svetslik.si\/en\/","name":"SVETSLIK.SI","description":"100% ru\u010dno naslikane reprodukcije slika poznatih slikara in umjetni\u010dke zidne slike na platnu.","publisher":{"@id":"https:\/\/svetslik.si\/en\/#organization"},"potentialAction":[{"@type":"SearchAction","target":{"@type":"EntryPoint","urlTemplate":"https:\/\/svetslik.si\/en\/?s={search_term_string}"},"query-input":{"@type":"PropertyValueSpecification","valueRequired":true,"valueName":"search_term_string"}}],"inLanguage":"en-US"},{"@type":"Organization","@id":"https:\/\/svetslik.si\/en\/#organization","name":"SvetSlik.si","url":"https:\/\/svetslik.si\/en\/","logo":{"@type":"ImageObject","inLanguage":"en-US","@id":"https:\/\/svetslik.si\/en\/#\/schema\/logo\/image\/","url":"https:\/\/svetslik.si\/wp-content\/uploads\/2020\/12\/logo-512.png","contentUrl":"https:\/\/svetslik.si\/wp-content\/uploads\/2020\/12\/logo-512.png","width":512,"height":512,"caption":"SvetSlik.si"},"image":{"@id":"https:\/\/svetslik.si\/en\/#\/schema\/logo\/image\/"},"sameAs":["https:\/\/www.facebook.com\/svetslik.si","https:\/\/x.com\/svetslik","https:\/\/www.instagram.com\/svetslik.si\/","https:\/\/www.linkedin.com\/company\/svetslik-si"]}]},"og_availability":"backorder","product_availability":"available for order","product_retailer_item_id":"236__","product_condition":"new"},"jetpack_sharing_enabled":true,"_links":{"self":[{"href":"https:\/\/svetslik.si\/en\/wp-json\/wp\/v2\/product\/82474","targetHints":{"allow":["GET"]}}],"collection":[{"href":"https:\/\/svetslik.si\/en\/wp-json\/wp\/v2\/product"}],"about":[{"href":"https:\/\/svetslik.si\/en\/wp-json\/wp\/v2\/types\/product"}],"wp:featuredmedia":[{"embeddable":true,"href":"https:\/\/svetslik.si\/en\/wp-json\/wp\/v2\/media\/78714"}],"wp:attachment":[{"href":"https:\/\/svetslik.si\/en\/wp-json\/wp\/v2\/media?parent=82474"}],"wp:term":[{"taxonomy":"product_brand","embeddable":true,"href":"https:\/\/svetslik.si\/en\/wp-json\/wp\/v2\/product_brand?post=82474"},{"taxonomy":"product_cat","embeddable":true,"href":"https:\/\/svetslik.si\/en\/wp-json\/wp\/v2\/product_cat?post=82474"},{"taxonomy":"product_tag","embeddable":true,"href":"https:\/\/svetslik.si\/en\/wp-json\/wp\/v2\/product_tag?post=82474"}],"curies":[{"name":"wp","href":"https:\/\/api.w.org\/{rel}","templated":true}]}}