{"id":82608,"date":"2021-09-02T17:52:45","date_gmt":"2021-09-02T15:52:45","guid":{"rendered":"https:\/\/svetslik.si\/uncategorized\/woman-with-a-parasol-facing-left\/"},"modified":"2026-03-22T19:49:54","modified_gmt":"2026-03-22T18:49:54","slug":"woman-with-a-parasol-facing-left","status":"publish","type":"product","link":"https:\/\/svetslik.si\/en\/claude-monet-en\/woman-with-a-parasol-facing-left\/","title":{"rendered":"Claude Monet &#8211; Woman with a Parasol (Facing Left)"},"content":{"rendered":"<div class=\"wpb-content-wrapper\">[vc_row][vc_column][vc_column_text css=&#8221;&#8221;]\n<p data-pm-slice=\"1 1 []\"><div class=\"yt-lazy-video ratio-square\" data-id=\"rISrYEhFMBM\"><\/div>\n[\/vc_column][\/vc_row][vc_row css=&#8221;.vc_custom_1694784331630{margin-bottom: 10px !important;}&#8221;][vc_column]\t<div class=\"et-image-879 et-image     et_image_link\">\n\t\t<div class=\"et-image-inner \">\n\t\t\t\t\t\t\t<div class=\"et-image-thumb \">\n\t\t\t\t\t<img decoding=\"async\" width=\"1000\" height=\"1381\" src=\"https:\/\/svetslik.si\/wp-content\/uploads\/2021\/09\/Claude-Monet-\u2013-Woman-with-a-Parasol-Facing-Left-5.jpg\" class=\"attachment-full\" alt=\"Claude Monet \u2013 Woman with a Parasol (Facing Left)\" title=\"Claude-Monet-\u2013-Woman-with-a-Parasol-(Facing-Left)-5\" srcset=\"https:\/\/svetslik.si\/wp-content\/uploads\/2021\/09\/Claude-Monet-\u2013-Woman-with-a-Parasol-Facing-Left-5.jpg 1000w, https:\/\/svetslik.si\/wp-content\/uploads\/2021\/09\/Claude-Monet-\u2013-Woman-with-a-Parasol-Facing-Left-5-600x829.jpg 600w, https:\/\/svetslik.si\/wp-content\/uploads\/2021\/09\/Claude-Monet-\u2013-Woman-with-a-Parasol-Facing-Left-5-217x300.jpg 217w, https:\/\/svetslik.si\/wp-content\/uploads\/2021\/09\/Claude-Monet-\u2013-Woman-with-a-Parasol-Facing-Left-5-741x1024.jpg 741w, https:\/\/svetslik.si\/wp-content\/uploads\/2021\/09\/Claude-Monet-\u2013-Woman-with-a-Parasol-Facing-Left-5-768x1061.jpg 768w, https:\/\/svetslik.si\/wp-content\/uploads\/2021\/09\/Claude-Monet-\u2013-Woman-with-a-Parasol-Facing-Left-5-109x150.jpg 109w, https:\/\/svetslik.si\/wp-content\/uploads\/2021\/09\/Claude-Monet-\u2013-Woman-with-a-Parasol-Facing-Left-5-900x1243.jpg 900w\" sizes=\"(max-width: 1000px) 100vw, 1000px\" \/>\t\t\t\t<\/div>\n\t\t\t\t\t\t\t\t\t\t\t<\/div>\n\t<\/div>\n  [\/vc_column][\/vc_row][vc_row css=&#8221;.vc_custom_1694784331630{margin-bottom: 10px !important;}&#8221;][vc_column]\t<div class=\"et-image-553 et-image     et_image_link\">\n\t\t<div class=\"et-image-inner \">\n\t\t\t\t\t\t\t<div class=\"et-image-thumb \">\n\t\t\t\t\t<img decoding=\"async\" width=\"1000\" height=\"1570\" src=\"https:\/\/svetslik.si\/wp-content\/uploads\/2021\/09\/Claude-Monet-\u2013-Woman-with-a-Parasol-Facing-Left-1.jpg\" class=\"attachment-full\" alt=\"\" title=\"Claude-Monet-\u2013-Woman-with-a-Parasol-(Facing-Left)-1\" srcset=\"https:\/\/svetslik.si\/wp-content\/uploads\/2021\/09\/Claude-Monet-\u2013-Woman-with-a-Parasol-Facing-Left-1.jpg 1000w, https:\/\/svetslik.si\/wp-content\/uploads\/2021\/09\/Claude-Monet-\u2013-Woman-with-a-Parasol-Facing-Left-1-600x942.jpg 600w, https:\/\/svetslik.si\/wp-content\/uploads\/2021\/09\/Claude-Monet-\u2013-Woman-with-a-Parasol-Facing-Left-1-191x300.jpg 191w, https:\/\/svetslik.si\/wp-content\/uploads\/2021\/09\/Claude-Monet-\u2013-Woman-with-a-Parasol-Facing-Left-1-652x1024.jpg 652w, https:\/\/svetslik.si\/wp-content\/uploads\/2021\/09\/Claude-Monet-\u2013-Woman-with-a-Parasol-Facing-Left-1-768x1206.jpg 768w, https:\/\/svetslik.si\/wp-content\/uploads\/2021\/09\/Claude-Monet-\u2013-Woman-with-a-Parasol-Facing-Left-1-978x1536.jpg 978w, https:\/\/svetslik.si\/wp-content\/uploads\/2021\/09\/Claude-Monet-\u2013-Woman-with-a-Parasol-Facing-Left-1-96x150.jpg 96w, https:\/\/svetslik.si\/wp-content\/uploads\/2021\/09\/Claude-Monet-\u2013-Woman-with-a-Parasol-Facing-Left-1-900x1413.jpg 900w\" sizes=\"(max-width: 1000px) 100vw, 1000px\" \/>\t\t\t\t<\/div>\n\t\t\t\t\t\t\t\t\t\t\t<\/div>\n\t<\/div>\n  [\/vc_column][\/vc_row][vc_row css=&#8221;.vc_custom_1694784331630{margin-bottom: 10px !important;}&#8221;][vc_column]\t<div class=\"et-image-898 et-image     et_image_link\">\n\t\t<div class=\"et-image-inner \">\n\t\t\t\t\t\t\t<div class=\"et-image-thumb \">\n\t\t\t\t\t<img decoding=\"async\" width=\"1000\" height=\"1433\" src=\"https:\/\/svetslik.si\/wp-content\/uploads\/2021\/09\/Claude-Monet-\u2013-Woman-with-a-Parasol-Facing-Left-2.jpg\" class=\"attachment-full\" alt=\"https:\/\/svetslik.si\/wp-content\/uploads\/2021\/09\/Claude-Monet-\u2013-Woman-with-a-Parasol-Facing-Left-3.jpg\" title=\"Claude-Monet-\u2013-Woman-with-a-Parasol-(Facing-Left)-2\" srcset=\"https:\/\/svetslik.si\/wp-content\/uploads\/2021\/09\/Claude-Monet-\u2013-Woman-with-a-Parasol-Facing-Left-2.jpg 1000w, https:\/\/svetslik.si\/wp-content\/uploads\/2021\/09\/Claude-Monet-\u2013-Woman-with-a-Parasol-Facing-Left-2-600x860.jpg 600w, https:\/\/svetslik.si\/wp-content\/uploads\/2021\/09\/Claude-Monet-\u2013-Woman-with-a-Parasol-Facing-Left-2-209x300.jpg 209w, https:\/\/svetslik.si\/wp-content\/uploads\/2021\/09\/Claude-Monet-\u2013-Woman-with-a-Parasol-Facing-Left-2-715x1024.jpg 715w, https:\/\/svetslik.si\/wp-content\/uploads\/2021\/09\/Claude-Monet-\u2013-Woman-with-a-Parasol-Facing-Left-2-768x1101.jpg 768w, https:\/\/svetslik.si\/wp-content\/uploads\/2021\/09\/Claude-Monet-\u2013-Woman-with-a-Parasol-Facing-Left-2-105x150.jpg 105w, https:\/\/svetslik.si\/wp-content\/uploads\/2021\/09\/Claude-Monet-\u2013-Woman-with-a-Parasol-Facing-Left-2-900x1290.jpg 900w\" sizes=\"(max-width: 1000px) 100vw, 1000px\" \/>\t\t\t\t<\/div>\n\t\t\t\t\t\t\t\t\t\t\t<\/div>\n\t<\/div>\n  [\/vc_column][\/vc_row][vc_row css=&#8221;.vc_custom_1694784331630{margin-bottom: 10px !important;}&#8221;][vc_column]\t<div class=\"et-image-353 et-image     et_image_link\">\n\t\t<div class=\"et-image-inner \">\n\t\t\t\t\t\t\t<div class=\"et-image-thumb \">\n\t\t\t\t\t<img decoding=\"async\" width=\"1000\" height=\"563\" src=\"https:\/\/svetslik.si\/wp-content\/uploads\/2021\/09\/Claude-Monet-\u2013-Woman-with-a-Parasol-Facing-Left-3.jpg\" class=\"attachment-full\" alt=\"Claude Monet \u2013 Woman with a Parasol (Facing Left)\" title=\"Claude-Monet-\u2013-Woman-with-a-Parasol-(Facing-Left)-3\" srcset=\"https:\/\/svetslik.si\/wp-content\/uploads\/2021\/09\/Claude-Monet-\u2013-Woman-with-a-Parasol-Facing-Left-3.jpg 1000w, https:\/\/svetslik.si\/wp-content\/uploads\/2021\/09\/Claude-Monet-\u2013-Woman-with-a-Parasol-Facing-Left-3-600x338.jpg 600w, https:\/\/svetslik.si\/wp-content\/uploads\/2021\/09\/Claude-Monet-\u2013-Woman-with-a-Parasol-Facing-Left-3-300x169.jpg 300w, https:\/\/svetslik.si\/wp-content\/uploads\/2021\/09\/Claude-Monet-\u2013-Woman-with-a-Parasol-Facing-Left-3-768x432.jpg 768w, https:\/\/svetslik.si\/wp-content\/uploads\/2021\/09\/Claude-Monet-\u2013-Woman-with-a-Parasol-Facing-Left-3-150x84.jpg 150w, https:\/\/svetslik.si\/wp-content\/uploads\/2021\/09\/Claude-Monet-\u2013-Woman-with-a-Parasol-Facing-Left-3-900x507.jpg 900w\" sizes=\"(max-width: 1000px) 100vw, 1000px\" \/>\t\t\t\t<\/div>\n\t\t\t\t\t\t\t\t\t\t\t<\/div>\n\t<\/div>\n  [\/vc_column][\/vc_row][vc_row][vc_column][vc_column_text]\n<h1>Claude Monet &#8211; Woman with a Parasol (Facing Left)<\/h1>\n<p>&nbsp;<\/p>\n<div>\n<table style=\"width: 632px;\" border=\"0\" width=\"632\" cellspacing=\"0\" cellpadding=\"0\">\n<tbody>\n<tr>\n<td style=\"width: 180px; height: 21px;\" height=\"21\">Year of creation:<\/td>\n<td style=\"width: 452px;\">1886<\/td>\n<\/tr>\n<tr>\n<td style=\"width: 180px; height: 21px;\" height=\"21\">Original size:<\/td>\n<td style=\"width: 452px;\">88 cm x 131 cm<\/td>\n<\/tr>\n<tr>\n<td style=\"width: 180px; height: 21px;\" height=\"21\">Paint style:<\/td>\n<td style=\"width: 452px;\">Impressionism<\/td>\n<\/tr>\n<tr>\n<td style=\"width: 180px; height: 21px;\" height=\"21\">Original technique:<\/td>\n<td>Oil on canvas<\/td>\n<\/tr>\n<tr>\n<td style=\"width: 180px; height: 21px;\" height=\"21\">Located:<\/td>\n<td style=\"width: 452px;\">Orsey Museum, Paris<\/td>\n<\/tr>\n<\/tbody>\n<colgroup>\n<col \/>\n<col \/> <\/colgroup>\n<\/table>\n<\/div>\n<div><\/div>\n<div>Monet lost interest in figure painting after the death of his wife Camille, but later enjoyed depictions of the daughters of his companion Alice Hosched\u00e9 at Giverny. In the oil on canvas <em>Woman with a Parasol (facing left)<\/em>, the painter depicted Suzanne in a white summer dress with a green umbrella in her hand. The oil on canvas is similar to the artist&#8217;s earlier work from 1875, <em>Woman with a Parasol<\/em>, in which he depicted his wife and son.<\/div>\n<div><\/div>\n<p>&nbsp;<\/p>\n<\/div>","protected":false},"excerpt":{"rendered":"<p>[vc_row][vc_column][vc_column_text css=&#8221;&#8221;] [\/vc_column][\/vc_row][vc_row css=&#8221;.vc_custom_1694784331630{margin-bottom: 10px !important;}&#8221;][vc_column][\/vc_column][\/vc_row][vc_row css=&#8221;.vc_custom_1694784331630{margin-bottom: 10px !important;}&#8221;][vc_column][\/vc_column][\/vc_row][vc_row css=&#8221;.vc_custom_1694784331630{margin-bottom: 10px !important;}&#8221;][vc_column][\/vc_column][\/vc_row][vc_row css=&#8221;.vc_custom_1694784331630{margin-bottom: 10px !important;}&#8221;][vc_column][\/vc_column][\/vc_row][vc_row][vc_column][vc_column_text] Claude Monet &#8211; Woman with a Parasol (Facing Left) &nbsp; Year of creation: 1886 Original size: 88 cm x 131 cm Paint style: Impressionism Original technique: Oil on canvas Located: Orsey Museum, Paris Monet lost [&hellip;]<\/p>\n","protected":false},"featured_media":78411,"template":"","meta":{"_acf_changed":false},"product_brand":[],"product_cat":[9803],"product_tag":[9849,9870,9862,9863],"class_list":{"0":"post-82608","1":"product","2":"type-product","3":"status-publish","4":"has-post-thumbnail","6":"product_cat-claude-monet-en","7":"product_tag-monet-en","8":"product_tag-painter","9":"product_tag-reproduction-en","10":"product_tag-reproductions","11":"pa_dimenzija-100-x-150-cm-en","12":"pa_dimenzija-120-x-180-cm-en","13":"pa_dimenzija-50-x-75-cm-en","14":"pa_dimenzija-60-x-40-cm-en","15":"pa_dimenzija-60-x-90-cm-en","16":"pa_dimenzija-70-x-100-cm-en","17":"pa_dimenzija-80-x-120-cm-en","18":"pa_dimenzija-88-x-131-cm-en","19":"pa_oblika-vertical","20":"pa_okvir-without-frame","21":"pa_podokvir-without","22":"pa_podokvir-yes","24":"first","25":"onbackorder","26":"purchasable","27":"product-type-variable","28":"has-default-attributes"},"acf":[],"yoast_head":"<!-- This site is optimized with the Yoast SEO Premium plugin v26.0 (Yoast SEO v27.2) - https:\/\/yoast.com\/product\/yoast-seo-premium-wordpress\/ -->\n<title>Claude Monet - Woman with a Parasol (Facing Left) - SVETSLIK.SI - 100% hand painted<\/title>\n<meta name=\"description\" content=\"Claude Monet - Woman with a Parasol (Facing Left) - 100% hand-painted reproduction of famous paintings by famous artists. Wall art, abstract paintings and custom painted paintings by order.\" \/>\n<meta name=\"robots\" content=\"index, follow, max-snippet:-1, max-image-preview:large, max-video-preview:-1\" \/>\n<link rel=\"canonical\" href=\"https:\/\/svetslik.si\/en\/claude-monet-en\/woman-with-a-parasol-facing-left\/\" \/>\n<meta property=\"og:locale\" content=\"en_US\" \/>\n<meta property=\"og:type\" content=\"article\" \/>\n<meta property=\"og:title\" content=\"Claude Monet - Woman with a Parasol (Facing Left)\" \/>\n<meta property=\"og:description\" content=\"100% ro\u010dno naslikane slike na platnu, reprodukcije znanih slikarjev in umetni\u0161ke slike po naro\u010dilu.\" \/>\n<meta property=\"og:url\" content=\"https:\/\/svetslik.si\/en\/claude-monet-en\/woman-with-a-parasol-facing-left\/\" \/>\n<meta property=\"og:site_name\" content=\"SVETSLIK.SI\" \/>\n<meta property=\"article:publisher\" content=\"https:\/\/www.facebook.com\/svetslik.si\" \/>\n<meta property=\"article:modified_time\" content=\"2026-03-22T18:49:54+00:00\" \/>\n<meta property=\"og:image\" content=\"https:\/\/svetslik.si\/wp-content\/uploads\/2021\/08\/image_Woman-with-a-Parasol-facing-left-Claude-Monet_680.jpg\" \/>\n\t<meta property=\"og:image:width\" content=\"1811\" \/>\n\t<meta property=\"og:image:height\" content=\"2560\" \/>\n\t<meta property=\"og:image:type\" content=\"image\/jpeg\" \/>\n<meta name=\"twitter:card\" content=\"summary_large_image\" \/>\n<meta name=\"twitter:site\" content=\"@svetslik\" \/>\n<meta name=\"twitter:label1\" content=\"Availability\" \/>\n\t<meta name=\"twitter:data1\" content=\"On backorder\" \/>\n<script type=\"application\/ld+json\" class=\"yoast-schema-graph\">{\"@context\":\"https:\/\/schema.org\",\"@graph\":[{\"@type\":[\"WebPage\",\"ItemPage\"],\"@id\":\"https:\/\/svetslik.si\/en\/claude-monet-en\/woman-with-a-parasol-facing-left\/\",\"url\":\"https:\/\/svetslik.si\/en\/claude-monet-en\/woman-with-a-parasol-facing-left\/\",\"name\":\"Claude Monet - Woman with a Parasol (Facing Left) - SVETSLIK.SI - 100% hand painted\",\"isPartOf\":{\"@id\":\"https:\/\/svetslik.si\/en\/#website\"},\"primaryImageOfPage\":{\"@id\":\"https:\/\/svetslik.si\/en\/claude-monet-en\/woman-with-a-parasol-facing-left\/#primaryimage\"},\"image\":{\"@id\":\"https:\/\/svetslik.si\/en\/claude-monet-en\/woman-with-a-parasol-facing-left\/#primaryimage\"},\"thumbnailUrl\":\"https:\/\/svetslik.si\/wp-content\/uploads\/2021\/08\/image_Woman-with-a-Parasol-facing-left-Claude-Monet_680.jpg\",\"datePublished\":\"2021-09-02T15:52:45+00:00\",\"dateModified\":\"2026-03-22T18:49:54+00:00\",\"description\":\"Claude Monet - Woman with a Parasol (Facing Left) - 100% hand-painted reproduction of famous paintings by famous artists. Wall art, abstract paintings and custom painted paintings by order.\",\"breadcrumb\":{\"@id\":\"https:\/\/svetslik.si\/en\/claude-monet-en\/woman-with-a-parasol-facing-left\/#breadcrumb\"},\"inLanguage\":\"en-US\",\"potentialAction\":[{\"@type\":\"ReadAction\",\"target\":[\"https:\/\/svetslik.si\/en\/claude-monet-en\/woman-with-a-parasol-facing-left\/\"]}]},{\"@type\":\"ImageObject\",\"inLanguage\":\"en-US\",\"@id\":\"https:\/\/svetslik.si\/en\/claude-monet-en\/woman-with-a-parasol-facing-left\/#primaryimage\",\"url\":\"https:\/\/svetslik.si\/wp-content\/uploads\/2021\/08\/image_Woman-with-a-Parasol-facing-left-Claude-Monet_680.jpg\",\"contentUrl\":\"https:\/\/svetslik.si\/wp-content\/uploads\/2021\/08\/image_Woman-with-a-Parasol-facing-left-Claude-Monet_680.jpg\",\"width\":1811,\"height\":2560,\"caption\":\"Claude Monet - Woman with a Parasol (Facing Left) - reproduction of famous painting by famous artist, hand painted painting on canvas - oil painting\"},{\"@type\":\"BreadcrumbList\",\"@id\":\"https:\/\/svetslik.si\/en\/claude-monet-en\/woman-with-a-parasol-facing-left\/#breadcrumb\",\"itemListElement\":[{\"@type\":\"ListItem\",\"position\":1,\"name\":\"Wall art and paintings on canvas\",\"item\":\"https:\/\/svetslik.si\/en\/\"},{\"@type\":\"ListItem\",\"position\":2,\"name\":\"Sale of paintings\",\"item\":\"https:\/\/svetslik.si\/prodaja-slik\/\"},{\"@type\":\"ListItem\",\"position\":3,\"name\":\"Claude Monet &#8211; Woman with a Parasol (Facing Left)\"}]},{\"@type\":\"WebSite\",\"@id\":\"https:\/\/svetslik.si\/en\/#website\",\"url\":\"https:\/\/svetslik.si\/en\/\",\"name\":\"SVETSLIK.SI\",\"description\":\"100% ru\u010dno naslikane reprodukcije slika poznatih slikara in umjetni\u010dke zidne slike na platnu.\",\"publisher\":{\"@id\":\"https:\/\/svetslik.si\/en\/#organization\"},\"potentialAction\":[{\"@type\":\"SearchAction\",\"target\":{\"@type\":\"EntryPoint\",\"urlTemplate\":\"https:\/\/svetslik.si\/en\/?s={search_term_string}\"},\"query-input\":{\"@type\":\"PropertyValueSpecification\",\"valueRequired\":true,\"valueName\":\"search_term_string\"}}],\"inLanguage\":\"en-US\"},{\"@type\":\"Organization\",\"@id\":\"https:\/\/svetslik.si\/en\/#organization\",\"name\":\"SvetSlik.si\",\"url\":\"https:\/\/svetslik.si\/en\/\",\"logo\":{\"@type\":\"ImageObject\",\"inLanguage\":\"en-US\",\"@id\":\"https:\/\/svetslik.si\/en\/#\/schema\/logo\/image\/\",\"url\":\"https:\/\/svetslik.si\/wp-content\/uploads\/2020\/12\/logo-512.png\",\"contentUrl\":\"https:\/\/svetslik.si\/wp-content\/uploads\/2020\/12\/logo-512.png\",\"width\":512,\"height\":512,\"caption\":\"SvetSlik.si\"},\"image\":{\"@id\":\"https:\/\/svetslik.si\/en\/#\/schema\/logo\/image\/\"},\"sameAs\":[\"https:\/\/www.facebook.com\/svetslik.si\",\"https:\/\/x.com\/svetslik\",\"https:\/\/www.instagram.com\/svetslik.si\/\",\"https:\/\/www.linkedin.com\/company\/svetslik-si\"]}]}<\/script>\n<meta property=\"og:availability\" content=\"backorder\" \/>\n<meta property=\"product:availability\" content=\"available for order\" \/>\n<meta property=\"product:retailer_item_id\" content=\"252__\" \/>\n<meta property=\"product:condition\" content=\"new\" \/>\n<!-- \/ Yoast SEO Premium plugin. -->","yoast_head_json":{"title":"Claude Monet - Woman with a Parasol (Facing Left) - SVETSLIK.SI - 100% hand painted","description":"Claude Monet - Woman with a Parasol (Facing Left) - 100% hand-painted reproduction of famous paintings by famous artists. Wall art, abstract paintings and custom painted paintings by order.","robots":{"index":"index","follow":"follow","max-snippet":"max-snippet:-1","max-image-preview":"max-image-preview:large","max-video-preview":"max-video-preview:-1"},"canonical":"https:\/\/svetslik.si\/en\/claude-monet-en\/woman-with-a-parasol-facing-left\/","og_locale":"en_US","og_type":"article","og_title":"Claude Monet - Woman with a Parasol (Facing Left)","og_description":"100% ro\u010dno naslikane slike na platnu, reprodukcije znanih slikarjev in umetni\u0161ke slike po naro\u010dilu.","og_url":"https:\/\/svetslik.si\/en\/claude-monet-en\/woman-with-a-parasol-facing-left\/","og_site_name":"SVETSLIK.SI","article_publisher":"https:\/\/www.facebook.com\/svetslik.si","article_modified_time":"2026-03-22T18:49:54+00:00","og_image":[{"width":1811,"height":2560,"url":"https:\/\/svetslik.si\/wp-content\/uploads\/2021\/08\/image_Woman-with-a-Parasol-facing-left-Claude-Monet_680.jpg","type":"image\/jpeg"}],"twitter_card":"summary_large_image","twitter_site":"@svetslik","twitter_misc":{"Availability":"On backorder"},"schema":{"@context":"https:\/\/schema.org","@graph":[{"@type":["WebPage","ItemPage"],"@id":"https:\/\/svetslik.si\/en\/claude-monet-en\/woman-with-a-parasol-facing-left\/","url":"https:\/\/svetslik.si\/en\/claude-monet-en\/woman-with-a-parasol-facing-left\/","name":"Claude Monet - Woman with a Parasol (Facing Left) - SVETSLIK.SI - 100% hand painted","isPartOf":{"@id":"https:\/\/svetslik.si\/en\/#website"},"primaryImageOfPage":{"@id":"https:\/\/svetslik.si\/en\/claude-monet-en\/woman-with-a-parasol-facing-left\/#primaryimage"},"image":{"@id":"https:\/\/svetslik.si\/en\/claude-monet-en\/woman-with-a-parasol-facing-left\/#primaryimage"},"thumbnailUrl":"https:\/\/svetslik.si\/wp-content\/uploads\/2021\/08\/image_Woman-with-a-Parasol-facing-left-Claude-Monet_680.jpg","datePublished":"2021-09-02T15:52:45+00:00","dateModified":"2026-03-22T18:49:54+00:00","description":"Claude Monet - Woman with a Parasol (Facing Left) - 100% hand-painted reproduction of famous paintings by famous artists. Wall art, abstract paintings and custom painted paintings by order.","breadcrumb":{"@id":"https:\/\/svetslik.si\/en\/claude-monet-en\/woman-with-a-parasol-facing-left\/#breadcrumb"},"inLanguage":"en-US","potentialAction":[{"@type":"ReadAction","target":["https:\/\/svetslik.si\/en\/claude-monet-en\/woman-with-a-parasol-facing-left\/"]}]},{"@type":"ImageObject","inLanguage":"en-US","@id":"https:\/\/svetslik.si\/en\/claude-monet-en\/woman-with-a-parasol-facing-left\/#primaryimage","url":"https:\/\/svetslik.si\/wp-content\/uploads\/2021\/08\/image_Woman-with-a-Parasol-facing-left-Claude-Monet_680.jpg","contentUrl":"https:\/\/svetslik.si\/wp-content\/uploads\/2021\/08\/image_Woman-with-a-Parasol-facing-left-Claude-Monet_680.jpg","width":1811,"height":2560,"caption":"Claude Monet - Woman with a Parasol (Facing Left) - reproduction of famous painting by famous artist, hand painted painting on canvas - oil painting"},{"@type":"BreadcrumbList","@id":"https:\/\/svetslik.si\/en\/claude-monet-en\/woman-with-a-parasol-facing-left\/#breadcrumb","itemListElement":[{"@type":"ListItem","position":1,"name":"Wall art and paintings on canvas","item":"https:\/\/svetslik.si\/en\/"},{"@type":"ListItem","position":2,"name":"Sale of paintings","item":"https:\/\/svetslik.si\/prodaja-slik\/"},{"@type":"ListItem","position":3,"name":"Claude Monet &#8211; Woman with a Parasol (Facing Left)"}]},{"@type":"WebSite","@id":"https:\/\/svetslik.si\/en\/#website","url":"https:\/\/svetslik.si\/en\/","name":"SVETSLIK.SI","description":"100% ru\u010dno naslikane reprodukcije slika poznatih slikara in umjetni\u010dke zidne slike na platnu.","publisher":{"@id":"https:\/\/svetslik.si\/en\/#organization"},"potentialAction":[{"@type":"SearchAction","target":{"@type":"EntryPoint","urlTemplate":"https:\/\/svetslik.si\/en\/?s={search_term_string}"},"query-input":{"@type":"PropertyValueSpecification","valueRequired":true,"valueName":"search_term_string"}}],"inLanguage":"en-US"},{"@type":"Organization","@id":"https:\/\/svetslik.si\/en\/#organization","name":"SvetSlik.si","url":"https:\/\/svetslik.si\/en\/","logo":{"@type":"ImageObject","inLanguage":"en-US","@id":"https:\/\/svetslik.si\/en\/#\/schema\/logo\/image\/","url":"https:\/\/svetslik.si\/wp-content\/uploads\/2020\/12\/logo-512.png","contentUrl":"https:\/\/svetslik.si\/wp-content\/uploads\/2020\/12\/logo-512.png","width":512,"height":512,"caption":"SvetSlik.si"},"image":{"@id":"https:\/\/svetslik.si\/en\/#\/schema\/logo\/image\/"},"sameAs":["https:\/\/www.facebook.com\/svetslik.si","https:\/\/x.com\/svetslik","https:\/\/www.instagram.com\/svetslik.si\/","https:\/\/www.linkedin.com\/company\/svetslik-si"]}]},"og_availability":"backorder","product_availability":"available for order","product_retailer_item_id":"252__","product_condition":"new"},"jetpack_sharing_enabled":true,"_links":{"self":[{"href":"https:\/\/svetslik.si\/en\/wp-json\/wp\/v2\/product\/82608","targetHints":{"allow":["GET"]}}],"collection":[{"href":"https:\/\/svetslik.si\/en\/wp-json\/wp\/v2\/product"}],"about":[{"href":"https:\/\/svetslik.si\/en\/wp-json\/wp\/v2\/types\/product"}],"wp:featuredmedia":[{"embeddable":true,"href":"https:\/\/svetslik.si\/en\/wp-json\/wp\/v2\/media\/78411"}],"wp:attachment":[{"href":"https:\/\/svetslik.si\/en\/wp-json\/wp\/v2\/media?parent=82608"}],"wp:term":[{"taxonomy":"product_brand","embeddable":true,"href":"https:\/\/svetslik.si\/en\/wp-json\/wp\/v2\/product_brand?post=82608"},{"taxonomy":"product_cat","embeddable":true,"href":"https:\/\/svetslik.si\/en\/wp-json\/wp\/v2\/product_cat?post=82608"},{"taxonomy":"product_tag","embeddable":true,"href":"https:\/\/svetslik.si\/en\/wp-json\/wp\/v2\/product_tag?post=82608"}],"curies":[{"name":"wp","href":"https:\/\/api.w.org\/{rel}","templated":true}]}}