{"id":82652,"date":"2021-09-02T17:53:06","date_gmt":"2021-09-02T15:53:06","guid":{"rendered":"https:\/\/svetslik.si\/uncategorized\/a-wheat-field-with-cypresses\/"},"modified":"2026-03-22T19:50:42","modified_gmt":"2026-03-22T18:50:42","slug":"a-wheat-field-with-cypresses","status":"publish","type":"product","link":"https:\/\/svetslik.si\/en\/vincent-van-gogh-en\/a-wheat-field-with-cypresses\/","title":{"rendered":"Vincent van Gogh &#8211; A Wheat Field with Cypresses"},"content":{"rendered":"<div class=\"wpb-content-wrapper\">[vc_row css=&#8221;.vc_custom_1719426372601{margin-bottom: 15px !important;}&#8221;][vc_column]\t<div class=\"et-image-582 et-image     et_image_link\">\n\t\t<div class=\"et-image-inner \">\n\t\t\t\t\t\t\t<div class=\"et-image-thumb \">\n\t\t\t\t\t<img decoding=\"async\" width=\"1000\" height=\"1082\" src=\"https:\/\/svetslik.si\/wp-content\/uploads\/2021\/09\/Vincent-van-Gogh-\u2013-A-Wheat-Field-with-Cypresses-reprodukcija-slike-3.jpg\" class=\"attachment-full\" alt=\"Vincent van Gogh - A Wheat Field with Cypresses\" title=\"Vincent van Gogh - A Wheat Field with Cypresses\" srcset=\"https:\/\/svetslik.si\/wp-content\/uploads\/2021\/09\/Vincent-van-Gogh-\u2013-A-Wheat-Field-with-Cypresses-reprodukcija-slike-3.jpg 1000w, https:\/\/svetslik.si\/wp-content\/uploads\/2021\/09\/Vincent-van-Gogh-\u2013-A-Wheat-Field-with-Cypresses-reprodukcija-slike-3-600x649.jpg 600w, https:\/\/svetslik.si\/wp-content\/uploads\/2021\/09\/Vincent-van-Gogh-\u2013-A-Wheat-Field-with-Cypresses-reprodukcija-slike-3-277x300.jpg 277w, https:\/\/svetslik.si\/wp-content\/uploads\/2021\/09\/Vincent-van-Gogh-\u2013-A-Wheat-Field-with-Cypresses-reprodukcija-slike-3-946x1024.jpg 946w, https:\/\/svetslik.si\/wp-content\/uploads\/2021\/09\/Vincent-van-Gogh-\u2013-A-Wheat-Field-with-Cypresses-reprodukcija-slike-3-768x831.jpg 768w, https:\/\/svetslik.si\/wp-content\/uploads\/2021\/09\/Vincent-van-Gogh-\u2013-A-Wheat-Field-with-Cypresses-reprodukcija-slike-3-139x150.jpg 139w, https:\/\/svetslik.si\/wp-content\/uploads\/2021\/09\/Vincent-van-Gogh-\u2013-A-Wheat-Field-with-Cypresses-reprodukcija-slike-3-900x974.jpg 900w\" sizes=\"(max-width: 1000px) 100vw, 1000px\" \/>\t\t\t\t<\/div>\n\t\t\t\t\t\t\t\t\t\t\t<\/div>\n\t<\/div>\n  [\/vc_column][\/vc_row][vc_row css=&#8221;.vc_custom_1719426372601{margin-bottom: 15px !important;}&#8221;][vc_column]\t<div class=\"et-image-806 et-image     et_image_link\">\n\t\t<div class=\"et-image-inner \">\n\t\t\t\t\t\t\t<div class=\"et-image-thumb \">\n\t\t\t\t\t<img decoding=\"async\" width=\"1000\" height=\"931\" src=\"https:\/\/svetslik.si\/wp-content\/uploads\/2021\/09\/Vincent-van-Gogh-\u2013-A-Wheat-Field-with-Cypresses-reprodukcija-slike-2.jpg\" class=\"attachment-full\" alt=\"Vincent van Gogh - A Wheat Field with Cypresses\" title=\"Vincent van Gogh - A Wheat Field with Cypresses\" srcset=\"https:\/\/svetslik.si\/wp-content\/uploads\/2021\/09\/Vincent-van-Gogh-\u2013-A-Wheat-Field-with-Cypresses-reprodukcija-slike-2.jpg 1000w, https:\/\/svetslik.si\/wp-content\/uploads\/2021\/09\/Vincent-van-Gogh-\u2013-A-Wheat-Field-with-Cypresses-reprodukcija-slike-2-600x559.jpg 600w, https:\/\/svetslik.si\/wp-content\/uploads\/2021\/09\/Vincent-van-Gogh-\u2013-A-Wheat-Field-with-Cypresses-reprodukcija-slike-2-300x279.jpg 300w, https:\/\/svetslik.si\/wp-content\/uploads\/2021\/09\/Vincent-van-Gogh-\u2013-A-Wheat-Field-with-Cypresses-reprodukcija-slike-2-768x715.jpg 768w, https:\/\/svetslik.si\/wp-content\/uploads\/2021\/09\/Vincent-van-Gogh-\u2013-A-Wheat-Field-with-Cypresses-reprodukcija-slike-2-150x140.jpg 150w, https:\/\/svetslik.si\/wp-content\/uploads\/2021\/09\/Vincent-van-Gogh-\u2013-A-Wheat-Field-with-Cypresses-reprodukcija-slike-2-900x838.jpg 900w\" sizes=\"(max-width: 1000px) 100vw, 1000px\" \/>\t\t\t\t<\/div>\n\t\t\t\t\t\t\t\t\t\t\t<\/div>\n\t<\/div>\n  [\/vc_column][\/vc_row][vc_row css=&#8221;.vc_custom_1719426372601{margin-bottom: 15px !important;}&#8221;][vc_column]\t<div class=\"et-image-442 et-image     et_image_link\">\n\t\t<div class=\"et-image-inner \">\n\t\t\t\t\t\t\t<div class=\"et-image-thumb \">\n\t\t\t\t\t<img decoding=\"async\" width=\"1000\" height=\"773\" src=\"https:\/\/svetslik.si\/wp-content\/uploads\/2021\/09\/Vincent-van-Gogh-\u2013-A-Wheat-Field-with-Cypresses-reprodukcija-slike.jpg\" class=\"attachment-full\" alt=\"Vincent van Gogh - A Wheat Field with Cypresses\" title=\"Vincent van Gogh - A Wheat Field with Cypresses\" srcset=\"https:\/\/svetslik.si\/wp-content\/uploads\/2021\/09\/Vincent-van-Gogh-\u2013-A-Wheat-Field-with-Cypresses-reprodukcija-slike.jpg 1000w, https:\/\/svetslik.si\/wp-content\/uploads\/2021\/09\/Vincent-van-Gogh-\u2013-A-Wheat-Field-with-Cypresses-reprodukcija-slike-600x464.jpg 600w, https:\/\/svetslik.si\/wp-content\/uploads\/2021\/09\/Vincent-van-Gogh-\u2013-A-Wheat-Field-with-Cypresses-reprodukcija-slike-300x232.jpg 300w, https:\/\/svetslik.si\/wp-content\/uploads\/2021\/09\/Vincent-van-Gogh-\u2013-A-Wheat-Field-with-Cypresses-reprodukcija-slike-768x594.jpg 768w, https:\/\/svetslik.si\/wp-content\/uploads\/2021\/09\/Vincent-van-Gogh-\u2013-A-Wheat-Field-with-Cypresses-reprodukcija-slike-150x116.jpg 150w, https:\/\/svetslik.si\/wp-content\/uploads\/2021\/09\/Vincent-van-Gogh-\u2013-A-Wheat-Field-with-Cypresses-reprodukcija-slike-900x696.jpg 900w\" sizes=\"(max-width: 1000px) 100vw, 1000px\" \/>\t\t\t\t<\/div>\n\t\t\t\t\t\t\t\t\t\t\t<\/div>\n\t<\/div>\n  [\/vc_column][\/vc_row][vc_row css=&#8221;.vc_custom_1719426372601{margin-bottom: 15px !important;}&#8221;][vc_column]\t<div class=\"et-image-264 et-image     et_image_link\">\n\t\t<div class=\"et-image-inner \">\n\t\t\t\t\t\t\t<div class=\"et-image-thumb \">\n\t\t\t\t\t<img decoding=\"async\" width=\"1000\" height=\"563\" src=\"https:\/\/svetslik.si\/wp-content\/uploads\/2021\/09\/Vincent-van-Gogh-\u2013-A-Wheat-Field-with-Cypresses-reprodukcija-slike5.jpg\" class=\"attachment-full\" alt=\"Vincent van Gogh - A Wheat Field with Cypresses\" title=\"Vincent van Gogh - A Wheat Field with Cypresses\" srcset=\"https:\/\/svetslik.si\/wp-content\/uploads\/2021\/09\/Vincent-van-Gogh-\u2013-A-Wheat-Field-with-Cypresses-reprodukcija-slike5.jpg 1000w, https:\/\/svetslik.si\/wp-content\/uploads\/2021\/09\/Vincent-van-Gogh-\u2013-A-Wheat-Field-with-Cypresses-reprodukcija-slike5-600x338.jpg 600w, https:\/\/svetslik.si\/wp-content\/uploads\/2021\/09\/Vincent-van-Gogh-\u2013-A-Wheat-Field-with-Cypresses-reprodukcija-slike5-300x169.jpg 300w, https:\/\/svetslik.si\/wp-content\/uploads\/2021\/09\/Vincent-van-Gogh-\u2013-A-Wheat-Field-with-Cypresses-reprodukcija-slike5-768x432.jpg 768w, https:\/\/svetslik.si\/wp-content\/uploads\/2021\/09\/Vincent-van-Gogh-\u2013-A-Wheat-Field-with-Cypresses-reprodukcija-slike5-150x84.jpg 150w, https:\/\/svetslik.si\/wp-content\/uploads\/2021\/09\/Vincent-van-Gogh-\u2013-A-Wheat-Field-with-Cypresses-reprodukcija-slike5-900x507.jpg 900w\" sizes=\"(max-width: 1000px) 100vw, 1000px\" \/>\t\t\t\t<\/div>\n\t\t\t\t\t\t\t\t\t\t\t<\/div>\n\t<\/div>\n  [\/vc_column][\/vc_row][vc_row][vc_column][vc_column_text]\n<h1>Vincent Van Gogh &#8211; A Wheat Field with Cypresses<\/h1>\n<p>&nbsp;<\/p>\n<table id=\"imageinfo\" border=\"0\" width=\"96%\" cellspacing=\"0\" cellpadding=\"2\">\n<tbody>\n<tr>\n<td width=\"120\">Year created:<\/td>\n<td>1889<\/td>\n<\/tr>\n<tr>\n<td>Original size:<\/td>\n<td>93.4 cm x 73 cm<\/td>\n<\/tr>\n<tr>\n<td>Painting style:<\/td>\n<td>Post-Impressionism<\/td>\n<\/tr>\n<tr>\n<td>Original technique:<\/td>\n<td>Oil on canvas<\/td>\n<\/tr>\n<tr>\n<td>Located:<\/td>\n<td>Metropolitan Museum of Art, New York<\/td>\n<\/tr>\n<\/tbody>\n<\/table>\n<p>The oil on canvas <em>A Wheatfield with Cypresses<\/em> was painted by Van Gogh in three very similar versions. A version he painted in September 1889 is in the National Gallery, London; the July 1889 version is in the Metropolitan Museum of Art, New York; and the third version is in a private collection. All three paintings were painted during Van Gogh&#8217;s stay at the sanatorium in St. R\u00e9my next to Arles.<\/p>\n<p>&#8220;Wheat Field with Cypresses&#8221; is an 1889 painting by Dutch artist Vincent van Gogh. This painting is considered one of Van Gogh&#8217;s most iconic and powerful works, showing his skill in capturing the essence of nature and the tranquility of the countryside. The picture shows a wheat field with tall dark green cypress trees in the background. The painting is widely recognized for its bold brushstrokes, emotionality and strong symbolism.<\/p>\n<p>The composition of the painting is simple but effective, as the wheat field and cypresses occupy most of the space on the canvas. The use of color in the painting is also noteworthy, as Van Gogh uses bold, contrasting colors that create a sense of movement and energy. The wheat field is depicted in shades of yellow and gold, creating a feeling of warmth and abundance. The cypresses are dressed in green and blue shades, which create a sense of earthiness and peace. The brush strokes in the painting are dense and visible, giving the painting a sense of movement and energy.<\/p>\n<p>The symbolism in the painting is also rich: cypress trees represent the idea of death, immortality and eternity, and the wheat field represents fertility, abundance and the life cycle. The painting is said to represent Van Gogh&#8217;s emotional state at the time. The painting was created while Van Gogh was living at the Saint-Paul-de-Mausole Sanctuary in Saint-R\u00e9my-de-Provence, France, and is believed to reflect the artist&#8217;s feelings of longing for the natural world and connecting with nature as a form of healing.<\/p>\n<p>&#8220;Wheat Field with Cypresses&#8221; is considered one of Van Gogh&#8217;s most iconic and powerful works. The painting is located in the Metropolitan Museum of Art in New York, USA. It is an important work of post-impressionism that is still admired and studied by both amateurs and experts. The powerful imagery, emotionality and rich symbolism make the painting a must for any art lover or anyone interested in the work of Vincent van Gogh.<\/p>\n<\/div>","protected":false},"excerpt":{"rendered":"<p>[vc_row css=&#8221;.vc_custom_1719426372601{margin-bottom: 15px !important;}&#8221;][vc_column][\/vc_column][\/vc_row][vc_row css=&#8221;.vc_custom_1719426372601{margin-bottom: 15px !important;}&#8221;][vc_column][\/vc_column][\/vc_row][vc_row css=&#8221;.vc_custom_1719426372601{margin-bottom: 15px !important;}&#8221;][vc_column][\/vc_column][\/vc_row][vc_row css=&#8221;.vc_custom_1719426372601{margin-bottom: 15px !important;}&#8221;][vc_column][\/vc_column][\/vc_row][vc_row][vc_column][vc_column_text] Vincent Van Gogh &#8211; A Wheat Field with Cypresses &nbsp; Year created: 1889 Original size: 93.4 cm x 73 cm Painting style: Post-Impressionism Original technique: Oil on canvas Located: Metropolitan Museum of Art, New York The oil [&hellip;]<\/p>\n","protected":false},"featured_media":78503,"template":"","meta":{"_acf_changed":false},"product_brand":[],"product_cat":[9815],"product_tag":[9870,9862,9863,9883],"class_list":{"0":"post-82652","1":"product","2":"type-product","3":"status-publish","4":"has-post-thumbnail","6":"product_cat-vincent-van-gogh-en","7":"product_tag-painter","8":"product_tag-reproduction-en","9":"product_tag-reproductions","10":"product_tag-van-gogh-en","11":"pa_dimenzija-100-x-80-cm-en","12":"pa_dimenzija-120-x-100-cm-en","13":"pa_dimenzija-50-x-40-cm-en","14":"pa_dimenzija-60-x-50-cm-en","15":"pa_dimenzija-70-x-55-cm-en","16":"pa_dimenzija-80-x-65-cm-en","17":"pa_dimenzija-91-x-72-cm-en","18":"pa_oblika-horizontal","19":"pa_okvir-without-frame","20":"pa_podokvir-without","21":"pa_podokvir-yes","23":"first","24":"onbackorder","25":"purchasable","26":"product-type-variable","27":"has-default-attributes"},"acf":[],"yoast_head":"<!-- This site is optimized with the Yoast SEO Premium plugin v26.0 (Yoast SEO v27.2) - https:\/\/yoast.com\/product\/yoast-seo-premium-wordpress\/ -->\n<title>Vincent van Gogh - A Wheat Field with Cypresses - SVETSLIK.SI - 100% hand painted<\/title>\n<meta name=\"description\" content=\"Vincent van Gogh - A Wheat Field with Cypresses - 100% hand-painted reproduction of famous paintings by famous artists. Wall art, abstract paintings and custom painted paintings by order.\" \/>\n<meta name=\"robots\" content=\"index, follow, max-snippet:-1, max-image-preview:large, max-video-preview:-1\" \/>\n<link rel=\"canonical\" href=\"https:\/\/svetslik.si\/en\/vincent-van-gogh-en\/a-wheat-field-with-cypresses\/\" \/>\n<meta property=\"og:locale\" content=\"en_US\" \/>\n<meta property=\"og:type\" content=\"article\" \/>\n<meta property=\"og:title\" content=\"Vincent van Gogh - A Wheat Field with Cypresses\" \/>\n<meta property=\"og:description\" content=\"100% ro\u010dno naslikane slike na platnu, reprodukcije znanih slikarjev in umetni\u0161ke slike po naro\u010dilu.\" \/>\n<meta property=\"og:url\" content=\"https:\/\/svetslik.si\/en\/vincent-van-gogh-en\/a-wheat-field-with-cypresses\/\" \/>\n<meta property=\"og:site_name\" content=\"SVETSLIK.SI\" \/>\n<meta property=\"article:publisher\" content=\"https:\/\/www.facebook.com\/svetslik.si\" \/>\n<meta property=\"article:modified_time\" content=\"2026-03-22T18:50:42+00:00\" \/>\n<meta property=\"og:image\" content=\"https:\/\/svetslik.si\/wp-content\/uploads\/2021\/08\/image_A-Wheat-Field-with-Cypresses-Van-Gogh_680-scaled.jpg\" \/>\n\t<meta property=\"og:image:width\" content=\"2560\" \/>\n\t<meta property=\"og:image:height\" content=\"2006\" \/>\n\t<meta property=\"og:image:type\" content=\"image\/jpeg\" \/>\n<meta name=\"twitter:card\" content=\"summary_large_image\" \/>\n<meta name=\"twitter:site\" content=\"@svetslik\" \/>\n<meta name=\"twitter:label1\" content=\"Availability\" \/>\n\t<meta name=\"twitter:data1\" content=\"On backorder\" \/>\n<script type=\"application\/ld+json\" class=\"yoast-schema-graph\">{\"@context\":\"https:\/\/schema.org\",\"@graph\":[{\"@type\":[\"WebPage\",\"ItemPage\"],\"@id\":\"https:\/\/svetslik.si\/en\/vincent-van-gogh-en\/a-wheat-field-with-cypresses\/\",\"url\":\"https:\/\/svetslik.si\/en\/vincent-van-gogh-en\/a-wheat-field-with-cypresses\/\",\"name\":\"Vincent van Gogh - A Wheat Field with Cypresses - SVETSLIK.SI - 100% hand painted\",\"isPartOf\":{\"@id\":\"https:\/\/svetslik.si\/en\/#website\"},\"primaryImageOfPage\":{\"@id\":\"https:\/\/svetslik.si\/en\/vincent-van-gogh-en\/a-wheat-field-with-cypresses\/#primaryimage\"},\"image\":{\"@id\":\"https:\/\/svetslik.si\/en\/vincent-van-gogh-en\/a-wheat-field-with-cypresses\/#primaryimage\"},\"thumbnailUrl\":\"https:\/\/svetslik.si\/wp-content\/uploads\/2021\/08\/image_A-Wheat-Field-with-Cypresses-Van-Gogh_680-scaled.jpg\",\"datePublished\":\"2021-09-02T15:53:06+00:00\",\"dateModified\":\"2026-03-22T18:50:42+00:00\",\"description\":\"Vincent van Gogh - A Wheat Field with Cypresses - 100% hand-painted reproduction of famous paintings by famous artists. Wall art, abstract paintings and custom painted paintings by order.\",\"breadcrumb\":{\"@id\":\"https:\/\/svetslik.si\/en\/vincent-van-gogh-en\/a-wheat-field-with-cypresses\/#breadcrumb\"},\"inLanguage\":\"en-US\",\"potentialAction\":[{\"@type\":\"ReadAction\",\"target\":[\"https:\/\/svetslik.si\/en\/vincent-van-gogh-en\/a-wheat-field-with-cypresses\/\"]}]},{\"@type\":\"ImageObject\",\"inLanguage\":\"en-US\",\"@id\":\"https:\/\/svetslik.si\/en\/vincent-van-gogh-en\/a-wheat-field-with-cypresses\/#primaryimage\",\"url\":\"https:\/\/svetslik.si\/wp-content\/uploads\/2021\/08\/image_A-Wheat-Field-with-Cypresses-Van-Gogh_680-scaled.jpg\",\"contentUrl\":\"https:\/\/svetslik.si\/wp-content\/uploads\/2021\/08\/image_A-Wheat-Field-with-Cypresses-Van-Gogh_680-scaled.jpg\",\"width\":2560,\"height\":2006,\"caption\":\"Vincent Van Gogh - A Wheat Field with Cypresses - reproduction of famous painting by famous artist, hand painted painting on canvas - oil painting\"},{\"@type\":\"BreadcrumbList\",\"@id\":\"https:\/\/svetslik.si\/en\/vincent-van-gogh-en\/a-wheat-field-with-cypresses\/#breadcrumb\",\"itemListElement\":[{\"@type\":\"ListItem\",\"position\":1,\"name\":\"Wall art and paintings on canvas\",\"item\":\"https:\/\/svetslik.si\/en\/\"},{\"@type\":\"ListItem\",\"position\":2,\"name\":\"Sale of paintings\",\"item\":\"https:\/\/svetslik.si\/prodaja-slik\/\"},{\"@type\":\"ListItem\",\"position\":3,\"name\":\"Vincent van Gogh &#8211; A Wheat Field with Cypresses\"}]},{\"@type\":\"WebSite\",\"@id\":\"https:\/\/svetslik.si\/en\/#website\",\"url\":\"https:\/\/svetslik.si\/en\/\",\"name\":\"SVETSLIK.SI\",\"description\":\"100% ru\u010dno naslikane reprodukcije slika poznatih slikara in umjetni\u010dke zidne slike na platnu.\",\"publisher\":{\"@id\":\"https:\/\/svetslik.si\/en\/#organization\"},\"potentialAction\":[{\"@type\":\"SearchAction\",\"target\":{\"@type\":\"EntryPoint\",\"urlTemplate\":\"https:\/\/svetslik.si\/en\/?s={search_term_string}\"},\"query-input\":{\"@type\":\"PropertyValueSpecification\",\"valueRequired\":true,\"valueName\":\"search_term_string\"}}],\"inLanguage\":\"en-US\"},{\"@type\":\"Organization\",\"@id\":\"https:\/\/svetslik.si\/en\/#organization\",\"name\":\"SvetSlik.si\",\"url\":\"https:\/\/svetslik.si\/en\/\",\"logo\":{\"@type\":\"ImageObject\",\"inLanguage\":\"en-US\",\"@id\":\"https:\/\/svetslik.si\/en\/#\/schema\/logo\/image\/\",\"url\":\"https:\/\/svetslik.si\/wp-content\/uploads\/2020\/12\/logo-512.png\",\"contentUrl\":\"https:\/\/svetslik.si\/wp-content\/uploads\/2020\/12\/logo-512.png\",\"width\":512,\"height\":512,\"caption\":\"SvetSlik.si\"},\"image\":{\"@id\":\"https:\/\/svetslik.si\/en\/#\/schema\/logo\/image\/\"},\"sameAs\":[\"https:\/\/www.facebook.com\/svetslik.si\",\"https:\/\/x.com\/svetslik\",\"https:\/\/www.instagram.com\/svetslik.si\/\",\"https:\/\/www.linkedin.com\/company\/svetslik-si\"]}]}<\/script>\n<meta property=\"og:availability\" content=\"backorder\" \/>\n<meta property=\"product:availability\" content=\"available for order\" \/>\n<meta property=\"product:retailer_item_id\" content=\"257__\" \/>\n<meta property=\"product:condition\" content=\"new\" \/>\n<!-- \/ Yoast SEO Premium plugin. -->","yoast_head_json":{"title":"Vincent van Gogh - A Wheat Field with Cypresses - SVETSLIK.SI - 100% hand painted","description":"Vincent van Gogh - A Wheat Field with Cypresses - 100% hand-painted reproduction of famous paintings by famous artists. Wall art, abstract paintings and custom painted paintings by order.","robots":{"index":"index","follow":"follow","max-snippet":"max-snippet:-1","max-image-preview":"max-image-preview:large","max-video-preview":"max-video-preview:-1"},"canonical":"https:\/\/svetslik.si\/en\/vincent-van-gogh-en\/a-wheat-field-with-cypresses\/","og_locale":"en_US","og_type":"article","og_title":"Vincent van Gogh - A Wheat Field with Cypresses","og_description":"100% ro\u010dno naslikane slike na platnu, reprodukcije znanih slikarjev in umetni\u0161ke slike po naro\u010dilu.","og_url":"https:\/\/svetslik.si\/en\/vincent-van-gogh-en\/a-wheat-field-with-cypresses\/","og_site_name":"SVETSLIK.SI","article_publisher":"https:\/\/www.facebook.com\/svetslik.si","article_modified_time":"2026-03-22T18:50:42+00:00","og_image":[{"width":2560,"height":2006,"url":"https:\/\/svetslik.si\/wp-content\/uploads\/2021\/08\/image_A-Wheat-Field-with-Cypresses-Van-Gogh_680-scaled.jpg","type":"image\/jpeg"}],"twitter_card":"summary_large_image","twitter_site":"@svetslik","twitter_misc":{"Availability":"On backorder"},"schema":{"@context":"https:\/\/schema.org","@graph":[{"@type":["WebPage","ItemPage"],"@id":"https:\/\/svetslik.si\/en\/vincent-van-gogh-en\/a-wheat-field-with-cypresses\/","url":"https:\/\/svetslik.si\/en\/vincent-van-gogh-en\/a-wheat-field-with-cypresses\/","name":"Vincent van Gogh - A Wheat Field with Cypresses - SVETSLIK.SI - 100% hand painted","isPartOf":{"@id":"https:\/\/svetslik.si\/en\/#website"},"primaryImageOfPage":{"@id":"https:\/\/svetslik.si\/en\/vincent-van-gogh-en\/a-wheat-field-with-cypresses\/#primaryimage"},"image":{"@id":"https:\/\/svetslik.si\/en\/vincent-van-gogh-en\/a-wheat-field-with-cypresses\/#primaryimage"},"thumbnailUrl":"https:\/\/svetslik.si\/wp-content\/uploads\/2021\/08\/image_A-Wheat-Field-with-Cypresses-Van-Gogh_680-scaled.jpg","datePublished":"2021-09-02T15:53:06+00:00","dateModified":"2026-03-22T18:50:42+00:00","description":"Vincent van Gogh - A Wheat Field with Cypresses - 100% hand-painted reproduction of famous paintings by famous artists. Wall art, abstract paintings and custom painted paintings by order.","breadcrumb":{"@id":"https:\/\/svetslik.si\/en\/vincent-van-gogh-en\/a-wheat-field-with-cypresses\/#breadcrumb"},"inLanguage":"en-US","potentialAction":[{"@type":"ReadAction","target":["https:\/\/svetslik.si\/en\/vincent-van-gogh-en\/a-wheat-field-with-cypresses\/"]}]},{"@type":"ImageObject","inLanguage":"en-US","@id":"https:\/\/svetslik.si\/en\/vincent-van-gogh-en\/a-wheat-field-with-cypresses\/#primaryimage","url":"https:\/\/svetslik.si\/wp-content\/uploads\/2021\/08\/image_A-Wheat-Field-with-Cypresses-Van-Gogh_680-scaled.jpg","contentUrl":"https:\/\/svetslik.si\/wp-content\/uploads\/2021\/08\/image_A-Wheat-Field-with-Cypresses-Van-Gogh_680-scaled.jpg","width":2560,"height":2006,"caption":"Vincent Van Gogh - A Wheat Field with Cypresses - reproduction of famous painting by famous artist, hand painted painting on canvas - oil painting"},{"@type":"BreadcrumbList","@id":"https:\/\/svetslik.si\/en\/vincent-van-gogh-en\/a-wheat-field-with-cypresses\/#breadcrumb","itemListElement":[{"@type":"ListItem","position":1,"name":"Wall art and paintings on canvas","item":"https:\/\/svetslik.si\/en\/"},{"@type":"ListItem","position":2,"name":"Sale of paintings","item":"https:\/\/svetslik.si\/prodaja-slik\/"},{"@type":"ListItem","position":3,"name":"Vincent van Gogh &#8211; A Wheat Field with Cypresses"}]},{"@type":"WebSite","@id":"https:\/\/svetslik.si\/en\/#website","url":"https:\/\/svetslik.si\/en\/","name":"SVETSLIK.SI","description":"100% ru\u010dno naslikane reprodukcije slika poznatih slikara in umjetni\u010dke zidne slike na platnu.","publisher":{"@id":"https:\/\/svetslik.si\/en\/#organization"},"potentialAction":[{"@type":"SearchAction","target":{"@type":"EntryPoint","urlTemplate":"https:\/\/svetslik.si\/en\/?s={search_term_string}"},"query-input":{"@type":"PropertyValueSpecification","valueRequired":true,"valueName":"search_term_string"}}],"inLanguage":"en-US"},{"@type":"Organization","@id":"https:\/\/svetslik.si\/en\/#organization","name":"SvetSlik.si","url":"https:\/\/svetslik.si\/en\/","logo":{"@type":"ImageObject","inLanguage":"en-US","@id":"https:\/\/svetslik.si\/en\/#\/schema\/logo\/image\/","url":"https:\/\/svetslik.si\/wp-content\/uploads\/2020\/12\/logo-512.png","contentUrl":"https:\/\/svetslik.si\/wp-content\/uploads\/2020\/12\/logo-512.png","width":512,"height":512,"caption":"SvetSlik.si"},"image":{"@id":"https:\/\/svetslik.si\/en\/#\/schema\/logo\/image\/"},"sameAs":["https:\/\/www.facebook.com\/svetslik.si","https:\/\/x.com\/svetslik","https:\/\/www.instagram.com\/svetslik.si\/","https:\/\/www.linkedin.com\/company\/svetslik-si"]}]},"og_availability":"backorder","product_availability":"available for order","product_retailer_item_id":"257__","product_condition":"new"},"jetpack_sharing_enabled":true,"_links":{"self":[{"href":"https:\/\/svetslik.si\/en\/wp-json\/wp\/v2\/product\/82652","targetHints":{"allow":["GET"]}}],"collection":[{"href":"https:\/\/svetslik.si\/en\/wp-json\/wp\/v2\/product"}],"about":[{"href":"https:\/\/svetslik.si\/en\/wp-json\/wp\/v2\/types\/product"}],"wp:featuredmedia":[{"embeddable":true,"href":"https:\/\/svetslik.si\/en\/wp-json\/wp\/v2\/media\/78503"}],"wp:attachment":[{"href":"https:\/\/svetslik.si\/en\/wp-json\/wp\/v2\/media?parent=82652"}],"wp:term":[{"taxonomy":"product_brand","embeddable":true,"href":"https:\/\/svetslik.si\/en\/wp-json\/wp\/v2\/product_brand?post=82652"},{"taxonomy":"product_cat","embeddable":true,"href":"https:\/\/svetslik.si\/en\/wp-json\/wp\/v2\/product_cat?post=82652"},{"taxonomy":"product_tag","embeddable":true,"href":"https:\/\/svetslik.si\/en\/wp-json\/wp\/v2\/product_tag?post=82652"}],"curies":[{"name":"wp","href":"https:\/\/api.w.org\/{rel}","templated":true}]}}