{"id":82695,"date":"2021-09-02T17:53:26","date_gmt":"2021-09-02T15:53:26","guid":{"rendered":"https:\/\/svetslik.si\/uncategorized\/moscow-i\/"},"modified":"2026-03-22T19:52:23","modified_gmt":"2026-03-22T18:52:23","slug":"moscow-i","status":"publish","type":"product","link":"https:\/\/svetslik.si\/en\/vasilij-kandinski-en\/moscow-i\/","title":{"rendered":"Vasilij Kandinski &#8211; Moscow I"},"content":{"rendered":"<div class=\"wpb-content-wrapper\">[vc_row][vc_column][vc_column_text]\n<h1>Vasily Kandinsky &#8211; Moscow I<\/h1>\n<table border=\"0\" width=\"673\" cellspacing=\"0\" cellpadding=\"0\">\n<colgroup>\n<col style=\"width: 135pt\" width=\"180\" \/>\n<col style=\"width: 370pt\" width=\"493\" \/> <\/colgroup>\n<tbody>\n<tr style=\"height: 15.75pt\">\n<td class=\"xl24\" style=\"height: 15.75pt;width: 135pt\" width=\"180\" height=\"21\">Year created:<\/td>\n<td class=\"xl25\" style=\"width: 370pt\" width=\"493\">1916<\/td>\n<\/tr>\n<tr style=\"height: 15.75pt\">\n<td class=\"xl24\" style=\"height: 15.75pt;width: 135pt\" width=\"180\" height=\"21\">Original size:<\/td>\n<td class=\"xl24\" style=\"width: 370pt\" width=\"493\">49.5 cm x 51.5 cm<\/td>\n<\/tr>\n<tr style=\"height: 15.75pt\">\n<td class=\"xl24\" style=\"height: 15.75pt;width: 135pt\" width=\"180\" height=\"21\">Paint style:<\/td>\n<td class=\"xl24\" style=\"width: 370pt\" width=\"493\">Abstract Art<\/td>\n<\/tr>\n<tr style=\"height: 15.75pt\">\n<td class=\"xl24\" style=\"height: 15.75pt;width: 135pt\" width=\"180\" height=\"21\">Original technique:<\/td>\n<td>Oil on canvas<\/td>\n<\/tr>\n<tr style=\"height: 15.75pt\">\n<td class=\"xl24\" style=\"height: 15.75pt;width: 135pt\" width=\"180\" height=\"21\">Located:<\/td>\n<td>Tretyakov Gallery, Moscow<\/td>\n<\/tr>\n<\/tbody>\n<\/table>\n[\/vc_column_text][\/vc_column][\/vc_row][vc_row css=&#8221;.vc_custom_1640128826126{margin-bottom: 20px !important;}&#8221;][vc_column]\t<div class=\"et-image-240 et-image  full   et_image_link\">\n\t\t<div class=\"et-image-inner \">\n\t\t\t\t\t\t\t<div class=\"et-image-thumb \">\n\t\t\t\t\t<img decoding=\"async\" width=\"2560\" height=\"2046\" src=\"https:\/\/svetslik.si\/wp-content\/uploads\/2021\/12\/Vasiliy-Kandinsky-slika-na-platnu-scaled.jpg\" class=\"attachment-full\" alt=\"Vasiliy Kandinsky - Composition VI - painting on canvas - hand-painted reproduction of a wall painting\" title=\"Vasiliy Kandinsky - Composition VI - painting on canvas - hand-painted reproduction of a wall painting\" srcset=\"https:\/\/svetslik.si\/wp-content\/uploads\/2021\/12\/Vasiliy-Kandinsky-slika-na-platnu-scaled.jpg 2560w, https:\/\/svetslik.si\/wp-content\/uploads\/2021\/12\/Vasiliy-Kandinsky-slika-na-platnu-600x479.jpg 600w, https:\/\/svetslik.si\/wp-content\/uploads\/2021\/12\/Vasiliy-Kandinsky-slika-na-platnu-scaled-1200x959.jpg 1200w, https:\/\/svetslik.si\/wp-content\/uploads\/2021\/12\/Vasiliy-Kandinsky-slika-na-platnu-300x240.jpg 300w, https:\/\/svetslik.si\/wp-content\/uploads\/2021\/12\/Vasiliy-Kandinsky-slika-na-platnu-1024x818.jpg 1024w, https:\/\/svetslik.si\/wp-content\/uploads\/2021\/12\/Vasiliy-Kandinsky-slika-na-platnu-768x614.jpg 768w, https:\/\/svetslik.si\/wp-content\/uploads\/2021\/12\/Vasiliy-Kandinsky-slika-na-platnu-1536x1227.jpg 1536w, https:\/\/svetslik.si\/wp-content\/uploads\/2021\/12\/Vasiliy-Kandinsky-slika-na-platnu-2048x1637.jpg 2048w, https:\/\/svetslik.si\/wp-content\/uploads\/2021\/12\/Vasiliy-Kandinsky-slika-na-platnu-150x120.jpg 150w, https:\/\/svetslik.si\/wp-content\/uploads\/2021\/12\/Vasiliy-Kandinsky-slika-na-platnu-1320x1055.jpg 1320w, https:\/\/svetslik.si\/wp-content\/uploads\/2021\/12\/Vasiliy-Kandinsky-slika-na-platnu-900x719.jpg 900w\" sizes=\"(max-width: 2560px) 100vw, 2560px\" \/>\t\t\t\t<\/div>\n\t\t\t\t\t\t\t\t\t\t\t<\/div>\n\t<\/div>\n  [\/vc_column][\/vc_row][vc_row css=&#8221;.vc_custom_1640128826126{margin-bottom: 20px !important;}&#8221;][vc_column]\t<div class=\"et-image-383 et-image  full   et_image_link\">\n\t\t<div class=\"et-image-inner \">\n\t\t\t\t\t\t\t<div class=\"et-image-thumb \">\n\t\t\t\t\t<img decoding=\"async\" width=\"1155\" height=\"1050\" src=\"https:\/\/svetslik.si\/wp-content\/uploads\/2021\/09\/IMAG0223-1.jpg\" class=\"attachment-full\" alt=\"Vasiliy Kandinsky - Canvas Wall Painting - Hand Painted Reproduction\" title=\"Vasiliy Kandinsky - Canvas Wall Painting - Hand Painted Reproduction\" srcset=\"https:\/\/svetslik.si\/wp-content\/uploads\/2021\/09\/IMAG0223-1.jpg 1155w, https:\/\/svetslik.si\/wp-content\/uploads\/2021\/09\/IMAG0223-1-600x545.jpg 600w, https:\/\/svetslik.si\/wp-content\/uploads\/2021\/09\/IMAG0223-1-300x273.jpg 300w, https:\/\/svetslik.si\/wp-content\/uploads\/2021\/09\/IMAG0223-1-1024x931.jpg 1024w, https:\/\/svetslik.si\/wp-content\/uploads\/2021\/09\/IMAG0223-1-768x698.jpg 768w, https:\/\/svetslik.si\/wp-content\/uploads\/2021\/09\/IMAG0223-1-150x136.jpg 150w, https:\/\/svetslik.si\/wp-content\/uploads\/2021\/09\/IMAG0223-1-900x818.jpg 900w\" sizes=\"(max-width: 1155px) 100vw, 1155px\" \/>\t\t\t\t<\/div>\n\t\t\t\t\t\t\t\t\t\t\t<\/div>\n\t<\/div>\n  [\/vc_column][\/vc_row][vc_row][vc_column][vc_column_text]Moscow I by Wassily Kandinsky is a highly sought-after artwork known for its striking composition and bold use of color. It was painted in 1911 and is considered one of the artist&#8217;s most important works from his early period.<\/p>\n<p>One of the most striking elements of the Moscow I painting is the use of color. Kandinsky was heavily influenced by the idea of using color to evoke emotion, and this work is an excellent example of this principle. The dominant blue color in the image creates a sense of calm and serenity, while the contrasting red and yellow shapes add a sense of movement and energy.<\/p>\n<p>The composition of the painting &#8220;Moscow I&#8221; is also worth mentioning. The image is divided into two main parts: a large blue segment on the left and a series of smaller abstract shapes on the right. This division creates a sense of balance and harmony in the work, with the large blue shape acting as a base for the more dynamic elements on the right.<\/p>\n<p>Another aspect of &#8220;Moscow I&#8221; that makes it stand out is its connection to Kandinsky&#8217;s interest in spirituality. The artist believed that art should be a path to spiritual enlightenment, and many of his works, including &#8220;Moscow I&#8221;, were said to be visual meditations on this idea. The abstract shapes in the painting are said to represent the artist&#8217;s inner thoughts and feelings, while the blue segment is said to be a symbol of the spiritual realm.<\/p>\n<p>Overall, &#8220;Moscow I&#8221; is a powerful and evocative painting that showcases Kandinsky&#8217;s talents as a colorist and composer. It is considered a masterpiece of the artist&#8217;s early period and is a must-see for anyone interested in the development of abstract art. To see more of Kandinsky&#8217;s work, many of his paintings can be found at the Guggenheim Museum in New York and the Center Georges Pompidou in Paris.[\/vc_column_text][\/vc_column][\/vc_row]\n<\/div>","protected":false},"excerpt":{"rendered":"<p>[vc_row][vc_column][vc_column_text] Vasily Kandinsky &#8211; Moscow I Year created: 1916 Original size: 49.5 cm x 51.5 cm Paint style: Abstract Art Original technique: Oil on canvas Located: Tretyakov Gallery, Moscow [\/vc_column_text][\/vc_column][\/vc_row][vc_row css=&#8221;.vc_custom_1640128826126{margin-bottom: 20px !important;}&#8221;][vc_column][\/vc_column][\/vc_row][vc_row css=&#8221;.vc_custom_1640128826126{margin-bottom: 20px !important;}&#8221;][vc_column][\/vc_column][\/vc_row][vc_row][vc_column][vc_column_text]Moscow I by Wassily Kandinsky is a highly sought-after artwork known for its striking composition [&hellip;]<\/p>\n","protected":false},"featured_media":78961,"template":"","meta":{"_acf_changed":false},"product_brand":[],"product_cat":[9814],"product_tag":[9839,9840,9870,9862,9863],"class_list":{"0":"post-82695","1":"product","2":"type-product","3":"status-publish","4":"has-post-thumbnail","6":"product_cat-vasilij-kandinski-en","7":"product_tag-kandinski-en","8":"product_tag-kandinsky-en","9":"product_tag-painter","10":"product_tag-reproduction-en","11":"product_tag-reproductions","12":"pa_dimenzija-110-x-110-cm-en","13":"pa_dimenzija-150-x-150-cm-en","14":"pa_dimenzija-40-x-40-cm-en","15":"pa_dimenzija-50-x-52-cm-en","16":"pa_dimenzija-60-x-60-cm-en","17":"pa_dimenzija-70-x-70-cm-en","18":"pa_dimenzija-80-x-80-cm-en","19":"pa_dimenzija-90-x-90-cm-en","20":"pa_oblika-square","21":"pa_okvir-without-frame","22":"pa_podokvir-without","23":"pa_podokvir-yes","25":"first","26":"onbackorder","27":"purchasable","28":"product-type-variable","29":"has-default-attributes"},"acf":[],"yoast_head":"<!-- This site is optimized with the Yoast SEO Premium plugin v26.0 (Yoast SEO v27.2) - https:\/\/yoast.com\/product\/yoast-seo-premium-wordpress\/ -->\n<title>Vasilij Kandinski - Moscow I - SVETSLIK.SI - 100% hand painted<\/title>\n<meta name=\"description\" content=\"Vasilij Kandinski - Moscow I - 100% hand-painted reproduction of famous paintings by famous artists. Wall art, abstract paintings and custom painted paintings by order.\" \/>\n<meta name=\"robots\" content=\"index, follow, max-snippet:-1, max-image-preview:large, max-video-preview:-1\" \/>\n<link rel=\"canonical\" href=\"https:\/\/svetslik.si\/en\/vasilij-kandinski-en\/moscow-i\/\" \/>\n<meta property=\"og:locale\" content=\"en_US\" \/>\n<meta property=\"og:type\" content=\"article\" \/>\n<meta property=\"og:title\" content=\"Vasilij Kandinski - Moscow I\" \/>\n<meta property=\"og:description\" content=\"100% ro\u010dno naslikane slike na platnu, reprodukcije znanih slikarjev in umetni\u0161ke slike po naro\u010dilu.\" \/>\n<meta property=\"og:url\" content=\"https:\/\/svetslik.si\/en\/vasilij-kandinski-en\/moscow-i\/\" \/>\n<meta property=\"og:site_name\" content=\"SVETSLIK.SI\" \/>\n<meta property=\"article:publisher\" content=\"https:\/\/www.facebook.com\/svetslik.si\" \/>\n<meta property=\"article:modified_time\" content=\"2026-03-22T18:52:23+00:00\" \/>\n<meta property=\"og:image\" content=\"https:\/\/svetslik.si\/wp-content\/uploads\/2021\/08\/image_Moscow-I_680.jpg\" \/>\n\t<meta property=\"og:image:width\" content=\"2230\" \/>\n\t<meta property=\"og:image:height\" content=\"2337\" \/>\n\t<meta property=\"og:image:type\" content=\"image\/jpeg\" \/>\n<meta name=\"twitter:card\" content=\"summary_large_image\" \/>\n<meta name=\"twitter:site\" content=\"@svetslik\" \/>\n<meta name=\"twitter:label1\" content=\"Availability\" \/>\n\t<meta name=\"twitter:data1\" content=\"On backorder\" \/>\n<script type=\"application\/ld+json\" class=\"yoast-schema-graph\">{\"@context\":\"https:\/\/schema.org\",\"@graph\":[{\"@type\":[\"WebPage\",\"ItemPage\"],\"@id\":\"https:\/\/svetslik.si\/en\/vasilij-kandinski-en\/moscow-i\/\",\"url\":\"https:\/\/svetslik.si\/en\/vasilij-kandinski-en\/moscow-i\/\",\"name\":\"Vasilij Kandinski - Moscow I - SVETSLIK.SI - 100% hand painted\",\"isPartOf\":{\"@id\":\"https:\/\/svetslik.si\/en\/#website\"},\"primaryImageOfPage\":{\"@id\":\"https:\/\/svetslik.si\/en\/vasilij-kandinski-en\/moscow-i\/#primaryimage\"},\"image\":{\"@id\":\"https:\/\/svetslik.si\/en\/vasilij-kandinski-en\/moscow-i\/#primaryimage\"},\"thumbnailUrl\":\"https:\/\/svetslik.si\/wp-content\/uploads\/2021\/08\/image_Moscow-I_680.jpg\",\"datePublished\":\"2021-09-02T15:53:26+00:00\",\"dateModified\":\"2026-03-22T18:52:23+00:00\",\"description\":\"Vasilij Kandinski - Moscow I - 100% hand-painted reproduction of famous paintings by famous artists. Wall art, abstract paintings and custom painted paintings by order.\",\"breadcrumb\":{\"@id\":\"https:\/\/svetslik.si\/en\/vasilij-kandinski-en\/moscow-i\/#breadcrumb\"},\"inLanguage\":\"en-US\",\"potentialAction\":[{\"@type\":\"ReadAction\",\"target\":[\"https:\/\/svetslik.si\/en\/vasilij-kandinski-en\/moscow-i\/\"]}]},{\"@type\":\"ImageObject\",\"inLanguage\":\"en-US\",\"@id\":\"https:\/\/svetslik.si\/en\/vasilij-kandinski-en\/moscow-i\/#primaryimage\",\"url\":\"https:\/\/svetslik.si\/wp-content\/uploads\/2021\/08\/image_Moscow-I_680.jpg\",\"contentUrl\":\"https:\/\/svetslik.si\/wp-content\/uploads\/2021\/08\/image_Moscow-I_680.jpg\",\"width\":2230,\"height\":2337,\"caption\":\"Vasilij Kandinski - Moscow I - reproduction of famous painting by famous artist, hand painted painting on canvas, abstract art\"},{\"@type\":\"BreadcrumbList\",\"@id\":\"https:\/\/svetslik.si\/en\/vasilij-kandinski-en\/moscow-i\/#breadcrumb\",\"itemListElement\":[{\"@type\":\"ListItem\",\"position\":1,\"name\":\"Wall art and paintings on canvas\",\"item\":\"https:\/\/svetslik.si\/en\/\"},{\"@type\":\"ListItem\",\"position\":2,\"name\":\"Sale of paintings\",\"item\":\"https:\/\/svetslik.si\/prodaja-slik\/\"},{\"@type\":\"ListItem\",\"position\":3,\"name\":\"Vasilij Kandinski &#8211; Moscow I\"}]},{\"@type\":\"WebSite\",\"@id\":\"https:\/\/svetslik.si\/en\/#website\",\"url\":\"https:\/\/svetslik.si\/en\/\",\"name\":\"SVETSLIK.SI\",\"description\":\"100% ru\u010dno naslikane reprodukcije slika poznatih slikara in umjetni\u010dke zidne slike na platnu.\",\"publisher\":{\"@id\":\"https:\/\/svetslik.si\/en\/#organization\"},\"potentialAction\":[{\"@type\":\"SearchAction\",\"target\":{\"@type\":\"EntryPoint\",\"urlTemplate\":\"https:\/\/svetslik.si\/en\/?s={search_term_string}\"},\"query-input\":{\"@type\":\"PropertyValueSpecification\",\"valueRequired\":true,\"valueName\":\"search_term_string\"}}],\"inLanguage\":\"en-US\"},{\"@type\":\"Organization\",\"@id\":\"https:\/\/svetslik.si\/en\/#organization\",\"name\":\"SvetSlik.si\",\"url\":\"https:\/\/svetslik.si\/en\/\",\"logo\":{\"@type\":\"ImageObject\",\"inLanguage\":\"en-US\",\"@id\":\"https:\/\/svetslik.si\/en\/#\/schema\/logo\/image\/\",\"url\":\"https:\/\/svetslik.si\/wp-content\/uploads\/2020\/12\/logo-512.png\",\"contentUrl\":\"https:\/\/svetslik.si\/wp-content\/uploads\/2020\/12\/logo-512.png\",\"width\":512,\"height\":512,\"caption\":\"SvetSlik.si\"},\"image\":{\"@id\":\"https:\/\/svetslik.si\/en\/#\/schema\/logo\/image\/\"},\"sameAs\":[\"https:\/\/www.facebook.com\/svetslik.si\",\"https:\/\/x.com\/svetslik\",\"https:\/\/www.instagram.com\/svetslik.si\/\",\"https:\/\/www.linkedin.com\/company\/svetslik-si\"]}]}<\/script>\n<meta property=\"og:availability\" content=\"backorder\" \/>\n<meta property=\"product:availability\" content=\"available for order\" \/>\n<meta property=\"product:retailer_item_id\" content=\"263__\" \/>\n<meta property=\"product:condition\" content=\"new\" \/>\n<!-- \/ Yoast SEO Premium plugin. -->","yoast_head_json":{"title":"Vasilij Kandinski - Moscow I - SVETSLIK.SI - 100% hand painted","description":"Vasilij Kandinski - Moscow I - 100% hand-painted reproduction of famous paintings by famous artists. Wall art, abstract paintings and custom painted paintings by order.","robots":{"index":"index","follow":"follow","max-snippet":"max-snippet:-1","max-image-preview":"max-image-preview:large","max-video-preview":"max-video-preview:-1"},"canonical":"https:\/\/svetslik.si\/en\/vasilij-kandinski-en\/moscow-i\/","og_locale":"en_US","og_type":"article","og_title":"Vasilij Kandinski - Moscow I","og_description":"100% ro\u010dno naslikane slike na platnu, reprodukcije znanih slikarjev in umetni\u0161ke slike po naro\u010dilu.","og_url":"https:\/\/svetslik.si\/en\/vasilij-kandinski-en\/moscow-i\/","og_site_name":"SVETSLIK.SI","article_publisher":"https:\/\/www.facebook.com\/svetslik.si","article_modified_time":"2026-03-22T18:52:23+00:00","og_image":[{"width":2230,"height":2337,"url":"https:\/\/svetslik.si\/wp-content\/uploads\/2021\/08\/image_Moscow-I_680.jpg","type":"image\/jpeg"}],"twitter_card":"summary_large_image","twitter_site":"@svetslik","twitter_misc":{"Availability":"On backorder"},"schema":{"@context":"https:\/\/schema.org","@graph":[{"@type":["WebPage","ItemPage"],"@id":"https:\/\/svetslik.si\/en\/vasilij-kandinski-en\/moscow-i\/","url":"https:\/\/svetslik.si\/en\/vasilij-kandinski-en\/moscow-i\/","name":"Vasilij Kandinski - Moscow I - SVETSLIK.SI - 100% hand painted","isPartOf":{"@id":"https:\/\/svetslik.si\/en\/#website"},"primaryImageOfPage":{"@id":"https:\/\/svetslik.si\/en\/vasilij-kandinski-en\/moscow-i\/#primaryimage"},"image":{"@id":"https:\/\/svetslik.si\/en\/vasilij-kandinski-en\/moscow-i\/#primaryimage"},"thumbnailUrl":"https:\/\/svetslik.si\/wp-content\/uploads\/2021\/08\/image_Moscow-I_680.jpg","datePublished":"2021-09-02T15:53:26+00:00","dateModified":"2026-03-22T18:52:23+00:00","description":"Vasilij Kandinski - Moscow I - 100% hand-painted reproduction of famous paintings by famous artists. Wall art, abstract paintings and custom painted paintings by order.","breadcrumb":{"@id":"https:\/\/svetslik.si\/en\/vasilij-kandinski-en\/moscow-i\/#breadcrumb"},"inLanguage":"en-US","potentialAction":[{"@type":"ReadAction","target":["https:\/\/svetslik.si\/en\/vasilij-kandinski-en\/moscow-i\/"]}]},{"@type":"ImageObject","inLanguage":"en-US","@id":"https:\/\/svetslik.si\/en\/vasilij-kandinski-en\/moscow-i\/#primaryimage","url":"https:\/\/svetslik.si\/wp-content\/uploads\/2021\/08\/image_Moscow-I_680.jpg","contentUrl":"https:\/\/svetslik.si\/wp-content\/uploads\/2021\/08\/image_Moscow-I_680.jpg","width":2230,"height":2337,"caption":"Vasilij Kandinski - Moscow I - reproduction of famous painting by famous artist, hand painted painting on canvas, abstract art"},{"@type":"BreadcrumbList","@id":"https:\/\/svetslik.si\/en\/vasilij-kandinski-en\/moscow-i\/#breadcrumb","itemListElement":[{"@type":"ListItem","position":1,"name":"Wall art and paintings on canvas","item":"https:\/\/svetslik.si\/en\/"},{"@type":"ListItem","position":2,"name":"Sale of paintings","item":"https:\/\/svetslik.si\/prodaja-slik\/"},{"@type":"ListItem","position":3,"name":"Vasilij Kandinski &#8211; Moscow I"}]},{"@type":"WebSite","@id":"https:\/\/svetslik.si\/en\/#website","url":"https:\/\/svetslik.si\/en\/","name":"SVETSLIK.SI","description":"100% ru\u010dno naslikane reprodukcije slika poznatih slikara in umjetni\u010dke zidne slike na platnu.","publisher":{"@id":"https:\/\/svetslik.si\/en\/#organization"},"potentialAction":[{"@type":"SearchAction","target":{"@type":"EntryPoint","urlTemplate":"https:\/\/svetslik.si\/en\/?s={search_term_string}"},"query-input":{"@type":"PropertyValueSpecification","valueRequired":true,"valueName":"search_term_string"}}],"inLanguage":"en-US"},{"@type":"Organization","@id":"https:\/\/svetslik.si\/en\/#organization","name":"SvetSlik.si","url":"https:\/\/svetslik.si\/en\/","logo":{"@type":"ImageObject","inLanguage":"en-US","@id":"https:\/\/svetslik.si\/en\/#\/schema\/logo\/image\/","url":"https:\/\/svetslik.si\/wp-content\/uploads\/2020\/12\/logo-512.png","contentUrl":"https:\/\/svetslik.si\/wp-content\/uploads\/2020\/12\/logo-512.png","width":512,"height":512,"caption":"SvetSlik.si"},"image":{"@id":"https:\/\/svetslik.si\/en\/#\/schema\/logo\/image\/"},"sameAs":["https:\/\/www.facebook.com\/svetslik.si","https:\/\/x.com\/svetslik","https:\/\/www.instagram.com\/svetslik.si\/","https:\/\/www.linkedin.com\/company\/svetslik-si"]}]},"og_availability":"backorder","product_availability":"available for order","product_retailer_item_id":"263__","product_condition":"new"},"jetpack_sharing_enabled":true,"_links":{"self":[{"href":"https:\/\/svetslik.si\/en\/wp-json\/wp\/v2\/product\/82695","targetHints":{"allow":["GET"]}}],"collection":[{"href":"https:\/\/svetslik.si\/en\/wp-json\/wp\/v2\/product"}],"about":[{"href":"https:\/\/svetslik.si\/en\/wp-json\/wp\/v2\/types\/product"}],"wp:featuredmedia":[{"embeddable":true,"href":"https:\/\/svetslik.si\/en\/wp-json\/wp\/v2\/media\/78961"}],"wp:attachment":[{"href":"https:\/\/svetslik.si\/en\/wp-json\/wp\/v2\/media?parent=82695"}],"wp:term":[{"taxonomy":"product_brand","embeddable":true,"href":"https:\/\/svetslik.si\/en\/wp-json\/wp\/v2\/product_brand?post=82695"},{"taxonomy":"product_cat","embeddable":true,"href":"https:\/\/svetslik.si\/en\/wp-json\/wp\/v2\/product_cat?post=82695"},{"taxonomy":"product_tag","embeddable":true,"href":"https:\/\/svetslik.si\/en\/wp-json\/wp\/v2\/product_tag?post=82695"}],"curies":[{"name":"wp","href":"https:\/\/api.w.org\/{rel}","templated":true}]}}