{"id":82704,"date":"2021-09-02T17:53:26","date_gmt":"2021-09-02T15:53:26","guid":{"rendered":"https:\/\/svetslik.si\/uncategorized\/slika-na-platnu-drevo-zivljenja-iv\/"},"modified":"2026-03-22T19:52:23","modified_gmt":"2026-03-22T18:52:23","slug":"painting-tree-of-life-iv","status":"publish","type":"product","link":"https:\/\/svetslik.si\/en\/wall-art-paintings-on-canvas-multi-panels\/painting-tree-of-life-iv\/","title":{"rendered":"Painting &#8211; Tree of Life IIV"},"content":{"rendered":"<div class=\"wpb-content-wrapper\">[vc_row css=&#8221;.vc_custom_1719476005465{margin-bottom: 15px !important;}&#8221;][vc_column]\t<div class=\"et-image-872 et-image     et_image_link\">\n\t\t<div class=\"et-image-inner \">\n\t\t\t\t\t\t\t<div class=\"et-image-thumb \">\n\t\t\t\t\t<img decoding=\"async\" width=\"1000\" height=\"533\" src=\"https:\/\/svetslik.si\/wp-content\/uploads\/2021\/09\/Slika-na-platnu-\u2013-Drevo-zivljenja-IV.jpg\" class=\"attachment-full\" alt=\"Painting - Tree of Life IIV\" title=\"Painting - Tree of Life IIV\" srcset=\"https:\/\/svetslik.si\/wp-content\/uploads\/2021\/09\/Slika-na-platnu-\u2013-Drevo-zivljenja-IV.jpg 1000w, https:\/\/svetslik.si\/wp-content\/uploads\/2021\/09\/Slika-na-platnu-\u2013-Drevo-zivljenja-IV-600x320.jpg 600w, https:\/\/svetslik.si\/wp-content\/uploads\/2021\/09\/Slika-na-platnu-\u2013-Drevo-zivljenja-IV-300x160.jpg 300w, https:\/\/svetslik.si\/wp-content\/uploads\/2021\/09\/Slika-na-platnu-\u2013-Drevo-zivljenja-IV-768x409.jpg 768w, https:\/\/svetslik.si\/wp-content\/uploads\/2021\/09\/Slika-na-platnu-\u2013-Drevo-zivljenja-IV-150x80.jpg 150w, https:\/\/svetslik.si\/wp-content\/uploads\/2021\/09\/Slika-na-platnu-\u2013-Drevo-zivljenja-IV-900x480.jpg 900w\" sizes=\"(max-width: 1000px) 100vw, 1000px\" \/>\t\t\t\t<\/div>\n\t\t\t\t\t\t\t\t\t\t\t<\/div>\n\t<\/div>\n  [\/vc_column][\/vc_row][vc_row css=&#8221;.vc_custom_1719476005465{margin-bottom: 15px !important;}&#8221;][vc_column]\t<div class=\"et-image-712 et-image     et_image_link\">\n\t\t<div class=\"et-image-inner \">\n\t\t\t\t\t\t\t<div class=\"et-image-thumb \">\n\t\t\t\t\t<img decoding=\"async\" width=\"1000\" height=\"759\" src=\"https:\/\/svetslik.si\/wp-content\/uploads\/2021\/09\/Slika-na-platnu-\u2013-Drevo-zivljenja-IV1.jpg\" class=\"attachment-full\" alt=\"Painting - Tree of Life IIV\" title=\"Painting - Tree of Life IIV\" srcset=\"https:\/\/svetslik.si\/wp-content\/uploads\/2021\/09\/Slika-na-platnu-\u2013-Drevo-zivljenja-IV1.jpg 1000w, https:\/\/svetslik.si\/wp-content\/uploads\/2021\/09\/Slika-na-platnu-\u2013-Drevo-zivljenja-IV1-600x455.jpg 600w, https:\/\/svetslik.si\/wp-content\/uploads\/2021\/09\/Slika-na-platnu-\u2013-Drevo-zivljenja-IV1-300x228.jpg 300w, https:\/\/svetslik.si\/wp-content\/uploads\/2021\/09\/Slika-na-platnu-\u2013-Drevo-zivljenja-IV1-768x583.jpg 768w, https:\/\/svetslik.si\/wp-content\/uploads\/2021\/09\/Slika-na-platnu-\u2013-Drevo-zivljenja-IV1-150x114.jpg 150w, https:\/\/svetslik.si\/wp-content\/uploads\/2021\/09\/Slika-na-platnu-\u2013-Drevo-zivljenja-IV1-900x683.jpg 900w\" sizes=\"(max-width: 1000px) 100vw, 1000px\" \/>\t\t\t\t<\/div>\n\t\t\t\t\t\t\t\t\t\t\t<\/div>\n\t<\/div>\n  [\/vc_column][\/vc_row][vc_row css=&#8221;.vc_custom_1719476005465{margin-bottom: 15px !important;}&#8221;][vc_column]\t<div class=\"et-image-278 et-image     et_image_link\">\n\t\t<div class=\"et-image-inner \">\n\t\t\t\t\t\t\t<div class=\"et-image-thumb \">\n\t\t\t\t\t<img decoding=\"async\" width=\"1000\" height=\"698\" src=\"https:\/\/svetslik.si\/wp-content\/uploads\/2021\/09\/Slika-na-platnu-\u2013-Drevo-zivljenja-IV2.jpg\" class=\"attachment-full\" alt=\"Painting - Tree of Life IIV\" title=\"Painting - Tree of Life IIV\" srcset=\"https:\/\/svetslik.si\/wp-content\/uploads\/2021\/09\/Slika-na-platnu-\u2013-Drevo-zivljenja-IV2.jpg 1000w, https:\/\/svetslik.si\/wp-content\/uploads\/2021\/09\/Slika-na-platnu-\u2013-Drevo-zivljenja-IV2-600x419.jpg 600w, https:\/\/svetslik.si\/wp-content\/uploads\/2021\/09\/Slika-na-platnu-\u2013-Drevo-zivljenja-IV2-300x209.jpg 300w, https:\/\/svetslik.si\/wp-content\/uploads\/2021\/09\/Slika-na-platnu-\u2013-Drevo-zivljenja-IV2-768x536.jpg 768w, https:\/\/svetslik.si\/wp-content\/uploads\/2021\/09\/Slika-na-platnu-\u2013-Drevo-zivljenja-IV2-150x105.jpg 150w, https:\/\/svetslik.si\/wp-content\/uploads\/2021\/09\/Slika-na-platnu-\u2013-Drevo-zivljenja-IV2-900x628.jpg 900w\" sizes=\"(max-width: 1000px) 100vw, 1000px\" \/>\t\t\t\t<\/div>\n\t\t\t\t\t\t\t\t\t\t\t<\/div>\n\t<\/div>\n  [\/vc_column][\/vc_row][vc_row css=&#8221;.vc_custom_1719476005465{margin-bottom: 15px !important;}&#8221;][vc_column]\t<div class=\"et-image-340 et-image     et_image_link\">\n\t\t<div class=\"et-image-inner \">\n\t\t\t\t\t\t\t<div class=\"et-image-thumb \">\n\t\t\t\t\t<img decoding=\"async\" width=\"1000\" height=\"563\" src=\"https:\/\/svetslik.si\/wp-content\/uploads\/2021\/09\/Slika-na-platnu-\u2013-Drevo-zivljenja-IV3.jpg\" class=\"attachment-full\" alt=\"Painting - Tree of Life IIV\" title=\"Painting - Tree of Life IIV\" srcset=\"https:\/\/svetslik.si\/wp-content\/uploads\/2021\/09\/Slika-na-platnu-\u2013-Drevo-zivljenja-IV3.jpg 1000w, https:\/\/svetslik.si\/wp-content\/uploads\/2021\/09\/Slika-na-platnu-\u2013-Drevo-zivljenja-IV3-600x338.jpg 600w, https:\/\/svetslik.si\/wp-content\/uploads\/2021\/09\/Slika-na-platnu-\u2013-Drevo-zivljenja-IV3-300x169.jpg 300w, https:\/\/svetslik.si\/wp-content\/uploads\/2021\/09\/Slika-na-platnu-\u2013-Drevo-zivljenja-IV3-768x432.jpg 768w, https:\/\/svetslik.si\/wp-content\/uploads\/2021\/09\/Slika-na-platnu-\u2013-Drevo-zivljenja-IV3-150x84.jpg 150w, https:\/\/svetslik.si\/wp-content\/uploads\/2021\/09\/Slika-na-platnu-\u2013-Drevo-zivljenja-IV3-900x507.jpg 900w\" sizes=\"(max-width: 1000px) 100vw, 1000px\" \/>\t\t\t\t<\/div>\n\t\t\t\t\t\t\t\t\t\t\t<\/div>\n\t<\/div>\n  [\/vc_column][\/vc_row][vc_row][vc_column]\n<p>&nbsp;<\/p>\n<p>Painting&#8217;s panels dimensions:<br \/>\n40 x 60 cm (120 x 60 cm)<br \/>\n55 x 83 cm (165 x\u00a083 cm)<br \/>\n60 x 90 cm (180 x\u00a090 cm)<\/p>\n<\/div>","protected":false},"excerpt":{"rendered":"<p>[vc_row css=&#8221;.vc_custom_1719476005465{margin-bottom: 15px !important;}&#8221;][vc_column][\/vc_column][\/vc_row][vc_row css=&#8221;.vc_custom_1719476005465{margin-bottom: 15px !important;}&#8221;][vc_column][\/vc_column][\/vc_row][vc_row css=&#8221;.vc_custom_1719476005465{margin-bottom: 15px !important;}&#8221;][vc_column][\/vc_column][\/vc_row][vc_row css=&#8221;.vc_custom_1719476005465{margin-bottom: 15px !important;}&#8221;][vc_column][\/vc_column][\/vc_row][vc_row][vc_column] &nbsp; Painting&#8217;s panels dimensions: 40 x 60 cm (120 x 60 cm) 55 x 83 cm (165 x\u00a083 cm) 60 x 90 cm (180 x\u00a090 cm)<\/p>\n","protected":false},"featured_media":78949,"template":"","meta":{"_acf_changed":false},"product_brand":[],"product_cat":[9819],"product_tag":[9825,9847,9885,9872,9874,9871,9879],"class_list":{"0":"post-82704","1":"product","2":"type-product","3":"status-publish","4":"has-post-thumbnail","6":"product_cat-wall-art-paintings-on-canvas-multi-panels","7":"product_tag-abstract-wall-art","8":"product_tag-modern-paintings","9":"product_tag-multi-panel-paintings","10":"product_tag-paintings-for-livingroom","11":"product_tag-paintings-for-the-living-room","12":"product_tag-wall-art-on-canvas","13":"product_tag-wall-artwork","14":"pa_dimenzija-120-x-60-cm","15":"pa_dimenzija-150-x-80-cm","16":"pa_dimenzija-180-x-90-cm","17":"pa_oblika-horizontal","18":"pa_okvir-without-frame","19":"pa_pod-okvir-included-in-price","20":"pa_podokvir-without","21":"pa_podokvir-yes","23":"first","24":"onbackorder","25":"purchasable","26":"product-type-variable","27":"has-default-attributes"},"acf":[],"yoast_head":"<!-- This site is optimized with the Yoast SEO Premium plugin v26.0 (Yoast SEO v27.2) - https:\/\/yoast.com\/product\/yoast-seo-premium-wordpress\/ -->\n<title>Painting - Tree of Life IIV - SVETSLIK.SI - 100% hand painted<\/title>\n<meta name=\"description\" content=\"Painting - Tree of Life IIV - 100% hand-painted painting on canvas. Wall art, abstract paintings, reproduction of famous painting and custom paintings made by order.\" \/>\n<meta name=\"robots\" content=\"index, follow, max-snippet:-1, max-image-preview:large, max-video-preview:-1\" \/>\n<link rel=\"canonical\" href=\"https:\/\/svetslik.si\/en\/wall-art-paintings-on-canvas-multi-panels\/painting-tree-of-life-iv\/\" \/>\n<meta property=\"og:locale\" content=\"en_US\" \/>\n<meta property=\"og:type\" content=\"article\" \/>\n<meta property=\"og:title\" content=\"Painting - Tree of Life IIV\" \/>\n<meta property=\"og:description\" content=\"100% ro\u010dno naslikane slike na platnu, reprodukcije znanih slikarjev in umetni\u0161ke slike po naro\u010dilu.\" \/>\n<meta property=\"og:url\" content=\"https:\/\/svetslik.si\/en\/wall-art-paintings-on-canvas-multi-panels\/painting-tree-of-life-iv\/\" \/>\n<meta property=\"og:site_name\" content=\"SVETSLIK.SI\" \/>\n<meta property=\"article:publisher\" content=\"https:\/\/www.facebook.com\/svetslik.si\" \/>\n<meta property=\"article:modified_time\" content=\"2026-03-22T18:52:23+00:00\" \/>\n<meta property=\"og:image\" content=\"https:\/\/svetslik.si\/wp-content\/uploads\/2021\/08\/image_Moderna-stesnka-slika-Umetniska-slika-Slika-Drevo-I_680.png\" \/>\n\t<meta property=\"og:image:width\" content=\"680\" \/>\n\t<meta property=\"og:image:height\" content=\"317\" \/>\n\t<meta property=\"og:image:type\" content=\"image\/png\" \/>\n<meta name=\"twitter:card\" content=\"summary_large_image\" \/>\n<meta name=\"twitter:site\" content=\"@svetslik\" \/>\n<meta name=\"twitter:label1\" content=\"Availability\" \/>\n\t<meta name=\"twitter:data1\" content=\"On backorder\" \/>\n<script type=\"application\/ld+json\" class=\"yoast-schema-graph\">{\"@context\":\"https:\/\/schema.org\",\"@graph\":[{\"@type\":[\"WebPage\",\"ItemPage\"],\"@id\":\"https:\/\/svetslik.si\/en\/wall-art-paintings-on-canvas-multi-panels\/painting-tree-of-life-iv\/\",\"url\":\"https:\/\/svetslik.si\/en\/wall-art-paintings-on-canvas-multi-panels\/painting-tree-of-life-iv\/\",\"name\":\"Painting - Tree of Life IIV - SVETSLIK.SI - 100% hand painted\",\"isPartOf\":{\"@id\":\"https:\/\/svetslik.si\/en\/#website\"},\"primaryImageOfPage\":{\"@id\":\"https:\/\/svetslik.si\/en\/wall-art-paintings-on-canvas-multi-panels\/painting-tree-of-life-iv\/#primaryimage\"},\"image\":{\"@id\":\"https:\/\/svetslik.si\/en\/wall-art-paintings-on-canvas-multi-panels\/painting-tree-of-life-iv\/#primaryimage\"},\"thumbnailUrl\":\"https:\/\/svetslik.si\/wp-content\/uploads\/2021\/08\/image_Moderna-stesnka-slika-Umetniska-slika-Slika-Drevo-I_680.png\",\"datePublished\":\"2021-09-02T15:53:26+00:00\",\"dateModified\":\"2026-03-22T18:52:23+00:00\",\"description\":\"Painting - Tree of Life IIV - 100% hand-painted painting on canvas. Wall art, abstract paintings, reproduction of famous painting and custom paintings made by order.\",\"breadcrumb\":{\"@id\":\"https:\/\/svetslik.si\/en\/wall-art-paintings-on-canvas-multi-panels\/painting-tree-of-life-iv\/#breadcrumb\"},\"inLanguage\":\"en-US\",\"potentialAction\":[{\"@type\":\"ReadAction\",\"target\":[\"https:\/\/svetslik.si\/en\/wall-art-paintings-on-canvas-multi-panels\/painting-tree-of-life-iv\/\"]}]},{\"@type\":\"ImageObject\",\"inLanguage\":\"en-US\",\"@id\":\"https:\/\/svetslik.si\/en\/wall-art-paintings-on-canvas-multi-panels\/painting-tree-of-life-iv\/#primaryimage\",\"url\":\"https:\/\/svetslik.si\/wp-content\/uploads\/2021\/08\/image_Moderna-stesnka-slika-Umetniska-slika-Slika-Drevo-I_680.png\",\"contentUrl\":\"https:\/\/svetslik.si\/wp-content\/uploads\/2021\/08\/image_Moderna-stesnka-slika-Umetniska-slika-Slika-Drevo-I_680.png\",\"width\":680,\"height\":317,\"caption\":\"Canvas Paintings - Decorative Painting Spring - Modern Paintings, Ambient Paintings for the Wall, Abstract Paintings, Decorative Wall Paintings, Purchase and Sale of Paintings.\"},{\"@type\":\"BreadcrumbList\",\"@id\":\"https:\/\/svetslik.si\/en\/wall-art-paintings-on-canvas-multi-panels\/painting-tree-of-life-iv\/#breadcrumb\",\"itemListElement\":[{\"@type\":\"ListItem\",\"position\":1,\"name\":\"Wall art and paintings on canvas\",\"item\":\"https:\/\/svetslik.si\/en\/\"},{\"@type\":\"ListItem\",\"position\":2,\"name\":\"Sale of paintings\",\"item\":\"https:\/\/svetslik.si\/prodaja-slik\/\"},{\"@type\":\"ListItem\",\"position\":3,\"name\":\"Painting &#8211; Tree of Life IIV\"}]},{\"@type\":\"WebSite\",\"@id\":\"https:\/\/svetslik.si\/en\/#website\",\"url\":\"https:\/\/svetslik.si\/en\/\",\"name\":\"SVETSLIK.SI\",\"description\":\"100% ru\u010dno naslikane reprodukcije slika poznatih slikara in umjetni\u010dke zidne slike na platnu.\",\"publisher\":{\"@id\":\"https:\/\/svetslik.si\/en\/#organization\"},\"potentialAction\":[{\"@type\":\"SearchAction\",\"target\":{\"@type\":\"EntryPoint\",\"urlTemplate\":\"https:\/\/svetslik.si\/en\/?s={search_term_string}\"},\"query-input\":{\"@type\":\"PropertyValueSpecification\",\"valueRequired\":true,\"valueName\":\"search_term_string\"}}],\"inLanguage\":\"en-US\"},{\"@type\":\"Organization\",\"@id\":\"https:\/\/svetslik.si\/en\/#organization\",\"name\":\"SvetSlik.si\",\"url\":\"https:\/\/svetslik.si\/en\/\",\"logo\":{\"@type\":\"ImageObject\",\"inLanguage\":\"en-US\",\"@id\":\"https:\/\/svetslik.si\/en\/#\/schema\/logo\/image\/\",\"url\":\"https:\/\/svetslik.si\/wp-content\/uploads\/2020\/12\/logo-512.png\",\"contentUrl\":\"https:\/\/svetslik.si\/wp-content\/uploads\/2020\/12\/logo-512.png\",\"width\":512,\"height\":512,\"caption\":\"SvetSlik.si\"},\"image\":{\"@id\":\"https:\/\/svetslik.si\/en\/#\/schema\/logo\/image\/\"},\"sameAs\":[\"https:\/\/www.facebook.com\/svetslik.si\",\"https:\/\/x.com\/svetslik\",\"https:\/\/www.instagram.com\/svetslik.si\/\",\"https:\/\/www.linkedin.com\/company\/svetslik-si\"]}]}<\/script>\n<meta property=\"og:availability\" content=\"backorder\" \/>\n<meta property=\"product:availability\" content=\"available for order\" \/>\n<meta property=\"product:retailer_item_id\" content=\"264__\" \/>\n<meta property=\"product:condition\" content=\"new\" \/>\n<!-- \/ Yoast SEO Premium plugin. -->","yoast_head_json":{"title":"Painting - Tree of Life IIV - SVETSLIK.SI - 100% hand painted","description":"Painting - Tree of Life IIV - 100% hand-painted painting on canvas. Wall art, abstract paintings, reproduction of famous painting and custom paintings made by order.","robots":{"index":"index","follow":"follow","max-snippet":"max-snippet:-1","max-image-preview":"max-image-preview:large","max-video-preview":"max-video-preview:-1"},"canonical":"https:\/\/svetslik.si\/en\/wall-art-paintings-on-canvas-multi-panels\/painting-tree-of-life-iv\/","og_locale":"en_US","og_type":"article","og_title":"Painting - Tree of Life IIV","og_description":"100% ro\u010dno naslikane slike na platnu, reprodukcije znanih slikarjev in umetni\u0161ke slike po naro\u010dilu.","og_url":"https:\/\/svetslik.si\/en\/wall-art-paintings-on-canvas-multi-panels\/painting-tree-of-life-iv\/","og_site_name":"SVETSLIK.SI","article_publisher":"https:\/\/www.facebook.com\/svetslik.si","article_modified_time":"2026-03-22T18:52:23+00:00","og_image":[{"width":680,"height":317,"url":"https:\/\/svetslik.si\/wp-content\/uploads\/2021\/08\/image_Moderna-stesnka-slika-Umetniska-slika-Slika-Drevo-I_680.png","type":"image\/png"}],"twitter_card":"summary_large_image","twitter_site":"@svetslik","twitter_misc":{"Availability":"On backorder"},"schema":{"@context":"https:\/\/schema.org","@graph":[{"@type":["WebPage","ItemPage"],"@id":"https:\/\/svetslik.si\/en\/wall-art-paintings-on-canvas-multi-panels\/painting-tree-of-life-iv\/","url":"https:\/\/svetslik.si\/en\/wall-art-paintings-on-canvas-multi-panels\/painting-tree-of-life-iv\/","name":"Painting - Tree of Life IIV - SVETSLIK.SI - 100% hand painted","isPartOf":{"@id":"https:\/\/svetslik.si\/en\/#website"},"primaryImageOfPage":{"@id":"https:\/\/svetslik.si\/en\/wall-art-paintings-on-canvas-multi-panels\/painting-tree-of-life-iv\/#primaryimage"},"image":{"@id":"https:\/\/svetslik.si\/en\/wall-art-paintings-on-canvas-multi-panels\/painting-tree-of-life-iv\/#primaryimage"},"thumbnailUrl":"https:\/\/svetslik.si\/wp-content\/uploads\/2021\/08\/image_Moderna-stesnka-slika-Umetniska-slika-Slika-Drevo-I_680.png","datePublished":"2021-09-02T15:53:26+00:00","dateModified":"2026-03-22T18:52:23+00:00","description":"Painting - Tree of Life IIV - 100% hand-painted painting on canvas. Wall art, abstract paintings, reproduction of famous painting and custom paintings made by order.","breadcrumb":{"@id":"https:\/\/svetslik.si\/en\/wall-art-paintings-on-canvas-multi-panels\/painting-tree-of-life-iv\/#breadcrumb"},"inLanguage":"en-US","potentialAction":[{"@type":"ReadAction","target":["https:\/\/svetslik.si\/en\/wall-art-paintings-on-canvas-multi-panels\/painting-tree-of-life-iv\/"]}]},{"@type":"ImageObject","inLanguage":"en-US","@id":"https:\/\/svetslik.si\/en\/wall-art-paintings-on-canvas-multi-panels\/painting-tree-of-life-iv\/#primaryimage","url":"https:\/\/svetslik.si\/wp-content\/uploads\/2021\/08\/image_Moderna-stesnka-slika-Umetniska-slika-Slika-Drevo-I_680.png","contentUrl":"https:\/\/svetslik.si\/wp-content\/uploads\/2021\/08\/image_Moderna-stesnka-slika-Umetniska-slika-Slika-Drevo-I_680.png","width":680,"height":317,"caption":"Canvas Paintings - Decorative Painting Spring - Modern Paintings, Ambient Paintings for the Wall, Abstract Paintings, Decorative Wall Paintings, Purchase and Sale of Paintings."},{"@type":"BreadcrumbList","@id":"https:\/\/svetslik.si\/en\/wall-art-paintings-on-canvas-multi-panels\/painting-tree-of-life-iv\/#breadcrumb","itemListElement":[{"@type":"ListItem","position":1,"name":"Wall art and paintings on canvas","item":"https:\/\/svetslik.si\/en\/"},{"@type":"ListItem","position":2,"name":"Sale of paintings","item":"https:\/\/svetslik.si\/prodaja-slik\/"},{"@type":"ListItem","position":3,"name":"Painting &#8211; Tree of Life IIV"}]},{"@type":"WebSite","@id":"https:\/\/svetslik.si\/en\/#website","url":"https:\/\/svetslik.si\/en\/","name":"SVETSLIK.SI","description":"100% ru\u010dno naslikane reprodukcije slika poznatih slikara in umjetni\u010dke zidne slike na platnu.","publisher":{"@id":"https:\/\/svetslik.si\/en\/#organization"},"potentialAction":[{"@type":"SearchAction","target":{"@type":"EntryPoint","urlTemplate":"https:\/\/svetslik.si\/en\/?s={search_term_string}"},"query-input":{"@type":"PropertyValueSpecification","valueRequired":true,"valueName":"search_term_string"}}],"inLanguage":"en-US"},{"@type":"Organization","@id":"https:\/\/svetslik.si\/en\/#organization","name":"SvetSlik.si","url":"https:\/\/svetslik.si\/en\/","logo":{"@type":"ImageObject","inLanguage":"en-US","@id":"https:\/\/svetslik.si\/en\/#\/schema\/logo\/image\/","url":"https:\/\/svetslik.si\/wp-content\/uploads\/2020\/12\/logo-512.png","contentUrl":"https:\/\/svetslik.si\/wp-content\/uploads\/2020\/12\/logo-512.png","width":512,"height":512,"caption":"SvetSlik.si"},"image":{"@id":"https:\/\/svetslik.si\/en\/#\/schema\/logo\/image\/"},"sameAs":["https:\/\/www.facebook.com\/svetslik.si","https:\/\/x.com\/svetslik","https:\/\/www.instagram.com\/svetslik.si\/","https:\/\/www.linkedin.com\/company\/svetslik-si"]}]},"og_availability":"backorder","product_availability":"available for order","product_retailer_item_id":"264__","product_condition":"new"},"jetpack_sharing_enabled":true,"_links":{"self":[{"href":"https:\/\/svetslik.si\/en\/wp-json\/wp\/v2\/product\/82704","targetHints":{"allow":["GET"]}}],"collection":[{"href":"https:\/\/svetslik.si\/en\/wp-json\/wp\/v2\/product"}],"about":[{"href":"https:\/\/svetslik.si\/en\/wp-json\/wp\/v2\/types\/product"}],"wp:featuredmedia":[{"embeddable":true,"href":"https:\/\/svetslik.si\/en\/wp-json\/wp\/v2\/media\/78949"}],"wp:attachment":[{"href":"https:\/\/svetslik.si\/en\/wp-json\/wp\/v2\/media?parent=82704"}],"wp:term":[{"taxonomy":"product_brand","embeddable":true,"href":"https:\/\/svetslik.si\/en\/wp-json\/wp\/v2\/product_brand?post=82704"},{"taxonomy":"product_cat","embeddable":true,"href":"https:\/\/svetslik.si\/en\/wp-json\/wp\/v2\/product_cat?post=82704"},{"taxonomy":"product_tag","embeddable":true,"href":"https:\/\/svetslik.si\/en\/wp-json\/wp\/v2\/product_tag?post=82704"}],"curies":[{"name":"wp","href":"https:\/\/api.w.org\/{rel}","templated":true}]}}