{"id":82978,"date":"2021-09-02T17:56:07","date_gmt":"2021-09-02T15:56:07","guid":{"rendered":"https:\/\/svetslik.si\/uncategorized\/sky-blue-bleu-de-ciel\/"},"modified":"2026-03-22T19:59:30","modified_gmt":"2026-03-22T18:59:30","slug":"sky-blue-bleu-de-ciel","status":"publish","type":"product","link":"https:\/\/svetslik.si\/en\/vasilij-kandinski-en\/sky-blue-bleu-de-ciel\/","title":{"rendered":"Vasilij Kandinski &#8211; Sky Blue (Bleu de ciel)"},"content":{"rendered":"<div class=\"wpb-content-wrapper\">[vc_row css=&#8221;.vc_custom_1722756393088{margin-bottom: 10px !important;}&#8221;][vc_column]\t<div class=\"et-image-705 et-image     et_image_link\">\n\t\t<div class=\"et-image-inner \">\n\t\t\t\t\t\t\t<div class=\"et-image-thumb \">\n\t\t\t\t\t<img decoding=\"async\" width=\"1000\" height=\"1309\" src=\"https:\/\/svetslik.si\/wp-content\/uploads\/2021\/09\/Vasilij-Kandinski-\u2013-Sky-Blue-Bleu-de-ciel-reprodukcija-slike-na-platnu-2.jpg\" class=\"attachment-full\" alt=\"Vasilij Kandinski - Sky Blue (Bleu de ciel)\" title=\"Vasilij Kandinski - Sky Blue (Bleu de ciel)\" srcset=\"https:\/\/svetslik.si\/wp-content\/uploads\/2021\/09\/Vasilij-Kandinski-\u2013-Sky-Blue-Bleu-de-ciel-reprodukcija-slike-na-platnu-2.jpg 1000w, https:\/\/svetslik.si\/wp-content\/uploads\/2021\/09\/Vasilij-Kandinski-\u2013-Sky-Blue-Bleu-de-ciel-reprodukcija-slike-na-platnu-2-600x785.jpg 600w, https:\/\/svetslik.si\/wp-content\/uploads\/2021\/09\/Vasilij-Kandinski-\u2013-Sky-Blue-Bleu-de-ciel-reprodukcija-slike-na-platnu-2-229x300.jpg 229w, https:\/\/svetslik.si\/wp-content\/uploads\/2021\/09\/Vasilij-Kandinski-\u2013-Sky-Blue-Bleu-de-ciel-reprodukcija-slike-na-platnu-2-782x1024.jpg 782w, https:\/\/svetslik.si\/wp-content\/uploads\/2021\/09\/Vasilij-Kandinski-\u2013-Sky-Blue-Bleu-de-ciel-reprodukcija-slike-na-platnu-2-768x1005.jpg 768w, https:\/\/svetslik.si\/wp-content\/uploads\/2021\/09\/Vasilij-Kandinski-\u2013-Sky-Blue-Bleu-de-ciel-reprodukcija-slike-na-platnu-2-115x150.jpg 115w, https:\/\/svetslik.si\/wp-content\/uploads\/2021\/09\/Vasilij-Kandinski-\u2013-Sky-Blue-Bleu-de-ciel-reprodukcija-slike-na-platnu-2-900x1178.jpg 900w\" sizes=\"(max-width: 1000px) 100vw, 1000px\" \/>\t\t\t\t<\/div>\n\t\t\t\t\t\t\t\t\t\t\t<\/div>\n\t<\/div>\n  [\/vc_column][\/vc_row][vc_row css=&#8221;.vc_custom_1722756393088{margin-bottom: 10px !important;}&#8221;][vc_column]\t<div class=\"et-image-936 et-image     et_image_link\">\n\t\t<div class=\"et-image-inner \">\n\t\t\t\t\t\t\t<div class=\"et-image-thumb \">\n\t\t\t\t\t<img decoding=\"async\" width=\"1000\" height=\"1604\" src=\"https:\/\/svetslik.si\/wp-content\/uploads\/2021\/09\/Vasilij-Kandinski-\u2013-Sky-Blue-Bleu-de-ciel-reprodukcija-slike-na-platnu-3.jpg\" class=\"attachment-full\" alt=\"Vasilij Kandinski - Sky Blue (Bleu de ciel)\" title=\"Vasilij Kandinski - Sky Blue (Bleu de ciel)\" srcset=\"https:\/\/svetslik.si\/wp-content\/uploads\/2021\/09\/Vasilij-Kandinski-\u2013-Sky-Blue-Bleu-de-ciel-reprodukcija-slike-na-platnu-3.jpg 1000w, https:\/\/svetslik.si\/wp-content\/uploads\/2021\/09\/Vasilij-Kandinski-\u2013-Sky-Blue-Bleu-de-ciel-reprodukcija-slike-na-platnu-3-600x962.jpg 600w, https:\/\/svetslik.si\/wp-content\/uploads\/2021\/09\/Vasilij-Kandinski-\u2013-Sky-Blue-Bleu-de-ciel-reprodukcija-slike-na-platnu-3-187x300.jpg 187w, https:\/\/svetslik.si\/wp-content\/uploads\/2021\/09\/Vasilij-Kandinski-\u2013-Sky-Blue-Bleu-de-ciel-reprodukcija-slike-na-platnu-3-638x1024.jpg 638w, https:\/\/svetslik.si\/wp-content\/uploads\/2021\/09\/Vasilij-Kandinski-\u2013-Sky-Blue-Bleu-de-ciel-reprodukcija-slike-na-platnu-3-768x1232.jpg 768w, https:\/\/svetslik.si\/wp-content\/uploads\/2021\/09\/Vasilij-Kandinski-\u2013-Sky-Blue-Bleu-de-ciel-reprodukcija-slike-na-platnu-3-958x1536.jpg 958w, https:\/\/svetslik.si\/wp-content\/uploads\/2021\/09\/Vasilij-Kandinski-\u2013-Sky-Blue-Bleu-de-ciel-reprodukcija-slike-na-platnu-3-94x150.jpg 94w, https:\/\/svetslik.si\/wp-content\/uploads\/2021\/09\/Vasilij-Kandinski-\u2013-Sky-Blue-Bleu-de-ciel-reprodukcija-slike-na-platnu-3-900x1444.jpg 900w\" sizes=\"(max-width: 1000px) 100vw, 1000px\" \/>\t\t\t\t<\/div>\n\t\t\t\t\t\t\t\t\t\t\t<\/div>\n\t<\/div>\n  [\/vc_column][\/vc_row][vc_row css=&#8221;.vc_custom_1722756393088{margin-bottom: 10px !important;}&#8221;][vc_column]\t<div class=\"et-image-615 et-image     et_image_link\">\n\t\t<div class=\"et-image-inner \">\n\t\t\t\t\t\t\t<div class=\"et-image-thumb \">\n\t\t\t\t\t<img decoding=\"async\" width=\"1000\" height=\"1123\" src=\"https:\/\/svetslik.si\/wp-content\/uploads\/2021\/09\/Vasilij-Kandinski-\u2013-Sky-Blue-Bleu-de-ciel-reprodukcija-slike-na-platnu-4.jpg\" class=\"attachment-full\" alt=\"Vasilij Kandinski - Sky Blue (Bleu de ciel)\" title=\"Vasilij Kandinski - Sky Blue (Bleu de ciel)\" srcset=\"https:\/\/svetslik.si\/wp-content\/uploads\/2021\/09\/Vasilij-Kandinski-\u2013-Sky-Blue-Bleu-de-ciel-reprodukcija-slike-na-platnu-4.jpg 1000w, https:\/\/svetslik.si\/wp-content\/uploads\/2021\/09\/Vasilij-Kandinski-\u2013-Sky-Blue-Bleu-de-ciel-reprodukcija-slike-na-platnu-4-600x674.jpg 600w, https:\/\/svetslik.si\/wp-content\/uploads\/2021\/09\/Vasilij-Kandinski-\u2013-Sky-Blue-Bleu-de-ciel-reprodukcija-slike-na-platnu-4-267x300.jpg 267w, https:\/\/svetslik.si\/wp-content\/uploads\/2021\/09\/Vasilij-Kandinski-\u2013-Sky-Blue-Bleu-de-ciel-reprodukcija-slike-na-platnu-4-912x1024.jpg 912w, https:\/\/svetslik.si\/wp-content\/uploads\/2021\/09\/Vasilij-Kandinski-\u2013-Sky-Blue-Bleu-de-ciel-reprodukcija-slike-na-platnu-4-768x862.jpg 768w, https:\/\/svetslik.si\/wp-content\/uploads\/2021\/09\/Vasilij-Kandinski-\u2013-Sky-Blue-Bleu-de-ciel-reprodukcija-slike-na-platnu-4-134x150.jpg 134w, https:\/\/svetslik.si\/wp-content\/uploads\/2021\/09\/Vasilij-Kandinski-\u2013-Sky-Blue-Bleu-de-ciel-reprodukcija-slike-na-platnu-4-900x1011.jpg 900w\" sizes=\"(max-width: 1000px) 100vw, 1000px\" \/>\t\t\t\t<\/div>\n\t\t\t\t\t\t\t\t\t\t\t<\/div>\n\t<\/div>\n  [\/vc_column][\/vc_row][vc_row css=&#8221;.vc_custom_1722756393088{margin-bottom: 10px !important;}&#8221;][vc_column]\t<div class=\"et-image-397 et-image     et_image_link\">\n\t\t<div class=\"et-image-inner \">\n\t\t\t\t\t\t\t<div class=\"et-image-thumb \">\n\t\t\t\t\t<img decoding=\"async\" width=\"1000\" height=\"747\" src=\"https:\/\/svetslik.si\/wp-content\/uploads\/2021\/09\/Vasilij-Kandinski-\u2013-Sky-Blue-Bleu-de-ciel-reprodukcija-slike-na-platnu-5.jpg\" class=\"attachment-full\" alt=\"Vasilij Kandinski - Sky Blue (Bleu de ciel)\" title=\"Vasilij Kandinski - Sky Blue (Bleu de ciel)\" srcset=\"https:\/\/svetslik.si\/wp-content\/uploads\/2021\/09\/Vasilij-Kandinski-\u2013-Sky-Blue-Bleu-de-ciel-reprodukcija-slike-na-platnu-5.jpg 1000w, https:\/\/svetslik.si\/wp-content\/uploads\/2021\/09\/Vasilij-Kandinski-\u2013-Sky-Blue-Bleu-de-ciel-reprodukcija-slike-na-platnu-5-600x448.jpg 600w, https:\/\/svetslik.si\/wp-content\/uploads\/2021\/09\/Vasilij-Kandinski-\u2013-Sky-Blue-Bleu-de-ciel-reprodukcija-slike-na-platnu-5-300x224.jpg 300w, https:\/\/svetslik.si\/wp-content\/uploads\/2021\/09\/Vasilij-Kandinski-\u2013-Sky-Blue-Bleu-de-ciel-reprodukcija-slike-na-platnu-5-768x574.jpg 768w, https:\/\/svetslik.si\/wp-content\/uploads\/2021\/09\/Vasilij-Kandinski-\u2013-Sky-Blue-Bleu-de-ciel-reprodukcija-slike-na-platnu-5-150x112.jpg 150w, https:\/\/svetslik.si\/wp-content\/uploads\/2021\/09\/Vasilij-Kandinski-\u2013-Sky-Blue-Bleu-de-ciel-reprodukcija-slike-na-platnu-5-900x672.jpg 900w\" sizes=\"(max-width: 1000px) 100vw, 1000px\" \/>\t\t\t\t<\/div>\n\t\t\t\t\t\t\t\t\t\t\t<\/div>\n\t<\/div>\n  [\/vc_column][\/vc_row][vc_row css=&#8221;.vc_custom_1722756393088{margin-bottom: 10px !important;}&#8221;][vc_column]\t<div class=\"et-image-200 et-image     et_image_link\">\n\t\t<div class=\"et-image-inner \">\n\t\t\t\t\t\t\t<div class=\"et-image-thumb \">\n\t\t\t\t\t<img decoding=\"async\" width=\"1000\" height=\"563\" src=\"https:\/\/svetslik.si\/wp-content\/uploads\/2021\/09\/Vasilij-Kandinski-\u2013-Sky-Blue-Bleu-de-ciel-reprodukcija-slike-na-platnu.jpg\" class=\"attachment-full\" alt=\"Vasilij Kandinski - Sky Blue (Bleu de ciel)\" title=\"Vasilij Kandinski - Sky Blue (Bleu de ciel)\" srcset=\"https:\/\/svetslik.si\/wp-content\/uploads\/2021\/09\/Vasilij-Kandinski-\u2013-Sky-Blue-Bleu-de-ciel-reprodukcija-slike-na-platnu.jpg 1000w, https:\/\/svetslik.si\/wp-content\/uploads\/2021\/09\/Vasilij-Kandinski-\u2013-Sky-Blue-Bleu-de-ciel-reprodukcija-slike-na-platnu-600x338.jpg 600w, https:\/\/svetslik.si\/wp-content\/uploads\/2021\/09\/Vasilij-Kandinski-\u2013-Sky-Blue-Bleu-de-ciel-reprodukcija-slike-na-platnu-300x169.jpg 300w, https:\/\/svetslik.si\/wp-content\/uploads\/2021\/09\/Vasilij-Kandinski-\u2013-Sky-Blue-Bleu-de-ciel-reprodukcija-slike-na-platnu-768x432.jpg 768w, https:\/\/svetslik.si\/wp-content\/uploads\/2021\/09\/Vasilij-Kandinski-\u2013-Sky-Blue-Bleu-de-ciel-reprodukcija-slike-na-platnu-150x84.jpg 150w, https:\/\/svetslik.si\/wp-content\/uploads\/2021\/09\/Vasilij-Kandinski-\u2013-Sky-Blue-Bleu-de-ciel-reprodukcija-slike-na-platnu-900x507.jpg 900w\" sizes=\"(max-width: 1000px) 100vw, 1000px\" \/>\t\t\t\t<\/div>\n\t\t\t\t\t\t\t\t\t\t\t<\/div>\n\t<\/div>\n  [\/vc_column][\/vc_row][vc_row][vc_column][vc_column_text]\n<h1>Wassily Kandinsky &#8211; Sky Blue (Bleu de ciel)<\/h1>\n<table border=\"0\" width=\"673\" cellspacing=\"0\" cellpadding=\"0\">\n<colgroup>\n<col style=\"width: 135pt;\" width=\"180\" \/>\n<col style=\"width: 370pt;\" width=\"493\" \/> <\/colgroup>\n<tbody>\n<tr style=\"height: 15.75pt;\">\n<td class=\"xl24\" style=\"height: 15.75pt; width: 135pt;\" width=\"180\" height=\"21\">Year created:<\/td>\n<td class=\"xl25\" style=\"width: 370pt;\" width=\"493\">1940<\/td>\n<\/tr>\n<tr style=\"height: 15.75pt;\">\n<td class=\"xl24\" style=\"height: 15.75pt; width: 135pt;\" width=\"180\" height=\"21\">Original size:<\/td>\n<td class=\"xl24\" style=\"width: 370pt;\" width=\"493\">73 cm x 100 cm<\/td>\n<\/tr>\n<tr style=\"height: 15.75pt;\">\n<td class=\"xl24\" style=\"height: 15.75pt; width: 135pt;\" width=\"180\" height=\"21\">Paint style:<\/td>\n<td class=\"xl24\" style=\"width: 370pt;\" width=\"493\">Abstract Art<\/td>\n<\/tr>\n<tr style=\"height: 15.75pt;\">\n<td class=\"xl24\" style=\"height: 15.75pt; width: 135pt;\" width=\"180\" height=\"21\">Original technique:<\/td>\n<td>Oil on canvas<\/td>\n<\/tr>\n<tr style=\"height: 15.75pt;\">\n<td class=\"xl24\" style=\"height: 15.75pt; width: 135pt;\" width=\"180\" height=\"21\">Located:<\/td>\n<td>Museum of Modern Art Paris<\/td>\n<\/tr>\n<\/tbody>\n<\/table>\n<p>Wassily Kandinsky is considered one of the most important figures in the history of abstract art. One of his most famous paintings is &#8220;Sky Blue&#8221; (Bleu de ciel) from 1940. The painting is a demonstration of Kandinsky&#8217;s ability to express emotions with abstract shapes and colors.<\/p>\n<p>The painting shows a large, bright blue field that takes up most of the canvas. The color blue is rich and intense, creating a sense of depth and movement. The brush strokes are bold and expressive, with a sense of energy and movement. The blue color is surrounded by a thin white border, which emphasizes the intensity of the blue color and creates a sense of depth.<\/p>\n<p>Kandinsky was a master of color and &#8220;Sky Blue&#8221; is a perfect example of his ability to use color to express emotion. The color blue is associated with feelings of peace, tranquility and stability. The intensity of the blue color creates a sense of awe and wonder, while the bold brush strokes add a sense of energy and movement.<\/p>\n<p>The painting is an example of Kandinsky&#8217;s mature style, which was characterized by an emphasis on abstraction and the use of color to express emotion. The painting is an excellent example of how Kandinsky was able to create a sense of movement and depth through the use of color and brushstrokes.<\/p>\n<p>&#8220;Sky Blue is considered one of Kandinsky&#8217;s most important works, a must-see for anyone interested in the history of abstract art. The painting is currently on view at the Georges Pompidou Center in Paris, France.<\/p>\n<p>In summary, Wassily Kandinsky&#8217;s &#8220;Blue Sky&#8221; is a stunning example of abstract art that showcases the artist&#8217;s ability to express emotion through color and brushstrokes. This painting is a must see for art lovers and anyone interested in the history of abstract art. If you ever get the chance to visit the Center Georges Pompidou in Paris, France, don&#8217;t miss the chance to see this amazing piece of art.<\/p>\n<\/div>","protected":false},"excerpt":{"rendered":"<p>[vc_row css=&#8221;.vc_custom_1722756393088{margin-bottom: 10px !important;}&#8221;][vc_column][\/vc_column][\/vc_row][vc_row css=&#8221;.vc_custom_1722756393088{margin-bottom: 10px !important;}&#8221;][vc_column][\/vc_column][\/vc_row][vc_row css=&#8221;.vc_custom_1722756393088{margin-bottom: 10px !important;}&#8221;][vc_column][\/vc_column][\/vc_row][vc_row css=&#8221;.vc_custom_1722756393088{margin-bottom: 10px !important;}&#8221;][vc_column][\/vc_column][\/vc_row][vc_row css=&#8221;.vc_custom_1722756393088{margin-bottom: 10px !important;}&#8221;][vc_column][\/vc_column][\/vc_row][vc_row][vc_column][vc_column_text] Wassily Kandinsky &#8211; Sky Blue (Bleu de ciel) Year created: 1940 Original size: 73 cm x 100 cm Paint style: Abstract Art Original technique: Oil on canvas Located: Museum of Modern Art Paris Wassily [&hellip;]<\/p>\n","protected":false},"featured_media":79138,"template":"","meta":{"_acf_changed":false},"product_brand":[],"product_cat":[9814],"product_tag":[9839,9840,9870,9862,9863],"class_list":{"0":"post-82978","1":"product","2":"type-product","3":"status-publish","4":"has-post-thumbnail","6":"product_cat-vasilij-kandinski-en","7":"product_tag-kandinski-en","8":"product_tag-kandinsky-en","9":"product_tag-painter","10":"product_tag-reproduction-en","11":"product_tag-reproductions","12":"pa_dimenzija-100-x-140-cm","13":"pa_dimenzija-120-x-160-cm","14":"pa_dimenzija-150-x-210-cm","15":"pa_dimenzija-40-x-55-cm","16":"pa_dimenzija-50-x-70-cm","17":"pa_dimenzija-60-x-80-cm","18":"pa_dimenzija-73-x-100-cm","19":"pa_dimenzija-80-x-110-cm","20":"pa_oblika-vertical","21":"pa_okvir-without-frame","22":"pa_podokvir-without","23":"pa_podokvir-yes","25":"first","26":"onbackorder","27":"purchasable","28":"product-type-variable","29":"has-default-attributes"},"acf":[],"yoast_head":"<!-- This site is optimized with the Yoast SEO Premium plugin v26.0 (Yoast SEO v27.2) - https:\/\/yoast.com\/product\/yoast-seo-premium-wordpress\/ -->\n<title>Vasilij Kandinski - Sky Blue (Bleu de ciel) - SVETSLIK.SI - 100% hand painted<\/title>\n<meta name=\"description\" content=\"Vasilij Kandinski - Sky Blue (Bleu de ciel) - 100% hand-painted reproduction of famous paintings by famous artists. Wall art, abstract paintings and custom painted paintings by order.\" \/>\n<meta name=\"robots\" content=\"index, follow, max-snippet:-1, max-image-preview:large, max-video-preview:-1\" \/>\n<link rel=\"canonical\" href=\"https:\/\/svetslik.si\/en\/vasilij-kandinski-en\/sky-blue-bleu-de-ciel\/\" \/>\n<meta property=\"og:locale\" content=\"en_US\" \/>\n<meta property=\"og:type\" content=\"article\" \/>\n<meta property=\"og:title\" content=\"Vasilij Kandinski - Sky Blue (Bleu de ciel)\" \/>\n<meta property=\"og:description\" content=\"100% ro\u010dno naslikane slike na platnu, reprodukcije znanih slikarjev in umetni\u0161ke slike po naro\u010dilu.\" \/>\n<meta property=\"og:url\" content=\"https:\/\/svetslik.si\/en\/vasilij-kandinski-en\/sky-blue-bleu-de-ciel\/\" \/>\n<meta property=\"og:site_name\" content=\"SVETSLIK.SI\" \/>\n<meta property=\"article:publisher\" content=\"https:\/\/www.facebook.com\/svetslik.si\" \/>\n<meta property=\"article:modified_time\" content=\"2026-03-22T18:59:30+00:00\" \/>\n<meta property=\"og:image\" content=\"https:\/\/svetslik.si\/wp-content\/uploads\/2021\/08\/image_Sky-Blue-Bleu-de-ciel_680.jpg\" \/>\n\t<meta property=\"og:image:width\" content=\"1315\" \/>\n\t<meta property=\"og:image:height\" content=\"1800\" \/>\n\t<meta property=\"og:image:type\" content=\"image\/jpeg\" \/>\n<meta name=\"twitter:card\" content=\"summary_large_image\" \/>\n<meta name=\"twitter:site\" content=\"@svetslik\" \/>\n<meta name=\"twitter:label1\" content=\"Availability\" \/>\n\t<meta name=\"twitter:data1\" content=\"On backorder\" \/>\n<script type=\"application\/ld+json\" class=\"yoast-schema-graph\">{\"@context\":\"https:\/\/schema.org\",\"@graph\":[{\"@type\":[\"WebPage\",\"ItemPage\"],\"@id\":\"https:\/\/svetslik.si\/en\/vasilij-kandinski-en\/sky-blue-bleu-de-ciel\/\",\"url\":\"https:\/\/svetslik.si\/en\/vasilij-kandinski-en\/sky-blue-bleu-de-ciel\/\",\"name\":\"Vasilij Kandinski - Sky Blue (Bleu de ciel) - SVETSLIK.SI - 100% hand painted\",\"isPartOf\":{\"@id\":\"https:\/\/svetslik.si\/en\/#website\"},\"primaryImageOfPage\":{\"@id\":\"https:\/\/svetslik.si\/en\/vasilij-kandinski-en\/sky-blue-bleu-de-ciel\/#primaryimage\"},\"image\":{\"@id\":\"https:\/\/svetslik.si\/en\/vasilij-kandinski-en\/sky-blue-bleu-de-ciel\/#primaryimage\"},\"thumbnailUrl\":\"https:\/\/svetslik.si\/wp-content\/uploads\/2021\/08\/image_Sky-Blue-Bleu-de-ciel_680.jpg\",\"datePublished\":\"2021-09-02T15:56:07+00:00\",\"dateModified\":\"2026-03-22T18:59:30+00:00\",\"description\":\"Vasilij Kandinski - Sky Blue (Bleu de ciel) - 100% hand-painted reproduction of famous paintings by famous artists. Wall art, abstract paintings and custom painted paintings by order.\",\"breadcrumb\":{\"@id\":\"https:\/\/svetslik.si\/en\/vasilij-kandinski-en\/sky-blue-bleu-de-ciel\/#breadcrumb\"},\"inLanguage\":\"en-US\",\"potentialAction\":[{\"@type\":\"ReadAction\",\"target\":[\"https:\/\/svetslik.si\/en\/vasilij-kandinski-en\/sky-blue-bleu-de-ciel\/\"]}]},{\"@type\":\"ImageObject\",\"inLanguage\":\"en-US\",\"@id\":\"https:\/\/svetslik.si\/en\/vasilij-kandinski-en\/sky-blue-bleu-de-ciel\/#primaryimage\",\"url\":\"https:\/\/svetslik.si\/wp-content\/uploads\/2021\/08\/image_Sky-Blue-Bleu-de-ciel_680.jpg\",\"contentUrl\":\"https:\/\/svetslik.si\/wp-content\/uploads\/2021\/08\/image_Sky-Blue-Bleu-de-ciel_680.jpg\",\"width\":1315,\"height\":1800,\"caption\":\"Painting: Sky Blue - Bleu de Ciel\"},{\"@type\":\"BreadcrumbList\",\"@id\":\"https:\/\/svetslik.si\/en\/vasilij-kandinski-en\/sky-blue-bleu-de-ciel\/#breadcrumb\",\"itemListElement\":[{\"@type\":\"ListItem\",\"position\":1,\"name\":\"Wall art and paintings on canvas\",\"item\":\"https:\/\/svetslik.si\/en\/\"},{\"@type\":\"ListItem\",\"position\":2,\"name\":\"Sale of paintings\",\"item\":\"https:\/\/svetslik.si\/prodaja-slik\/\"},{\"@type\":\"ListItem\",\"position\":3,\"name\":\"Vasilij Kandinski &#8211; Sky Blue (Bleu de ciel)\"}]},{\"@type\":\"WebSite\",\"@id\":\"https:\/\/svetslik.si\/en\/#website\",\"url\":\"https:\/\/svetslik.si\/en\/\",\"name\":\"SVETSLIK.SI\",\"description\":\"100% ru\u010dno naslikane reprodukcije slika poznatih slikara in umjetni\u010dke zidne slike na platnu.\",\"publisher\":{\"@id\":\"https:\/\/svetslik.si\/en\/#organization\"},\"potentialAction\":[{\"@type\":\"SearchAction\",\"target\":{\"@type\":\"EntryPoint\",\"urlTemplate\":\"https:\/\/svetslik.si\/en\/?s={search_term_string}\"},\"query-input\":{\"@type\":\"PropertyValueSpecification\",\"valueRequired\":true,\"valueName\":\"search_term_string\"}}],\"inLanguage\":\"en-US\"},{\"@type\":\"Organization\",\"@id\":\"https:\/\/svetslik.si\/en\/#organization\",\"name\":\"SvetSlik.si\",\"url\":\"https:\/\/svetslik.si\/en\/\",\"logo\":{\"@type\":\"ImageObject\",\"inLanguage\":\"en-US\",\"@id\":\"https:\/\/svetslik.si\/en\/#\/schema\/logo\/image\/\",\"url\":\"https:\/\/svetslik.si\/wp-content\/uploads\/2020\/12\/logo-512.png\",\"contentUrl\":\"https:\/\/svetslik.si\/wp-content\/uploads\/2020\/12\/logo-512.png\",\"width\":512,\"height\":512,\"caption\":\"SvetSlik.si\"},\"image\":{\"@id\":\"https:\/\/svetslik.si\/en\/#\/schema\/logo\/image\/\"},\"sameAs\":[\"https:\/\/www.facebook.com\/svetslik.si\",\"https:\/\/x.com\/svetslik\",\"https:\/\/www.instagram.com\/svetslik.si\/\",\"https:\/\/www.linkedin.com\/company\/svetslik-si\"]}]}<\/script>\n<meta property=\"og:availability\" content=\"backorder\" \/>\n<meta property=\"product:availability\" content=\"available for order\" \/>\n<meta property=\"product:retailer_item_id\" content=\"305__\" \/>\n<meta property=\"product:condition\" content=\"new\" \/>\n<!-- \/ Yoast SEO Premium plugin. -->","yoast_head_json":{"title":"Vasilij Kandinski - Sky Blue (Bleu de ciel) - SVETSLIK.SI - 100% hand painted","description":"Vasilij Kandinski - Sky Blue (Bleu de ciel) - 100% hand-painted reproduction of famous paintings by famous artists. Wall art, abstract paintings and custom painted paintings by order.","robots":{"index":"index","follow":"follow","max-snippet":"max-snippet:-1","max-image-preview":"max-image-preview:large","max-video-preview":"max-video-preview:-1"},"canonical":"https:\/\/svetslik.si\/en\/vasilij-kandinski-en\/sky-blue-bleu-de-ciel\/","og_locale":"en_US","og_type":"article","og_title":"Vasilij Kandinski - Sky Blue (Bleu de ciel)","og_description":"100% ro\u010dno naslikane slike na platnu, reprodukcije znanih slikarjev in umetni\u0161ke slike po naro\u010dilu.","og_url":"https:\/\/svetslik.si\/en\/vasilij-kandinski-en\/sky-blue-bleu-de-ciel\/","og_site_name":"SVETSLIK.SI","article_publisher":"https:\/\/www.facebook.com\/svetslik.si","article_modified_time":"2026-03-22T18:59:30+00:00","og_image":[{"width":1315,"height":1800,"url":"https:\/\/svetslik.si\/wp-content\/uploads\/2021\/08\/image_Sky-Blue-Bleu-de-ciel_680.jpg","type":"image\/jpeg"}],"twitter_card":"summary_large_image","twitter_site":"@svetslik","twitter_misc":{"Availability":"On backorder"},"schema":{"@context":"https:\/\/schema.org","@graph":[{"@type":["WebPage","ItemPage"],"@id":"https:\/\/svetslik.si\/en\/vasilij-kandinski-en\/sky-blue-bleu-de-ciel\/","url":"https:\/\/svetslik.si\/en\/vasilij-kandinski-en\/sky-blue-bleu-de-ciel\/","name":"Vasilij Kandinski - Sky Blue (Bleu de ciel) - SVETSLIK.SI - 100% hand painted","isPartOf":{"@id":"https:\/\/svetslik.si\/en\/#website"},"primaryImageOfPage":{"@id":"https:\/\/svetslik.si\/en\/vasilij-kandinski-en\/sky-blue-bleu-de-ciel\/#primaryimage"},"image":{"@id":"https:\/\/svetslik.si\/en\/vasilij-kandinski-en\/sky-blue-bleu-de-ciel\/#primaryimage"},"thumbnailUrl":"https:\/\/svetslik.si\/wp-content\/uploads\/2021\/08\/image_Sky-Blue-Bleu-de-ciel_680.jpg","datePublished":"2021-09-02T15:56:07+00:00","dateModified":"2026-03-22T18:59:30+00:00","description":"Vasilij Kandinski - Sky Blue (Bleu de ciel) - 100% hand-painted reproduction of famous paintings by famous artists. Wall art, abstract paintings and custom painted paintings by order.","breadcrumb":{"@id":"https:\/\/svetslik.si\/en\/vasilij-kandinski-en\/sky-blue-bleu-de-ciel\/#breadcrumb"},"inLanguage":"en-US","potentialAction":[{"@type":"ReadAction","target":["https:\/\/svetslik.si\/en\/vasilij-kandinski-en\/sky-blue-bleu-de-ciel\/"]}]},{"@type":"ImageObject","inLanguage":"en-US","@id":"https:\/\/svetslik.si\/en\/vasilij-kandinski-en\/sky-blue-bleu-de-ciel\/#primaryimage","url":"https:\/\/svetslik.si\/wp-content\/uploads\/2021\/08\/image_Sky-Blue-Bleu-de-ciel_680.jpg","contentUrl":"https:\/\/svetslik.si\/wp-content\/uploads\/2021\/08\/image_Sky-Blue-Bleu-de-ciel_680.jpg","width":1315,"height":1800,"caption":"Painting: Sky Blue - Bleu de Ciel"},{"@type":"BreadcrumbList","@id":"https:\/\/svetslik.si\/en\/vasilij-kandinski-en\/sky-blue-bleu-de-ciel\/#breadcrumb","itemListElement":[{"@type":"ListItem","position":1,"name":"Wall art and paintings on canvas","item":"https:\/\/svetslik.si\/en\/"},{"@type":"ListItem","position":2,"name":"Sale of paintings","item":"https:\/\/svetslik.si\/prodaja-slik\/"},{"@type":"ListItem","position":3,"name":"Vasilij Kandinski &#8211; Sky Blue (Bleu de ciel)"}]},{"@type":"WebSite","@id":"https:\/\/svetslik.si\/en\/#website","url":"https:\/\/svetslik.si\/en\/","name":"SVETSLIK.SI","description":"100% ru\u010dno naslikane reprodukcije slika poznatih slikara in umjetni\u010dke zidne slike na platnu.","publisher":{"@id":"https:\/\/svetslik.si\/en\/#organization"},"potentialAction":[{"@type":"SearchAction","target":{"@type":"EntryPoint","urlTemplate":"https:\/\/svetslik.si\/en\/?s={search_term_string}"},"query-input":{"@type":"PropertyValueSpecification","valueRequired":true,"valueName":"search_term_string"}}],"inLanguage":"en-US"},{"@type":"Organization","@id":"https:\/\/svetslik.si\/en\/#organization","name":"SvetSlik.si","url":"https:\/\/svetslik.si\/en\/","logo":{"@type":"ImageObject","inLanguage":"en-US","@id":"https:\/\/svetslik.si\/en\/#\/schema\/logo\/image\/","url":"https:\/\/svetslik.si\/wp-content\/uploads\/2020\/12\/logo-512.png","contentUrl":"https:\/\/svetslik.si\/wp-content\/uploads\/2020\/12\/logo-512.png","width":512,"height":512,"caption":"SvetSlik.si"},"image":{"@id":"https:\/\/svetslik.si\/en\/#\/schema\/logo\/image\/"},"sameAs":["https:\/\/www.facebook.com\/svetslik.si","https:\/\/x.com\/svetslik","https:\/\/www.instagram.com\/svetslik.si\/","https:\/\/www.linkedin.com\/company\/svetslik-si"]}]},"og_availability":"backorder","product_availability":"available for order","product_retailer_item_id":"305__","product_condition":"new"},"jetpack_sharing_enabled":true,"_links":{"self":[{"href":"https:\/\/svetslik.si\/en\/wp-json\/wp\/v2\/product\/82978","targetHints":{"allow":["GET"]}}],"collection":[{"href":"https:\/\/svetslik.si\/en\/wp-json\/wp\/v2\/product"}],"about":[{"href":"https:\/\/svetslik.si\/en\/wp-json\/wp\/v2\/types\/product"}],"wp:featuredmedia":[{"embeddable":true,"href":"https:\/\/svetslik.si\/en\/wp-json\/wp\/v2\/media\/79138"}],"wp:attachment":[{"href":"https:\/\/svetslik.si\/en\/wp-json\/wp\/v2\/media?parent=82978"}],"wp:term":[{"taxonomy":"product_brand","embeddable":true,"href":"https:\/\/svetslik.si\/en\/wp-json\/wp\/v2\/product_brand?post=82978"},{"taxonomy":"product_cat","embeddable":true,"href":"https:\/\/svetslik.si\/en\/wp-json\/wp\/v2\/product_cat?post=82978"},{"taxonomy":"product_tag","embeddable":true,"href":"https:\/\/svetslik.si\/en\/wp-json\/wp\/v2\/product_tag?post=82978"}],"curies":[{"name":"wp","href":"https:\/\/api.w.org\/{rel}","templated":true}]}}