{"id":83023,"date":"2021-09-02T17:56:32","date_gmt":"2021-09-02T15:56:32","guid":{"rendered":"https:\/\/svetslik.si\/uncategorized\/impression-iii-concert-impression-iii-konzert\/"},"modified":"2026-03-22T20:00:28","modified_gmt":"2026-03-22T19:00:28","slug":"impression-iii-concert-impression-iii-konzert","status":"publish","type":"product","link":"https:\/\/svetslik.si\/en\/vasilij-kandinski-en\/impression-iii-concert-impression-iii-konzert\/","title":{"rendered":"Vasilij Kandinski &#8211; Impression III (Concert) (Impression III [Konzert])"},"content":{"rendered":"<h1>Wassily Kandinsky &#8211; Impression III (Concert) (Impression III [Concert])<\/h1>\n<table border=\"0\" width=\"673\" cellspacing=\"0\" cellpadding=\"0\">\n<colgroup>\n<col style=\"width: 135pt\" width=\"180\" \/>\n<col style=\"width: 370pt\" width=\"493\" \/> <\/colgroup>\n<tbody>\n<tr style=\"height: 15.75pt\">\n<td class=\"xl24\" style=\"height: 15.75pt;width: 135pt\" width=\"180\" height=\"21\">Year created:<\/td>\n<td class=\"xl25\" style=\"width: 370pt\" width=\"493\">1911<\/td>\n<\/tr>\n<tr style=\"height: 15.75pt\">\n<td class=\"xl24\" style=\"height: 15.75pt;width: 135pt\" width=\"180\" height=\"21\">Original size:<\/td>\n<td class=\"xl24\" style=\"width: 370pt\" width=\"493\">100 cm x 77.5 cm<\/td>\n<\/tr>\n<tr style=\"height: 15.75pt\">\n<td class=\"xl24\" style=\"height: 15.75pt;width: 135pt\" width=\"180\" height=\"21\">Paint style:<\/td>\n<td class=\"xl24\" style=\"width: 370pt\" width=\"493\">Abstract Art<\/td>\n<\/tr>\n<tr style=\"height: 15.75pt\">\n<td class=\"xl24\" style=\"height: 15.75pt;width: 135pt\" width=\"180\" height=\"21\">Original technique:<\/td>\n<td>Oil on canvas<\/td>\n<\/tr>\n<tr style=\"height: 15.75pt\">\n<td class=\"xl24\" style=\"height: 15.75pt;width: 135pt\" width=\"180\" height=\"21\">Located:<\/td>\n<td>St\u00e4dtische Galerie im Lenbachhaus, Munich<\/td>\n<\/tr>\n<\/tbody>\n<\/table>\n<p>Wassily Kandinsky was a leading figure in the development of abstract art, and his works are still highly sought after by collectors and art lovers. One of his most iconic paintings is &#8220;Impression III (Concert)&#8221;, also known as &#8220;Impression III [Concert]&#8221;.<\/p>\n<p>Created in 1911, this painting is an excellent example of Kandinsky&#8217;s exploration of abstraction and his use of color and form to evoke emotion and create a sense of movement. The painting shows a group of musicians on stage, and the figures and instruments are depicted in bold, abstract forms. The use of vibrant colors and dynamic brushstrokes creates a sense of energy and movement, as if the music itself had come to life on the canvas.<\/p>\n<p>One of the most striking elements of this painting is Kandinsky&#8217;s use of color. It uses a limited palette of blues, greens and yellows to create a sense of harmony and balance. Colors are used very expressively, with bold brush strokes that seem to dance across the canvas.<\/p>\n<p>The composition of the painting is also worth mentioning, as the musicians are arranged in a diagonal line that leads the viewer&#8217;s eye towards the upper right corner of the canvas. This creates a sense of movement and dynamism, which is further enhanced by the use of diagonal lines in the background.<\/p>\n<p>&#8220;Impression III (Concerto)&#8221; is considered a masterpiece of Kandinsky&#8217;s early period and is an excellent example of his pioneering role in the development of abstract art. The painting is an important work in the history of art and is still highly valued by collectors and art lovers today. It can be found in various art museums around the world and often serves as an inspiration to contemporary painters.<\/p>\n<p>In conclusion, Wassily Kandinsky&#8217;s &#8220;Impression III (Concerto)&#8221; is an excellent example of the artist&#8217;s use of color, form, and composition to evoke emotion and create a sense of movement. The vibrant colors and dynamic brushstrokes, as well as the limited palette and dynamic composition, make the painting a masterpiece of abstract art that is a must-see for anyone interested in the development of abstract art.<\/p>\n","protected":false},"excerpt":{"rendered":"<p>Wassily Kandinsky &#8211; Impression III (Concert) (Impression III [Concert]) Year created: 1911 Original size: 100 cm x 77.5 cm Paint style: Abstract Art Original technique: Oil on canvas Located: St\u00e4dtische Galerie im Lenbachhaus, Munich Wassily Kandinsky was a leading figure in the development of abstract art, and his works are [&hellip;]<\/p>\n","protected":false},"featured_media":78792,"template":"","meta":{"_acf_changed":false},"product_brand":[],"product_cat":[9814],"product_tag":[9839,9840,9870,9862,9863],"class_list":{"0":"post-83023","1":"product","2":"type-product","3":"status-publish","4":"has-post-thumbnail","6":"product_cat-vasilij-kandinski-en","7":"product_tag-kandinski-en","8":"product_tag-kandinsky-en","9":"product_tag-painter","10":"product_tag-reproduction-en","11":"product_tag-reproductions","12":"pa_dimenzija-100-x-78-cm","13":"pa_dimenzija-130-x-100-cm","14":"pa_dimenzija-150-x-120-cm","15":"pa_dimenzija-180-x-140-cm","16":"pa_dimenzija-50-x-40-cm","17":"pa_dimenzija-60-x-50-cm","18":"pa_dimenzija-80-x-60-cm","19":"pa_dimenzija-90-x-70-cm","20":"pa_oblika-horizontal","21":"pa_okvir-without-frame","22":"pa_podokvir-without","23":"pa_podokvir-yes","25":"first","26":"onbackorder","27":"purchasable","28":"product-type-variable","29":"has-default-attributes"},"acf":[],"yoast_head":"<!-- This site is optimized with the Yoast SEO Premium plugin v26.0 (Yoast SEO v27.2) - https:\/\/yoast.com\/product\/yoast-seo-premium-wordpress\/ -->\n<title>Vasilij Kandinski - Impression III (Concert) (Impression III [Konzert]) - SVETSLIK.SI - 100% hand painted<\/title>\n<meta name=\"description\" content=\"Vasilij Kandinski - Impression III (Concert) (Impression III [Konzert]) - 100% hand-painted reproduction of famous paintings by famous artists. Wall art, abstract paintings and custom painted paintings by order.\" \/>\n<meta name=\"robots\" content=\"index, follow, max-snippet:-1, max-image-preview:large, max-video-preview:-1\" \/>\n<link rel=\"canonical\" href=\"https:\/\/svetslik.si\/en\/vasilij-kandinski-en\/impression-iii-concert-impression-iii-konzert\/\" \/>\n<meta property=\"og:locale\" content=\"en_US\" \/>\n<meta property=\"og:type\" content=\"article\" \/>\n<meta property=\"og:title\" content=\"Vasilij Kandinski - Impression III (Concert) (Impression III [Konzert])\" \/>\n<meta property=\"og:description\" content=\"100% ro\u010dno naslikane slike na platnu, reprodukcije znanih slikarjev in umetni\u0161ke slike po naro\u010dilu.\" \/>\n<meta property=\"og:url\" content=\"https:\/\/svetslik.si\/en\/vasilij-kandinski-en\/impression-iii-concert-impression-iii-konzert\/\" \/>\n<meta property=\"og:site_name\" content=\"SVETSLIK.SI\" \/>\n<meta property=\"article:publisher\" content=\"https:\/\/www.facebook.com\/svetslik.si\" \/>\n<meta property=\"article:modified_time\" content=\"2026-03-22T19:00:28+00:00\" \/>\n<meta property=\"og:image\" content=\"https:\/\/svetslik.si\/wp-content\/uploads\/2021\/08\/image_Impression-III-Concert-Impression-III-Konzert_680.jpg\" \/>\n\t<meta property=\"og:image:width\" content=\"2560\" \/>\n\t<meta property=\"og:image:height\" content=\"1996\" \/>\n\t<meta property=\"og:image:type\" content=\"image\/jpeg\" \/>\n<meta name=\"twitter:card\" content=\"summary_large_image\" \/>\n<meta name=\"twitter:site\" content=\"@svetslik\" \/>\n<meta name=\"twitter:label1\" content=\"Availability\" \/>\n\t<meta name=\"twitter:data1\" content=\"On backorder\" \/>\n<script type=\"application\/ld+json\" class=\"yoast-schema-graph\">{\"@context\":\"https:\/\/schema.org\",\"@graph\":[{\"@type\":[\"WebPage\",\"ItemPage\"],\"@id\":\"https:\/\/svetslik.si\/en\/vasilij-kandinski-en\/impression-iii-concert-impression-iii-konzert\/\",\"url\":\"https:\/\/svetslik.si\/en\/vasilij-kandinski-en\/impression-iii-concert-impression-iii-konzert\/\",\"name\":\"Vasilij Kandinski - Impression III (Concert) (Impression III [Konzert]) - SVETSLIK.SI - 100% hand painted\",\"isPartOf\":{\"@id\":\"https:\/\/svetslik.si\/en\/#website\"},\"primaryImageOfPage\":{\"@id\":\"https:\/\/svetslik.si\/en\/vasilij-kandinski-en\/impression-iii-concert-impression-iii-konzert\/#primaryimage\"},\"image\":{\"@id\":\"https:\/\/svetslik.si\/en\/vasilij-kandinski-en\/impression-iii-concert-impression-iii-konzert\/#primaryimage\"},\"thumbnailUrl\":\"https:\/\/svetslik.si\/wp-content\/uploads\/2021\/08\/image_Impression-III-Concert-Impression-III-Konzert_680.jpg\",\"datePublished\":\"2021-09-02T15:56:32+00:00\",\"dateModified\":\"2026-03-22T19:00:28+00:00\",\"description\":\"Vasilij Kandinski - Impression III (Concert) (Impression III [Konzert]) - 100% hand-painted reproduction of famous paintings by famous artists. Wall art, abstract paintings and custom painted paintings by order.\",\"breadcrumb\":{\"@id\":\"https:\/\/svetslik.si\/en\/vasilij-kandinski-en\/impression-iii-concert-impression-iii-konzert\/#breadcrumb\"},\"inLanguage\":\"en-US\",\"potentialAction\":[{\"@type\":\"ReadAction\",\"target\":[\"https:\/\/svetslik.si\/en\/vasilij-kandinski-en\/impression-iii-concert-impression-iii-konzert\/\"]}]},{\"@type\":\"ImageObject\",\"inLanguage\":\"en-US\",\"@id\":\"https:\/\/svetslik.si\/en\/vasilij-kandinski-en\/impression-iii-concert-impression-iii-konzert\/#primaryimage\",\"url\":\"https:\/\/svetslik.si\/wp-content\/uploads\/2021\/08\/image_Impression-III-Concert-Impression-III-Konzert_680.jpg\",\"contentUrl\":\"https:\/\/svetslik.si\/wp-content\/uploads\/2021\/08\/image_Impression-III-Concert-Impression-III-Konzert_680.jpg\",\"width\":2560,\"height\":1996,\"caption\":\"Impression III (Concert) (Impression III [Konzert]) - Vasilij Kandinski - reproduction of famous painting by famous artist, hand painted painting on canvas, oil painting.\"},{\"@type\":\"BreadcrumbList\",\"@id\":\"https:\/\/svetslik.si\/en\/vasilij-kandinski-en\/impression-iii-concert-impression-iii-konzert\/#breadcrumb\",\"itemListElement\":[{\"@type\":\"ListItem\",\"position\":1,\"name\":\"Wall art and paintings on canvas\",\"item\":\"https:\/\/svetslik.si\/en\/\"},{\"@type\":\"ListItem\",\"position\":2,\"name\":\"Sale of paintings\",\"item\":\"https:\/\/svetslik.si\/prodaja-slik\/\"},{\"@type\":\"ListItem\",\"position\":3,\"name\":\"Vasilij Kandinski &#8211; Impression III (Concert) (Impression III [Konzert])\"}]},{\"@type\":\"WebSite\",\"@id\":\"https:\/\/svetslik.si\/en\/#website\",\"url\":\"https:\/\/svetslik.si\/en\/\",\"name\":\"SVETSLIK.SI\",\"description\":\"100% ru\u010dno naslikane reprodukcije slika poznatih slikara in umjetni\u010dke zidne slike na platnu.\",\"publisher\":{\"@id\":\"https:\/\/svetslik.si\/en\/#organization\"},\"potentialAction\":[{\"@type\":\"SearchAction\",\"target\":{\"@type\":\"EntryPoint\",\"urlTemplate\":\"https:\/\/svetslik.si\/en\/?s={search_term_string}\"},\"query-input\":{\"@type\":\"PropertyValueSpecification\",\"valueRequired\":true,\"valueName\":\"search_term_string\"}}],\"inLanguage\":\"en-US\"},{\"@type\":\"Organization\",\"@id\":\"https:\/\/svetslik.si\/en\/#organization\",\"name\":\"SvetSlik.si\",\"url\":\"https:\/\/svetslik.si\/en\/\",\"logo\":{\"@type\":\"ImageObject\",\"inLanguage\":\"en-US\",\"@id\":\"https:\/\/svetslik.si\/en\/#\/schema\/logo\/image\/\",\"url\":\"https:\/\/svetslik.si\/wp-content\/uploads\/2020\/12\/logo-512.png\",\"contentUrl\":\"https:\/\/svetslik.si\/wp-content\/uploads\/2020\/12\/logo-512.png\",\"width\":512,\"height\":512,\"caption\":\"SvetSlik.si\"},\"image\":{\"@id\":\"https:\/\/svetslik.si\/en\/#\/schema\/logo\/image\/\"},\"sameAs\":[\"https:\/\/www.facebook.com\/svetslik.si\",\"https:\/\/x.com\/svetslik\",\"https:\/\/www.instagram.com\/svetslik.si\/\",\"https:\/\/www.linkedin.com\/company\/svetslik-si\"]}]}<\/script>\n<meta property=\"og:availability\" content=\"backorder\" \/>\n<meta property=\"product:availability\" content=\"available for order\" \/>\n<meta property=\"product:retailer_item_id\" content=\"310__\" \/>\n<meta property=\"product:condition\" content=\"new\" \/>\n<!-- \/ Yoast SEO Premium plugin. -->","yoast_head_json":{"title":"Vasilij Kandinski - Impression III (Concert) (Impression III [Konzert]) - SVETSLIK.SI - 100% hand painted","description":"Vasilij Kandinski - Impression III (Concert) (Impression III [Konzert]) - 100% hand-painted reproduction of famous paintings by famous artists. Wall art, abstract paintings and custom painted paintings by order.","robots":{"index":"index","follow":"follow","max-snippet":"max-snippet:-1","max-image-preview":"max-image-preview:large","max-video-preview":"max-video-preview:-1"},"canonical":"https:\/\/svetslik.si\/en\/vasilij-kandinski-en\/impression-iii-concert-impression-iii-konzert\/","og_locale":"en_US","og_type":"article","og_title":"Vasilij Kandinski - Impression III (Concert) (Impression III [Konzert])","og_description":"100% ro\u010dno naslikane slike na platnu, reprodukcije znanih slikarjev in umetni\u0161ke slike po naro\u010dilu.","og_url":"https:\/\/svetslik.si\/en\/vasilij-kandinski-en\/impression-iii-concert-impression-iii-konzert\/","og_site_name":"SVETSLIK.SI","article_publisher":"https:\/\/www.facebook.com\/svetslik.si","article_modified_time":"2026-03-22T19:00:28+00:00","og_image":[{"width":2560,"height":1996,"url":"https:\/\/svetslik.si\/wp-content\/uploads\/2021\/08\/image_Impression-III-Concert-Impression-III-Konzert_680.jpg","type":"image\/jpeg"}],"twitter_card":"summary_large_image","twitter_site":"@svetslik","twitter_misc":{"Availability":"On backorder"},"schema":{"@context":"https:\/\/schema.org","@graph":[{"@type":["WebPage","ItemPage"],"@id":"https:\/\/svetslik.si\/en\/vasilij-kandinski-en\/impression-iii-concert-impression-iii-konzert\/","url":"https:\/\/svetslik.si\/en\/vasilij-kandinski-en\/impression-iii-concert-impression-iii-konzert\/","name":"Vasilij Kandinski - Impression III (Concert) (Impression III [Konzert]) - SVETSLIK.SI - 100% hand painted","isPartOf":{"@id":"https:\/\/svetslik.si\/en\/#website"},"primaryImageOfPage":{"@id":"https:\/\/svetslik.si\/en\/vasilij-kandinski-en\/impression-iii-concert-impression-iii-konzert\/#primaryimage"},"image":{"@id":"https:\/\/svetslik.si\/en\/vasilij-kandinski-en\/impression-iii-concert-impression-iii-konzert\/#primaryimage"},"thumbnailUrl":"https:\/\/svetslik.si\/wp-content\/uploads\/2021\/08\/image_Impression-III-Concert-Impression-III-Konzert_680.jpg","datePublished":"2021-09-02T15:56:32+00:00","dateModified":"2026-03-22T19:00:28+00:00","description":"Vasilij Kandinski - Impression III (Concert) (Impression III [Konzert]) - 100% hand-painted reproduction of famous paintings by famous artists. Wall art, abstract paintings and custom painted paintings by order.","breadcrumb":{"@id":"https:\/\/svetslik.si\/en\/vasilij-kandinski-en\/impression-iii-concert-impression-iii-konzert\/#breadcrumb"},"inLanguage":"en-US","potentialAction":[{"@type":"ReadAction","target":["https:\/\/svetslik.si\/en\/vasilij-kandinski-en\/impression-iii-concert-impression-iii-konzert\/"]}]},{"@type":"ImageObject","inLanguage":"en-US","@id":"https:\/\/svetslik.si\/en\/vasilij-kandinski-en\/impression-iii-concert-impression-iii-konzert\/#primaryimage","url":"https:\/\/svetslik.si\/wp-content\/uploads\/2021\/08\/image_Impression-III-Concert-Impression-III-Konzert_680.jpg","contentUrl":"https:\/\/svetslik.si\/wp-content\/uploads\/2021\/08\/image_Impression-III-Concert-Impression-III-Konzert_680.jpg","width":2560,"height":1996,"caption":"Impression III (Concert) (Impression III [Konzert]) - Vasilij Kandinski - reproduction of famous painting by famous artist, hand painted painting on canvas, oil painting."},{"@type":"BreadcrumbList","@id":"https:\/\/svetslik.si\/en\/vasilij-kandinski-en\/impression-iii-concert-impression-iii-konzert\/#breadcrumb","itemListElement":[{"@type":"ListItem","position":1,"name":"Wall art and paintings on canvas","item":"https:\/\/svetslik.si\/en\/"},{"@type":"ListItem","position":2,"name":"Sale of paintings","item":"https:\/\/svetslik.si\/prodaja-slik\/"},{"@type":"ListItem","position":3,"name":"Vasilij Kandinski &#8211; Impression III (Concert) (Impression III [Konzert])"}]},{"@type":"WebSite","@id":"https:\/\/svetslik.si\/en\/#website","url":"https:\/\/svetslik.si\/en\/","name":"SVETSLIK.SI","description":"100% ru\u010dno naslikane reprodukcije slika poznatih slikara in umjetni\u010dke zidne slike na platnu.","publisher":{"@id":"https:\/\/svetslik.si\/en\/#organization"},"potentialAction":[{"@type":"SearchAction","target":{"@type":"EntryPoint","urlTemplate":"https:\/\/svetslik.si\/en\/?s={search_term_string}"},"query-input":{"@type":"PropertyValueSpecification","valueRequired":true,"valueName":"search_term_string"}}],"inLanguage":"en-US"},{"@type":"Organization","@id":"https:\/\/svetslik.si\/en\/#organization","name":"SvetSlik.si","url":"https:\/\/svetslik.si\/en\/","logo":{"@type":"ImageObject","inLanguage":"en-US","@id":"https:\/\/svetslik.si\/en\/#\/schema\/logo\/image\/","url":"https:\/\/svetslik.si\/wp-content\/uploads\/2020\/12\/logo-512.png","contentUrl":"https:\/\/svetslik.si\/wp-content\/uploads\/2020\/12\/logo-512.png","width":512,"height":512,"caption":"SvetSlik.si"},"image":{"@id":"https:\/\/svetslik.si\/en\/#\/schema\/logo\/image\/"},"sameAs":["https:\/\/www.facebook.com\/svetslik.si","https:\/\/x.com\/svetslik","https:\/\/www.instagram.com\/svetslik.si\/","https:\/\/www.linkedin.com\/company\/svetslik-si"]}]},"og_availability":"backorder","product_availability":"available for order","product_retailer_item_id":"310__","product_condition":"new"},"jetpack_sharing_enabled":true,"_links":{"self":[{"href":"https:\/\/svetslik.si\/en\/wp-json\/wp\/v2\/product\/83023","targetHints":{"allow":["GET"]}}],"collection":[{"href":"https:\/\/svetslik.si\/en\/wp-json\/wp\/v2\/product"}],"about":[{"href":"https:\/\/svetslik.si\/en\/wp-json\/wp\/v2\/types\/product"}],"wp:featuredmedia":[{"embeddable":true,"href":"https:\/\/svetslik.si\/en\/wp-json\/wp\/v2\/media\/78792"}],"wp:attachment":[{"href":"https:\/\/svetslik.si\/en\/wp-json\/wp\/v2\/media?parent=83023"}],"wp:term":[{"taxonomy":"product_brand","embeddable":true,"href":"https:\/\/svetslik.si\/en\/wp-json\/wp\/v2\/product_brand?post=83023"},{"taxonomy":"product_cat","embeddable":true,"href":"https:\/\/svetslik.si\/en\/wp-json\/wp\/v2\/product_cat?post=83023"},{"taxonomy":"product_tag","embeddable":true,"href":"https:\/\/svetslik.si\/en\/wp-json\/wp\/v2\/product_tag?post=83023"}],"curies":[{"name":"wp","href":"https:\/\/api.w.org\/{rel}","templated":true}]}}