{"id":83077,"date":"2021-09-02T17:57:09","date_gmt":"2021-09-02T15:57:09","guid":{"rendered":"https:\/\/svetslik.si\/uncategorized\/improvisation-28-second-version-improvisation-28-zweite-fassung\/"},"modified":"2026-03-22T20:01:11","modified_gmt":"2026-03-22T19:01:11","slug":"improvisation-28-second-version-improvisation-28-zweite-fassung","status":"publish","type":"product","link":"https:\/\/svetslik.si\/en\/vasilij-kandinski-en\/improvisation-28-second-version-improvisation-28-zweite-fassung\/","title":{"rendered":"Vasilij Kandinski &#8211; Improvisation 28 (second version) (Improvisation 28 [zweite Fassung])"},"content":{"rendered":"<h1>Wassily Kandinsky &#8211; Improvisation 28 (second version) (Improvisation 28 [zweite Fassung])<\/h1>\n<table border=\"0\" width=\"673\" cellspacing=\"0\" cellpadding=\"0\">\n<colgroup>\n<col style=\"width: 135pt\" width=\"180\" \/>\n<col style=\"width: 370pt\" width=\"493\" \/> <\/colgroup>\n<tbody>\n<tr style=\"height: 15.75pt\">\n<td class=\"xl24\" style=\"height: 15.75pt;width: 135pt\" width=\"180\" height=\"21\">Year created:<\/td>\n<td class=\"xl25\" style=\"width: 370pt\" width=\"493\">1912<\/td>\n<\/tr>\n<tr style=\"height: 15.75pt\">\n<td class=\"xl24\" style=\"height: 15.75pt;width: 135pt\" width=\"180\" height=\"21\">Original size:<\/td>\n<td class=\"xl24\" style=\"width: 370pt\" width=\"493\">162.1 cm x 111.4 cm<\/td>\n<\/tr>\n<tr style=\"height: 15.75pt\">\n<td class=\"xl24\" style=\"height: 15.75pt;width: 135pt\" width=\"180\" height=\"21\">Paint style:<\/td>\n<td class=\"xl24\" style=\"width: 370pt\" width=\"493\">Abstract Expressionism<\/td>\n<\/tr>\n<tr style=\"height: 15.75pt\">\n<td class=\"xl24\" style=\"height: 15.75pt;width: 135pt\" width=\"180\" height=\"21\">Original technique:<\/td>\n<td>Oil on canvas<\/td>\n<\/tr>\n<tr style=\"height: 15.75pt\">\n<td class=\"xl24\" style=\"height: 15.75pt;width: 135pt\" width=\"180\" height=\"21\">Located:<\/td>\n<td>Guggenheim Museum New York<\/td>\n<\/tr>\n<\/tbody>\n<\/table>\n<p>&nbsp;<\/p>\n<p>Improvisation 28 (Second Version) by Wassily Kandinsky is a dynamic and stunning painting that showcases the artist&#8217;s unique style and approach to abstraction. This work, painted in 1912, is considered one of Kandinsky&#8217;s most important works from his early period of abstraction.<\/p>\n<p>The painting is oil on canvas and is characterized by a bold, dynamic composition with a striking use of color. The image is dominated by a large black arc that appears to be the central axis for the swirling lines, shapes and colors seen in the image. The black bow is surrounded by a multitude of colors that appear to be in motion, creating a sense of movement and energy. The colors are applied with thick, impasto brush strokes, creating a sense of depth and movement.<\/p>\n<p>The title &#8220;Improvisation 28&#8221; emphasizes the spontaneous and intuitive nature of Kandinsky&#8217;s creative process. He believed that art should be an expression of the artist&#8217;s deepest feelings and emotions, not a representation of the outside world. This painting is a perfect example of this philosophy as it is a visual representation of the artist&#8217;s deepest emotions and feelings.<\/p>\n<p>The painting is an important work in the history of abstract art and is considered a masterpiece of the early period of abstraction. It is an important work of art not only because of its aesthetic value, but also because of its historical significance. It is a great example of how an artist was able to break away from traditional representational art and create a new form of art that was more expressive and emotional.<\/p>\n<p>In conclusion, let me say that &#8220;Improvisation 28 (Second Version)&#8221; is a powerful and visually stunning painting that demonstrates the artist&#8217;s unique style and approach to abstraction. The painting is an important work in the history of art and is considered a masterpiece of the early period of abstraction. If you are looking for a piece of art that is both visually stunning and historically significant, this painting is a great choice.<\/p>\n<p>&nbsp;<\/p>\n","protected":false},"excerpt":{"rendered":"<p>Wassily Kandinsky &#8211; Improvisation 28 (second version) (Improvisation 28 [zweite Fassung]) Year created: 1912 Original size: 162.1 cm x 111.4 cm Paint style: Abstract Expressionism Original technique: Oil on canvas Located: Guggenheim Museum New York &nbsp; Improvisation 28 (Second Version) by Wassily Kandinsky is a dynamic and stunning painting that [&hellip;]<\/p>\n","protected":false},"featured_media":78797,"template":"","meta":{"_acf_changed":false},"product_brand":[],"product_cat":[9814],"product_tag":[9839,9840,9870,9862,9863],"class_list":{"0":"post-83077","1":"product","2":"type-product","3":"status-publish","4":"has-post-thumbnail","6":"product_cat-vasilij-kandinski-en","7":"product_tag-kandinski-en","8":"product_tag-kandinsky-en","9":"product_tag-painter","10":"product_tag-reproduction-en","11":"product_tag-reproductions","12":"pa_dimenzija-100-x-70-cm-en","13":"pa_dimenzija-120-x-80-cm-en","14":"pa_dimenzija-140-x-100-cm-en","15":"pa_dimenzija-162-x-111-cm-en","16":"pa_dimenzija-200-x-140-cm-en","17":"pa_dimenzija-60-x-40-cm-en","18":"pa_dimenzija-70-x-50-cm-en","19":"pa_dimenzija-90-x-60-cm-en","20":"pa_oblika-horizontal","21":"pa_okvir-without-frame","22":"pa_podokvir-without","23":"pa_podokvir-yes","25":"first","26":"onbackorder","27":"purchasable","28":"product-type-variable","29":"has-default-attributes"},"acf":[],"yoast_head":"<!-- This site is optimized with the Yoast SEO Premium plugin v26.0 (Yoast SEO v27.2) - https:\/\/yoast.com\/product\/yoast-seo-premium-wordpress\/ -->\n<title>Vasilij Kandinski - Improvisation 28 (second version) (Improvisation 28 [zweite Fassung]) - SVETSLIK.SI - 100% hand painted<\/title>\n<meta name=\"description\" content=\"Vasilij Kandinski - Improvisation 28 (second version) (Improvisation 28 [zweite Fassung]) - 100% hand-painted reproduction of famous paintings by famous artists. Wall art, abstract paintings and custom painted paintings by order.\" \/>\n<meta name=\"robots\" content=\"index, follow, max-snippet:-1, max-image-preview:large, max-video-preview:-1\" \/>\n<link rel=\"canonical\" href=\"https:\/\/svetslik.si\/en\/vasilij-kandinski-en\/improvisation-28-second-version-improvisation-28-zweite-fassung\/\" \/>\n<meta property=\"og:locale\" content=\"en_US\" \/>\n<meta property=\"og:type\" content=\"article\" \/>\n<meta property=\"og:title\" content=\"Vasilij Kandinski - Improvisation 28 (second version) (Improvisation 28 [zweite Fassung])\" \/>\n<meta property=\"og:description\" content=\"100% ro\u010dno naslikane slike na platnu, reprodukcije znanih slikarjev in umetni\u0161ke slike po naro\u010dilu.\" \/>\n<meta property=\"og:url\" content=\"https:\/\/svetslik.si\/en\/vasilij-kandinski-en\/improvisation-28-second-version-improvisation-28-zweite-fassung\/\" \/>\n<meta property=\"og:site_name\" content=\"SVETSLIK.SI\" \/>\n<meta property=\"article:publisher\" content=\"https:\/\/www.facebook.com\/svetslik.si\" \/>\n<meta property=\"article:modified_time\" content=\"2026-03-22T19:01:11+00:00\" \/>\n<meta property=\"og:image\" content=\"https:\/\/svetslik.si\/wp-content\/uploads\/2021\/08\/image_Improvisation-28-second-version-Improvisation-28-zweite-Fassung_680-scaled.jpg\" \/>\n\t<meta property=\"og:image:width\" content=\"2560\" \/>\n\t<meta property=\"og:image:height\" content=\"1733\" \/>\n\t<meta property=\"og:image:type\" content=\"image\/jpeg\" \/>\n<meta name=\"twitter:card\" content=\"summary_large_image\" \/>\n<meta name=\"twitter:site\" content=\"@svetslik\" \/>\n<meta name=\"twitter:label1\" content=\"Availability\" \/>\n\t<meta name=\"twitter:data1\" content=\"On backorder\" \/>\n<script type=\"application\/ld+json\" class=\"yoast-schema-graph\">{\"@context\":\"https:\/\/schema.org\",\"@graph\":[{\"@type\":[\"WebPage\",\"ItemPage\"],\"@id\":\"https:\/\/svetslik.si\/en\/vasilij-kandinski-en\/improvisation-28-second-version-improvisation-28-zweite-fassung\/\",\"url\":\"https:\/\/svetslik.si\/en\/vasilij-kandinski-en\/improvisation-28-second-version-improvisation-28-zweite-fassung\/\",\"name\":\"Vasilij Kandinski - Improvisation 28 (second version) (Improvisation 28 [zweite Fassung]) - SVETSLIK.SI - 100% hand painted\",\"isPartOf\":{\"@id\":\"https:\/\/svetslik.si\/en\/#website\"},\"primaryImageOfPage\":{\"@id\":\"https:\/\/svetslik.si\/en\/vasilij-kandinski-en\/improvisation-28-second-version-improvisation-28-zweite-fassung\/#primaryimage\"},\"image\":{\"@id\":\"https:\/\/svetslik.si\/en\/vasilij-kandinski-en\/improvisation-28-second-version-improvisation-28-zweite-fassung\/#primaryimage\"},\"thumbnailUrl\":\"https:\/\/svetslik.si\/wp-content\/uploads\/2021\/08\/image_Improvisation-28-second-version-Improvisation-28-zweite-Fassung_680-scaled.jpg\",\"datePublished\":\"2021-09-02T15:57:09+00:00\",\"dateModified\":\"2026-03-22T19:01:11+00:00\",\"description\":\"Vasilij Kandinski - Improvisation 28 (second version) (Improvisation 28 [zweite Fassung]) - 100% hand-painted reproduction of famous paintings by famous artists. Wall art, abstract paintings and custom painted paintings by order.\",\"breadcrumb\":{\"@id\":\"https:\/\/svetslik.si\/en\/vasilij-kandinski-en\/improvisation-28-second-version-improvisation-28-zweite-fassung\/#breadcrumb\"},\"inLanguage\":\"en-US\",\"potentialAction\":[{\"@type\":\"ReadAction\",\"target\":[\"https:\/\/svetslik.si\/en\/vasilij-kandinski-en\/improvisation-28-second-version-improvisation-28-zweite-fassung\/\"]}]},{\"@type\":\"ImageObject\",\"inLanguage\":\"en-US\",\"@id\":\"https:\/\/svetslik.si\/en\/vasilij-kandinski-en\/improvisation-28-second-version-improvisation-28-zweite-fassung\/#primaryimage\",\"url\":\"https:\/\/svetslik.si\/wp-content\/uploads\/2021\/08\/image_Improvisation-28-second-version-Improvisation-28-zweite-Fassung_680-scaled.jpg\",\"contentUrl\":\"https:\/\/svetslik.si\/wp-content\/uploads\/2021\/08\/image_Improvisation-28-second-version-Improvisation-28-zweite-Fassung_680-scaled.jpg\",\"width\":2560,\"height\":1733,\"caption\":\"Improvisation 28 (second version) (Improvisation 28 [zweite Fassung]) - Vasilij Kandinski - reproduction of famous painting by famous artist, hand painted painting on canvas, oil painting.\"},{\"@type\":\"BreadcrumbList\",\"@id\":\"https:\/\/svetslik.si\/en\/vasilij-kandinski-en\/improvisation-28-second-version-improvisation-28-zweite-fassung\/#breadcrumb\",\"itemListElement\":[{\"@type\":\"ListItem\",\"position\":1,\"name\":\"Wall art and paintings on canvas\",\"item\":\"https:\/\/svetslik.si\/en\/\"},{\"@type\":\"ListItem\",\"position\":2,\"name\":\"Sale of paintings\",\"item\":\"https:\/\/svetslik.si\/prodaja-slik\/\"},{\"@type\":\"ListItem\",\"position\":3,\"name\":\"Vasilij Kandinski &#8211; Improvisation 28 (second version) (Improvisation 28 [zweite Fassung])\"}]},{\"@type\":\"WebSite\",\"@id\":\"https:\/\/svetslik.si\/en\/#website\",\"url\":\"https:\/\/svetslik.si\/en\/\",\"name\":\"SVETSLIK.SI\",\"description\":\"100% ru\u010dno naslikane reprodukcije slika poznatih slikara in umjetni\u010dke zidne slike na platnu.\",\"publisher\":{\"@id\":\"https:\/\/svetslik.si\/en\/#organization\"},\"potentialAction\":[{\"@type\":\"SearchAction\",\"target\":{\"@type\":\"EntryPoint\",\"urlTemplate\":\"https:\/\/svetslik.si\/en\/?s={search_term_string}\"},\"query-input\":{\"@type\":\"PropertyValueSpecification\",\"valueRequired\":true,\"valueName\":\"search_term_string\"}}],\"inLanguage\":\"en-US\"},{\"@type\":\"Organization\",\"@id\":\"https:\/\/svetslik.si\/en\/#organization\",\"name\":\"SvetSlik.si\",\"url\":\"https:\/\/svetslik.si\/en\/\",\"logo\":{\"@type\":\"ImageObject\",\"inLanguage\":\"en-US\",\"@id\":\"https:\/\/svetslik.si\/en\/#\/schema\/logo\/image\/\",\"url\":\"https:\/\/svetslik.si\/wp-content\/uploads\/2020\/12\/logo-512.png\",\"contentUrl\":\"https:\/\/svetslik.si\/wp-content\/uploads\/2020\/12\/logo-512.png\",\"width\":512,\"height\":512,\"caption\":\"SvetSlik.si\"},\"image\":{\"@id\":\"https:\/\/svetslik.si\/en\/#\/schema\/logo\/image\/\"},\"sameAs\":[\"https:\/\/www.facebook.com\/svetslik.si\",\"https:\/\/x.com\/svetslik\",\"https:\/\/www.instagram.com\/svetslik.si\/\",\"https:\/\/www.linkedin.com\/company\/svetslik-si\"]}]}<\/script>\n<meta property=\"og:availability\" content=\"backorder\" \/>\n<meta property=\"product:availability\" content=\"available for order\" \/>\n<meta property=\"product:retailer_item_id\" content=\"316__\" \/>\n<meta property=\"product:condition\" content=\"new\" \/>\n<!-- \/ Yoast SEO Premium plugin. -->","yoast_head_json":{"title":"Vasilij Kandinski - Improvisation 28 (second version) (Improvisation 28 [zweite Fassung]) - SVETSLIK.SI - 100% hand painted","description":"Vasilij Kandinski - Improvisation 28 (second version) (Improvisation 28 [zweite Fassung]) - 100% hand-painted reproduction of famous paintings by famous artists. Wall art, abstract paintings and custom painted paintings by order.","robots":{"index":"index","follow":"follow","max-snippet":"max-snippet:-1","max-image-preview":"max-image-preview:large","max-video-preview":"max-video-preview:-1"},"canonical":"https:\/\/svetslik.si\/en\/vasilij-kandinski-en\/improvisation-28-second-version-improvisation-28-zweite-fassung\/","og_locale":"en_US","og_type":"article","og_title":"Vasilij Kandinski - Improvisation 28 (second version) (Improvisation 28 [zweite Fassung])","og_description":"100% ro\u010dno naslikane slike na platnu, reprodukcije znanih slikarjev in umetni\u0161ke slike po naro\u010dilu.","og_url":"https:\/\/svetslik.si\/en\/vasilij-kandinski-en\/improvisation-28-second-version-improvisation-28-zweite-fassung\/","og_site_name":"SVETSLIK.SI","article_publisher":"https:\/\/www.facebook.com\/svetslik.si","article_modified_time":"2026-03-22T19:01:11+00:00","og_image":[{"width":2560,"height":1733,"url":"https:\/\/svetslik.si\/wp-content\/uploads\/2021\/08\/image_Improvisation-28-second-version-Improvisation-28-zweite-Fassung_680-scaled.jpg","type":"image\/jpeg"}],"twitter_card":"summary_large_image","twitter_site":"@svetslik","twitter_misc":{"Availability":"On backorder"},"schema":{"@context":"https:\/\/schema.org","@graph":[{"@type":["WebPage","ItemPage"],"@id":"https:\/\/svetslik.si\/en\/vasilij-kandinski-en\/improvisation-28-second-version-improvisation-28-zweite-fassung\/","url":"https:\/\/svetslik.si\/en\/vasilij-kandinski-en\/improvisation-28-second-version-improvisation-28-zweite-fassung\/","name":"Vasilij Kandinski - Improvisation 28 (second version) (Improvisation 28 [zweite Fassung]) - SVETSLIK.SI - 100% hand painted","isPartOf":{"@id":"https:\/\/svetslik.si\/en\/#website"},"primaryImageOfPage":{"@id":"https:\/\/svetslik.si\/en\/vasilij-kandinski-en\/improvisation-28-second-version-improvisation-28-zweite-fassung\/#primaryimage"},"image":{"@id":"https:\/\/svetslik.si\/en\/vasilij-kandinski-en\/improvisation-28-second-version-improvisation-28-zweite-fassung\/#primaryimage"},"thumbnailUrl":"https:\/\/svetslik.si\/wp-content\/uploads\/2021\/08\/image_Improvisation-28-second-version-Improvisation-28-zweite-Fassung_680-scaled.jpg","datePublished":"2021-09-02T15:57:09+00:00","dateModified":"2026-03-22T19:01:11+00:00","description":"Vasilij Kandinski - Improvisation 28 (second version) (Improvisation 28 [zweite Fassung]) - 100% hand-painted reproduction of famous paintings by famous artists. Wall art, abstract paintings and custom painted paintings by order.","breadcrumb":{"@id":"https:\/\/svetslik.si\/en\/vasilij-kandinski-en\/improvisation-28-second-version-improvisation-28-zweite-fassung\/#breadcrumb"},"inLanguage":"en-US","potentialAction":[{"@type":"ReadAction","target":["https:\/\/svetslik.si\/en\/vasilij-kandinski-en\/improvisation-28-second-version-improvisation-28-zweite-fassung\/"]}]},{"@type":"ImageObject","inLanguage":"en-US","@id":"https:\/\/svetslik.si\/en\/vasilij-kandinski-en\/improvisation-28-second-version-improvisation-28-zweite-fassung\/#primaryimage","url":"https:\/\/svetslik.si\/wp-content\/uploads\/2021\/08\/image_Improvisation-28-second-version-Improvisation-28-zweite-Fassung_680-scaled.jpg","contentUrl":"https:\/\/svetslik.si\/wp-content\/uploads\/2021\/08\/image_Improvisation-28-second-version-Improvisation-28-zweite-Fassung_680-scaled.jpg","width":2560,"height":1733,"caption":"Improvisation 28 (second version) (Improvisation 28 [zweite Fassung]) - Vasilij Kandinski - reproduction of famous painting by famous artist, hand painted painting on canvas, oil painting."},{"@type":"BreadcrumbList","@id":"https:\/\/svetslik.si\/en\/vasilij-kandinski-en\/improvisation-28-second-version-improvisation-28-zweite-fassung\/#breadcrumb","itemListElement":[{"@type":"ListItem","position":1,"name":"Wall art and paintings on canvas","item":"https:\/\/svetslik.si\/en\/"},{"@type":"ListItem","position":2,"name":"Sale of paintings","item":"https:\/\/svetslik.si\/prodaja-slik\/"},{"@type":"ListItem","position":3,"name":"Vasilij Kandinski &#8211; Improvisation 28 (second version) (Improvisation 28 [zweite Fassung])"}]},{"@type":"WebSite","@id":"https:\/\/svetslik.si\/en\/#website","url":"https:\/\/svetslik.si\/en\/","name":"SVETSLIK.SI","description":"100% ru\u010dno naslikane reprodukcije slika poznatih slikara in umjetni\u010dke zidne slike na platnu.","publisher":{"@id":"https:\/\/svetslik.si\/en\/#organization"},"potentialAction":[{"@type":"SearchAction","target":{"@type":"EntryPoint","urlTemplate":"https:\/\/svetslik.si\/en\/?s={search_term_string}"},"query-input":{"@type":"PropertyValueSpecification","valueRequired":true,"valueName":"search_term_string"}}],"inLanguage":"en-US"},{"@type":"Organization","@id":"https:\/\/svetslik.si\/en\/#organization","name":"SvetSlik.si","url":"https:\/\/svetslik.si\/en\/","logo":{"@type":"ImageObject","inLanguage":"en-US","@id":"https:\/\/svetslik.si\/en\/#\/schema\/logo\/image\/","url":"https:\/\/svetslik.si\/wp-content\/uploads\/2020\/12\/logo-512.png","contentUrl":"https:\/\/svetslik.si\/wp-content\/uploads\/2020\/12\/logo-512.png","width":512,"height":512,"caption":"SvetSlik.si"},"image":{"@id":"https:\/\/svetslik.si\/en\/#\/schema\/logo\/image\/"},"sameAs":["https:\/\/www.facebook.com\/svetslik.si","https:\/\/x.com\/svetslik","https:\/\/www.instagram.com\/svetslik.si\/","https:\/\/www.linkedin.com\/company\/svetslik-si"]}]},"og_availability":"backorder","product_availability":"available for order","product_retailer_item_id":"316__","product_condition":"new"},"jetpack_sharing_enabled":true,"_links":{"self":[{"href":"https:\/\/svetslik.si\/en\/wp-json\/wp\/v2\/product\/83077","targetHints":{"allow":["GET"]}}],"collection":[{"href":"https:\/\/svetslik.si\/en\/wp-json\/wp\/v2\/product"}],"about":[{"href":"https:\/\/svetslik.si\/en\/wp-json\/wp\/v2\/types\/product"}],"wp:featuredmedia":[{"embeddable":true,"href":"https:\/\/svetslik.si\/en\/wp-json\/wp\/v2\/media\/78797"}],"wp:attachment":[{"href":"https:\/\/svetslik.si\/en\/wp-json\/wp\/v2\/media?parent=83077"}],"wp:term":[{"taxonomy":"product_brand","embeddable":true,"href":"https:\/\/svetslik.si\/en\/wp-json\/wp\/v2\/product_brand?post=83077"},{"taxonomy":"product_cat","embeddable":true,"href":"https:\/\/svetslik.si\/en\/wp-json\/wp\/v2\/product_cat?post=83077"},{"taxonomy":"product_tag","embeddable":true,"href":"https:\/\/svetslik.si\/en\/wp-json\/wp\/v2\/product_tag?post=83077"}],"curies":[{"name":"wp","href":"https:\/\/api.w.org\/{rel}","templated":true}]}}