{"id":83086,"date":"2021-09-02T17:57:09","date_gmt":"2021-09-02T15:57:09","guid":{"rendered":"https:\/\/svetslik.si\/uncategorized\/with-the-black-arch-mit-dem-schwarzen-bogen\/"},"modified":"2026-03-22T20:01:55","modified_gmt":"2026-03-22T19:01:55","slug":"with-the-black-arch-mit-dem-schwarzen-bogen","status":"publish","type":"product","link":"https:\/\/svetslik.si\/en\/vasilij-kandinski-en\/with-the-black-arch-mit-dem-schwarzen-bogen\/","title":{"rendered":"Vasilij Kandinski &#8211; With the Black Arch (Mit dem Schwarzen Bogen)"},"content":{"rendered":"<div class=\"wpb-content-wrapper\">[vc_row css=&#8221;.vc_custom_1742246511722{margin-bottom: 10px !important;}&#8221;][vc_column]\t<div class=\"et-image-950 et-image     et_image_link\">\n\t\t<div class=\"et-image-inner \">\n\t\t\t\t\t\t\t<div class=\"et-image-thumb \">\n\t\t\t\t\t<img decoding=\"async\" width=\"1500\" height=\"1500\" src=\"https:\/\/svetslik.si\/wp-content\/uploads\/2021\/09\/Vasilij-Kandinski-\u2013-With-the-Black-Arch-Mit-dem-Schwarzen-Bogen-slike-na-platnu-2.jpg\" class=\"attachment-full\" alt=\"Vasilij Kandinski - With the Black Arch (Mit dem Schwarzen Bogen)\" title=\"Vasilij Kandinski - With the Black Arch (Mit dem Schwarzen Bogen)\" srcset=\"https:\/\/svetslik.si\/wp-content\/uploads\/2021\/09\/Vasilij-Kandinski-\u2013-With-the-Black-Arch-Mit-dem-Schwarzen-Bogen-slike-na-platnu-2.jpg 1500w, https:\/\/svetslik.si\/wp-content\/uploads\/2021\/09\/Vasilij-Kandinski-\u2013-With-the-Black-Arch-Mit-dem-Schwarzen-Bogen-slike-na-platnu-2-600x600.jpg 600w, https:\/\/svetslik.si\/wp-content\/uploads\/2021\/09\/Vasilij-Kandinski-\u2013-With-the-Black-Arch-Mit-dem-Schwarzen-Bogen-slike-na-platnu-2-100x100.jpg 100w, https:\/\/svetslik.si\/wp-content\/uploads\/2021\/09\/Vasilij-Kandinski-\u2013-With-the-Black-Arch-Mit-dem-Schwarzen-Bogen-slike-na-platnu-2-1200x1200.jpg 1200w, https:\/\/svetslik.si\/wp-content\/uploads\/2021\/09\/Vasilij-Kandinski-\u2013-With-the-Black-Arch-Mit-dem-Schwarzen-Bogen-slike-na-platnu-2-300x300.jpg 300w, https:\/\/svetslik.si\/wp-content\/uploads\/2021\/09\/Vasilij-Kandinski-\u2013-With-the-Black-Arch-Mit-dem-Schwarzen-Bogen-slike-na-platnu-2-1024x1024.jpg 1024w, https:\/\/svetslik.si\/wp-content\/uploads\/2021\/09\/Vasilij-Kandinski-\u2013-With-the-Black-Arch-Mit-dem-Schwarzen-Bogen-slike-na-platnu-2-150x150.jpg 150w, https:\/\/svetslik.si\/wp-content\/uploads\/2021\/09\/Vasilij-Kandinski-\u2013-With-the-Black-Arch-Mit-dem-Schwarzen-Bogen-slike-na-platnu-2-768x768.jpg 768w\" sizes=\"(max-width: 1500px) 100vw, 1500px\" \/>\t\t\t\t<\/div>\n\t\t\t\t\t\t\t\t\t\t\t<\/div>\n\t<\/div>\n  [\/vc_column][\/vc_row][vc_row css=&#8221;.vc_custom_1742246511722{margin-bottom: 10px !important;}&#8221;][vc_column]\t<div class=\"et-image-226 et-image     et_image_link\">\n\t\t<div class=\"et-image-inner \">\n\t\t\t\t\t\t\t<div class=\"et-image-thumb \">\n\t\t\t\t\t<img decoding=\"async\" width=\"1500\" height=\"2379\" src=\"https:\/\/svetslik.si\/wp-content\/uploads\/2021\/09\/Vasilij-Kandinski-\u2013-With-the-Black-Arch-Mit-dem-Schwarzen-Bogen-slike-na-platnu-4.jpg\" class=\"attachment-full\" alt=\"Vasilij Kandinski - With the Black Arch (Mit dem Schwarzen Bogen)\" title=\"Vasilij Kandinski - With the Black Arch (Mit dem Schwarzen Bogen)\" srcset=\"https:\/\/svetslik.si\/wp-content\/uploads\/2021\/09\/Vasilij-Kandinski-\u2013-With-the-Black-Arch-Mit-dem-Schwarzen-Bogen-slike-na-platnu-4.jpg 1500w, https:\/\/svetslik.si\/wp-content\/uploads\/2021\/09\/Vasilij-Kandinski-\u2013-With-the-Black-Arch-Mit-dem-Schwarzen-Bogen-slike-na-platnu-4-600x952.jpg 600w, https:\/\/svetslik.si\/wp-content\/uploads\/2021\/09\/Vasilij-Kandinski-\u2013-With-the-Black-Arch-Mit-dem-Schwarzen-Bogen-slike-na-platnu-4-1200x1903.jpg 1200w, https:\/\/svetslik.si\/wp-content\/uploads\/2021\/09\/Vasilij-Kandinski-\u2013-With-the-Black-Arch-Mit-dem-Schwarzen-Bogen-slike-na-platnu-4-189x300.jpg 189w, https:\/\/svetslik.si\/wp-content\/uploads\/2021\/09\/Vasilij-Kandinski-\u2013-With-the-Black-Arch-Mit-dem-Schwarzen-Bogen-slike-na-platnu-4-646x1024.jpg 646w, https:\/\/svetslik.si\/wp-content\/uploads\/2021\/09\/Vasilij-Kandinski-\u2013-With-the-Black-Arch-Mit-dem-Schwarzen-Bogen-slike-na-platnu-4-768x1218.jpg 768w, https:\/\/svetslik.si\/wp-content\/uploads\/2021\/09\/Vasilij-Kandinski-\u2013-With-the-Black-Arch-Mit-dem-Schwarzen-Bogen-slike-na-platnu-4-968x1536.jpg 968w, https:\/\/svetslik.si\/wp-content\/uploads\/2021\/09\/Vasilij-Kandinski-\u2013-With-the-Black-Arch-Mit-dem-Schwarzen-Bogen-slike-na-platnu-4-1291x2048.jpg 1291w, https:\/\/svetslik.si\/wp-content\/uploads\/2021\/09\/Vasilij-Kandinski-\u2013-With-the-Black-Arch-Mit-dem-Schwarzen-Bogen-slike-na-platnu-4-95x150.jpg 95w\" sizes=\"(max-width: 1500px) 100vw, 1500px\" \/>\t\t\t\t<\/div>\n\t\t\t\t\t\t\t\t\t\t\t<\/div>\n\t<\/div>\n  [\/vc_column][\/vc_row][vc_row css=&#8221;.vc_custom_1742246511722{margin-bottom: 10px !important;}&#8221;][vc_column]\t<div class=\"et-image-346 et-image     et_image_link\">\n\t\t<div class=\"et-image-inner \">\n\t\t\t\t\t\t\t<div class=\"et-image-thumb \">\n\t\t\t\t\t<img decoding=\"async\" width=\"1500\" height=\"2035\" src=\"https:\/\/svetslik.si\/wp-content\/uploads\/2021\/09\/Vasilij-Kandinski-\u2013-With-the-Black-Arch-Mit-dem-Schwarzen-Bogen-slike-na-platnu-3.jpg\" class=\"attachment-full\" alt=\"Vasilij Kandinski - With the Black Arch (Mit dem Schwarzen Bogen)\" title=\"Vasilij Kandinski - With the Black Arch (Mit dem Schwarzen Bogen)\" srcset=\"https:\/\/svetslik.si\/wp-content\/uploads\/2021\/09\/Vasilij-Kandinski-\u2013-With-the-Black-Arch-Mit-dem-Schwarzen-Bogen-slike-na-platnu-3.jpg 1500w, https:\/\/svetslik.si\/wp-content\/uploads\/2021\/09\/Vasilij-Kandinski-\u2013-With-the-Black-Arch-Mit-dem-Schwarzen-Bogen-slike-na-platnu-3-600x814.jpg 600w, https:\/\/svetslik.si\/wp-content\/uploads\/2021\/09\/Vasilij-Kandinski-\u2013-With-the-Black-Arch-Mit-dem-Schwarzen-Bogen-slike-na-platnu-3-1200x1628.jpg 1200w, https:\/\/svetslik.si\/wp-content\/uploads\/2021\/09\/Vasilij-Kandinski-\u2013-With-the-Black-Arch-Mit-dem-Schwarzen-Bogen-slike-na-platnu-3-221x300.jpg 221w, https:\/\/svetslik.si\/wp-content\/uploads\/2021\/09\/Vasilij-Kandinski-\u2013-With-the-Black-Arch-Mit-dem-Schwarzen-Bogen-slike-na-platnu-3-755x1024.jpg 755w, https:\/\/svetslik.si\/wp-content\/uploads\/2021\/09\/Vasilij-Kandinski-\u2013-With-the-Black-Arch-Mit-dem-Schwarzen-Bogen-slike-na-platnu-3-768x1042.jpg 768w, https:\/\/svetslik.si\/wp-content\/uploads\/2021\/09\/Vasilij-Kandinski-\u2013-With-the-Black-Arch-Mit-dem-Schwarzen-Bogen-slike-na-platnu-3-1132x1536.jpg 1132w, https:\/\/svetslik.si\/wp-content\/uploads\/2021\/09\/Vasilij-Kandinski-\u2013-With-the-Black-Arch-Mit-dem-Schwarzen-Bogen-slike-na-platnu-3-111x150.jpg 111w\" sizes=\"(max-width: 1500px) 100vw, 1500px\" \/>\t\t\t\t<\/div>\n\t\t\t\t\t\t\t\t\t\t\t<\/div>\n\t<\/div>\n  [\/vc_column][\/vc_row][vc_row css=&#8221;.vc_custom_1742246511722{margin-bottom: 10px !important;}&#8221;][vc_column]\t<div class=\"et-image-754 et-image     et_image_link\">\n\t\t<div class=\"et-image-inner \">\n\t\t\t\t\t\t\t<div class=\"et-image-thumb \">\n\t\t\t\t\t<img decoding=\"async\" width=\"1500\" height=\"1125\" src=\"https:\/\/svetslik.si\/wp-content\/uploads\/2021\/09\/Vasilij-Kandinski-\u2013-With-the-Black-Arch-Mit-dem-Schwarzen-Bogen-slike-na-platnu.jpg\" class=\"attachment-full\" alt=\"Vasilij Kandinski - With the Black Arch (Mit dem Schwarzen Bogen)\" title=\"Vasilij Kandinski - With the Black Arch (Mit dem Schwarzen Bogen)\" srcset=\"https:\/\/svetslik.si\/wp-content\/uploads\/2021\/09\/Vasilij-Kandinski-\u2013-With-the-Black-Arch-Mit-dem-Schwarzen-Bogen-slike-na-platnu.jpg 1500w, https:\/\/svetslik.si\/wp-content\/uploads\/2021\/09\/Vasilij-Kandinski-\u2013-With-the-Black-Arch-Mit-dem-Schwarzen-Bogen-slike-na-platnu-600x450.jpg 600w, https:\/\/svetslik.si\/wp-content\/uploads\/2021\/09\/Vasilij-Kandinski-\u2013-With-the-Black-Arch-Mit-dem-Schwarzen-Bogen-slike-na-platnu-1200x900.jpg 1200w, https:\/\/svetslik.si\/wp-content\/uploads\/2021\/09\/Vasilij-Kandinski-\u2013-With-the-Black-Arch-Mit-dem-Schwarzen-Bogen-slike-na-platnu-300x225.jpg 300w, https:\/\/svetslik.si\/wp-content\/uploads\/2021\/09\/Vasilij-Kandinski-\u2013-With-the-Black-Arch-Mit-dem-Schwarzen-Bogen-slike-na-platnu-1024x768.jpg 1024w, https:\/\/svetslik.si\/wp-content\/uploads\/2021\/09\/Vasilij-Kandinski-\u2013-With-the-Black-Arch-Mit-dem-Schwarzen-Bogen-slike-na-platnu-768x576.jpg 768w, https:\/\/svetslik.si\/wp-content\/uploads\/2021\/09\/Vasilij-Kandinski-\u2013-With-the-Black-Arch-Mit-dem-Schwarzen-Bogen-slike-na-platnu-150x113.jpg 150w\" sizes=\"(max-width: 1500px) 100vw, 1500px\" \/>\t\t\t\t<\/div>\n\t\t\t\t\t\t\t\t\t\t\t<\/div>\n\t<\/div>\n  [\/vc_column][\/vc_row][vc_row][vc_column][vc_column_text]\n<h1>Wassily Kandinsky &#8211; With the Black Arch (Mit dem Schwarzen Bogen)<\/h1>\n<p>&nbsp;<\/p>\n<table style=\"width: 673px;\" border=\"0\" width=\"673\" cellspacing=\"0\" cellpadding=\"0\">\n<tbody>\n<tr>\n<td style=\"width: 180px; height: 21px;\" height=\"21\">Year of Creation:<\/td>\n<td style=\"width: 493px;\">1912<\/td>\n<\/tr>\n<tr>\n<td style=\"width: 180px; height: 21px;\" height=\"21\">Original size:<\/td>\n<td style=\"width: 493px;\">196 cm x 188 cm<\/td>\n<\/tr>\n<tr>\n<td style=\"width: 180px; height: 21px;\" height=\"21\">Paint style:<\/td>\n<td style=\"width: 493px;\">Abstract Art<\/td>\n<\/tr>\n<tr>\n<td style=\"width: 180px; height: 21px;\" height=\"21\">Original technique:<\/td>\n<td>Oil on canvas<\/td>\n<\/tr>\n<tr>\n<td style=\"width: 180px; height: 21px;\" height=\"21\">Located:<\/td>\n<td>National Museum of Modern Art Paris<\/td>\n<\/tr>\n<\/tbody>\n<colgroup>\n<col \/>\n<col \/> <\/colgroup>\n<\/table>\n<p>&nbsp;<\/p>\n<p>Wassily Kandinsky was one of the most influential artists of the 20th century, known for his pioneering work in the field of abstract art. One of his most famous paintings is &#8220;With the Black Bow&#8221; (Mit dem Schwarzen Bogen), created in 1913. This painting is an excellent example of Kandinsky&#8217;s exploration of form, color and movement in his art.<\/p>\n<p>The painting consists of bold, stretched lines and dynamic shapes that seem to dance across the canvas. The black arch in the center of the image is a strong focal point that solidifies the composition. The arch is surrounded by swirling abstract shapes that create a sense of movement and energy.<\/p>\n<p>Kandinsky&#8217;s use of colors is also noticeable in this painting. The black bow is in stark contrast to the bright, bold colors that surround it. The orange, yellow and blue hues used in the image further enhance the sense of movement and energy.<\/p>\n<p>This painting is considered one of Kandinsky&#8217;s most important works and is considered a masterpiece of abstract art. It is currently on display at the St\u00e4dtische Galerie im Lenbachhaus in Munich, Germany.<\/p>\n<p>When you&#8217;re looking for a picture to add to your collection, &#8220;With a Black Bow&#8221; is a great choice. It is a visually striking and powerful painting that will bring a sense of movement and energy to any room. Furthermore, this is a work that will be appreciated and studied for years to come, making it a valuable addition to any art collection.<\/p>\n<p>Overall, the painting &#8220;With the Black Bow&#8221; is a must for anyone interested in the work of Wassily Kandinsky or the history of abstract art. It is a powerful and visually stunning picture that continues to inspire and excite audiences today.<\/p>\n<\/div>","protected":false},"excerpt":{"rendered":"<p>[vc_row css=&#8221;.vc_custom_1742246511722{margin-bottom: 10px !important;}&#8221;][vc_column][\/vc_column][\/vc_row][vc_row css=&#8221;.vc_custom_1742246511722{margin-bottom: 10px !important;}&#8221;][vc_column][\/vc_column][\/vc_row][vc_row css=&#8221;.vc_custom_1742246511722{margin-bottom: 10px !important;}&#8221;][vc_column][\/vc_column][\/vc_row][vc_row css=&#8221;.vc_custom_1742246511722{margin-bottom: 10px !important;}&#8221;][vc_column][\/vc_column][\/vc_row][vc_row][vc_column][vc_column_text] Wassily Kandinsky &#8211; With the Black Arch (Mit dem Schwarzen Bogen) &nbsp; Year of Creation: 1912 Original size: 196 cm x 188 cm Paint style: Abstract Art Original technique: Oil on canvas Located: National Museum of Modern [&hellip;]<\/p>\n","protected":false},"featured_media":78398,"template":"","meta":{"_acf_changed":false},"product_brand":[],"product_cat":[9814],"product_tag":[9839,9840,9870,9862,9863],"class_list":{"0":"post-83086","1":"product","2":"type-product","3":"status-publish","4":"has-post-thumbnail","6":"product_cat-vasilij-kandinski-en","7":"product_tag-kandinski-en","8":"product_tag-kandinsky-en","9":"product_tag-painter","10":"product_tag-reproduction-en","11":"product_tag-reproductions","12":"pa_dimenzija-100-x-100-cm","13":"pa_dimenzija-120-x-120-cm","14":"pa_dimenzija-140-x-130-cm","15":"pa_dimenzija-160-x-150-cm","16":"pa_dimenzija-180-x-170-cm","17":"pa_dimenzija-196-x-188-cm","18":"pa_dimenzija-60-x-60-cm","19":"pa_dimenzija-80-x-80-cm","20":"pa_oblika-square","21":"pa_okvir-without-frame","22":"pa_podokvir-without","23":"pa_podokvir-yes","25":"first","26":"onbackorder","27":"purchasable","28":"product-type-variable","29":"has-default-attributes"},"acf":[],"yoast_head":"<!-- This site is optimized with the Yoast SEO Premium plugin v26.0 (Yoast SEO v27.2) - https:\/\/yoast.com\/product\/yoast-seo-premium-wordpress\/ -->\n<title>Vasilij Kandinski - With the Black Arch (Mit dem Schwarzen Bogen) - SVETSLIK.SI - 100% hand painted<\/title>\n<meta name=\"description\" content=\"Vasilij Kandinski - With the Black Arch (Mit dem Schwarzen Bogen) - 100% hand-painted reproduction of famous paintings by famous artists. Wall art, abstract paintings and custom painted paintings by order.\" \/>\n<meta name=\"robots\" content=\"index, follow, max-snippet:-1, max-image-preview:large, max-video-preview:-1\" \/>\n<link rel=\"canonical\" href=\"https:\/\/svetslik.si\/en\/vasilij-kandinski-en\/with-the-black-arch-mit-dem-schwarzen-bogen\/\" \/>\n<meta property=\"og:locale\" content=\"en_US\" \/>\n<meta property=\"og:type\" content=\"article\" \/>\n<meta property=\"og:title\" content=\"Vasilij Kandinski - With the Black Arch (Mit dem Schwarzen Bogen)\" \/>\n<meta property=\"og:description\" content=\"100% ro\u010dno naslikane slike na platnu, reprodukcije znanih slikarjev in umetni\u0161ke slike po naro\u010dilu.\" \/>\n<meta property=\"og:url\" content=\"https:\/\/svetslik.si\/en\/vasilij-kandinski-en\/with-the-black-arch-mit-dem-schwarzen-bogen\/\" \/>\n<meta property=\"og:site_name\" content=\"SVETSLIK.SI\" \/>\n<meta property=\"article:publisher\" content=\"https:\/\/www.facebook.com\/svetslik.si\" \/>\n<meta property=\"article:modified_time\" content=\"2026-03-22T19:01:55+00:00\" \/>\n<meta property=\"og:image\" content=\"https:\/\/svetslik.si\/wp-content\/uploads\/2021\/08\/image_With-the-Black-Arch-Mit-dem-Schwarzen-Bogen_680.jpg\" \/>\n\t<meta property=\"og:image:width\" content=\"1072\" \/>\n\t<meta property=\"og:image:height\" content=\"1024\" \/>\n\t<meta property=\"og:image:type\" content=\"image\/jpeg\" \/>\n<meta name=\"twitter:card\" content=\"summary_large_image\" \/>\n<meta name=\"twitter:site\" content=\"@svetslik\" \/>\n<meta name=\"twitter:label1\" content=\"Availability\" \/>\n\t<meta name=\"twitter:data1\" content=\"On backorder\" \/>\n<script type=\"application\/ld+json\" class=\"yoast-schema-graph\">{\"@context\":\"https:\/\/schema.org\",\"@graph\":[{\"@type\":[\"WebPage\",\"ItemPage\"],\"@id\":\"https:\/\/svetslik.si\/en\/vasilij-kandinski-en\/with-the-black-arch-mit-dem-schwarzen-bogen\/\",\"url\":\"https:\/\/svetslik.si\/en\/vasilij-kandinski-en\/with-the-black-arch-mit-dem-schwarzen-bogen\/\",\"name\":\"Vasilij Kandinski - With the Black Arch (Mit dem Schwarzen Bogen) - SVETSLIK.SI - 100% hand painted\",\"isPartOf\":{\"@id\":\"https:\/\/svetslik.si\/en\/#website\"},\"primaryImageOfPage\":{\"@id\":\"https:\/\/svetslik.si\/en\/vasilij-kandinski-en\/with-the-black-arch-mit-dem-schwarzen-bogen\/#primaryimage\"},\"image\":{\"@id\":\"https:\/\/svetslik.si\/en\/vasilij-kandinski-en\/with-the-black-arch-mit-dem-schwarzen-bogen\/#primaryimage\"},\"thumbnailUrl\":\"https:\/\/svetslik.si\/wp-content\/uploads\/2021\/08\/image_With-the-Black-Arch-Mit-dem-Schwarzen-Bogen_680.jpg\",\"datePublished\":\"2021-09-02T15:57:09+00:00\",\"dateModified\":\"2026-03-22T19:01:55+00:00\",\"description\":\"Vasilij Kandinski - With the Black Arch (Mit dem Schwarzen Bogen) - 100% hand-painted reproduction of famous paintings by famous artists. Wall art, abstract paintings and custom painted paintings by order.\",\"breadcrumb\":{\"@id\":\"https:\/\/svetslik.si\/en\/vasilij-kandinski-en\/with-the-black-arch-mit-dem-schwarzen-bogen\/#breadcrumb\"},\"inLanguage\":\"en-US\",\"potentialAction\":[{\"@type\":\"ReadAction\",\"target\":[\"https:\/\/svetslik.si\/en\/vasilij-kandinski-en\/with-the-black-arch-mit-dem-schwarzen-bogen\/\"]}]},{\"@type\":\"ImageObject\",\"inLanguage\":\"en-US\",\"@id\":\"https:\/\/svetslik.si\/en\/vasilij-kandinski-en\/with-the-black-arch-mit-dem-schwarzen-bogen\/#primaryimage\",\"url\":\"https:\/\/svetslik.si\/wp-content\/uploads\/2021\/08\/image_With-the-Black-Arch-Mit-dem-Schwarzen-Bogen_680.jpg\",\"contentUrl\":\"https:\/\/svetslik.si\/wp-content\/uploads\/2021\/08\/image_With-the-Black-Arch-Mit-dem-Schwarzen-Bogen_680.jpg\",\"width\":1072,\"height\":1024,\"caption\":\"Vasily Kandinsky - With the Black Arch (Mit dem Schwarzen Bogen) - reproduction of famous painting by famous artist, hand painted painting on canvas - oil painting\"},{\"@type\":\"BreadcrumbList\",\"@id\":\"https:\/\/svetslik.si\/en\/vasilij-kandinski-en\/with-the-black-arch-mit-dem-schwarzen-bogen\/#breadcrumb\",\"itemListElement\":[{\"@type\":\"ListItem\",\"position\":1,\"name\":\"Wall art and paintings on canvas\",\"item\":\"https:\/\/svetslik.si\/en\/\"},{\"@type\":\"ListItem\",\"position\":2,\"name\":\"Sale of paintings\",\"item\":\"https:\/\/svetslik.si\/prodaja-slik\/\"},{\"@type\":\"ListItem\",\"position\":3,\"name\":\"Vasilij Kandinski &#8211; With the Black Arch (Mit dem Schwarzen Bogen)\"}]},{\"@type\":\"WebSite\",\"@id\":\"https:\/\/svetslik.si\/en\/#website\",\"url\":\"https:\/\/svetslik.si\/en\/\",\"name\":\"SVETSLIK.SI\",\"description\":\"100% ru\u010dno naslikane reprodukcije slika poznatih slikara in umjetni\u010dke zidne slike na platnu.\",\"publisher\":{\"@id\":\"https:\/\/svetslik.si\/en\/#organization\"},\"potentialAction\":[{\"@type\":\"SearchAction\",\"target\":{\"@type\":\"EntryPoint\",\"urlTemplate\":\"https:\/\/svetslik.si\/en\/?s={search_term_string}\"},\"query-input\":{\"@type\":\"PropertyValueSpecification\",\"valueRequired\":true,\"valueName\":\"search_term_string\"}}],\"inLanguage\":\"en-US\"},{\"@type\":\"Organization\",\"@id\":\"https:\/\/svetslik.si\/en\/#organization\",\"name\":\"SvetSlik.si\",\"url\":\"https:\/\/svetslik.si\/en\/\",\"logo\":{\"@type\":\"ImageObject\",\"inLanguage\":\"en-US\",\"@id\":\"https:\/\/svetslik.si\/en\/#\/schema\/logo\/image\/\",\"url\":\"https:\/\/svetslik.si\/wp-content\/uploads\/2020\/12\/logo-512.png\",\"contentUrl\":\"https:\/\/svetslik.si\/wp-content\/uploads\/2020\/12\/logo-512.png\",\"width\":512,\"height\":512,\"caption\":\"SvetSlik.si\"},\"image\":{\"@id\":\"https:\/\/svetslik.si\/en\/#\/schema\/logo\/image\/\"},\"sameAs\":[\"https:\/\/www.facebook.com\/svetslik.si\",\"https:\/\/x.com\/svetslik\",\"https:\/\/www.instagram.com\/svetslik.si\/\",\"https:\/\/www.linkedin.com\/company\/svetslik-si\"]}]}<\/script>\n<meta property=\"og:availability\" content=\"backorder\" \/>\n<meta property=\"product:availability\" content=\"available for order\" \/>\n<meta property=\"product:retailer_item_id\" content=\"317__\" \/>\n<meta property=\"product:condition\" content=\"new\" \/>\n<!-- \/ Yoast SEO Premium plugin. -->","yoast_head_json":{"title":"Vasilij Kandinski - With the Black Arch (Mit dem Schwarzen Bogen) - SVETSLIK.SI - 100% hand painted","description":"Vasilij Kandinski - With the Black Arch (Mit dem Schwarzen Bogen) - 100% hand-painted reproduction of famous paintings by famous artists. Wall art, abstract paintings and custom painted paintings by order.","robots":{"index":"index","follow":"follow","max-snippet":"max-snippet:-1","max-image-preview":"max-image-preview:large","max-video-preview":"max-video-preview:-1"},"canonical":"https:\/\/svetslik.si\/en\/vasilij-kandinski-en\/with-the-black-arch-mit-dem-schwarzen-bogen\/","og_locale":"en_US","og_type":"article","og_title":"Vasilij Kandinski - With the Black Arch (Mit dem Schwarzen Bogen)","og_description":"100% ro\u010dno naslikane slike na platnu, reprodukcije znanih slikarjev in umetni\u0161ke slike po naro\u010dilu.","og_url":"https:\/\/svetslik.si\/en\/vasilij-kandinski-en\/with-the-black-arch-mit-dem-schwarzen-bogen\/","og_site_name":"SVETSLIK.SI","article_publisher":"https:\/\/www.facebook.com\/svetslik.si","article_modified_time":"2026-03-22T19:01:55+00:00","og_image":[{"width":1072,"height":1024,"url":"https:\/\/svetslik.si\/wp-content\/uploads\/2021\/08\/image_With-the-Black-Arch-Mit-dem-Schwarzen-Bogen_680.jpg","type":"image\/jpeg"}],"twitter_card":"summary_large_image","twitter_site":"@svetslik","twitter_misc":{"Availability":"On backorder"},"schema":{"@context":"https:\/\/schema.org","@graph":[{"@type":["WebPage","ItemPage"],"@id":"https:\/\/svetslik.si\/en\/vasilij-kandinski-en\/with-the-black-arch-mit-dem-schwarzen-bogen\/","url":"https:\/\/svetslik.si\/en\/vasilij-kandinski-en\/with-the-black-arch-mit-dem-schwarzen-bogen\/","name":"Vasilij Kandinski - With the Black Arch (Mit dem Schwarzen Bogen) - SVETSLIK.SI - 100% hand painted","isPartOf":{"@id":"https:\/\/svetslik.si\/en\/#website"},"primaryImageOfPage":{"@id":"https:\/\/svetslik.si\/en\/vasilij-kandinski-en\/with-the-black-arch-mit-dem-schwarzen-bogen\/#primaryimage"},"image":{"@id":"https:\/\/svetslik.si\/en\/vasilij-kandinski-en\/with-the-black-arch-mit-dem-schwarzen-bogen\/#primaryimage"},"thumbnailUrl":"https:\/\/svetslik.si\/wp-content\/uploads\/2021\/08\/image_With-the-Black-Arch-Mit-dem-Schwarzen-Bogen_680.jpg","datePublished":"2021-09-02T15:57:09+00:00","dateModified":"2026-03-22T19:01:55+00:00","description":"Vasilij Kandinski - With the Black Arch (Mit dem Schwarzen Bogen) - 100% hand-painted reproduction of famous paintings by famous artists. Wall art, abstract paintings and custom painted paintings by order.","breadcrumb":{"@id":"https:\/\/svetslik.si\/en\/vasilij-kandinski-en\/with-the-black-arch-mit-dem-schwarzen-bogen\/#breadcrumb"},"inLanguage":"en-US","potentialAction":[{"@type":"ReadAction","target":["https:\/\/svetslik.si\/en\/vasilij-kandinski-en\/with-the-black-arch-mit-dem-schwarzen-bogen\/"]}]},{"@type":"ImageObject","inLanguage":"en-US","@id":"https:\/\/svetslik.si\/en\/vasilij-kandinski-en\/with-the-black-arch-mit-dem-schwarzen-bogen\/#primaryimage","url":"https:\/\/svetslik.si\/wp-content\/uploads\/2021\/08\/image_With-the-Black-Arch-Mit-dem-Schwarzen-Bogen_680.jpg","contentUrl":"https:\/\/svetslik.si\/wp-content\/uploads\/2021\/08\/image_With-the-Black-Arch-Mit-dem-Schwarzen-Bogen_680.jpg","width":1072,"height":1024,"caption":"Vasily Kandinsky - With the Black Arch (Mit dem Schwarzen Bogen) - reproduction of famous painting by famous artist, hand painted painting on canvas - oil painting"},{"@type":"BreadcrumbList","@id":"https:\/\/svetslik.si\/en\/vasilij-kandinski-en\/with-the-black-arch-mit-dem-schwarzen-bogen\/#breadcrumb","itemListElement":[{"@type":"ListItem","position":1,"name":"Wall art and paintings on canvas","item":"https:\/\/svetslik.si\/en\/"},{"@type":"ListItem","position":2,"name":"Sale of paintings","item":"https:\/\/svetslik.si\/prodaja-slik\/"},{"@type":"ListItem","position":3,"name":"Vasilij Kandinski &#8211; With the Black Arch (Mit dem Schwarzen Bogen)"}]},{"@type":"WebSite","@id":"https:\/\/svetslik.si\/en\/#website","url":"https:\/\/svetslik.si\/en\/","name":"SVETSLIK.SI","description":"100% ru\u010dno naslikane reprodukcije slika poznatih slikara in umjetni\u010dke zidne slike na platnu.","publisher":{"@id":"https:\/\/svetslik.si\/en\/#organization"},"potentialAction":[{"@type":"SearchAction","target":{"@type":"EntryPoint","urlTemplate":"https:\/\/svetslik.si\/en\/?s={search_term_string}"},"query-input":{"@type":"PropertyValueSpecification","valueRequired":true,"valueName":"search_term_string"}}],"inLanguage":"en-US"},{"@type":"Organization","@id":"https:\/\/svetslik.si\/en\/#organization","name":"SvetSlik.si","url":"https:\/\/svetslik.si\/en\/","logo":{"@type":"ImageObject","inLanguage":"en-US","@id":"https:\/\/svetslik.si\/en\/#\/schema\/logo\/image\/","url":"https:\/\/svetslik.si\/wp-content\/uploads\/2020\/12\/logo-512.png","contentUrl":"https:\/\/svetslik.si\/wp-content\/uploads\/2020\/12\/logo-512.png","width":512,"height":512,"caption":"SvetSlik.si"},"image":{"@id":"https:\/\/svetslik.si\/en\/#\/schema\/logo\/image\/"},"sameAs":["https:\/\/www.facebook.com\/svetslik.si","https:\/\/x.com\/svetslik","https:\/\/www.instagram.com\/svetslik.si\/","https:\/\/www.linkedin.com\/company\/svetslik-si"]}]},"og_availability":"backorder","product_availability":"available for order","product_retailer_item_id":"317__","product_condition":"new"},"jetpack_sharing_enabled":true,"_links":{"self":[{"href":"https:\/\/svetslik.si\/en\/wp-json\/wp\/v2\/product\/83086","targetHints":{"allow":["GET"]}}],"collection":[{"href":"https:\/\/svetslik.si\/en\/wp-json\/wp\/v2\/product"}],"about":[{"href":"https:\/\/svetslik.si\/en\/wp-json\/wp\/v2\/types\/product"}],"wp:featuredmedia":[{"embeddable":true,"href":"https:\/\/svetslik.si\/en\/wp-json\/wp\/v2\/media\/78398"}],"wp:attachment":[{"href":"https:\/\/svetslik.si\/en\/wp-json\/wp\/v2\/media?parent=83086"}],"wp:term":[{"taxonomy":"product_brand","embeddable":true,"href":"https:\/\/svetslik.si\/en\/wp-json\/wp\/v2\/product_brand?post=83086"},{"taxonomy":"product_cat","embeddable":true,"href":"https:\/\/svetslik.si\/en\/wp-json\/wp\/v2\/product_cat?post=83086"},{"taxonomy":"product_tag","embeddable":true,"href":"https:\/\/svetslik.si\/en\/wp-json\/wp\/v2\/product_tag?post=83086"}],"curies":[{"name":"wp","href":"https:\/\/api.w.org\/{rel}","templated":true}]}}