{"id":83211,"date":"2021-09-02T17:58:39","date_gmt":"2021-09-02T15:58:39","guid":{"rendered":"https:\/\/svetslik.si\/uncategorized\/ambroise-vollard\/"},"modified":"2026-03-22T20:04:36","modified_gmt":"2026-03-22T19:04:36","slug":"ambroise-vollard","status":"publish","type":"product","link":"https:\/\/svetslik.si\/en\/pablo-picasso-en\/ambroise-vollard\/","title":{"rendered":"Pablo Picasso &#8211; Ambroise Vollard"},"content":{"rendered":"<div class=\"wpb-content-wrapper\">[vc_row css=&#8221;.vc_custom_1773997795199{margin-bottom: 10px !important;}&#8221;][vc_column]\t<div class=\"et-image-540 et-image     et_image_link\">\n\t\t<div class=\"et-image-inner \">\n\t\t\t\t\t\t\t<div class=\"et-image-thumb \">\n\t\t\t\t\t<img decoding=\"async\" width=\"1500\" height=\"1593\" src=\"https:\/\/svetslik.si\/wp-content\/uploads\/2021\/09\/Pablo-Picasso-\u2013-Ambroise-Vollard-umetniska-slika.jpg\" class=\"attachment-full\" alt=\"Pablo Picasso - Ambroise Vollard\" title=\"Pablo Picasso - Ambroise Vollard\" srcset=\"https:\/\/svetslik.si\/wp-content\/uploads\/2021\/09\/Pablo-Picasso-\u2013-Ambroise-Vollard-umetniska-slika.jpg 1500w, https:\/\/svetslik.si\/wp-content\/uploads\/2021\/09\/Pablo-Picasso-\u2013-Ambroise-Vollard-umetniska-slika-282x300.jpg 282w, https:\/\/svetslik.si\/wp-content\/uploads\/2021\/09\/Pablo-Picasso-\u2013-Ambroise-Vollard-umetniska-slika-964x1024.jpg 964w, https:\/\/svetslik.si\/wp-content\/uploads\/2021\/09\/Pablo-Picasso-\u2013-Ambroise-Vollard-umetniska-slika-768x816.jpg 768w, https:\/\/svetslik.si\/wp-content\/uploads\/2021\/09\/Pablo-Picasso-\u2013-Ambroise-Vollard-umetniska-slika-1446x1536.jpg 1446w, https:\/\/svetslik.si\/wp-content\/uploads\/2021\/09\/Pablo-Picasso-\u2013-Ambroise-Vollard-umetniska-slika-141x150.jpg 141w, https:\/\/svetslik.si\/wp-content\/uploads\/2021\/09\/Pablo-Picasso-\u2013-Ambroise-Vollard-umetniska-slika-600x637.jpg 600w, https:\/\/svetslik.si\/wp-content\/uploads\/2021\/09\/Pablo-Picasso-\u2013-Ambroise-Vollard-umetniska-slika-1200x1274.jpg 1200w\" sizes=\"(max-width: 1500px) 100vw, 1500px\" \/>\t\t\t\t<\/div>\n\t\t\t\t\t\t\t\t\t\t\t<\/div>\n\t<\/div>\n  [\/vc_column][\/vc_row][vc_row css=&#8221;.vc_custom_1773997795199{margin-bottom: 10px !important;}&#8221;][vc_column]\t<div class=\"et-image-517 et-image     et_image_link\">\n\t\t<div class=\"et-image-inner \">\n\t\t\t\t\t\t\t<div class=\"et-image-thumb \">\n\t\t\t\t\t<img decoding=\"async\" width=\"1500\" height=\"2120\" src=\"https:\/\/svetslik.si\/wp-content\/uploads\/2021\/09\/Pablo-Picasso-\u2013-Ambroise-Vollard-umetniska-slika.webp\" class=\"attachment-full\" alt=\"Pablo Picasso - Ambroise Vollard\" title=\"Pablo Picasso - Ambroise Vollard\" srcset=\"https:\/\/svetslik.si\/wp-content\/uploads\/2021\/09\/Pablo-Picasso-\u2013-Ambroise-Vollard-umetniska-slika.webp 1500w, https:\/\/svetslik.si\/wp-content\/uploads\/2021\/09\/Pablo-Picasso-\u2013-Ambroise-Vollard-umetniska-slika-212x300.webp 212w, https:\/\/svetslik.si\/wp-content\/uploads\/2021\/09\/Pablo-Picasso-\u2013-Ambroise-Vollard-umetniska-slika-725x1024.webp 725w, https:\/\/svetslik.si\/wp-content\/uploads\/2021\/09\/Pablo-Picasso-\u2013-Ambroise-Vollard-umetniska-slika-768x1085.webp 768w, https:\/\/svetslik.si\/wp-content\/uploads\/2021\/09\/Pablo-Picasso-\u2013-Ambroise-Vollard-umetniska-slika-1087x1536.webp 1087w, https:\/\/svetslik.si\/wp-content\/uploads\/2021\/09\/Pablo-Picasso-\u2013-Ambroise-Vollard-umetniska-slika-1449x2048.webp 1449w, https:\/\/svetslik.si\/wp-content\/uploads\/2021\/09\/Pablo-Picasso-\u2013-Ambroise-Vollard-umetniska-slika-106x150.webp 106w, https:\/\/svetslik.si\/wp-content\/uploads\/2021\/09\/Pablo-Picasso-\u2013-Ambroise-Vollard-umetniska-slika-600x848.webp 600w, https:\/\/svetslik.si\/wp-content\/uploads\/2021\/09\/Pablo-Picasso-\u2013-Ambroise-Vollard-umetniska-slika-1200x1696.webp 1200w\" sizes=\"(max-width: 1500px) 100vw, 1500px\" \/>\t\t\t\t<\/div>\n\t\t\t\t\t\t\t\t\t\t\t<\/div>\n\t<\/div>\n  [\/vc_column][\/vc_row][vc_row css=&#8221;.vc_custom_1773997795199{margin-bottom: 10px !important;}&#8221;][vc_column]\t<div class=\"et-image-17 et-image     et_image_link\">\n\t\t<div class=\"et-image-inner \">\n\t\t\t\t\t\t\t<div class=\"et-image-thumb \">\n\t\t\t\t\t<img decoding=\"async\" width=\"1500\" height=\"1125\" src=\"https:\/\/svetslik.si\/wp-content\/uploads\/2021\/09\/Pablo-Picasso-\u2013-Ambroise-Vollard-umetniska-slika-2.webp\" class=\"attachment-full\" alt=\"Pablo Picasso - Ambroise Vollard\" title=\"Pablo Picasso - Ambroise Vollard\" srcset=\"https:\/\/svetslik.si\/wp-content\/uploads\/2021\/09\/Pablo-Picasso-\u2013-Ambroise-Vollard-umetniska-slika-2.webp 1500w, https:\/\/svetslik.si\/wp-content\/uploads\/2021\/09\/Pablo-Picasso-\u2013-Ambroise-Vollard-umetniska-slika-2-300x225.webp 300w, https:\/\/svetslik.si\/wp-content\/uploads\/2021\/09\/Pablo-Picasso-\u2013-Ambroise-Vollard-umetniska-slika-2-1024x768.webp 1024w, https:\/\/svetslik.si\/wp-content\/uploads\/2021\/09\/Pablo-Picasso-\u2013-Ambroise-Vollard-umetniska-slika-2-768x576.webp 768w, https:\/\/svetslik.si\/wp-content\/uploads\/2021\/09\/Pablo-Picasso-\u2013-Ambroise-Vollard-umetniska-slika-2-150x113.webp 150w, https:\/\/svetslik.si\/wp-content\/uploads\/2021\/09\/Pablo-Picasso-\u2013-Ambroise-Vollard-umetniska-slika-2-600x450.webp 600w, https:\/\/svetslik.si\/wp-content\/uploads\/2021\/09\/Pablo-Picasso-\u2013-Ambroise-Vollard-umetniska-slika-2-1200x900.webp 1200w\" sizes=\"(max-width: 1500px) 100vw, 1500px\" \/>\t\t\t\t<\/div>\n\t\t\t\t\t\t\t\t\t\t\t<\/div>\n\t<\/div>\n  [\/vc_column][\/vc_row][vc_row][vc_column][vc_column_text]\n<h1>Pablo Picasso &#8211; Ambroise Vollard<\/h1>\n<p>&nbsp;<\/p>\n<table style=\"width: 673px;\" border=\"0\" width=\"673\" cellspacing=\"0\" cellpadding=\"0\">\n<tbody>\n<tr>\n<td style=\"width: 180px; height: 21px;\" height=\"21\">Year of creation:<\/td>\n<td style=\"width: 493px;\">1910<\/td>\n<\/tr>\n<tr>\n<td style=\"width: 180px; height: 21px;\" height=\"21\">Original size:<\/td>\n<td style=\"width: 493px;\">65 cm x 92 cm<\/td>\n<\/tr>\n<tr>\n<td style=\"width: 180px; height: 21px;\" height=\"21\">Painting style:<\/td>\n<td style=\"width: 493px;\">Modernism<\/td>\n<\/tr>\n<tr>\n<td style=\"width: 180px; height: 21px;\" height=\"21\">Original technique:<\/td>\n<td>Oil on canvas<\/td>\n<\/tr>\n<tr>\n<td style=\"width: 180px; height: 21px;\" height=\"21\">Located:<\/td>\n<td>Pushkin Museum of Fine Arts, Moscow<\/td>\n<\/tr>\n<\/tbody>\n<colgroup> <\/colgroup>\n<\/table>\n[\/vc_column_text][\/vc_column][\/vc_row]\n<\/div>","protected":false},"excerpt":{"rendered":"<p>[vc_row css=&#8221;.vc_custom_1773997795199{margin-bottom: 10px !important;}&#8221;][vc_column][\/vc_column][\/vc_row][vc_row css=&#8221;.vc_custom_1773997795199{margin-bottom: 10px !important;}&#8221;][vc_column][\/vc_column][\/vc_row][vc_row css=&#8221;.vc_custom_1773997795199{margin-bottom: 10px !important;}&#8221;][vc_column][\/vc_column][\/vc_row][vc_row][vc_column][vc_column_text] Pablo Picasso &#8211; Ambroise Vollard &nbsp; Year of creation: 1910 Original size: 65 cm x 92 cm Painting style: Modernism Original technique: Oil on canvas Located: Pushkin Museum of Fine Arts, Moscow [\/vc_column_text][\/vc_column][\/vc_row]<\/p>\n","protected":false},"featured_media":78486,"template":"","meta":{"_acf_changed":false},"product_brand":[],"product_cat":[9798],"product_tag":[9870,9855,9862,9863],"class_list":{"0":"post-83211","1":"product","2":"type-product","3":"status-publish","4":"has-post-thumbnail","6":"product_cat-pablo-picasso-en","7":"product_tag-painter","8":"product_tag-picasso-en","9":"product_tag-reproduction-en","10":"product_tag-reproductions","11":"pa_dimenzija-100-x-140-cm-en","12":"pa_dimenzija-110-x-160-cm-en","13":"pa_dimenzija-130-x-180-cm-en","14":"pa_dimenzija-40-x-60-cm-en","15":"pa_dimenzija-50-x-70-cm-en","16":"pa_dimenzija-65-x-92-cm-en","17":"pa_dimenzija-80-x-110-cm-en","18":"pa_dimenzija-90-x-130-cm-en","19":"pa_oblika-vertical","20":"pa_okvir-without-frame","21":"pa_podokvir-without","22":"pa_podokvir-yes","24":"first","25":"instock","26":"purchasable","27":"product-type-variable","28":"has-default-attributes"},"acf":[],"yoast_head":"<!-- This site is optimized with the Yoast SEO Premium plugin v26.0 (Yoast SEO v27.2) - https:\/\/yoast.com\/product\/yoast-seo-premium-wordpress\/ -->\n<title>Pablo Picasso - Ambroise Vollard - SVETSLIK.SI - 100% hand painted<\/title>\n<meta name=\"description\" content=\"Pablo Picasso - Ambroise Vollard - 100% hand-painted reproduction of famous paintings by famous artists. Wall art, abstract paintings and custom painted paintings by order.\" \/>\n<meta name=\"robots\" content=\"index, follow, max-snippet:-1, max-image-preview:large, max-video-preview:-1\" \/>\n<link rel=\"canonical\" href=\"https:\/\/svetslik.si\/en\/pablo-picasso-en\/ambroise-vollard\/\" \/>\n<meta property=\"og:locale\" content=\"en_US\" \/>\n<meta property=\"og:type\" content=\"article\" \/>\n<meta property=\"og:title\" content=\"Pablo Picasso - Ambroise Vollard\" \/>\n<meta property=\"og:description\" content=\"100% ro\u010dno naslikane slike na platnu, reprodukcije znanih slikarjev in umetni\u0161ke slike po naro\u010dilu.\" \/>\n<meta property=\"og:url\" content=\"https:\/\/svetslik.si\/en\/pablo-picasso-en\/ambroise-vollard\/\" \/>\n<meta property=\"og:site_name\" content=\"SVETSLIK.SI\" \/>\n<meta property=\"article:publisher\" content=\"https:\/\/www.facebook.com\/svetslik.si\" \/>\n<meta property=\"article:modified_time\" content=\"2026-03-22T19:04:36+00:00\" \/>\n<meta property=\"og:image\" content=\"https:\/\/svetslik.si\/wp-content\/uploads\/2021\/08\/image_Ambroise-Vollard_680.jpg\" \/>\n\t<meta property=\"og:image:width\" content=\"1535\" \/>\n\t<meta property=\"og:image:height\" content=\"2048\" \/>\n\t<meta property=\"og:image:type\" content=\"image\/jpeg\" \/>\n<meta name=\"twitter:card\" content=\"summary_large_image\" \/>\n<meta name=\"twitter:site\" content=\"@svetslik\" \/>\n<meta name=\"twitter:label1\" content=\"Availability\" \/>\n\t<meta name=\"twitter:data1\" content=\"In stock\" \/>\n<script type=\"application\/ld+json\" class=\"yoast-schema-graph\">{\"@context\":\"https:\/\/schema.org\",\"@graph\":[{\"@type\":[\"WebPage\",\"ItemPage\"],\"@id\":\"https:\/\/svetslik.si\/en\/pablo-picasso-en\/ambroise-vollard\/\",\"url\":\"https:\/\/svetslik.si\/en\/pablo-picasso-en\/ambroise-vollard\/\",\"name\":\"Pablo Picasso - Ambroise Vollard - SVETSLIK.SI - 100% hand painted\",\"isPartOf\":{\"@id\":\"https:\/\/svetslik.si\/en\/#website\"},\"primaryImageOfPage\":{\"@id\":\"https:\/\/svetslik.si\/en\/pablo-picasso-en\/ambroise-vollard\/#primaryimage\"},\"image\":{\"@id\":\"https:\/\/svetslik.si\/en\/pablo-picasso-en\/ambroise-vollard\/#primaryimage\"},\"thumbnailUrl\":\"https:\/\/svetslik.si\/wp-content\/uploads\/2021\/08\/image_Ambroise-Vollard_680.jpg\",\"datePublished\":\"2021-09-02T15:58:39+00:00\",\"dateModified\":\"2026-03-22T19:04:36+00:00\",\"description\":\"Pablo Picasso - Ambroise Vollard - 100% hand-painted reproduction of famous paintings by famous artists. Wall art, abstract paintings and custom painted paintings by order.\",\"breadcrumb\":{\"@id\":\"https:\/\/svetslik.si\/en\/pablo-picasso-en\/ambroise-vollard\/#breadcrumb\"},\"inLanguage\":\"en-US\",\"potentialAction\":[{\"@type\":\"ReadAction\",\"target\":[\"https:\/\/svetslik.si\/en\/pablo-picasso-en\/ambroise-vollard\/\"]}]},{\"@type\":\"ImageObject\",\"inLanguage\":\"en-US\",\"@id\":\"https:\/\/svetslik.si\/en\/pablo-picasso-en\/ambroise-vollard\/#primaryimage\",\"url\":\"https:\/\/svetslik.si\/wp-content\/uploads\/2021\/08\/image_Ambroise-Vollard_680.jpg\",\"contentUrl\":\"https:\/\/svetslik.si\/wp-content\/uploads\/2021\/08\/image_Ambroise-Vollard_680.jpg\",\"width\":1535,\"height\":2048,\"caption\":\"Pierre A. Renoir - Ambroise Vollard Dressed as a Toreador - reproduction of famous painting by famous artist, hand painted painting on canvas - oil painting\"},{\"@type\":\"BreadcrumbList\",\"@id\":\"https:\/\/svetslik.si\/en\/pablo-picasso-en\/ambroise-vollard\/#breadcrumb\",\"itemListElement\":[{\"@type\":\"ListItem\",\"position\":1,\"name\":\"Wall art and paintings on canvas\",\"item\":\"https:\/\/svetslik.si\/en\/\"},{\"@type\":\"ListItem\",\"position\":2,\"name\":\"Sale of paintings\",\"item\":\"https:\/\/svetslik.si\/prodaja-slik\/\"},{\"@type\":\"ListItem\",\"position\":3,\"name\":\"Pablo Picasso &#8211; Ambroise Vollard\"}]},{\"@type\":\"WebSite\",\"@id\":\"https:\/\/svetslik.si\/en\/#website\",\"url\":\"https:\/\/svetslik.si\/en\/\",\"name\":\"SVETSLIK.SI\",\"description\":\"100% ru\u010dno naslikane reprodukcije slika poznatih slikara in umjetni\u010dke zidne slike na platnu.\",\"publisher\":{\"@id\":\"https:\/\/svetslik.si\/en\/#organization\"},\"potentialAction\":[{\"@type\":\"SearchAction\",\"target\":{\"@type\":\"EntryPoint\",\"urlTemplate\":\"https:\/\/svetslik.si\/en\/?s={search_term_string}\"},\"query-input\":{\"@type\":\"PropertyValueSpecification\",\"valueRequired\":true,\"valueName\":\"search_term_string\"}}],\"inLanguage\":\"en-US\"},{\"@type\":\"Organization\",\"@id\":\"https:\/\/svetslik.si\/en\/#organization\",\"name\":\"SvetSlik.si\",\"url\":\"https:\/\/svetslik.si\/en\/\",\"logo\":{\"@type\":\"ImageObject\",\"inLanguage\":\"en-US\",\"@id\":\"https:\/\/svetslik.si\/en\/#\/schema\/logo\/image\/\",\"url\":\"https:\/\/svetslik.si\/wp-content\/uploads\/2020\/12\/logo-512.png\",\"contentUrl\":\"https:\/\/svetslik.si\/wp-content\/uploads\/2020\/12\/logo-512.png\",\"width\":512,\"height\":512,\"caption\":\"SvetSlik.si\"},\"image\":{\"@id\":\"https:\/\/svetslik.si\/en\/#\/schema\/logo\/image\/\"},\"sameAs\":[\"https:\/\/www.facebook.com\/svetslik.si\",\"https:\/\/x.com\/svetslik\",\"https:\/\/www.instagram.com\/svetslik.si\/\",\"https:\/\/www.linkedin.com\/company\/svetslik-si\"]}]}<\/script>\n<meta property=\"og:availability\" content=\"instock\" \/>\n<meta property=\"product:availability\" content=\"instock\" \/>\n<meta property=\"product:retailer_item_id\" content=\"332__\" \/>\n<meta property=\"product:condition\" content=\"new\" \/>\n<!-- \/ Yoast SEO Premium plugin. -->","yoast_head_json":{"title":"Pablo Picasso - Ambroise Vollard - SVETSLIK.SI - 100% hand painted","description":"Pablo Picasso - Ambroise Vollard - 100% hand-painted reproduction of famous paintings by famous artists. Wall art, abstract paintings and custom painted paintings by order.","robots":{"index":"index","follow":"follow","max-snippet":"max-snippet:-1","max-image-preview":"max-image-preview:large","max-video-preview":"max-video-preview:-1"},"canonical":"https:\/\/svetslik.si\/en\/pablo-picasso-en\/ambroise-vollard\/","og_locale":"en_US","og_type":"article","og_title":"Pablo Picasso - Ambroise Vollard","og_description":"100% ro\u010dno naslikane slike na platnu, reprodukcije znanih slikarjev in umetni\u0161ke slike po naro\u010dilu.","og_url":"https:\/\/svetslik.si\/en\/pablo-picasso-en\/ambroise-vollard\/","og_site_name":"SVETSLIK.SI","article_publisher":"https:\/\/www.facebook.com\/svetslik.si","article_modified_time":"2026-03-22T19:04:36+00:00","og_image":[{"width":1535,"height":2048,"url":"https:\/\/svetslik.si\/wp-content\/uploads\/2021\/08\/image_Ambroise-Vollard_680.jpg","type":"image\/jpeg"}],"twitter_card":"summary_large_image","twitter_site":"@svetslik","twitter_misc":{"Availability":"In stock"},"schema":{"@context":"https:\/\/schema.org","@graph":[{"@type":["WebPage","ItemPage"],"@id":"https:\/\/svetslik.si\/en\/pablo-picasso-en\/ambroise-vollard\/","url":"https:\/\/svetslik.si\/en\/pablo-picasso-en\/ambroise-vollard\/","name":"Pablo Picasso - Ambroise Vollard - SVETSLIK.SI - 100% hand painted","isPartOf":{"@id":"https:\/\/svetslik.si\/en\/#website"},"primaryImageOfPage":{"@id":"https:\/\/svetslik.si\/en\/pablo-picasso-en\/ambroise-vollard\/#primaryimage"},"image":{"@id":"https:\/\/svetslik.si\/en\/pablo-picasso-en\/ambroise-vollard\/#primaryimage"},"thumbnailUrl":"https:\/\/svetslik.si\/wp-content\/uploads\/2021\/08\/image_Ambroise-Vollard_680.jpg","datePublished":"2021-09-02T15:58:39+00:00","dateModified":"2026-03-22T19:04:36+00:00","description":"Pablo Picasso - Ambroise Vollard - 100% hand-painted reproduction of famous paintings by famous artists. Wall art, abstract paintings and custom painted paintings by order.","breadcrumb":{"@id":"https:\/\/svetslik.si\/en\/pablo-picasso-en\/ambroise-vollard\/#breadcrumb"},"inLanguage":"en-US","potentialAction":[{"@type":"ReadAction","target":["https:\/\/svetslik.si\/en\/pablo-picasso-en\/ambroise-vollard\/"]}]},{"@type":"ImageObject","inLanguage":"en-US","@id":"https:\/\/svetslik.si\/en\/pablo-picasso-en\/ambroise-vollard\/#primaryimage","url":"https:\/\/svetslik.si\/wp-content\/uploads\/2021\/08\/image_Ambroise-Vollard_680.jpg","contentUrl":"https:\/\/svetslik.si\/wp-content\/uploads\/2021\/08\/image_Ambroise-Vollard_680.jpg","width":1535,"height":2048,"caption":"Pierre A. Renoir - Ambroise Vollard Dressed as a Toreador - reproduction of famous painting by famous artist, hand painted painting on canvas - oil painting"},{"@type":"BreadcrumbList","@id":"https:\/\/svetslik.si\/en\/pablo-picasso-en\/ambroise-vollard\/#breadcrumb","itemListElement":[{"@type":"ListItem","position":1,"name":"Wall art and paintings on canvas","item":"https:\/\/svetslik.si\/en\/"},{"@type":"ListItem","position":2,"name":"Sale of paintings","item":"https:\/\/svetslik.si\/prodaja-slik\/"},{"@type":"ListItem","position":3,"name":"Pablo Picasso &#8211; Ambroise Vollard"}]},{"@type":"WebSite","@id":"https:\/\/svetslik.si\/en\/#website","url":"https:\/\/svetslik.si\/en\/","name":"SVETSLIK.SI","description":"100% ru\u010dno naslikane reprodukcije slika poznatih slikara in umjetni\u010dke zidne slike na platnu.","publisher":{"@id":"https:\/\/svetslik.si\/en\/#organization"},"potentialAction":[{"@type":"SearchAction","target":{"@type":"EntryPoint","urlTemplate":"https:\/\/svetslik.si\/en\/?s={search_term_string}"},"query-input":{"@type":"PropertyValueSpecification","valueRequired":true,"valueName":"search_term_string"}}],"inLanguage":"en-US"},{"@type":"Organization","@id":"https:\/\/svetslik.si\/en\/#organization","name":"SvetSlik.si","url":"https:\/\/svetslik.si\/en\/","logo":{"@type":"ImageObject","inLanguage":"en-US","@id":"https:\/\/svetslik.si\/en\/#\/schema\/logo\/image\/","url":"https:\/\/svetslik.si\/wp-content\/uploads\/2020\/12\/logo-512.png","contentUrl":"https:\/\/svetslik.si\/wp-content\/uploads\/2020\/12\/logo-512.png","width":512,"height":512,"caption":"SvetSlik.si"},"image":{"@id":"https:\/\/svetslik.si\/en\/#\/schema\/logo\/image\/"},"sameAs":["https:\/\/www.facebook.com\/svetslik.si","https:\/\/x.com\/svetslik","https:\/\/www.instagram.com\/svetslik.si\/","https:\/\/www.linkedin.com\/company\/svetslik-si"]}]},"og_availability":"instock","product_availability":"instock","product_retailer_item_id":"332__","product_condition":"new"},"jetpack_sharing_enabled":true,"_links":{"self":[{"href":"https:\/\/svetslik.si\/en\/wp-json\/wp\/v2\/product\/83211","targetHints":{"allow":["GET"]}}],"collection":[{"href":"https:\/\/svetslik.si\/en\/wp-json\/wp\/v2\/product"}],"about":[{"href":"https:\/\/svetslik.si\/en\/wp-json\/wp\/v2\/types\/product"}],"wp:featuredmedia":[{"embeddable":true,"href":"https:\/\/svetslik.si\/en\/wp-json\/wp\/v2\/media\/78486"}],"wp:attachment":[{"href":"https:\/\/svetslik.si\/en\/wp-json\/wp\/v2\/media?parent=83211"}],"wp:term":[{"taxonomy":"product_brand","embeddable":true,"href":"https:\/\/svetslik.si\/en\/wp-json\/wp\/v2\/product_brand?post=83211"},{"taxonomy":"product_cat","embeddable":true,"href":"https:\/\/svetslik.si\/en\/wp-json\/wp\/v2\/product_cat?post=83211"},{"taxonomy":"product_tag","embeddable":true,"href":"https:\/\/svetslik.si\/en\/wp-json\/wp\/v2\/product_tag?post=83211"}],"curies":[{"name":"wp","href":"https:\/\/api.w.org\/{rel}","templated":true}]}}