{"id":83319,"date":"2021-09-02T17:59:44","date_gmt":"2021-09-02T15:59:44","guid":{"rendered":"https:\/\/svetslik.si\/uncategorized\/garden-in-the-rue-cortot\/"},"modified":"2026-03-22T20:07:03","modified_gmt":"2026-03-22T19:07:03","slug":"garden-in-the-rue-cortot","status":"publish","type":"product","link":"https:\/\/svetslik.si\/en\/pierre-a-renoir-en\/garden-in-the-rue-cortot\/","title":{"rendered":"Pierre A. Renoir &#8211; Garden in the rue Cortot"},"content":{"rendered":"<div class=\"wpb-content-wrapper\">[vc_row css=&#8221;.vc_custom_1735985948425{margin-bottom: 10px !important;}&#8221;][vc_column]\t<div class=\"et-image-440 et-image     et_image_link\">\n\t\t<div class=\"et-image-inner \">\n\t\t\t\t\t\t\t<div class=\"et-image-thumb \">\n\t\t\t\t\t<img decoding=\"async\" width=\"1000\" height=\"1205\" src=\"https:\/\/svetslik.si\/wp-content\/uploads\/2021\/09\/Pierre-A.-Renoir-\u2013-Garden-in-the-rue-Cortot-reprodukcija-slike-na-platnu-3.jpg\" class=\"attachment-full\" alt=\"Pierre A. Renoir - Garden in the rue Cortot\" title=\"Pierre A. Renoir - Garden in the rue Cortot\" srcset=\"https:\/\/svetslik.si\/wp-content\/uploads\/2021\/09\/Pierre-A.-Renoir-\u2013-Garden-in-the-rue-Cortot-reprodukcija-slike-na-platnu-3.jpg 1000w, https:\/\/svetslik.si\/wp-content\/uploads\/2021\/09\/Pierre-A.-Renoir-\u2013-Garden-in-the-rue-Cortot-reprodukcija-slike-na-platnu-3-600x723.jpg 600w, https:\/\/svetslik.si\/wp-content\/uploads\/2021\/09\/Pierre-A.-Renoir-\u2013-Garden-in-the-rue-Cortot-reprodukcija-slike-na-platnu-3-249x300.jpg 249w, https:\/\/svetslik.si\/wp-content\/uploads\/2021\/09\/Pierre-A.-Renoir-\u2013-Garden-in-the-rue-Cortot-reprodukcija-slike-na-platnu-3-850x1024.jpg 850w, https:\/\/svetslik.si\/wp-content\/uploads\/2021\/09\/Pierre-A.-Renoir-\u2013-Garden-in-the-rue-Cortot-reprodukcija-slike-na-platnu-3-768x925.jpg 768w, https:\/\/svetslik.si\/wp-content\/uploads\/2021\/09\/Pierre-A.-Renoir-\u2013-Garden-in-the-rue-Cortot-reprodukcija-slike-na-platnu-3-124x150.jpg 124w, https:\/\/svetslik.si\/wp-content\/uploads\/2021\/09\/Pierre-A.-Renoir-\u2013-Garden-in-the-rue-Cortot-reprodukcija-slike-na-platnu-3-900x1085.jpg 900w\" sizes=\"(max-width: 1000px) 100vw, 1000px\" \/>\t\t\t\t<\/div>\n\t\t\t\t\t\t\t\t\t\t\t<\/div>\n\t<\/div>\n  [\/vc_column][\/vc_row][vc_row css=&#8221;.vc_custom_1735985948425{margin-bottom: 10px !important;}&#8221;][vc_column]\t<div class=\"et-image-446 et-image     et_image_link\">\n\t\t<div class=\"et-image-inner \">\n\t\t\t\t\t\t\t<div class=\"et-image-thumb \">\n\t\t\t\t\t<img decoding=\"async\" width=\"1000\" height=\"1557\" src=\"https:\/\/svetslik.si\/wp-content\/uploads\/2021\/09\/Pierre-A.-Renoir-\u2013-Garden-in-the-rue-Cortot-reprodukcija-slike-na-platnu-4.jpg\" class=\"attachment-full\" alt=\"Pierre A. Renoir - Garden in the rue Cortot\" title=\"Pierre A. Renoir - Garden in the rue Cortot\" srcset=\"https:\/\/svetslik.si\/wp-content\/uploads\/2021\/09\/Pierre-A.-Renoir-\u2013-Garden-in-the-rue-Cortot-reprodukcija-slike-na-platnu-4.jpg 1000w, https:\/\/svetslik.si\/wp-content\/uploads\/2021\/09\/Pierre-A.-Renoir-\u2013-Garden-in-the-rue-Cortot-reprodukcija-slike-na-platnu-4-600x934.jpg 600w, https:\/\/svetslik.si\/wp-content\/uploads\/2021\/09\/Pierre-A.-Renoir-\u2013-Garden-in-the-rue-Cortot-reprodukcija-slike-na-platnu-4-193x300.jpg 193w, https:\/\/svetslik.si\/wp-content\/uploads\/2021\/09\/Pierre-A.-Renoir-\u2013-Garden-in-the-rue-Cortot-reprodukcija-slike-na-platnu-4-658x1024.jpg 658w, https:\/\/svetslik.si\/wp-content\/uploads\/2021\/09\/Pierre-A.-Renoir-\u2013-Garden-in-the-rue-Cortot-reprodukcija-slike-na-platnu-4-768x1196.jpg 768w, https:\/\/svetslik.si\/wp-content\/uploads\/2021\/09\/Pierre-A.-Renoir-\u2013-Garden-in-the-rue-Cortot-reprodukcija-slike-na-platnu-4-987x1536.jpg 987w, https:\/\/svetslik.si\/wp-content\/uploads\/2021\/09\/Pierre-A.-Renoir-\u2013-Garden-in-the-rue-Cortot-reprodukcija-slike-na-platnu-4-96x150.jpg 96w, https:\/\/svetslik.si\/wp-content\/uploads\/2021\/09\/Pierre-A.-Renoir-\u2013-Garden-in-the-rue-Cortot-reprodukcija-slike-na-platnu-4-900x1401.jpg 900w\" sizes=\"(max-width: 1000px) 100vw, 1000px\" \/>\t\t\t\t<\/div>\n\t\t\t\t\t\t\t\t\t\t\t<\/div>\n\t<\/div>\n  [\/vc_column][\/vc_row][vc_row css=&#8221;.vc_custom_1735985948425{margin-bottom: 10px !important;}&#8221;][vc_column]\t<div class=\"et-image-867 et-image     et_image_link\">\n\t\t<div class=\"et-image-inner \">\n\t\t\t\t\t\t\t<div class=\"et-image-thumb \">\n\t\t\t\t\t<img decoding=\"async\" width=\"1000\" height=\"1564\" src=\"https:\/\/svetslik.si\/wp-content\/uploads\/2021\/09\/Pierre-A.-Renoir-\u2013-Garden-in-the-rue-Cortot-reprodukcija-slike-na-platnu-5.jpg\" class=\"attachment-full\" alt=\"Pierre A. Renoir - Garden in the rue Cortot\" title=\"Pierre A. Renoir - Garden in the rue Cortot\" srcset=\"https:\/\/svetslik.si\/wp-content\/uploads\/2021\/09\/Pierre-A.-Renoir-\u2013-Garden-in-the-rue-Cortot-reprodukcija-slike-na-platnu-5.jpg 1000w, https:\/\/svetslik.si\/wp-content\/uploads\/2021\/09\/Pierre-A.-Renoir-\u2013-Garden-in-the-rue-Cortot-reprodukcija-slike-na-platnu-5-600x938.jpg 600w, https:\/\/svetslik.si\/wp-content\/uploads\/2021\/09\/Pierre-A.-Renoir-\u2013-Garden-in-the-rue-Cortot-reprodukcija-slike-na-platnu-5-192x300.jpg 192w, https:\/\/svetslik.si\/wp-content\/uploads\/2021\/09\/Pierre-A.-Renoir-\u2013-Garden-in-the-rue-Cortot-reprodukcija-slike-na-platnu-5-655x1024.jpg 655w, https:\/\/svetslik.si\/wp-content\/uploads\/2021\/09\/Pierre-A.-Renoir-\u2013-Garden-in-the-rue-Cortot-reprodukcija-slike-na-platnu-5-768x1201.jpg 768w, https:\/\/svetslik.si\/wp-content\/uploads\/2021\/09\/Pierre-A.-Renoir-\u2013-Garden-in-the-rue-Cortot-reprodukcija-slike-na-platnu-5-982x1536.jpg 982w, https:\/\/svetslik.si\/wp-content\/uploads\/2021\/09\/Pierre-A.-Renoir-\u2013-Garden-in-the-rue-Cortot-reprodukcija-slike-na-platnu-5-96x150.jpg 96w, https:\/\/svetslik.si\/wp-content\/uploads\/2021\/09\/Pierre-A.-Renoir-\u2013-Garden-in-the-rue-Cortot-reprodukcija-slike-na-platnu-5-900x1408.jpg 900w\" sizes=\"(max-width: 1000px) 100vw, 1000px\" \/>\t\t\t\t<\/div>\n\t\t\t\t\t\t\t\t\t\t\t<\/div>\n\t<\/div>\n  [\/vc_column][\/vc_row][vc_row css=&#8221;.vc_custom_1735985948425{margin-bottom: 10px !important;}&#8221;][vc_column]\t<div class=\"et-image-639 et-image     et_image_link\">\n\t\t<div class=\"et-image-inner \">\n\t\t\t\t\t\t\t<div class=\"et-image-thumb \">\n\t\t\t\t\t<img decoding=\"async\" width=\"1000\" height=\"750\" src=\"https:\/\/svetslik.si\/wp-content\/uploads\/2021\/09\/Pierre-A.-Renoir-\u2013-Garden-in-the-rue-Cortot-reprodukcija-slike-na-platnu.jpg\" class=\"attachment-full\" alt=\"Pierre A. Renoir - Garden in the rue Cortot\" title=\"Pierre A. Renoir - Garden in the rue Cortot\" srcset=\"https:\/\/svetslik.si\/wp-content\/uploads\/2021\/09\/Pierre-A.-Renoir-\u2013-Garden-in-the-rue-Cortot-reprodukcija-slike-na-platnu.jpg 1000w, https:\/\/svetslik.si\/wp-content\/uploads\/2021\/09\/Pierre-A.-Renoir-\u2013-Garden-in-the-rue-Cortot-reprodukcija-slike-na-platnu-600x450.jpg 600w, https:\/\/svetslik.si\/wp-content\/uploads\/2021\/09\/Pierre-A.-Renoir-\u2013-Garden-in-the-rue-Cortot-reprodukcija-slike-na-platnu-300x225.jpg 300w, https:\/\/svetslik.si\/wp-content\/uploads\/2021\/09\/Pierre-A.-Renoir-\u2013-Garden-in-the-rue-Cortot-reprodukcija-slike-na-platnu-768x576.jpg 768w, https:\/\/svetslik.si\/wp-content\/uploads\/2021\/09\/Pierre-A.-Renoir-\u2013-Garden-in-the-rue-Cortot-reprodukcija-slike-na-platnu-150x113.jpg 150w, https:\/\/svetslik.si\/wp-content\/uploads\/2021\/09\/Pierre-A.-Renoir-\u2013-Garden-in-the-rue-Cortot-reprodukcija-slike-na-platnu-900x675.jpg 900w\" sizes=\"(max-width: 1000px) 100vw, 1000px\" \/>\t\t\t\t<\/div>\n\t\t\t\t\t\t\t\t\t\t\t<\/div>\n\t<\/div>\n  [\/vc_column][\/vc_row][vc_row css=&#8221;.vc_custom_1735985948425{margin-bottom: 10px !important;}&#8221;][vc_column]\t<div class=\"et-image-295 et-image     et_image_link\">\n\t\t<div class=\"et-image-inner \">\n\t\t\t\t\t\t\t<div class=\"et-image-thumb \">\n\t\t\t\t\t<img decoding=\"async\" width=\"1000\" height=\"750\" src=\"https:\/\/svetslik.si\/wp-content\/uploads\/2021\/09\/Pierre-A.-Renoir-\u2013-Garden-in-the-rue-Cortot-reprodukcija-slike-na-platnu-2.jpg\" class=\"attachment-full\" alt=\"Pierre A. Renoir - Garden in the rue Cortot\" title=\"Pierre A. Renoir - Garden in the rue Cortot\" srcset=\"https:\/\/svetslik.si\/wp-content\/uploads\/2021\/09\/Pierre-A.-Renoir-\u2013-Garden-in-the-rue-Cortot-reprodukcija-slike-na-platnu-2.jpg 1000w, https:\/\/svetslik.si\/wp-content\/uploads\/2021\/09\/Pierre-A.-Renoir-\u2013-Garden-in-the-rue-Cortot-reprodukcija-slike-na-platnu-2-600x450.jpg 600w, https:\/\/svetslik.si\/wp-content\/uploads\/2021\/09\/Pierre-A.-Renoir-\u2013-Garden-in-the-rue-Cortot-reprodukcija-slike-na-platnu-2-300x225.jpg 300w, https:\/\/svetslik.si\/wp-content\/uploads\/2021\/09\/Pierre-A.-Renoir-\u2013-Garden-in-the-rue-Cortot-reprodukcija-slike-na-platnu-2-768x576.jpg 768w, https:\/\/svetslik.si\/wp-content\/uploads\/2021\/09\/Pierre-A.-Renoir-\u2013-Garden-in-the-rue-Cortot-reprodukcija-slike-na-platnu-2-150x113.jpg 150w, https:\/\/svetslik.si\/wp-content\/uploads\/2021\/09\/Pierre-A.-Renoir-\u2013-Garden-in-the-rue-Cortot-reprodukcija-slike-na-platnu-2-900x675.jpg 900w\" sizes=\"(max-width: 1000px) 100vw, 1000px\" \/>\t\t\t\t<\/div>\n\t\t\t\t\t\t\t\t\t\t\t<\/div>\n\t<\/div>\n  [\/vc_column][\/vc_row][vc_row][vc_column][vc_column_text]\n<h1>Pierre A. Renoir &#8211; Garden in the rue Cortot<\/h1>\n<p>&nbsp;<\/p>\n<table style=\"width: 673px;\" border=\"0\" width=\"673\" cellspacing=\"0\" cellpadding=\"0\">\n<tbody>\n<tr>\n<td style=\"width: 180px; height: 21px;\" height=\"21\">Year of creation:<\/td>\n<td style=\"width: 493px;\">1876<\/td>\n<\/tr>\n<tr>\n<td style=\"width: 180px; height: 21px;\" height=\"21\">Original size:<\/td>\n<td style=\"width: 493px;\">97.5 cm x 151.8 cm<\/td>\n<\/tr>\n<tr>\n<td style=\"width: 180px; height: 21px;\" height=\"21\">Painting style:<\/td>\n<td style=\"width: 493px;\">Impressionism<\/td>\n<\/tr>\n<tr>\n<td style=\"width: 180px; height: 21px;\" height=\"21\">Original technique:<\/td>\n<td>Oil on canvas<\/td>\n<\/tr>\n<tr>\n<td style=\"width: 180px; height: 21px;\" height=\"21\">Located:<\/td>\n<td>Carnegie Museum of Art, Pittsburgh, USA<\/td>\n<\/tr>\n<\/tbody>\n<colgroup> <\/colgroup>\n<\/table>\n<p>The painting was created in the short time that Renoir had a rented studio in Montmartre. He chose the location because it was near the Moulin de la Galette, where he was painting another scene. The studio in Montmartre had a neglected garden where Renoir painted this oil on canvas with dahlias, for which he used clean, bright patches of pigment. Although the features of the two figures in the background are unclear, the prevailing opinion is that they are Claude Monet and Alfred Sisley.<\/p>\n<\/div>","protected":false},"excerpt":{"rendered":"<p>[vc_row css=&#8221;.vc_custom_1735985948425{margin-bottom: 10px !important;}&#8221;][vc_column][\/vc_column][\/vc_row][vc_row css=&#8221;.vc_custom_1735985948425{margin-bottom: 10px !important;}&#8221;][vc_column][\/vc_column][\/vc_row][vc_row css=&#8221;.vc_custom_1735985948425{margin-bottom: 10px !important;}&#8221;][vc_column][\/vc_column][\/vc_row][vc_row css=&#8221;.vc_custom_1735985948425{margin-bottom: 10px !important;}&#8221;][vc_column][\/vc_column][\/vc_row][vc_row css=&#8221;.vc_custom_1735985948425{margin-bottom: 10px !important;}&#8221;][vc_column][\/vc_column][\/vc_row][vc_row][vc_column][vc_column_text] Pierre A. Renoir &#8211; Garden in the rue Cortot &nbsp; Year of creation: 1876 Original size: 97.5 cm x 151.8 cm Painting style: Impressionism Original technique: Oil on canvas Located: Carnegie Museum of Art, [&hellip;]<\/p>\n","protected":false},"featured_media":78754,"template":"","meta":{"_acf_changed":false},"product_brand":[],"product_cat":[9813],"product_tag":[9870,9861,9862,9863],"class_list":{"0":"post-83319","1":"product","2":"type-product","3":"status-publish","4":"has-post-thumbnail","6":"product_cat-pierre-a-renoir-en","7":"product_tag-painter","8":"product_tag-renoir-en","9":"product_tag-reproduction-en","10":"product_tag-reproductions","11":"pa_dimenzija-120-x-190-cm","12":"pa_dimenzija-40-x-60-cm","13":"pa_dimenzija-50-x-80-cm","14":"pa_dimenzija-60-x-90-cm","15":"pa_dimenzija-70-x-110-cm","16":"pa_dimenzija-80-x-125-cm","17":"pa_dimenzija-90-x-140-cm","18":"pa_dimenzija-98-x-152-cm","19":"pa_oblika-vertical","20":"pa_okvir-without-frame","21":"pa_podokvir-without","22":"pa_podokvir-yes","24":"first","25":"onbackorder","26":"purchasable","27":"product-type-variable","28":"has-default-attributes"},"acf":[],"yoast_head":"<!-- This site is optimized with the Yoast SEO Premium plugin v26.0 (Yoast SEO v27.2) - https:\/\/yoast.com\/product\/yoast-seo-premium-wordpress\/ -->\n<title>Pierre A. Renoir - Garden in the rue Cortot - SVETSLIK.SI - 100% hand painted<\/title>\n<meta name=\"description\" content=\"Pierre A. Renoir - Garden in the rue Cortot - 100% hand-painted reproduction of famous paintings by famous artists. Wall art, abstract paintings and custom painted paintings by order.\" \/>\n<meta name=\"robots\" content=\"index, follow, max-snippet:-1, max-image-preview:large, max-video-preview:-1\" \/>\n<link rel=\"canonical\" href=\"https:\/\/svetslik.si\/en\/pierre-a-renoir-en\/garden-in-the-rue-cortot\/\" \/>\n<meta property=\"og:locale\" content=\"en_US\" \/>\n<meta property=\"og:type\" content=\"article\" \/>\n<meta property=\"og:title\" content=\"Pierre A. Renoir - Garden in the rue Cortot\" \/>\n<meta property=\"og:description\" content=\"100% ro\u010dno naslikane slike na platnu, reprodukcije znanih slikarjev in umetni\u0161ke slike po naro\u010dilu.\" \/>\n<meta property=\"og:url\" content=\"https:\/\/svetslik.si\/en\/pierre-a-renoir-en\/garden-in-the-rue-cortot\/\" \/>\n<meta property=\"og:site_name\" content=\"SVETSLIK.SI\" \/>\n<meta property=\"article:publisher\" content=\"https:\/\/www.facebook.com\/svetslik.si\" \/>\n<meta property=\"article:modified_time\" content=\"2026-03-22T19:07:03+00:00\" \/>\n<meta property=\"og:image\" content=\"https:\/\/svetslik.si\/wp-content\/uploads\/2021\/08\/image_Garden-in-the-rue-Cortot-Renoir_680-scaled.jpg\" \/>\n\t<meta property=\"og:image:width\" content=\"1617\" \/>\n\t<meta property=\"og:image:height\" content=\"2560\" \/>\n\t<meta property=\"og:image:type\" content=\"image\/jpeg\" \/>\n<meta name=\"twitter:card\" content=\"summary_large_image\" \/>\n<meta name=\"twitter:site\" content=\"@svetslik\" \/>\n<meta name=\"twitter:label1\" content=\"Availability\" \/>\n\t<meta name=\"twitter:data1\" content=\"On backorder\" \/>\n<script type=\"application\/ld+json\" class=\"yoast-schema-graph\">{\"@context\":\"https:\/\/schema.org\",\"@graph\":[{\"@type\":[\"WebPage\",\"ItemPage\"],\"@id\":\"https:\/\/svetslik.si\/en\/pierre-a-renoir-en\/garden-in-the-rue-cortot\/\",\"url\":\"https:\/\/svetslik.si\/en\/pierre-a-renoir-en\/garden-in-the-rue-cortot\/\",\"name\":\"Pierre A. Renoir - Garden in the rue Cortot - SVETSLIK.SI - 100% hand painted\",\"isPartOf\":{\"@id\":\"https:\/\/svetslik.si\/en\/#website\"},\"primaryImageOfPage\":{\"@id\":\"https:\/\/svetslik.si\/en\/pierre-a-renoir-en\/garden-in-the-rue-cortot\/#primaryimage\"},\"image\":{\"@id\":\"https:\/\/svetslik.si\/en\/pierre-a-renoir-en\/garden-in-the-rue-cortot\/#primaryimage\"},\"thumbnailUrl\":\"https:\/\/svetslik.si\/wp-content\/uploads\/2021\/08\/image_Garden-in-the-rue-Cortot-Renoir_680-scaled.jpg\",\"datePublished\":\"2021-09-02T15:59:44+00:00\",\"dateModified\":\"2026-03-22T19:07:03+00:00\",\"description\":\"Pierre A. Renoir - Garden in the rue Cortot - 100% hand-painted reproduction of famous paintings by famous artists. Wall art, abstract paintings and custom painted paintings by order.\",\"breadcrumb\":{\"@id\":\"https:\/\/svetslik.si\/en\/pierre-a-renoir-en\/garden-in-the-rue-cortot\/#breadcrumb\"},\"inLanguage\":\"en-US\",\"potentialAction\":[{\"@type\":\"ReadAction\",\"target\":[\"https:\/\/svetslik.si\/en\/pierre-a-renoir-en\/garden-in-the-rue-cortot\/\"]}]},{\"@type\":\"ImageObject\",\"inLanguage\":\"en-US\",\"@id\":\"https:\/\/svetslik.si\/en\/pierre-a-renoir-en\/garden-in-the-rue-cortot\/#primaryimage\",\"url\":\"https:\/\/svetslik.si\/wp-content\/uploads\/2021\/08\/image_Garden-in-the-rue-Cortot-Renoir_680-scaled.jpg\",\"contentUrl\":\"https:\/\/svetslik.si\/wp-content\/uploads\/2021\/08\/image_Garden-in-the-rue-Cortot-Renoir_680-scaled.jpg\",\"width\":1617,\"height\":2560,\"caption\":\"Pierre A. Renoir - Garden in the rue Cortot - reproduction of famous painting by famous artist, hand painted painting on canvas\"},{\"@type\":\"BreadcrumbList\",\"@id\":\"https:\/\/svetslik.si\/en\/pierre-a-renoir-en\/garden-in-the-rue-cortot\/#breadcrumb\",\"itemListElement\":[{\"@type\":\"ListItem\",\"position\":1,\"name\":\"Wall art and paintings on canvas\",\"item\":\"https:\/\/svetslik.si\/en\/\"},{\"@type\":\"ListItem\",\"position\":2,\"name\":\"Sale of paintings\",\"item\":\"https:\/\/svetslik.si\/prodaja-slik\/\"},{\"@type\":\"ListItem\",\"position\":3,\"name\":\"Pierre A. Renoir &#8211; Garden in the rue Cortot\"}]},{\"@type\":\"WebSite\",\"@id\":\"https:\/\/svetslik.si\/en\/#website\",\"url\":\"https:\/\/svetslik.si\/en\/\",\"name\":\"SVETSLIK.SI\",\"description\":\"100% ru\u010dno naslikane reprodukcije slika poznatih slikara in umjetni\u010dke zidne slike na platnu.\",\"publisher\":{\"@id\":\"https:\/\/svetslik.si\/en\/#organization\"},\"potentialAction\":[{\"@type\":\"SearchAction\",\"target\":{\"@type\":\"EntryPoint\",\"urlTemplate\":\"https:\/\/svetslik.si\/en\/?s={search_term_string}\"},\"query-input\":{\"@type\":\"PropertyValueSpecification\",\"valueRequired\":true,\"valueName\":\"search_term_string\"}}],\"inLanguage\":\"en-US\"},{\"@type\":\"Organization\",\"@id\":\"https:\/\/svetslik.si\/en\/#organization\",\"name\":\"SvetSlik.si\",\"url\":\"https:\/\/svetslik.si\/en\/\",\"logo\":{\"@type\":\"ImageObject\",\"inLanguage\":\"en-US\",\"@id\":\"https:\/\/svetslik.si\/en\/#\/schema\/logo\/image\/\",\"url\":\"https:\/\/svetslik.si\/wp-content\/uploads\/2020\/12\/logo-512.png\",\"contentUrl\":\"https:\/\/svetslik.si\/wp-content\/uploads\/2020\/12\/logo-512.png\",\"width\":512,\"height\":512,\"caption\":\"SvetSlik.si\"},\"image\":{\"@id\":\"https:\/\/svetslik.si\/en\/#\/schema\/logo\/image\/\"},\"sameAs\":[\"https:\/\/www.facebook.com\/svetslik.si\",\"https:\/\/x.com\/svetslik\",\"https:\/\/www.instagram.com\/svetslik.si\/\",\"https:\/\/www.linkedin.com\/company\/svetslik-si\"]}]}<\/script>\n<meta property=\"og:availability\" content=\"backorder\" \/>\n<meta property=\"product:availability\" content=\"available for order\" \/>\n<meta property=\"product:retailer_item_id\" content=\"344__\" \/>\n<meta property=\"product:condition\" content=\"new\" \/>\n<!-- \/ Yoast SEO Premium plugin. -->","yoast_head_json":{"title":"Pierre A. Renoir - Garden in the rue Cortot - SVETSLIK.SI - 100% hand painted","description":"Pierre A. Renoir - Garden in the rue Cortot - 100% hand-painted reproduction of famous paintings by famous artists. Wall art, abstract paintings and custom painted paintings by order.","robots":{"index":"index","follow":"follow","max-snippet":"max-snippet:-1","max-image-preview":"max-image-preview:large","max-video-preview":"max-video-preview:-1"},"canonical":"https:\/\/svetslik.si\/en\/pierre-a-renoir-en\/garden-in-the-rue-cortot\/","og_locale":"en_US","og_type":"article","og_title":"Pierre A. Renoir - Garden in the rue Cortot","og_description":"100% ro\u010dno naslikane slike na platnu, reprodukcije znanih slikarjev in umetni\u0161ke slike po naro\u010dilu.","og_url":"https:\/\/svetslik.si\/en\/pierre-a-renoir-en\/garden-in-the-rue-cortot\/","og_site_name":"SVETSLIK.SI","article_publisher":"https:\/\/www.facebook.com\/svetslik.si","article_modified_time":"2026-03-22T19:07:03+00:00","og_image":[{"width":1617,"height":2560,"url":"https:\/\/svetslik.si\/wp-content\/uploads\/2021\/08\/image_Garden-in-the-rue-Cortot-Renoir_680-scaled.jpg","type":"image\/jpeg"}],"twitter_card":"summary_large_image","twitter_site":"@svetslik","twitter_misc":{"Availability":"On backorder"},"schema":{"@context":"https:\/\/schema.org","@graph":[{"@type":["WebPage","ItemPage"],"@id":"https:\/\/svetslik.si\/en\/pierre-a-renoir-en\/garden-in-the-rue-cortot\/","url":"https:\/\/svetslik.si\/en\/pierre-a-renoir-en\/garden-in-the-rue-cortot\/","name":"Pierre A. Renoir - Garden in the rue Cortot - SVETSLIK.SI - 100% hand painted","isPartOf":{"@id":"https:\/\/svetslik.si\/en\/#website"},"primaryImageOfPage":{"@id":"https:\/\/svetslik.si\/en\/pierre-a-renoir-en\/garden-in-the-rue-cortot\/#primaryimage"},"image":{"@id":"https:\/\/svetslik.si\/en\/pierre-a-renoir-en\/garden-in-the-rue-cortot\/#primaryimage"},"thumbnailUrl":"https:\/\/svetslik.si\/wp-content\/uploads\/2021\/08\/image_Garden-in-the-rue-Cortot-Renoir_680-scaled.jpg","datePublished":"2021-09-02T15:59:44+00:00","dateModified":"2026-03-22T19:07:03+00:00","description":"Pierre A. Renoir - Garden in the rue Cortot - 100% hand-painted reproduction of famous paintings by famous artists. Wall art, abstract paintings and custom painted paintings by order.","breadcrumb":{"@id":"https:\/\/svetslik.si\/en\/pierre-a-renoir-en\/garden-in-the-rue-cortot\/#breadcrumb"},"inLanguage":"en-US","potentialAction":[{"@type":"ReadAction","target":["https:\/\/svetslik.si\/en\/pierre-a-renoir-en\/garden-in-the-rue-cortot\/"]}]},{"@type":"ImageObject","inLanguage":"en-US","@id":"https:\/\/svetslik.si\/en\/pierre-a-renoir-en\/garden-in-the-rue-cortot\/#primaryimage","url":"https:\/\/svetslik.si\/wp-content\/uploads\/2021\/08\/image_Garden-in-the-rue-Cortot-Renoir_680-scaled.jpg","contentUrl":"https:\/\/svetslik.si\/wp-content\/uploads\/2021\/08\/image_Garden-in-the-rue-Cortot-Renoir_680-scaled.jpg","width":1617,"height":2560,"caption":"Pierre A. Renoir - Garden in the rue Cortot - reproduction of famous painting by famous artist, hand painted painting on canvas"},{"@type":"BreadcrumbList","@id":"https:\/\/svetslik.si\/en\/pierre-a-renoir-en\/garden-in-the-rue-cortot\/#breadcrumb","itemListElement":[{"@type":"ListItem","position":1,"name":"Wall art and paintings on canvas","item":"https:\/\/svetslik.si\/en\/"},{"@type":"ListItem","position":2,"name":"Sale of paintings","item":"https:\/\/svetslik.si\/prodaja-slik\/"},{"@type":"ListItem","position":3,"name":"Pierre A. Renoir &#8211; Garden in the rue Cortot"}]},{"@type":"WebSite","@id":"https:\/\/svetslik.si\/en\/#website","url":"https:\/\/svetslik.si\/en\/","name":"SVETSLIK.SI","description":"100% ru\u010dno naslikane reprodukcije slika poznatih slikara in umjetni\u010dke zidne slike na platnu.","publisher":{"@id":"https:\/\/svetslik.si\/en\/#organization"},"potentialAction":[{"@type":"SearchAction","target":{"@type":"EntryPoint","urlTemplate":"https:\/\/svetslik.si\/en\/?s={search_term_string}"},"query-input":{"@type":"PropertyValueSpecification","valueRequired":true,"valueName":"search_term_string"}}],"inLanguage":"en-US"},{"@type":"Organization","@id":"https:\/\/svetslik.si\/en\/#organization","name":"SvetSlik.si","url":"https:\/\/svetslik.si\/en\/","logo":{"@type":"ImageObject","inLanguage":"en-US","@id":"https:\/\/svetslik.si\/en\/#\/schema\/logo\/image\/","url":"https:\/\/svetslik.si\/wp-content\/uploads\/2020\/12\/logo-512.png","contentUrl":"https:\/\/svetslik.si\/wp-content\/uploads\/2020\/12\/logo-512.png","width":512,"height":512,"caption":"SvetSlik.si"},"image":{"@id":"https:\/\/svetslik.si\/en\/#\/schema\/logo\/image\/"},"sameAs":["https:\/\/www.facebook.com\/svetslik.si","https:\/\/x.com\/svetslik","https:\/\/www.instagram.com\/svetslik.si\/","https:\/\/www.linkedin.com\/company\/svetslik-si"]}]},"og_availability":"backorder","product_availability":"available for order","product_retailer_item_id":"344__","product_condition":"new"},"jetpack_sharing_enabled":true,"_links":{"self":[{"href":"https:\/\/svetslik.si\/en\/wp-json\/wp\/v2\/product\/83319","targetHints":{"allow":["GET"]}}],"collection":[{"href":"https:\/\/svetslik.si\/en\/wp-json\/wp\/v2\/product"}],"about":[{"href":"https:\/\/svetslik.si\/en\/wp-json\/wp\/v2\/types\/product"}],"wp:featuredmedia":[{"embeddable":true,"href":"https:\/\/svetslik.si\/en\/wp-json\/wp\/v2\/media\/78754"}],"wp:attachment":[{"href":"https:\/\/svetslik.si\/en\/wp-json\/wp\/v2\/media?parent=83319"}],"wp:term":[{"taxonomy":"product_brand","embeddable":true,"href":"https:\/\/svetslik.si\/en\/wp-json\/wp\/v2\/product_brand?post=83319"},{"taxonomy":"product_cat","embeddable":true,"href":"https:\/\/svetslik.si\/en\/wp-json\/wp\/v2\/product_cat?post=83319"},{"taxonomy":"product_tag","embeddable":true,"href":"https:\/\/svetslik.si\/en\/wp-json\/wp\/v2\/product_tag?post=83319"}],"curies":[{"name":"wp","href":"https:\/\/api.w.org\/{rel}","templated":true}]}}