{"id":83355,"date":"2021-09-02T18:00:15","date_gmt":"2021-09-02T16:00:15","guid":{"rendered":"https:\/\/svetslik.si\/uncategorized\/apparatus-and-hand\/"},"modified":"2026-03-22T20:07:44","modified_gmt":"2026-03-22T19:07:44","slug":"apparatus-and-hand","status":"publish","type":"product","link":"https:\/\/svetslik.si\/en\/salvador-dali-en\/apparatus-and-hand\/","title":{"rendered":"Salvador Dali &#8211; Apparatus and Hand"},"content":{"rendered":"<div class=\"wpb-content-wrapper\">[vc_row css=&#8221;.vc_custom_1755589697941{margin-bottom: 5px !important;}&#8221;][vc_column]\t<div class=\"et-image-865 et-image     et_image_link\">\n\t\t<div class=\"et-image-inner \">\n\t\t\t\t\t\t\t<div class=\"et-image-thumb \">\n\t\t\t\t\t<img decoding=\"async\" width=\"1500\" height=\"1797\" src=\"https:\/\/svetslik.si\/wp-content\/uploads\/2021\/09\/Salvador-Dali-\u2013-Apparatus-and-Hand-umetniska-slika-na-platnu.jpg\" class=\"attachment-full\" alt=\"Salvador Dali - Apparatus and Hand\" title=\"Salvador Dali - Apparatus and Hand\" srcset=\"https:\/\/svetslik.si\/wp-content\/uploads\/2021\/09\/Salvador-Dali-\u2013-Apparatus-and-Hand-umetniska-slika-na-platnu.jpg 1500w, https:\/\/svetslik.si\/wp-content\/uploads\/2021\/09\/Salvador-Dali-\u2013-Apparatus-and-Hand-umetniska-slika-na-platnu-600x719.jpg 600w, https:\/\/svetslik.si\/wp-content\/uploads\/2021\/09\/Salvador-Dali-\u2013-Apparatus-and-Hand-umetniska-slika-na-platnu-1200x1438.jpg 1200w, https:\/\/svetslik.si\/wp-content\/uploads\/2021\/09\/Salvador-Dali-\u2013-Apparatus-and-Hand-umetniska-slika-na-platnu-250x300.jpg 250w, https:\/\/svetslik.si\/wp-content\/uploads\/2021\/09\/Salvador-Dali-\u2013-Apparatus-and-Hand-umetniska-slika-na-platnu-855x1024.jpg 855w, https:\/\/svetslik.si\/wp-content\/uploads\/2021\/09\/Salvador-Dali-\u2013-Apparatus-and-Hand-umetniska-slika-na-platnu-768x920.jpg 768w, https:\/\/svetslik.si\/wp-content\/uploads\/2021\/09\/Salvador-Dali-\u2013-Apparatus-and-Hand-umetniska-slika-na-platnu-1282x1536.jpg 1282w, https:\/\/svetslik.si\/wp-content\/uploads\/2021\/09\/Salvador-Dali-\u2013-Apparatus-and-Hand-umetniska-slika-na-platnu-125x150.jpg 125w\" sizes=\"(max-width: 1500px) 100vw, 1500px\" \/>\t\t\t\t<\/div>\n\t\t\t\t\t\t\t\t\t\t\t<\/div>\n\t<\/div>\n  [\/vc_column][\/vc_row][vc_row css=&#8221;.vc_custom_1755589697941{margin-bottom: 5px !important;}&#8221;][vc_column]\t<div class=\"et-image-565 et-image     et_image_link\">\n\t\t<div class=\"et-image-inner \">\n\t\t\t\t\t\t\t<div class=\"et-image-thumb \">\n\t\t\t\t\t<img decoding=\"async\" width=\"1500\" height=\"1125\" src=\"https:\/\/svetslik.si\/wp-content\/uploads\/2021\/09\/Salvador-Dali-\u2013-Apparatus-and-Hand-umetniska-slika-na-platnu-3.jpg\" class=\"attachment-full\" alt=\"Salvador Dali - Apparatus and Hand\" title=\"Salvador Dali - Apparatus and Hand\" srcset=\"https:\/\/svetslik.si\/wp-content\/uploads\/2021\/09\/Salvador-Dali-\u2013-Apparatus-and-Hand-umetniska-slika-na-platnu-3.jpg 1500w, https:\/\/svetslik.si\/wp-content\/uploads\/2021\/09\/Salvador-Dali-\u2013-Apparatus-and-Hand-umetniska-slika-na-platnu-3-600x450.jpg 600w, https:\/\/svetslik.si\/wp-content\/uploads\/2021\/09\/Salvador-Dali-\u2013-Apparatus-and-Hand-umetniska-slika-na-platnu-3-1200x900.jpg 1200w, https:\/\/svetslik.si\/wp-content\/uploads\/2021\/09\/Salvador-Dali-\u2013-Apparatus-and-Hand-umetniska-slika-na-platnu-3-300x225.jpg 300w, https:\/\/svetslik.si\/wp-content\/uploads\/2021\/09\/Salvador-Dali-\u2013-Apparatus-and-Hand-umetniska-slika-na-platnu-3-1024x768.jpg 1024w, https:\/\/svetslik.si\/wp-content\/uploads\/2021\/09\/Salvador-Dali-\u2013-Apparatus-and-Hand-umetniska-slika-na-platnu-3-768x576.jpg 768w, https:\/\/svetslik.si\/wp-content\/uploads\/2021\/09\/Salvador-Dali-\u2013-Apparatus-and-Hand-umetniska-slika-na-platnu-3-150x113.jpg 150w\" sizes=\"(max-width: 1500px) 100vw, 1500px\" \/>\t\t\t\t<\/div>\n\t\t\t\t\t\t\t\t\t\t\t<\/div>\n\t<\/div>\n  [\/vc_column][\/vc_row][vc_row css=&#8221;.vc_custom_1755589697941{margin-bottom: 5px !important;}&#8221;][vc_column]\t<div class=\"et-image-756 et-image     et_image_link\">\n\t\t<div class=\"et-image-inner \">\n\t\t\t\t\t\t\t<div class=\"et-image-thumb \">\n\t\t\t\t\t<img decoding=\"async\" width=\"1500\" height=\"1856\" src=\"https:\/\/svetslik.si\/wp-content\/uploads\/2021\/09\/Salvador-Dali-\u2013-Apparatus-and-Hand-umetniska-slika-na-platnu-1.jpg\" class=\"attachment-full\" alt=\"Salvador Dali - Apparatus and Hand\" title=\"Salvador Dali - Apparatus and Hand\" srcset=\"https:\/\/svetslik.si\/wp-content\/uploads\/2021\/09\/Salvador-Dali-\u2013-Apparatus-and-Hand-umetniska-slika-na-platnu-1.jpg 1500w, https:\/\/svetslik.si\/wp-content\/uploads\/2021\/09\/Salvador-Dali-\u2013-Apparatus-and-Hand-umetniska-slika-na-platnu-1-600x742.jpg 600w, https:\/\/svetslik.si\/wp-content\/uploads\/2021\/09\/Salvador-Dali-\u2013-Apparatus-and-Hand-umetniska-slika-na-platnu-1-1200x1485.jpg 1200w, https:\/\/svetslik.si\/wp-content\/uploads\/2021\/09\/Salvador-Dali-\u2013-Apparatus-and-Hand-umetniska-slika-na-platnu-1-242x300.jpg 242w, https:\/\/svetslik.si\/wp-content\/uploads\/2021\/09\/Salvador-Dali-\u2013-Apparatus-and-Hand-umetniska-slika-na-platnu-1-828x1024.jpg 828w, https:\/\/svetslik.si\/wp-content\/uploads\/2021\/09\/Salvador-Dali-\u2013-Apparatus-and-Hand-umetniska-slika-na-platnu-1-768x950.jpg 768w, https:\/\/svetslik.si\/wp-content\/uploads\/2021\/09\/Salvador-Dali-\u2013-Apparatus-and-Hand-umetniska-slika-na-platnu-1-1241x1536.jpg 1241w, https:\/\/svetslik.si\/wp-content\/uploads\/2021\/09\/Salvador-Dali-\u2013-Apparatus-and-Hand-umetniska-slika-na-platnu-1-121x150.jpg 121w\" sizes=\"(max-width: 1500px) 100vw, 1500px\" \/>\t\t\t\t<\/div>\n\t\t\t\t\t\t\t\t\t\t\t<\/div>\n\t<\/div>\n  [\/vc_column][\/vc_row][vc_row css=&#8221;.vc_custom_1755589697941{margin-bottom: 5px !important;}&#8221;][vc_column]\t<div class=\"et-image-283 et-image     et_image_link\">\n\t\t<div class=\"et-image-inner \">\n\t\t\t\t\t\t\t<div class=\"et-image-thumb \">\n\t\t\t\t\t<img decoding=\"async\" width=\"1500\" height=\"1125\" src=\"https:\/\/svetslik.si\/wp-content\/uploads\/2021\/09\/Salvador-Dali-\u2013-Apparatus-and-Hand-umetniska-slika-na-platnu-4.jpg\" class=\"attachment-full\" alt=\"Salvador Dali - Apparatus and Hand\" title=\"Salvador Dali - Apparatus and Hand\" srcset=\"https:\/\/svetslik.si\/wp-content\/uploads\/2021\/09\/Salvador-Dali-\u2013-Apparatus-and-Hand-umetniska-slika-na-platnu-4.jpg 1500w, https:\/\/svetslik.si\/wp-content\/uploads\/2021\/09\/Salvador-Dali-\u2013-Apparatus-and-Hand-umetniska-slika-na-platnu-4-600x450.jpg 600w, https:\/\/svetslik.si\/wp-content\/uploads\/2021\/09\/Salvador-Dali-\u2013-Apparatus-and-Hand-umetniska-slika-na-platnu-4-1200x900.jpg 1200w, https:\/\/svetslik.si\/wp-content\/uploads\/2021\/09\/Salvador-Dali-\u2013-Apparatus-and-Hand-umetniska-slika-na-platnu-4-300x225.jpg 300w, https:\/\/svetslik.si\/wp-content\/uploads\/2021\/09\/Salvador-Dali-\u2013-Apparatus-and-Hand-umetniska-slika-na-platnu-4-1024x768.jpg 1024w, https:\/\/svetslik.si\/wp-content\/uploads\/2021\/09\/Salvador-Dali-\u2013-Apparatus-and-Hand-umetniska-slika-na-platnu-4-768x576.jpg 768w, https:\/\/svetslik.si\/wp-content\/uploads\/2021\/09\/Salvador-Dali-\u2013-Apparatus-and-Hand-umetniska-slika-na-platnu-4-150x113.jpg 150w\" sizes=\"(max-width: 1500px) 100vw, 1500px\" \/>\t\t\t\t<\/div>\n\t\t\t\t\t\t\t\t\t\t\t<\/div>\n\t<\/div>\n  [\/vc_column][\/vc_row][vc_row css=&#8221;.vc_custom_1755589697941{margin-bottom: 5px !important;}&#8221;][vc_column]\t<div class=\"et-image-427 et-image     et_image_link\">\n\t\t<div class=\"et-image-inner \">\n\t\t\t\t\t\t\t<div class=\"et-image-thumb \">\n\t\t\t\t\t<img decoding=\"async\" width=\"1500\" height=\"1125\" src=\"https:\/\/svetslik.si\/wp-content\/uploads\/2021\/09\/Salvador-Dali-\u2013-Apparatus-and-Hand-umetniska-slika-na-platnu-5.jpg\" class=\"attachment-full\" alt=\"Salvador Dali - Apparatus and Hand\" title=\"Salvador Dali - Apparatus and Hand\" srcset=\"https:\/\/svetslik.si\/wp-content\/uploads\/2021\/09\/Salvador-Dali-\u2013-Apparatus-and-Hand-umetniska-slika-na-platnu-5.jpg 1500w, https:\/\/svetslik.si\/wp-content\/uploads\/2021\/09\/Salvador-Dali-\u2013-Apparatus-and-Hand-umetniska-slika-na-platnu-5-600x450.jpg 600w, https:\/\/svetslik.si\/wp-content\/uploads\/2021\/09\/Salvador-Dali-\u2013-Apparatus-and-Hand-umetniska-slika-na-platnu-5-1200x900.jpg 1200w, https:\/\/svetslik.si\/wp-content\/uploads\/2021\/09\/Salvador-Dali-\u2013-Apparatus-and-Hand-umetniska-slika-na-platnu-5-300x225.jpg 300w, https:\/\/svetslik.si\/wp-content\/uploads\/2021\/09\/Salvador-Dali-\u2013-Apparatus-and-Hand-umetniska-slika-na-platnu-5-1024x768.jpg 1024w, https:\/\/svetslik.si\/wp-content\/uploads\/2021\/09\/Salvador-Dali-\u2013-Apparatus-and-Hand-umetniska-slika-na-platnu-5-768x576.jpg 768w, https:\/\/svetslik.si\/wp-content\/uploads\/2021\/09\/Salvador-Dali-\u2013-Apparatus-and-Hand-umetniska-slika-na-platnu-5-150x113.jpg 150w\" sizes=\"(max-width: 1500px) 100vw, 1500px\" \/>\t\t\t\t<\/div>\n\t\t\t\t\t\t\t\t\t\t\t<\/div>\n\t<\/div>\n  [\/vc_column][\/vc_row][vc_row][vc_column][vc_column_text]\n<h1>Salvador Dali &#8211; Apparatus and Hand<\/h1>\n<p>&nbsp;<\/p>\n<table style=\"width: 673px;\" border=\"0\" width=\"673\" cellspacing=\"0\" cellpadding=\"0\">\n<tbody>\n<tr>\n<td style=\"width: 180px; height: 21px;\" height=\"21\">Year of Creation:<\/td>\n<td style=\"width: 493px;\">1927<\/td>\n<\/tr>\n<tr>\n<td style=\"width: 180px; height: 21px;\" height=\"21\">Original size:<\/td>\n<td style=\"width: 493px;\">47.5 cm x 62 cm<\/td>\n<\/tr>\n<tr>\n<td style=\"width: 180px; height: 21px;\" height=\"21\">Paint style:<\/td>\n<td>\n<div>\n<div>\n<div>\n<div>\n<div>Surrealism<\/div>\n<\/div>\n<\/div>\n<\/div>\n<\/div>\n<\/td>\n<\/tr>\n<tr>\n<td style=\"width: 180px; height: 21px;\" height=\"21\">Original technique:<\/td>\n<td>Oil on canvas<\/td>\n<\/tr>\n<tr>\n<td style=\"width: 180px; height: 21px;\" height=\"21\">Located:<\/td>\n<td>Salvador Dal\u00ed Museum, St. Petersburg, Florida<\/td>\n<\/tr>\n<\/tbody>\n<colgroup>\n<col \/>\n<col \/> <\/colgroup>\n<\/table>\n<p>The painting &#8220;The Apparatus and the Hand&#8221; by Salvador Dal\u00ed is a surprising and surreal work of art that shows the artist&#8217;s unique style and imagination. This painting is a perfect example of Dal\u00ed&#8217;s ability to evoke a sense of anxiety and confusion in the viewer.<\/p>\n<p>The image shows a hand with an hour hand on the palm holding various mechanical objects, including gears and a microscope. The hand and objects float in the void with a black background. A wristwatch creates a sense of time and movement, while mechanical objects suggest a sense of technology and progress.<\/p>\n<p>Dal\u00ed&#8217;s use of symbolism in &#8220;The Apparatus and the Hand&#8221; is thought to reflect his interest in the relationship between man and machine and the impact of technology on the human experience. The hand, a symbol of human touch and interaction, holds a clock and mechanical objects that represent the ever-advancing technology that surrounds us. The image can be interpreted as a commentary on the increasing dependence on technology and the resulting potential loss of human connection.<\/p>\n<p>The painting is considered a masterpiece of surrealism and is highly valued by collectors and art lovers. It is also considered the best example of Dal\u00ed&#8217;s ability to create a sense of anxiety and confusion in the viewer. The painting is located in several museums around the world and is available for viewing by the general public.<\/p>\n<p>In conclusion, &#8220;The Apparatus and the Hand&#8221; is a surprising and surreal work of art that shows the unique style and imagination of Salvador Dali. It is a prime example of Dal\u00ed&#8217;s ability to evoke a sense of anxiety and confusion in the viewer, and reflects his interest in the relationship between man and machine and the impact of technology on the human experience. If you have the chance, we highly recommend you visit the museum to see this painting live, as it is a true work of art that must be seen to be fully appreciated.<\/p>\n<\/div>","protected":false},"excerpt":{"rendered":"<p>[vc_row css=&#8221;.vc_custom_1755589697941{margin-bottom: 5px !important;}&#8221;][vc_column][\/vc_column][\/vc_row][vc_row css=&#8221;.vc_custom_1755589697941{margin-bottom: 5px !important;}&#8221;][vc_column][\/vc_column][\/vc_row][vc_row css=&#8221;.vc_custom_1755589697941{margin-bottom: 5px !important;}&#8221;][vc_column][\/vc_column][\/vc_row][vc_row css=&#8221;.vc_custom_1755589697941{margin-bottom: 5px !important;}&#8221;][vc_column][\/vc_column][\/vc_row][vc_row css=&#8221;.vc_custom_1755589697941{margin-bottom: 5px !important;}&#8221;][vc_column][\/vc_column][\/vc_row][vc_row][vc_column][vc_column_text] Salvador Dali &#8211; Apparatus and Hand &nbsp; Year of Creation: 1927 Original size: 47.5 cm x 62 cm Paint style: Surrealism Original technique: Oil on canvas Located: Salvador Dal\u00ed Museum, St. Petersburg, Florida The [&hellip;]<\/p>\n","protected":false},"featured_media":78493,"template":"","meta":{"_acf_changed":false},"product_brand":[],"product_cat":[9799],"product_tag":[9830,9870,9862,9863,9868],"class_list":{"0":"post-83355","1":"product","2":"type-product","3":"status-publish","4":"has-post-thumbnail","6":"product_cat-salvador-dali-en","7":"product_tag-dali-en","8":"product_tag-painter","9":"product_tag-reproduction-en","10":"product_tag-reproductions","11":"product_tag-salvador-dali-en","12":"pa_dimenzija-100-x-130-cm","13":"pa_dimenzija-120-x-160-cm","14":"pa_dimenzija-150-x-200-cm","15":"pa_dimenzija-40-x-50-cm","16":"pa_dimenzija-48-x-62-cm","17":"pa_dimenzija-60-x-80-cm","18":"pa_dimenzija-70-x-90-cm","19":"pa_dimenzija-80-x-100-cm","20":"pa_oblika-vertical","21":"pa_okvir-without-frame","22":"pa_podokvir-without","23":"pa_podokvir-yes","25":"first","26":"onbackorder","27":"purchasable","28":"product-type-variable","29":"has-default-attributes"},"acf":[],"yoast_head":"<!-- This site is optimized with the Yoast SEO Premium plugin v26.0 (Yoast SEO v27.2) - https:\/\/yoast.com\/product\/yoast-seo-premium-wordpress\/ -->\n<title>Salvador Dali - Apparatus and Hand - SVETSLIK.SI - 100% hand painted<\/title>\n<meta name=\"description\" content=\"Salvador Dali - Apparatus and Hand - 100% hand-painted reproduction of famous paintings by famous artists. Wall art, abstract paintings and custom painted paintings by order.\" \/>\n<meta name=\"robots\" content=\"index, follow, max-snippet:-1, max-image-preview:large, max-video-preview:-1\" \/>\n<link rel=\"canonical\" href=\"https:\/\/svetslik.si\/en\/salvador-dali-en\/apparatus-and-hand\/\" \/>\n<meta property=\"og:locale\" content=\"en_US\" \/>\n<meta property=\"og:type\" content=\"article\" \/>\n<meta property=\"og:title\" content=\"Salvador Dali - Apparatus and Hand\" \/>\n<meta property=\"og:description\" content=\"100% ro\u010dno naslikane slike na platnu, reprodukcije znanih slikarjev in umetni\u0161ke slike po naro\u010dilu.\" \/>\n<meta property=\"og:url\" content=\"https:\/\/svetslik.si\/en\/salvador-dali-en\/apparatus-and-hand\/\" \/>\n<meta property=\"og:site_name\" content=\"SVETSLIK.SI\" \/>\n<meta property=\"article:publisher\" content=\"https:\/\/www.facebook.com\/svetslik.si\" \/>\n<meta property=\"article:modified_time\" content=\"2026-03-22T19:07:44+00:00\" \/>\n<meta property=\"og:image\" content=\"https:\/\/svetslik.si\/wp-content\/uploads\/2021\/08\/image_Apparatus-and-Hand_680.jpg\" \/>\n\t<meta property=\"og:image:width\" content=\"1040\" \/>\n\t<meta property=\"og:image:height\" content=\"1259\" \/>\n\t<meta property=\"og:image:type\" content=\"image\/jpeg\" \/>\n<meta name=\"twitter:card\" content=\"summary_large_image\" \/>\n<meta name=\"twitter:site\" content=\"@svetslik\" \/>\n<meta name=\"twitter:label1\" content=\"Availability\" \/>\n\t<meta name=\"twitter:data1\" content=\"On backorder\" \/>\n<script type=\"application\/ld+json\" class=\"yoast-schema-graph\">{\"@context\":\"https:\/\/schema.org\",\"@graph\":[{\"@type\":[\"WebPage\",\"ItemPage\"],\"@id\":\"https:\/\/svetslik.si\/en\/salvador-dali-en\/apparatus-and-hand\/\",\"url\":\"https:\/\/svetslik.si\/en\/salvador-dali-en\/apparatus-and-hand\/\",\"name\":\"Salvador Dali - Apparatus and Hand - SVETSLIK.SI - 100% hand painted\",\"isPartOf\":{\"@id\":\"https:\/\/svetslik.si\/en\/#website\"},\"primaryImageOfPage\":{\"@id\":\"https:\/\/svetslik.si\/en\/salvador-dali-en\/apparatus-and-hand\/#primaryimage\"},\"image\":{\"@id\":\"https:\/\/svetslik.si\/en\/salvador-dali-en\/apparatus-and-hand\/#primaryimage\"},\"thumbnailUrl\":\"https:\/\/svetslik.si\/wp-content\/uploads\/2021\/08\/image_Apparatus-and-Hand_680.jpg\",\"datePublished\":\"2021-09-02T16:00:15+00:00\",\"dateModified\":\"2026-03-22T19:07:44+00:00\",\"description\":\"Salvador Dali - Apparatus and Hand - 100% hand-painted reproduction of famous paintings by famous artists. Wall art, abstract paintings and custom painted paintings by order.\",\"breadcrumb\":{\"@id\":\"https:\/\/svetslik.si\/en\/salvador-dali-en\/apparatus-and-hand\/#breadcrumb\"},\"inLanguage\":\"en-US\",\"potentialAction\":[{\"@type\":\"ReadAction\",\"target\":[\"https:\/\/svetslik.si\/en\/salvador-dali-en\/apparatus-and-hand\/\"]}]},{\"@type\":\"ImageObject\",\"inLanguage\":\"en-US\",\"@id\":\"https:\/\/svetslik.si\/en\/salvador-dali-en\/apparatus-and-hand\/#primaryimage\",\"url\":\"https:\/\/svetslik.si\/wp-content\/uploads\/2021\/08\/image_Apparatus-and-Hand_680.jpg\",\"contentUrl\":\"https:\/\/svetslik.si\/wp-content\/uploads\/2021\/08\/image_Apparatus-and-Hand_680.jpg\",\"width\":1040,\"height\":1259,\"caption\":\"Salvador Dali - Apparatus and Hand - reproduction of famous painting by famous artist, hand painted painting on canvas - oil painting\"},{\"@type\":\"BreadcrumbList\",\"@id\":\"https:\/\/svetslik.si\/en\/salvador-dali-en\/apparatus-and-hand\/#breadcrumb\",\"itemListElement\":[{\"@type\":\"ListItem\",\"position\":1,\"name\":\"Wall art and paintings on canvas\",\"item\":\"https:\/\/svetslik.si\/en\/\"},{\"@type\":\"ListItem\",\"position\":2,\"name\":\"Sale of paintings\",\"item\":\"https:\/\/svetslik.si\/prodaja-slik\/\"},{\"@type\":\"ListItem\",\"position\":3,\"name\":\"Salvador Dali &#8211; Apparatus and Hand\"}]},{\"@type\":\"WebSite\",\"@id\":\"https:\/\/svetslik.si\/en\/#website\",\"url\":\"https:\/\/svetslik.si\/en\/\",\"name\":\"SVETSLIK.SI\",\"description\":\"100% ru\u010dno naslikane reprodukcije slika poznatih slikara in umjetni\u010dke zidne slike na platnu.\",\"publisher\":{\"@id\":\"https:\/\/svetslik.si\/en\/#organization\"},\"potentialAction\":[{\"@type\":\"SearchAction\",\"target\":{\"@type\":\"EntryPoint\",\"urlTemplate\":\"https:\/\/svetslik.si\/en\/?s={search_term_string}\"},\"query-input\":{\"@type\":\"PropertyValueSpecification\",\"valueRequired\":true,\"valueName\":\"search_term_string\"}}],\"inLanguage\":\"en-US\"},{\"@type\":\"Organization\",\"@id\":\"https:\/\/svetslik.si\/en\/#organization\",\"name\":\"SvetSlik.si\",\"url\":\"https:\/\/svetslik.si\/en\/\",\"logo\":{\"@type\":\"ImageObject\",\"inLanguage\":\"en-US\",\"@id\":\"https:\/\/svetslik.si\/en\/#\/schema\/logo\/image\/\",\"url\":\"https:\/\/svetslik.si\/wp-content\/uploads\/2020\/12\/logo-512.png\",\"contentUrl\":\"https:\/\/svetslik.si\/wp-content\/uploads\/2020\/12\/logo-512.png\",\"width\":512,\"height\":512,\"caption\":\"SvetSlik.si\"},\"image\":{\"@id\":\"https:\/\/svetslik.si\/en\/#\/schema\/logo\/image\/\"},\"sameAs\":[\"https:\/\/www.facebook.com\/svetslik.si\",\"https:\/\/x.com\/svetslik\",\"https:\/\/www.instagram.com\/svetslik.si\/\",\"https:\/\/www.linkedin.com\/company\/svetslik-si\"]}]}<\/script>\n<meta property=\"og:availability\" content=\"backorder\" \/>\n<meta property=\"product:availability\" content=\"available for order\" \/>\n<meta property=\"product:retailer_item_id\" content=\"348__\" \/>\n<meta property=\"product:condition\" content=\"new\" \/>\n<!-- \/ Yoast SEO Premium plugin. -->","yoast_head_json":{"title":"Salvador Dali - Apparatus and Hand - SVETSLIK.SI - 100% hand painted","description":"Salvador Dali - Apparatus and Hand - 100% hand-painted reproduction of famous paintings by famous artists. Wall art, abstract paintings and custom painted paintings by order.","robots":{"index":"index","follow":"follow","max-snippet":"max-snippet:-1","max-image-preview":"max-image-preview:large","max-video-preview":"max-video-preview:-1"},"canonical":"https:\/\/svetslik.si\/en\/salvador-dali-en\/apparatus-and-hand\/","og_locale":"en_US","og_type":"article","og_title":"Salvador Dali - Apparatus and Hand","og_description":"100% ro\u010dno naslikane slike na platnu, reprodukcije znanih slikarjev in umetni\u0161ke slike po naro\u010dilu.","og_url":"https:\/\/svetslik.si\/en\/salvador-dali-en\/apparatus-and-hand\/","og_site_name":"SVETSLIK.SI","article_publisher":"https:\/\/www.facebook.com\/svetslik.si","article_modified_time":"2026-03-22T19:07:44+00:00","og_image":[{"width":1040,"height":1259,"url":"https:\/\/svetslik.si\/wp-content\/uploads\/2021\/08\/image_Apparatus-and-Hand_680.jpg","type":"image\/jpeg"}],"twitter_card":"summary_large_image","twitter_site":"@svetslik","twitter_misc":{"Availability":"On backorder"},"schema":{"@context":"https:\/\/schema.org","@graph":[{"@type":["WebPage","ItemPage"],"@id":"https:\/\/svetslik.si\/en\/salvador-dali-en\/apparatus-and-hand\/","url":"https:\/\/svetslik.si\/en\/salvador-dali-en\/apparatus-and-hand\/","name":"Salvador Dali - Apparatus and Hand - SVETSLIK.SI - 100% hand painted","isPartOf":{"@id":"https:\/\/svetslik.si\/en\/#website"},"primaryImageOfPage":{"@id":"https:\/\/svetslik.si\/en\/salvador-dali-en\/apparatus-and-hand\/#primaryimage"},"image":{"@id":"https:\/\/svetslik.si\/en\/salvador-dali-en\/apparatus-and-hand\/#primaryimage"},"thumbnailUrl":"https:\/\/svetslik.si\/wp-content\/uploads\/2021\/08\/image_Apparatus-and-Hand_680.jpg","datePublished":"2021-09-02T16:00:15+00:00","dateModified":"2026-03-22T19:07:44+00:00","description":"Salvador Dali - Apparatus and Hand - 100% hand-painted reproduction of famous paintings by famous artists. Wall art, abstract paintings and custom painted paintings by order.","breadcrumb":{"@id":"https:\/\/svetslik.si\/en\/salvador-dali-en\/apparatus-and-hand\/#breadcrumb"},"inLanguage":"en-US","potentialAction":[{"@type":"ReadAction","target":["https:\/\/svetslik.si\/en\/salvador-dali-en\/apparatus-and-hand\/"]}]},{"@type":"ImageObject","inLanguage":"en-US","@id":"https:\/\/svetslik.si\/en\/salvador-dali-en\/apparatus-and-hand\/#primaryimage","url":"https:\/\/svetslik.si\/wp-content\/uploads\/2021\/08\/image_Apparatus-and-Hand_680.jpg","contentUrl":"https:\/\/svetslik.si\/wp-content\/uploads\/2021\/08\/image_Apparatus-and-Hand_680.jpg","width":1040,"height":1259,"caption":"Salvador Dali - Apparatus and Hand - reproduction of famous painting by famous artist, hand painted painting on canvas - oil painting"},{"@type":"BreadcrumbList","@id":"https:\/\/svetslik.si\/en\/salvador-dali-en\/apparatus-and-hand\/#breadcrumb","itemListElement":[{"@type":"ListItem","position":1,"name":"Wall art and paintings on canvas","item":"https:\/\/svetslik.si\/en\/"},{"@type":"ListItem","position":2,"name":"Sale of paintings","item":"https:\/\/svetslik.si\/prodaja-slik\/"},{"@type":"ListItem","position":3,"name":"Salvador Dali &#8211; Apparatus and Hand"}]},{"@type":"WebSite","@id":"https:\/\/svetslik.si\/en\/#website","url":"https:\/\/svetslik.si\/en\/","name":"SVETSLIK.SI","description":"100% ru\u010dno naslikane reprodukcije slika poznatih slikara in umjetni\u010dke zidne slike na platnu.","publisher":{"@id":"https:\/\/svetslik.si\/en\/#organization"},"potentialAction":[{"@type":"SearchAction","target":{"@type":"EntryPoint","urlTemplate":"https:\/\/svetslik.si\/en\/?s={search_term_string}"},"query-input":{"@type":"PropertyValueSpecification","valueRequired":true,"valueName":"search_term_string"}}],"inLanguage":"en-US"},{"@type":"Organization","@id":"https:\/\/svetslik.si\/en\/#organization","name":"SvetSlik.si","url":"https:\/\/svetslik.si\/en\/","logo":{"@type":"ImageObject","inLanguage":"en-US","@id":"https:\/\/svetslik.si\/en\/#\/schema\/logo\/image\/","url":"https:\/\/svetslik.si\/wp-content\/uploads\/2020\/12\/logo-512.png","contentUrl":"https:\/\/svetslik.si\/wp-content\/uploads\/2020\/12\/logo-512.png","width":512,"height":512,"caption":"SvetSlik.si"},"image":{"@id":"https:\/\/svetslik.si\/en\/#\/schema\/logo\/image\/"},"sameAs":["https:\/\/www.facebook.com\/svetslik.si","https:\/\/x.com\/svetslik","https:\/\/www.instagram.com\/svetslik.si\/","https:\/\/www.linkedin.com\/company\/svetslik-si"]}]},"og_availability":"backorder","product_availability":"available for order","product_retailer_item_id":"348__","product_condition":"new"},"jetpack_sharing_enabled":true,"_links":{"self":[{"href":"https:\/\/svetslik.si\/en\/wp-json\/wp\/v2\/product\/83355","targetHints":{"allow":["GET"]}}],"collection":[{"href":"https:\/\/svetslik.si\/en\/wp-json\/wp\/v2\/product"}],"about":[{"href":"https:\/\/svetslik.si\/en\/wp-json\/wp\/v2\/types\/product"}],"wp:featuredmedia":[{"embeddable":true,"href":"https:\/\/svetslik.si\/en\/wp-json\/wp\/v2\/media\/78493"}],"wp:attachment":[{"href":"https:\/\/svetslik.si\/en\/wp-json\/wp\/v2\/media?parent=83355"}],"wp:term":[{"taxonomy":"product_brand","embeddable":true,"href":"https:\/\/svetslik.si\/en\/wp-json\/wp\/v2\/product_brand?post=83355"},{"taxonomy":"product_cat","embeddable":true,"href":"https:\/\/svetslik.si\/en\/wp-json\/wp\/v2\/product_cat?post=83355"},{"taxonomy":"product_tag","embeddable":true,"href":"https:\/\/svetslik.si\/en\/wp-json\/wp\/v2\/product_tag?post=83355"}],"curies":[{"name":"wp","href":"https:\/\/api.w.org\/{rel}","templated":true}]}}