{"id":83400,"date":"2021-09-02T18:00:44","date_gmt":"2021-09-02T16:00:44","guid":{"rendered":"https:\/\/svetslik.si\/uncategorized\/study-for-the-dream-sequence-in-spellbound\/"},"modified":"2026-03-22T20:08:33","modified_gmt":"2026-03-22T19:08:33","slug":"study-for-the-dream-sequence-in-spellbound","status":"publish","type":"product","link":"https:\/\/svetslik.si\/en\/salvador-dali-en\/study-for-the-dream-sequence-in-spellbound\/","title":{"rendered":"Salvador Dali &#8211; Study for the dream sequence in Spellbound"},"content":{"rendered":"<div class=\"wpb-content-wrapper\">[vc_row][vc_column][vc_column_text css=&#8221;&#8221;]\n<p data-pm-slice=\"1 1 []\"><div class=\"yt-lazy-video ratio-square\" data-id=\"H23bhGRfVzA\"><\/div>\n[\/vc_column][\/vc_row][vc_row css=&#8221;.vc_custom_1714247889896{margin-bottom: 10px !important;}&#8221;][vc_column]\t<div class=\"et-image-421 et-image     et_image_link\">\n\t\t<div class=\"et-image-inner \">\n\t\t\t\t\t\t\t<div class=\"et-image-thumb \">\n\t\t\t\t\t<img decoding=\"async\" width=\"1000\" height=\"1044\" src=\"https:\/\/svetslik.si\/wp-content\/uploads\/2021\/09\/Salvador-dali-study-for-the-dream-sequence-in-spellbound-2.jpg\" class=\"attachment-full\" alt=\"Salvador Dali - Study for the dream sequence in Spellbound\" title=\"Salvador Dali - Study for the dream sequence in Spellbound\" srcset=\"https:\/\/svetslik.si\/wp-content\/uploads\/2021\/09\/Salvador-dali-study-for-the-dream-sequence-in-spellbound-2.jpg 1000w, https:\/\/svetslik.si\/wp-content\/uploads\/2021\/09\/Salvador-dali-study-for-the-dream-sequence-in-spellbound-2-600x626.jpg 600w, https:\/\/svetslik.si\/wp-content\/uploads\/2021\/09\/Salvador-dali-study-for-the-dream-sequence-in-spellbound-2-287x300.jpg 287w, https:\/\/svetslik.si\/wp-content\/uploads\/2021\/09\/Salvador-dali-study-for-the-dream-sequence-in-spellbound-2-981x1024.jpg 981w, https:\/\/svetslik.si\/wp-content\/uploads\/2021\/09\/Salvador-dali-study-for-the-dream-sequence-in-spellbound-2-768x802.jpg 768w, https:\/\/svetslik.si\/wp-content\/uploads\/2021\/09\/Salvador-dali-study-for-the-dream-sequence-in-spellbound-2-144x150.jpg 144w, https:\/\/svetslik.si\/wp-content\/uploads\/2021\/09\/Salvador-dali-study-for-the-dream-sequence-in-spellbound-2-900x940.jpg 900w\" sizes=\"(max-width: 1000px) 100vw, 1000px\" \/>\t\t\t\t<\/div>\n\t\t\t\t\t\t\t\t\t\t\t<\/div>\n\t<\/div>\n  [\/vc_column][\/vc_row][vc_row css=&#8221;.vc_custom_1714247889896{margin-bottom: 10px !important;}&#8221;][vc_column]\t<div class=\"et-image-864 et-image     et_image_link\">\n\t\t<div class=\"et-image-inner \">\n\t\t\t\t\t\t\t<div class=\"et-image-thumb \">\n\t\t\t\t\t<img decoding=\"async\" width=\"1000\" height=\"1018\" src=\"https:\/\/svetslik.si\/wp-content\/uploads\/2021\/09\/Salvador-dali-study-for-the-dream-sequence-in-spellbound.jpg\" class=\"attachment-full\" alt=\"Salvador Dali - Study for the dream sequence in Spellbound\" title=\"Salvador Dali - Study for the dream sequence in Spellbound\" srcset=\"https:\/\/svetslik.si\/wp-content\/uploads\/2021\/09\/Salvador-dali-study-for-the-dream-sequence-in-spellbound.jpg 1000w, https:\/\/svetslik.si\/wp-content\/uploads\/2021\/09\/Salvador-dali-study-for-the-dream-sequence-in-spellbound-600x611.jpg 600w, https:\/\/svetslik.si\/wp-content\/uploads\/2021\/09\/Salvador-dali-study-for-the-dream-sequence-in-spellbound-295x300.jpg 295w, https:\/\/svetslik.si\/wp-content\/uploads\/2021\/09\/Salvador-dali-study-for-the-dream-sequence-in-spellbound-768x782.jpg 768w, https:\/\/svetslik.si\/wp-content\/uploads\/2021\/09\/Salvador-dali-study-for-the-dream-sequence-in-spellbound-147x150.jpg 147w, https:\/\/svetslik.si\/wp-content\/uploads\/2021\/09\/Salvador-dali-study-for-the-dream-sequence-in-spellbound-900x916.jpg 900w\" sizes=\"(max-width: 1000px) 100vw, 1000px\" \/>\t\t\t\t<\/div>\n\t\t\t\t\t\t\t\t\t\t\t<\/div>\n\t<\/div>\n  [\/vc_column][\/vc_row][vc_row][vc_column][vc_column_text]\n<h1>Salvador Dali &#8211; Study for the dream sequence in Spellbound<\/h1>\n<p>&nbsp;<\/p>\n<table style=\"width: 673px;\" border=\"0\" width=\"673\" cellspacing=\"0\" cellpadding=\"0\">\n<tbody>\n<tr>\n<td style=\"width: 180px; height: 21px;\" height=\"21\">Year of Creation:<\/td>\n<td style=\"width: 493px;\">1944<\/td>\n<\/tr>\n<tr>\n<td style=\"width: 180px; height: 21px;\" height=\"21\">Original size:<\/td>\n<td style=\"width: 493px;\">84 cm x 58.7 cm<\/td>\n<\/tr>\n<tr>\n<td style=\"width: 180px; height: 21px;\" height=\"21\">Paint style:<\/td>\n<td>\n<div>\n<div>\n<div>\n<div>\n<div>Surrealism<\/div>\n<\/div>\n<\/div>\n<\/div>\n<\/div>\n<\/td>\n<\/tr>\n<tr>\n<td style=\"width: 180px; height: 21px;\" height=\"21\">Original technique:<\/td>\n<td>Oil on canvas<\/td>\n<\/tr>\n<tr>\n<td style=\"width: 180px; height: 21px;\" height=\"21\">Located:<\/td>\n<td>Private collection<\/td>\n<\/tr>\n<\/tbody>\n<colgroup>\n<col \/>\n<col \/> <\/colgroup>\n<\/table>\n<p>The painting &#8220;Study for a dream sequence in the film Enchanted&#8221; by Salvador Dal\u00ed reflects the unique style of the surrealist artist and his ability to combine the real and the fantastic. The painting was created in 1945 as a study for a dream sequence in the Hollywood film Spellbound directed by Alfred Hitchcock.<\/p>\n<p>The painting has Dal\u00ed&#8217;s signature theme of melting clocks, illustrating the fluidity of time and the irrationality of the subconscious mind. The clocks are set against the backdrop of a desolate landscape with a winding road leading to a figure in the distance. A figure representing the artist himself sits on a rock holding a key, an object often associated with unlocking the secrets of the subconscious.<\/p>\n<p>The painting is considered a masterpiece of Dal\u00ed&#8217;s mature period, when he fully embraced surrealism and began to incorporate elements of psychoanalytic theory into his work. The composition of the painting is carefully balanced, and the use of color is striking. The use of warm and cool colors creates a sense of depth, and contrasts between light and dark are used to great effect.<\/p>\n<p>&#8220;Study for the Dream Sequence in Spellbound&#8221; is a painting that continues to fascinate art lovers and critics alike. It is a perfect example of Dal\u00ed&#8217;s ability to mix the real and the fantastic, creating a sense of mystery and intrigue. The painting is a testament to Dal\u00ed&#8217;s artistic skill and his ability to create works that are both beautiful and thought-provoking. The painting is considered one of Dal\u00ed&#8217;s most important works and can be found in the permanent collection of many major art museums around the world, including the Salvador Dal\u00ed Museum in St. Petersburg, Florida, and the Museum of Modern Art in New York.<\/p>\n<\/div>","protected":false},"excerpt":{"rendered":"<p>[vc_row][vc_column][vc_column_text css=&#8221;&#8221;] [\/vc_column][\/vc_row][vc_row css=&#8221;.vc_custom_1714247889896{margin-bottom: 10px !important;}&#8221;][vc_column][\/vc_column][\/vc_row][vc_row css=&#8221;.vc_custom_1714247889896{margin-bottom: 10px !important;}&#8221;][vc_column][\/vc_column][\/vc_row][vc_row][vc_column][vc_column_text] Salvador Dali &#8211; Study for the dream sequence in Spellbound &nbsp; Year of Creation: 1944 Original size: 84 cm x 58.7 cm Paint style: Surrealism Original technique: Oil on canvas Located: Private collection The painting &#8220;Study for a dream sequence in [&hellip;]<\/p>\n","protected":false},"featured_media":79218,"template":"","meta":{"_acf_changed":false},"product_brand":[],"product_cat":[9799],"product_tag":[9830,9870,9862,9863,9868],"class_list":{"0":"post-83400","1":"product","2":"type-product","3":"status-publish","4":"has-post-thumbnail","6":"product_cat-salvador-dali-en","7":"product_tag-dali-en","8":"product_tag-painter","9":"product_tag-reproduction-en","10":"product_tag-reproductions","11":"product_tag-salvador-dali-en","12":"pa_dimenzija-100-x-70-cm-en","13":"pa_dimenzija-120-x-80-cm-en","14":"pa_dimenzija-150-x-110-cm-en","15":"pa_dimenzija-180-x-130-cm-en","16":"pa_dimenzija-200-x-140-cm-en","17":"pa_dimenzija-60-x-40-cm-en","18":"pa_dimenzija-70-x-50-cm-en","19":"pa_dimenzija-84-x-59-cm-en","20":"pa_oblika-horizontal","21":"pa_okvir-without-frame","22":"pa_podokvir-without","23":"pa_podokvir-yes","25":"first","26":"onbackorder","27":"purchasable","28":"product-type-variable","29":"has-default-attributes"},"acf":[],"yoast_head":"<!-- This site is optimized with the Yoast SEO Premium plugin v26.0 (Yoast SEO v27.2) - https:\/\/yoast.com\/product\/yoast-seo-premium-wordpress\/ -->\n<title>Salvador Dali - Study for the dream sequence in Spellbound - SVETSLIK.SI - 100% hand painted<\/title>\n<meta name=\"description\" content=\"Salvador Dali - Study for the dream sequence in Spellbound - 100% hand-painted reproduction of famous paintings by famous artists. Wall art, abstract paintings and custom painted paintings by order.\" \/>\n<meta name=\"robots\" content=\"index, follow, max-snippet:-1, max-image-preview:large, max-video-preview:-1\" \/>\n<link rel=\"canonical\" href=\"https:\/\/svetslik.si\/en\/salvador-dali-en\/study-for-the-dream-sequence-in-spellbound\/\" \/>\n<meta property=\"og:locale\" content=\"en_US\" \/>\n<meta property=\"og:type\" content=\"article\" \/>\n<meta property=\"og:title\" content=\"Salvador Dali - Study for the dream sequence in Spellbound\" \/>\n<meta property=\"og:description\" content=\"100% ro\u010dno naslikane slike na platnu, reprodukcije znanih slikarjev in umetni\u0161ke slike po naro\u010dilu.\" \/>\n<meta property=\"og:url\" content=\"https:\/\/svetslik.si\/en\/salvador-dali-en\/study-for-the-dream-sequence-in-spellbound\/\" \/>\n<meta property=\"og:site_name\" content=\"SVETSLIK.SI\" \/>\n<meta property=\"article:publisher\" content=\"https:\/\/www.facebook.com\/svetslik.si\" \/>\n<meta property=\"article:modified_time\" content=\"2026-03-22T19:08:33+00:00\" \/>\n<meta property=\"og:image\" content=\"https:\/\/svetslik.si\/wp-content\/uploads\/2021\/08\/image_Study-for-the-dream-sequence-in-Spellbound_680.jpg\" \/>\n\t<meta property=\"og:image:width\" content=\"680\" \/>\n\t<meta property=\"og:image:height\" content=\"475\" \/>\n\t<meta property=\"og:image:type\" content=\"image\/jpeg\" \/>\n<meta name=\"twitter:card\" content=\"summary_large_image\" \/>\n<meta name=\"twitter:site\" content=\"@svetslik\" \/>\n<meta name=\"twitter:label1\" content=\"Availability\" \/>\n\t<meta name=\"twitter:data1\" content=\"On backorder\" \/>\n<script type=\"application\/ld+json\" class=\"yoast-schema-graph\">{\"@context\":\"https:\/\/schema.org\",\"@graph\":[{\"@type\":[\"WebPage\",\"ItemPage\"],\"@id\":\"https:\/\/svetslik.si\/en\/salvador-dali-en\/study-for-the-dream-sequence-in-spellbound\/\",\"url\":\"https:\/\/svetslik.si\/en\/salvador-dali-en\/study-for-the-dream-sequence-in-spellbound\/\",\"name\":\"Salvador Dali - Study for the dream sequence in Spellbound - SVETSLIK.SI - 100% hand painted\",\"isPartOf\":{\"@id\":\"https:\/\/svetslik.si\/en\/#website\"},\"primaryImageOfPage\":{\"@id\":\"https:\/\/svetslik.si\/en\/salvador-dali-en\/study-for-the-dream-sequence-in-spellbound\/#primaryimage\"},\"image\":{\"@id\":\"https:\/\/svetslik.si\/en\/salvador-dali-en\/study-for-the-dream-sequence-in-spellbound\/#primaryimage\"},\"thumbnailUrl\":\"https:\/\/svetslik.si\/wp-content\/uploads\/2021\/08\/image_Study-for-the-dream-sequence-in-Spellbound_680.jpg\",\"datePublished\":\"2021-09-02T16:00:44+00:00\",\"dateModified\":\"2026-03-22T19:08:33+00:00\",\"description\":\"Salvador Dali - Study for the dream sequence in Spellbound - 100% hand-painted reproduction of famous paintings by famous artists. Wall art, abstract paintings and custom painted paintings by order.\",\"breadcrumb\":{\"@id\":\"https:\/\/svetslik.si\/en\/salvador-dali-en\/study-for-the-dream-sequence-in-spellbound\/#breadcrumb\"},\"inLanguage\":\"en-US\",\"potentialAction\":[{\"@type\":\"ReadAction\",\"target\":[\"https:\/\/svetslik.si\/en\/salvador-dali-en\/study-for-the-dream-sequence-in-spellbound\/\"]}]},{\"@type\":\"ImageObject\",\"inLanguage\":\"en-US\",\"@id\":\"https:\/\/svetslik.si\/en\/salvador-dali-en\/study-for-the-dream-sequence-in-spellbound\/#primaryimage\",\"url\":\"https:\/\/svetslik.si\/wp-content\/uploads\/2021\/08\/image_Study-for-the-dream-sequence-in-Spellbound_680.jpg\",\"contentUrl\":\"https:\/\/svetslik.si\/wp-content\/uploads\/2021\/08\/image_Study-for-the-dream-sequence-in-Spellbound_680.jpg\",\"width\":680,\"height\":475,\"caption\":\"Salvador Dali - Study for the dream sequence in Spellbound - reproduction of famous painting by famous artist, hand painted painting on canvas\"},{\"@type\":\"BreadcrumbList\",\"@id\":\"https:\/\/svetslik.si\/en\/salvador-dali-en\/study-for-the-dream-sequence-in-spellbound\/#breadcrumb\",\"itemListElement\":[{\"@type\":\"ListItem\",\"position\":1,\"name\":\"Wall art and paintings on canvas\",\"item\":\"https:\/\/svetslik.si\/en\/\"},{\"@type\":\"ListItem\",\"position\":2,\"name\":\"Sale of paintings\",\"item\":\"https:\/\/svetslik.si\/prodaja-slik\/\"},{\"@type\":\"ListItem\",\"position\":3,\"name\":\"Salvador Dali &#8211; Study for the dream sequence in Spellbound\"}]},{\"@type\":\"WebSite\",\"@id\":\"https:\/\/svetslik.si\/en\/#website\",\"url\":\"https:\/\/svetslik.si\/en\/\",\"name\":\"SVETSLIK.SI\",\"description\":\"100% ru\u010dno naslikane reprodukcije slika poznatih slikara in umjetni\u010dke zidne slike na platnu.\",\"publisher\":{\"@id\":\"https:\/\/svetslik.si\/en\/#organization\"},\"potentialAction\":[{\"@type\":\"SearchAction\",\"target\":{\"@type\":\"EntryPoint\",\"urlTemplate\":\"https:\/\/svetslik.si\/en\/?s={search_term_string}\"},\"query-input\":{\"@type\":\"PropertyValueSpecification\",\"valueRequired\":true,\"valueName\":\"search_term_string\"}}],\"inLanguage\":\"en-US\"},{\"@type\":\"Organization\",\"@id\":\"https:\/\/svetslik.si\/en\/#organization\",\"name\":\"SvetSlik.si\",\"url\":\"https:\/\/svetslik.si\/en\/\",\"logo\":{\"@type\":\"ImageObject\",\"inLanguage\":\"en-US\",\"@id\":\"https:\/\/svetslik.si\/en\/#\/schema\/logo\/image\/\",\"url\":\"https:\/\/svetslik.si\/wp-content\/uploads\/2020\/12\/logo-512.png\",\"contentUrl\":\"https:\/\/svetslik.si\/wp-content\/uploads\/2020\/12\/logo-512.png\",\"width\":512,\"height\":512,\"caption\":\"SvetSlik.si\"},\"image\":{\"@id\":\"https:\/\/svetslik.si\/en\/#\/schema\/logo\/image\/\"},\"sameAs\":[\"https:\/\/www.facebook.com\/svetslik.si\",\"https:\/\/x.com\/svetslik\",\"https:\/\/www.instagram.com\/svetslik.si\/\",\"https:\/\/www.linkedin.com\/company\/svetslik-si\"]}]}<\/script>\n<meta property=\"og:availability\" content=\"backorder\" \/>\n<meta property=\"product:availability\" content=\"available for order\" \/>\n<meta property=\"product:retailer_item_id\" content=\"353__\" \/>\n<meta property=\"product:condition\" content=\"new\" \/>\n<!-- \/ Yoast SEO Premium plugin. -->","yoast_head_json":{"title":"Salvador Dali - Study for the dream sequence in Spellbound - SVETSLIK.SI - 100% hand painted","description":"Salvador Dali - Study for the dream sequence in Spellbound - 100% hand-painted reproduction of famous paintings by famous artists. Wall art, abstract paintings and custom painted paintings by order.","robots":{"index":"index","follow":"follow","max-snippet":"max-snippet:-1","max-image-preview":"max-image-preview:large","max-video-preview":"max-video-preview:-1"},"canonical":"https:\/\/svetslik.si\/en\/salvador-dali-en\/study-for-the-dream-sequence-in-spellbound\/","og_locale":"en_US","og_type":"article","og_title":"Salvador Dali - Study for the dream sequence in Spellbound","og_description":"100% ro\u010dno naslikane slike na platnu, reprodukcije znanih slikarjev in umetni\u0161ke slike po naro\u010dilu.","og_url":"https:\/\/svetslik.si\/en\/salvador-dali-en\/study-for-the-dream-sequence-in-spellbound\/","og_site_name":"SVETSLIK.SI","article_publisher":"https:\/\/www.facebook.com\/svetslik.si","article_modified_time":"2026-03-22T19:08:33+00:00","og_image":[{"width":680,"height":475,"url":"https:\/\/svetslik.si\/wp-content\/uploads\/2021\/08\/image_Study-for-the-dream-sequence-in-Spellbound_680.jpg","type":"image\/jpeg"}],"twitter_card":"summary_large_image","twitter_site":"@svetslik","twitter_misc":{"Availability":"On backorder"},"schema":{"@context":"https:\/\/schema.org","@graph":[{"@type":["WebPage","ItemPage"],"@id":"https:\/\/svetslik.si\/en\/salvador-dali-en\/study-for-the-dream-sequence-in-spellbound\/","url":"https:\/\/svetslik.si\/en\/salvador-dali-en\/study-for-the-dream-sequence-in-spellbound\/","name":"Salvador Dali - Study for the dream sequence in Spellbound - SVETSLIK.SI - 100% hand painted","isPartOf":{"@id":"https:\/\/svetslik.si\/en\/#website"},"primaryImageOfPage":{"@id":"https:\/\/svetslik.si\/en\/salvador-dali-en\/study-for-the-dream-sequence-in-spellbound\/#primaryimage"},"image":{"@id":"https:\/\/svetslik.si\/en\/salvador-dali-en\/study-for-the-dream-sequence-in-spellbound\/#primaryimage"},"thumbnailUrl":"https:\/\/svetslik.si\/wp-content\/uploads\/2021\/08\/image_Study-for-the-dream-sequence-in-Spellbound_680.jpg","datePublished":"2021-09-02T16:00:44+00:00","dateModified":"2026-03-22T19:08:33+00:00","description":"Salvador Dali - Study for the dream sequence in Spellbound - 100% hand-painted reproduction of famous paintings by famous artists. Wall art, abstract paintings and custom painted paintings by order.","breadcrumb":{"@id":"https:\/\/svetslik.si\/en\/salvador-dali-en\/study-for-the-dream-sequence-in-spellbound\/#breadcrumb"},"inLanguage":"en-US","potentialAction":[{"@type":"ReadAction","target":["https:\/\/svetslik.si\/en\/salvador-dali-en\/study-for-the-dream-sequence-in-spellbound\/"]}]},{"@type":"ImageObject","inLanguage":"en-US","@id":"https:\/\/svetslik.si\/en\/salvador-dali-en\/study-for-the-dream-sequence-in-spellbound\/#primaryimage","url":"https:\/\/svetslik.si\/wp-content\/uploads\/2021\/08\/image_Study-for-the-dream-sequence-in-Spellbound_680.jpg","contentUrl":"https:\/\/svetslik.si\/wp-content\/uploads\/2021\/08\/image_Study-for-the-dream-sequence-in-Spellbound_680.jpg","width":680,"height":475,"caption":"Salvador Dali - Study for the dream sequence in Spellbound - reproduction of famous painting by famous artist, hand painted painting on canvas"},{"@type":"BreadcrumbList","@id":"https:\/\/svetslik.si\/en\/salvador-dali-en\/study-for-the-dream-sequence-in-spellbound\/#breadcrumb","itemListElement":[{"@type":"ListItem","position":1,"name":"Wall art and paintings on canvas","item":"https:\/\/svetslik.si\/en\/"},{"@type":"ListItem","position":2,"name":"Sale of paintings","item":"https:\/\/svetslik.si\/prodaja-slik\/"},{"@type":"ListItem","position":3,"name":"Salvador Dali &#8211; Study for the dream sequence in Spellbound"}]},{"@type":"WebSite","@id":"https:\/\/svetslik.si\/en\/#website","url":"https:\/\/svetslik.si\/en\/","name":"SVETSLIK.SI","description":"100% ru\u010dno naslikane reprodukcije slika poznatih slikara in umjetni\u010dke zidne slike na platnu.","publisher":{"@id":"https:\/\/svetslik.si\/en\/#organization"},"potentialAction":[{"@type":"SearchAction","target":{"@type":"EntryPoint","urlTemplate":"https:\/\/svetslik.si\/en\/?s={search_term_string}"},"query-input":{"@type":"PropertyValueSpecification","valueRequired":true,"valueName":"search_term_string"}}],"inLanguage":"en-US"},{"@type":"Organization","@id":"https:\/\/svetslik.si\/en\/#organization","name":"SvetSlik.si","url":"https:\/\/svetslik.si\/en\/","logo":{"@type":"ImageObject","inLanguage":"en-US","@id":"https:\/\/svetslik.si\/en\/#\/schema\/logo\/image\/","url":"https:\/\/svetslik.si\/wp-content\/uploads\/2020\/12\/logo-512.png","contentUrl":"https:\/\/svetslik.si\/wp-content\/uploads\/2020\/12\/logo-512.png","width":512,"height":512,"caption":"SvetSlik.si"},"image":{"@id":"https:\/\/svetslik.si\/en\/#\/schema\/logo\/image\/"},"sameAs":["https:\/\/www.facebook.com\/svetslik.si","https:\/\/x.com\/svetslik","https:\/\/www.instagram.com\/svetslik.si\/","https:\/\/www.linkedin.com\/company\/svetslik-si"]}]},"og_availability":"backorder","product_availability":"available for order","product_retailer_item_id":"353__","product_condition":"new"},"jetpack_sharing_enabled":true,"_links":{"self":[{"href":"https:\/\/svetslik.si\/en\/wp-json\/wp\/v2\/product\/83400","targetHints":{"allow":["GET"]}}],"collection":[{"href":"https:\/\/svetslik.si\/en\/wp-json\/wp\/v2\/product"}],"about":[{"href":"https:\/\/svetslik.si\/en\/wp-json\/wp\/v2\/types\/product"}],"wp:featuredmedia":[{"embeddable":true,"href":"https:\/\/svetslik.si\/en\/wp-json\/wp\/v2\/media\/79218"}],"wp:attachment":[{"href":"https:\/\/svetslik.si\/en\/wp-json\/wp\/v2\/media?parent=83400"}],"wp:term":[{"taxonomy":"product_brand","embeddable":true,"href":"https:\/\/svetslik.si\/en\/wp-json\/wp\/v2\/product_brand?post=83400"},{"taxonomy":"product_cat","embeddable":true,"href":"https:\/\/svetslik.si\/en\/wp-json\/wp\/v2\/product_cat?post=83400"},{"taxonomy":"product_tag","embeddable":true,"href":"https:\/\/svetslik.si\/en\/wp-json\/wp\/v2\/product_tag?post=83400"}],"curies":[{"name":"wp","href":"https:\/\/api.w.org\/{rel}","templated":true}]}}