{"id":83409,"date":"2021-09-02T18:00:59","date_gmt":"2021-09-02T16:00:59","guid":{"rendered":"https:\/\/svetslik.si\/uncategorized\/sentimental-colloquy\/"},"modified":"2026-03-22T20:09:22","modified_gmt":"2026-03-22T19:09:22","slug":"sentimental-colloquy","status":"publish","type":"product","link":"https:\/\/svetslik.si\/en\/salvador-dali-en\/sentimental-colloquy\/","title":{"rendered":"Salvador Dali &#8211; Sentimental Colloquy"},"content":{"rendered":"<h1>Salvador Dali &#8211; Remorse or Sphinx Embedded in the Sand<\/h1>\n<p>&nbsp;<\/p>\n<table style=\"width: 673px\" border=\"0\" width=\"673\" cellspacing=\"0\" cellpadding=\"0\">\n<tbody>\n<tr>\n<td style=\"width: 180px;height: 21px\" height=\"21\">Year of Creation:<\/td>\n<td style=\"width: 493px\">1931<\/td>\n<\/tr>\n<tr>\n<td style=\"width: 180px;height: 21px\" height=\"21\">Original size:<\/td>\n<td style=\"width: 493px\">26.7 cm x 19.1 cm<\/td>\n<\/tr>\n<tr>\n<td style=\"width: 180px;height: 21px\" height=\"21\">Paint style:<\/td>\n<td>\n<div>\n<div>\n<div>\n<div>\n<div>Surrealism<\/div>\n<\/div>\n<\/div>\n<\/div>\n<\/div>\n<\/td>\n<\/tr>\n<tr>\n<td style=\"width: 180px;height: 21px\" height=\"21\">Original technique:<\/td>\n<td>Oil on canvas<\/td>\n<\/tr>\n<tr>\n<td style=\"width: 180px;height: 21px\" height=\"21\">Located:<\/td>\n<td>Kresge Art Museum, Michigan State University, East Lansing<\/td>\n<\/tr>\n<\/tbody>\n<colgroup>\n<col \/>\n<col \/> <\/colgroup>\n<\/table>\n<p>Salvador Dal\u00ed&#8217;s painting &#8220;Regret or the Sphinx in the Sand&#8221; is a surrealist painting that is stunning and thought-provoking. The picture shows the Great Sphinx, a mythical creature with the body of a lion and the head of a man, embedded in the sand. The sphinx, with its head buried in its hands, seems to repent.<\/p>\n<p>The painting is said to comment on the destructive nature of war and the human condition. Dal\u00ed often used symbols and images from ancient mythology in his works, and the sphinx is a particularly powerful symbol in this painting. The sphinx is known for her riddles and ability to keep secrets, and in this picture she seems to be guarding a secret that she regrets.<\/p>\n<p>The use of the sphinx also emphasizes the theme of transition in the painting. The sphinx is a creature that is both human and animal and represents a transition between the two. This theme of transition is further reinforced by the scene in the painting, which is a desert, a place of transition and change.<\/p>\n<p>The use of sand in the painting also adds to the surreal nature of the painting. The sphinx seems to be sinking into the sand, as if the sand is swallowing it. This adds to the sense of desperation and hopelessness in the painting.<\/p>\n<p>Overall, &#8220;Regret or the Sphinx Burrowing in the Sand&#8221; is a powerful painting that deals with the themes of war, the human condition, and transition. The painting is a must for fans of Salvador Dal\u00ed and surrealist art.<\/p>\n","protected":false},"excerpt":{"rendered":"<p>Salvador Dali &#8211; Remorse or Sphinx Embedded in the Sand &nbsp; Year of Creation: 1931 Original size: 26.7 cm x 19.1 cm Paint style: Surrealism Original technique: Oil on canvas Located: Kresge Art Museum, Michigan State University, East Lansing Salvador Dal\u00ed&#8217;s painting &#8220;Regret or the Sphinx in the Sand&#8221; is [&hellip;]<\/p>\n","protected":false},"featured_media":79132,"template":"","meta":{"_acf_changed":false},"product_brand":[],"product_cat":[9799],"product_tag":[9830,9870,9862,9863,9868],"class_list":{"0":"post-83409","1":"product","2":"type-product","3":"status-publish","4":"has-post-thumbnail","6":"product_cat-salvador-dali-en","7":"product_tag-dali-en","8":"product_tag-painter","9":"product_tag-reproduction-en","10":"product_tag-reproductions","11":"product_tag-salvador-dali-en","12":"pa_dimenzija-110-x-60-cm-en","13":"pa_dimenzija-130-x-70-cm-en","14":"pa_dimenzija-150-x-80-cm-en","15":"pa_dimenzija-180-x-100-cm-en","16":"pa_dimenzija-230-x-130-cm-en","17":"pa_dimenzija-47-x-26-cm-en","18":"pa_dimenzija-70-x-40-cm-en","19":"pa_dimenzija-90-x-50-cm-en","20":"pa_oblika-horizontal","21":"pa_okvir-without-frame","22":"pa_podokvir-without","23":"pa_podokvir-yes","25":"first","26":"onbackorder","27":"purchasable","28":"product-type-variable","29":"has-default-attributes"},"acf":[],"yoast_head":"<!-- This site is optimized with the Yoast SEO Premium plugin v26.0 (Yoast SEO v27.2) - https:\/\/yoast.com\/product\/yoast-seo-premium-wordpress\/ -->\n<title>Salvador Dali - Sentimental Colloquy - SVETSLIK.SI - 100% hand painted<\/title>\n<meta name=\"description\" content=\"Salvador Dali - Sentimental Colloquy - 100% hand-painted reproduction of famous paintings by famous artists. Wall art, abstract paintings and custom painted paintings by order.\" \/>\n<meta name=\"robots\" content=\"index, follow, max-snippet:-1, max-image-preview:large, max-video-preview:-1\" \/>\n<link rel=\"canonical\" href=\"https:\/\/svetslik.si\/en\/salvador-dali-en\/sentimental-colloquy\/\" \/>\n<meta property=\"og:locale\" content=\"en_US\" \/>\n<meta property=\"og:type\" content=\"article\" \/>\n<meta property=\"og:title\" content=\"Salvador Dali - Sentimental Colloquy\" \/>\n<meta property=\"og:description\" content=\"100% ro\u010dno naslikane slike na platnu, reprodukcije znanih slikarjev in umetni\u0161ke slike po naro\u010dilu.\" \/>\n<meta property=\"og:url\" content=\"https:\/\/svetslik.si\/en\/salvador-dali-en\/sentimental-colloquy\/\" \/>\n<meta property=\"og:site_name\" content=\"SVETSLIK.SI\" \/>\n<meta property=\"article:publisher\" content=\"https:\/\/www.facebook.com\/svetslik.si\" \/>\n<meta property=\"article:modified_time\" content=\"2026-03-22T19:09:22+00:00\" \/>\n<meta property=\"og:image\" content=\"https:\/\/svetslik.si\/wp-content\/uploads\/2021\/08\/image_Sentimental-Colloquy_680.jpg\" \/>\n\t<meta property=\"og:image:width\" content=\"1240\" \/>\n\t<meta property=\"og:image:height\" content=\"668\" \/>\n\t<meta property=\"og:image:type\" content=\"image\/jpeg\" \/>\n<meta name=\"twitter:card\" content=\"summary_large_image\" \/>\n<meta name=\"twitter:site\" content=\"@svetslik\" \/>\n<meta name=\"twitter:label1\" content=\"Availability\" \/>\n\t<meta name=\"twitter:data1\" content=\"On backorder\" \/>\n<script type=\"application\/ld+json\" class=\"yoast-schema-graph\">{\"@context\":\"https:\/\/schema.org\",\"@graph\":[{\"@type\":[\"WebPage\",\"ItemPage\"],\"@id\":\"https:\/\/svetslik.si\/en\/salvador-dali-en\/sentimental-colloquy\/\",\"url\":\"https:\/\/svetslik.si\/en\/salvador-dali-en\/sentimental-colloquy\/\",\"name\":\"Salvador Dali - Sentimental Colloquy - SVETSLIK.SI - 100% hand painted\",\"isPartOf\":{\"@id\":\"https:\/\/svetslik.si\/en\/#website\"},\"primaryImageOfPage\":{\"@id\":\"https:\/\/svetslik.si\/en\/salvador-dali-en\/sentimental-colloquy\/#primaryimage\"},\"image\":{\"@id\":\"https:\/\/svetslik.si\/en\/salvador-dali-en\/sentimental-colloquy\/#primaryimage\"},\"thumbnailUrl\":\"https:\/\/svetslik.si\/wp-content\/uploads\/2021\/08\/image_Sentimental-Colloquy_680.jpg\",\"datePublished\":\"2021-09-02T16:00:59+00:00\",\"dateModified\":\"2026-03-22T19:09:22+00:00\",\"description\":\"Salvador Dali - Sentimental Colloquy - 100% hand-painted reproduction of famous paintings by famous artists. Wall art, abstract paintings and custom painted paintings by order.\",\"breadcrumb\":{\"@id\":\"https:\/\/svetslik.si\/en\/salvador-dali-en\/sentimental-colloquy\/#breadcrumb\"},\"inLanguage\":\"en-US\",\"potentialAction\":[{\"@type\":\"ReadAction\",\"target\":[\"https:\/\/svetslik.si\/en\/salvador-dali-en\/sentimental-colloquy\/\"]}]},{\"@type\":\"ImageObject\",\"inLanguage\":\"en-US\",\"@id\":\"https:\/\/svetslik.si\/en\/salvador-dali-en\/sentimental-colloquy\/#primaryimage\",\"url\":\"https:\/\/svetslik.si\/wp-content\/uploads\/2021\/08\/image_Sentimental-Colloquy_680.jpg\",\"contentUrl\":\"https:\/\/svetslik.si\/wp-content\/uploads\/2021\/08\/image_Sentimental-Colloquy_680.jpg\",\"width\":1240,\"height\":668,\"caption\":\"Painting: Sensation - Modern Wall Art\"},{\"@type\":\"BreadcrumbList\",\"@id\":\"https:\/\/svetslik.si\/en\/salvador-dali-en\/sentimental-colloquy\/#breadcrumb\",\"itemListElement\":[{\"@type\":\"ListItem\",\"position\":1,\"name\":\"Wall art and paintings on canvas\",\"item\":\"https:\/\/svetslik.si\/en\/\"},{\"@type\":\"ListItem\",\"position\":2,\"name\":\"Sale of paintings\",\"item\":\"https:\/\/svetslik.si\/prodaja-slik\/\"},{\"@type\":\"ListItem\",\"position\":3,\"name\":\"Salvador Dali &#8211; Sentimental Colloquy\"}]},{\"@type\":\"WebSite\",\"@id\":\"https:\/\/svetslik.si\/en\/#website\",\"url\":\"https:\/\/svetslik.si\/en\/\",\"name\":\"SVETSLIK.SI\",\"description\":\"100% ru\u010dno naslikane reprodukcije slika poznatih slikara in umjetni\u010dke zidne slike na platnu.\",\"publisher\":{\"@id\":\"https:\/\/svetslik.si\/en\/#organization\"},\"potentialAction\":[{\"@type\":\"SearchAction\",\"target\":{\"@type\":\"EntryPoint\",\"urlTemplate\":\"https:\/\/svetslik.si\/en\/?s={search_term_string}\"},\"query-input\":{\"@type\":\"PropertyValueSpecification\",\"valueRequired\":true,\"valueName\":\"search_term_string\"}}],\"inLanguage\":\"en-US\"},{\"@type\":\"Organization\",\"@id\":\"https:\/\/svetslik.si\/en\/#organization\",\"name\":\"SvetSlik.si\",\"url\":\"https:\/\/svetslik.si\/en\/\",\"logo\":{\"@type\":\"ImageObject\",\"inLanguage\":\"en-US\",\"@id\":\"https:\/\/svetslik.si\/en\/#\/schema\/logo\/image\/\",\"url\":\"https:\/\/svetslik.si\/wp-content\/uploads\/2020\/12\/logo-512.png\",\"contentUrl\":\"https:\/\/svetslik.si\/wp-content\/uploads\/2020\/12\/logo-512.png\",\"width\":512,\"height\":512,\"caption\":\"SvetSlik.si\"},\"image\":{\"@id\":\"https:\/\/svetslik.si\/en\/#\/schema\/logo\/image\/\"},\"sameAs\":[\"https:\/\/www.facebook.com\/svetslik.si\",\"https:\/\/x.com\/svetslik\",\"https:\/\/www.instagram.com\/svetslik.si\/\",\"https:\/\/www.linkedin.com\/company\/svetslik-si\"]}]}<\/script>\n<meta property=\"og:availability\" content=\"backorder\" \/>\n<meta property=\"product:availability\" content=\"available for order\" \/>\n<meta property=\"product:retailer_item_id\" content=\"354__\" \/>\n<meta property=\"product:condition\" content=\"new\" \/>\n<!-- \/ Yoast SEO Premium plugin. -->","yoast_head_json":{"title":"Salvador Dali - Sentimental Colloquy - SVETSLIK.SI - 100% hand painted","description":"Salvador Dali - Sentimental Colloquy - 100% hand-painted reproduction of famous paintings by famous artists. Wall art, abstract paintings and custom painted paintings by order.","robots":{"index":"index","follow":"follow","max-snippet":"max-snippet:-1","max-image-preview":"max-image-preview:large","max-video-preview":"max-video-preview:-1"},"canonical":"https:\/\/svetslik.si\/en\/salvador-dali-en\/sentimental-colloquy\/","og_locale":"en_US","og_type":"article","og_title":"Salvador Dali - Sentimental Colloquy","og_description":"100% ro\u010dno naslikane slike na platnu, reprodukcije znanih slikarjev in umetni\u0161ke slike po naro\u010dilu.","og_url":"https:\/\/svetslik.si\/en\/salvador-dali-en\/sentimental-colloquy\/","og_site_name":"SVETSLIK.SI","article_publisher":"https:\/\/www.facebook.com\/svetslik.si","article_modified_time":"2026-03-22T19:09:22+00:00","og_image":[{"width":1240,"height":668,"url":"https:\/\/svetslik.si\/wp-content\/uploads\/2021\/08\/image_Sentimental-Colloquy_680.jpg","type":"image\/jpeg"}],"twitter_card":"summary_large_image","twitter_site":"@svetslik","twitter_misc":{"Availability":"On backorder"},"schema":{"@context":"https:\/\/schema.org","@graph":[{"@type":["WebPage","ItemPage"],"@id":"https:\/\/svetslik.si\/en\/salvador-dali-en\/sentimental-colloquy\/","url":"https:\/\/svetslik.si\/en\/salvador-dali-en\/sentimental-colloquy\/","name":"Salvador Dali - Sentimental Colloquy - SVETSLIK.SI - 100% hand painted","isPartOf":{"@id":"https:\/\/svetslik.si\/en\/#website"},"primaryImageOfPage":{"@id":"https:\/\/svetslik.si\/en\/salvador-dali-en\/sentimental-colloquy\/#primaryimage"},"image":{"@id":"https:\/\/svetslik.si\/en\/salvador-dali-en\/sentimental-colloquy\/#primaryimage"},"thumbnailUrl":"https:\/\/svetslik.si\/wp-content\/uploads\/2021\/08\/image_Sentimental-Colloquy_680.jpg","datePublished":"2021-09-02T16:00:59+00:00","dateModified":"2026-03-22T19:09:22+00:00","description":"Salvador Dali - Sentimental Colloquy - 100% hand-painted reproduction of famous paintings by famous artists. Wall art, abstract paintings and custom painted paintings by order.","breadcrumb":{"@id":"https:\/\/svetslik.si\/en\/salvador-dali-en\/sentimental-colloquy\/#breadcrumb"},"inLanguage":"en-US","potentialAction":[{"@type":"ReadAction","target":["https:\/\/svetslik.si\/en\/salvador-dali-en\/sentimental-colloquy\/"]}]},{"@type":"ImageObject","inLanguage":"en-US","@id":"https:\/\/svetslik.si\/en\/salvador-dali-en\/sentimental-colloquy\/#primaryimage","url":"https:\/\/svetslik.si\/wp-content\/uploads\/2021\/08\/image_Sentimental-Colloquy_680.jpg","contentUrl":"https:\/\/svetslik.si\/wp-content\/uploads\/2021\/08\/image_Sentimental-Colloquy_680.jpg","width":1240,"height":668,"caption":"Painting: Sensation - Modern Wall Art"},{"@type":"BreadcrumbList","@id":"https:\/\/svetslik.si\/en\/salvador-dali-en\/sentimental-colloquy\/#breadcrumb","itemListElement":[{"@type":"ListItem","position":1,"name":"Wall art and paintings on canvas","item":"https:\/\/svetslik.si\/en\/"},{"@type":"ListItem","position":2,"name":"Sale of paintings","item":"https:\/\/svetslik.si\/prodaja-slik\/"},{"@type":"ListItem","position":3,"name":"Salvador Dali &#8211; Sentimental Colloquy"}]},{"@type":"WebSite","@id":"https:\/\/svetslik.si\/en\/#website","url":"https:\/\/svetslik.si\/en\/","name":"SVETSLIK.SI","description":"100% ru\u010dno naslikane reprodukcije slika poznatih slikara in umjetni\u010dke zidne slike na platnu.","publisher":{"@id":"https:\/\/svetslik.si\/en\/#organization"},"potentialAction":[{"@type":"SearchAction","target":{"@type":"EntryPoint","urlTemplate":"https:\/\/svetslik.si\/en\/?s={search_term_string}"},"query-input":{"@type":"PropertyValueSpecification","valueRequired":true,"valueName":"search_term_string"}}],"inLanguage":"en-US"},{"@type":"Organization","@id":"https:\/\/svetslik.si\/en\/#organization","name":"SvetSlik.si","url":"https:\/\/svetslik.si\/en\/","logo":{"@type":"ImageObject","inLanguage":"en-US","@id":"https:\/\/svetslik.si\/en\/#\/schema\/logo\/image\/","url":"https:\/\/svetslik.si\/wp-content\/uploads\/2020\/12\/logo-512.png","contentUrl":"https:\/\/svetslik.si\/wp-content\/uploads\/2020\/12\/logo-512.png","width":512,"height":512,"caption":"SvetSlik.si"},"image":{"@id":"https:\/\/svetslik.si\/en\/#\/schema\/logo\/image\/"},"sameAs":["https:\/\/www.facebook.com\/svetslik.si","https:\/\/x.com\/svetslik","https:\/\/www.instagram.com\/svetslik.si\/","https:\/\/www.linkedin.com\/company\/svetslik-si"]}]},"og_availability":"backorder","product_availability":"available for order","product_retailer_item_id":"354__","product_condition":"new"},"jetpack_sharing_enabled":true,"_links":{"self":[{"href":"https:\/\/svetslik.si\/en\/wp-json\/wp\/v2\/product\/83409","targetHints":{"allow":["GET"]}}],"collection":[{"href":"https:\/\/svetslik.si\/en\/wp-json\/wp\/v2\/product"}],"about":[{"href":"https:\/\/svetslik.si\/en\/wp-json\/wp\/v2\/types\/product"}],"wp:featuredmedia":[{"embeddable":true,"href":"https:\/\/svetslik.si\/en\/wp-json\/wp\/v2\/media\/79132"}],"wp:attachment":[{"href":"https:\/\/svetslik.si\/en\/wp-json\/wp\/v2\/media?parent=83409"}],"wp:term":[{"taxonomy":"product_brand","embeddable":true,"href":"https:\/\/svetslik.si\/en\/wp-json\/wp\/v2\/product_brand?post=83409"},{"taxonomy":"product_cat","embeddable":true,"href":"https:\/\/svetslik.si\/en\/wp-json\/wp\/v2\/product_cat?post=83409"},{"taxonomy":"product_tag","embeddable":true,"href":"https:\/\/svetslik.si\/en\/wp-json\/wp\/v2\/product_tag?post=83409"}],"curies":[{"name":"wp","href":"https:\/\/api.w.org\/{rel}","templated":true}]}}