{"id":83418,"date":"2021-09-02T18:00:59","date_gmt":"2021-09-02T16:00:59","guid":{"rendered":"https:\/\/svetslik.si\/uncategorized\/the-olive-orchard\/"},"modified":"2026-03-22T20:09:22","modified_gmt":"2026-03-22T19:09:22","slug":"the-olive-orchard","status":"publish","type":"product","link":"https:\/\/svetslik.si\/en\/vincent-van-gogh-en\/the-olive-orchard\/","title":{"rendered":"Vincent van Gogh &#8211; The Olive Orchard"},"content":{"rendered":"<div class=\"wpb-content-wrapper\">[vc_row css=&#8221;.vc_custom_1727270422789{margin-bottom: 10px !important;}&#8221;][vc_column]\t<div class=\"et-image-507 et-image     et_image_link\">\n\t\t<div class=\"et-image-inner \">\n\t\t\t\t\t\t\t<div class=\"et-image-thumb \">\n\t\t\t\t\t<img decoding=\"async\" width=\"1000\" height=\"855\" src=\"https:\/\/svetslik.si\/wp-content\/uploads\/2021\/09\/Vincent-van-Gogh-\u2013-The-Olive-Orchard-reprodukcija-slike-4.jpg\" class=\"attachment-full\" alt=\"Vincent van Gogh - The Olive Orchard\" title=\"Vincent van Gogh - The Olive Orchard\" srcset=\"https:\/\/svetslik.si\/wp-content\/uploads\/2021\/09\/Vincent-van-Gogh-\u2013-The-Olive-Orchard-reprodukcija-slike-4.jpg 1000w, https:\/\/svetslik.si\/wp-content\/uploads\/2021\/09\/Vincent-van-Gogh-\u2013-The-Olive-Orchard-reprodukcija-slike-4-600x513.jpg 600w, https:\/\/svetslik.si\/wp-content\/uploads\/2021\/09\/Vincent-van-Gogh-\u2013-The-Olive-Orchard-reprodukcija-slike-4-300x257.jpg 300w, https:\/\/svetslik.si\/wp-content\/uploads\/2021\/09\/Vincent-van-Gogh-\u2013-The-Olive-Orchard-reprodukcija-slike-4-768x657.jpg 768w, https:\/\/svetslik.si\/wp-content\/uploads\/2021\/09\/Vincent-van-Gogh-\u2013-The-Olive-Orchard-reprodukcija-slike-4-150x128.jpg 150w, https:\/\/svetslik.si\/wp-content\/uploads\/2021\/09\/Vincent-van-Gogh-\u2013-The-Olive-Orchard-reprodukcija-slike-4-900x770.jpg 900w\" sizes=\"(max-width: 1000px) 100vw, 1000px\" \/>\t\t\t\t<\/div>\n\t\t\t\t\t\t\t\t\t\t\t<\/div>\n\t<\/div>\n  [\/vc_column][\/vc_row][vc_row css=&#8221;.vc_custom_1727270422789{margin-bottom: 10px !important;}&#8221;][vc_column]\t<div class=\"et-image-560 et-image     et_image_link\">\n\t\t<div class=\"et-image-inner \">\n\t\t\t\t\t\t\t<div class=\"et-image-thumb \">\n\t\t\t\t\t<img decoding=\"async\" width=\"1000\" height=\"1017\" src=\"https:\/\/svetslik.si\/wp-content\/uploads\/2021\/09\/Vincent-van-Gogh-\u2013-The-Olive-Orchard-reprodukcija-slike-3.jpg\" class=\"attachment-full\" alt=\"Vincent van Gogh - The Olive Orchard\" title=\"Vincent van Gogh - The Olive Orchard\" srcset=\"https:\/\/svetslik.si\/wp-content\/uploads\/2021\/09\/Vincent-van-Gogh-\u2013-The-Olive-Orchard-reprodukcija-slike-3.jpg 1000w, https:\/\/svetslik.si\/wp-content\/uploads\/2021\/09\/Vincent-van-Gogh-\u2013-The-Olive-Orchard-reprodukcija-slike-3-600x610.jpg 600w, https:\/\/svetslik.si\/wp-content\/uploads\/2021\/09\/Vincent-van-Gogh-\u2013-The-Olive-Orchard-reprodukcija-slike-3-295x300.jpg 295w, https:\/\/svetslik.si\/wp-content\/uploads\/2021\/09\/Vincent-van-Gogh-\u2013-The-Olive-Orchard-reprodukcija-slike-3-768x781.jpg 768w, https:\/\/svetslik.si\/wp-content\/uploads\/2021\/09\/Vincent-van-Gogh-\u2013-The-Olive-Orchard-reprodukcija-slike-3-147x150.jpg 147w, https:\/\/svetslik.si\/wp-content\/uploads\/2021\/09\/Vincent-van-Gogh-\u2013-The-Olive-Orchard-reprodukcija-slike-3-900x915.jpg 900w\" sizes=\"(max-width: 1000px) 100vw, 1000px\" \/>\t\t\t\t<\/div>\n\t\t\t\t\t\t\t\t\t\t\t<\/div>\n\t<\/div>\n  [\/vc_column][\/vc_row][vc_row css=&#8221;.vc_custom_1727270422789{margin-bottom: 10px !important;}&#8221;][vc_column]\t<div class=\"et-image-872 et-image     et_image_link\">\n\t\t<div class=\"et-image-inner \">\n\t\t\t\t\t\t\t<div class=\"et-image-thumb \">\n\t\t\t\t\t<img decoding=\"async\" width=\"1000\" height=\"970\" src=\"https:\/\/svetslik.si\/wp-content\/uploads\/2021\/09\/Vincent-van-Gogh-\u2013-The-Olive-Orchard-reprodukcija-slike-2.jpg\" class=\"attachment-full\" alt=\"Vincent van Gogh - The Olive Orchard\" title=\"Vincent van Gogh - The Olive Orchard\" srcset=\"https:\/\/svetslik.si\/wp-content\/uploads\/2021\/09\/Vincent-van-Gogh-\u2013-The-Olive-Orchard-reprodukcija-slike-2.jpg 1000w, https:\/\/svetslik.si\/wp-content\/uploads\/2021\/09\/Vincent-van-Gogh-\u2013-The-Olive-Orchard-reprodukcija-slike-2-600x582.jpg 600w, https:\/\/svetslik.si\/wp-content\/uploads\/2021\/09\/Vincent-van-Gogh-\u2013-The-Olive-Orchard-reprodukcija-slike-2-300x291.jpg 300w, https:\/\/svetslik.si\/wp-content\/uploads\/2021\/09\/Vincent-van-Gogh-\u2013-The-Olive-Orchard-reprodukcija-slike-2-768x745.jpg 768w, https:\/\/svetslik.si\/wp-content\/uploads\/2021\/09\/Vincent-van-Gogh-\u2013-The-Olive-Orchard-reprodukcija-slike-2-150x146.jpg 150w, https:\/\/svetslik.si\/wp-content\/uploads\/2021\/09\/Vincent-van-Gogh-\u2013-The-Olive-Orchard-reprodukcija-slike-2-900x873.jpg 900w\" sizes=\"(max-width: 1000px) 100vw, 1000px\" \/>\t\t\t\t<\/div>\n\t\t\t\t\t\t\t\t\t\t\t<\/div>\n\t<\/div>\n  [\/vc_column][\/vc_row][vc_row css=&#8221;.vc_custom_1727270422789{margin-bottom: 10px !important;}&#8221;][vc_column]\t<div class=\"et-image-42 et-image     et_image_link\">\n\t\t<div class=\"et-image-inner \">\n\t\t\t\t\t\t\t<div class=\"et-image-thumb \">\n\t\t\t\t\t<img decoding=\"async\" width=\"1000\" height=\"563\" src=\"https:\/\/svetslik.si\/wp-content\/uploads\/2021\/09\/Vincent-van-Gogh-\u2013-The-Olive-Orchard-reprodukcija-slike-1.jpg\" class=\"attachment-full\" alt=\"Vincent van Gogh - The Olive Orchard\" title=\"Vincent van Gogh - The Olive Orchard\" srcset=\"https:\/\/svetslik.si\/wp-content\/uploads\/2021\/09\/Vincent-van-Gogh-\u2013-The-Olive-Orchard-reprodukcija-slike-1.jpg 1000w, https:\/\/svetslik.si\/wp-content\/uploads\/2021\/09\/Vincent-van-Gogh-\u2013-The-Olive-Orchard-reprodukcija-slike-1-600x338.jpg 600w, https:\/\/svetslik.si\/wp-content\/uploads\/2021\/09\/Vincent-van-Gogh-\u2013-The-Olive-Orchard-reprodukcija-slike-1-300x169.jpg 300w, https:\/\/svetslik.si\/wp-content\/uploads\/2021\/09\/Vincent-van-Gogh-\u2013-The-Olive-Orchard-reprodukcija-slike-1-768x432.jpg 768w, https:\/\/svetslik.si\/wp-content\/uploads\/2021\/09\/Vincent-van-Gogh-\u2013-The-Olive-Orchard-reprodukcija-slike-1-150x84.jpg 150w, https:\/\/svetslik.si\/wp-content\/uploads\/2021\/09\/Vincent-van-Gogh-\u2013-The-Olive-Orchard-reprodukcija-slike-1-900x507.jpg 900w\" sizes=\"(max-width: 1000px) 100vw, 1000px\" \/>\t\t\t\t<\/div>\n\t\t\t\t\t\t\t\t\t\t\t<\/div>\n\t<\/div>\n  [\/vc_column][\/vc_row][vc_row][vc_column][vc_column_text]\n<h1>Vincent Van Gogh &#8211; The Olive Orchard<\/h1>\n<p>&nbsp;<\/p>\n<table style=\"width: 593px;\" border=\"0\" width=\"593\" cellspacing=\"0\" cellpadding=\"0\">\n<tbody>\n<tr>\n<td style=\"width: 155px; height: 21px;\" height=\"21\">Year of Creation:<\/td>\n<td style=\"width: 439px;\">1889<\/td>\n<\/tr>\n<tr>\n<td style=\"width: 155px; height: 21px;\" height=\"21\">Original size:<\/td>\n<td style=\"width: 439px;\">92.1 cm x 73 cm<\/td>\n<\/tr>\n<tr>\n<td style=\"width: 155px; height: 21px;\" height=\"21\">Paint style:<\/td>\n<td style=\"width: 439px;\">Post-Impressionism<\/td>\n<\/tr>\n<tr>\n<td style=\"width: 155px; height: 21px;\" height=\"21\">Original technique:<\/td>\n<td style=\"width: 439px;\">Oil on canvas<\/td>\n<\/tr>\n<tr>\n<td style=\"width: 155px; height: 21px;\" height=\"21\">Located:<\/td>\n<td style=\"width: 439px;\">\n<div>Private Collection\u00a0(Chester Dale)<\/div>\n<\/td>\n<\/tr>\n<\/tbody>\n<\/table>\n<p>The painter found in olive trees a manifestation of spiritual power, which he believed existed everywhere in nature. The brushstrokes in this oil on canvas bring the earth and sky to life, moving with the leaves through which the Mediterranean wind blows. These strong individual brushstrokes in the painting appear not to have been painted on the canvas, but rather to have been placed on the painting by the artist with a heavy brush. The energy of the constant rhythm of the trees appeals to us in an almost physical way, whereby the olive trees in the painting <em>The Olive Orchard<\/em> express the very spiritual power that Van Gogh believed created them.<\/p>\n<p>&#8220;Olive Grove&#8221; is a painting by the Dutch artist Vincent van Gogh from 1889. The painting is considered one of Van Gogh&#8217;s most beautiful works, showing his skill in matching the essence of nature with the serenity of the countryside. The picture shows an olive grove in the south of France with rows of olive trees against a blue sky. The painting is widely recognized for its bold brushstrokes, emotionality and strong symbolism.<\/p>\n<p>The composition of the painting is simple but effective, as the olive grove occupies most of the space on the canvas. The use of color in the painting is also noteworthy, as Van Gogh uses bold, contrasting colors that create a sense of movement and energy. Olives are depicted in shades of green and brown, creating a sense of grounding and stability. The blue sky creates a feeling of peace and tranquility. The brush strokes in the painting are dense and visible, giving the painting a sense of movement and energy.<\/p>\n<p>The symbolism in the painting is also rich, as the olive grove represents the idea of nature and connection with the earth. The painting is said to represent Van Gogh&#8217;s emotional state at the time. The painting was created while Van Gogh was living at the Saint-Paul-de-Mausole Sanctuary in Saint-R\u00e9my-de-Provence, France, and is believed to reflect the artist&#8217;s feelings of longing for the natural world and connecting with nature as a form of healing .<\/p>\n<p>The painting &#8220;The Olive Orchard&#8221; is considered one of Van Gogh&#8217;s most iconic and powerful works. It is located in the Metropolitan Museum of Art in New York, USA. It is an important post-impressionist work that is still admired and studied by art lovers and experts alike. The powerful imagery, emotionality and rich symbolism make the painting a must for any art lover or anyone interested in the work of Vincent van Gogh.<\/p>\n<\/div>","protected":false},"excerpt":{"rendered":"<p>[vc_row css=&#8221;.vc_custom_1727270422789{margin-bottom: 10px !important;}&#8221;][vc_column][\/vc_column][\/vc_row][vc_row css=&#8221;.vc_custom_1727270422789{margin-bottom: 10px !important;}&#8221;][vc_column][\/vc_column][\/vc_row][vc_row css=&#8221;.vc_custom_1727270422789{margin-bottom: 10px !important;}&#8221;][vc_column][\/vc_column][\/vc_row][vc_row css=&#8221;.vc_custom_1727270422789{margin-bottom: 10px !important;}&#8221;][vc_column][\/vc_column][\/vc_row][vc_row][vc_column][vc_column_text] Vincent Van Gogh &#8211; The Olive Orchard &nbsp; Year of Creation: 1889 Original size: 92.1 cm x 73 cm Paint style: Post-Impressionism Original technique: Oil on canvas Located: Private Collection\u00a0(Chester Dale) The painter found in olive trees [&hellip;]<\/p>\n","protected":false},"featured_media":109171,"template":"","meta":{"_acf_changed":false},"product_brand":[],"product_cat":[9815],"product_tag":[9870,9862,9863,9883],"class_list":{"0":"post-83418","1":"product","2":"type-product","3":"status-publish","4":"has-post-thumbnail","6":"product_cat-vincent-van-gogh-en","7":"product_tag-painter","8":"product_tag-reproduction-en","9":"product_tag-reproductions","10":"product_tag-van-gogh-en","11":"pa_dimenzija-100-x-80-cm-en","12":"pa_dimenzija-120-x-100-cm-en","13":"pa_dimenzija-50-x-40-cm-en","14":"pa_dimenzija-60-x-50-cm-en","15":"pa_dimenzija-70-x-55-cm-en","16":"pa_dimenzija-80-x-65-cm-en","17":"pa_dimenzija-92-x-73-cm-en","18":"pa_oblika-horizontal","19":"pa_okvir-without-frame","20":"pa_podokvir-without","21":"pa_podokvir-yes","23":"first","24":"onbackorder","25":"purchasable","26":"product-type-variable","27":"has-default-attributes"},"acf":[],"yoast_head":"<!-- This site is optimized with the Yoast SEO Premium plugin v26.0 (Yoast SEO v27.2) - https:\/\/yoast.com\/product\/yoast-seo-premium-wordpress\/ -->\n<title>Vincent van Gogh - The Olive Orchard - SVETSLIK.SI - 100% hand painted<\/title>\n<meta name=\"description\" content=\"Vincent van Gogh - The Olive Orchard - 100% hand-painted reproduction of famous paintings by famous artists. Wall art, abstract paintings and custom painted paintings by order.\" \/>\n<meta name=\"robots\" content=\"index, follow, max-snippet:-1, max-image-preview:large, max-video-preview:-1\" \/>\n<link rel=\"canonical\" href=\"https:\/\/svetslik.si\/en\/vincent-van-gogh-en\/the-olive-orchard\/\" \/>\n<meta property=\"og:locale\" content=\"en_US\" \/>\n<meta property=\"og:type\" content=\"article\" \/>\n<meta property=\"og:title\" content=\"Vincent van Gogh - The Olive Orchard\" \/>\n<meta property=\"og:description\" content=\"100% ro\u010dno naslikane slike na platnu, reprodukcije znanih slikarjev in umetni\u0161ke slike po naro\u010dilu.\" \/>\n<meta property=\"og:url\" content=\"https:\/\/svetslik.si\/en\/vincent-van-gogh-en\/the-olive-orchard\/\" \/>\n<meta property=\"og:site_name\" content=\"SVETSLIK.SI\" \/>\n<meta property=\"article:publisher\" content=\"https:\/\/www.facebook.com\/svetslik.si\" \/>\n<meta property=\"article:modified_time\" content=\"2026-03-22T19:09:22+00:00\" \/>\n<meta property=\"og:image\" content=\"https:\/\/svetslik.si\/wp-content\/uploads\/2021\/09\/Vincent_van_Gogh_The_Olive_Orchard.jpg\" \/>\n\t<meta property=\"og:image:width\" content=\"1000\" \/>\n\t<meta property=\"og:image:height\" content=\"790\" \/>\n\t<meta property=\"og:image:type\" content=\"image\/jpeg\" \/>\n<meta name=\"twitter:card\" content=\"summary_large_image\" \/>\n<meta name=\"twitter:site\" content=\"@svetslik\" \/>\n<meta name=\"twitter:label1\" content=\"Availability\" \/>\n\t<meta name=\"twitter:data1\" content=\"On backorder\" \/>\n<script type=\"application\/ld+json\" class=\"yoast-schema-graph\">{\"@context\":\"https:\/\/schema.org\",\"@graph\":[{\"@type\":[\"WebPage\",\"ItemPage\"],\"@id\":\"https:\/\/svetslik.si\/en\/vincent-van-gogh-en\/the-olive-orchard\/\",\"url\":\"https:\/\/svetslik.si\/en\/vincent-van-gogh-en\/the-olive-orchard\/\",\"name\":\"Vincent van Gogh - The Olive Orchard - SVETSLIK.SI - 100% hand painted\",\"isPartOf\":{\"@id\":\"https:\/\/svetslik.si\/en\/#website\"},\"primaryImageOfPage\":{\"@id\":\"https:\/\/svetslik.si\/en\/vincent-van-gogh-en\/the-olive-orchard\/#primaryimage\"},\"image\":{\"@id\":\"https:\/\/svetslik.si\/en\/vincent-van-gogh-en\/the-olive-orchard\/#primaryimage\"},\"thumbnailUrl\":\"https:\/\/svetslik.si\/wp-content\/uploads\/2021\/09\/Vincent_van_Gogh_The_Olive_Orchard.jpg\",\"datePublished\":\"2021-09-02T16:00:59+00:00\",\"dateModified\":\"2026-03-22T19:09:22+00:00\",\"description\":\"Vincent van Gogh - The Olive Orchard - 100% hand-painted reproduction of famous paintings by famous artists. Wall art, abstract paintings and custom painted paintings by order.\",\"breadcrumb\":{\"@id\":\"https:\/\/svetslik.si\/en\/vincent-van-gogh-en\/the-olive-orchard\/#breadcrumb\"},\"inLanguage\":\"en-US\",\"potentialAction\":[{\"@type\":\"ReadAction\",\"target\":[\"https:\/\/svetslik.si\/en\/vincent-van-gogh-en\/the-olive-orchard\/\"]}]},{\"@type\":\"ImageObject\",\"inLanguage\":\"en-US\",\"@id\":\"https:\/\/svetslik.si\/en\/vincent-van-gogh-en\/the-olive-orchard\/#primaryimage\",\"url\":\"https:\/\/svetslik.si\/wp-content\/uploads\/2021\/09\/Vincent_van_Gogh_The_Olive_Orchard.jpg\",\"contentUrl\":\"https:\/\/svetslik.si\/wp-content\/uploads\/2021\/09\/Vincent_van_Gogh_The_Olive_Orchard.jpg\",\"width\":1000,\"height\":790,\"caption\":\"Vincent van Gogh - The Olive Orchard\"},{\"@type\":\"BreadcrumbList\",\"@id\":\"https:\/\/svetslik.si\/en\/vincent-van-gogh-en\/the-olive-orchard\/#breadcrumb\",\"itemListElement\":[{\"@type\":\"ListItem\",\"position\":1,\"name\":\"Wall art and paintings on canvas\",\"item\":\"https:\/\/svetslik.si\/en\/\"},{\"@type\":\"ListItem\",\"position\":2,\"name\":\"Sale of paintings\",\"item\":\"https:\/\/svetslik.si\/prodaja-slik\/\"},{\"@type\":\"ListItem\",\"position\":3,\"name\":\"Vincent van Gogh &#8211; The Olive Orchard\"}]},{\"@type\":\"WebSite\",\"@id\":\"https:\/\/svetslik.si\/en\/#website\",\"url\":\"https:\/\/svetslik.si\/en\/\",\"name\":\"SVETSLIK.SI\",\"description\":\"100% ru\u010dno naslikane reprodukcije slika poznatih slikara in umjetni\u010dke zidne slike na platnu.\",\"publisher\":{\"@id\":\"https:\/\/svetslik.si\/en\/#organization\"},\"potentialAction\":[{\"@type\":\"SearchAction\",\"target\":{\"@type\":\"EntryPoint\",\"urlTemplate\":\"https:\/\/svetslik.si\/en\/?s={search_term_string}\"},\"query-input\":{\"@type\":\"PropertyValueSpecification\",\"valueRequired\":true,\"valueName\":\"search_term_string\"}}],\"inLanguage\":\"en-US\"},{\"@type\":\"Organization\",\"@id\":\"https:\/\/svetslik.si\/en\/#organization\",\"name\":\"SvetSlik.si\",\"url\":\"https:\/\/svetslik.si\/en\/\",\"logo\":{\"@type\":\"ImageObject\",\"inLanguage\":\"en-US\",\"@id\":\"https:\/\/svetslik.si\/en\/#\/schema\/logo\/image\/\",\"url\":\"https:\/\/svetslik.si\/wp-content\/uploads\/2020\/12\/logo-512.png\",\"contentUrl\":\"https:\/\/svetslik.si\/wp-content\/uploads\/2020\/12\/logo-512.png\",\"width\":512,\"height\":512,\"caption\":\"SvetSlik.si\"},\"image\":{\"@id\":\"https:\/\/svetslik.si\/en\/#\/schema\/logo\/image\/\"},\"sameAs\":[\"https:\/\/www.facebook.com\/svetslik.si\",\"https:\/\/x.com\/svetslik\",\"https:\/\/www.instagram.com\/svetslik.si\/\",\"https:\/\/www.linkedin.com\/company\/svetslik-si\"]}]}<\/script>\n<meta property=\"og:availability\" content=\"backorder\" \/>\n<meta property=\"product:availability\" content=\"available for order\" \/>\n<meta property=\"product:retailer_item_id\" content=\"355__\" \/>\n<meta property=\"product:condition\" content=\"new\" \/>\n<!-- \/ Yoast SEO Premium plugin. -->","yoast_head_json":{"title":"Vincent van Gogh - The Olive Orchard - SVETSLIK.SI - 100% hand painted","description":"Vincent van Gogh - The Olive Orchard - 100% hand-painted reproduction of famous paintings by famous artists. Wall art, abstract paintings and custom painted paintings by order.","robots":{"index":"index","follow":"follow","max-snippet":"max-snippet:-1","max-image-preview":"max-image-preview:large","max-video-preview":"max-video-preview:-1"},"canonical":"https:\/\/svetslik.si\/en\/vincent-van-gogh-en\/the-olive-orchard\/","og_locale":"en_US","og_type":"article","og_title":"Vincent van Gogh - The Olive Orchard","og_description":"100% ro\u010dno naslikane slike na platnu, reprodukcije znanih slikarjev in umetni\u0161ke slike po naro\u010dilu.","og_url":"https:\/\/svetslik.si\/en\/vincent-van-gogh-en\/the-olive-orchard\/","og_site_name":"SVETSLIK.SI","article_publisher":"https:\/\/www.facebook.com\/svetslik.si","article_modified_time":"2026-03-22T19:09:22+00:00","og_image":[{"width":1000,"height":790,"url":"https:\/\/svetslik.si\/wp-content\/uploads\/2021\/09\/Vincent_van_Gogh_The_Olive_Orchard.jpg","type":"image\/jpeg"}],"twitter_card":"summary_large_image","twitter_site":"@svetslik","twitter_misc":{"Availability":"On backorder"},"schema":{"@context":"https:\/\/schema.org","@graph":[{"@type":["WebPage","ItemPage"],"@id":"https:\/\/svetslik.si\/en\/vincent-van-gogh-en\/the-olive-orchard\/","url":"https:\/\/svetslik.si\/en\/vincent-van-gogh-en\/the-olive-orchard\/","name":"Vincent van Gogh - The Olive Orchard - SVETSLIK.SI - 100% hand painted","isPartOf":{"@id":"https:\/\/svetslik.si\/en\/#website"},"primaryImageOfPage":{"@id":"https:\/\/svetslik.si\/en\/vincent-van-gogh-en\/the-olive-orchard\/#primaryimage"},"image":{"@id":"https:\/\/svetslik.si\/en\/vincent-van-gogh-en\/the-olive-orchard\/#primaryimage"},"thumbnailUrl":"https:\/\/svetslik.si\/wp-content\/uploads\/2021\/09\/Vincent_van_Gogh_The_Olive_Orchard.jpg","datePublished":"2021-09-02T16:00:59+00:00","dateModified":"2026-03-22T19:09:22+00:00","description":"Vincent van Gogh - The Olive Orchard - 100% hand-painted reproduction of famous paintings by famous artists. Wall art, abstract paintings and custom painted paintings by order.","breadcrumb":{"@id":"https:\/\/svetslik.si\/en\/vincent-van-gogh-en\/the-olive-orchard\/#breadcrumb"},"inLanguage":"en-US","potentialAction":[{"@type":"ReadAction","target":["https:\/\/svetslik.si\/en\/vincent-van-gogh-en\/the-olive-orchard\/"]}]},{"@type":"ImageObject","inLanguage":"en-US","@id":"https:\/\/svetslik.si\/en\/vincent-van-gogh-en\/the-olive-orchard\/#primaryimage","url":"https:\/\/svetslik.si\/wp-content\/uploads\/2021\/09\/Vincent_van_Gogh_The_Olive_Orchard.jpg","contentUrl":"https:\/\/svetslik.si\/wp-content\/uploads\/2021\/09\/Vincent_van_Gogh_The_Olive_Orchard.jpg","width":1000,"height":790,"caption":"Vincent van Gogh - The Olive Orchard"},{"@type":"BreadcrumbList","@id":"https:\/\/svetslik.si\/en\/vincent-van-gogh-en\/the-olive-orchard\/#breadcrumb","itemListElement":[{"@type":"ListItem","position":1,"name":"Wall art and paintings on canvas","item":"https:\/\/svetslik.si\/en\/"},{"@type":"ListItem","position":2,"name":"Sale of paintings","item":"https:\/\/svetslik.si\/prodaja-slik\/"},{"@type":"ListItem","position":3,"name":"Vincent van Gogh &#8211; The Olive Orchard"}]},{"@type":"WebSite","@id":"https:\/\/svetslik.si\/en\/#website","url":"https:\/\/svetslik.si\/en\/","name":"SVETSLIK.SI","description":"100% ru\u010dno naslikane reprodukcije slika poznatih slikara in umjetni\u010dke zidne slike na platnu.","publisher":{"@id":"https:\/\/svetslik.si\/en\/#organization"},"potentialAction":[{"@type":"SearchAction","target":{"@type":"EntryPoint","urlTemplate":"https:\/\/svetslik.si\/en\/?s={search_term_string}"},"query-input":{"@type":"PropertyValueSpecification","valueRequired":true,"valueName":"search_term_string"}}],"inLanguage":"en-US"},{"@type":"Organization","@id":"https:\/\/svetslik.si\/en\/#organization","name":"SvetSlik.si","url":"https:\/\/svetslik.si\/en\/","logo":{"@type":"ImageObject","inLanguage":"en-US","@id":"https:\/\/svetslik.si\/en\/#\/schema\/logo\/image\/","url":"https:\/\/svetslik.si\/wp-content\/uploads\/2020\/12\/logo-512.png","contentUrl":"https:\/\/svetslik.si\/wp-content\/uploads\/2020\/12\/logo-512.png","width":512,"height":512,"caption":"SvetSlik.si"},"image":{"@id":"https:\/\/svetslik.si\/en\/#\/schema\/logo\/image\/"},"sameAs":["https:\/\/www.facebook.com\/svetslik.si","https:\/\/x.com\/svetslik","https:\/\/www.instagram.com\/svetslik.si\/","https:\/\/www.linkedin.com\/company\/svetslik-si"]}]},"og_availability":"backorder","product_availability":"available for order","product_retailer_item_id":"355__","product_condition":"new"},"jetpack_sharing_enabled":true,"_links":{"self":[{"href":"https:\/\/svetslik.si\/en\/wp-json\/wp\/v2\/product\/83418","targetHints":{"allow":["GET"]}}],"collection":[{"href":"https:\/\/svetslik.si\/en\/wp-json\/wp\/v2\/product"}],"about":[{"href":"https:\/\/svetslik.si\/en\/wp-json\/wp\/v2\/types\/product"}],"wp:featuredmedia":[{"embeddable":true,"href":"https:\/\/svetslik.si\/en\/wp-json\/wp\/v2\/media\/109171"}],"wp:attachment":[{"href":"https:\/\/svetslik.si\/en\/wp-json\/wp\/v2\/media?parent=83418"}],"wp:term":[{"taxonomy":"product_brand","embeddable":true,"href":"https:\/\/svetslik.si\/en\/wp-json\/wp\/v2\/product_brand?post=83418"},{"taxonomy":"product_cat","embeddable":true,"href":"https:\/\/svetslik.si\/en\/wp-json\/wp\/v2\/product_cat?post=83418"},{"taxonomy":"product_tag","embeddable":true,"href":"https:\/\/svetslik.si\/en\/wp-json\/wp\/v2\/product_tag?post=83418"}],"curies":[{"name":"wp","href":"https:\/\/api.w.org\/{rel}","templated":true}]}}