{"id":83659,"date":"2021-09-02T18:04:07","date_gmt":"2021-09-02T16:04:07","guid":{"rendered":"https:\/\/svetslik.si\/uncategorized\/nude-nu\/"},"modified":"2026-03-22T20:15:40","modified_gmt":"2026-03-22T19:15:40","slug":"nude-nu","status":"publish","type":"product","link":"https:\/\/svetslik.si\/en\/amedeo-modigliani-en\/nude-nu\/","title":{"rendered":"Amedeo Modigliani &#8211; Nude (Nu)"},"content":{"rendered":"<div class=\"wpb-content-wrapper\">[vc_row css=&#8221;.vc_custom_1670947385503{margin-bottom: 10px !important;}&#8221;][vc_column]\t<div class=\"et-image-956 et-image     et_image_link\">\n\t\t<div class=\"et-image-inner \">\n\t\t\t\t\t\t\t<div class=\"et-image-thumb \">\n\t\t\t\t\t<img decoding=\"async\" width=\"2309\" height=\"2252\" src=\"https:\/\/svetslik.si\/wp-content\/uploads\/2021\/09\/Slike-na-platnu-Amedeo-Modigliani-\u2013-Nude-Nu.jpg\" class=\"attachment-full\" alt=\"Amedeo Modigliani \u2013 Nude (Nu): reproduction of famous painting, painting on canvas, Amedeo Modigliani, Nude, Nu\" title=\"Amedeo Modigliani \u2013 Nude (Nu): reproduction of famous painting, painting on canvas, Amedeo Modigliani, Nude, Nu\" srcset=\"https:\/\/svetslik.si\/wp-content\/uploads\/2021\/09\/Slike-na-platnu-Amedeo-Modigliani-\u2013-Nude-Nu.jpg 2309w, https:\/\/svetslik.si\/wp-content\/uploads\/2021\/09\/Slike-na-platnu-Amedeo-Modigliani-\u2013-Nude-Nu-600x585.jpg 600w, https:\/\/svetslik.si\/wp-content\/uploads\/2021\/09\/Slike-na-platnu-Amedeo-Modigliani-\u2013-Nude-Nu-1200x1170.jpg 1200w, https:\/\/svetslik.si\/wp-content\/uploads\/2021\/09\/Slike-na-platnu-Amedeo-Modigliani-\u2013-Nude-Nu-300x293.jpg 300w, https:\/\/svetslik.si\/wp-content\/uploads\/2021\/09\/Slike-na-platnu-Amedeo-Modigliani-\u2013-Nude-Nu-1024x999.jpg 1024w, https:\/\/svetslik.si\/wp-content\/uploads\/2021\/09\/Slike-na-platnu-Amedeo-Modigliani-\u2013-Nude-Nu-768x749.jpg 768w, https:\/\/svetslik.si\/wp-content\/uploads\/2021\/09\/Slike-na-platnu-Amedeo-Modigliani-\u2013-Nude-Nu-1536x1498.jpg 1536w, https:\/\/svetslik.si\/wp-content\/uploads\/2021\/09\/Slike-na-platnu-Amedeo-Modigliani-\u2013-Nude-Nu-2048x1997.jpg 2048w, https:\/\/svetslik.si\/wp-content\/uploads\/2021\/09\/Slike-na-platnu-Amedeo-Modigliani-\u2013-Nude-Nu-12x12.jpg 12w, https:\/\/svetslik.si\/wp-content\/uploads\/2021\/09\/Slike-na-platnu-Amedeo-Modigliani-\u2013-Nude-Nu-150x146.jpg 150w, https:\/\/svetslik.si\/wp-content\/uploads\/2021\/09\/Slike-na-platnu-Amedeo-Modigliani-\u2013-Nude-Nu-1320x1287.jpg 1320w\" sizes=\"(max-width: 2309px) 100vw, 2309px\" \/>\t\t\t\t<\/div>\n\t\t\t\t\t\t\t\t\t\t\t<\/div>\n\t<\/div>\n  [\/vc_column][\/vc_row][vc_row css =&#8221;.vc_custom_1670947385503{margin-bottom: 10px !important;}&#8221;][vc_column]\t<div class=\"et-image-333 et-image     et_image_link\">\n\t\t<div class=\"et-image-inner \">\n\t\t\t\t\t\t\t<div class=\"et-image-thumb \">\n\t\t\t\t\t<img decoding=\"async\" width=\"2560\" height=\"1441\" src=\"https:\/\/svetslik.si\/wp-content\/uploads\/2021\/09\/slike-na-platnu-Amedeo-Modigliani-\u2013-Nude-Nu-1-scaled.jpg\" class=\"attachment-full\" alt=\"Amedeo Modigliani \u2013 Nude (Nu): reproduction of famous painting, painting on canvas, Amedeo Modigliani, Nude, Nu\" title=\"Amedeo Modigliani \u2013 Nude (Nu): reproduction of famous painting, painting on canvas, Amedeo Modigliani, Nude, Nu\" srcset=\"https:\/\/svetslik.si\/wp-content\/uploads\/2021\/09\/slike-na-platnu-Amedeo-Modigliani-\u2013-Nude-Nu-1-scaled.jpg 2560w, https:\/\/svetslik.si\/wp-content\/uploads\/2021\/09\/slike-na-platnu-Amedeo-Modigliani-\u2013-Nude-Nu-1-scaled-600x338.jpg 600w, https:\/\/svetslik.si\/wp-content\/uploads\/2021\/09\/slike-na-platnu-Amedeo-Modigliani-\u2013-Nude-Nu-1-scaled-1200x675.jpg 1200w, https:\/\/svetslik.si\/wp-content\/uploads\/2021\/09\/slike-na-platnu-Amedeo-Modigliani-\u2013-Nude-Nu-1-300x169.jpg 300w, https:\/\/svetslik.si\/wp-content\/uploads\/2021\/09\/slike-na-platnu-Amedeo-Modigliani-\u2013-Nude-Nu-1-1024x577.jpg 1024w, https:\/\/svetslik.si\/wp-content\/uploads\/2021\/09\/slike-na-platnu-Amedeo-Modigliani-\u2013-Nude-Nu-1-768x432.jpg 768w, https:\/\/svetslik.si\/wp-content\/uploads\/2021\/09\/slike-na-platnu-Amedeo-Modigliani-\u2013-Nude-Nu-1-1536x865.jpg 1536w, https:\/\/svetslik.si\/wp-content\/uploads\/2021\/09\/slike-na-platnu-Amedeo-Modigliani-\u2013-Nude-Nu-1-2048x1153.jpg 2048w, https:\/\/svetslik.si\/wp-content\/uploads\/2021\/09\/slike-na-platnu-Amedeo-Modigliani-\u2013-Nude-Nu-1-18x10.jpg 18w, https:\/\/svetslik.si\/wp-content\/uploads\/2021\/09\/slike-na-platnu-Amedeo-Modigliani-\u2013-Nude-Nu-1-150x84.jpg 150w, https:\/\/svetslik.si\/wp-content\/uploads\/2021\/09\/slike-na-platnu-Amedeo-Modigliani-\u2013-Nude-Nu-1-1320x743.jpg 1320w\" sizes=\"(max-width: 2560px) 100vw, 2560px\" \/>\t\t\t\t<\/div>\n\t\t\t\t\t\t\t\t\t\t\t<\/div>\n\t<\/div>\n  [\/vc_column][\/vc_row][vc_row][vc_column] [vc_column_text]\n<h1>Amedeo Modigliani &#8211; Nude (Nu)<\/h1>\n<p>&nbsp;<\/p>\n<table style=\"width: 632px\" border=\"0\" width=\"632\" cellspacing=\"0\" cellpadding=\"0\">\n<tbody>\n<tr>\n<td style=\"width: 180px;height: 21px\" height=\"21\">Year of creation:<\/td>\n<td style=\"width: 452px\">1917<\/td>\n<\/tr>\n<tr>\n<td style=\"width: 180px;height: 21px\" height=\"21\">Original size:<\/td>\n<td style=\"width: 452px\">116 cm x 73 cm<\/td>\n<\/tr>\n<tr>\n<td style=\"width: 180px;height: 21px\" height=\"21\">Paint style:<\/td>\n<td style=\"width: 452px\">Expressionism<\/td>\n<\/tr>\n<tr>\n<td style=\"width: 180px;height: 21px\" height=\"21\">Original technique:<\/td>\n<td>Oil on canvas<\/td>\n<\/tr>\n<tr>\n<td style=\"width: 180px;height: 21px\" height=\"21\">Located:<\/td>\n<td style=\"width: 452px\">Guggenheim Museum, New York<\/td>\n<\/tr>\n<\/tbody>\n<colgroup>\n<col \/>\n<col \/> <\/colgroup>\n<\/table>\n<p>The painting belongs to a highly valued series of paintings with the motif of naked women, and in these works the painter continues the tradition of depicting Venus in a slightly different way &#8211; the eroticism of the early figures in the paintings is always involved in a mythological or comic context, while Modigliani does not deal with this \u2013 his women on screen are directly frank and provocative. In this series, the artist depicted models and never friends or lovers \u2013 the figures lie on a dark bedspread that accentuates the tone of their skin; we see them up close and usually from above. Their stylized bodies occupy almost the entire canvas, and their hands and feet are often outside the frame of the painting. Sometimes the figures are shown sleeping, but often they are also facing the viewer.[\/vc_column_text][\/vc_column][\/vc_row]\n<\/div>","protected":false},"excerpt":{"rendered":"<p>[vc_row css=&#8221;.vc_custom_1670947385503{margin-bottom: 10px !important;}&#8221;][vc_column][\/vc_column][\/vc_row][vc_row css =&#8221;.vc_custom_1670947385503{margin-bottom: 10px !important;}&#8221;][vc_column][\/vc_column][\/vc_row][vc_row][vc_column] [vc_column_text] Amedeo Modigliani &#8211; Nude (Nu) &nbsp; Year of creation: 1917 Original size: 116 cm x 73 cm Paint style: Expressionism Original technique: Oil on canvas Located: Guggenheim Museum, New York The painting belongs to a highly valued series of paintings with [&hellip;]<\/p>\n","protected":false},"featured_media":78987,"template":"","meta":{"_acf_changed":false},"product_brand":[],"product_cat":[9802],"product_tag":[9848,9870,9862,9863],"class_list":{"0":"post-83659","1":"product","2":"type-product","3":"status-publish","4":"has-post-thumbnail","6":"product_cat-amedeo-modigliani-en","7":"product_tag-modigliani-en","8":"product_tag-painter","9":"product_tag-reproduction-en","10":"product_tag-reproductions","11":"pa_dimenzija-100-x-65-cm","12":"pa_dimenzija-110-x-70-cm","13":"pa_dimenzija-116-x-73-cm","14":"pa_dimenzija-150-x-100-cm","15":"pa_dimenzija-180-x-110-cm","16":"pa_dimenzija-70-x-45-cm","17":"pa_dimenzija-80-x-50-cm","18":"pa_dimenzija-90-x-60-cm","19":"pa_oblika-horizontal","20":"pa_okvir-without-frame","21":"pa_podokvir-without","22":"pa_podokvir-yes","24":"first","25":"onbackorder","26":"purchasable","27":"product-type-variable","28":"has-default-attributes"},"acf":[],"yoast_head":"<!-- This site is optimized with the Yoast SEO Premium plugin v26.0 (Yoast SEO v27.2) - https:\/\/yoast.com\/product\/yoast-seo-premium-wordpress\/ -->\n<title>Amedeo Modigliani - Nude (Nu) - SVETSLIK.SI - 100% hand painted<\/title>\n<meta name=\"description\" content=\"Amedeo Modigliani - Nude (Nu) - 100% hand-painted reproduction of famous paintings by famous artists. Wall art, abstract paintings and custom painted paintings by order.\" \/>\n<meta name=\"robots\" content=\"index, follow, max-snippet:-1, max-image-preview:large, max-video-preview:-1\" \/>\n<link rel=\"canonical\" href=\"https:\/\/svetslik.si\/en\/amedeo-modigliani-en\/nude-nu\/\" \/>\n<meta property=\"og:locale\" content=\"en_US\" \/>\n<meta property=\"og:type\" content=\"article\" \/>\n<meta property=\"og:title\" content=\"Amedeo Modigliani - Nude (Nu)\" \/>\n<meta property=\"og:description\" content=\"100% ro\u010dno naslikane slike na platnu, reprodukcije znanih slikarjev in umetni\u0161ke slike po naro\u010dilu.\" \/>\n<meta property=\"og:url\" content=\"https:\/\/svetslik.si\/en\/amedeo-modigliani-en\/nude-nu\/\" \/>\n<meta property=\"og:site_name\" content=\"SVETSLIK.SI\" \/>\n<meta property=\"article:publisher\" content=\"https:\/\/www.facebook.com\/svetslik.si\" \/>\n<meta property=\"article:modified_time\" content=\"2026-03-22T19:15:40+00:00\" \/>\n<meta property=\"og:image\" content=\"https:\/\/svetslik.si\/wp-content\/uploads\/2021\/08\/image_Nude-Nu-Modigliani_680.jpg\" \/>\n\t<meta property=\"og:image:width\" content=\"2048\" \/>\n\t<meta property=\"og:image:height\" content=\"1272\" \/>\n\t<meta property=\"og:image:type\" content=\"image\/jpeg\" \/>\n<meta name=\"twitter:card\" content=\"summary_large_image\" \/>\n<meta name=\"twitter:site\" content=\"@svetslik\" \/>\n<meta name=\"twitter:label1\" content=\"Availability\" \/>\n\t<meta name=\"twitter:data1\" content=\"On backorder\" \/>\n<script type=\"application\/ld+json\" class=\"yoast-schema-graph\">{\"@context\":\"https:\/\/schema.org\",\"@graph\":[{\"@type\":[\"WebPage\",\"ItemPage\"],\"@id\":\"https:\/\/svetslik.si\/en\/amedeo-modigliani-en\/nude-nu\/\",\"url\":\"https:\/\/svetslik.si\/en\/amedeo-modigliani-en\/nude-nu\/\",\"name\":\"Amedeo Modigliani - Nude (Nu) - SVETSLIK.SI - 100% hand painted\",\"isPartOf\":{\"@id\":\"https:\/\/svetslik.si\/en\/#website\"},\"primaryImageOfPage\":{\"@id\":\"https:\/\/svetslik.si\/en\/amedeo-modigliani-en\/nude-nu\/#primaryimage\"},\"image\":{\"@id\":\"https:\/\/svetslik.si\/en\/amedeo-modigliani-en\/nude-nu\/#primaryimage\"},\"thumbnailUrl\":\"https:\/\/svetslik.si\/wp-content\/uploads\/2021\/08\/image_Nude-Nu-Modigliani_680.jpg\",\"datePublished\":\"2021-09-02T16:04:07+00:00\",\"dateModified\":\"2026-03-22T19:15:40+00:00\",\"description\":\"Amedeo Modigliani - Nude (Nu) - 100% hand-painted reproduction of famous paintings by famous artists. Wall art, abstract paintings and custom painted paintings by order.\",\"breadcrumb\":{\"@id\":\"https:\/\/svetslik.si\/en\/amedeo-modigliani-en\/nude-nu\/#breadcrumb\"},\"inLanguage\":\"en-US\",\"potentialAction\":[{\"@type\":\"ReadAction\",\"target\":[\"https:\/\/svetslik.si\/en\/amedeo-modigliani-en\/nude-nu\/\"]}]},{\"@type\":\"ImageObject\",\"inLanguage\":\"en-US\",\"@id\":\"https:\/\/svetslik.si\/en\/amedeo-modigliani-en\/nude-nu\/#primaryimage\",\"url\":\"https:\/\/svetslik.si\/wp-content\/uploads\/2021\/08\/image_Nude-Nu-Modigliani_680.jpg\",\"contentUrl\":\"https:\/\/svetslik.si\/wp-content\/uploads\/2021\/08\/image_Nude-Nu-Modigliani_680.jpg\",\"width\":2048,\"height\":1272,\"caption\":\"Amedeo Modigliani - Nude (Nu) - reproduction of famous painting by famous artist, hand painted painting on canvas, modern art, figurative\"},{\"@type\":\"BreadcrumbList\",\"@id\":\"https:\/\/svetslik.si\/en\/amedeo-modigliani-en\/nude-nu\/#breadcrumb\",\"itemListElement\":[{\"@type\":\"ListItem\",\"position\":1,\"name\":\"Wall art and paintings on canvas\",\"item\":\"https:\/\/svetslik.si\/en\/\"},{\"@type\":\"ListItem\",\"position\":2,\"name\":\"Sale of paintings\",\"item\":\"https:\/\/svetslik.si\/prodaja-slik\/\"},{\"@type\":\"ListItem\",\"position\":3,\"name\":\"Amedeo Modigliani &#8211; Nude (Nu)\"}]},{\"@type\":\"WebSite\",\"@id\":\"https:\/\/svetslik.si\/en\/#website\",\"url\":\"https:\/\/svetslik.si\/en\/\",\"name\":\"SVETSLIK.SI\",\"description\":\"100% ru\u010dno naslikane reprodukcije slika poznatih slikara in umjetni\u010dke zidne slike na platnu.\",\"publisher\":{\"@id\":\"https:\/\/svetslik.si\/en\/#organization\"},\"potentialAction\":[{\"@type\":\"SearchAction\",\"target\":{\"@type\":\"EntryPoint\",\"urlTemplate\":\"https:\/\/svetslik.si\/en\/?s={search_term_string}\"},\"query-input\":{\"@type\":\"PropertyValueSpecification\",\"valueRequired\":true,\"valueName\":\"search_term_string\"}}],\"inLanguage\":\"en-US\"},{\"@type\":\"Organization\",\"@id\":\"https:\/\/svetslik.si\/en\/#organization\",\"name\":\"SvetSlik.si\",\"url\":\"https:\/\/svetslik.si\/en\/\",\"logo\":{\"@type\":\"ImageObject\",\"inLanguage\":\"en-US\",\"@id\":\"https:\/\/svetslik.si\/en\/#\/schema\/logo\/image\/\",\"url\":\"https:\/\/svetslik.si\/wp-content\/uploads\/2020\/12\/logo-512.png\",\"contentUrl\":\"https:\/\/svetslik.si\/wp-content\/uploads\/2020\/12\/logo-512.png\",\"width\":512,\"height\":512,\"caption\":\"SvetSlik.si\"},\"image\":{\"@id\":\"https:\/\/svetslik.si\/en\/#\/schema\/logo\/image\/\"},\"sameAs\":[\"https:\/\/www.facebook.com\/svetslik.si\",\"https:\/\/x.com\/svetslik\",\"https:\/\/www.instagram.com\/svetslik.si\/\",\"https:\/\/www.linkedin.com\/company\/svetslik-si\"]}]}<\/script>\n<meta property=\"og:availability\" content=\"backorder\" \/>\n<meta property=\"product:availability\" content=\"available for order\" \/>\n<meta property=\"product:retailer_item_id\" content=\"385__\" \/>\n<meta property=\"product:condition\" content=\"new\" \/>\n<!-- \/ Yoast SEO Premium plugin. -->","yoast_head_json":{"title":"Amedeo Modigliani - Nude (Nu) - SVETSLIK.SI - 100% hand painted","description":"Amedeo Modigliani - Nude (Nu) - 100% hand-painted reproduction of famous paintings by famous artists. Wall art, abstract paintings and custom painted paintings by order.","robots":{"index":"index","follow":"follow","max-snippet":"max-snippet:-1","max-image-preview":"max-image-preview:large","max-video-preview":"max-video-preview:-1"},"canonical":"https:\/\/svetslik.si\/en\/amedeo-modigliani-en\/nude-nu\/","og_locale":"en_US","og_type":"article","og_title":"Amedeo Modigliani - Nude (Nu)","og_description":"100% ro\u010dno naslikane slike na platnu, reprodukcije znanih slikarjev in umetni\u0161ke slike po naro\u010dilu.","og_url":"https:\/\/svetslik.si\/en\/amedeo-modigliani-en\/nude-nu\/","og_site_name":"SVETSLIK.SI","article_publisher":"https:\/\/www.facebook.com\/svetslik.si","article_modified_time":"2026-03-22T19:15:40+00:00","og_image":[{"width":2048,"height":1272,"url":"https:\/\/svetslik.si\/wp-content\/uploads\/2021\/08\/image_Nude-Nu-Modigliani_680.jpg","type":"image\/jpeg"}],"twitter_card":"summary_large_image","twitter_site":"@svetslik","twitter_misc":{"Availability":"On backorder"},"schema":{"@context":"https:\/\/schema.org","@graph":[{"@type":["WebPage","ItemPage"],"@id":"https:\/\/svetslik.si\/en\/amedeo-modigliani-en\/nude-nu\/","url":"https:\/\/svetslik.si\/en\/amedeo-modigliani-en\/nude-nu\/","name":"Amedeo Modigliani - Nude (Nu) - SVETSLIK.SI - 100% hand painted","isPartOf":{"@id":"https:\/\/svetslik.si\/en\/#website"},"primaryImageOfPage":{"@id":"https:\/\/svetslik.si\/en\/amedeo-modigliani-en\/nude-nu\/#primaryimage"},"image":{"@id":"https:\/\/svetslik.si\/en\/amedeo-modigliani-en\/nude-nu\/#primaryimage"},"thumbnailUrl":"https:\/\/svetslik.si\/wp-content\/uploads\/2021\/08\/image_Nude-Nu-Modigliani_680.jpg","datePublished":"2021-09-02T16:04:07+00:00","dateModified":"2026-03-22T19:15:40+00:00","description":"Amedeo Modigliani - Nude (Nu) - 100% hand-painted reproduction of famous paintings by famous artists. Wall art, abstract paintings and custom painted paintings by order.","breadcrumb":{"@id":"https:\/\/svetslik.si\/en\/amedeo-modigliani-en\/nude-nu\/#breadcrumb"},"inLanguage":"en-US","potentialAction":[{"@type":"ReadAction","target":["https:\/\/svetslik.si\/en\/amedeo-modigliani-en\/nude-nu\/"]}]},{"@type":"ImageObject","inLanguage":"en-US","@id":"https:\/\/svetslik.si\/en\/amedeo-modigliani-en\/nude-nu\/#primaryimage","url":"https:\/\/svetslik.si\/wp-content\/uploads\/2021\/08\/image_Nude-Nu-Modigliani_680.jpg","contentUrl":"https:\/\/svetslik.si\/wp-content\/uploads\/2021\/08\/image_Nude-Nu-Modigliani_680.jpg","width":2048,"height":1272,"caption":"Amedeo Modigliani - Nude (Nu) - reproduction of famous painting by famous artist, hand painted painting on canvas, modern art, figurative"},{"@type":"BreadcrumbList","@id":"https:\/\/svetslik.si\/en\/amedeo-modigliani-en\/nude-nu\/#breadcrumb","itemListElement":[{"@type":"ListItem","position":1,"name":"Wall art and paintings on canvas","item":"https:\/\/svetslik.si\/en\/"},{"@type":"ListItem","position":2,"name":"Sale of paintings","item":"https:\/\/svetslik.si\/prodaja-slik\/"},{"@type":"ListItem","position":3,"name":"Amedeo Modigliani &#8211; Nude (Nu)"}]},{"@type":"WebSite","@id":"https:\/\/svetslik.si\/en\/#website","url":"https:\/\/svetslik.si\/en\/","name":"SVETSLIK.SI","description":"100% ru\u010dno naslikane reprodukcije slika poznatih slikara in umjetni\u010dke zidne slike na platnu.","publisher":{"@id":"https:\/\/svetslik.si\/en\/#organization"},"potentialAction":[{"@type":"SearchAction","target":{"@type":"EntryPoint","urlTemplate":"https:\/\/svetslik.si\/en\/?s={search_term_string}"},"query-input":{"@type":"PropertyValueSpecification","valueRequired":true,"valueName":"search_term_string"}}],"inLanguage":"en-US"},{"@type":"Organization","@id":"https:\/\/svetslik.si\/en\/#organization","name":"SvetSlik.si","url":"https:\/\/svetslik.si\/en\/","logo":{"@type":"ImageObject","inLanguage":"en-US","@id":"https:\/\/svetslik.si\/en\/#\/schema\/logo\/image\/","url":"https:\/\/svetslik.si\/wp-content\/uploads\/2020\/12\/logo-512.png","contentUrl":"https:\/\/svetslik.si\/wp-content\/uploads\/2020\/12\/logo-512.png","width":512,"height":512,"caption":"SvetSlik.si"},"image":{"@id":"https:\/\/svetslik.si\/en\/#\/schema\/logo\/image\/"},"sameAs":["https:\/\/www.facebook.com\/svetslik.si","https:\/\/x.com\/svetslik","https:\/\/www.instagram.com\/svetslik.si\/","https:\/\/www.linkedin.com\/company\/svetslik-si"]}]},"og_availability":"backorder","product_availability":"available for order","product_retailer_item_id":"385__","product_condition":"new"},"jetpack_sharing_enabled":true,"_links":{"self":[{"href":"https:\/\/svetslik.si\/en\/wp-json\/wp\/v2\/product\/83659","targetHints":{"allow":["GET"]}}],"collection":[{"href":"https:\/\/svetslik.si\/en\/wp-json\/wp\/v2\/product"}],"about":[{"href":"https:\/\/svetslik.si\/en\/wp-json\/wp\/v2\/types\/product"}],"wp:featuredmedia":[{"embeddable":true,"href":"https:\/\/svetslik.si\/en\/wp-json\/wp\/v2\/media\/78987"}],"wp:attachment":[{"href":"https:\/\/svetslik.si\/en\/wp-json\/wp\/v2\/media?parent=83659"}],"wp:term":[{"taxonomy":"product_brand","embeddable":true,"href":"https:\/\/svetslik.si\/en\/wp-json\/wp\/v2\/product_brand?post=83659"},{"taxonomy":"product_cat","embeddable":true,"href":"https:\/\/svetslik.si\/en\/wp-json\/wp\/v2\/product_cat?post=83659"},{"taxonomy":"product_tag","embeddable":true,"href":"https:\/\/svetslik.si\/en\/wp-json\/wp\/v2\/product_tag?post=83659"}],"curies":[{"name":"wp","href":"https:\/\/api.w.org\/{rel}","templated":true}]}}