{"id":83827,"date":"2021-09-02T18:06:07","date_gmt":"2021-09-02T16:06:07","guid":{"rendered":"https:\/\/svetslik.si\/uncategorized\/the-potato-eaters\/"},"modified":"2026-03-22T20:19:52","modified_gmt":"2026-03-22T19:19:52","slug":"the-potato-eaters","status":"publish","type":"product","link":"https:\/\/svetslik.si\/en\/vincent-van-gogh-en\/the-potato-eaters\/","title":{"rendered":"Vincent van Gogh &#8211; The Potato Eaters"},"content":{"rendered":"<div class=\"wpb-content-wrapper\">[vc_row][vc_column][vc_column_text]\n<h1>Vincent Van Gogh &#8211; The Potato Eaters<\/h1>\n<p>&nbsp;<\/p>\n<table style=\"width: 497px\" border=\"0\" width=\"497\" cellspacing=\"0\" cellpadding=\"0\">\n<tbody>\n<tr>\n<td style=\"width: 155px;height: 21px\" height=\"21\">Year of Creation:<\/td>\n<td style=\"width: 343px\">1885<\/td>\n<\/tr>\n<tr>\n<td style=\"width: 155px;height: 21px\" height=\"21\">Original size:<\/td>\n<td style=\"width: 343px\">114 cm x 82 cm<\/td>\n<\/tr>\n<tr>\n<td style=\"width: 155px;height: 21px\" height=\"21\">Paint style:<\/td>\n<td style=\"width: 343px\">Post-Impressionism<\/td>\n<\/tr>\n<tr>\n<td style=\"width: 155px;height: 21px\" height=\"21\">Original technique:<\/td>\n<td style=\"width: 343px\">Oil on canvas<\/td>\n<\/tr>\n<tr>\n<td style=\"width: 155px;height: 21px\" height=\"21\">Located:<\/td>\n<td style=\"width: 343px\">Van Gogh Museum, Netherlands<\/td>\n<\/tr>\n<\/tbody>\n<colgroup>\n<col \/>\n<col \/> <\/colgroup>\n<\/table>\n<p>&nbsp;<\/p>\n<div>The painting on canvas <em>The Potato Eaters<\/em> is considered by many to be Van Gogh&#8217;s first true work of art. At the time of the creation of the artistic painting, the painter was just at the beginning of his artistic journey and had not yet mastered the techniques that would later make him famous. This is also what makes this artwork extremely interesting.<\/div>\n<div>Van Gogh wanted to create his first masterpiece, which would strengthen his reputation; the painter&#8217;s intention was to paint human figures whose appearance would not be awkward, but natural. He prepared the artwork for his first exhibition in Paris.<\/div>\n<div><\/div>\n[\/vc_column_text][\/vc_column][\/vc_row][vc_row css=&#8221;.vc_custom_1640018901259{margin-bottom: 30px !important;}&#8221;][vc_column]\t<div class=\"et-image-583 et-image  full   et_image_link\">\n\t\t<div class=\"et-image-inner \">\n\t\t\t\t\t\t\t<a  class=\"mfp-image et-lightbox\" data-mfp-type=\"image\" data-mfp-src=\"https:\/\/svetslik.si\/wp-content\/uploads\/2021\/09\/vincent-van-gogh-starry-night-zvezdnata-noc-slika-na-platnu-potato-earters-scaled-e1702592118536.jpg\"  title=\"Vincent van Gogh &#8211; The Potato Eaters &#8211; an example of a hand-painted reproduction\">\n\t\t\t\t\t\t\t<div class=\"et-image-thumb \">\n\t\t\t\t\t<img decoding=\"async\" width=\"1843\" height=\"1440\" src=\"https:\/\/svetslik.si\/wp-content\/uploads\/2021\/09\/vincent-van-gogh-starry-night-zvezdnata-noc-slika-na-platnu-potato-earters-scaled-e1702592118536.jpg\" class=\"attachment-full\" alt=\"Vincent van Gogh - The Potato Eaters - an example of a hand-painted reproduction\" title=\"Vincent van Gogh - The Potato Eaters - an example of a hand-painted reproduction\" srcset=\"https:\/\/svetslik.si\/wp-content\/uploads\/2021\/09\/vincent-van-gogh-starry-night-zvezdnata-noc-slika-na-platnu-potato-earters-scaled-e1702592118536.jpg 1843w, https:\/\/svetslik.si\/wp-content\/uploads\/2021\/09\/vincent-van-gogh-starry-night-zvezdnata-noc-slika-na-platnu-potato-earters-scaled-e1702592118536-600x469.jpg 600w, https:\/\/svetslik.si\/wp-content\/uploads\/2021\/09\/vincent-van-gogh-starry-night-zvezdnata-noc-slika-na-platnu-potato-earters-scaled-e1702592118536-1200x938.jpg 1200w\" sizes=\"(max-width: 1843px) 100vw, 1843px\" \/>\t\t\t\t<\/div>\n\t\t\t\t\t\t\t<\/a>\n\t\t\t\t\t\t\t\t\t\t<div class=\"wp-caption-text\">Vincent van Gogh - The Potato Eaters - an example of a hand-painted reproduction<\/div>\n\t\t\t\t\t\t\t\t<\/div>\n\t<\/div>\n  [\/vc_column][\/vc_row][vc_row css=&#8221;.vc_custom_1674217797940{margin-bottom: 10px !important;}&#8221;][vc_column]\t<div class=\"et-image-905 et-image  full   et_image_link\">\n\t\t<div class=\"et-image-inner \">\n\t\t\t\t\t\t\t<a  class=\"mfp-image et-lightbox\" data-mfp-type=\"image\" data-mfp-src=\"https:\/\/svetslik.si\/wp-content\/uploads\/2021\/09\/vincent-van-gogh-slika-na-platnu-potato-earters-scaled.jpg\"  title=\"Vincent van Gogh &#8211; The Potato Eaters &#8211; an example of a hand-painted reproduction\">\n\t\t\t\t\t\t\t<div class=\"et-image-thumb \">\n\t\t\t\t\t<img decoding=\"async\" width=\"2560\" height=\"1920\" src=\"https:\/\/svetslik.si\/wp-content\/uploads\/2021\/09\/vincent-van-gogh-slika-na-platnu-potato-earters-scaled.jpg\" class=\"attachment-full\" alt=\"Vincent van Gogh - The Potato Eaters - an example of a hand-painted reproduction\" title=\"Vincent van Gogh - The Potato Eaters - an example of a hand-painted reproduction\" srcset=\"https:\/\/svetslik.si\/wp-content\/uploads\/2021\/09\/vincent-van-gogh-slika-na-platnu-potato-earters-scaled.jpg 2560w, https:\/\/svetslik.si\/wp-content\/uploads\/2021\/09\/vincent-van-gogh-slika-na-platnu-potato-earters-600x450.jpg 600w, https:\/\/svetslik.si\/wp-content\/uploads\/2021\/09\/vincent-van-gogh-slika-na-platnu-potato-earters-scaled-1200x900.jpg 1200w, https:\/\/svetslik.si\/wp-content\/uploads\/2021\/09\/vincent-van-gogh-slika-na-platnu-potato-earters-300x225.jpg 300w, https:\/\/svetslik.si\/wp-content\/uploads\/2021\/09\/vincent-van-gogh-slika-na-platnu-potato-earters-1024x768.jpg 1024w, https:\/\/svetslik.si\/wp-content\/uploads\/2021\/09\/vincent-van-gogh-slika-na-platnu-potato-earters-768x576.jpg 768w, https:\/\/svetslik.si\/wp-content\/uploads\/2021\/09\/vincent-van-gogh-slika-na-platnu-potato-earters-1536x1152.jpg 1536w, https:\/\/svetslik.si\/wp-content\/uploads\/2021\/09\/vincent-van-gogh-slika-na-platnu-potato-earters-2048x1536.jpg 2048w, https:\/\/svetslik.si\/wp-content\/uploads\/2021\/09\/vincent-van-gogh-slika-na-platnu-potato-earters-150x113.jpg 150w, https:\/\/svetslik.si\/wp-content\/uploads\/2021\/09\/vincent-van-gogh-slika-na-platnu-potato-earters-1320x990.jpg 1320w, https:\/\/svetslik.si\/wp-content\/uploads\/2021\/09\/vincent-van-gogh-slika-na-platnu-potato-earters-900x675.jpg 900w\" sizes=\"(max-width: 2560px) 100vw, 2560px\" \/>\t\t\t\t<\/div>\n\t\t\t\t\t\t\t<\/a>\n\t\t\t\t\t\t\t\t\t\t<div class=\"wp-caption-text\">Vincent van Gogh - The Potato Eaters - an example of a hand-painted reproduction<\/div>\n\t\t\t\t\t\t\t\t<\/div>\n\t<\/div>\n  [\/vc_column][\/vc_row][vc_row][vc_column][vc_column_text]Image &#8220;Potato Eaters&#8221; It was created by Vincent van Gogh in 1885 and is considered one of the artist&#8217;s most important early works. The painting shows a peasant family sitting down to a simple meal of potatoes and depicts the daily life and struggle of the working class in the Netherlands. The painting is distinguished by the use of dark, gloomy colors and an emphasis on the rough, textured surfaces of the figures and objects in the painting.<\/p>\n<p>The picture shows a family of five sitting at a table eating a meal of potatoes. The figures are rendered with rough, textured surfaces, and their faces are heavily blurred, giving them a sense of age and weariness. The colors in the painting are dark and gloomy, shades of brown, gray and black prevail. Dark colors and rough surfaces give the painting a sense of realism and cruelty of peasant class life.<\/p>\n<p>The composition of the painting is also noticeable, as the diagonal lines of the table and figures create a sense of movement and dynamics. The figures in the painting are depicted in a simplified, almost abstract manner, they are blurred and distorted, which creates a feeling of movement and energy. This gives the image a sense of immediacy and captures the mood and atmosphere of the scene.<\/p>\n<p>The painting Potato Eaters is considered to represent van Gogh&#8217;s social and political beliefs. He was deeply concerned about the plight of the working class and wanted to raise awareness of their struggles through his art. The painting is considered a reflection of his desire to capture the reality of working class life and reveal the beauty and dignity of their daily struggles.<\/p>\n<p>In technique, the painting is recognizable by the use of dark, gloomy colors, rough, textured surfaces and dense, visible brush strokes. Van Gogh&#8217;s use of color in the painting is particularly striking. Dark colors give the painting a sense of realism and the cruelty of peasant class life. Rough, textured surfaces add depth and dimension to the image, making it a true masterpiece of realism.<\/p>\n<p>The painting &#8220;Potato Eaters&#8221; is considered a symbol of van Gogh&#8217;s artistic and social beliefs and is considered one of his most important early works. The painting is on display in several museums around the world, including the Van Gogh Museum in Amsterdam, the Metropolitan Museum of Art in New York and the National Gallery in London. The painting continues to inspire and influence artists today, and its enduring popularity is testament to van Gogh&#8217;s lasting legacy as one of the most important figures in the history of art.<\/p>\n<p>In summary, the painting &#8220;The Potato Eaters&#8221; is a painting created by Vincent van Gogh in 1885 and is considered one of the artist&#8217;s most important early works. The painting depicts a peasant family sitting down to a simple meal of potatoes, summing up the daily life and struggle of the working class in the Netherlands. The painting is characterized by the use of dark, gloomy colors, rough, textured surfaces and an emphasis on the rough, textured surfaces of the figures and objects in the painting. The painting is considered a reflection of van Gogh&#8217;s social and political beliefs and a reflection of his desire to capture the reality of working-class life and reveal the beauty and dignity of their daily struggles. Art lovers and pIt is still celebrated and admired by blacksmiths around the world, and is also considered a true representation of van Gogh&#8217;s artistic and social beliefs.[\/vc_column_text][\/vc_column][\/vc_row]\n<\/div>","protected":false},"excerpt":{"rendered":"<p>[vc_row][vc_column][vc_column_text] Vincent Van Gogh &#8211; The Potato Eaters &nbsp; Year of Creation: 1885 Original size: 114 cm x 82 cm Paint style: Post-Impressionism Original technique: Oil on canvas Located: Van Gogh Museum, Netherlands &nbsp; The painting on canvas The Potato Eaters is considered by many to be Van Gogh&#8217;s first [&hellip;]<\/p>\n","protected":false},"featured_media":79321,"template":"","meta":{"_acf_changed":false},"product_brand":[],"product_cat":[9815],"product_tag":[9870,9862,9863,9883],"class_list":{"0":"post-83827","1":"product","2":"type-product","3":"status-publish","4":"has-post-thumbnail","6":"product_cat-vincent-van-gogh-en","7":"product_tag-painter","8":"product_tag-reproduction-en","9":"product_tag-reproductions","10":"product_tag-van-gogh-en","11":"pa_dimenzija-114-x-82-cm-en","12":"pa_dimenzija-120-x-90-cm-en","13":"pa_dimenzija-140-x-100-cm-en","14":"pa_dimenzija-170-x-120-cm-en","15":"pa_dimenzija-200-x-150-cm-en","16":"pa_dimenzija-250-x-180-cm-en","17":"pa_dimenzija-70-x-50-cm-en","18":"pa_dimenzija-90-x-65-cm-en","19":"pa_oblika-horizontal","20":"pa_okvir-without-frame","21":"pa_podokvir-without","22":"pa_podokvir-yes","24":"first","25":"onbackorder","26":"purchasable","27":"product-type-variable","28":"has-default-attributes"},"acf":[],"yoast_head":"<!-- This site is optimized with the Yoast SEO Premium plugin v26.0 (Yoast SEO v27.2) - https:\/\/yoast.com\/product\/yoast-seo-premium-wordpress\/ -->\n<title>Vincent van Gogh - The Potato Eaters - SVETSLIK.SI - 100% hand painted<\/title>\n<meta name=\"description\" content=\"Vincent van Gogh - The Potato Eaters - 100% hand-painted reproduction of famous paintings by famous artists. Wall art, abstract paintings and custom painted paintings by order.\" \/>\n<meta name=\"robots\" content=\"index, follow, max-snippet:-1, max-image-preview:large, max-video-preview:-1\" \/>\n<link rel=\"canonical\" href=\"https:\/\/svetslik.si\/en\/vincent-van-gogh-en\/the-potato-eaters\/\" \/>\n<meta property=\"og:locale\" content=\"en_US\" \/>\n<meta property=\"og:type\" content=\"article\" \/>\n<meta property=\"og:title\" content=\"Vincent van Gogh - The Potato Eaters\" \/>\n<meta property=\"og:description\" content=\"100% ro\u010dno naslikane slike na platnu, reprodukcije znanih slikarjev in umetni\u0161ke slike po naro\u010dilu.\" \/>\n<meta property=\"og:url\" content=\"https:\/\/svetslik.si\/en\/vincent-van-gogh-en\/the-potato-eaters\/\" \/>\n<meta property=\"og:site_name\" content=\"SVETSLIK.SI\" \/>\n<meta property=\"article:publisher\" content=\"https:\/\/www.facebook.com\/svetslik.si\" \/>\n<meta property=\"article:modified_time\" content=\"2026-03-22T19:19:52+00:00\" \/>\n<meta property=\"og:image\" content=\"https:\/\/svetslik.si\/wp-content\/uploads\/2021\/08\/image_The-Potato-Eaters-Van-Gogh_680-scaled.jpg\" \/>\n\t<meta property=\"og:image:width\" content=\"2560\" \/>\n\t<meta property=\"og:image:height\" content=\"1819\" \/>\n\t<meta property=\"og:image:type\" content=\"image\/jpeg\" \/>\n<meta name=\"twitter:card\" content=\"summary_large_image\" \/>\n<meta name=\"twitter:site\" content=\"@svetslik\" \/>\n<meta name=\"twitter:label1\" content=\"Availability\" \/>\n\t<meta name=\"twitter:data1\" content=\"On backorder\" \/>\n<script type=\"application\/ld+json\" class=\"yoast-schema-graph\">{\"@context\":\"https:\/\/schema.org\",\"@graph\":[{\"@type\":[\"WebPage\",\"ItemPage\"],\"@id\":\"https:\/\/svetslik.si\/en\/vincent-van-gogh-en\/the-potato-eaters\/\",\"url\":\"https:\/\/svetslik.si\/en\/vincent-van-gogh-en\/the-potato-eaters\/\",\"name\":\"Vincent van Gogh - The Potato Eaters - SVETSLIK.SI - 100% hand painted\",\"isPartOf\":{\"@id\":\"https:\/\/svetslik.si\/en\/#website\"},\"primaryImageOfPage\":{\"@id\":\"https:\/\/svetslik.si\/en\/vincent-van-gogh-en\/the-potato-eaters\/#primaryimage\"},\"image\":{\"@id\":\"https:\/\/svetslik.si\/en\/vincent-van-gogh-en\/the-potato-eaters\/#primaryimage\"},\"thumbnailUrl\":\"https:\/\/svetslik.si\/wp-content\/uploads\/2021\/08\/image_The-Potato-Eaters-Van-Gogh_680-scaled.jpg\",\"datePublished\":\"2021-09-02T16:06:07+00:00\",\"dateModified\":\"2026-03-22T19:19:52+00:00\",\"description\":\"Vincent van Gogh - The Potato Eaters - 100% hand-painted reproduction of famous paintings by famous artists. Wall art, abstract paintings and custom painted paintings by order.\",\"breadcrumb\":{\"@id\":\"https:\/\/svetslik.si\/en\/vincent-van-gogh-en\/the-potato-eaters\/#breadcrumb\"},\"inLanguage\":\"en-US\",\"potentialAction\":[{\"@type\":\"ReadAction\",\"target\":[\"https:\/\/svetslik.si\/en\/vincent-van-gogh-en\/the-potato-eaters\/\"]}]},{\"@type\":\"ImageObject\",\"inLanguage\":\"en-US\",\"@id\":\"https:\/\/svetslik.si\/en\/vincent-van-gogh-en\/the-potato-eaters\/#primaryimage\",\"url\":\"https:\/\/svetslik.si\/wp-content\/uploads\/2021\/08\/image_The-Potato-Eaters-Van-Gogh_680-scaled.jpg\",\"contentUrl\":\"https:\/\/svetslik.si\/wp-content\/uploads\/2021\/08\/image_The-Potato-Eaters-Van-Gogh_680-scaled.jpg\",\"width\":2560,\"height\":1819,\"caption\":\"Vincent Van Gogh - The Potato Eaters - reproduction of famous painting, painting on canvas\"},{\"@type\":\"BreadcrumbList\",\"@id\":\"https:\/\/svetslik.si\/en\/vincent-van-gogh-en\/the-potato-eaters\/#breadcrumb\",\"itemListElement\":[{\"@type\":\"ListItem\",\"position\":1,\"name\":\"Wall art and paintings on canvas\",\"item\":\"https:\/\/svetslik.si\/en\/\"},{\"@type\":\"ListItem\",\"position\":2,\"name\":\"Sale of paintings\",\"item\":\"https:\/\/svetslik.si\/prodaja-slik\/\"},{\"@type\":\"ListItem\",\"position\":3,\"name\":\"Vincent van Gogh &#8211; The Potato Eaters\"}]},{\"@type\":\"WebSite\",\"@id\":\"https:\/\/svetslik.si\/en\/#website\",\"url\":\"https:\/\/svetslik.si\/en\/\",\"name\":\"SVETSLIK.SI\",\"description\":\"100% ru\u010dno naslikane reprodukcije slika poznatih slikara in umjetni\u010dke zidne slike na platnu.\",\"publisher\":{\"@id\":\"https:\/\/svetslik.si\/en\/#organization\"},\"potentialAction\":[{\"@type\":\"SearchAction\",\"target\":{\"@type\":\"EntryPoint\",\"urlTemplate\":\"https:\/\/svetslik.si\/en\/?s={search_term_string}\"},\"query-input\":{\"@type\":\"PropertyValueSpecification\",\"valueRequired\":true,\"valueName\":\"search_term_string\"}}],\"inLanguage\":\"en-US\"},{\"@type\":\"Organization\",\"@id\":\"https:\/\/svetslik.si\/en\/#organization\",\"name\":\"SvetSlik.si\",\"url\":\"https:\/\/svetslik.si\/en\/\",\"logo\":{\"@type\":\"ImageObject\",\"inLanguage\":\"en-US\",\"@id\":\"https:\/\/svetslik.si\/en\/#\/schema\/logo\/image\/\",\"url\":\"https:\/\/svetslik.si\/wp-content\/uploads\/2020\/12\/logo-512.png\",\"contentUrl\":\"https:\/\/svetslik.si\/wp-content\/uploads\/2020\/12\/logo-512.png\",\"width\":512,\"height\":512,\"caption\":\"SvetSlik.si\"},\"image\":{\"@id\":\"https:\/\/svetslik.si\/en\/#\/schema\/logo\/image\/\"},\"sameAs\":[\"https:\/\/www.facebook.com\/svetslik.si\",\"https:\/\/x.com\/svetslik\",\"https:\/\/www.instagram.com\/svetslik.si\/\",\"https:\/\/www.linkedin.com\/company\/svetslik-si\"]}]}<\/script>\n<meta property=\"og:availability\" content=\"backorder\" \/>\n<meta property=\"product:availability\" content=\"available for order\" \/>\n<meta property=\"product:retailer_item_id\" content=\"405__\" \/>\n<meta property=\"product:condition\" content=\"new\" \/>\n<!-- \/ Yoast SEO Premium plugin. -->","yoast_head_json":{"title":"Vincent van Gogh - The Potato Eaters - SVETSLIK.SI - 100% hand painted","description":"Vincent van Gogh - The Potato Eaters - 100% hand-painted reproduction of famous paintings by famous artists. Wall art, abstract paintings and custom painted paintings by order.","robots":{"index":"index","follow":"follow","max-snippet":"max-snippet:-1","max-image-preview":"max-image-preview:large","max-video-preview":"max-video-preview:-1"},"canonical":"https:\/\/svetslik.si\/en\/vincent-van-gogh-en\/the-potato-eaters\/","og_locale":"en_US","og_type":"article","og_title":"Vincent van Gogh - The Potato Eaters","og_description":"100% ro\u010dno naslikane slike na platnu, reprodukcije znanih slikarjev in umetni\u0161ke slike po naro\u010dilu.","og_url":"https:\/\/svetslik.si\/en\/vincent-van-gogh-en\/the-potato-eaters\/","og_site_name":"SVETSLIK.SI","article_publisher":"https:\/\/www.facebook.com\/svetslik.si","article_modified_time":"2026-03-22T19:19:52+00:00","og_image":[{"width":2560,"height":1819,"url":"https:\/\/svetslik.si\/wp-content\/uploads\/2021\/08\/image_The-Potato-Eaters-Van-Gogh_680-scaled.jpg","type":"image\/jpeg"}],"twitter_card":"summary_large_image","twitter_site":"@svetslik","twitter_misc":{"Availability":"On backorder"},"schema":{"@context":"https:\/\/schema.org","@graph":[{"@type":["WebPage","ItemPage"],"@id":"https:\/\/svetslik.si\/en\/vincent-van-gogh-en\/the-potato-eaters\/","url":"https:\/\/svetslik.si\/en\/vincent-van-gogh-en\/the-potato-eaters\/","name":"Vincent van Gogh - The Potato Eaters - SVETSLIK.SI - 100% hand painted","isPartOf":{"@id":"https:\/\/svetslik.si\/en\/#website"},"primaryImageOfPage":{"@id":"https:\/\/svetslik.si\/en\/vincent-van-gogh-en\/the-potato-eaters\/#primaryimage"},"image":{"@id":"https:\/\/svetslik.si\/en\/vincent-van-gogh-en\/the-potato-eaters\/#primaryimage"},"thumbnailUrl":"https:\/\/svetslik.si\/wp-content\/uploads\/2021\/08\/image_The-Potato-Eaters-Van-Gogh_680-scaled.jpg","datePublished":"2021-09-02T16:06:07+00:00","dateModified":"2026-03-22T19:19:52+00:00","description":"Vincent van Gogh - The Potato Eaters - 100% hand-painted reproduction of famous paintings by famous artists. Wall art, abstract paintings and custom painted paintings by order.","breadcrumb":{"@id":"https:\/\/svetslik.si\/en\/vincent-van-gogh-en\/the-potato-eaters\/#breadcrumb"},"inLanguage":"en-US","potentialAction":[{"@type":"ReadAction","target":["https:\/\/svetslik.si\/en\/vincent-van-gogh-en\/the-potato-eaters\/"]}]},{"@type":"ImageObject","inLanguage":"en-US","@id":"https:\/\/svetslik.si\/en\/vincent-van-gogh-en\/the-potato-eaters\/#primaryimage","url":"https:\/\/svetslik.si\/wp-content\/uploads\/2021\/08\/image_The-Potato-Eaters-Van-Gogh_680-scaled.jpg","contentUrl":"https:\/\/svetslik.si\/wp-content\/uploads\/2021\/08\/image_The-Potato-Eaters-Van-Gogh_680-scaled.jpg","width":2560,"height":1819,"caption":"Vincent Van Gogh - The Potato Eaters - reproduction of famous painting, painting on canvas"},{"@type":"BreadcrumbList","@id":"https:\/\/svetslik.si\/en\/vincent-van-gogh-en\/the-potato-eaters\/#breadcrumb","itemListElement":[{"@type":"ListItem","position":1,"name":"Wall art and paintings on canvas","item":"https:\/\/svetslik.si\/en\/"},{"@type":"ListItem","position":2,"name":"Sale of paintings","item":"https:\/\/svetslik.si\/prodaja-slik\/"},{"@type":"ListItem","position":3,"name":"Vincent van Gogh &#8211; The Potato Eaters"}]},{"@type":"WebSite","@id":"https:\/\/svetslik.si\/en\/#website","url":"https:\/\/svetslik.si\/en\/","name":"SVETSLIK.SI","description":"100% ru\u010dno naslikane reprodukcije slika poznatih slikara in umjetni\u010dke zidne slike na platnu.","publisher":{"@id":"https:\/\/svetslik.si\/en\/#organization"},"potentialAction":[{"@type":"SearchAction","target":{"@type":"EntryPoint","urlTemplate":"https:\/\/svetslik.si\/en\/?s={search_term_string}"},"query-input":{"@type":"PropertyValueSpecification","valueRequired":true,"valueName":"search_term_string"}}],"inLanguage":"en-US"},{"@type":"Organization","@id":"https:\/\/svetslik.si\/en\/#organization","name":"SvetSlik.si","url":"https:\/\/svetslik.si\/en\/","logo":{"@type":"ImageObject","inLanguage":"en-US","@id":"https:\/\/svetslik.si\/en\/#\/schema\/logo\/image\/","url":"https:\/\/svetslik.si\/wp-content\/uploads\/2020\/12\/logo-512.png","contentUrl":"https:\/\/svetslik.si\/wp-content\/uploads\/2020\/12\/logo-512.png","width":512,"height":512,"caption":"SvetSlik.si"},"image":{"@id":"https:\/\/svetslik.si\/en\/#\/schema\/logo\/image\/"},"sameAs":["https:\/\/www.facebook.com\/svetslik.si","https:\/\/x.com\/svetslik","https:\/\/www.instagram.com\/svetslik.si\/","https:\/\/www.linkedin.com\/company\/svetslik-si"]}]},"og_availability":"backorder","product_availability":"available for order","product_retailer_item_id":"405__","product_condition":"new"},"jetpack_sharing_enabled":true,"_links":{"self":[{"href":"https:\/\/svetslik.si\/en\/wp-json\/wp\/v2\/product\/83827","targetHints":{"allow":["GET"]}}],"collection":[{"href":"https:\/\/svetslik.si\/en\/wp-json\/wp\/v2\/product"}],"about":[{"href":"https:\/\/svetslik.si\/en\/wp-json\/wp\/v2\/types\/product"}],"wp:featuredmedia":[{"embeddable":true,"href":"https:\/\/svetslik.si\/en\/wp-json\/wp\/v2\/media\/79321"}],"wp:attachment":[{"href":"https:\/\/svetslik.si\/en\/wp-json\/wp\/v2\/media?parent=83827"}],"wp:term":[{"taxonomy":"product_brand","embeddable":true,"href":"https:\/\/svetslik.si\/en\/wp-json\/wp\/v2\/product_brand?post=83827"},{"taxonomy":"product_cat","embeddable":true,"href":"https:\/\/svetslik.si\/en\/wp-json\/wp\/v2\/product_cat?post=83827"},{"taxonomy":"product_tag","embeddable":true,"href":"https:\/\/svetslik.si\/en\/wp-json\/wp\/v2\/product_tag?post=83827"}],"curies":[{"name":"wp","href":"https:\/\/api.w.org\/{rel}","templated":true}]}}