{"id":83872,"date":"2021-09-02T18:06:38","date_gmt":"2021-09-02T16:06:38","guid":{"rendered":"https:\/\/svetslik.si\/uncategorized\/landscape-with-wheat-sheaves-and-rising-moon\/"},"modified":"2026-03-22T20:21:34","modified_gmt":"2026-03-22T19:21:34","slug":"landscape-with-wheat-sheaves-and-rising-moon","status":"publish","type":"product","link":"https:\/\/svetslik.si\/en\/vincent-van-gogh-en\/landscape-with-wheat-sheaves-and-rising-moon\/","title":{"rendered":"Vincent van Gogh &#8211; Landscape with Wheat Sheaves and Rising Moon"},"content":{"rendered":"<h1>Vincent Van Gogh &#8211; Landscape with Wheat Sheaves and Rising Moon<\/h1>\n<table border=\"0\" width=\"497\" cellspacing=\"0\" cellpadding=\"0\">\n<colgroup>\n<col style=\"width: 116pt\" width=\"154\" \/>\n<col style=\"width: 257pt\" width=\"343\" \/> <\/colgroup>\n<tbody>\n<tr style=\"height: 15.75pt\">\n<td class=\"xl24\" style=\"height: 15.75pt;width: 116pt\" width=\"154\" height=\"21\">Year created:<\/td>\n<td class=\"xl25\" style=\"width: 257pt\" width=\"343\">1889<\/td>\n<\/tr>\n<tr style=\"height: 15.75pt\">\n<td class=\"xl24\" style=\"height: 15.75pt;width: 116pt\" width=\"154\" height=\"21\">Original size:<\/td>\n<td class=\"xl24\" style=\"width: 257pt\" width=\"343\">91.3 x 72 cm<\/td>\n<\/tr>\n<tr style=\"height: 15.75pt\">\n<td class=\"xl24\" style=\"height: 15.75pt;width: 116pt\" width=\"154\" height=\"21\">Paint style:<\/td>\n<td class=\"xl24\" style=\"width: 257pt\" width=\"343\">Post-Impressionism<\/td>\n<\/tr>\n<tr style=\"height: 15.75pt\">\n<td class=\"xl24\" style=\"height: 15.75pt;width: 116pt\" width=\"154\" height=\"21\">Original technique:<\/td>\n<td class=\"xl25\" style=\"width: 257pt\" width=\"343\">Oil on canvas<\/td>\n<\/tr>\n<tr style=\"height: 15.75pt\">\n<td class=\"xl24\" style=\"height: 15.75pt;width: 116pt\" width=\"154\" height=\"21\">Located:<\/td>\n<td class=\"xl24\" style=\"width: 257pt\" width=\"343\">Kr\u00f6ller-M\u00fcller Museum, Otterlo, Netherlands<\/td>\n<\/tr>\n<\/tbody>\n<\/table>\n<p>In the painting <em>Landscape with Wheat Sheaves and Rising Moon<\/em>, Van Gogh showed the rhythm of nature extremely well with changing colors and textures. It is interesting that the painter painted the same scene in an almost identical painting with a similar yellow sphere, defining the time of the painting as sunrise.<\/p>\n<p>&#8220;Landscape with Sheaves of Wheat and the Rising Moon&#8221;, painted in 1888 by the Dutch artist Vincent van Gogh, is a charming and emotional painting that shows the artist&#8217;s passion for nature and the changing seasons. The painting shows a landscape of wheat fields in the light of the rising moon with tall trees and a winding path that leads the viewer deeper into the scene. The painting is widely recognized for its bold brushstrokes, emotionality and strong symbolism.<\/p>\n<p>&#8220;Landscape with Sheaves of Wheat and the Rising Moon&#8221; is an excellent example of Van Gogh&#8217;s post-impressionist style, which is characterized by dense and visible brush strokes, bright colors and bold contrasts. The bold brush strokes and vibrant colors in the painting create a sense of movement and energy, while the rising moon creates a sense of peace and tranquility. The winding path and tall trees create a sense of mystery and intrigue.<\/p>\n<p>One of the most striking features of the painting &#8220;Landscape with Sheaves of Wheat and the Rising Moon&#8221; is the use of color. Van Gogh&#8217;s use of bold, contrasting colors creates a sense of movement and energy in the painting, and the rising moon is depicted in a multitude of oranges, yellows and purples, creating a sense of depth and dimension. The wheat fields are depicted in golden and yellow hues, creating a sense of groundedness and stability. The brushstrokes are also noteworthy, with thick, visible strokes that give the painting a sense of movement and energy.<\/p>\n<p>The symbolism of the painting is also rich. The winding path and tall trees symbolize the idea of the passage of time and the cycle of life. The rising moon represents the changing seasons and natural cycles. The painting is said to represent Van Gogh&#8217;s emotional state at the time. The painting was created while Van Gogh was living in Arles, France, and is believed to reflect the artist&#8217;s feelings of longing and connection to nature.<\/p>\n<p>&#8220;Landscape with Sheaves of Wheat and the Rising Moon&#8221; is considered one of Van Gogh&#8217;s most iconic and powerful works. The painting is located in the Van Gogh Museum in Amsterdam, Netherlands. It is an important work of post-impressionism that is still admired and studied by both amateurs and experts. The powerful imagery, emotionality and rich symbolism make the painting a must for any art lover or anyone interested in the work of Vincent van Gogh.<\/p>\n","protected":false},"excerpt":{"rendered":"<p>Vincent Van Gogh &#8211; Landscape with Wheat Sheaves and Rising Moon Year created: 1889 Original size: 91.3 x 72 cm Paint style: Post-Impressionism Original technique: Oil on canvas Located: Kr\u00f6ller-M\u00fcller Museum, Otterlo, Netherlands In the painting Landscape with Wheat Sheaves and Rising Moon, Van Gogh showed the rhythm of nature [&hellip;]<\/p>\n","protected":false},"featured_media":78846,"template":"","meta":{"_acf_changed":false},"product_brand":[],"product_cat":[9815],"product_tag":[9870,9862,9863,9883],"class_list":{"0":"post-83872","1":"product","2":"type-product","3":"status-publish","4":"has-post-thumbnail","6":"product_cat-vincent-van-gogh-en","7":"product_tag-painter","8":"product_tag-reproduction-en","9":"product_tag-reproductions","10":"product_tag-van-gogh-en","11":"pa_dimenzija-100-x-80-cm","12":"pa_dimenzija-120-x-100-cm","13":"pa_dimenzija-150-x-120-cm","14":"pa_dimenzija-50-x-40-cm","15":"pa_dimenzija-60-x-50-cm","16":"pa_dimenzija-70-x-55-cm","17":"pa_dimenzija-80-x-60-cm","18":"pa_dimenzija-91-x-72-cm","19":"pa_oblika-horizontal","20":"pa_okvir-without-frame","21":"pa_podokvir-without","22":"pa_podokvir-yes","24":"first","25":"onbackorder","26":"purchasable","27":"product-type-variable","28":"has-default-attributes"},"acf":[],"yoast_head":"<!-- This site is optimized with the Yoast SEO Premium plugin v26.0 (Yoast SEO v27.2) - https:\/\/yoast.com\/product\/yoast-seo-premium-wordpress\/ -->\n<title>Vincent van Gogh - Landscape with Wheat Sheaves and Rising Moon - SVETSLIK.SI - 100% hand painted<\/title>\n<meta name=\"description\" content=\"Vincent van Gogh - Landscape with Wheat Sheaves and Rising Moon - 100% hand-painted reproduction of famous paintings by famous artists. Wall art, abstract paintings and custom painted paintings by order.\" \/>\n<meta name=\"robots\" content=\"index, follow, max-snippet:-1, max-image-preview:large, max-video-preview:-1\" \/>\n<link rel=\"canonical\" href=\"https:\/\/svetslik.si\/en\/vincent-van-gogh-en\/landscape-with-wheat-sheaves-and-rising-moon\/\" \/>\n<meta property=\"og:locale\" content=\"en_US\" \/>\n<meta property=\"og:type\" content=\"article\" \/>\n<meta property=\"og:title\" content=\"Vincent van Gogh - Landscape with Wheat Sheaves and Rising Moon\" \/>\n<meta property=\"og:description\" content=\"100% ro\u010dno naslikane slike na platnu, reprodukcije znanih slikarjev in umetni\u0161ke slike po naro\u010dilu.\" \/>\n<meta property=\"og:url\" content=\"https:\/\/svetslik.si\/en\/vincent-van-gogh-en\/landscape-with-wheat-sheaves-and-rising-moon\/\" \/>\n<meta property=\"og:site_name\" content=\"SVETSLIK.SI\" \/>\n<meta property=\"article:publisher\" content=\"https:\/\/www.facebook.com\/svetslik.si\" \/>\n<meta property=\"article:modified_time\" content=\"2026-03-22T19:21:34+00:00\" \/>\n<meta property=\"og:image\" content=\"https:\/\/svetslik.si\/wp-content\/uploads\/2021\/08\/image_Landscape-with-Wheat-Sheaves-and-Rising-Moon-Van-Gogh_680-scaled.jpg\" \/>\n\t<meta property=\"og:image:width\" content=\"2560\" \/>\n\t<meta property=\"og:image:height\" content=\"2007\" \/>\n\t<meta property=\"og:image:type\" content=\"image\/jpeg\" \/>\n<meta name=\"twitter:card\" content=\"summary_large_image\" \/>\n<meta name=\"twitter:site\" content=\"@svetslik\" \/>\n<meta name=\"twitter:label1\" content=\"Availability\" \/>\n\t<meta name=\"twitter:data1\" content=\"On backorder\" \/>\n<script type=\"application\/ld+json\" class=\"yoast-schema-graph\">{\"@context\":\"https:\/\/schema.org\",\"@graph\":[{\"@type\":[\"WebPage\",\"ItemPage\"],\"@id\":\"https:\/\/svetslik.si\/en\/vincent-van-gogh-en\/landscape-with-wheat-sheaves-and-rising-moon\/\",\"url\":\"https:\/\/svetslik.si\/en\/vincent-van-gogh-en\/landscape-with-wheat-sheaves-and-rising-moon\/\",\"name\":\"Vincent van Gogh - Landscape with Wheat Sheaves and Rising Moon - SVETSLIK.SI - 100% hand painted\",\"isPartOf\":{\"@id\":\"https:\/\/svetslik.si\/en\/#website\"},\"primaryImageOfPage\":{\"@id\":\"https:\/\/svetslik.si\/en\/vincent-van-gogh-en\/landscape-with-wheat-sheaves-and-rising-moon\/#primaryimage\"},\"image\":{\"@id\":\"https:\/\/svetslik.si\/en\/vincent-van-gogh-en\/landscape-with-wheat-sheaves-and-rising-moon\/#primaryimage\"},\"thumbnailUrl\":\"https:\/\/svetslik.si\/wp-content\/uploads\/2021\/08\/image_Landscape-with-Wheat-Sheaves-and-Rising-Moon-Van-Gogh_680-scaled.jpg\",\"datePublished\":\"2021-09-02T16:06:38+00:00\",\"dateModified\":\"2026-03-22T19:21:34+00:00\",\"description\":\"Vincent van Gogh - Landscape with Wheat Sheaves and Rising Moon - 100% hand-painted reproduction of famous paintings by famous artists. Wall art, abstract paintings and custom painted paintings by order.\",\"breadcrumb\":{\"@id\":\"https:\/\/svetslik.si\/en\/vincent-van-gogh-en\/landscape-with-wheat-sheaves-and-rising-moon\/#breadcrumb\"},\"inLanguage\":\"en-US\",\"potentialAction\":[{\"@type\":\"ReadAction\",\"target\":[\"https:\/\/svetslik.si\/en\/vincent-van-gogh-en\/landscape-with-wheat-sheaves-and-rising-moon\/\"]}]},{\"@type\":\"ImageObject\",\"inLanguage\":\"en-US\",\"@id\":\"https:\/\/svetslik.si\/en\/vincent-van-gogh-en\/landscape-with-wheat-sheaves-and-rising-moon\/#primaryimage\",\"url\":\"https:\/\/svetslik.si\/wp-content\/uploads\/2021\/08\/image_Landscape-with-Wheat-Sheaves-and-Rising-Moon-Van-Gogh_680-scaled.jpg\",\"contentUrl\":\"https:\/\/svetslik.si\/wp-content\/uploads\/2021\/08\/image_Landscape-with-Wheat-Sheaves-and-Rising-Moon-Van-Gogh_680-scaled.jpg\",\"width\":2560,\"height\":2007,\"caption\":\"Vincent Van Gogh - Landscape with Wheat Sheaves and Rising Moon - reproduction of famous painting by famous artist, hand painted painting on canvas, post-impressionism, landscape\"},{\"@type\":\"BreadcrumbList\",\"@id\":\"https:\/\/svetslik.si\/en\/vincent-van-gogh-en\/landscape-with-wheat-sheaves-and-rising-moon\/#breadcrumb\",\"itemListElement\":[{\"@type\":\"ListItem\",\"position\":1,\"name\":\"Wall art and paintings on canvas\",\"item\":\"https:\/\/svetslik.si\/en\/\"},{\"@type\":\"ListItem\",\"position\":2,\"name\":\"Sale of paintings\",\"item\":\"https:\/\/svetslik.si\/prodaja-slik\/\"},{\"@type\":\"ListItem\",\"position\":3,\"name\":\"Vincent van Gogh &#8211; Landscape with Wheat Sheaves and Rising Moon\"}]},{\"@type\":\"WebSite\",\"@id\":\"https:\/\/svetslik.si\/en\/#website\",\"url\":\"https:\/\/svetslik.si\/en\/\",\"name\":\"SVETSLIK.SI\",\"description\":\"100% ru\u010dno naslikane reprodukcije slika poznatih slikara in umjetni\u010dke zidne slike na platnu.\",\"publisher\":{\"@id\":\"https:\/\/svetslik.si\/en\/#organization\"},\"potentialAction\":[{\"@type\":\"SearchAction\",\"target\":{\"@type\":\"EntryPoint\",\"urlTemplate\":\"https:\/\/svetslik.si\/en\/?s={search_term_string}\"},\"query-input\":{\"@type\":\"PropertyValueSpecification\",\"valueRequired\":true,\"valueName\":\"search_term_string\"}}],\"inLanguage\":\"en-US\"},{\"@type\":\"Organization\",\"@id\":\"https:\/\/svetslik.si\/en\/#organization\",\"name\":\"SvetSlik.si\",\"url\":\"https:\/\/svetslik.si\/en\/\",\"logo\":{\"@type\":\"ImageObject\",\"inLanguage\":\"en-US\",\"@id\":\"https:\/\/svetslik.si\/en\/#\/schema\/logo\/image\/\",\"url\":\"https:\/\/svetslik.si\/wp-content\/uploads\/2020\/12\/logo-512.png\",\"contentUrl\":\"https:\/\/svetslik.si\/wp-content\/uploads\/2020\/12\/logo-512.png\",\"width\":512,\"height\":512,\"caption\":\"SvetSlik.si\"},\"image\":{\"@id\":\"https:\/\/svetslik.si\/en\/#\/schema\/logo\/image\/\"},\"sameAs\":[\"https:\/\/www.facebook.com\/svetslik.si\",\"https:\/\/x.com\/svetslik\",\"https:\/\/www.instagram.com\/svetslik.si\/\",\"https:\/\/www.linkedin.com\/company\/svetslik-si\"]}]}<\/script>\n<meta property=\"og:availability\" content=\"backorder\" \/>\n<meta property=\"product:availability\" content=\"available for order\" \/>\n<meta property=\"product:retailer_item_id\" content=\"412__\" \/>\n<meta property=\"product:condition\" content=\"new\" \/>\n<!-- \/ Yoast SEO Premium plugin. -->","yoast_head_json":{"title":"Vincent van Gogh - Landscape with Wheat Sheaves and Rising Moon - SVETSLIK.SI - 100% hand painted","description":"Vincent van Gogh - Landscape with Wheat Sheaves and Rising Moon - 100% hand-painted reproduction of famous paintings by famous artists. Wall art, abstract paintings and custom painted paintings by order.","robots":{"index":"index","follow":"follow","max-snippet":"max-snippet:-1","max-image-preview":"max-image-preview:large","max-video-preview":"max-video-preview:-1"},"canonical":"https:\/\/svetslik.si\/en\/vincent-van-gogh-en\/landscape-with-wheat-sheaves-and-rising-moon\/","og_locale":"en_US","og_type":"article","og_title":"Vincent van Gogh - Landscape with Wheat Sheaves and Rising Moon","og_description":"100% ro\u010dno naslikane slike na platnu, reprodukcije znanih slikarjev in umetni\u0161ke slike po naro\u010dilu.","og_url":"https:\/\/svetslik.si\/en\/vincent-van-gogh-en\/landscape-with-wheat-sheaves-and-rising-moon\/","og_site_name":"SVETSLIK.SI","article_publisher":"https:\/\/www.facebook.com\/svetslik.si","article_modified_time":"2026-03-22T19:21:34+00:00","og_image":[{"width":2560,"height":2007,"url":"https:\/\/svetslik.si\/wp-content\/uploads\/2021\/08\/image_Landscape-with-Wheat-Sheaves-and-Rising-Moon-Van-Gogh_680-scaled.jpg","type":"image\/jpeg"}],"twitter_card":"summary_large_image","twitter_site":"@svetslik","twitter_misc":{"Availability":"On backorder"},"schema":{"@context":"https:\/\/schema.org","@graph":[{"@type":["WebPage","ItemPage"],"@id":"https:\/\/svetslik.si\/en\/vincent-van-gogh-en\/landscape-with-wheat-sheaves-and-rising-moon\/","url":"https:\/\/svetslik.si\/en\/vincent-van-gogh-en\/landscape-with-wheat-sheaves-and-rising-moon\/","name":"Vincent van Gogh - Landscape with Wheat Sheaves and Rising Moon - SVETSLIK.SI - 100% hand painted","isPartOf":{"@id":"https:\/\/svetslik.si\/en\/#website"},"primaryImageOfPage":{"@id":"https:\/\/svetslik.si\/en\/vincent-van-gogh-en\/landscape-with-wheat-sheaves-and-rising-moon\/#primaryimage"},"image":{"@id":"https:\/\/svetslik.si\/en\/vincent-van-gogh-en\/landscape-with-wheat-sheaves-and-rising-moon\/#primaryimage"},"thumbnailUrl":"https:\/\/svetslik.si\/wp-content\/uploads\/2021\/08\/image_Landscape-with-Wheat-Sheaves-and-Rising-Moon-Van-Gogh_680-scaled.jpg","datePublished":"2021-09-02T16:06:38+00:00","dateModified":"2026-03-22T19:21:34+00:00","description":"Vincent van Gogh - Landscape with Wheat Sheaves and Rising Moon - 100% hand-painted reproduction of famous paintings by famous artists. Wall art, abstract paintings and custom painted paintings by order.","breadcrumb":{"@id":"https:\/\/svetslik.si\/en\/vincent-van-gogh-en\/landscape-with-wheat-sheaves-and-rising-moon\/#breadcrumb"},"inLanguage":"en-US","potentialAction":[{"@type":"ReadAction","target":["https:\/\/svetslik.si\/en\/vincent-van-gogh-en\/landscape-with-wheat-sheaves-and-rising-moon\/"]}]},{"@type":"ImageObject","inLanguage":"en-US","@id":"https:\/\/svetslik.si\/en\/vincent-van-gogh-en\/landscape-with-wheat-sheaves-and-rising-moon\/#primaryimage","url":"https:\/\/svetslik.si\/wp-content\/uploads\/2021\/08\/image_Landscape-with-Wheat-Sheaves-and-Rising-Moon-Van-Gogh_680-scaled.jpg","contentUrl":"https:\/\/svetslik.si\/wp-content\/uploads\/2021\/08\/image_Landscape-with-Wheat-Sheaves-and-Rising-Moon-Van-Gogh_680-scaled.jpg","width":2560,"height":2007,"caption":"Vincent Van Gogh - Landscape with Wheat Sheaves and Rising Moon - reproduction of famous painting by famous artist, hand painted painting on canvas, post-impressionism, landscape"},{"@type":"BreadcrumbList","@id":"https:\/\/svetslik.si\/en\/vincent-van-gogh-en\/landscape-with-wheat-sheaves-and-rising-moon\/#breadcrumb","itemListElement":[{"@type":"ListItem","position":1,"name":"Wall art and paintings on canvas","item":"https:\/\/svetslik.si\/en\/"},{"@type":"ListItem","position":2,"name":"Sale of paintings","item":"https:\/\/svetslik.si\/prodaja-slik\/"},{"@type":"ListItem","position":3,"name":"Vincent van Gogh &#8211; Landscape with Wheat Sheaves and Rising Moon"}]},{"@type":"WebSite","@id":"https:\/\/svetslik.si\/en\/#website","url":"https:\/\/svetslik.si\/en\/","name":"SVETSLIK.SI","description":"100% ru\u010dno naslikane reprodukcije slika poznatih slikara in umjetni\u010dke zidne slike na platnu.","publisher":{"@id":"https:\/\/svetslik.si\/en\/#organization"},"potentialAction":[{"@type":"SearchAction","target":{"@type":"EntryPoint","urlTemplate":"https:\/\/svetslik.si\/en\/?s={search_term_string}"},"query-input":{"@type":"PropertyValueSpecification","valueRequired":true,"valueName":"search_term_string"}}],"inLanguage":"en-US"},{"@type":"Organization","@id":"https:\/\/svetslik.si\/en\/#organization","name":"SvetSlik.si","url":"https:\/\/svetslik.si\/en\/","logo":{"@type":"ImageObject","inLanguage":"en-US","@id":"https:\/\/svetslik.si\/en\/#\/schema\/logo\/image\/","url":"https:\/\/svetslik.si\/wp-content\/uploads\/2020\/12\/logo-512.png","contentUrl":"https:\/\/svetslik.si\/wp-content\/uploads\/2020\/12\/logo-512.png","width":512,"height":512,"caption":"SvetSlik.si"},"image":{"@id":"https:\/\/svetslik.si\/en\/#\/schema\/logo\/image\/"},"sameAs":["https:\/\/www.facebook.com\/svetslik.si","https:\/\/x.com\/svetslik","https:\/\/www.instagram.com\/svetslik.si\/","https:\/\/www.linkedin.com\/company\/svetslik-si"]}]},"og_availability":"backorder","product_availability":"available for order","product_retailer_item_id":"412__","product_condition":"new"},"jetpack_sharing_enabled":true,"_links":{"self":[{"href":"https:\/\/svetslik.si\/en\/wp-json\/wp\/v2\/product\/83872","targetHints":{"allow":["GET"]}}],"collection":[{"href":"https:\/\/svetslik.si\/en\/wp-json\/wp\/v2\/product"}],"about":[{"href":"https:\/\/svetslik.si\/en\/wp-json\/wp\/v2\/types\/product"}],"wp:featuredmedia":[{"embeddable":true,"href":"https:\/\/svetslik.si\/en\/wp-json\/wp\/v2\/media\/78846"}],"wp:attachment":[{"href":"https:\/\/svetslik.si\/en\/wp-json\/wp\/v2\/media?parent=83872"}],"wp:term":[{"taxonomy":"product_brand","embeddable":true,"href":"https:\/\/svetslik.si\/en\/wp-json\/wp\/v2\/product_brand?post=83872"},{"taxonomy":"product_cat","embeddable":true,"href":"https:\/\/svetslik.si\/en\/wp-json\/wp\/v2\/product_cat?post=83872"},{"taxonomy":"product_tag","embeddable":true,"href":"https:\/\/svetslik.si\/en\/wp-json\/wp\/v2\/product_tag?post=83872"}],"curies":[{"name":"wp","href":"https:\/\/api.w.org\/{rel}","templated":true}]}}