{"id":84097,"date":"2021-09-02T18:09:52","date_gmt":"2021-09-02T16:09:52","guid":{"rendered":"https:\/\/svetslik.si\/uncategorized\/the-burning-giraffe\/"},"modified":"2026-03-22T20:29:02","modified_gmt":"2026-03-22T19:29:02","slug":"the-burning-giraffe","status":"publish","type":"product","link":"https:\/\/svetslik.si\/en\/salvador-dali-en\/the-burning-giraffe\/","title":{"rendered":"Salvador Dali &#8211; The burning Giraffe"},"content":{"rendered":"<h1>Salvador Dali &#8211; The burning Giraffe<\/h1>\n<p>&nbsp;<\/p>\n<table style=\"width: 673px\" border=\"0\" width=\"673\" cellspacing=\"0\" cellpadding=\"0\">\n<tbody>\n<tr>\n<td style=\"width: 180px;height: 21px\" height=\"21\">Year of Creation:<\/td>\n<td style=\"width: 493px\">1937<\/td>\n<\/tr>\n<tr>\n<td style=\"width: 180px;height: 21px\" height=\"21\">Original size:<\/td>\n<td style=\"width: 493px\">27 cm x 35 cm<\/td>\n<\/tr>\n<tr>\n<td style=\"width: 180px;height: 21px\" height=\"21\">Paint style:<\/td>\n<td>\n<div>\n<div>\n<div>\n<div>\n<div>Surrealism<\/div>\n<\/div>\n<\/div>\n<\/div>\n<\/div>\n<\/td>\n<\/tr>\n<tr>\n<td style=\"width: 180px;height: 21px\" height=\"21\">Original technique:<\/td>\n<td>Oil on canvas<\/td>\n<\/tr>\n<tr>\n<td style=\"width: 180px;height: 21px\" height=\"21\">Located:<\/td>\n<td>Kunstmuseum Basel, Basel<\/td>\n<\/tr>\n<\/tbody>\n<colgroup>\n<col \/>\n<col \/> <\/colgroup>\n<\/table>\n<p>&#8220;Burning Giraffe&#8221; by Salvador Dal\u00ed is a surrealist painting created in 1936-1937. The painting depicts a dreamlike scene of a flaming giraffe with a long neck and legs that spin in a seemingly impossible way. The giraffe is surrounded by a desert landscape, and in the background stands a small group of people who seem unfazed by the fiery animal.<\/p>\n<p>Dal\u00ed&#8217;s painting is considered one of the most iconic works of the Surrealist movement, which emerged in the 1920s and 1930s as a reaction to the rationalism and materialism of the modern world. Surrealists sought to explore the subconscious mind and the irrational in order to reveal a deeper reality. Dal\u00ed&#8217;s painting is a perfect example of this, as the flaming giraffe is a symbol of the irrational and subconscious.<\/p>\n<p>One of the most striking elements of the painting is the use of color. The background is stark and monochrome, while the giraffe is in full color, its flaming body painted in vivid orange and yellow. This contrast creates a strong visual effect that draws the viewer&#8217;s attention to the giraffe and makes it the focal point of the image.<\/p>\n<p>The giraffe is also a symbol of the irrational and subconscious, as it is a creature that is often associated with surrealism. The elongated neck of the giraffe is a metaphor for man&#8217;s desire to reach higher, transcend reality and explore the unknown.<\/p>\n<p>The people in the background are also symbolic. At the sight of the burning giraffe, they do not panic, but stand passively watching the scene. This could be seen as a commentary on the human condition and our tendency to accept and normalize the irrational and bizarre.<\/p>\n<p>We can conclude that &#8220;The Burning Giraffe&#8221; by Salvador Dali is a powerful and evocative painting that is an excellent example of the surrealist movement. Its stunning use of color, symbolism and surreal imagery make it a timeless masterpiece that still fascinates and inspires viewers today. The painting is a must see for anyone interested in art history and the power of the subconscious mind.<\/p>\n","protected":false},"excerpt":{"rendered":"<p>Salvador Dali &#8211; The burning Giraffe &nbsp; Year of Creation: 1937 Original size: 27 cm x 35 cm Paint style: Surrealism Original technique: Oil on canvas Located: Kunstmuseum Basel, Basel &#8220;Burning Giraffe&#8221; by Salvador Dal\u00ed is a surrealist painting created in 1936-1937. The painting depicts a dreamlike scene of a [&hellip;]<\/p>\n","protected":false},"featured_media":79269,"template":"","meta":{"_acf_changed":false},"product_brand":[],"product_cat":[9799],"product_tag":[9830,9870,9862,9863,9868],"class_list":{"0":"post-84097","1":"product","2":"type-product","3":"status-publish","4":"has-post-thumbnail","6":"product_cat-salvador-dali-en","7":"product_tag-dali-en","8":"product_tag-painter","9":"product_tag-reproduction-en","10":"product_tag-reproductions","11":"product_tag-salvador-dali-en","12":"pa_dimenzija-100-x-130-cm","13":"pa_dimenzija-120-x-160-cm","14":"pa_dimenzija-150-x-200-cm","15":"pa_dimenzija-27-x-35-cm","16":"pa_dimenzija-40-x-50-cm","17":"pa_dimenzija-50-x-60-cm","18":"pa_dimenzija-60-x-80-cm","19":"pa_dimenzija-80-x-100-cm","20":"pa_oblika-vertical","21":"pa_okvir-without-frame","22":"pa_podokvir-without","23":"pa_podokvir-yes","25":"first","26":"onbackorder","27":"purchasable","28":"product-type-variable","29":"has-default-attributes"},"acf":[],"yoast_head":"<!-- This site is optimized with the Yoast SEO Premium plugin v26.0 (Yoast SEO v27.2) - https:\/\/yoast.com\/product\/yoast-seo-premium-wordpress\/ -->\n<title>Salvador Dali - The burning Giraffe - SVETSLIK.SI - 100% hand painted<\/title>\n<meta name=\"description\" content=\"Salvador Dali - The burning Giraffe - 100% hand-painted reproduction of famous paintings by famous artists. Wall art, abstract paintings and custom painted paintings by order.\" \/>\n<meta name=\"robots\" content=\"index, follow, max-snippet:-1, max-image-preview:large, max-video-preview:-1\" \/>\n<link rel=\"canonical\" href=\"https:\/\/svetslik.si\/en\/salvador-dali-en\/the-burning-giraffe\/\" \/>\n<meta property=\"og:locale\" content=\"en_US\" \/>\n<meta property=\"og:type\" content=\"article\" \/>\n<meta property=\"og:title\" content=\"Salvador Dali - The burning Giraffe\" \/>\n<meta property=\"og:description\" content=\"100% ro\u010dno naslikane slike na platnu, reprodukcije znanih slikarjev in umetni\u0161ke slike po naro\u010dilu.\" \/>\n<meta property=\"og:url\" content=\"https:\/\/svetslik.si\/en\/salvador-dali-en\/the-burning-giraffe\/\" \/>\n<meta property=\"og:site_name\" content=\"SVETSLIK.SI\" \/>\n<meta property=\"article:publisher\" content=\"https:\/\/www.facebook.com\/svetslik.si\" \/>\n<meta property=\"article:modified_time\" content=\"2026-03-22T19:29:02+00:00\" \/>\n<meta property=\"og:image\" content=\"https:\/\/svetslik.si\/wp-content\/uploads\/2021\/08\/image_The-burning-Giraffe_680.jpg\" \/>\n\t<meta property=\"og:image:width\" content=\"885\" \/>\n\t<meta property=\"og:image:height\" content=\"1156\" \/>\n\t<meta property=\"og:image:type\" content=\"image\/jpeg\" \/>\n<meta name=\"twitter:card\" content=\"summary_large_image\" \/>\n<meta name=\"twitter:site\" content=\"@svetslik\" \/>\n<meta name=\"twitter:label1\" content=\"Availability\" \/>\n\t<meta name=\"twitter:data1\" content=\"On backorder\" \/>\n<script type=\"application\/ld+json\" class=\"yoast-schema-graph\">{\"@context\":\"https:\/\/schema.org\",\"@graph\":[{\"@type\":[\"WebPage\",\"ItemPage\"],\"@id\":\"https:\/\/svetslik.si\/en\/salvador-dali-en\/the-burning-giraffe\/\",\"url\":\"https:\/\/svetslik.si\/en\/salvador-dali-en\/the-burning-giraffe\/\",\"name\":\"Salvador Dali - The burning Giraffe - SVETSLIK.SI - 100% hand painted\",\"isPartOf\":{\"@id\":\"https:\/\/svetslik.si\/en\/#website\"},\"primaryImageOfPage\":{\"@id\":\"https:\/\/svetslik.si\/en\/salvador-dali-en\/the-burning-giraffe\/#primaryimage\"},\"image\":{\"@id\":\"https:\/\/svetslik.si\/en\/salvador-dali-en\/the-burning-giraffe\/#primaryimage\"},\"thumbnailUrl\":\"https:\/\/svetslik.si\/wp-content\/uploads\/2021\/08\/image_The-burning-Giraffe_680.jpg\",\"datePublished\":\"2021-09-02T16:09:52+00:00\",\"dateModified\":\"2026-03-22T19:29:02+00:00\",\"description\":\"Salvador Dali - The burning Giraffe - 100% hand-painted reproduction of famous paintings by famous artists. Wall art, abstract paintings and custom painted paintings by order.\",\"breadcrumb\":{\"@id\":\"https:\/\/svetslik.si\/en\/salvador-dali-en\/the-burning-giraffe\/#breadcrumb\"},\"inLanguage\":\"en-US\",\"potentialAction\":[{\"@type\":\"ReadAction\",\"target\":[\"https:\/\/svetslik.si\/en\/salvador-dali-en\/the-burning-giraffe\/\"]}]},{\"@type\":\"ImageObject\",\"inLanguage\":\"en-US\",\"@id\":\"https:\/\/svetslik.si\/en\/salvador-dali-en\/the-burning-giraffe\/#primaryimage\",\"url\":\"https:\/\/svetslik.si\/wp-content\/uploads\/2021\/08\/image_The-burning-Giraffe_680.jpg\",\"contentUrl\":\"https:\/\/svetslik.si\/wp-content\/uploads\/2021\/08\/image_The-burning-Giraffe_680.jpg\",\"width\":885,\"height\":1156,\"caption\":\"Salvador Dali - The Burning Giraffe - reproduction of famous painting by famous artist, hand painted painting on canvas\"},{\"@type\":\"BreadcrumbList\",\"@id\":\"https:\/\/svetslik.si\/en\/salvador-dali-en\/the-burning-giraffe\/#breadcrumb\",\"itemListElement\":[{\"@type\":\"ListItem\",\"position\":1,\"name\":\"Wall art and paintings on canvas\",\"item\":\"https:\/\/svetslik.si\/en\/\"},{\"@type\":\"ListItem\",\"position\":2,\"name\":\"Sale of paintings\",\"item\":\"https:\/\/svetslik.si\/prodaja-slik\/\"},{\"@type\":\"ListItem\",\"position\":3,\"name\":\"Salvador Dali &#8211; The burning Giraffe\"}]},{\"@type\":\"WebSite\",\"@id\":\"https:\/\/svetslik.si\/en\/#website\",\"url\":\"https:\/\/svetslik.si\/en\/\",\"name\":\"SVETSLIK.SI\",\"description\":\"100% ru\u010dno naslikane reprodukcije slika poznatih slikara in umjetni\u010dke zidne slike na platnu.\",\"publisher\":{\"@id\":\"https:\/\/svetslik.si\/en\/#organization\"},\"potentialAction\":[{\"@type\":\"SearchAction\",\"target\":{\"@type\":\"EntryPoint\",\"urlTemplate\":\"https:\/\/svetslik.si\/en\/?s={search_term_string}\"},\"query-input\":{\"@type\":\"PropertyValueSpecification\",\"valueRequired\":true,\"valueName\":\"search_term_string\"}}],\"inLanguage\":\"en-US\"},{\"@type\":\"Organization\",\"@id\":\"https:\/\/svetslik.si\/en\/#organization\",\"name\":\"SvetSlik.si\",\"url\":\"https:\/\/svetslik.si\/en\/\",\"logo\":{\"@type\":\"ImageObject\",\"inLanguage\":\"en-US\",\"@id\":\"https:\/\/svetslik.si\/en\/#\/schema\/logo\/image\/\",\"url\":\"https:\/\/svetslik.si\/wp-content\/uploads\/2020\/12\/logo-512.png\",\"contentUrl\":\"https:\/\/svetslik.si\/wp-content\/uploads\/2020\/12\/logo-512.png\",\"width\":512,\"height\":512,\"caption\":\"SvetSlik.si\"},\"image\":{\"@id\":\"https:\/\/svetslik.si\/en\/#\/schema\/logo\/image\/\"},\"sameAs\":[\"https:\/\/www.facebook.com\/svetslik.si\",\"https:\/\/x.com\/svetslik\",\"https:\/\/www.instagram.com\/svetslik.si\/\",\"https:\/\/www.linkedin.com\/company\/svetslik-si\"]}]}<\/script>\n<meta property=\"og:availability\" content=\"backorder\" \/>\n<meta property=\"product:availability\" content=\"available for order\" \/>\n<meta property=\"product:retailer_item_id\" content=\"441__\" \/>\n<meta property=\"product:condition\" content=\"new\" \/>\n<!-- \/ Yoast SEO Premium plugin. -->","yoast_head_json":{"title":"Salvador Dali - The burning Giraffe - SVETSLIK.SI - 100% hand painted","description":"Salvador Dali - The burning Giraffe - 100% hand-painted reproduction of famous paintings by famous artists. Wall art, abstract paintings and custom painted paintings by order.","robots":{"index":"index","follow":"follow","max-snippet":"max-snippet:-1","max-image-preview":"max-image-preview:large","max-video-preview":"max-video-preview:-1"},"canonical":"https:\/\/svetslik.si\/en\/salvador-dali-en\/the-burning-giraffe\/","og_locale":"en_US","og_type":"article","og_title":"Salvador Dali - The burning Giraffe","og_description":"100% ro\u010dno naslikane slike na platnu, reprodukcije znanih slikarjev in umetni\u0161ke slike po naro\u010dilu.","og_url":"https:\/\/svetslik.si\/en\/salvador-dali-en\/the-burning-giraffe\/","og_site_name":"SVETSLIK.SI","article_publisher":"https:\/\/www.facebook.com\/svetslik.si","article_modified_time":"2026-03-22T19:29:02+00:00","og_image":[{"width":885,"height":1156,"url":"https:\/\/svetslik.si\/wp-content\/uploads\/2021\/08\/image_The-burning-Giraffe_680.jpg","type":"image\/jpeg"}],"twitter_card":"summary_large_image","twitter_site":"@svetslik","twitter_misc":{"Availability":"On backorder"},"schema":{"@context":"https:\/\/schema.org","@graph":[{"@type":["WebPage","ItemPage"],"@id":"https:\/\/svetslik.si\/en\/salvador-dali-en\/the-burning-giraffe\/","url":"https:\/\/svetslik.si\/en\/salvador-dali-en\/the-burning-giraffe\/","name":"Salvador Dali - The burning Giraffe - SVETSLIK.SI - 100% hand painted","isPartOf":{"@id":"https:\/\/svetslik.si\/en\/#website"},"primaryImageOfPage":{"@id":"https:\/\/svetslik.si\/en\/salvador-dali-en\/the-burning-giraffe\/#primaryimage"},"image":{"@id":"https:\/\/svetslik.si\/en\/salvador-dali-en\/the-burning-giraffe\/#primaryimage"},"thumbnailUrl":"https:\/\/svetslik.si\/wp-content\/uploads\/2021\/08\/image_The-burning-Giraffe_680.jpg","datePublished":"2021-09-02T16:09:52+00:00","dateModified":"2026-03-22T19:29:02+00:00","description":"Salvador Dali - The burning Giraffe - 100% hand-painted reproduction of famous paintings by famous artists. Wall art, abstract paintings and custom painted paintings by order.","breadcrumb":{"@id":"https:\/\/svetslik.si\/en\/salvador-dali-en\/the-burning-giraffe\/#breadcrumb"},"inLanguage":"en-US","potentialAction":[{"@type":"ReadAction","target":["https:\/\/svetslik.si\/en\/salvador-dali-en\/the-burning-giraffe\/"]}]},{"@type":"ImageObject","inLanguage":"en-US","@id":"https:\/\/svetslik.si\/en\/salvador-dali-en\/the-burning-giraffe\/#primaryimage","url":"https:\/\/svetslik.si\/wp-content\/uploads\/2021\/08\/image_The-burning-Giraffe_680.jpg","contentUrl":"https:\/\/svetslik.si\/wp-content\/uploads\/2021\/08\/image_The-burning-Giraffe_680.jpg","width":885,"height":1156,"caption":"Salvador Dali - The Burning Giraffe - reproduction of famous painting by famous artist, hand painted painting on canvas"},{"@type":"BreadcrumbList","@id":"https:\/\/svetslik.si\/en\/salvador-dali-en\/the-burning-giraffe\/#breadcrumb","itemListElement":[{"@type":"ListItem","position":1,"name":"Wall art and paintings on canvas","item":"https:\/\/svetslik.si\/en\/"},{"@type":"ListItem","position":2,"name":"Sale of paintings","item":"https:\/\/svetslik.si\/prodaja-slik\/"},{"@type":"ListItem","position":3,"name":"Salvador Dali &#8211; The burning Giraffe"}]},{"@type":"WebSite","@id":"https:\/\/svetslik.si\/en\/#website","url":"https:\/\/svetslik.si\/en\/","name":"SVETSLIK.SI","description":"100% ru\u010dno naslikane reprodukcije slika poznatih slikara in umjetni\u010dke zidne slike na platnu.","publisher":{"@id":"https:\/\/svetslik.si\/en\/#organization"},"potentialAction":[{"@type":"SearchAction","target":{"@type":"EntryPoint","urlTemplate":"https:\/\/svetslik.si\/en\/?s={search_term_string}"},"query-input":{"@type":"PropertyValueSpecification","valueRequired":true,"valueName":"search_term_string"}}],"inLanguage":"en-US"},{"@type":"Organization","@id":"https:\/\/svetslik.si\/en\/#organization","name":"SvetSlik.si","url":"https:\/\/svetslik.si\/en\/","logo":{"@type":"ImageObject","inLanguage":"en-US","@id":"https:\/\/svetslik.si\/en\/#\/schema\/logo\/image\/","url":"https:\/\/svetslik.si\/wp-content\/uploads\/2020\/12\/logo-512.png","contentUrl":"https:\/\/svetslik.si\/wp-content\/uploads\/2020\/12\/logo-512.png","width":512,"height":512,"caption":"SvetSlik.si"},"image":{"@id":"https:\/\/svetslik.si\/en\/#\/schema\/logo\/image\/"},"sameAs":["https:\/\/www.facebook.com\/svetslik.si","https:\/\/x.com\/svetslik","https:\/\/www.instagram.com\/svetslik.si\/","https:\/\/www.linkedin.com\/company\/svetslik-si"]}]},"og_availability":"backorder","product_availability":"available for order","product_retailer_item_id":"441__","product_condition":"new"},"jetpack_sharing_enabled":true,"_links":{"self":[{"href":"https:\/\/svetslik.si\/en\/wp-json\/wp\/v2\/product\/84097","targetHints":{"allow":["GET"]}}],"collection":[{"href":"https:\/\/svetslik.si\/en\/wp-json\/wp\/v2\/product"}],"about":[{"href":"https:\/\/svetslik.si\/en\/wp-json\/wp\/v2\/types\/product"}],"wp:featuredmedia":[{"embeddable":true,"href":"https:\/\/svetslik.si\/en\/wp-json\/wp\/v2\/media\/79269"}],"wp:attachment":[{"href":"https:\/\/svetslik.si\/en\/wp-json\/wp\/v2\/media?parent=84097"}],"wp:term":[{"taxonomy":"product_brand","embeddable":true,"href":"https:\/\/svetslik.si\/en\/wp-json\/wp\/v2\/product_brand?post=84097"},{"taxonomy":"product_cat","embeddable":true,"href":"https:\/\/svetslik.si\/en\/wp-json\/wp\/v2\/product_cat?post=84097"},{"taxonomy":"product_tag","embeddable":true,"href":"https:\/\/svetslik.si\/en\/wp-json\/wp\/v2\/product_tag?post=84097"}],"curies":[{"name":"wp","href":"https:\/\/api.w.org\/{rel}","templated":true}]}}