{"id":84115,"date":"2021-09-02T18:10:09","date_gmt":"2021-09-02T16:10:09","guid":{"rendered":"https:\/\/svetslik.si\/uncategorized\/galatea-of-the-spheres\/"},"modified":"2026-03-22T20:29:02","modified_gmt":"2026-03-22T19:29:02","slug":"galatea-of-the-spheres","status":"publish","type":"product","link":"https:\/\/svetslik.si\/en\/salvador-dali-en\/galatea-of-the-spheres\/","title":{"rendered":"Salvador Dali &#8211; Galatea of the Spheres"},"content":{"rendered":"<div class=\"wpb-content-wrapper\">[vc_row css=&#8221;.vc_custom_1727347094302{margin-bottom: 5px !important;}&#8221;][vc_column]\t<div class=\"et-image-264 et-image     et_image_link\">\n\t\t<div class=\"et-image-inner \">\n\t\t\t\t\t\t\t<div class=\"et-image-thumb \">\n\t\t\t\t\t<img decoding=\"async\" width=\"1000\" height=\"1386\" src=\"https:\/\/svetslik.si\/wp-content\/uploads\/2021\/09\/Salvador-Dali-Galatea-of-the-Spheres-reprodukcija-umetniske-slike.jpg\" class=\"attachment-full\" alt=\"Salvador Dali - Galatea of the Spheres\" title=\"Salvador Dali - Galatea of the Spheres\" srcset=\"https:\/\/svetslik.si\/wp-content\/uploads\/2021\/09\/Salvador-Dali-Galatea-of-the-Spheres-reprodukcija-umetniske-slike.jpg 1000w, https:\/\/svetslik.si\/wp-content\/uploads\/2021\/09\/Salvador-Dali-Galatea-of-the-Spheres-reprodukcija-umetniske-slike-600x832.jpg 600w, https:\/\/svetslik.si\/wp-content\/uploads\/2021\/09\/Salvador-Dali-Galatea-of-the-Spheres-reprodukcija-umetniske-slike-216x300.jpg 216w, https:\/\/svetslik.si\/wp-content\/uploads\/2021\/09\/Salvador-Dali-Galatea-of-the-Spheres-reprodukcija-umetniske-slike-739x1024.jpg 739w, https:\/\/svetslik.si\/wp-content\/uploads\/2021\/09\/Salvador-Dali-Galatea-of-the-Spheres-reprodukcija-umetniske-slike-768x1064.jpg 768w, https:\/\/svetslik.si\/wp-content\/uploads\/2021\/09\/Salvador-Dali-Galatea-of-the-Spheres-reprodukcija-umetniske-slike-108x150.jpg 108w, https:\/\/svetslik.si\/wp-content\/uploads\/2021\/09\/Salvador-Dali-Galatea-of-the-Spheres-reprodukcija-umetniske-slike-900x1247.jpg 900w\" sizes=\"(max-width: 1000px) 100vw, 1000px\" \/>\t\t\t\t<\/div>\n\t\t\t\t\t\t\t\t\t\t\t<\/div>\n\t<\/div>\n  [\/vc_column][\/vc_row][vc_row css=&#8221;.vc_custom_1727347094302{margin-bottom: 5px !important;}&#8221;][vc_column]\t<div class=\"et-image-930 et-image     et_image_link\">\n\t\t<div class=\"et-image-inner \">\n\t\t\t\t\t\t\t<div class=\"et-image-thumb \">\n\t\t\t\t\t<img decoding=\"async\" width=\"1000\" height=\"1597\" src=\"https:\/\/svetslik.si\/wp-content\/uploads\/2021\/09\/Salvador-Dali-Galatea-of-the-Spheres-reprodukcija-umetniske-slike-2.jpg\" class=\"attachment-full\" alt=\"Salvador Dali - Galatea of the Spheres\" title=\"Salvador Dali - Galatea of the Spheres\" srcset=\"https:\/\/svetslik.si\/wp-content\/uploads\/2021\/09\/Salvador-Dali-Galatea-of-the-Spheres-reprodukcija-umetniske-slike-2.jpg 1000w, https:\/\/svetslik.si\/wp-content\/uploads\/2021\/09\/Salvador-Dali-Galatea-of-the-Spheres-reprodukcija-umetniske-slike-2-600x958.jpg 600w, https:\/\/svetslik.si\/wp-content\/uploads\/2021\/09\/Salvador-Dali-Galatea-of-the-Spheres-reprodukcija-umetniske-slike-2-188x300.jpg 188w, https:\/\/svetslik.si\/wp-content\/uploads\/2021\/09\/Salvador-Dali-Galatea-of-the-Spheres-reprodukcija-umetniske-slike-2-641x1024.jpg 641w, https:\/\/svetslik.si\/wp-content\/uploads\/2021\/09\/Salvador-Dali-Galatea-of-the-Spheres-reprodukcija-umetniske-slike-2-768x1226.jpg 768w, https:\/\/svetslik.si\/wp-content\/uploads\/2021\/09\/Salvador-Dali-Galatea-of-the-Spheres-reprodukcija-umetniske-slike-2-962x1536.jpg 962w, https:\/\/svetslik.si\/wp-content\/uploads\/2021\/09\/Salvador-Dali-Galatea-of-the-Spheres-reprodukcija-umetniske-slike-2-94x150.jpg 94w, https:\/\/svetslik.si\/wp-content\/uploads\/2021\/09\/Salvador-Dali-Galatea-of-the-Spheres-reprodukcija-umetniske-slike-2-900x1437.jpg 900w\" sizes=\"(max-width: 1000px) 100vw, 1000px\" \/>\t\t\t\t<\/div>\n\t\t\t\t\t\t\t\t\t\t\t<\/div>\n\t<\/div>\n  [\/vc_column][\/vc_row][vc_row css=&#8221;.vc_custom_1727347094302{margin-bottom: 5px !important;}&#8221;][vc_column]\t<div class=\"et-image-391 et-image     et_image_link\">\n\t\t<div class=\"et-image-inner \">\n\t\t\t\t\t\t\t<div class=\"et-image-thumb \">\n\t\t\t\t\t<img decoding=\"async\" width=\"1000\" height=\"1352\" src=\"https:\/\/svetslik.si\/wp-content\/uploads\/2021\/09\/Salvador-Dali-Galatea-of-the-Spheres-reprodukcija-umetniske-slike-3.jpg\" class=\"attachment-full\" alt=\"Salvador Dali - Galatea of the Spheres\" title=\"Salvador Dali - Galatea of the Spheres\" srcset=\"https:\/\/svetslik.si\/wp-content\/uploads\/2021\/09\/Salvador-Dali-Galatea-of-the-Spheres-reprodukcija-umetniske-slike-3.jpg 1000w, https:\/\/svetslik.si\/wp-content\/uploads\/2021\/09\/Salvador-Dali-Galatea-of-the-Spheres-reprodukcija-umetniske-slike-3-600x811.jpg 600w, https:\/\/svetslik.si\/wp-content\/uploads\/2021\/09\/Salvador-Dali-Galatea-of-the-Spheres-reprodukcija-umetniske-slike-3-222x300.jpg 222w, https:\/\/svetslik.si\/wp-content\/uploads\/2021\/09\/Salvador-Dali-Galatea-of-the-Spheres-reprodukcija-umetniske-slike-3-757x1024.jpg 757w, https:\/\/svetslik.si\/wp-content\/uploads\/2021\/09\/Salvador-Dali-Galatea-of-the-Spheres-reprodukcija-umetniske-slike-3-768x1038.jpg 768w, https:\/\/svetslik.si\/wp-content\/uploads\/2021\/09\/Salvador-Dali-Galatea-of-the-Spheres-reprodukcija-umetniske-slike-3-111x150.jpg 111w, https:\/\/svetslik.si\/wp-content\/uploads\/2021\/09\/Salvador-Dali-Galatea-of-the-Spheres-reprodukcija-umetniske-slike-3-900x1217.jpg 900w\" sizes=\"(max-width: 1000px) 100vw, 1000px\" \/>\t\t\t\t<\/div>\n\t\t\t\t\t\t\t\t\t\t\t<\/div>\n\t<\/div>\n  [\/vc_column][\/vc_row][vc_row css=&#8221;.vc_custom_1727347094302{margin-bottom: 5px !important;}&#8221;][vc_column]\t<div class=\"et-image-20 et-image     et_image_link\">\n\t\t<div class=\"et-image-inner \">\n\t\t\t\t\t\t\t<div class=\"et-image-thumb \">\n\t\t\t\t\t<img decoding=\"async\" width=\"1000\" height=\"722\" src=\"https:\/\/svetslik.si\/wp-content\/uploads\/2021\/09\/Salvador-Dali-Galatea-of-the-Spheres-reprodukcija-umetniske-slike-4.jpg\" class=\"attachment-full\" alt=\"Salvador Dali - Galatea of the Spheres\" title=\"Salvador Dali - Galatea of the Spheres\" srcset=\"https:\/\/svetslik.si\/wp-content\/uploads\/2021\/09\/Salvador-Dali-Galatea-of-the-Spheres-reprodukcija-umetniske-slike-4.jpg 1000w, https:\/\/svetslik.si\/wp-content\/uploads\/2021\/09\/Salvador-Dali-Galatea-of-the-Spheres-reprodukcija-umetniske-slike-4-600x433.jpg 600w, https:\/\/svetslik.si\/wp-content\/uploads\/2021\/09\/Salvador-Dali-Galatea-of-the-Spheres-reprodukcija-umetniske-slike-4-300x217.jpg 300w, https:\/\/svetslik.si\/wp-content\/uploads\/2021\/09\/Salvador-Dali-Galatea-of-the-Spheres-reprodukcija-umetniske-slike-4-768x554.jpg 768w, https:\/\/svetslik.si\/wp-content\/uploads\/2021\/09\/Salvador-Dali-Galatea-of-the-Spheres-reprodukcija-umetniske-slike-4-150x108.jpg 150w, https:\/\/svetslik.si\/wp-content\/uploads\/2021\/09\/Salvador-Dali-Galatea-of-the-Spheres-reprodukcija-umetniske-slike-4-900x650.jpg 900w\" sizes=\"(max-width: 1000px) 100vw, 1000px\" \/>\t\t\t\t<\/div>\n\t\t\t\t\t\t\t\t\t\t\t<\/div>\n\t<\/div>\n  [\/vc_column][\/vc_row][vc_row][vc_column][vc_column_text]\n<h1>Salvador Dali &#8211; Galatea of the Spheres<\/h1>\n<p>&nbsp;<\/p>\n<table style=\"width: 673px;\" border=\"0\" width=\"673\" cellspacing=\"0\" cellpadding=\"0\">\n<tbody>\n<tr>\n<td style=\"width: 180px; height: 21px;\" height=\"21\">Year created:<\/td>\n<td style=\"width: 493px;\">1952<\/td>\n<\/tr>\n<tr>\n<td style=\"width: 180px; height: 21px;\" height=\"21\">Original size:<\/td>\n<td style=\"width: 493px;\">45 cm x 65 cm<\/td>\n<\/tr>\n<tr>\n<td style=\"width: 180px; height: 21px;\" height=\"21\">Paint style:<\/td>\n<td>\n<div>\n<div>\n<div>\n<div>\n<div>Surrealism<\/div>\n<\/div>\n<\/div>\n<\/div>\n<\/div>\n<\/td>\n<\/tr>\n<tr>\n<td style=\"width: 180px; height: 21px;\" height=\"21\">Original technique:<\/td>\n<td>Oil on canvas<\/td>\n<\/tr>\n<tr>\n<td style=\"width: 180px; height: 21px;\" height=\"21\">Located:<\/td>\n<td>Figueras, Spain<\/td>\n<\/tr>\n<\/tbody>\n<colgroup>\n<col \/>\n<col \/> <\/colgroup>\n<\/table>\n<p>Salvador Dal\u00ed&#8217;s painting &#8220;Galatius with Spheres&#8221; is a masterpiece that showcases the artist&#8217;s unique style and technique. The painting depicts a surreal and dreamlike scene of a woman with a spherical head and body surrounded by a swirling landscape of melting clocks and other abstract shapes.<\/p>\n<p>One of the most striking elements of this painting is Dal\u00ed&#8217;s use of symbolism and metaphor. The spherical head of the woman known as Galatea refers to the Greek mythological character of the same name who was said to have been created from sea foam. In Dal\u00ed&#8217;s painting, the sphere represents infinity and eternity, while the melting hours symbolize the fluidity of time and the transience of life.<\/p>\n<p>Another key aspect of Galatea of the Spheres is Dal\u00ed&#8217;s use of color and light. The painting is characterized by a vibrant and contrasting color palette with bright blues, yellows and pinks flirting with deep blacks and greys. The use of light is also surprising, with the sun shining on the scene and casting long shadows across the landscape.<\/p>\n<p>The painting is considered one of Dal\u00ed&#8217;s most iconic works and is widely recognized as a masterpiece of Surrealism. It is currently on display at the Salvador Dali Museum in St. Petersburg, Florida, where it continues to fascinate and inspire visitors from around the world.<\/p>\n<p>It&#8217;s worth noting that Dal\u00ed&#8217;s works are often reproduced, but owning an original will have far more value than a reproduction. This can be an investment that would increase in value over time.<\/p>\n<p>In conclusion, &#8220;Galatea with Spheres&#8221; by Salvador Dali is a painting that shows the artist&#8217;s unique vision and mastery of the surrealist style. It is a must see for all art lovers and admirers of Dal\u00ed&#8217;s work due to its striking imagery, symbolism and use of color and light.<\/p>\n<\/div>","protected":false},"excerpt":{"rendered":"<p>[vc_row css=&#8221;.vc_custom_1727347094302{margin-bottom: 5px !important;}&#8221;][vc_column][\/vc_column][\/vc_row][vc_row css=&#8221;.vc_custom_1727347094302{margin-bottom: 5px !important;}&#8221;][vc_column][\/vc_column][\/vc_row][vc_row css=&#8221;.vc_custom_1727347094302{margin-bottom: 5px !important;}&#8221;][vc_column][\/vc_column][\/vc_row][vc_row css=&#8221;.vc_custom_1727347094302{margin-bottom: 5px !important;}&#8221;][vc_column][\/vc_column][\/vc_row][vc_row][vc_column][vc_column_text] Salvador Dali &#8211; Galatea of the Spheres &nbsp; Year created: 1952 Original size: 45 cm x 65 cm Paint style: Surrealism Original technique: Oil on canvas Located: Figueras, Spain Salvador Dal\u00ed&#8217;s painting &#8220;Galatius with Spheres&#8221; is a [&hellip;]<\/p>\n","protected":false},"featured_media":78752,"template":"","meta":{"_acf_changed":false},"product_brand":[],"product_cat":[9799],"product_tag":[9830,9870,9862,9863,9868],"class_list":{"0":"post-84115","1":"product","2":"type-product","3":"status-publish","4":"has-post-thumbnail","6":"product_cat-salvador-dali-en","7":"product_tag-dali-en","8":"product_tag-painter","9":"product_tag-reproduction-en","10":"product_tag-reproductions","11":"product_tag-salvador-dali-en","12":"pa_dimenzija-110-x-160-cm","13":"pa_dimenzija-130-x-190-cm","14":"pa_dimenzija-150-x-220-cm","15":"pa_dimenzija-45-x-65-cm","16":"pa_dimenzija-60-x-90-cm","17":"pa_dimenzija-70-x-100-cm","18":"pa_dimenzija-80-x-120-cm","19":"pa_dimenzija-90-x-130-cm","20":"pa_oblika-vertical","21":"pa_okvir-without-frame","22":"pa_podokvir-without","23":"pa_podokvir-yes","25":"first","26":"onbackorder","27":"purchasable","28":"product-type-variable","29":"has-default-attributes"},"acf":[],"yoast_head":"<!-- This site is optimized with the Yoast SEO Premium plugin v26.0 (Yoast SEO v27.2) - https:\/\/yoast.com\/product\/yoast-seo-premium-wordpress\/ -->\n<title>Salvador Dali - Galatea of the Spheres - SVETSLIK.SI - 100% hand painted<\/title>\n<meta name=\"description\" content=\"Salvador Dali - Galatea of the Spheres - 100% hand-painted reproduction of famous paintings by famous artists. Wall art, abstract paintings and custom painted paintings by order.\" \/>\n<meta name=\"robots\" content=\"index, follow, max-snippet:-1, max-image-preview:large, max-video-preview:-1\" \/>\n<link rel=\"canonical\" href=\"https:\/\/svetslik.si\/en\/salvador-dali-en\/galatea-of-the-spheres\/\" \/>\n<meta property=\"og:locale\" content=\"en_US\" \/>\n<meta property=\"og:type\" content=\"article\" \/>\n<meta property=\"og:title\" content=\"Salvador Dali - Galatea of the Spheres\" \/>\n<meta property=\"og:description\" content=\"100% ro\u010dno naslikane slike na platnu, reprodukcije znanih slikarjev in umetni\u0161ke slike po naro\u010dilu.\" \/>\n<meta property=\"og:url\" content=\"https:\/\/svetslik.si\/en\/salvador-dali-en\/galatea-of-the-spheres\/\" \/>\n<meta property=\"og:site_name\" content=\"SVETSLIK.SI\" \/>\n<meta property=\"article:publisher\" content=\"https:\/\/www.facebook.com\/svetslik.si\" \/>\n<meta property=\"article:modified_time\" content=\"2026-03-22T19:29:02+00:00\" \/>\n<meta property=\"og:image\" content=\"https:\/\/svetslik.si\/wp-content\/uploads\/2021\/08\/image_Galatea-of-the-Spheres_680.jpg\" \/>\n\t<meta property=\"og:image:width\" content=\"800\" \/>\n\t<meta property=\"og:image:height\" content=\"1047\" \/>\n\t<meta property=\"og:image:type\" content=\"image\/jpeg\" \/>\n<meta name=\"twitter:card\" content=\"summary_large_image\" \/>\n<meta name=\"twitter:site\" content=\"@svetslik\" \/>\n<meta name=\"twitter:label1\" content=\"Availability\" \/>\n\t<meta name=\"twitter:data1\" content=\"On backorder\" \/>\n<script type=\"application\/ld+json\" class=\"yoast-schema-graph\">{\"@context\":\"https:\/\/schema.org\",\"@graph\":[{\"@type\":[\"WebPage\",\"ItemPage\"],\"@id\":\"https:\/\/svetslik.si\/en\/salvador-dali-en\/galatea-of-the-spheres\/\",\"url\":\"https:\/\/svetslik.si\/en\/salvador-dali-en\/galatea-of-the-spheres\/\",\"name\":\"Salvador Dali - Galatea of the Spheres - SVETSLIK.SI - 100% hand painted\",\"isPartOf\":{\"@id\":\"https:\/\/svetslik.si\/en\/#website\"},\"primaryImageOfPage\":{\"@id\":\"https:\/\/svetslik.si\/en\/salvador-dali-en\/galatea-of-the-spheres\/#primaryimage\"},\"image\":{\"@id\":\"https:\/\/svetslik.si\/en\/salvador-dali-en\/galatea-of-the-spheres\/#primaryimage\"},\"thumbnailUrl\":\"https:\/\/svetslik.si\/wp-content\/uploads\/2021\/08\/image_Galatea-of-the-Spheres_680.jpg\",\"datePublished\":\"2021-09-02T16:10:09+00:00\",\"dateModified\":\"2026-03-22T19:29:02+00:00\",\"description\":\"Salvador Dali - Galatea of the Spheres - 100% hand-painted reproduction of famous paintings by famous artists. Wall art, abstract paintings and custom painted paintings by order.\",\"breadcrumb\":{\"@id\":\"https:\/\/svetslik.si\/en\/salvador-dali-en\/galatea-of-the-spheres\/#breadcrumb\"},\"inLanguage\":\"en-US\",\"potentialAction\":[{\"@type\":\"ReadAction\",\"target\":[\"https:\/\/svetslik.si\/en\/salvador-dali-en\/galatea-of-the-spheres\/\"]}]},{\"@type\":\"ImageObject\",\"inLanguage\":\"en-US\",\"@id\":\"https:\/\/svetslik.si\/en\/salvador-dali-en\/galatea-of-the-spheres\/#primaryimage\",\"url\":\"https:\/\/svetslik.si\/wp-content\/uploads\/2021\/08\/image_Galatea-of-the-Spheres_680.jpg\",\"contentUrl\":\"https:\/\/svetslik.si\/wp-content\/uploads\/2021\/08\/image_Galatea-of-the-Spheres_680.jpg\",\"width\":800,\"height\":1047,\"caption\":\"Salvador Dali - Galatea of the Spheres - reproduction of famous painting by famous artist, hand painted painting on canvas\"},{\"@type\":\"BreadcrumbList\",\"@id\":\"https:\/\/svetslik.si\/en\/salvador-dali-en\/galatea-of-the-spheres\/#breadcrumb\",\"itemListElement\":[{\"@type\":\"ListItem\",\"position\":1,\"name\":\"Wall art and paintings on canvas\",\"item\":\"https:\/\/svetslik.si\/en\/\"},{\"@type\":\"ListItem\",\"position\":2,\"name\":\"Sale of paintings\",\"item\":\"https:\/\/svetslik.si\/prodaja-slik\/\"},{\"@type\":\"ListItem\",\"position\":3,\"name\":\"Salvador Dali &#8211; Galatea of the Spheres\"}]},{\"@type\":\"WebSite\",\"@id\":\"https:\/\/svetslik.si\/en\/#website\",\"url\":\"https:\/\/svetslik.si\/en\/\",\"name\":\"SVETSLIK.SI\",\"description\":\"100% ru\u010dno naslikane reprodukcije slika poznatih slikara in umjetni\u010dke zidne slike na platnu.\",\"publisher\":{\"@id\":\"https:\/\/svetslik.si\/en\/#organization\"},\"potentialAction\":[{\"@type\":\"SearchAction\",\"target\":{\"@type\":\"EntryPoint\",\"urlTemplate\":\"https:\/\/svetslik.si\/en\/?s={search_term_string}\"},\"query-input\":{\"@type\":\"PropertyValueSpecification\",\"valueRequired\":true,\"valueName\":\"search_term_string\"}}],\"inLanguage\":\"en-US\"},{\"@type\":\"Organization\",\"@id\":\"https:\/\/svetslik.si\/en\/#organization\",\"name\":\"SvetSlik.si\",\"url\":\"https:\/\/svetslik.si\/en\/\",\"logo\":{\"@type\":\"ImageObject\",\"inLanguage\":\"en-US\",\"@id\":\"https:\/\/svetslik.si\/en\/#\/schema\/logo\/image\/\",\"url\":\"https:\/\/svetslik.si\/wp-content\/uploads\/2020\/12\/logo-512.png\",\"contentUrl\":\"https:\/\/svetslik.si\/wp-content\/uploads\/2020\/12\/logo-512.png\",\"width\":512,\"height\":512,\"caption\":\"SvetSlik.si\"},\"image\":{\"@id\":\"https:\/\/svetslik.si\/en\/#\/schema\/logo\/image\/\"},\"sameAs\":[\"https:\/\/www.facebook.com\/svetslik.si\",\"https:\/\/x.com\/svetslik\",\"https:\/\/www.instagram.com\/svetslik.si\/\",\"https:\/\/www.linkedin.com\/company\/svetslik-si\"]}]}<\/script>\n<meta property=\"og:availability\" content=\"backorder\" \/>\n<meta property=\"product:availability\" content=\"available for order\" \/>\n<meta property=\"product:retailer_item_id\" content=\"443__\" \/>\n<meta property=\"product:condition\" content=\"new\" \/>\n<!-- \/ Yoast SEO Premium plugin. -->","yoast_head_json":{"title":"Salvador Dali - Galatea of the Spheres - SVETSLIK.SI - 100% hand painted","description":"Salvador Dali - Galatea of the Spheres - 100% hand-painted reproduction of famous paintings by famous artists. Wall art, abstract paintings and custom painted paintings by order.","robots":{"index":"index","follow":"follow","max-snippet":"max-snippet:-1","max-image-preview":"max-image-preview:large","max-video-preview":"max-video-preview:-1"},"canonical":"https:\/\/svetslik.si\/en\/salvador-dali-en\/galatea-of-the-spheres\/","og_locale":"en_US","og_type":"article","og_title":"Salvador Dali - Galatea of the Spheres","og_description":"100% ro\u010dno naslikane slike na platnu, reprodukcije znanih slikarjev in umetni\u0161ke slike po naro\u010dilu.","og_url":"https:\/\/svetslik.si\/en\/salvador-dali-en\/galatea-of-the-spheres\/","og_site_name":"SVETSLIK.SI","article_publisher":"https:\/\/www.facebook.com\/svetslik.si","article_modified_time":"2026-03-22T19:29:02+00:00","og_image":[{"width":800,"height":1047,"url":"https:\/\/svetslik.si\/wp-content\/uploads\/2021\/08\/image_Galatea-of-the-Spheres_680.jpg","type":"image\/jpeg"}],"twitter_card":"summary_large_image","twitter_site":"@svetslik","twitter_misc":{"Availability":"On backorder"},"schema":{"@context":"https:\/\/schema.org","@graph":[{"@type":["WebPage","ItemPage"],"@id":"https:\/\/svetslik.si\/en\/salvador-dali-en\/galatea-of-the-spheres\/","url":"https:\/\/svetslik.si\/en\/salvador-dali-en\/galatea-of-the-spheres\/","name":"Salvador Dali - Galatea of the Spheres - SVETSLIK.SI - 100% hand painted","isPartOf":{"@id":"https:\/\/svetslik.si\/en\/#website"},"primaryImageOfPage":{"@id":"https:\/\/svetslik.si\/en\/salvador-dali-en\/galatea-of-the-spheres\/#primaryimage"},"image":{"@id":"https:\/\/svetslik.si\/en\/salvador-dali-en\/galatea-of-the-spheres\/#primaryimage"},"thumbnailUrl":"https:\/\/svetslik.si\/wp-content\/uploads\/2021\/08\/image_Galatea-of-the-Spheres_680.jpg","datePublished":"2021-09-02T16:10:09+00:00","dateModified":"2026-03-22T19:29:02+00:00","description":"Salvador Dali - Galatea of the Spheres - 100% hand-painted reproduction of famous paintings by famous artists. Wall art, abstract paintings and custom painted paintings by order.","breadcrumb":{"@id":"https:\/\/svetslik.si\/en\/salvador-dali-en\/galatea-of-the-spheres\/#breadcrumb"},"inLanguage":"en-US","potentialAction":[{"@type":"ReadAction","target":["https:\/\/svetslik.si\/en\/salvador-dali-en\/galatea-of-the-spheres\/"]}]},{"@type":"ImageObject","inLanguage":"en-US","@id":"https:\/\/svetslik.si\/en\/salvador-dali-en\/galatea-of-the-spheres\/#primaryimage","url":"https:\/\/svetslik.si\/wp-content\/uploads\/2021\/08\/image_Galatea-of-the-Spheres_680.jpg","contentUrl":"https:\/\/svetslik.si\/wp-content\/uploads\/2021\/08\/image_Galatea-of-the-Spheres_680.jpg","width":800,"height":1047,"caption":"Salvador Dali - Galatea of the Spheres - reproduction of famous painting by famous artist, hand painted painting on canvas"},{"@type":"BreadcrumbList","@id":"https:\/\/svetslik.si\/en\/salvador-dali-en\/galatea-of-the-spheres\/#breadcrumb","itemListElement":[{"@type":"ListItem","position":1,"name":"Wall art and paintings on canvas","item":"https:\/\/svetslik.si\/en\/"},{"@type":"ListItem","position":2,"name":"Sale of paintings","item":"https:\/\/svetslik.si\/prodaja-slik\/"},{"@type":"ListItem","position":3,"name":"Salvador Dali &#8211; Galatea of the Spheres"}]},{"@type":"WebSite","@id":"https:\/\/svetslik.si\/en\/#website","url":"https:\/\/svetslik.si\/en\/","name":"SVETSLIK.SI","description":"100% ru\u010dno naslikane reprodukcije slika poznatih slikara in umjetni\u010dke zidne slike na platnu.","publisher":{"@id":"https:\/\/svetslik.si\/en\/#organization"},"potentialAction":[{"@type":"SearchAction","target":{"@type":"EntryPoint","urlTemplate":"https:\/\/svetslik.si\/en\/?s={search_term_string}"},"query-input":{"@type":"PropertyValueSpecification","valueRequired":true,"valueName":"search_term_string"}}],"inLanguage":"en-US"},{"@type":"Organization","@id":"https:\/\/svetslik.si\/en\/#organization","name":"SvetSlik.si","url":"https:\/\/svetslik.si\/en\/","logo":{"@type":"ImageObject","inLanguage":"en-US","@id":"https:\/\/svetslik.si\/en\/#\/schema\/logo\/image\/","url":"https:\/\/svetslik.si\/wp-content\/uploads\/2020\/12\/logo-512.png","contentUrl":"https:\/\/svetslik.si\/wp-content\/uploads\/2020\/12\/logo-512.png","width":512,"height":512,"caption":"SvetSlik.si"},"image":{"@id":"https:\/\/svetslik.si\/en\/#\/schema\/logo\/image\/"},"sameAs":["https:\/\/www.facebook.com\/svetslik.si","https:\/\/x.com\/svetslik","https:\/\/www.instagram.com\/svetslik.si\/","https:\/\/www.linkedin.com\/company\/svetslik-si"]}]},"og_availability":"backorder","product_availability":"available for order","product_retailer_item_id":"443__","product_condition":"new"},"jetpack_sharing_enabled":true,"_links":{"self":[{"href":"https:\/\/svetslik.si\/en\/wp-json\/wp\/v2\/product\/84115","targetHints":{"allow":["GET"]}}],"collection":[{"href":"https:\/\/svetslik.si\/en\/wp-json\/wp\/v2\/product"}],"about":[{"href":"https:\/\/svetslik.si\/en\/wp-json\/wp\/v2\/types\/product"}],"wp:featuredmedia":[{"embeddable":true,"href":"https:\/\/svetslik.si\/en\/wp-json\/wp\/v2\/media\/78752"}],"wp:attachment":[{"href":"https:\/\/svetslik.si\/en\/wp-json\/wp\/v2\/media?parent=84115"}],"wp:term":[{"taxonomy":"product_brand","embeddable":true,"href":"https:\/\/svetslik.si\/en\/wp-json\/wp\/v2\/product_brand?post=84115"},{"taxonomy":"product_cat","embeddable":true,"href":"https:\/\/svetslik.si\/en\/wp-json\/wp\/v2\/product_cat?post=84115"},{"taxonomy":"product_tag","embeddable":true,"href":"https:\/\/svetslik.si\/en\/wp-json\/wp\/v2\/product_tag?post=84115"}],"curies":[{"name":"wp","href":"https:\/\/api.w.org\/{rel}","templated":true}]}}