{"id":84161,"date":"2021-09-02T18:11:00","date_gmt":"2021-09-02T16:11:00","guid":{"rendered":"https:\/\/svetslik.si\/uncategorized\/fire\/"},"modified":"2026-03-22T20:30:56","modified_gmt":"2026-03-22T19:30:56","slug":"fire","status":"publish","type":"product","link":"https:\/\/svetslik.si\/en\/giuseppe-arcimboldo-en\/fire\/","title":{"rendered":"Giuseppe Arcimboldo &#8211; Fire"},"content":{"rendered":"<h1>Giuseppe Arcimboldo &#8211; Fire<\/h1>\n<p>\n&nbsp;<\/p>\n<table border=\"0\" cellpadding=\"0\" cellspacing=\"0\" style=\"width: 593px\" width=\"593\">\n<tbody>\n<tr>\n<td height=\"21\" style=\"width: 155px;height: 21px\">Year of creation:<\/td>\n<td style=\"width: 439px\">1566<\/td>\n<\/tr>\n<tr>\n<td height=\"21\" style=\"width: 155px;height: 21px\">Original size:<\/td>\n<td style=\"width: 439px\">67 x 51 cm<\/td>\n<\/tr>\n<tr>\n<td height=\"21\" style=\"width: 155px;height: 21px\">Painting style:<\/td>\n<td style=\"width: 439px\">Mannerism<\/td>\n<\/tr>\n<tr>\n<td height=\"21\" style=\"width: 155px;height: 21px\">Original technique:<\/td>\n<td style=\"width: 439px\">Oil on panel<\/td>\n<\/tr>\n<tr>\n<td height=\"21\" style=\"width: 155px;height: 21px\">Located:<\/td>\n<td style=\"width: 439px\">Kunsthistorisches Museum, Vienna<\/p>\n<div>&nbsp;<\/div>\n<\/td>\n<\/tr>\n<\/tbody>\n<colgroup><\/colgroup>\n<\/table>\n<p>The oil on canvas <em>Fire<\/em> is particularly interesting, because on it Arcimboldo depicted different types of fire &#8211; from the small flame of an oil lamp, the slightly stronger flame of a candle, and all the way to the full destructive power of fire, which he showed with cannons and guns. Of all the paintings in the Natural Elements series, this painting has the most symbols representing the Austrian Imperial Family. The burning figure has a gold chain around his neck, which represented one of the most important orders of the time, on the lower edge of the painting, we can also see a double-headed eagle on the portrait&#8217;s dress, also a symbol of the Holy Roman Empire, while cannons and guns symbolize the great military power of the empire, which was at war with Turkey at that time.<\/p>\n","protected":false},"excerpt":{"rendered":"<p>Giuseppe Arcimboldo &#8211; Fire &nbsp; Year of creation: 1566 Original size: 67 x 51 cm Painting style: Mannerism Original technique: Oil on panel Located: Kunsthistorisches Museum, Vienna &nbsp; The oil on canvas Fire is particularly interesting, because on it Arcimboldo depicted different types of fire &#8211; from the small flame [&hellip;]<\/p>\n","protected":false},"featured_media":78737,"template":"","meta":{"_acf_changed":false},"product_brand":[],"product_cat":[9807],"product_tag":[9826,9870,9862,9863],"class_list":{"0":"post-84161","1":"product","2":"type-product","3":"status-publish","4":"has-post-thumbnail","6":"product_cat-giuseppe-arcimboldo-en","7":"product_tag-arcimboldo-en","8":"product_tag-painter","9":"product_tag-reproduction-en","10":"product_tag-reproductions","11":"pa_dimenzija-100-x-130-cm","12":"pa_dimenzija-120-x-160-cm","13":"pa_dimenzija-30-x-40-cm","14":"pa_dimenzija-40-x-50-cm","15":"pa_dimenzija-51-x-67-cm","16":"pa_dimenzija-60-x-80-cm","17":"pa_dimenzija-70-x-90-cm","18":"pa_dimenzija-80-x-110-cm","19":"pa_oblika-vertical","20":"pa_okvir-without-frame","21":"pa_podokvir-without","22":"pa_podokvir-yes","24":"first","25":"onbackorder","26":"purchasable","27":"product-type-variable","28":"has-default-attributes"},"acf":[],"yoast_head":"<!-- This site is optimized with the Yoast SEO Premium plugin v26.0 (Yoast SEO v27.2) - https:\/\/yoast.com\/product\/yoast-seo-premium-wordpress\/ -->\n<title>Giuseppe Arcimboldo - Fire - SVETSLIK.SI - 100% hand painted<\/title>\n<meta name=\"description\" content=\"Giuseppe Arcimboldo - Fire - 100% hand-painted reproduction of famous paintings by famous artists. Wall art, abstract paintings and custom painted paintings by order.\" \/>\n<meta name=\"robots\" content=\"index, follow, max-snippet:-1, max-image-preview:large, max-video-preview:-1\" \/>\n<link rel=\"canonical\" href=\"https:\/\/svetslik.si\/en\/giuseppe-arcimboldo-en\/fire\/\" \/>\n<meta property=\"og:locale\" content=\"en_US\" \/>\n<meta property=\"og:type\" content=\"article\" \/>\n<meta property=\"og:title\" content=\"Giuseppe Arcimboldo - Fire\" \/>\n<meta property=\"og:description\" content=\"100% ro\u010dno naslikane slike na platnu, reprodukcije znanih slikarjev in umetni\u0161ke slike po naro\u010dilu.\" \/>\n<meta property=\"og:url\" content=\"https:\/\/svetslik.si\/en\/giuseppe-arcimboldo-en\/fire\/\" \/>\n<meta property=\"og:site_name\" content=\"SVETSLIK.SI\" \/>\n<meta property=\"article:publisher\" content=\"https:\/\/www.facebook.com\/svetslik.si\" \/>\n<meta property=\"article:modified_time\" content=\"2026-03-22T19:30:56+00:00\" \/>\n<meta property=\"og:image\" content=\"https:\/\/svetslik.si\/wp-content\/uploads\/2021\/08\/image_Fire_680.jpg\" \/>\n\t<meta property=\"og:image:width\" content=\"513\" \/>\n\t<meta property=\"og:image:height\" content=\"680\" \/>\n\t<meta property=\"og:image:type\" content=\"image\/jpeg\" \/>\n<meta name=\"twitter:card\" content=\"summary_large_image\" \/>\n<meta name=\"twitter:site\" content=\"@svetslik\" \/>\n<meta name=\"twitter:label1\" content=\"Availability\" \/>\n\t<meta name=\"twitter:data1\" content=\"On backorder\" \/>\n<script type=\"application\/ld+json\" class=\"yoast-schema-graph\">{\"@context\":\"https:\/\/schema.org\",\"@graph\":[{\"@type\":[\"WebPage\",\"ItemPage\"],\"@id\":\"https:\/\/svetslik.si\/en\/giuseppe-arcimboldo-en\/fire\/\",\"url\":\"https:\/\/svetslik.si\/en\/giuseppe-arcimboldo-en\/fire\/\",\"name\":\"Giuseppe Arcimboldo - Fire - SVETSLIK.SI - 100% hand painted\",\"isPartOf\":{\"@id\":\"https:\/\/svetslik.si\/en\/#website\"},\"primaryImageOfPage\":{\"@id\":\"https:\/\/svetslik.si\/en\/giuseppe-arcimboldo-en\/fire\/#primaryimage\"},\"image\":{\"@id\":\"https:\/\/svetslik.si\/en\/giuseppe-arcimboldo-en\/fire\/#primaryimage\"},\"thumbnailUrl\":\"https:\/\/svetslik.si\/wp-content\/uploads\/2021\/08\/image_Fire_680.jpg\",\"datePublished\":\"2021-09-02T16:11:00+00:00\",\"dateModified\":\"2026-03-22T19:30:56+00:00\",\"description\":\"Giuseppe Arcimboldo - Fire - 100% hand-painted reproduction of famous paintings by famous artists. Wall art, abstract paintings and custom painted paintings by order.\",\"breadcrumb\":{\"@id\":\"https:\/\/svetslik.si\/en\/giuseppe-arcimboldo-en\/fire\/#breadcrumb\"},\"inLanguage\":\"en-US\",\"potentialAction\":[{\"@type\":\"ReadAction\",\"target\":[\"https:\/\/svetslik.si\/en\/giuseppe-arcimboldo-en\/fire\/\"]}]},{\"@type\":\"ImageObject\",\"inLanguage\":\"en-US\",\"@id\":\"https:\/\/svetslik.si\/en\/giuseppe-arcimboldo-en\/fire\/#primaryimage\",\"url\":\"https:\/\/svetslik.si\/wp-content\/uploads\/2021\/08\/image_Fire_680.jpg\",\"contentUrl\":\"https:\/\/svetslik.si\/wp-content\/uploads\/2021\/08\/image_Fire_680.jpg\",\"width\":513,\"height\":680,\"caption\":\"Giuseppe Arcimboldo - Fire - reproduction of famous painting by famous artist, hand painted painting on canvas\"},{\"@type\":\"BreadcrumbList\",\"@id\":\"https:\/\/svetslik.si\/en\/giuseppe-arcimboldo-en\/fire\/#breadcrumb\",\"itemListElement\":[{\"@type\":\"ListItem\",\"position\":1,\"name\":\"Wall art and paintings on canvas\",\"item\":\"https:\/\/svetslik.si\/en\/\"},{\"@type\":\"ListItem\",\"position\":2,\"name\":\"Sale of paintings\",\"item\":\"https:\/\/svetslik.si\/prodaja-slik\/\"},{\"@type\":\"ListItem\",\"position\":3,\"name\":\"Giuseppe Arcimboldo &#8211; Fire\"}]},{\"@type\":\"WebSite\",\"@id\":\"https:\/\/svetslik.si\/en\/#website\",\"url\":\"https:\/\/svetslik.si\/en\/\",\"name\":\"SVETSLIK.SI\",\"description\":\"100% ru\u010dno naslikane reprodukcije slika poznatih slikara in umjetni\u010dke zidne slike na platnu.\",\"publisher\":{\"@id\":\"https:\/\/svetslik.si\/en\/#organization\"},\"potentialAction\":[{\"@type\":\"SearchAction\",\"target\":{\"@type\":\"EntryPoint\",\"urlTemplate\":\"https:\/\/svetslik.si\/en\/?s={search_term_string}\"},\"query-input\":{\"@type\":\"PropertyValueSpecification\",\"valueRequired\":true,\"valueName\":\"search_term_string\"}}],\"inLanguage\":\"en-US\"},{\"@type\":\"Organization\",\"@id\":\"https:\/\/svetslik.si\/en\/#organization\",\"name\":\"SvetSlik.si\",\"url\":\"https:\/\/svetslik.si\/en\/\",\"logo\":{\"@type\":\"ImageObject\",\"inLanguage\":\"en-US\",\"@id\":\"https:\/\/svetslik.si\/en\/#\/schema\/logo\/image\/\",\"url\":\"https:\/\/svetslik.si\/wp-content\/uploads\/2020\/12\/logo-512.png\",\"contentUrl\":\"https:\/\/svetslik.si\/wp-content\/uploads\/2020\/12\/logo-512.png\",\"width\":512,\"height\":512,\"caption\":\"SvetSlik.si\"},\"image\":{\"@id\":\"https:\/\/svetslik.si\/en\/#\/schema\/logo\/image\/\"},\"sameAs\":[\"https:\/\/www.facebook.com\/svetslik.si\",\"https:\/\/x.com\/svetslik\",\"https:\/\/www.instagram.com\/svetslik.si\/\",\"https:\/\/www.linkedin.com\/company\/svetslik-si\"]}]}<\/script>\n<meta property=\"og:availability\" content=\"backorder\" \/>\n<meta property=\"product:availability\" content=\"available for order\" \/>\n<meta property=\"product:retailer_item_id\" content=\"449__\" \/>\n<meta property=\"product:condition\" content=\"new\" \/>\n<!-- \/ Yoast SEO Premium plugin. -->","yoast_head_json":{"title":"Giuseppe Arcimboldo - Fire - SVETSLIK.SI - 100% hand painted","description":"Giuseppe Arcimboldo - Fire - 100% hand-painted reproduction of famous paintings by famous artists. Wall art, abstract paintings and custom painted paintings by order.","robots":{"index":"index","follow":"follow","max-snippet":"max-snippet:-1","max-image-preview":"max-image-preview:large","max-video-preview":"max-video-preview:-1"},"canonical":"https:\/\/svetslik.si\/en\/giuseppe-arcimboldo-en\/fire\/","og_locale":"en_US","og_type":"article","og_title":"Giuseppe Arcimboldo - Fire","og_description":"100% ro\u010dno naslikane slike na platnu, reprodukcije znanih slikarjev in umetni\u0161ke slike po naro\u010dilu.","og_url":"https:\/\/svetslik.si\/en\/giuseppe-arcimboldo-en\/fire\/","og_site_name":"SVETSLIK.SI","article_publisher":"https:\/\/www.facebook.com\/svetslik.si","article_modified_time":"2026-03-22T19:30:56+00:00","og_image":[{"width":513,"height":680,"url":"https:\/\/svetslik.si\/wp-content\/uploads\/2021\/08\/image_Fire_680.jpg","type":"image\/jpeg"}],"twitter_card":"summary_large_image","twitter_site":"@svetslik","twitter_misc":{"Availability":"On backorder"},"schema":{"@context":"https:\/\/schema.org","@graph":[{"@type":["WebPage","ItemPage"],"@id":"https:\/\/svetslik.si\/en\/giuseppe-arcimboldo-en\/fire\/","url":"https:\/\/svetslik.si\/en\/giuseppe-arcimboldo-en\/fire\/","name":"Giuseppe Arcimboldo - Fire - SVETSLIK.SI - 100% hand painted","isPartOf":{"@id":"https:\/\/svetslik.si\/en\/#website"},"primaryImageOfPage":{"@id":"https:\/\/svetslik.si\/en\/giuseppe-arcimboldo-en\/fire\/#primaryimage"},"image":{"@id":"https:\/\/svetslik.si\/en\/giuseppe-arcimboldo-en\/fire\/#primaryimage"},"thumbnailUrl":"https:\/\/svetslik.si\/wp-content\/uploads\/2021\/08\/image_Fire_680.jpg","datePublished":"2021-09-02T16:11:00+00:00","dateModified":"2026-03-22T19:30:56+00:00","description":"Giuseppe Arcimboldo - Fire - 100% hand-painted reproduction of famous paintings by famous artists. Wall art, abstract paintings and custom painted paintings by order.","breadcrumb":{"@id":"https:\/\/svetslik.si\/en\/giuseppe-arcimboldo-en\/fire\/#breadcrumb"},"inLanguage":"en-US","potentialAction":[{"@type":"ReadAction","target":["https:\/\/svetslik.si\/en\/giuseppe-arcimboldo-en\/fire\/"]}]},{"@type":"ImageObject","inLanguage":"en-US","@id":"https:\/\/svetslik.si\/en\/giuseppe-arcimboldo-en\/fire\/#primaryimage","url":"https:\/\/svetslik.si\/wp-content\/uploads\/2021\/08\/image_Fire_680.jpg","contentUrl":"https:\/\/svetslik.si\/wp-content\/uploads\/2021\/08\/image_Fire_680.jpg","width":513,"height":680,"caption":"Giuseppe Arcimboldo - Fire - reproduction of famous painting by famous artist, hand painted painting on canvas"},{"@type":"BreadcrumbList","@id":"https:\/\/svetslik.si\/en\/giuseppe-arcimboldo-en\/fire\/#breadcrumb","itemListElement":[{"@type":"ListItem","position":1,"name":"Wall art and paintings on canvas","item":"https:\/\/svetslik.si\/en\/"},{"@type":"ListItem","position":2,"name":"Sale of paintings","item":"https:\/\/svetslik.si\/prodaja-slik\/"},{"@type":"ListItem","position":3,"name":"Giuseppe Arcimboldo &#8211; Fire"}]},{"@type":"WebSite","@id":"https:\/\/svetslik.si\/en\/#website","url":"https:\/\/svetslik.si\/en\/","name":"SVETSLIK.SI","description":"100% ru\u010dno naslikane reprodukcije slika poznatih slikara in umjetni\u010dke zidne slike na platnu.","publisher":{"@id":"https:\/\/svetslik.si\/en\/#organization"},"potentialAction":[{"@type":"SearchAction","target":{"@type":"EntryPoint","urlTemplate":"https:\/\/svetslik.si\/en\/?s={search_term_string}"},"query-input":{"@type":"PropertyValueSpecification","valueRequired":true,"valueName":"search_term_string"}}],"inLanguage":"en-US"},{"@type":"Organization","@id":"https:\/\/svetslik.si\/en\/#organization","name":"SvetSlik.si","url":"https:\/\/svetslik.si\/en\/","logo":{"@type":"ImageObject","inLanguage":"en-US","@id":"https:\/\/svetslik.si\/en\/#\/schema\/logo\/image\/","url":"https:\/\/svetslik.si\/wp-content\/uploads\/2020\/12\/logo-512.png","contentUrl":"https:\/\/svetslik.si\/wp-content\/uploads\/2020\/12\/logo-512.png","width":512,"height":512,"caption":"SvetSlik.si"},"image":{"@id":"https:\/\/svetslik.si\/en\/#\/schema\/logo\/image\/"},"sameAs":["https:\/\/www.facebook.com\/svetslik.si","https:\/\/x.com\/svetslik","https:\/\/www.instagram.com\/svetslik.si\/","https:\/\/www.linkedin.com\/company\/svetslik-si"]}]},"og_availability":"backorder","product_availability":"available for order","product_retailer_item_id":"449__","product_condition":"new"},"jetpack_sharing_enabled":true,"_links":{"self":[{"href":"https:\/\/svetslik.si\/en\/wp-json\/wp\/v2\/product\/84161","targetHints":{"allow":["GET"]}}],"collection":[{"href":"https:\/\/svetslik.si\/en\/wp-json\/wp\/v2\/product"}],"about":[{"href":"https:\/\/svetslik.si\/en\/wp-json\/wp\/v2\/types\/product"}],"wp:featuredmedia":[{"embeddable":true,"href":"https:\/\/svetslik.si\/en\/wp-json\/wp\/v2\/media\/78737"}],"wp:attachment":[{"href":"https:\/\/svetslik.si\/en\/wp-json\/wp\/v2\/media?parent=84161"}],"wp:term":[{"taxonomy":"product_brand","embeddable":true,"href":"https:\/\/svetslik.si\/en\/wp-json\/wp\/v2\/product_brand?post=84161"},{"taxonomy":"product_cat","embeddable":true,"href":"https:\/\/svetslik.si\/en\/wp-json\/wp\/v2\/product_cat?post=84161"},{"taxonomy":"product_tag","embeddable":true,"href":"https:\/\/svetslik.si\/en\/wp-json\/wp\/v2\/product_tag?post=84161"}],"curies":[{"name":"wp","href":"https:\/\/api.w.org\/{rel}","templated":true}]}}