{"id":84404,"date":"2021-09-02T18:14:27","date_gmt":"2021-09-02T16:14:27","guid":{"rendered":"https:\/\/svetslik.si\/uncategorized\/bathers-asnieres\/"},"modified":"2026-03-22T20:35:37","modified_gmt":"2026-03-22T19:35:37","slug":"bathers-asnieres","status":"publish","type":"product","link":"https:\/\/svetslik.si\/en\/georges-seurat-en\/bathers-asnieres\/","title":{"rendered":"Georges Seurat &#8211; Bathers, Asni\u00e8res"},"content":{"rendered":"<h1>Georger Seurat &#8211; Bathers, Asni\u00e8res<\/h1>\n<p>\n&nbsp;<\/p>\n<table border=\"0\" cellpadding=\"0\" cellspacing=\"0\" style=\"width: 673px\" width=\"673\">\n<tbody>\n<tr>\n<td height=\"21\" style=\"width: 180px;height: 21px\">Year of creation:<\/td>\n<td style=\"width: 493px\">1884<\/td>\n<\/tr>\n<tr>\n<td height=\"21\" style=\"width: 180px;height: 21px\">Original size:<\/td>\n<td style=\"width: 493px\">300 cm x 201 cm<\/td>\n<\/tr>\n<tr>\n<td height=\"21\" style=\"width: 180px;height: 21px\">Painting style:<\/td>\n<td style=\"width: 493px\">Post-impressionism and pointillism<\/td>\n<\/tr>\n<tr>\n<td height=\"21\" style=\"width: 180px;height: 21px\">Original technique:<\/td>\n<td>Oil on canvas<\/td>\n<\/tr>\n<tr>\n<td height=\"21\" style=\"width: 180px;height: 21px\">Located:<\/td>\n<td>The National Gallery, London<\/td>\n<\/tr>\n<\/tbody>\n<colgroup><\/colgroup>\n<\/table>\n<p>&nbsp;<\/p>\n<div>Asni\u00e8res is an industrial suburb of western Paris on the banks of the Seine. In the painting <em>Bathers, Asni\u00e8res<\/em>, the painter depicted a group of young workers resting by the river.<\/div>\n<div>&nbsp;<\/div>\n<div>The painting is the first of Seurat&#8217;s large compositions. During the preparations, he drew many studies of individual figures, for which he used live models, as well as many small oil paintings on the banks of the Seine River, with which he helped himself in the design of the composition and the effects of light. He painted the final composition in the studio.<\/div>\n<div>&nbsp;<\/div>\n<div>In the painting, the artist did not use his technique of pointillism, as he had not yet invented it &#8211; Seurat only later reworked parts of this painting by adding dots in contrasting colors, creating a lively atmosphere in the painting. For example, he later added dots in orange and blue to the boy&#8217;s hat.&nbsp;The simple and regular shapes clearly defined by the light are reminiscent of the works of the Renaissance artist Piero della Francesco.&nbsp;<\/div>\n<div>&nbsp;<\/div>\n","protected":false},"excerpt":{"rendered":"<p>Georger Seurat &#8211; Bathers, Asni\u00e8res &nbsp; Year of creation: 1884 Original size: 300 cm x 201 cm Painting style: Post-impressionism and pointillism Original technique: Oil on canvas Located: The National Gallery, London &nbsp; Asni\u00e8res is an industrial suburb of western Paris on the banks of the Seine. In the painting [&hellip;]<\/p>\n","protected":false},"featured_media":78511,"template":"","meta":{"_acf_changed":false},"product_brand":[],"product_cat":[9806],"product_tag":[9870,9862,9863,9869],"class_list":{"0":"post-84404","1":"product","2":"type-product","3":"status-publish","4":"has-post-thumbnail","6":"product_cat-georges-seurat-en","7":"product_tag-painter","8":"product_tag-reproduction-en","9":"product_tag-reproductions","10":"product_tag-seurat-en","11":"pa_dimenzija-100-x-70-cm","12":"pa_dimenzija-120-x-80-cm","13":"pa_dimenzija-140-x-90-cm","14":"pa_dimenzija-180-x-120-cm","15":"pa_dimenzija-220-x-150-cm","16":"pa_dimenzija-260-x-175-cm","17":"pa_dimenzija-300-x-201-cm","18":"pa_dimenzija-80-x-55-cm","19":"pa_oblika-horizontal","20":"pa_okvir-without-frame","21":"pa_podokvir-without","22":"pa_podokvir-yes","24":"first","25":"onbackorder","26":"purchasable","27":"product-type-variable","28":"has-default-attributes"},"acf":[],"yoast_head":"<!-- This site is optimized with the Yoast SEO Premium plugin v26.0 (Yoast SEO v27.2) - https:\/\/yoast.com\/product\/yoast-seo-premium-wordpress\/ -->\n<title>Georges Seurat - Bathers, Asni\u00e8res - SVETSLIK.SI - 100% hand painted<\/title>\n<meta name=\"description\" content=\"Georges Seurat - Bathers, Asni\u00e8res - 100% hand-painted reproduction of famous paintings by famous artists. Wall art, abstract paintings and custom painted paintings by order.\" \/>\n<meta name=\"robots\" content=\"index, follow, max-snippet:-1, max-image-preview:large, max-video-preview:-1\" \/>\n<link rel=\"canonical\" href=\"https:\/\/svetslik.si\/en\/georges-seurat-en\/bathers-asnieres\/\" \/>\n<meta property=\"og:locale\" content=\"en_US\" \/>\n<meta property=\"og:type\" content=\"article\" \/>\n<meta property=\"og:title\" content=\"Georges Seurat - Bathers, Asni\u00e8res\" \/>\n<meta property=\"og:description\" content=\"100% ro\u010dno naslikane slike na platnu, reprodukcije znanih slikarjev in umetni\u0161ke slike po naro\u010dilu.\" \/>\n<meta property=\"og:url\" content=\"https:\/\/svetslik.si\/en\/georges-seurat-en\/bathers-asnieres\/\" \/>\n<meta property=\"og:site_name\" content=\"SVETSLIK.SI\" \/>\n<meta property=\"article:publisher\" content=\"https:\/\/www.facebook.com\/svetslik.si\" \/>\n<meta property=\"article:modified_time\" content=\"2026-03-22T19:35:37+00:00\" \/>\n<meta property=\"og:image\" content=\"https:\/\/svetslik.si\/wp-content\/uploads\/2021\/08\/image_Bathers-Asnieres-Seurat_680.jpg\" \/>\n\t<meta property=\"og:image:width\" content=\"1627\" \/>\n\t<meta property=\"og:image:height\" content=\"1080\" \/>\n\t<meta property=\"og:image:type\" content=\"image\/jpeg\" \/>\n<meta name=\"twitter:card\" content=\"summary_large_image\" \/>\n<meta name=\"twitter:site\" content=\"@svetslik\" \/>\n<meta name=\"twitter:label1\" content=\"Availability\" \/>\n\t<meta name=\"twitter:data1\" content=\"On backorder\" \/>\n<script type=\"application\/ld+json\" class=\"yoast-schema-graph\">{\"@context\":\"https:\/\/schema.org\",\"@graph\":[{\"@type\":[\"WebPage\",\"ItemPage\"],\"@id\":\"https:\/\/svetslik.si\/en\/georges-seurat-en\/bathers-asnieres\/\",\"url\":\"https:\/\/svetslik.si\/en\/georges-seurat-en\/bathers-asnieres\/\",\"name\":\"Georges Seurat - Bathers, Asni\u00e8res - SVETSLIK.SI - 100% hand painted\",\"isPartOf\":{\"@id\":\"https:\/\/svetslik.si\/en\/#website\"},\"primaryImageOfPage\":{\"@id\":\"https:\/\/svetslik.si\/en\/georges-seurat-en\/bathers-asnieres\/#primaryimage\"},\"image\":{\"@id\":\"https:\/\/svetslik.si\/en\/georges-seurat-en\/bathers-asnieres\/#primaryimage\"},\"thumbnailUrl\":\"https:\/\/svetslik.si\/wp-content\/uploads\/2021\/08\/image_Bathers-Asnieres-Seurat_680.jpg\",\"datePublished\":\"2021-09-02T16:14:27+00:00\",\"dateModified\":\"2026-03-22T19:35:37+00:00\",\"description\":\"Georges Seurat - Bathers, Asni\u00e8res - 100% hand-painted reproduction of famous paintings by famous artists. Wall art, abstract paintings and custom painted paintings by order.\",\"breadcrumb\":{\"@id\":\"https:\/\/svetslik.si\/en\/georges-seurat-en\/bathers-asnieres\/#breadcrumb\"},\"inLanguage\":\"en-US\",\"potentialAction\":[{\"@type\":\"ReadAction\",\"target\":[\"https:\/\/svetslik.si\/en\/georges-seurat-en\/bathers-asnieres\/\"]}]},{\"@type\":\"ImageObject\",\"inLanguage\":\"en-US\",\"@id\":\"https:\/\/svetslik.si\/en\/georges-seurat-en\/bathers-asnieres\/#primaryimage\",\"url\":\"https:\/\/svetslik.si\/wp-content\/uploads\/2021\/08\/image_Bathers-Asnieres-Seurat_680.jpg\",\"contentUrl\":\"https:\/\/svetslik.si\/wp-content\/uploads\/2021\/08\/image_Bathers-Asnieres-Seurat_680.jpg\",\"width\":1627,\"height\":1080,\"caption\":\"Georges Seurat - Bathers, Asni\u00e8res - reproduction of famous painting by famous artist, hand painted painting on canvas - oil painting\"},{\"@type\":\"BreadcrumbList\",\"@id\":\"https:\/\/svetslik.si\/en\/georges-seurat-en\/bathers-asnieres\/#breadcrumb\",\"itemListElement\":[{\"@type\":\"ListItem\",\"position\":1,\"name\":\"Wall art and paintings on canvas\",\"item\":\"https:\/\/svetslik.si\/en\/\"},{\"@type\":\"ListItem\",\"position\":2,\"name\":\"Sale of paintings\",\"item\":\"https:\/\/svetslik.si\/prodaja-slik\/\"},{\"@type\":\"ListItem\",\"position\":3,\"name\":\"Georges Seurat &#8211; Bathers, Asni\u00e8res\"}]},{\"@type\":\"WebSite\",\"@id\":\"https:\/\/svetslik.si\/en\/#website\",\"url\":\"https:\/\/svetslik.si\/en\/\",\"name\":\"SVETSLIK.SI\",\"description\":\"100% ru\u010dno naslikane reprodukcije slika poznatih slikara in umjetni\u010dke zidne slike na platnu.\",\"publisher\":{\"@id\":\"https:\/\/svetslik.si\/en\/#organization\"},\"potentialAction\":[{\"@type\":\"SearchAction\",\"target\":{\"@type\":\"EntryPoint\",\"urlTemplate\":\"https:\/\/svetslik.si\/en\/?s={search_term_string}\"},\"query-input\":{\"@type\":\"PropertyValueSpecification\",\"valueRequired\":true,\"valueName\":\"search_term_string\"}}],\"inLanguage\":\"en-US\"},{\"@type\":\"Organization\",\"@id\":\"https:\/\/svetslik.si\/en\/#organization\",\"name\":\"SvetSlik.si\",\"url\":\"https:\/\/svetslik.si\/en\/\",\"logo\":{\"@type\":\"ImageObject\",\"inLanguage\":\"en-US\",\"@id\":\"https:\/\/svetslik.si\/en\/#\/schema\/logo\/image\/\",\"url\":\"https:\/\/svetslik.si\/wp-content\/uploads\/2020\/12\/logo-512.png\",\"contentUrl\":\"https:\/\/svetslik.si\/wp-content\/uploads\/2020\/12\/logo-512.png\",\"width\":512,\"height\":512,\"caption\":\"SvetSlik.si\"},\"image\":{\"@id\":\"https:\/\/svetslik.si\/en\/#\/schema\/logo\/image\/\"},\"sameAs\":[\"https:\/\/www.facebook.com\/svetslik.si\",\"https:\/\/x.com\/svetslik\",\"https:\/\/www.instagram.com\/svetslik.si\/\",\"https:\/\/www.linkedin.com\/company\/svetslik-si\"]}]}<\/script>\n<meta property=\"og:availability\" content=\"backorder\" \/>\n<meta property=\"product:availability\" content=\"available for order\" \/>\n<meta property=\"product:retailer_item_id\" content=\"482__\" \/>\n<meta property=\"product:condition\" content=\"new\" \/>\n<!-- \/ Yoast SEO Premium plugin. -->","yoast_head_json":{"title":"Georges Seurat - Bathers, Asni\u00e8res - SVETSLIK.SI - 100% hand painted","description":"Georges Seurat - Bathers, Asni\u00e8res - 100% hand-painted reproduction of famous paintings by famous artists. Wall art, abstract paintings and custom painted paintings by order.","robots":{"index":"index","follow":"follow","max-snippet":"max-snippet:-1","max-image-preview":"max-image-preview:large","max-video-preview":"max-video-preview:-1"},"canonical":"https:\/\/svetslik.si\/en\/georges-seurat-en\/bathers-asnieres\/","og_locale":"en_US","og_type":"article","og_title":"Georges Seurat - Bathers, Asni\u00e8res","og_description":"100% ro\u010dno naslikane slike na platnu, reprodukcije znanih slikarjev in umetni\u0161ke slike po naro\u010dilu.","og_url":"https:\/\/svetslik.si\/en\/georges-seurat-en\/bathers-asnieres\/","og_site_name":"SVETSLIK.SI","article_publisher":"https:\/\/www.facebook.com\/svetslik.si","article_modified_time":"2026-03-22T19:35:37+00:00","og_image":[{"width":1627,"height":1080,"url":"https:\/\/svetslik.si\/wp-content\/uploads\/2021\/08\/image_Bathers-Asnieres-Seurat_680.jpg","type":"image\/jpeg"}],"twitter_card":"summary_large_image","twitter_site":"@svetslik","twitter_misc":{"Availability":"On backorder"},"schema":{"@context":"https:\/\/schema.org","@graph":[{"@type":["WebPage","ItemPage"],"@id":"https:\/\/svetslik.si\/en\/georges-seurat-en\/bathers-asnieres\/","url":"https:\/\/svetslik.si\/en\/georges-seurat-en\/bathers-asnieres\/","name":"Georges Seurat - Bathers, Asni\u00e8res - SVETSLIK.SI - 100% hand painted","isPartOf":{"@id":"https:\/\/svetslik.si\/en\/#website"},"primaryImageOfPage":{"@id":"https:\/\/svetslik.si\/en\/georges-seurat-en\/bathers-asnieres\/#primaryimage"},"image":{"@id":"https:\/\/svetslik.si\/en\/georges-seurat-en\/bathers-asnieres\/#primaryimage"},"thumbnailUrl":"https:\/\/svetslik.si\/wp-content\/uploads\/2021\/08\/image_Bathers-Asnieres-Seurat_680.jpg","datePublished":"2021-09-02T16:14:27+00:00","dateModified":"2026-03-22T19:35:37+00:00","description":"Georges Seurat - Bathers, Asni\u00e8res - 100% hand-painted reproduction of famous paintings by famous artists. Wall art, abstract paintings and custom painted paintings by order.","breadcrumb":{"@id":"https:\/\/svetslik.si\/en\/georges-seurat-en\/bathers-asnieres\/#breadcrumb"},"inLanguage":"en-US","potentialAction":[{"@type":"ReadAction","target":["https:\/\/svetslik.si\/en\/georges-seurat-en\/bathers-asnieres\/"]}]},{"@type":"ImageObject","inLanguage":"en-US","@id":"https:\/\/svetslik.si\/en\/georges-seurat-en\/bathers-asnieres\/#primaryimage","url":"https:\/\/svetslik.si\/wp-content\/uploads\/2021\/08\/image_Bathers-Asnieres-Seurat_680.jpg","contentUrl":"https:\/\/svetslik.si\/wp-content\/uploads\/2021\/08\/image_Bathers-Asnieres-Seurat_680.jpg","width":1627,"height":1080,"caption":"Georges Seurat - Bathers, Asni\u00e8res - reproduction of famous painting by famous artist, hand painted painting on canvas - oil painting"},{"@type":"BreadcrumbList","@id":"https:\/\/svetslik.si\/en\/georges-seurat-en\/bathers-asnieres\/#breadcrumb","itemListElement":[{"@type":"ListItem","position":1,"name":"Wall art and paintings on canvas","item":"https:\/\/svetslik.si\/en\/"},{"@type":"ListItem","position":2,"name":"Sale of paintings","item":"https:\/\/svetslik.si\/prodaja-slik\/"},{"@type":"ListItem","position":3,"name":"Georges Seurat &#8211; Bathers, Asni\u00e8res"}]},{"@type":"WebSite","@id":"https:\/\/svetslik.si\/en\/#website","url":"https:\/\/svetslik.si\/en\/","name":"SVETSLIK.SI","description":"100% ru\u010dno naslikane reprodukcije slika poznatih slikara in umjetni\u010dke zidne slike na platnu.","publisher":{"@id":"https:\/\/svetslik.si\/en\/#organization"},"potentialAction":[{"@type":"SearchAction","target":{"@type":"EntryPoint","urlTemplate":"https:\/\/svetslik.si\/en\/?s={search_term_string}"},"query-input":{"@type":"PropertyValueSpecification","valueRequired":true,"valueName":"search_term_string"}}],"inLanguage":"en-US"},{"@type":"Organization","@id":"https:\/\/svetslik.si\/en\/#organization","name":"SvetSlik.si","url":"https:\/\/svetslik.si\/en\/","logo":{"@type":"ImageObject","inLanguage":"en-US","@id":"https:\/\/svetslik.si\/en\/#\/schema\/logo\/image\/","url":"https:\/\/svetslik.si\/wp-content\/uploads\/2020\/12\/logo-512.png","contentUrl":"https:\/\/svetslik.si\/wp-content\/uploads\/2020\/12\/logo-512.png","width":512,"height":512,"caption":"SvetSlik.si"},"image":{"@id":"https:\/\/svetslik.si\/en\/#\/schema\/logo\/image\/"},"sameAs":["https:\/\/www.facebook.com\/svetslik.si","https:\/\/x.com\/svetslik","https:\/\/www.instagram.com\/svetslik.si\/","https:\/\/www.linkedin.com\/company\/svetslik-si"]}]},"og_availability":"backorder","product_availability":"available for order","product_retailer_item_id":"482__","product_condition":"new"},"jetpack_sharing_enabled":true,"_links":{"self":[{"href":"https:\/\/svetslik.si\/en\/wp-json\/wp\/v2\/product\/84404","targetHints":{"allow":["GET"]}}],"collection":[{"href":"https:\/\/svetslik.si\/en\/wp-json\/wp\/v2\/product"}],"about":[{"href":"https:\/\/svetslik.si\/en\/wp-json\/wp\/v2\/types\/product"}],"wp:featuredmedia":[{"embeddable":true,"href":"https:\/\/svetslik.si\/en\/wp-json\/wp\/v2\/media\/78511"}],"wp:attachment":[{"href":"https:\/\/svetslik.si\/en\/wp-json\/wp\/v2\/media?parent=84404"}],"wp:term":[{"taxonomy":"product_brand","embeddable":true,"href":"https:\/\/svetslik.si\/en\/wp-json\/wp\/v2\/product_brand?post=84404"},{"taxonomy":"product_cat","embeddable":true,"href":"https:\/\/svetslik.si\/en\/wp-json\/wp\/v2\/product_cat?post=84404"},{"taxonomy":"product_tag","embeddable":true,"href":"https:\/\/svetslik.si\/en\/wp-json\/wp\/v2\/product_tag?post=84404"}],"curies":[{"name":"wp","href":"https:\/\/api.w.org\/{rel}","templated":true}]}}