{"id":84467,"date":"2021-09-02T18:15:22","date_gmt":"2021-09-02T16:15:22","guid":{"rendered":"https:\/\/svetslik.si\/uncategorized\/maison-maria-with-a-view-of-chateau-noir\/"},"modified":"2026-03-22T20:37:01","modified_gmt":"2026-03-22T19:37:01","slug":"maison-maria-with-a-view-of-chateau-noir","status":"publish","type":"product","link":"https:\/\/svetslik.si\/en\/paul-cezanne-en\/maison-maria-with-a-view-of-chateau-noir\/","title":{"rendered":"Paul Cezanne &#8211; Maison Maria with a View of Chateau Noir"},"content":{"rendered":"<h1>Paul Cezanne &#8211; Maison Maria with a View of Chateau Noir<\/h1>\n<p>\n&nbsp;<\/p>\n<table border=\"0\" cellpadding=\"0\" cellspacing=\"0\" style=\"width: 619px\" width=\"619\">\n<tbody>\n<tr>\n<td height=\"21\" style=\"width: 180px;height: 21px\">\nYear of creation:<\/td>\n<td style=\"width: 439px\">\n1895<\/td>\n<\/tr>\n<tr>\n<td height=\"21\" style=\"width: 180px;height: 21px\">\nOriginal size:<\/td>\n<td style=\"width: 439px\">\n79 cm x 64 cm<\/td>\n<\/tr>\n<tr>\n<td height=\"21\" style=\"width: 180px;height: 21px\">\nPainting style:<\/td>\n<td style=\"width: 439px\">\nPost-impressionism<\/td>\n<\/tr>\n<tr>\n<td height=\"21\" style=\"width: 180px;height: 21px\">\nOriginal technique:<\/td>\n<td style=\"width: 439px\">\nOil on canvas<\/td>\n<\/tr>\n<tr>\n<td height=\"21\" style=\"width: 180px;height: 21px\">\nLocated:<\/td>\n<td style=\"width: 439px\">\nKimbell Museum of Art, Fort Worth<\/td>\n<\/tr>\n<\/tbody>\n<colgroup>\n<\/colgroup>\n<\/table>\n<p>\nThe oil on canvas <em>Maison Maria with a View of Ch\u00e2teau Noir<\/em> belongs to C\u00e9zanne&#8217;s later works marked by post-impressionism, revealing the dual character of his paintings: the brush strokes and subdued colors in this oil on canvas could classified as impressionism. However, the image does not show the emphasized movement of the surface and objects. Oil on canvas <em>Maison Maria<\/em> expresses a compositional character, e.g. the instability of the house in the painting and the depiction of the depth of the environment, which are characteristic of C\u00e9zanne.<\/p>\n","protected":false},"excerpt":{"rendered":"<p>Paul Cezanne &#8211; Maison Maria with a View of Chateau Noir &nbsp; Year of creation: 1895 Original size: 79 cm x 64 cm Painting style: Post-impressionism Original technique: Oil on canvas Located: Kimbell Museum of Art, Fort Worth The oil on canvas Maison Maria with a View of Ch\u00e2teau Noir [&hellip;]<\/p>\n","protected":false},"featured_media":78874,"template":"","meta":{"_acf_changed":false},"product_brand":[],"product_cat":[9811],"product_tag":[9829,9870,9862,9863],"class_list":{"0":"post-84467","1":"product","2":"type-product","3":"status-publish","4":"has-post-thumbnail","6":"product_cat-paul-cezanne-en","7":"product_tag-cezanne-en","8":"product_tag-painter","9":"product_tag-reproduction-en","10":"product_tag-reproductions","11":"pa_dimenzija-100-x-80-cm","12":"pa_dimenzija-120-x-100-cm","13":"pa_dimenzija-150-x-120-cm","14":"pa_dimenzija-180-x-150-cm","15":"pa_dimenzija-60-x-50-cm","16":"pa_dimenzija-70-x-60-cm","17":"pa_dimenzija-79-x-64-cm","18":"pa_dimenzija-90-x-75-cm","19":"pa_oblika-horizontal","20":"pa_okvir-without-frame","21":"pa_podokvir-without","22":"pa_podokvir-yes","24":"first","25":"onbackorder","26":"purchasable","27":"product-type-variable","28":"has-default-attributes"},"acf":[],"yoast_head":"<!-- This site is optimized with the Yoast SEO Premium plugin v26.0 (Yoast SEO v27.2) - https:\/\/yoast.com\/product\/yoast-seo-premium-wordpress\/ -->\n<title>Paul Cezanne - Maison Maria with a View of Chateau Noir - SVETSLIK.SI - 100% hand painted<\/title>\n<meta name=\"description\" content=\"Paul Cezanne - Maison Maria with a View of Chateau Noir - 100% hand-painted reproduction of famous paintings by famous artists. Wall art, abstract paintings and custom painted paintings by order.\" \/>\n<meta name=\"robots\" content=\"index, follow, max-snippet:-1, max-image-preview:large, max-video-preview:-1\" \/>\n<link rel=\"canonical\" href=\"https:\/\/svetslik.si\/en\/paul-cezanne-en\/maison-maria-with-a-view-of-chateau-noir\/\" \/>\n<meta property=\"og:locale\" content=\"en_US\" \/>\n<meta property=\"og:type\" content=\"article\" \/>\n<meta property=\"og:title\" content=\"Paul Cezanne - Maison Maria with a View of Chateau Noir\" \/>\n<meta property=\"og:description\" content=\"100% ro\u010dno naslikane slike na platnu, reprodukcije znanih slikarjev in umetni\u0161ke slike po naro\u010dilu.\" \/>\n<meta property=\"og:url\" content=\"https:\/\/svetslik.si\/en\/paul-cezanne-en\/maison-maria-with-a-view-of-chateau-noir\/\" \/>\n<meta property=\"og:site_name\" content=\"SVETSLIK.SI\" \/>\n<meta property=\"article:publisher\" content=\"https:\/\/www.facebook.com\/svetslik.si\" \/>\n<meta property=\"article:modified_time\" content=\"2026-03-22T19:37:01+00:00\" \/>\n<meta property=\"og:image\" content=\"https:\/\/svetslik.si\/wp-content\/uploads\/2021\/08\/image_Maison-Maria-with-a-View-of-Chateau-Noir_680.jpg\" \/>\n\t<meta property=\"og:image:width\" content=\"2536\" \/>\n\t<meta property=\"og:image:height\" content=\"2032\" \/>\n\t<meta property=\"og:image:type\" content=\"image\/jpeg\" \/>\n<meta name=\"twitter:card\" content=\"summary_large_image\" \/>\n<meta name=\"twitter:site\" content=\"@svetslik\" \/>\n<meta name=\"twitter:label1\" content=\"Availability\" \/>\n\t<meta name=\"twitter:data1\" content=\"On backorder\" \/>\n<script type=\"application\/ld+json\" class=\"yoast-schema-graph\">{\"@context\":\"https:\/\/schema.org\",\"@graph\":[{\"@type\":[\"WebPage\",\"ItemPage\"],\"@id\":\"https:\/\/svetslik.si\/en\/paul-cezanne-en\/maison-maria-with-a-view-of-chateau-noir\/\",\"url\":\"https:\/\/svetslik.si\/en\/paul-cezanne-en\/maison-maria-with-a-view-of-chateau-noir\/\",\"name\":\"Paul Cezanne - Maison Maria with a View of Chateau Noir - SVETSLIK.SI - 100% hand painted\",\"isPartOf\":{\"@id\":\"https:\/\/svetslik.si\/en\/#website\"},\"primaryImageOfPage\":{\"@id\":\"https:\/\/svetslik.si\/en\/paul-cezanne-en\/maison-maria-with-a-view-of-chateau-noir\/#primaryimage\"},\"image\":{\"@id\":\"https:\/\/svetslik.si\/en\/paul-cezanne-en\/maison-maria-with-a-view-of-chateau-noir\/#primaryimage\"},\"thumbnailUrl\":\"https:\/\/svetslik.si\/wp-content\/uploads\/2021\/08\/image_Maison-Maria-with-a-View-of-Chateau-Noir_680.jpg\",\"datePublished\":\"2021-09-02T16:15:22+00:00\",\"dateModified\":\"2026-03-22T19:37:01+00:00\",\"description\":\"Paul Cezanne - Maison Maria with a View of Chateau Noir - 100% hand-painted reproduction of famous paintings by famous artists. Wall art, abstract paintings and custom painted paintings by order.\",\"breadcrumb\":{\"@id\":\"https:\/\/svetslik.si\/en\/paul-cezanne-en\/maison-maria-with-a-view-of-chateau-noir\/#breadcrumb\"},\"inLanguage\":\"en-US\",\"potentialAction\":[{\"@type\":\"ReadAction\",\"target\":[\"https:\/\/svetslik.si\/en\/paul-cezanne-en\/maison-maria-with-a-view-of-chateau-noir\/\"]}]},{\"@type\":\"ImageObject\",\"inLanguage\":\"en-US\",\"@id\":\"https:\/\/svetslik.si\/en\/paul-cezanne-en\/maison-maria-with-a-view-of-chateau-noir\/#primaryimage\",\"url\":\"https:\/\/svetslik.si\/wp-content\/uploads\/2021\/08\/image_Maison-Maria-with-a-View-of-Chateau-Noir_680.jpg\",\"contentUrl\":\"https:\/\/svetslik.si\/wp-content\/uploads\/2021\/08\/image_Maison-Maria-with-a-View-of-Chateau-Noir_680.jpg\",\"width\":2536,\"height\":2032,\"caption\":\"Salvador Dali - Madonna of Port Lligat - reproduction of famous painting by famous artist, hand painted painting on canvas, surrealism, religious art\"},{\"@type\":\"BreadcrumbList\",\"@id\":\"https:\/\/svetslik.si\/en\/paul-cezanne-en\/maison-maria-with-a-view-of-chateau-noir\/#breadcrumb\",\"itemListElement\":[{\"@type\":\"ListItem\",\"position\":1,\"name\":\"Wall art and paintings on canvas\",\"item\":\"https:\/\/svetslik.si\/en\/\"},{\"@type\":\"ListItem\",\"position\":2,\"name\":\"Sale of paintings\",\"item\":\"https:\/\/svetslik.si\/prodaja-slik\/\"},{\"@type\":\"ListItem\",\"position\":3,\"name\":\"Paul Cezanne &#8211; Maison Maria with a View of Chateau Noir\"}]},{\"@type\":\"WebSite\",\"@id\":\"https:\/\/svetslik.si\/en\/#website\",\"url\":\"https:\/\/svetslik.si\/en\/\",\"name\":\"SVETSLIK.SI\",\"description\":\"100% ru\u010dno naslikane reprodukcije slika poznatih slikara in umjetni\u010dke zidne slike na platnu.\",\"publisher\":{\"@id\":\"https:\/\/svetslik.si\/en\/#organization\"},\"potentialAction\":[{\"@type\":\"SearchAction\",\"target\":{\"@type\":\"EntryPoint\",\"urlTemplate\":\"https:\/\/svetslik.si\/en\/?s={search_term_string}\"},\"query-input\":{\"@type\":\"PropertyValueSpecification\",\"valueRequired\":true,\"valueName\":\"search_term_string\"}}],\"inLanguage\":\"en-US\"},{\"@type\":\"Organization\",\"@id\":\"https:\/\/svetslik.si\/en\/#organization\",\"name\":\"SvetSlik.si\",\"url\":\"https:\/\/svetslik.si\/en\/\",\"logo\":{\"@type\":\"ImageObject\",\"inLanguage\":\"en-US\",\"@id\":\"https:\/\/svetslik.si\/en\/#\/schema\/logo\/image\/\",\"url\":\"https:\/\/svetslik.si\/wp-content\/uploads\/2020\/12\/logo-512.png\",\"contentUrl\":\"https:\/\/svetslik.si\/wp-content\/uploads\/2020\/12\/logo-512.png\",\"width\":512,\"height\":512,\"caption\":\"SvetSlik.si\"},\"image\":{\"@id\":\"https:\/\/svetslik.si\/en\/#\/schema\/logo\/image\/\"},\"sameAs\":[\"https:\/\/www.facebook.com\/svetslik.si\",\"https:\/\/x.com\/svetslik\",\"https:\/\/www.instagram.com\/svetslik.si\/\",\"https:\/\/www.linkedin.com\/company\/svetslik-si\"]}]}<\/script>\n<meta property=\"og:availability\" content=\"backorder\" \/>\n<meta property=\"product:availability\" content=\"available for order\" \/>\n<meta property=\"product:retailer_item_id\" content=\"492__\" \/>\n<meta property=\"product:condition\" content=\"new\" \/>\n<!-- \/ Yoast SEO Premium plugin. -->","yoast_head_json":{"title":"Paul Cezanne - Maison Maria with a View of Chateau Noir - SVETSLIK.SI - 100% hand painted","description":"Paul Cezanne - Maison Maria with a View of Chateau Noir - 100% hand-painted reproduction of famous paintings by famous artists. Wall art, abstract paintings and custom painted paintings by order.","robots":{"index":"index","follow":"follow","max-snippet":"max-snippet:-1","max-image-preview":"max-image-preview:large","max-video-preview":"max-video-preview:-1"},"canonical":"https:\/\/svetslik.si\/en\/paul-cezanne-en\/maison-maria-with-a-view-of-chateau-noir\/","og_locale":"en_US","og_type":"article","og_title":"Paul Cezanne - Maison Maria with a View of Chateau Noir","og_description":"100% ro\u010dno naslikane slike na platnu, reprodukcije znanih slikarjev in umetni\u0161ke slike po naro\u010dilu.","og_url":"https:\/\/svetslik.si\/en\/paul-cezanne-en\/maison-maria-with-a-view-of-chateau-noir\/","og_site_name":"SVETSLIK.SI","article_publisher":"https:\/\/www.facebook.com\/svetslik.si","article_modified_time":"2026-03-22T19:37:01+00:00","og_image":[{"width":2536,"height":2032,"url":"https:\/\/svetslik.si\/wp-content\/uploads\/2021\/08\/image_Maison-Maria-with-a-View-of-Chateau-Noir_680.jpg","type":"image\/jpeg"}],"twitter_card":"summary_large_image","twitter_site":"@svetslik","twitter_misc":{"Availability":"On backorder"},"schema":{"@context":"https:\/\/schema.org","@graph":[{"@type":["WebPage","ItemPage"],"@id":"https:\/\/svetslik.si\/en\/paul-cezanne-en\/maison-maria-with-a-view-of-chateau-noir\/","url":"https:\/\/svetslik.si\/en\/paul-cezanne-en\/maison-maria-with-a-view-of-chateau-noir\/","name":"Paul Cezanne - Maison Maria with a View of Chateau Noir - SVETSLIK.SI - 100% hand painted","isPartOf":{"@id":"https:\/\/svetslik.si\/en\/#website"},"primaryImageOfPage":{"@id":"https:\/\/svetslik.si\/en\/paul-cezanne-en\/maison-maria-with-a-view-of-chateau-noir\/#primaryimage"},"image":{"@id":"https:\/\/svetslik.si\/en\/paul-cezanne-en\/maison-maria-with-a-view-of-chateau-noir\/#primaryimage"},"thumbnailUrl":"https:\/\/svetslik.si\/wp-content\/uploads\/2021\/08\/image_Maison-Maria-with-a-View-of-Chateau-Noir_680.jpg","datePublished":"2021-09-02T16:15:22+00:00","dateModified":"2026-03-22T19:37:01+00:00","description":"Paul Cezanne - Maison Maria with a View of Chateau Noir - 100% hand-painted reproduction of famous paintings by famous artists. Wall art, abstract paintings and custom painted paintings by order.","breadcrumb":{"@id":"https:\/\/svetslik.si\/en\/paul-cezanne-en\/maison-maria-with-a-view-of-chateau-noir\/#breadcrumb"},"inLanguage":"en-US","potentialAction":[{"@type":"ReadAction","target":["https:\/\/svetslik.si\/en\/paul-cezanne-en\/maison-maria-with-a-view-of-chateau-noir\/"]}]},{"@type":"ImageObject","inLanguage":"en-US","@id":"https:\/\/svetslik.si\/en\/paul-cezanne-en\/maison-maria-with-a-view-of-chateau-noir\/#primaryimage","url":"https:\/\/svetslik.si\/wp-content\/uploads\/2021\/08\/image_Maison-Maria-with-a-View-of-Chateau-Noir_680.jpg","contentUrl":"https:\/\/svetslik.si\/wp-content\/uploads\/2021\/08\/image_Maison-Maria-with-a-View-of-Chateau-Noir_680.jpg","width":2536,"height":2032,"caption":"Salvador Dali - Madonna of Port Lligat - reproduction of famous painting by famous artist, hand painted painting on canvas, surrealism, religious art"},{"@type":"BreadcrumbList","@id":"https:\/\/svetslik.si\/en\/paul-cezanne-en\/maison-maria-with-a-view-of-chateau-noir\/#breadcrumb","itemListElement":[{"@type":"ListItem","position":1,"name":"Wall art and paintings on canvas","item":"https:\/\/svetslik.si\/en\/"},{"@type":"ListItem","position":2,"name":"Sale of paintings","item":"https:\/\/svetslik.si\/prodaja-slik\/"},{"@type":"ListItem","position":3,"name":"Paul Cezanne &#8211; Maison Maria with a View of Chateau Noir"}]},{"@type":"WebSite","@id":"https:\/\/svetslik.si\/en\/#website","url":"https:\/\/svetslik.si\/en\/","name":"SVETSLIK.SI","description":"100% ru\u010dno naslikane reprodukcije slika poznatih slikara in umjetni\u010dke zidne slike na platnu.","publisher":{"@id":"https:\/\/svetslik.si\/en\/#organization"},"potentialAction":[{"@type":"SearchAction","target":{"@type":"EntryPoint","urlTemplate":"https:\/\/svetslik.si\/en\/?s={search_term_string}"},"query-input":{"@type":"PropertyValueSpecification","valueRequired":true,"valueName":"search_term_string"}}],"inLanguage":"en-US"},{"@type":"Organization","@id":"https:\/\/svetslik.si\/en\/#organization","name":"SvetSlik.si","url":"https:\/\/svetslik.si\/en\/","logo":{"@type":"ImageObject","inLanguage":"en-US","@id":"https:\/\/svetslik.si\/en\/#\/schema\/logo\/image\/","url":"https:\/\/svetslik.si\/wp-content\/uploads\/2020\/12\/logo-512.png","contentUrl":"https:\/\/svetslik.si\/wp-content\/uploads\/2020\/12\/logo-512.png","width":512,"height":512,"caption":"SvetSlik.si"},"image":{"@id":"https:\/\/svetslik.si\/en\/#\/schema\/logo\/image\/"},"sameAs":["https:\/\/www.facebook.com\/svetslik.si","https:\/\/x.com\/svetslik","https:\/\/www.instagram.com\/svetslik.si\/","https:\/\/www.linkedin.com\/company\/svetslik-si"]}]},"og_availability":"backorder","product_availability":"available for order","product_retailer_item_id":"492__","product_condition":"new"},"jetpack_sharing_enabled":true,"_links":{"self":[{"href":"https:\/\/svetslik.si\/en\/wp-json\/wp\/v2\/product\/84467","targetHints":{"allow":["GET"]}}],"collection":[{"href":"https:\/\/svetslik.si\/en\/wp-json\/wp\/v2\/product"}],"about":[{"href":"https:\/\/svetslik.si\/en\/wp-json\/wp\/v2\/types\/product"}],"wp:featuredmedia":[{"embeddable":true,"href":"https:\/\/svetslik.si\/en\/wp-json\/wp\/v2\/media\/78874"}],"wp:attachment":[{"href":"https:\/\/svetslik.si\/en\/wp-json\/wp\/v2\/media?parent=84467"}],"wp:term":[{"taxonomy":"product_brand","embeddable":true,"href":"https:\/\/svetslik.si\/en\/wp-json\/wp\/v2\/product_brand?post=84467"},{"taxonomy":"product_cat","embeddable":true,"href":"https:\/\/svetslik.si\/en\/wp-json\/wp\/v2\/product_cat?post=84467"},{"taxonomy":"product_tag","embeddable":true,"href":"https:\/\/svetslik.si\/en\/wp-json\/wp\/v2\/product_tag?post=84467"}],"curies":[{"name":"wp","href":"https:\/\/api.w.org\/{rel}","templated":true}]}}