{"id":84610,"date":"2021-09-02T18:17:52","date_gmt":"2021-09-02T16:17:52","guid":{"rendered":"https:\/\/svetslik.si\/uncategorized\/a-carnival-evening\/"},"modified":"2026-03-22T20:40:18","modified_gmt":"2026-03-22T19:40:18","slug":"a-carnival-evening","status":"publish","type":"product","link":"https:\/\/svetslik.si\/en\/henri-rousseau-en\/a-carnival-evening\/","title":{"rendered":"Henri Rousseau &#8211; A Carnival Evening"},"content":{"rendered":"<h1>Henri Rousseau &#8211; A Carnival Evening<\/h1>\n<p>\n&nbsp;<\/p>\n<table border=\"0\" cellpadding=\"0\" cellspacing=\"0\" style=\"width: 673px\" width=\"673\">\n<tbody>\n<tr>\n<td height=\"21\" style=\"width: 180px;height: 21px\">Year of creation:<\/td>\n<td style=\"width: 493px\">1886<\/td>\n<\/tr>\n<tr>\n<td height=\"21\" style=\"width: 180px;height: 21px\">Original size:<\/td>\n<td style=\"width: 493px\">89.3 cm x 106.9 cm<\/td>\n<\/tr>\n<tr>\n<td height=\"21\" style=\"width: 180px;height: 21px\">Painting style:<\/td>\n<td style=\"width: 493px\">Post-impressionism<\/td>\n<\/tr>\n<tr>\n<td height=\"21\" style=\"width: 180px;height: 21px\">Original technique:<\/td>\n<td>Oil on canvas<\/td>\n<\/tr>\n<tr>\n<td height=\"21\" style=\"width: 180px;height: 21px\">Located:<\/td>\n<td>Philadelphia Museum of Art, USA<\/td>\n<\/tr>\n<\/tbody>\n<colgroup><\/colgroup>\n<\/table>\n<p>&nbsp;<\/p>\n<div>The painting <em>A Carnival Evening<\/em> is the first painting that Rousseau exhibited at the Salon, and it is a unique work of art and represents an impressive start to the painter&#8217;s career.&nbsp;<\/div>\n<div>&nbsp;<\/div>\n<div>In the painting, the artist used the <em>naive<\/em> style; all elements are painted literally and schematically &#8211; every stroke on the branches of the tree is emphasized, the clouds are unusually dense, and the painter paid more attention to the costumes of the figures than to the figures themselves. The design of the painting is effectively poetic; with his precise and sensitive observation of the colors of the evening, the artist achieved an extraordinary quality of atmosphere and mood.<\/div>\n<div>&nbsp;<\/div>\n","protected":false},"excerpt":{"rendered":"<p>Henri Rousseau &#8211; A Carnival Evening &nbsp; Year of creation: 1886 Original size: 89.3 cm x 106.9 cm Painting style: Post-impressionism Original technique: Oil on canvas Located: Philadelphia Museum of Art, USA &nbsp; The painting A Carnival Evening is the first painting that Rousseau exhibited at the Salon, and it [&hellip;]<\/p>\n","protected":false},"featured_media":78442,"template":"","meta":{"_acf_changed":false},"product_brand":[],"product_cat":[9809],"product_tag":[9870,9862,9863,9866],"class_list":{"0":"post-84610","1":"product","2":"type-product","3":"status-publish","4":"has-post-thumbnail","6":"product_cat-henri-rousseau-en","7":"product_tag-painter","8":"product_tag-reproduction-en","9":"product_tag-reproductions","10":"product_tag-rousseau-en","11":"pa_dimenzija-110-x-130-cm-en","12":"pa_dimenzija-130-x-160-cm-en","13":"pa_dimenzija-150-x-190-cm-en","14":"pa_dimenzija-50-x-60-cm-en","15":"pa_dimenzija-60-x-70-cm-en","16":"pa_dimenzija-70-x-85-cm-en","17":"pa_dimenzija-80-x-100-cm-en","18":"pa_dimenzija-89-x-107-cm-en","19":"pa_oblika-vertical","20":"pa_okvir-without-frame","21":"pa_podokvir-without","22":"pa_podokvir-yes","24":"first","25":"onbackorder","26":"purchasable","27":"product-type-variable","28":"has-default-attributes"},"acf":[],"yoast_head":"<!-- This site is optimized with the Yoast SEO Premium plugin v26.0 (Yoast SEO v27.2) - https:\/\/yoast.com\/product\/yoast-seo-premium-wordpress\/ -->\n<title>Henri Rousseau - A Carnival Evening - SVETSLIK.SI - 100% hand painted<\/title>\n<meta name=\"description\" content=\"Henri Rousseau - A Carnival Evening - 100% hand-painted reproduction of famous paintings by famous artists. Wall art, abstract paintings and custom painted paintings by order.\" \/>\n<meta name=\"robots\" content=\"index, follow, max-snippet:-1, max-image-preview:large, max-video-preview:-1\" \/>\n<link rel=\"canonical\" href=\"https:\/\/svetslik.si\/en\/henri-rousseau-en\/a-carnival-evening\/\" \/>\n<meta property=\"og:locale\" content=\"en_US\" \/>\n<meta property=\"og:type\" content=\"article\" \/>\n<meta property=\"og:title\" content=\"Henri Rousseau - A Carnival Evening\" \/>\n<meta property=\"og:description\" content=\"100% ro\u010dno naslikane slike na platnu, reprodukcije znanih slikarjev in umetni\u0161ke slike po naro\u010dilu.\" \/>\n<meta property=\"og:url\" content=\"https:\/\/svetslik.si\/en\/henri-rousseau-en\/a-carnival-evening\/\" \/>\n<meta property=\"og:site_name\" content=\"SVETSLIK.SI\" \/>\n<meta property=\"article:publisher\" content=\"https:\/\/www.facebook.com\/svetslik.si\" \/>\n<meta property=\"article:modified_time\" content=\"2026-03-22T19:40:18+00:00\" \/>\n<meta property=\"og:image\" content=\"https:\/\/svetslik.si\/wp-content\/uploads\/2021\/08\/image_A-Carnival-Evening-Henri-Rousseau_680-scaled.jpg\" \/>\n\t<meta property=\"og:image:width\" content=\"1941\" \/>\n\t<meta property=\"og:image:height\" content=\"2560\" \/>\n\t<meta property=\"og:image:type\" content=\"image\/jpeg\" \/>\n<meta name=\"twitter:card\" content=\"summary_large_image\" \/>\n<meta name=\"twitter:site\" content=\"@svetslik\" \/>\n<meta name=\"twitter:label1\" content=\"Availability\" \/>\n\t<meta name=\"twitter:data1\" content=\"On backorder\" \/>\n<script type=\"application\/ld+json\" class=\"yoast-schema-graph\">{\"@context\":\"https:\/\/schema.org\",\"@graph\":[{\"@type\":[\"WebPage\",\"ItemPage\"],\"@id\":\"https:\/\/svetslik.si\/en\/henri-rousseau-en\/a-carnival-evening\/\",\"url\":\"https:\/\/svetslik.si\/en\/henri-rousseau-en\/a-carnival-evening\/\",\"name\":\"Henri Rousseau - A Carnival Evening - SVETSLIK.SI - 100% hand painted\",\"isPartOf\":{\"@id\":\"https:\/\/svetslik.si\/en\/#website\"},\"primaryImageOfPage\":{\"@id\":\"https:\/\/svetslik.si\/en\/henri-rousseau-en\/a-carnival-evening\/#primaryimage\"},\"image\":{\"@id\":\"https:\/\/svetslik.si\/en\/henri-rousseau-en\/a-carnival-evening\/#primaryimage\"},\"thumbnailUrl\":\"https:\/\/svetslik.si\/wp-content\/uploads\/2021\/08\/image_A-Carnival-Evening-Henri-Rousseau_680-scaled.jpg\",\"datePublished\":\"2021-09-02T16:17:52+00:00\",\"dateModified\":\"2026-03-22T19:40:18+00:00\",\"description\":\"Henri Rousseau - A Carnival Evening - 100% hand-painted reproduction of famous paintings by famous artists. Wall art, abstract paintings and custom painted paintings by order.\",\"breadcrumb\":{\"@id\":\"https:\/\/svetslik.si\/en\/henri-rousseau-en\/a-carnival-evening\/#breadcrumb\"},\"inLanguage\":\"en-US\",\"potentialAction\":[{\"@type\":\"ReadAction\",\"target\":[\"https:\/\/svetslik.si\/en\/henri-rousseau-en\/a-carnival-evening\/\"]}]},{\"@type\":\"ImageObject\",\"inLanguage\":\"en-US\",\"@id\":\"https:\/\/svetslik.si\/en\/henri-rousseau-en\/a-carnival-evening\/#primaryimage\",\"url\":\"https:\/\/svetslik.si\/wp-content\/uploads\/2021\/08\/image_A-Carnival-Evening-Henri-Rousseau_680-scaled.jpg\",\"contentUrl\":\"https:\/\/svetslik.si\/wp-content\/uploads\/2021\/08\/image_A-Carnival-Evening-Henri-Rousseau_680-scaled.jpg\",\"width\":1941,\"height\":2560,\"caption\":\"Henri Rousseau - A Carnival Evening - reproduction of famous painting by famous artist, hand painted painting on canvas - oil painting\"},{\"@type\":\"BreadcrumbList\",\"@id\":\"https:\/\/svetslik.si\/en\/henri-rousseau-en\/a-carnival-evening\/#breadcrumb\",\"itemListElement\":[{\"@type\":\"ListItem\",\"position\":1,\"name\":\"Wall art and paintings on canvas\",\"item\":\"https:\/\/svetslik.si\/en\/\"},{\"@type\":\"ListItem\",\"position\":2,\"name\":\"Sale of paintings\",\"item\":\"https:\/\/svetslik.si\/prodaja-slik\/\"},{\"@type\":\"ListItem\",\"position\":3,\"name\":\"Henri Rousseau &#8211; A Carnival Evening\"}]},{\"@type\":\"WebSite\",\"@id\":\"https:\/\/svetslik.si\/en\/#website\",\"url\":\"https:\/\/svetslik.si\/en\/\",\"name\":\"SVETSLIK.SI\",\"description\":\"100% ru\u010dno naslikane reprodukcije slika poznatih slikara in umjetni\u010dke zidne slike na platnu.\",\"publisher\":{\"@id\":\"https:\/\/svetslik.si\/en\/#organization\"},\"potentialAction\":[{\"@type\":\"SearchAction\",\"target\":{\"@type\":\"EntryPoint\",\"urlTemplate\":\"https:\/\/svetslik.si\/en\/?s={search_term_string}\"},\"query-input\":{\"@type\":\"PropertyValueSpecification\",\"valueRequired\":true,\"valueName\":\"search_term_string\"}}],\"inLanguage\":\"en-US\"},{\"@type\":\"Organization\",\"@id\":\"https:\/\/svetslik.si\/en\/#organization\",\"name\":\"SvetSlik.si\",\"url\":\"https:\/\/svetslik.si\/en\/\",\"logo\":{\"@type\":\"ImageObject\",\"inLanguage\":\"en-US\",\"@id\":\"https:\/\/svetslik.si\/en\/#\/schema\/logo\/image\/\",\"url\":\"https:\/\/svetslik.si\/wp-content\/uploads\/2020\/12\/logo-512.png\",\"contentUrl\":\"https:\/\/svetslik.si\/wp-content\/uploads\/2020\/12\/logo-512.png\",\"width\":512,\"height\":512,\"caption\":\"SvetSlik.si\"},\"image\":{\"@id\":\"https:\/\/svetslik.si\/en\/#\/schema\/logo\/image\/\"},\"sameAs\":[\"https:\/\/www.facebook.com\/svetslik.si\",\"https:\/\/x.com\/svetslik\",\"https:\/\/www.instagram.com\/svetslik.si\/\",\"https:\/\/www.linkedin.com\/company\/svetslik-si\"]}]}<\/script>\n<meta property=\"og:availability\" content=\"backorder\" \/>\n<meta property=\"product:availability\" content=\"available for order\" \/>\n<meta property=\"product:retailer_item_id\" content=\"509__\" \/>\n<meta property=\"product:condition\" content=\"new\" \/>\n<!-- \/ Yoast SEO Premium plugin. -->","yoast_head_json":{"title":"Henri Rousseau - A Carnival Evening - SVETSLIK.SI - 100% hand painted","description":"Henri Rousseau - A Carnival Evening - 100% hand-painted reproduction of famous paintings by famous artists. Wall art, abstract paintings and custom painted paintings by order.","robots":{"index":"index","follow":"follow","max-snippet":"max-snippet:-1","max-image-preview":"max-image-preview:large","max-video-preview":"max-video-preview:-1"},"canonical":"https:\/\/svetslik.si\/en\/henri-rousseau-en\/a-carnival-evening\/","og_locale":"en_US","og_type":"article","og_title":"Henri Rousseau - A Carnival Evening","og_description":"100% ro\u010dno naslikane slike na platnu, reprodukcije znanih slikarjev in umetni\u0161ke slike po naro\u010dilu.","og_url":"https:\/\/svetslik.si\/en\/henri-rousseau-en\/a-carnival-evening\/","og_site_name":"SVETSLIK.SI","article_publisher":"https:\/\/www.facebook.com\/svetslik.si","article_modified_time":"2026-03-22T19:40:18+00:00","og_image":[{"width":1941,"height":2560,"url":"https:\/\/svetslik.si\/wp-content\/uploads\/2021\/08\/image_A-Carnival-Evening-Henri-Rousseau_680-scaled.jpg","type":"image\/jpeg"}],"twitter_card":"summary_large_image","twitter_site":"@svetslik","twitter_misc":{"Availability":"On backorder"},"schema":{"@context":"https:\/\/schema.org","@graph":[{"@type":["WebPage","ItemPage"],"@id":"https:\/\/svetslik.si\/en\/henri-rousseau-en\/a-carnival-evening\/","url":"https:\/\/svetslik.si\/en\/henri-rousseau-en\/a-carnival-evening\/","name":"Henri Rousseau - A Carnival Evening - SVETSLIK.SI - 100% hand painted","isPartOf":{"@id":"https:\/\/svetslik.si\/en\/#website"},"primaryImageOfPage":{"@id":"https:\/\/svetslik.si\/en\/henri-rousseau-en\/a-carnival-evening\/#primaryimage"},"image":{"@id":"https:\/\/svetslik.si\/en\/henri-rousseau-en\/a-carnival-evening\/#primaryimage"},"thumbnailUrl":"https:\/\/svetslik.si\/wp-content\/uploads\/2021\/08\/image_A-Carnival-Evening-Henri-Rousseau_680-scaled.jpg","datePublished":"2021-09-02T16:17:52+00:00","dateModified":"2026-03-22T19:40:18+00:00","description":"Henri Rousseau - A Carnival Evening - 100% hand-painted reproduction of famous paintings by famous artists. Wall art, abstract paintings and custom painted paintings by order.","breadcrumb":{"@id":"https:\/\/svetslik.si\/en\/henri-rousseau-en\/a-carnival-evening\/#breadcrumb"},"inLanguage":"en-US","potentialAction":[{"@type":"ReadAction","target":["https:\/\/svetslik.si\/en\/henri-rousseau-en\/a-carnival-evening\/"]}]},{"@type":"ImageObject","inLanguage":"en-US","@id":"https:\/\/svetslik.si\/en\/henri-rousseau-en\/a-carnival-evening\/#primaryimage","url":"https:\/\/svetslik.si\/wp-content\/uploads\/2021\/08\/image_A-Carnival-Evening-Henri-Rousseau_680-scaled.jpg","contentUrl":"https:\/\/svetslik.si\/wp-content\/uploads\/2021\/08\/image_A-Carnival-Evening-Henri-Rousseau_680-scaled.jpg","width":1941,"height":2560,"caption":"Henri Rousseau - A Carnival Evening - reproduction of famous painting by famous artist, hand painted painting on canvas - oil painting"},{"@type":"BreadcrumbList","@id":"https:\/\/svetslik.si\/en\/henri-rousseau-en\/a-carnival-evening\/#breadcrumb","itemListElement":[{"@type":"ListItem","position":1,"name":"Wall art and paintings on canvas","item":"https:\/\/svetslik.si\/en\/"},{"@type":"ListItem","position":2,"name":"Sale of paintings","item":"https:\/\/svetslik.si\/prodaja-slik\/"},{"@type":"ListItem","position":3,"name":"Henri Rousseau &#8211; A Carnival Evening"}]},{"@type":"WebSite","@id":"https:\/\/svetslik.si\/en\/#website","url":"https:\/\/svetslik.si\/en\/","name":"SVETSLIK.SI","description":"100% ru\u010dno naslikane reprodukcije slika poznatih slikara in umjetni\u010dke zidne slike na platnu.","publisher":{"@id":"https:\/\/svetslik.si\/en\/#organization"},"potentialAction":[{"@type":"SearchAction","target":{"@type":"EntryPoint","urlTemplate":"https:\/\/svetslik.si\/en\/?s={search_term_string}"},"query-input":{"@type":"PropertyValueSpecification","valueRequired":true,"valueName":"search_term_string"}}],"inLanguage":"en-US"},{"@type":"Organization","@id":"https:\/\/svetslik.si\/en\/#organization","name":"SvetSlik.si","url":"https:\/\/svetslik.si\/en\/","logo":{"@type":"ImageObject","inLanguage":"en-US","@id":"https:\/\/svetslik.si\/en\/#\/schema\/logo\/image\/","url":"https:\/\/svetslik.si\/wp-content\/uploads\/2020\/12\/logo-512.png","contentUrl":"https:\/\/svetslik.si\/wp-content\/uploads\/2020\/12\/logo-512.png","width":512,"height":512,"caption":"SvetSlik.si"},"image":{"@id":"https:\/\/svetslik.si\/en\/#\/schema\/logo\/image\/"},"sameAs":["https:\/\/www.facebook.com\/svetslik.si","https:\/\/x.com\/svetslik","https:\/\/www.instagram.com\/svetslik.si\/","https:\/\/www.linkedin.com\/company\/svetslik-si"]}]},"og_availability":"backorder","product_availability":"available for order","product_retailer_item_id":"509__","product_condition":"new"},"jetpack_sharing_enabled":true,"_links":{"self":[{"href":"https:\/\/svetslik.si\/en\/wp-json\/wp\/v2\/product\/84610","targetHints":{"allow":["GET"]}}],"collection":[{"href":"https:\/\/svetslik.si\/en\/wp-json\/wp\/v2\/product"}],"about":[{"href":"https:\/\/svetslik.si\/en\/wp-json\/wp\/v2\/types\/product"}],"wp:featuredmedia":[{"embeddable":true,"href":"https:\/\/svetslik.si\/en\/wp-json\/wp\/v2\/media\/78442"}],"wp:attachment":[{"href":"https:\/\/svetslik.si\/en\/wp-json\/wp\/v2\/media?parent=84610"}],"wp:term":[{"taxonomy":"product_brand","embeddable":true,"href":"https:\/\/svetslik.si\/en\/wp-json\/wp\/v2\/product_brand?post=84610"},{"taxonomy":"product_cat","embeddable":true,"href":"https:\/\/svetslik.si\/en\/wp-json\/wp\/v2\/product_cat?post=84610"},{"taxonomy":"product_tag","embeddable":true,"href":"https:\/\/svetslik.si\/en\/wp-json\/wp\/v2\/product_tag?post=84610"}],"curies":[{"name":"wp","href":"https:\/\/api.w.org\/{rel}","templated":true}]}}