{"id":84879,"date":"2021-09-02T18:22:20","date_gmt":"2021-09-02T16:22:20","guid":{"rendered":"https:\/\/svetslik.si\/uncategorized\/water-lilies\/"},"modified":"2026-03-22T20:46:08","modified_gmt":"2026-03-22T19:46:08","slug":"water-lilies","status":"publish","type":"product","link":"https:\/\/svetslik.si\/en\/claude-monet-en\/water-lilies\/","title":{"rendered":"Claude Monet &#8211; Water Lilies"},"content":{"rendered":"<div class=\"wpb-content-wrapper\">[vc_row][vc_column][vc_column_text]\n<h1>Claude Monet &#8211; Water Lilies<\/h1>\n<p>&nbsp;<\/p>\n<table style=\"width: 632px\" border=\"0\" width=\"632\" cellspacing=\"0\" cellpadding=\"0\">\n<tbody>\n<tr>\n<td style=\"width: 180px;height: 21px\" height=\"21\">Year of creation:<\/td>\n<td style=\"width: 452px\">1906<\/td>\n<\/tr>\n<tr>\n<td style=\"width: 180px;height: 21px\" height=\"21\">Original size:<\/td>\n<td style=\"width: 452px\">92.7 cm x 87.6 cm<\/td>\n<\/tr>\n<tr>\n<td style=\"width: 180px;height: 21px\" height=\"21\">Paint style:<\/td>\n<td style=\"width: 452px\">Impressionism<\/td>\n<\/tr>\n<tr>\n<td style=\"width: 180px;height: 21px\" height=\"21\">Original technique:<\/td>\n<td>Oil on canvas<\/td>\n<\/tr>\n<tr>\n<td style=\"width: 180px;height: 21px\" height=\"21\">Located:<\/td>\n<td style=\"width: 452px\">Art Institute of Chicago, USA<\/td>\n<\/tr>\n<\/tbody>\n<colgroup>\n<col \/>\n<col \/> <\/colgroup>\n<\/table>\n<p>There are about 250 paintings in the series of oils on canvas with the motif of water lilies. In the paintings, the painter depicted his rose garden in Giverny, and water lilies were the main subject of Monet&#8217;s paintings during the last thirty years of his life. There are about 250 paintings in the water lily motif oil on canvas series.[\/vc_column_text][\/vc_column][\/vc_row][vc_row css=&#8221;.vc_custom_1668073727134{margin-bottom: 10px !important;padding-top: 5px !important; }&#8221;][vc_column]\t<div class=\"et-image-946 et-image     et_image_link\">\n\t\t<div class=\"et-image-inner \">\n\t\t\t\t\t\t\t<div class=\"et-image-thumb \">\n\t\t\t\t\t<img decoding=\"async\" width=\"2400\" height=\"2252\" src=\"https:\/\/svetslik.si\/wp-content\/uploads\/2021\/09\/Claude-Monet-Water-Lilies-1.jpg\" class=\"attachment-full\" alt=\"Claude Monet - Water Lilies (reproduction, famous painting, famous artist)\" title=\"Claude Monet - Water Lilies (reproduction, famous painting, famous artist)\" srcset=\"https:\/\/svetslik.si\/wp-content\/uploads\/2021\/09\/Claude-Monet-Water-Lilies-1.jpg 2400w, https:\/\/svetslik.si\/wp-content\/uploads\/2021\/09\/Claude-Monet-Water-Lilies-1-600x563.jpg 600w, https:\/\/svetslik.si\/wp-content\/uploads\/2021\/09\/Claude-Monet-Water-Lilies-1-1200x1126.jpg 1200w, https:\/\/svetslik.si\/wp-content\/uploads\/2021\/09\/Claude-Monet-Water-Lilies-1-300x282.jpg 300w, https:\/\/svetslik.si\/wp-content\/uploads\/2021\/09\/Claude-Monet-Water-Lilies-1-1024x961.jpg 1024w, https:\/\/svetslik.si\/wp-content\/uploads\/2021\/09\/Claude-Monet-Water-Lilies-1-768x721.jpg 768w, https:\/\/svetslik.si\/wp-content\/uploads\/2021\/09\/Claude-Monet-Water-Lilies-1-1536x1441.jpg 1536w, https:\/\/svetslik.si\/wp-content\/uploads\/2021\/09\/Claude-Monet-Water-Lilies-1-2048x1922.jpg 2048w, https:\/\/svetslik.si\/wp-content\/uploads\/2021\/09\/Claude-Monet-Water-Lilies-1-13x12.jpg 13w, https:\/\/svetslik.si\/wp-content\/uploads\/2021\/09\/Claude-Monet-Water-Lilies-1-150x141.jpg 150w, https:\/\/svetslik.si\/wp-content\/uploads\/2021\/09\/Claude-Monet-Water-Lilies-1-1320x1239.jpg 1320w\" sizes=\"(max-width: 2400px) 100vw, 2400px\" \/>\t\t\t\t<\/div>\n\t\t\t\t\t\t\t\t\t\t\t<\/div>\n\t<\/div>\n  [\/vc_column][\/vc_row][vc_row css=&#8221;.vc_custom_1668073736203{margin-bottom: 10px !important;padding-top : 5px !important;}&#8221;][vc_column]\t<div class=\"et-image-221 et-image     et_image_link\">\n\t\t<div class=\"et-image-inner \">\n\t\t\t\t\t\t\t<div class=\"et-image-thumb \">\n\t\t\t\t\t<img decoding=\"async\" width=\"2112\" height=\"2252\" src=\"https:\/\/svetslik.si\/wp-content\/uploads\/2021\/09\/Claude-Monet-\u2013-Water-Lilies-2.jpg\" class=\"attachment-full\" alt=\"Claude Monet - Water Lilies (reproduction, famous painting, famous artist)\" title=\"Claude Monet - Water Lilies (reproduction, famous painting, famous artist)\" srcset=\"https:\/\/svetslik.si\/wp-content\/uploads\/2021\/09\/Claude-Monet-\u2013-Water-Lilies-2.jpg 2112w, https:\/\/svetslik.si\/wp-content\/uploads\/2021\/09\/Claude-Monet-\u2013-Water-Lilies-2-600x640.jpg 600w, https:\/\/svetslik.si\/wp-content\/uploads\/2021\/09\/Claude-Monet-\u2013-Water-Lilies-2-1200x1280.jpg 1200w, https:\/\/svetslik.si\/wp-content\/uploads\/2021\/09\/Claude-Monet-\u2013-Water-Lilies-2-281x300.jpg 281w, https:\/\/svetslik.si\/wp-content\/uploads\/2021\/09\/Claude-Monet-\u2013-Water-Lilies-2-960x1024.jpg 960w, https:\/\/svetslik.si\/wp-content\/uploads\/2021\/09\/Claude-Monet-\u2013-Water-Lilies-2-768x819.jpg 768w, https:\/\/svetslik.si\/wp-content\/uploads\/2021\/09\/Claude-Monet-\u2013-Water-Lilies-2-1441x1536.jpg 1441w, https:\/\/svetslik.si\/wp-content\/uploads\/2021\/09\/Claude-Monet-\u2013-Water-Lilies-2-1921x2048.jpg 1921w, https:\/\/svetslik.si\/wp-content\/uploads\/2021\/09\/Claude-Monet-\u2013-Water-Lilies-2-11x12.jpg 11w, https:\/\/svetslik.si\/wp-content\/uploads\/2021\/09\/Claude-Monet-\u2013-Water-Lilies-2-141x150.jpg 141w, https:\/\/svetslik.si\/wp-content\/uploads\/2021\/09\/Claude-Monet-\u2013-Water-Lilies-2-1320x1408.jpg 1320w\" sizes=\"(max-width: 2112px) 100vw, 2112px\" \/>\t\t\t\t<\/div>\n\t\t\t\t\t\t\t\t\t\t\t<\/div>\n\t<\/div>\n  [\/vc_column][\/vc_row][vc_row css=&#8221;.vc_custom_1668073781357{margin-bottom: 10px ! important;padding-top: 5px !important;}&#8221;][vc_column]\t<div class=\"et-image-138 et-image     et_image_link\">\n\t\t<div class=\"et-image-inner \">\n\t\t\t\t\t\t\t<div class=\"et-image-thumb \">\n\t\t\t\t\t<img decoding=\"async\" width=\"2024\" height=\"2252\" src=\"https:\/\/svetslik.si\/wp-content\/uploads\/2021\/09\/Claude-Monet-\u2013-Water-Lilies-3.jpg\" class=\"attachment-full\" alt=\"Claude Monet - Water Lilies (reproduction, famous painting, famous artist)\" title=\"Claude Monet - Water Lilies (reproduction, famous painting, famous artist)\" srcset=\"https:\/\/svetslik.si\/wp-content\/uploads\/2021\/09\/Claude-Monet-\u2013-Water-Lilies-3.jpg 2024w, https:\/\/svetslik.si\/wp-content\/uploads\/2021\/09\/Claude-Monet-\u2013-Water-Lilies-3-600x668.jpg 600w, https:\/\/svetslik.si\/wp-content\/uploads\/2021\/09\/Claude-Monet-\u2013-Water-Lilies-3-1200x1335.jpg 1200w, https:\/\/svetslik.si\/wp-content\/uploads\/2021\/09\/Claude-Monet-\u2013-Water-Lilies-3-270x300.jpg 270w, https:\/\/svetslik.si\/wp-content\/uploads\/2021\/09\/Claude-Monet-\u2013-Water-Lilies-3-920x1024.jpg 920w, https:\/\/svetslik.si\/wp-content\/uploads\/2021\/09\/Claude-Monet-\u2013-Water-Lilies-3-768x855.jpg 768w, https:\/\/svetslik.si\/wp-content\/uploads\/2021\/09\/Claude-Monet-\u2013-Water-Lilies-3-1380x1536.jpg 1380w, https:\/\/svetslik.si\/wp-content\/uploads\/2021\/09\/Claude-Monet-\u2013-Water-Lilies-3-1841x2048.jpg 1841w, https:\/\/svetslik.si\/wp-content\/uploads\/2021\/09\/Claude-Monet-\u2013-Water-Lilies-3-11x12.jpg 11w, https:\/\/svetslik.si\/wp-content\/uploads\/2021\/09\/Claude-Monet-\u2013-Water-Lilies-3-135x150.jpg 135w, https:\/\/svetslik.si\/wp-content\/uploads\/2021\/09\/Claude-Monet-\u2013-Water-Lilies-3-1320x1469.jpg 1320w\" sizes=\"(max-width: 2024px) 100vw, 2024px\" \/>\t\t\t\t<\/div>\n\t\t\t\t\t\t\t\t\t\t\t<\/div>\n\t<\/div>\n  [\/vc_column][\/vc_row][vc_row css=&#8221;.vc_custom_1668073781357{margin -bottom: 10px !important;padding-top: 5px !important;}&#8221;][vc_column]\t<div class=\"et-image-68 et-image     et_image_link\">\n\t\t<div class=\"et-image-inner \">\n\t\t\t\t\t\t\t<div class=\"et-image-thumb \">\n\t\t\t\t\t<img decoding=\"async\" width=\"2560\" height=\"1441\" src=\"https:\/\/svetslik.si\/wp-content\/uploads\/2021\/09\/Claude-Monet-\u2013-Water-Lilies-4-scaled.jpg\" class=\"attachment-full\" alt=\"Claude Monet - Water Lilies (reproduction, famous painting, famous artist)\" title=\"Claude Monet - Water Lilies (reproduction, famous painting, famous artist)\" srcset=\"https:\/\/svetslik.si\/wp-content\/uploads\/2021\/09\/Claude-Monet-\u2013-Water-Lilies-4-scaled.jpg 2560w, https:\/\/svetslik.si\/wp-content\/uploads\/2021\/09\/Claude-Monet-\u2013-Water-Lilies-4-scaled-600x338.jpg 600w, https:\/\/svetslik.si\/wp-content\/uploads\/2021\/09\/Claude-Monet-\u2013-Water-Lilies-4-scaled-1200x675.jpg 1200w, https:\/\/svetslik.si\/wp-content\/uploads\/2021\/09\/Claude-Monet-\u2013-Water-Lilies-4-300x169.jpg 300w, https:\/\/svetslik.si\/wp-content\/uploads\/2021\/09\/Claude-Monet-\u2013-Water-Lilies-4-1024x577.jpg 1024w, https:\/\/svetslik.si\/wp-content\/uploads\/2021\/09\/Claude-Monet-\u2013-Water-Lilies-4-768x432.jpg 768w, https:\/\/svetslik.si\/wp-content\/uploads\/2021\/09\/Claude-Monet-\u2013-Water-Lilies-4-1536x865.jpg 1536w, https:\/\/svetslik.si\/wp-content\/uploads\/2021\/09\/Claude-Monet-\u2013-Water-Lilies-4-2048x1153.jpg 2048w, https:\/\/svetslik.si\/wp-content\/uploads\/2021\/09\/Claude-Monet-\u2013-Water-Lilies-4-18x10.jpg 18w, https:\/\/svetslik.si\/wp-content\/uploads\/2021\/09\/Claude-Monet-\u2013-Water-Lilies-4-150x84.jpg 150w, https:\/\/svetslik.si\/wp-content\/uploads\/2021\/09\/Claude-Monet-\u2013-Water-Lilies-4-1320x743.jpg 1320w\" sizes=\"(max-width: 2560px) 100vw, 2560px\" \/>\t\t\t\t<\/div>\n\t\t\t\t\t\t\t\t\t\t\t<\/div>\n\t<\/div>\n  [\/vc_column][\/vc_row][vc_row css= &#8220;.vc_custom_1668073781357{margin-bottom: 10px !important;padding-top: 5px !important;}&#8221;][vc_column]\t<div class=\"et-image-969 et-image     et_image_link\">\n\t\t<div class=\"et-image-inner \">\n\t\t\t\t\t\t\t<div class=\"et-image-thumb \">\n\t\t\t\t\t<img decoding=\"async\" width=\"2560\" height=\"1441\" src=\"https:\/\/svetslik.si\/wp-content\/uploads\/2021\/09\/Claude-Monet-\u2013-Water-Lilies-5-scaled.jpg\" class=\"attachment-full\" alt=\"Claude Monet - Water Lilies (reproduction, famous painting, famous artist)\" title=\"Claude Monet - Water Lilies (reproduction, famous painting, famous artist)\" srcset=\"https:\/\/svetslik.si\/wp-content\/uploads\/2021\/09\/Claude-Monet-\u2013-Water-Lilies-5-scaled.jpg 2560w, https:\/\/svetslik.si\/wp-content\/uploads\/2021\/09\/Claude-Monet-\u2013-Water-Lilies-5-scaled-600x338.jpg 600w, https:\/\/svetslik.si\/wp-content\/uploads\/2021\/09\/Claude-Monet-\u2013-Water-Lilies-5-scaled-1200x675.jpg 1200w, https:\/\/svetslik.si\/wp-content\/uploads\/2021\/09\/Claude-Monet-\u2013-Water-Lilies-5-300x169.jpg 300w, https:\/\/svetslik.si\/wp-content\/uploads\/2021\/09\/Claude-Monet-\u2013-Water-Lilies-5-1024x577.jpg 1024w, https:\/\/svetslik.si\/wp-content\/uploads\/2021\/09\/Claude-Monet-\u2013-Water-Lilies-5-768x432.jpg 768w, https:\/\/svetslik.si\/wp-content\/uploads\/2021\/09\/Claude-Monet-\u2013-Water-Lilies-5-1536x865.jpg 1536w, https:\/\/svetslik.si\/wp-content\/uploads\/2021\/09\/Claude-Monet-\u2013-Water-Lilies-5-2048x1153.jpg 2048w, https:\/\/svetslik.si\/wp-content\/uploads\/2021\/09\/Claude-Monet-\u2013-Water-Lilies-5-18x10.jpg 18w, https:\/\/svetslik.si\/wp-content\/uploads\/2021\/09\/Claude-Monet-\u2013-Water-Lilies-5-150x84.jpg 150w, https:\/\/svetslik.si\/wp-content\/uploads\/2021\/09\/Claude-Monet-\u2013-Water-Lilies-5-1320x743.jpg 1320w\" sizes=\"(max-width: 2560px) 100vw, 2560px\" \/>\t\t\t\t<\/div>\n\t\t\t\t\t\t\t\t\t\t\t<\/div>\n\t<\/div>\n  [\/vc_column][\/vc_row ][vc_row css=&#8221;.vc_custom_1668073781357{margin-bottom: 10px !important;padding-top: 5px !important;}&#8221;][vc_column]\t<div class=\"et-image-256 et-image     et_image_link\">\n\t\t<div class=\"et-image-inner \">\n\t\t\t\t\t\t\t<div class=\"et-image-thumb \">\n\t\t\t\t\t<img decoding=\"async\" width=\"2560\" height=\"1441\" src=\"https:\/\/svetslik.si\/wp-content\/uploads\/2021\/09\/Claude-Monet-\u2013-Water-Lilies-6-scaled.jpg\" class=\"attachment-full\" alt=\"Claude Monet - Water Lilies (reproduction, famous painting, famous artist)\" title=\"Claude Monet - Water Lilies (reproduction, famous painting, famous artist)\" srcset=\"https:\/\/svetslik.si\/wp-content\/uploads\/2021\/09\/Claude-Monet-\u2013-Water-Lilies-6-scaled.jpg 2560w, https:\/\/svetslik.si\/wp-content\/uploads\/2021\/09\/Claude-Monet-\u2013-Water-Lilies-6-scaled-600x338.jpg 600w, https:\/\/svetslik.si\/wp-content\/uploads\/2021\/09\/Claude-Monet-\u2013-Water-Lilies-6-scaled-1200x675.jpg 1200w, https:\/\/svetslik.si\/wp-content\/uploads\/2021\/09\/Claude-Monet-\u2013-Water-Lilies-6-300x169.jpg 300w, https:\/\/svetslik.si\/wp-content\/uploads\/2021\/09\/Claude-Monet-\u2013-Water-Lilies-6-1024x577.jpg 1024w, https:\/\/svetslik.si\/wp-content\/uploads\/2021\/09\/Claude-Monet-\u2013-Water-Lilies-6-768x432.jpg 768w, https:\/\/svetslik.si\/wp-content\/uploads\/2021\/09\/Claude-Monet-\u2013-Water-Lilies-6-1536x865.jpg 1536w, https:\/\/svetslik.si\/wp-content\/uploads\/2021\/09\/Claude-Monet-\u2013-Water-Lilies-6-2048x1153.jpg 2048w, https:\/\/svetslik.si\/wp-content\/uploads\/2021\/09\/Claude-Monet-\u2013-Water-Lilies-6-18x10.jpg 18w, https:\/\/svetslik.si\/wp-content\/uploads\/2021\/09\/Claude-Monet-\u2013-Water-Lilies-6-150x84.jpg 150w, https:\/\/svetslik.si\/wp-content\/uploads\/2021\/09\/Claude-Monet-\u2013-Water-Lilies-6-1320x743.jpg 1320w\" sizes=\"(max-width: 2560px) 100vw, 2560px\" \/>\t\t\t\t<\/div>\n\t\t\t\t\t\t\t\t\t\t\t<\/div>\n\t<\/div>\n  [\/ vc_column][\/vc_row]\n<\/div>","protected":false},"excerpt":{"rendered":"<p>[vc_row][vc_column][vc_column_text] Claude Monet &#8211; Water Lilies &nbsp; Year of creation: 1906 Original size: 92.7 cm x 87.6 cm Paint style: Impressionism Original technique: Oil on canvas Located: Art Institute of Chicago, USA There are about 250 paintings in the series of oils on canvas with the motif of water lilies. [&hellip;]<\/p>\n","protected":false},"featured_media":79462,"template":"","meta":{"_acf_changed":false},"product_brand":[],"product_cat":[9803],"product_tag":[9849,9870,9862,9863],"class_list":{"0":"post-84879","1":"product","2":"type-product","3":"status-publish","4":"has-post-thumbnail","6":"product_cat-claude-monet-en","7":"product_tag-monet-en","8":"product_tag-painter","9":"product_tag-reproduction-en","10":"product_tag-reproductions","11":"pa_dimenzija-110-x-100-cm-en","12":"pa_dimenzija-130-x-120-cm-en","13":"pa_dimenzija-150-x-140-cm-en","14":"pa_dimenzija-50-x-50-cm-en","15":"pa_dimenzija-60-x-60-cm-en","16":"pa_dimenzija-70-x-70-cm-en","17":"pa_dimenzija-80-x-80-cm-en","18":"pa_dimenzija-93-x-88-cm-en","19":"pa_oblika-horizontal","20":"pa_okvir-without-frame","21":"pa_podokvir-without","22":"pa_podokvir-yes","24":"first","25":"onbackorder","26":"purchasable","27":"product-type-variable","28":"has-default-attributes"},"acf":[],"yoast_head":"<!-- This site is optimized with the Yoast SEO Premium plugin v26.0 (Yoast SEO v27.2) - https:\/\/yoast.com\/product\/yoast-seo-premium-wordpress\/ -->\n<title>Claude Monet - Water Lilies - SVETSLIK.SI - 100% hand painted<\/title>\n<meta name=\"description\" content=\"Claude Monet - Water Lilies - 100% hand-painted reproduction of famous paintings by famous artists. Wall art, abstract paintings and custom painted paintings by order.\" \/>\n<meta name=\"robots\" content=\"index, follow, max-snippet:-1, max-image-preview:large, max-video-preview:-1\" \/>\n<link rel=\"canonical\" href=\"https:\/\/svetslik.si\/en\/claude-monet-en\/water-lilies\/\" \/>\n<meta property=\"og:locale\" content=\"en_US\" \/>\n<meta property=\"og:type\" content=\"article\" \/>\n<meta property=\"og:title\" content=\"Claude Monet - Water Lilies\" \/>\n<meta property=\"og:description\" content=\"100% ro\u010dno naslikane slike na platnu, reprodukcije znanih slikarjev in umetni\u0161ke slike po naro\u010dilu.\" \/>\n<meta property=\"og:url\" content=\"https:\/\/svetslik.si\/en\/claude-monet-en\/water-lilies\/\" \/>\n<meta property=\"og:site_name\" content=\"SVETSLIK.SI\" \/>\n<meta property=\"article:publisher\" content=\"https:\/\/www.facebook.com\/svetslik.si\" \/>\n<meta property=\"article:modified_time\" content=\"2026-03-22T19:46:08+00:00\" \/>\n<meta property=\"og:image\" content=\"https:\/\/svetslik.si\/wp-content\/uploads\/2021\/08\/image_Water-Lilies-Claude-Monet_680.jpg\" \/>\n\t<meta property=\"og:image:width\" content=\"1280\" \/>\n\t<meta property=\"og:image:height\" content=\"1205\" \/>\n\t<meta property=\"og:image:type\" content=\"image\/jpeg\" \/>\n<meta name=\"twitter:card\" content=\"summary_large_image\" \/>\n<meta name=\"twitter:site\" content=\"@svetslik\" \/>\n<meta name=\"twitter:label1\" content=\"Availability\" \/>\n\t<meta name=\"twitter:data1\" content=\"On backorder\" \/>\n<script type=\"application\/ld+json\" class=\"yoast-schema-graph\">{\"@context\":\"https:\/\/schema.org\",\"@graph\":[{\"@type\":[\"WebPage\",\"ItemPage\"],\"@id\":\"https:\/\/svetslik.si\/en\/claude-monet-en\/water-lilies\/\",\"url\":\"https:\/\/svetslik.si\/en\/claude-monet-en\/water-lilies\/\",\"name\":\"Claude Monet - Water Lilies - SVETSLIK.SI - 100% hand painted\",\"isPartOf\":{\"@id\":\"https:\/\/svetslik.si\/en\/#website\"},\"primaryImageOfPage\":{\"@id\":\"https:\/\/svetslik.si\/en\/claude-monet-en\/water-lilies\/#primaryimage\"},\"image\":{\"@id\":\"https:\/\/svetslik.si\/en\/claude-monet-en\/water-lilies\/#primaryimage\"},\"thumbnailUrl\":\"https:\/\/svetslik.si\/wp-content\/uploads\/2021\/08\/image_Water-Lilies-Claude-Monet_680.jpg\",\"datePublished\":\"2021-09-02T16:22:20+00:00\",\"dateModified\":\"2026-03-22T19:46:08+00:00\",\"description\":\"Claude Monet - Water Lilies - 100% hand-painted reproduction of famous paintings by famous artists. Wall art, abstract paintings and custom painted paintings by order.\",\"breadcrumb\":{\"@id\":\"https:\/\/svetslik.si\/en\/claude-monet-en\/water-lilies\/#breadcrumb\"},\"inLanguage\":\"en-US\",\"potentialAction\":[{\"@type\":\"ReadAction\",\"target\":[\"https:\/\/svetslik.si\/en\/claude-monet-en\/water-lilies\/\"]}]},{\"@type\":\"ImageObject\",\"inLanguage\":\"en-US\",\"@id\":\"https:\/\/svetslik.si\/en\/claude-monet-en\/water-lilies\/#primaryimage\",\"url\":\"https:\/\/svetslik.si\/wp-content\/uploads\/2021\/08\/image_Water-Lilies-Claude-Monet_680.jpg\",\"contentUrl\":\"https:\/\/svetslik.si\/wp-content\/uploads\/2021\/08\/image_Water-Lilies-Claude-Monet_680.jpg\",\"width\":1280,\"height\":1205,\"caption\":\"Water Lilies I - Claude Monet - reproduction of famous painting by famous artist, hand painted painting on canvas\"},{\"@type\":\"BreadcrumbList\",\"@id\":\"https:\/\/svetslik.si\/en\/claude-monet-en\/water-lilies\/#breadcrumb\",\"itemListElement\":[{\"@type\":\"ListItem\",\"position\":1,\"name\":\"Wall art and paintings on canvas\",\"item\":\"https:\/\/svetslik.si\/en\/\"},{\"@type\":\"ListItem\",\"position\":2,\"name\":\"Sale of paintings\",\"item\":\"https:\/\/svetslik.si\/prodaja-slik\/\"},{\"@type\":\"ListItem\",\"position\":3,\"name\":\"Claude Monet &#8211; Water Lilies\"}]},{\"@type\":\"WebSite\",\"@id\":\"https:\/\/svetslik.si\/en\/#website\",\"url\":\"https:\/\/svetslik.si\/en\/\",\"name\":\"SVETSLIK.SI\",\"description\":\"100% ru\u010dno naslikane reprodukcije slika poznatih slikara in umjetni\u010dke zidne slike na platnu.\",\"publisher\":{\"@id\":\"https:\/\/svetslik.si\/en\/#organization\"},\"potentialAction\":[{\"@type\":\"SearchAction\",\"target\":{\"@type\":\"EntryPoint\",\"urlTemplate\":\"https:\/\/svetslik.si\/en\/?s={search_term_string}\"},\"query-input\":{\"@type\":\"PropertyValueSpecification\",\"valueRequired\":true,\"valueName\":\"search_term_string\"}}],\"inLanguage\":\"en-US\"},{\"@type\":\"Organization\",\"@id\":\"https:\/\/svetslik.si\/en\/#organization\",\"name\":\"SvetSlik.si\",\"url\":\"https:\/\/svetslik.si\/en\/\",\"logo\":{\"@type\":\"ImageObject\",\"inLanguage\":\"en-US\",\"@id\":\"https:\/\/svetslik.si\/en\/#\/schema\/logo\/image\/\",\"url\":\"https:\/\/svetslik.si\/wp-content\/uploads\/2020\/12\/logo-512.png\",\"contentUrl\":\"https:\/\/svetslik.si\/wp-content\/uploads\/2020\/12\/logo-512.png\",\"width\":512,\"height\":512,\"caption\":\"SvetSlik.si\"},\"image\":{\"@id\":\"https:\/\/svetslik.si\/en\/#\/schema\/logo\/image\/\"},\"sameAs\":[\"https:\/\/www.facebook.com\/svetslik.si\",\"https:\/\/x.com\/svetslik\",\"https:\/\/www.instagram.com\/svetslik.si\/\",\"https:\/\/www.linkedin.com\/company\/svetslik-si\"]}]}<\/script>\n<meta property=\"og:availability\" content=\"backorder\" \/>\n<meta property=\"product:availability\" content=\"available for order\" \/>\n<meta property=\"product:retailer_item_id\" content=\"546__\" \/>\n<meta property=\"product:condition\" content=\"new\" \/>\n<!-- \/ Yoast SEO Premium plugin. -->","yoast_head_json":{"title":"Claude Monet - Water Lilies - SVETSLIK.SI - 100% hand painted","description":"Claude Monet - Water Lilies - 100% hand-painted reproduction of famous paintings by famous artists. Wall art, abstract paintings and custom painted paintings by order.","robots":{"index":"index","follow":"follow","max-snippet":"max-snippet:-1","max-image-preview":"max-image-preview:large","max-video-preview":"max-video-preview:-1"},"canonical":"https:\/\/svetslik.si\/en\/claude-monet-en\/water-lilies\/","og_locale":"en_US","og_type":"article","og_title":"Claude Monet - Water Lilies","og_description":"100% ro\u010dno naslikane slike na platnu, reprodukcije znanih slikarjev in umetni\u0161ke slike po naro\u010dilu.","og_url":"https:\/\/svetslik.si\/en\/claude-monet-en\/water-lilies\/","og_site_name":"SVETSLIK.SI","article_publisher":"https:\/\/www.facebook.com\/svetslik.si","article_modified_time":"2026-03-22T19:46:08+00:00","og_image":[{"width":1280,"height":1205,"url":"https:\/\/svetslik.si\/wp-content\/uploads\/2021\/08\/image_Water-Lilies-Claude-Monet_680.jpg","type":"image\/jpeg"}],"twitter_card":"summary_large_image","twitter_site":"@svetslik","twitter_misc":{"Availability":"On backorder"},"schema":{"@context":"https:\/\/schema.org","@graph":[{"@type":["WebPage","ItemPage"],"@id":"https:\/\/svetslik.si\/en\/claude-monet-en\/water-lilies\/","url":"https:\/\/svetslik.si\/en\/claude-monet-en\/water-lilies\/","name":"Claude Monet - Water Lilies - SVETSLIK.SI - 100% hand painted","isPartOf":{"@id":"https:\/\/svetslik.si\/en\/#website"},"primaryImageOfPage":{"@id":"https:\/\/svetslik.si\/en\/claude-monet-en\/water-lilies\/#primaryimage"},"image":{"@id":"https:\/\/svetslik.si\/en\/claude-monet-en\/water-lilies\/#primaryimage"},"thumbnailUrl":"https:\/\/svetslik.si\/wp-content\/uploads\/2021\/08\/image_Water-Lilies-Claude-Monet_680.jpg","datePublished":"2021-09-02T16:22:20+00:00","dateModified":"2026-03-22T19:46:08+00:00","description":"Claude Monet - Water Lilies - 100% hand-painted reproduction of famous paintings by famous artists. Wall art, abstract paintings and custom painted paintings by order.","breadcrumb":{"@id":"https:\/\/svetslik.si\/en\/claude-monet-en\/water-lilies\/#breadcrumb"},"inLanguage":"en-US","potentialAction":[{"@type":"ReadAction","target":["https:\/\/svetslik.si\/en\/claude-monet-en\/water-lilies\/"]}]},{"@type":"ImageObject","inLanguage":"en-US","@id":"https:\/\/svetslik.si\/en\/claude-monet-en\/water-lilies\/#primaryimage","url":"https:\/\/svetslik.si\/wp-content\/uploads\/2021\/08\/image_Water-Lilies-Claude-Monet_680.jpg","contentUrl":"https:\/\/svetslik.si\/wp-content\/uploads\/2021\/08\/image_Water-Lilies-Claude-Monet_680.jpg","width":1280,"height":1205,"caption":"Water Lilies I - Claude Monet - reproduction of famous painting by famous artist, hand painted painting on canvas"},{"@type":"BreadcrumbList","@id":"https:\/\/svetslik.si\/en\/claude-monet-en\/water-lilies\/#breadcrumb","itemListElement":[{"@type":"ListItem","position":1,"name":"Wall art and paintings on canvas","item":"https:\/\/svetslik.si\/en\/"},{"@type":"ListItem","position":2,"name":"Sale of paintings","item":"https:\/\/svetslik.si\/prodaja-slik\/"},{"@type":"ListItem","position":3,"name":"Claude Monet &#8211; Water Lilies"}]},{"@type":"WebSite","@id":"https:\/\/svetslik.si\/en\/#website","url":"https:\/\/svetslik.si\/en\/","name":"SVETSLIK.SI","description":"100% ru\u010dno naslikane reprodukcije slika poznatih slikara in umjetni\u010dke zidne slike na platnu.","publisher":{"@id":"https:\/\/svetslik.si\/en\/#organization"},"potentialAction":[{"@type":"SearchAction","target":{"@type":"EntryPoint","urlTemplate":"https:\/\/svetslik.si\/en\/?s={search_term_string}"},"query-input":{"@type":"PropertyValueSpecification","valueRequired":true,"valueName":"search_term_string"}}],"inLanguage":"en-US"},{"@type":"Organization","@id":"https:\/\/svetslik.si\/en\/#organization","name":"SvetSlik.si","url":"https:\/\/svetslik.si\/en\/","logo":{"@type":"ImageObject","inLanguage":"en-US","@id":"https:\/\/svetslik.si\/en\/#\/schema\/logo\/image\/","url":"https:\/\/svetslik.si\/wp-content\/uploads\/2020\/12\/logo-512.png","contentUrl":"https:\/\/svetslik.si\/wp-content\/uploads\/2020\/12\/logo-512.png","width":512,"height":512,"caption":"SvetSlik.si"},"image":{"@id":"https:\/\/svetslik.si\/en\/#\/schema\/logo\/image\/"},"sameAs":["https:\/\/www.facebook.com\/svetslik.si","https:\/\/x.com\/svetslik","https:\/\/www.instagram.com\/svetslik.si\/","https:\/\/www.linkedin.com\/company\/svetslik-si"]}]},"og_availability":"backorder","product_availability":"available for order","product_retailer_item_id":"546__","product_condition":"new"},"jetpack_sharing_enabled":true,"_links":{"self":[{"href":"https:\/\/svetslik.si\/en\/wp-json\/wp\/v2\/product\/84879","targetHints":{"allow":["GET"]}}],"collection":[{"href":"https:\/\/svetslik.si\/en\/wp-json\/wp\/v2\/product"}],"about":[{"href":"https:\/\/svetslik.si\/en\/wp-json\/wp\/v2\/types\/product"}],"wp:featuredmedia":[{"embeddable":true,"href":"https:\/\/svetslik.si\/en\/wp-json\/wp\/v2\/media\/79462"}],"wp:attachment":[{"href":"https:\/\/svetslik.si\/en\/wp-json\/wp\/v2\/media?parent=84879"}],"wp:term":[{"taxonomy":"product_brand","embeddable":true,"href":"https:\/\/svetslik.si\/en\/wp-json\/wp\/v2\/product_brand?post=84879"},{"taxonomy":"product_cat","embeddable":true,"href":"https:\/\/svetslik.si\/en\/wp-json\/wp\/v2\/product_cat?post=84879"},{"taxonomy":"product_tag","embeddable":true,"href":"https:\/\/svetslik.si\/en\/wp-json\/wp\/v2\/product_tag?post=84879"}],"curies":[{"name":"wp","href":"https:\/\/api.w.org\/{rel}","templated":true}]}}