{"id":84888,"date":"2021-09-02T18:22:20","date_gmt":"2021-09-02T16:22:20","guid":{"rendered":"https:\/\/svetslik.si\/uncategorized\/avenue-in-the-park-of-krammer-castle\/"},"modified":"2026-03-22T20:46:08","modified_gmt":"2026-03-22T19:46:08","slug":"avenue-in-the-park-of-krammer-castle","status":"publish","type":"product","link":"https:\/\/svetslik.si\/en\/gustav-klimt-en\/avenue-in-the-park-of-krammer-castle\/","title":{"rendered":"Gustav Klimt &#8211; Avenue in the Park of Krammer Castle"},"content":{"rendered":"<h1>Gustav Klimt &#8211; Avenue in the Park of Krammer Castle<\/h1>\n<p>&nbsp;<\/p>\n<table style=\"width: 497px\" border=\"0\" width=\"497\" cellspacing=\"0\" cellpadding=\"0\">\n<tbody>\n<tr>\n<td style=\"width: 155px;height: 21px\" height=\"21\">Year of Creation:<\/td>\n<td style=\"width: 343px\">1912<\/td>\n<\/tr>\n<tr>\n<td style=\"width: 155px;height: 21px\" height=\"21\">Original size:<\/td>\n<td style=\"width: 343px\">110 cm x 110 cm<\/td>\n<\/tr>\n<tr>\n<td style=\"width: 155px;height: 21px\" height=\"21\">Paint style:<\/td>\n<td style=\"width: 343px\">Secession<\/td>\n<\/tr>\n<tr>\n<td style=\"width: 155px;height: 21px\" height=\"21\">Original technique:<\/td>\n<td style=\"width: 343px\">Oil on canvas<\/td>\n<\/tr>\n<tr>\n<td style=\"width: 155px;height: 21px\" height=\"21\">Located:<\/td>\n<td style=\"width: 343px\">Belvedere, Vienna<\/td>\n<\/tr>\n<\/tbody>\n<colgroup>\n<col \/>\n<col \/> <\/colgroup>\n<\/table>\n<p>&nbsp;<\/p>\n<div>Oil on canvas <em>Avenue in the Park of Krammer Castle<\/em> belongs to Klimt&#8217;s later works, as it was painted after the painter&#8217;s golden impression. Pictured is an avenue of trees leading to Kammer Castle. This oil on canvas is somewhat unusual for Klimt in that it does not contain any of the obvious symbols that otherwise dominate the artist&#8217;s paintings. The painting is almost Van Gogh-esque, while also being more post-impressionistic than most of Klimt&#8217;s other paintings.<\/div>\n<div><\/div>\n<div>Gustav Klimt&#8217;s painting &#8220;Alley in the Park of Krammer Castle&#8221; is a masterpiece of the Art Nouveau movement and one of the lesser-known works of the Austrian painter. The image represents the nature and harmony of the universe.&#8221;Alley in the Park of Castle Krammer&#8221; is an oil painting on canvas measuring approximately 100 cm x 100 cm. It shows an avenue of trees with a path leading to a castle in the distance surrounded by beautiful natural scenery. The painting is characterized by bold use of color and a unique sense of movement and emotion. The trees are painted in shades of green and the sky in shades of blue and purple, giving the image a sense of depth and movement.The painting represents nature and its beauty. The avenue of trees and the path leading to the castle symbolize harmony and order in the universe. The wallpaper, with its intricate geometric patterns, represents harmony and order in the universe. The painting evokes feelings of peace and tranquility that are characteristic of Klimt&#8217;s art.Klimt&#8217;s painting &#8220;Alley in the Park of Krammer Castle&#8221;, despite being less well-known, is still a masterpiece of the Art Nouveau movement and represents the beauty of nature and harmony and order in the universe. The painting is a great addition to any art collection and a unique and beautiful representation of the beauty of nature.Finally, let me say that Gustav Klimt&#8217;s painting &#8220;Alley in the Park of Krammer Castle&#8221; is less well-known, but still a masterpiece of the Art Nouveau movement. It represents the beauty of nature and harmony and order in the universe. The painting evokes feelings of peace and tranquility, so it is a great addition to any room that needs a touch of nature. The painting is a unique and beautiful representation of nature&#8217;s beauty and is a great way to bring the outdoors into your interior.<\/div>\n<div><\/div>\n","protected":false},"excerpt":{"rendered":"<p>Gustav Klimt &#8211; Avenue in the Park of Krammer Castle &nbsp; Year of Creation: 1912 Original size: 110 cm x 110 cm Paint style: Secession Original technique: Oil on canvas Located: Belvedere, Vienna &nbsp; Oil on canvas Avenue in the Park of Krammer Castle belongs to Klimt&#8217;s later works, as [&hellip;]<\/p>\n","protected":false},"featured_media":78502,"template":"","meta":{"_acf_changed":false},"product_brand":[],"product_cat":[9808],"product_tag":[9837,9841,9870,9862,9863],"class_list":{"0":"post-84888","1":"product","2":"type-product","3":"status-publish","4":"has-post-thumbnail","6":"product_cat-gustav-klimt-en","7":"product_tag-gustav-klimt-en","8":"product_tag-klimt-en","9":"product_tag-painter","10":"product_tag-reproduction-en","11":"product_tag-reproductions","12":"pa_dimenzija-100-x-100-cm-en","13":"pa_dimenzija-110-x-110-cm-en","14":"pa_dimenzija-120-x-120-cm-en","15":"pa_dimenzija-150-x-150-cm-en","16":"pa_dimenzija-60-x-60-cm-en","17":"pa_dimenzija-70-x-70-cm-en","18":"pa_dimenzija-80-x-80-cm-en","19":"pa_dimenzija-90-x-90-cm-en","20":"pa_oblika-square","21":"pa_okvir-without-frame","22":"pa_podokvir-without","23":"pa_podokvir-yes","25":"first","26":"onbackorder","27":"purchasable","28":"product-type-variable","29":"has-default-attributes"},"acf":[],"yoast_head":"<!-- This site is optimized with the Yoast SEO Premium plugin v26.0 (Yoast SEO v27.2) - https:\/\/yoast.com\/product\/yoast-seo-premium-wordpress\/ -->\n<title>Gustav Klimt - Avenue in the Park of Krammer Castle - SVETSLIK.SI - 100% hand painted<\/title>\n<meta name=\"description\" content=\"Gustav Klimt - Avenue in the Park of Krammer Castle - 100% hand-painted reproduction of famous paintings by famous artists. Wall art, abstract paintings and custom painted paintings by order.\" \/>\n<meta name=\"robots\" content=\"index, follow, max-snippet:-1, max-image-preview:large, max-video-preview:-1\" \/>\n<link rel=\"canonical\" href=\"https:\/\/svetslik.si\/en\/gustav-klimt-en\/avenue-in-the-park-of-krammer-castle\/\" \/>\n<meta property=\"og:locale\" content=\"en_US\" \/>\n<meta property=\"og:type\" content=\"article\" \/>\n<meta property=\"og:title\" content=\"Gustav Klimt - Avenue in the Park of Krammer Castle\" \/>\n<meta property=\"og:description\" content=\"100% ro\u010dno naslikane slike na platnu, reprodukcije znanih slikarjev in umetni\u0161ke slike po naro\u010dilu.\" \/>\n<meta property=\"og:url\" content=\"https:\/\/svetslik.si\/en\/gustav-klimt-en\/avenue-in-the-park-of-krammer-castle\/\" \/>\n<meta property=\"og:site_name\" content=\"SVETSLIK.SI\" \/>\n<meta property=\"article:publisher\" content=\"https:\/\/www.facebook.com\/svetslik.si\" \/>\n<meta property=\"article:modified_time\" content=\"2026-03-22T19:46:08+00:00\" \/>\n<meta property=\"og:image\" content=\"https:\/\/svetslik.si\/wp-content\/uploads\/2021\/08\/image_Avenue-in-the-Park-of-Krammer-Castle-Gustav-Klimt_680.jpg\" \/>\n\t<meta property=\"og:image:width\" content=\"1122\" \/>\n\t<meta property=\"og:image:height\" content=\"1123\" \/>\n\t<meta property=\"og:image:type\" content=\"image\/jpeg\" \/>\n<meta name=\"twitter:card\" content=\"summary_large_image\" \/>\n<meta name=\"twitter:site\" content=\"@svetslik\" \/>\n<meta name=\"twitter:label1\" content=\"Availability\" \/>\n\t<meta name=\"twitter:data1\" content=\"On backorder\" \/>\n<script type=\"application\/ld+json\" class=\"yoast-schema-graph\">{\"@context\":\"https:\/\/schema.org\",\"@graph\":[{\"@type\":[\"WebPage\",\"ItemPage\"],\"@id\":\"https:\/\/svetslik.si\/en\/gustav-klimt-en\/avenue-in-the-park-of-krammer-castle\/\",\"url\":\"https:\/\/svetslik.si\/en\/gustav-klimt-en\/avenue-in-the-park-of-krammer-castle\/\",\"name\":\"Gustav Klimt - Avenue in the Park of Krammer Castle - SVETSLIK.SI - 100% hand painted\",\"isPartOf\":{\"@id\":\"https:\/\/svetslik.si\/en\/#website\"},\"primaryImageOfPage\":{\"@id\":\"https:\/\/svetslik.si\/en\/gustav-klimt-en\/avenue-in-the-park-of-krammer-castle\/#primaryimage\"},\"image\":{\"@id\":\"https:\/\/svetslik.si\/en\/gustav-klimt-en\/avenue-in-the-park-of-krammer-castle\/#primaryimage\"},\"thumbnailUrl\":\"https:\/\/svetslik.si\/wp-content\/uploads\/2021\/08\/image_Avenue-in-the-Park-of-Krammer-Castle-Gustav-Klimt_680.jpg\",\"datePublished\":\"2021-09-02T16:22:20+00:00\",\"dateModified\":\"2026-03-22T19:46:08+00:00\",\"description\":\"Gustav Klimt - Avenue in the Park of Krammer Castle - 100% hand-painted reproduction of famous paintings by famous artists. Wall art, abstract paintings and custom painted paintings by order.\",\"breadcrumb\":{\"@id\":\"https:\/\/svetslik.si\/en\/gustav-klimt-en\/avenue-in-the-park-of-krammer-castle\/#breadcrumb\"},\"inLanguage\":\"en-US\",\"potentialAction\":[{\"@type\":\"ReadAction\",\"target\":[\"https:\/\/svetslik.si\/en\/gustav-klimt-en\/avenue-in-the-park-of-krammer-castle\/\"]}]},{\"@type\":\"ImageObject\",\"inLanguage\":\"en-US\",\"@id\":\"https:\/\/svetslik.si\/en\/gustav-klimt-en\/avenue-in-the-park-of-krammer-castle\/#primaryimage\",\"url\":\"https:\/\/svetslik.si\/wp-content\/uploads\/2021\/08\/image_Avenue-in-the-Park-of-Krammer-Castle-Gustav-Klimt_680.jpg\",\"contentUrl\":\"https:\/\/svetslik.si\/wp-content\/uploads\/2021\/08\/image_Avenue-in-the-Park-of-Krammer-Castle-Gustav-Klimt_680.jpg\",\"width\":1122,\"height\":1123,\"caption\":\"Gustav Klimt - Avenue in the Park of Krammer Castle - reproduction of famous painting by famous artist, hand painted painting on canvas - oil painting\"},{\"@type\":\"BreadcrumbList\",\"@id\":\"https:\/\/svetslik.si\/en\/gustav-klimt-en\/avenue-in-the-park-of-krammer-castle\/#breadcrumb\",\"itemListElement\":[{\"@type\":\"ListItem\",\"position\":1,\"name\":\"Wall art and paintings on canvas\",\"item\":\"https:\/\/svetslik.si\/en\/\"},{\"@type\":\"ListItem\",\"position\":2,\"name\":\"Sale of paintings\",\"item\":\"https:\/\/svetslik.si\/prodaja-slik\/\"},{\"@type\":\"ListItem\",\"position\":3,\"name\":\"Gustav Klimt &#8211; Avenue in the Park of Krammer Castle\"}]},{\"@type\":\"WebSite\",\"@id\":\"https:\/\/svetslik.si\/en\/#website\",\"url\":\"https:\/\/svetslik.si\/en\/\",\"name\":\"SVETSLIK.SI\",\"description\":\"100% ru\u010dno naslikane reprodukcije slika poznatih slikara in umjetni\u010dke zidne slike na platnu.\",\"publisher\":{\"@id\":\"https:\/\/svetslik.si\/en\/#organization\"},\"potentialAction\":[{\"@type\":\"SearchAction\",\"target\":{\"@type\":\"EntryPoint\",\"urlTemplate\":\"https:\/\/svetslik.si\/en\/?s={search_term_string}\"},\"query-input\":{\"@type\":\"PropertyValueSpecification\",\"valueRequired\":true,\"valueName\":\"search_term_string\"}}],\"inLanguage\":\"en-US\"},{\"@type\":\"Organization\",\"@id\":\"https:\/\/svetslik.si\/en\/#organization\",\"name\":\"SvetSlik.si\",\"url\":\"https:\/\/svetslik.si\/en\/\",\"logo\":{\"@type\":\"ImageObject\",\"inLanguage\":\"en-US\",\"@id\":\"https:\/\/svetslik.si\/en\/#\/schema\/logo\/image\/\",\"url\":\"https:\/\/svetslik.si\/wp-content\/uploads\/2020\/12\/logo-512.png\",\"contentUrl\":\"https:\/\/svetslik.si\/wp-content\/uploads\/2020\/12\/logo-512.png\",\"width\":512,\"height\":512,\"caption\":\"SvetSlik.si\"},\"image\":{\"@id\":\"https:\/\/svetslik.si\/en\/#\/schema\/logo\/image\/\"},\"sameAs\":[\"https:\/\/www.facebook.com\/svetslik.si\",\"https:\/\/x.com\/svetslik\",\"https:\/\/www.instagram.com\/svetslik.si\/\",\"https:\/\/www.linkedin.com\/company\/svetslik-si\"]}]}<\/script>\n<meta property=\"og:availability\" content=\"backorder\" \/>\n<meta property=\"product:availability\" content=\"available for order\" \/>\n<meta property=\"product:retailer_item_id\" content=\"549__\" \/>\n<meta property=\"product:condition\" content=\"new\" \/>\n<!-- \/ Yoast SEO Premium plugin. -->","yoast_head_json":{"title":"Gustav Klimt - Avenue in the Park of Krammer Castle - SVETSLIK.SI - 100% hand painted","description":"Gustav Klimt - Avenue in the Park of Krammer Castle - 100% hand-painted reproduction of famous paintings by famous artists. Wall art, abstract paintings and custom painted paintings by order.","robots":{"index":"index","follow":"follow","max-snippet":"max-snippet:-1","max-image-preview":"max-image-preview:large","max-video-preview":"max-video-preview:-1"},"canonical":"https:\/\/svetslik.si\/en\/gustav-klimt-en\/avenue-in-the-park-of-krammer-castle\/","og_locale":"en_US","og_type":"article","og_title":"Gustav Klimt - Avenue in the Park of Krammer Castle","og_description":"100% ro\u010dno naslikane slike na platnu, reprodukcije znanih slikarjev in umetni\u0161ke slike po naro\u010dilu.","og_url":"https:\/\/svetslik.si\/en\/gustav-klimt-en\/avenue-in-the-park-of-krammer-castle\/","og_site_name":"SVETSLIK.SI","article_publisher":"https:\/\/www.facebook.com\/svetslik.si","article_modified_time":"2026-03-22T19:46:08+00:00","og_image":[{"width":1122,"height":1123,"url":"https:\/\/svetslik.si\/wp-content\/uploads\/2021\/08\/image_Avenue-in-the-Park-of-Krammer-Castle-Gustav-Klimt_680.jpg","type":"image\/jpeg"}],"twitter_card":"summary_large_image","twitter_site":"@svetslik","twitter_misc":{"Availability":"On backorder"},"schema":{"@context":"https:\/\/schema.org","@graph":[{"@type":["WebPage","ItemPage"],"@id":"https:\/\/svetslik.si\/en\/gustav-klimt-en\/avenue-in-the-park-of-krammer-castle\/","url":"https:\/\/svetslik.si\/en\/gustav-klimt-en\/avenue-in-the-park-of-krammer-castle\/","name":"Gustav Klimt - Avenue in the Park of Krammer Castle - SVETSLIK.SI - 100% hand painted","isPartOf":{"@id":"https:\/\/svetslik.si\/en\/#website"},"primaryImageOfPage":{"@id":"https:\/\/svetslik.si\/en\/gustav-klimt-en\/avenue-in-the-park-of-krammer-castle\/#primaryimage"},"image":{"@id":"https:\/\/svetslik.si\/en\/gustav-klimt-en\/avenue-in-the-park-of-krammer-castle\/#primaryimage"},"thumbnailUrl":"https:\/\/svetslik.si\/wp-content\/uploads\/2021\/08\/image_Avenue-in-the-Park-of-Krammer-Castle-Gustav-Klimt_680.jpg","datePublished":"2021-09-02T16:22:20+00:00","dateModified":"2026-03-22T19:46:08+00:00","description":"Gustav Klimt - Avenue in the Park of Krammer Castle - 100% hand-painted reproduction of famous paintings by famous artists. Wall art, abstract paintings and custom painted paintings by order.","breadcrumb":{"@id":"https:\/\/svetslik.si\/en\/gustav-klimt-en\/avenue-in-the-park-of-krammer-castle\/#breadcrumb"},"inLanguage":"en-US","potentialAction":[{"@type":"ReadAction","target":["https:\/\/svetslik.si\/en\/gustav-klimt-en\/avenue-in-the-park-of-krammer-castle\/"]}]},{"@type":"ImageObject","inLanguage":"en-US","@id":"https:\/\/svetslik.si\/en\/gustav-klimt-en\/avenue-in-the-park-of-krammer-castle\/#primaryimage","url":"https:\/\/svetslik.si\/wp-content\/uploads\/2021\/08\/image_Avenue-in-the-Park-of-Krammer-Castle-Gustav-Klimt_680.jpg","contentUrl":"https:\/\/svetslik.si\/wp-content\/uploads\/2021\/08\/image_Avenue-in-the-Park-of-Krammer-Castle-Gustav-Klimt_680.jpg","width":1122,"height":1123,"caption":"Gustav Klimt - Avenue in the Park of Krammer Castle - reproduction of famous painting by famous artist, hand painted painting on canvas - oil painting"},{"@type":"BreadcrumbList","@id":"https:\/\/svetslik.si\/en\/gustav-klimt-en\/avenue-in-the-park-of-krammer-castle\/#breadcrumb","itemListElement":[{"@type":"ListItem","position":1,"name":"Wall art and paintings on canvas","item":"https:\/\/svetslik.si\/en\/"},{"@type":"ListItem","position":2,"name":"Sale of paintings","item":"https:\/\/svetslik.si\/prodaja-slik\/"},{"@type":"ListItem","position":3,"name":"Gustav Klimt &#8211; Avenue in the Park of Krammer Castle"}]},{"@type":"WebSite","@id":"https:\/\/svetslik.si\/en\/#website","url":"https:\/\/svetslik.si\/en\/","name":"SVETSLIK.SI","description":"100% ru\u010dno naslikane reprodukcije slika poznatih slikara in umjetni\u010dke zidne slike na platnu.","publisher":{"@id":"https:\/\/svetslik.si\/en\/#organization"},"potentialAction":[{"@type":"SearchAction","target":{"@type":"EntryPoint","urlTemplate":"https:\/\/svetslik.si\/en\/?s={search_term_string}"},"query-input":{"@type":"PropertyValueSpecification","valueRequired":true,"valueName":"search_term_string"}}],"inLanguage":"en-US"},{"@type":"Organization","@id":"https:\/\/svetslik.si\/en\/#organization","name":"SvetSlik.si","url":"https:\/\/svetslik.si\/en\/","logo":{"@type":"ImageObject","inLanguage":"en-US","@id":"https:\/\/svetslik.si\/en\/#\/schema\/logo\/image\/","url":"https:\/\/svetslik.si\/wp-content\/uploads\/2020\/12\/logo-512.png","contentUrl":"https:\/\/svetslik.si\/wp-content\/uploads\/2020\/12\/logo-512.png","width":512,"height":512,"caption":"SvetSlik.si"},"image":{"@id":"https:\/\/svetslik.si\/en\/#\/schema\/logo\/image\/"},"sameAs":["https:\/\/www.facebook.com\/svetslik.si","https:\/\/x.com\/svetslik","https:\/\/www.instagram.com\/svetslik.si\/","https:\/\/www.linkedin.com\/company\/svetslik-si"]}]},"og_availability":"backorder","product_availability":"available for order","product_retailer_item_id":"549__","product_condition":"new"},"jetpack_sharing_enabled":true,"_links":{"self":[{"href":"https:\/\/svetslik.si\/en\/wp-json\/wp\/v2\/product\/84888","targetHints":{"allow":["GET"]}}],"collection":[{"href":"https:\/\/svetslik.si\/en\/wp-json\/wp\/v2\/product"}],"about":[{"href":"https:\/\/svetslik.si\/en\/wp-json\/wp\/v2\/types\/product"}],"wp:featuredmedia":[{"embeddable":true,"href":"https:\/\/svetslik.si\/en\/wp-json\/wp\/v2\/media\/78502"}],"wp:attachment":[{"href":"https:\/\/svetslik.si\/en\/wp-json\/wp\/v2\/media?parent=84888"}],"wp:term":[{"taxonomy":"product_brand","embeddable":true,"href":"https:\/\/svetslik.si\/en\/wp-json\/wp\/v2\/product_brand?post=84888"},{"taxonomy":"product_cat","embeddable":true,"href":"https:\/\/svetslik.si\/en\/wp-json\/wp\/v2\/product_cat?post=84888"},{"taxonomy":"product_tag","embeddable":true,"href":"https:\/\/svetslik.si\/en\/wp-json\/wp\/v2\/product_tag?post=84888"}],"curies":[{"name":"wp","href":"https:\/\/api.w.org\/{rel}","templated":true}]}}