{"id":84906,"date":"2021-09-02T18:22:40","date_gmt":"2021-09-02T16:22:40","guid":{"rendered":"https:\/\/svetslik.si\/uncategorized\/portait-of-gertha-felsovanyi\/"},"modified":"2026-03-22T20:46:52","modified_gmt":"2026-03-22T19:46:52","slug":"portait-of-gertha-felsovanyi","status":"publish","type":"product","link":"https:\/\/svetslik.si\/en\/gustav-klimt-en\/portait-of-gertha-felsovanyi\/","title":{"rendered":"Gustav Klimt &#8211; Portait of Gertha Fels\u00f6v\u00e1nyi"},"content":{"rendered":"<div class=\"wpb-content-wrapper\">[vc_row][vc_column][vc_column_text]\n<h1>Gustav Klimt &#8211; Portait of Gertha Fels\u00f6v\u00e1nyi<\/h1>\n<p>&nbsp;<\/p>\n<table style=\"width: 593px\" border=\"0\" width=\"593\" cellspacing=\"0\" cellpadding=\"0\">\n<tbody>\n<tr>\n<td style=\"width: 155px;height: 21px\" height=\"21\">Year of creation:<\/td>\n<td style=\"width: 439px\">1902<\/td>\n<\/tr>\n<tr>\n<td style=\"width: 155px;height: 21px\" height=\"21\">Original size:<\/td>\n<td style=\"width: 439px\">45.5 cm x 150 cm<\/td>\n<\/tr>\n<tr>\n<td style=\"width: 155px;height: 21px\" height=\"21\">Paint style:<\/td>\n<td style=\"width: 439px\">Secession<\/td>\n<\/tr>\n<tr>\n<td style=\"width: 155px;height: 21px\" height=\"21\">Original technique:<\/td>\n<td style=\"width: 439px\">Oil on canvas<\/td>\n<\/tr>\n<tr>\n<td style=\"width: 155px;height: 21px\" height=\"21\">Located:<\/td>\n<td style=\"width: 439px\">Private Collection<\/td>\n<\/tr>\n<\/tbody>\n<colgroup>\n<col \/> <\/colgroup>\n<\/table>\n<p>&nbsp;<\/p>\n<p>Gustav Klimt&#8217;s painting &#8220;Portrait of Gerthe Fels\u00f6v\u00e1nyi&#8221; is a masterpiece of the Art Nouveau movement and one of the lesser-known works of the Austrian painter. The painting is a representation of the elegance and beauty of the female form and the harmony and order in the universe.<\/p>\n<p>&#8220;Portrait of Gerthe Fels\u00f6v\u00e1nyi&#8221; is an oil painting on canvas measuring approximately 100 cm x 100 cm. It depicts a young woman, Gertha Fels\u00f6v\u00e1nyi, elegantly dressed and bejeweled, sitting on a chair with an ornate background. The painting is characterized by a bold use of color, a unique sense of movement and emotion, and the use of gold leaf, a technique that Klimt used in many of his works. The woman is painted in shades of white, gold and silver, and the background in shades of blue and purple, which gives the picture a sense of depth and movement.<\/p>\n<p>The painting is a representation of the elegance and beauty of the female figure and is considered a symbol of femininity and beauty. Elegant clothing, jewelry and the use of gold leaf are symbols of wealth and prosperity. The wallpaper, with its intricate geometric patterns, represents harmony and order in the universe. The painting evokes feelings of beauty, elegance and prosperity, which are the characteristics of Klimt&#8217;s art.<\/p>\n<p>Although Klimt&#8217;s painting &#8220;Portrait of Gerthe Fels\u00f6v\u00e1nyi&#8221; is less well known, it is still a masterpiece of the Art Nouveau movement and represents the elegance and beauty of the female figure, femininity and beauty, and harmony and order in the universe. The painting is a great addition to any art collection and is a unique and beautiful representation of the elegance and beauty of the female form.<\/p>\n<p>In short, Gustav Klimt&#8217;s painting &#8220;Portrait of Gertha Fels\u00f6v\u00e1nyi&#8221; is a lesser-known, but still a masterpiece of the Art Nouveau movement. It represents the elegance and beauty of the female form, femininity, beauty and harmony and order in the universe. The painting evokes feelings of beauty, elegance and prosperity, making it the perfect addition to any space that needs a touch of elegance and beauty.[\/vc_column_text][\/vc_column][\/vc_row]\n<\/div>","protected":false},"excerpt":{"rendered":"<p>[vc_row][vc_column][vc_column_text] Gustav Klimt &#8211; Portait of Gertha Fels\u00f6v\u00e1nyi &nbsp; Year of creation: 1902 Original size: 45.5 cm x 150 cm Paint style: Secession Original technique: Oil on canvas Located: Private Collection &nbsp; Gustav Klimt&#8217;s painting &#8220;Portrait of Gerthe Fels\u00f6v\u00e1nyi&#8221; is a masterpiece of the Art Nouveau movement and one of [&hellip;]<\/p>\n","protected":false},"featured_media":79053,"template":"","meta":{"_acf_changed":false},"product_brand":[],"product_cat":[9808],"product_tag":[9837,9841,9870,9862,9863],"class_list":{"0":"post-84906","1":"product","2":"type-product","3":"status-publish","4":"has-post-thumbnail","6":"product_cat-gustav-klimt-en","7":"product_tag-gustav-klimt-en","8":"product_tag-klimt-en","9":"product_tag-painter","10":"product_tag-reproduction-en","11":"product_tag-reproductions","12":"pa_dimenzija-30-x-100-cm-en","13":"pa_dimenzija-40-x-130-cm-en","14":"pa_dimenzija-46-x-150-cm-en","15":"pa_dimenzija-50-x-165-cm-en","16":"pa_dimenzija-60-x-200-cm-en","17":"pa_dimenzija-65-x-210-cm-en","18":"pa_dimenzija-70-x-230-cm-en","19":"pa_dimenzija-75-x-250-cm-en","20":"pa_oblika-vertical","21":"pa_okvir-without-frame","22":"pa_podokvir-without","23":"pa_podokvir-yes","25":"first","26":"onbackorder","27":"purchasable","28":"product-type-variable","29":"has-default-attributes"},"acf":[],"yoast_head":"<!-- This site is optimized with the Yoast SEO Premium plugin v26.0 (Yoast SEO v27.2) - https:\/\/yoast.com\/product\/yoast-seo-premium-wordpress\/ -->\n<title>Gustav Klimt - Portait of Gertha Fels\u00f6v\u00e1nyi - SVETSLIK.SI - 100% hand painted<\/title>\n<meta name=\"description\" content=\"Gustav Klimt - Portait of Gertha Fels\u00f6v\u00e1nyi - 100% hand-painted reproduction of famous paintings by famous artists. Wall art, abstract paintings and custom painted paintings by order.\" \/>\n<meta name=\"robots\" content=\"index, follow, max-snippet:-1, max-image-preview:large, max-video-preview:-1\" \/>\n<link rel=\"canonical\" href=\"https:\/\/svetslik.si\/en\/gustav-klimt-en\/portait-of-gertha-felsovanyi\/\" \/>\n<meta property=\"og:locale\" content=\"en_US\" \/>\n<meta property=\"og:type\" content=\"article\" \/>\n<meta property=\"og:title\" content=\"Gustav Klimt - Portait of Gertha Fels\u00f6v\u00e1nyi\" \/>\n<meta property=\"og:description\" content=\"100% ro\u010dno naslikane slike na platnu, reprodukcije znanih slikarjev in umetni\u0161ke slike po naro\u010dilu.\" \/>\n<meta property=\"og:url\" content=\"https:\/\/svetslik.si\/en\/gustav-klimt-en\/portait-of-gertha-felsovanyi\/\" \/>\n<meta property=\"og:site_name\" content=\"SVETSLIK.SI\" \/>\n<meta property=\"article:publisher\" content=\"https:\/\/www.facebook.com\/svetslik.si\" \/>\n<meta property=\"article:modified_time\" content=\"2026-03-22T19:46:52+00:00\" \/>\n<meta property=\"og:image\" content=\"https:\/\/svetslik.si\/wp-content\/uploads\/2021\/08\/image_Portait-of-Gertha-Felsvnyi-Gustav-Klimt_680-scaled.jpg\" \/>\n\t<meta property=\"og:image:width\" content=\"746\" \/>\n\t<meta property=\"og:image:height\" content=\"2560\" \/>\n\t<meta property=\"og:image:type\" content=\"image\/jpeg\" \/>\n<meta name=\"twitter:card\" content=\"summary_large_image\" \/>\n<meta name=\"twitter:site\" content=\"@svetslik\" \/>\n<meta name=\"twitter:label1\" content=\"Availability\" \/>\n\t<meta name=\"twitter:data1\" content=\"On backorder\" \/>\n<script type=\"application\/ld+json\" class=\"yoast-schema-graph\">{\"@context\":\"https:\/\/schema.org\",\"@graph\":[{\"@type\":[\"WebPage\",\"ItemPage\"],\"@id\":\"https:\/\/svetslik.si\/en\/gustav-klimt-en\/portait-of-gertha-felsovanyi\/\",\"url\":\"https:\/\/svetslik.si\/en\/gustav-klimt-en\/portait-of-gertha-felsovanyi\/\",\"name\":\"Gustav Klimt - Portait of Gertha Fels\u00f6v\u00e1nyi - SVETSLIK.SI - 100% hand painted\",\"isPartOf\":{\"@id\":\"https:\/\/svetslik.si\/en\/#website\"},\"primaryImageOfPage\":{\"@id\":\"https:\/\/svetslik.si\/en\/gustav-klimt-en\/portait-of-gertha-felsovanyi\/#primaryimage\"},\"image\":{\"@id\":\"https:\/\/svetslik.si\/en\/gustav-klimt-en\/portait-of-gertha-felsovanyi\/#primaryimage\"},\"thumbnailUrl\":\"https:\/\/svetslik.si\/wp-content\/uploads\/2021\/08\/image_Portait-of-Gertha-Felsvnyi-Gustav-Klimt_680-scaled.jpg\",\"datePublished\":\"2021-09-02T16:22:40+00:00\",\"dateModified\":\"2026-03-22T19:46:52+00:00\",\"description\":\"Gustav Klimt - Portait of Gertha Fels\u00f6v\u00e1nyi - 100% hand-painted reproduction of famous paintings by famous artists. Wall art, abstract paintings and custom painted paintings by order.\",\"breadcrumb\":{\"@id\":\"https:\/\/svetslik.si\/en\/gustav-klimt-en\/portait-of-gertha-felsovanyi\/#breadcrumb\"},\"inLanguage\":\"en-US\",\"potentialAction\":[{\"@type\":\"ReadAction\",\"target\":[\"https:\/\/svetslik.si\/en\/gustav-klimt-en\/portait-of-gertha-felsovanyi\/\"]}]},{\"@type\":\"ImageObject\",\"inLanguage\":\"en-US\",\"@id\":\"https:\/\/svetslik.si\/en\/gustav-klimt-en\/portait-of-gertha-felsovanyi\/#primaryimage\",\"url\":\"https:\/\/svetslik.si\/wp-content\/uploads\/2021\/08\/image_Portait-of-Gertha-Felsvnyi-Gustav-Klimt_680-scaled.jpg\",\"contentUrl\":\"https:\/\/svetslik.si\/wp-content\/uploads\/2021\/08\/image_Portait-of-Gertha-Felsvnyi-Gustav-Klimt_680-scaled.jpg\",\"width\":746,\"height\":2560,\"caption\":\"Gustav Klimt - Portrait of Gertha Fels\u00f6v\u00e1nyi - reproduction of famous painting by famous artist, hand painted painting on canvas, art nouveau, portrait\"},{\"@type\":\"BreadcrumbList\",\"@id\":\"https:\/\/svetslik.si\/en\/gustav-klimt-en\/portait-of-gertha-felsovanyi\/#breadcrumb\",\"itemListElement\":[{\"@type\":\"ListItem\",\"position\":1,\"name\":\"Wall art and paintings on canvas\",\"item\":\"https:\/\/svetslik.si\/en\/\"},{\"@type\":\"ListItem\",\"position\":2,\"name\":\"Sale of paintings\",\"item\":\"https:\/\/svetslik.si\/prodaja-slik\/\"},{\"@type\":\"ListItem\",\"position\":3,\"name\":\"Gustav Klimt &#8211; Portait of Gertha Fels\u00f6v\u00e1nyi\"}]},{\"@type\":\"WebSite\",\"@id\":\"https:\/\/svetslik.si\/en\/#website\",\"url\":\"https:\/\/svetslik.si\/en\/\",\"name\":\"SVETSLIK.SI\",\"description\":\"100% ru\u010dno naslikane reprodukcije slika poznatih slikara in umjetni\u010dke zidne slike na platnu.\",\"publisher\":{\"@id\":\"https:\/\/svetslik.si\/en\/#organization\"},\"potentialAction\":[{\"@type\":\"SearchAction\",\"target\":{\"@type\":\"EntryPoint\",\"urlTemplate\":\"https:\/\/svetslik.si\/en\/?s={search_term_string}\"},\"query-input\":{\"@type\":\"PropertyValueSpecification\",\"valueRequired\":true,\"valueName\":\"search_term_string\"}}],\"inLanguage\":\"en-US\"},{\"@type\":\"Organization\",\"@id\":\"https:\/\/svetslik.si\/en\/#organization\",\"name\":\"SvetSlik.si\",\"url\":\"https:\/\/svetslik.si\/en\/\",\"logo\":{\"@type\":\"ImageObject\",\"inLanguage\":\"en-US\",\"@id\":\"https:\/\/svetslik.si\/en\/#\/schema\/logo\/image\/\",\"url\":\"https:\/\/svetslik.si\/wp-content\/uploads\/2020\/12\/logo-512.png\",\"contentUrl\":\"https:\/\/svetslik.si\/wp-content\/uploads\/2020\/12\/logo-512.png\",\"width\":512,\"height\":512,\"caption\":\"SvetSlik.si\"},\"image\":{\"@id\":\"https:\/\/svetslik.si\/en\/#\/schema\/logo\/image\/\"},\"sameAs\":[\"https:\/\/www.facebook.com\/svetslik.si\",\"https:\/\/x.com\/svetslik\",\"https:\/\/www.instagram.com\/svetslik.si\/\",\"https:\/\/www.linkedin.com\/company\/svetslik-si\"]}]}<\/script>\n<meta property=\"og:availability\" content=\"backorder\" \/>\n<meta property=\"product:availability\" content=\"available for order\" \/>\n<meta property=\"product:retailer_item_id\" content=\"551__\" \/>\n<meta property=\"product:condition\" content=\"new\" \/>\n<!-- \/ Yoast SEO Premium plugin. -->","yoast_head_json":{"title":"Gustav Klimt - Portait of Gertha Fels\u00f6v\u00e1nyi - SVETSLIK.SI - 100% hand painted","description":"Gustav Klimt - Portait of Gertha Fels\u00f6v\u00e1nyi - 100% hand-painted reproduction of famous paintings by famous artists. Wall art, abstract paintings and custom painted paintings by order.","robots":{"index":"index","follow":"follow","max-snippet":"max-snippet:-1","max-image-preview":"max-image-preview:large","max-video-preview":"max-video-preview:-1"},"canonical":"https:\/\/svetslik.si\/en\/gustav-klimt-en\/portait-of-gertha-felsovanyi\/","og_locale":"en_US","og_type":"article","og_title":"Gustav Klimt - Portait of Gertha Fels\u00f6v\u00e1nyi","og_description":"100% ro\u010dno naslikane slike na platnu, reprodukcije znanih slikarjev in umetni\u0161ke slike po naro\u010dilu.","og_url":"https:\/\/svetslik.si\/en\/gustav-klimt-en\/portait-of-gertha-felsovanyi\/","og_site_name":"SVETSLIK.SI","article_publisher":"https:\/\/www.facebook.com\/svetslik.si","article_modified_time":"2026-03-22T19:46:52+00:00","og_image":[{"width":746,"height":2560,"url":"https:\/\/svetslik.si\/wp-content\/uploads\/2021\/08\/image_Portait-of-Gertha-Felsvnyi-Gustav-Klimt_680-scaled.jpg","type":"image\/jpeg"}],"twitter_card":"summary_large_image","twitter_site":"@svetslik","twitter_misc":{"Availability":"On backorder"},"schema":{"@context":"https:\/\/schema.org","@graph":[{"@type":["WebPage","ItemPage"],"@id":"https:\/\/svetslik.si\/en\/gustav-klimt-en\/portait-of-gertha-felsovanyi\/","url":"https:\/\/svetslik.si\/en\/gustav-klimt-en\/portait-of-gertha-felsovanyi\/","name":"Gustav Klimt - Portait of Gertha Fels\u00f6v\u00e1nyi - SVETSLIK.SI - 100% hand painted","isPartOf":{"@id":"https:\/\/svetslik.si\/en\/#website"},"primaryImageOfPage":{"@id":"https:\/\/svetslik.si\/en\/gustav-klimt-en\/portait-of-gertha-felsovanyi\/#primaryimage"},"image":{"@id":"https:\/\/svetslik.si\/en\/gustav-klimt-en\/portait-of-gertha-felsovanyi\/#primaryimage"},"thumbnailUrl":"https:\/\/svetslik.si\/wp-content\/uploads\/2021\/08\/image_Portait-of-Gertha-Felsvnyi-Gustav-Klimt_680-scaled.jpg","datePublished":"2021-09-02T16:22:40+00:00","dateModified":"2026-03-22T19:46:52+00:00","description":"Gustav Klimt - Portait of Gertha Fels\u00f6v\u00e1nyi - 100% hand-painted reproduction of famous paintings by famous artists. Wall art, abstract paintings and custom painted paintings by order.","breadcrumb":{"@id":"https:\/\/svetslik.si\/en\/gustav-klimt-en\/portait-of-gertha-felsovanyi\/#breadcrumb"},"inLanguage":"en-US","potentialAction":[{"@type":"ReadAction","target":["https:\/\/svetslik.si\/en\/gustav-klimt-en\/portait-of-gertha-felsovanyi\/"]}]},{"@type":"ImageObject","inLanguage":"en-US","@id":"https:\/\/svetslik.si\/en\/gustav-klimt-en\/portait-of-gertha-felsovanyi\/#primaryimage","url":"https:\/\/svetslik.si\/wp-content\/uploads\/2021\/08\/image_Portait-of-Gertha-Felsvnyi-Gustav-Klimt_680-scaled.jpg","contentUrl":"https:\/\/svetslik.si\/wp-content\/uploads\/2021\/08\/image_Portait-of-Gertha-Felsvnyi-Gustav-Klimt_680-scaled.jpg","width":746,"height":2560,"caption":"Gustav Klimt - Portrait of Gertha Fels\u00f6v\u00e1nyi - reproduction of famous painting by famous artist, hand painted painting on canvas, art nouveau, portrait"},{"@type":"BreadcrumbList","@id":"https:\/\/svetslik.si\/en\/gustav-klimt-en\/portait-of-gertha-felsovanyi\/#breadcrumb","itemListElement":[{"@type":"ListItem","position":1,"name":"Wall art and paintings on canvas","item":"https:\/\/svetslik.si\/en\/"},{"@type":"ListItem","position":2,"name":"Sale of paintings","item":"https:\/\/svetslik.si\/prodaja-slik\/"},{"@type":"ListItem","position":3,"name":"Gustav Klimt &#8211; Portait of Gertha Fels\u00f6v\u00e1nyi"}]},{"@type":"WebSite","@id":"https:\/\/svetslik.si\/en\/#website","url":"https:\/\/svetslik.si\/en\/","name":"SVETSLIK.SI","description":"100% ru\u010dno naslikane reprodukcije slika poznatih slikara in umjetni\u010dke zidne slike na platnu.","publisher":{"@id":"https:\/\/svetslik.si\/en\/#organization"},"potentialAction":[{"@type":"SearchAction","target":{"@type":"EntryPoint","urlTemplate":"https:\/\/svetslik.si\/en\/?s={search_term_string}"},"query-input":{"@type":"PropertyValueSpecification","valueRequired":true,"valueName":"search_term_string"}}],"inLanguage":"en-US"},{"@type":"Organization","@id":"https:\/\/svetslik.si\/en\/#organization","name":"SvetSlik.si","url":"https:\/\/svetslik.si\/en\/","logo":{"@type":"ImageObject","inLanguage":"en-US","@id":"https:\/\/svetslik.si\/en\/#\/schema\/logo\/image\/","url":"https:\/\/svetslik.si\/wp-content\/uploads\/2020\/12\/logo-512.png","contentUrl":"https:\/\/svetslik.si\/wp-content\/uploads\/2020\/12\/logo-512.png","width":512,"height":512,"caption":"SvetSlik.si"},"image":{"@id":"https:\/\/svetslik.si\/en\/#\/schema\/logo\/image\/"},"sameAs":["https:\/\/www.facebook.com\/svetslik.si","https:\/\/x.com\/svetslik","https:\/\/www.instagram.com\/svetslik.si\/","https:\/\/www.linkedin.com\/company\/svetslik-si"]}]},"og_availability":"backorder","product_availability":"available for order","product_retailer_item_id":"551__","product_condition":"new"},"jetpack_sharing_enabled":true,"_links":{"self":[{"href":"https:\/\/svetslik.si\/en\/wp-json\/wp\/v2\/product\/84906","targetHints":{"allow":["GET"]}}],"collection":[{"href":"https:\/\/svetslik.si\/en\/wp-json\/wp\/v2\/product"}],"about":[{"href":"https:\/\/svetslik.si\/en\/wp-json\/wp\/v2\/types\/product"}],"wp:featuredmedia":[{"embeddable":true,"href":"https:\/\/svetslik.si\/en\/wp-json\/wp\/v2\/media\/79053"}],"wp:attachment":[{"href":"https:\/\/svetslik.si\/en\/wp-json\/wp\/v2\/media?parent=84906"}],"wp:term":[{"taxonomy":"product_brand","embeddable":true,"href":"https:\/\/svetslik.si\/en\/wp-json\/wp\/v2\/product_brand?post=84906"},{"taxonomy":"product_cat","embeddable":true,"href":"https:\/\/svetslik.si\/en\/wp-json\/wp\/v2\/product_cat?post=84906"},{"taxonomy":"product_tag","embeddable":true,"href":"https:\/\/svetslik.si\/en\/wp-json\/wp\/v2\/product_tag?post=84906"}],"curies":[{"name":"wp","href":"https:\/\/api.w.org\/{rel}","templated":true}]}}