{"id":85032,"date":"2021-09-02T18:24:58","date_gmt":"2021-09-02T16:24:58","guid":{"rendered":"https:\/\/svetslik.si\/uncategorized\/krik\/"},"modified":"2026-03-22T20:48:55","modified_gmt":"2026-03-22T19:48:55","slug":"krik","status":"publish","type":"product","link":"https:\/\/svetslik.si\/en\/edvard-munch-en\/krik\/","title":{"rendered":"Edvard Munch &#8211; The Scream"},"content":{"rendered":"<div class=\"wpb-content-wrapper\">[vc_row css=&#8221;.vc_custom_1722459049604{margin-bottom: 10px !important;}&#8221;][vc_column]\t<div class=\"et-image-224 et-image     et_image_link\">\n\t\t<div class=\"et-image-inner \">\n\t\t\t\t\t\t\t<div class=\"et-image-thumb \">\n\t\t\t\t\t<img decoding=\"async\" width=\"1000\" height=\"1251\" src=\"https:\/\/svetslik.si\/wp-content\/uploads\/2021\/09\/Edvard-Munch-\u2013-Krik-\u2013-The-Scream.jpg\" class=\"attachment-full\" alt=\"Edvard Munch - The Scream\" title=\"Edvard Munch - The Scream\" srcset=\"https:\/\/svetslik.si\/wp-content\/uploads\/2021\/09\/Edvard-Munch-\u2013-Krik-\u2013-The-Scream.jpg 1000w, https:\/\/svetslik.si\/wp-content\/uploads\/2021\/09\/Edvard-Munch-\u2013-Krik-\u2013-The-Scream-600x751.jpg 600w, https:\/\/svetslik.si\/wp-content\/uploads\/2021\/09\/Edvard-Munch-\u2013-Krik-\u2013-The-Scream-240x300.jpg 240w, https:\/\/svetslik.si\/wp-content\/uploads\/2021\/09\/Edvard-Munch-\u2013-Krik-\u2013-The-Scream-819x1024.jpg 819w, https:\/\/svetslik.si\/wp-content\/uploads\/2021\/09\/Edvard-Munch-\u2013-Krik-\u2013-The-Scream-768x961.jpg 768w, https:\/\/svetslik.si\/wp-content\/uploads\/2021\/09\/Edvard-Munch-\u2013-Krik-\u2013-The-Scream-120x150.jpg 120w, https:\/\/svetslik.si\/wp-content\/uploads\/2021\/09\/Edvard-Munch-\u2013-Krik-\u2013-The-Scream-900x1126.jpg 900w\" sizes=\"(max-width: 1000px) 100vw, 1000px\" \/>\t\t\t\t<\/div>\n\t\t\t\t\t\t\t\t\t\t\t<\/div>\n\t<\/div>\n  [\/vc_column][\/vc_row][vc_row css=&#8221;.vc_custom_1722459049604{margin-bottom: 10px !important;}&#8221;][vc_column]\t<div class=\"et-image-531 et-image     et_image_link\">\n\t\t<div class=\"et-image-inner \">\n\t\t\t\t\t\t\t<div class=\"et-image-thumb \">\n\t\t\t\t\t<img decoding=\"async\" width=\"1000\" height=\"1232\" src=\"https:\/\/svetslik.si\/wp-content\/uploads\/2021\/09\/Edvard-Munch-\u2013-Krik-\u2013-The-Scream2.jpg\" class=\"attachment-full\" alt=\"Edvard Munch - The Scream\" title=\"Edvard Munch - The Scream\" srcset=\"https:\/\/svetslik.si\/wp-content\/uploads\/2021\/09\/Edvard-Munch-\u2013-Krik-\u2013-The-Scream2.jpg 1000w, https:\/\/svetslik.si\/wp-content\/uploads\/2021\/09\/Edvard-Munch-\u2013-Krik-\u2013-The-Scream2-600x739.jpg 600w, https:\/\/svetslik.si\/wp-content\/uploads\/2021\/09\/Edvard-Munch-\u2013-Krik-\u2013-The-Scream2-244x300.jpg 244w, https:\/\/svetslik.si\/wp-content\/uploads\/2021\/09\/Edvard-Munch-\u2013-Krik-\u2013-The-Scream2-831x1024.jpg 831w, https:\/\/svetslik.si\/wp-content\/uploads\/2021\/09\/Edvard-Munch-\u2013-Krik-\u2013-The-Scream2-768x946.jpg 768w, https:\/\/svetslik.si\/wp-content\/uploads\/2021\/09\/Edvard-Munch-\u2013-Krik-\u2013-The-Scream2-122x150.jpg 122w, https:\/\/svetslik.si\/wp-content\/uploads\/2021\/09\/Edvard-Munch-\u2013-Krik-\u2013-The-Scream2-900x1109.jpg 900w\" sizes=\"(max-width: 1000px) 100vw, 1000px\" \/>\t\t\t\t<\/div>\n\t\t\t\t\t\t\t\t\t\t\t<\/div>\n\t<\/div>\n  [\/vc_column][\/vc_row][vc_row css=&#8221;.vc_custom_1722459049604{margin-bottom: 10px !important;}&#8221;][vc_column]\t<div class=\"et-image-244 et-image     et_image_link\">\n\t\t<div class=\"et-image-inner \">\n\t\t\t\t\t\t\t<div class=\"et-image-thumb \">\n\t\t\t\t\t<img decoding=\"async\" width=\"1000\" height=\"1440\" src=\"https:\/\/svetslik.si\/wp-content\/uploads\/2021\/09\/Edvard-Munch-\u2013-Krik-\u2013-The-Scream3.jpg\" class=\"attachment-full\" alt=\"Edvard Munch - The Scream\" title=\"Edvard Munch - The Scream\" srcset=\"https:\/\/svetslik.si\/wp-content\/uploads\/2021\/09\/Edvard-Munch-\u2013-Krik-\u2013-The-Scream3.jpg 1000w, https:\/\/svetslik.si\/wp-content\/uploads\/2021\/09\/Edvard-Munch-\u2013-Krik-\u2013-The-Scream3-600x864.jpg 600w, https:\/\/svetslik.si\/wp-content\/uploads\/2021\/09\/Edvard-Munch-\u2013-Krik-\u2013-The-Scream3-208x300.jpg 208w, https:\/\/svetslik.si\/wp-content\/uploads\/2021\/09\/Edvard-Munch-\u2013-Krik-\u2013-The-Scream3-711x1024.jpg 711w, https:\/\/svetslik.si\/wp-content\/uploads\/2021\/09\/Edvard-Munch-\u2013-Krik-\u2013-The-Scream3-768x1106.jpg 768w, https:\/\/svetslik.si\/wp-content\/uploads\/2021\/09\/Edvard-Munch-\u2013-Krik-\u2013-The-Scream3-104x150.jpg 104w, https:\/\/svetslik.si\/wp-content\/uploads\/2021\/09\/Edvard-Munch-\u2013-Krik-\u2013-The-Scream3-900x1296.jpg 900w\" sizes=\"(max-width: 1000px) 100vw, 1000px\" \/>\t\t\t\t<\/div>\n\t\t\t\t\t\t\t\t\t\t\t<\/div>\n\t<\/div>\n  [\/vc_column][\/vc_row][vc_row css=&#8221;.vc_custom_1722459049604{margin-bottom: 10px !important;}&#8221;][vc_column]\t<div class=\"et-image-863 et-image     et_image_link\">\n\t\t<div class=\"et-image-inner \">\n\t\t\t\t\t\t\t<div class=\"et-image-thumb \">\n\t\t\t\t\t<img decoding=\"async\" width=\"1000\" height=\"690\" src=\"https:\/\/svetslik.si\/wp-content\/uploads\/2021\/09\/Edvard-Munch-\u2013-Krik-\u2013-The-Scream-4.jpg\" class=\"attachment-full\" alt=\"Edvard Munch - The Scream\" title=\"Edvard Munch - The Scream\" srcset=\"https:\/\/svetslik.si\/wp-content\/uploads\/2021\/09\/Edvard-Munch-\u2013-Krik-\u2013-The-Scream-4.jpg 1000w, https:\/\/svetslik.si\/wp-content\/uploads\/2021\/09\/Edvard-Munch-\u2013-Krik-\u2013-The-Scream-4-600x414.jpg 600w, https:\/\/svetslik.si\/wp-content\/uploads\/2021\/09\/Edvard-Munch-\u2013-Krik-\u2013-The-Scream-4-300x207.jpg 300w, https:\/\/svetslik.si\/wp-content\/uploads\/2021\/09\/Edvard-Munch-\u2013-Krik-\u2013-The-Scream-4-768x530.jpg 768w, https:\/\/svetslik.si\/wp-content\/uploads\/2021\/09\/Edvard-Munch-\u2013-Krik-\u2013-The-Scream-4-150x104.jpg 150w, https:\/\/svetslik.si\/wp-content\/uploads\/2021\/09\/Edvard-Munch-\u2013-Krik-\u2013-The-Scream-4-900x621.jpg 900w\" sizes=\"(max-width: 1000px) 100vw, 1000px\" \/>\t\t\t\t<\/div>\n\t\t\t\t\t\t\t\t\t\t\t<\/div>\n\t<\/div>\n  [\/vc_column][\/vc_row][vc_row css=&#8221;.vc_custom_1722459049604{margin-bottom: 10px !important;}&#8221;][vc_column]\t<div class=\"et-image-500 et-image     et_image_link\">\n\t\t<div class=\"et-image-inner \">\n\t\t\t\t\t\t\t<div class=\"et-image-thumb \">\n\t\t\t\t\t<img decoding=\"async\" width=\"1000\" height=\"563\" src=\"https:\/\/svetslik.si\/wp-content\/uploads\/2021\/09\/Edvard-Munch-\u2013-Krik-\u2013-The-Scream-5.jpg\" class=\"attachment-full\" alt=\"Edvard Munch - The Scream\" title=\"Edvard Munch - The Scream\" srcset=\"https:\/\/svetslik.si\/wp-content\/uploads\/2021\/09\/Edvard-Munch-\u2013-Krik-\u2013-The-Scream-5.jpg 1000w, https:\/\/svetslik.si\/wp-content\/uploads\/2021\/09\/Edvard-Munch-\u2013-Krik-\u2013-The-Scream-5-600x338.jpg 600w, https:\/\/svetslik.si\/wp-content\/uploads\/2021\/09\/Edvard-Munch-\u2013-Krik-\u2013-The-Scream-5-300x169.jpg 300w, https:\/\/svetslik.si\/wp-content\/uploads\/2021\/09\/Edvard-Munch-\u2013-Krik-\u2013-The-Scream-5-768x432.jpg 768w, https:\/\/svetslik.si\/wp-content\/uploads\/2021\/09\/Edvard-Munch-\u2013-Krik-\u2013-The-Scream-5-150x84.jpg 150w, https:\/\/svetslik.si\/wp-content\/uploads\/2021\/09\/Edvard-Munch-\u2013-Krik-\u2013-The-Scream-5-900x507.jpg 900w\" sizes=\"(max-width: 1000px) 100vw, 1000px\" \/>\t\t\t\t<\/div>\n\t\t\t\t\t\t\t\t\t\t\t<\/div>\n\t<\/div>\n  [\/vc_column][\/vc_row][vc_row][vc_column][vc_column_text]\n<h1>Edvard Munch &#8211; The Scream<\/h1>\n<p>&nbsp;<\/p>\n<table style=\"width: 673px;\" border=\"0\" width=\"673\" cellspacing=\"0\" cellpadding=\"0\">\n<tbody>\n<tr>\n<td style=\"width: 180px; height: 21px;\" height=\"21\">Year of Creation:<\/td>\n<td style=\"width: 493px;\">1893<\/td>\n<\/tr>\n<tr>\n<td style=\"width: 180px; height: 21px;\" height=\"21\">Original size:<\/td>\n<td style=\"width: 493px;\">73.5 cm x 91 cm<\/td>\n<\/tr>\n<tr>\n<td style=\"width: 180px; height: 21px;\" height=\"21\">Paint style:<\/td>\n<td style=\"width: 493px;\">Expressionism<\/td>\n<\/tr>\n<tr>\n<td style=\"width: 180px; height: 21px;\" height=\"21\">Original technique:<\/td>\n<td>Oil, tempera, pastel on cardboard<\/td>\n<\/tr>\n<tr>\n<td style=\"width: 180px; height: 21px;\" height=\"21\">Located:<\/td>\n<td>National Gallery, Oslo<\/td>\n<\/tr>\n<\/tbody>\n<colgroup>\n<col \/>\n<col \/> <\/colgroup>\n<\/table>\n<p>Edvard Munch: Master of Expressionism and The ScreamEdvard Munch (1863-1944) was a Norwegian painter who is considered one of the pioneers of Expressionism, a modern art movement characterized by a focus on subjective emotions and the artist&#8217;s inner world. His most famous painting The Scream is one of the icons of contemporary art and has become synonymous with the artist himself.&#8221;The Scream&#8221;, also known as The Scream of Nature, was painted in 1893 and depicts a figure with an anguished face holding its head and letting out a bloodthirsty scream. In the background of the painting there is a stormy sky and a fjord, which adds to the sense of chaos and distress. The painting is said to represent Munch&#8217;s feelings of anxiety, alienation and existential despair. Munch created four versions of The Scream, two in oil, one in pastel and one as a print. The first version was painted in oil in 1893 and is now part of the collection of the National Museum in Oslo, Norway. The second version, painted in 1895, is considered the most iconic of the four and is part of the collection of the Munch Museum in Oslo. The Scream has become one of the most recognizable works of art in the world and has been featured in numerous films, books and television shows. It has also been the subject of numerous critical studies, in which many experts have analyzed the painting&#8217;s subject matter, which relates to psychological distress, the search for meaning in life, and the human experience. Munch&#8217;s The Scream had a significant influence on later artists, especially those who worked in the areas of expressionism, surrealism and neo-expressionism. The painting continues to inspire and delight audiences today, as a powerful reminder of the artist&#8217;s remarkable ability to express complex emotions through his works. We can conclude that Edvard Munch&#8217;s The Scream is a seminal work of contemporary art that still fascinates and inspires audiences. Its timeless theme of existential distress, anxiety and the search for meaning in life makes it one of the most recognizable and respected works of art in the world. Whether you&#8217;re an art lover, historian, or simply interested in exploring the human experience, The Scream is a must-see and not-to-be-missed painting.<\/p>\n<\/div>","protected":false},"excerpt":{"rendered":"<p>[vc_row css=&#8221;.vc_custom_1722459049604{margin-bottom: 10px !important;}&#8221;][vc_column][\/vc_column][\/vc_row][vc_row css=&#8221;.vc_custom_1722459049604{margin-bottom: 10px !important;}&#8221;][vc_column][\/vc_column][\/vc_row][vc_row css=&#8221;.vc_custom_1722459049604{margin-bottom: 10px !important;}&#8221;][vc_column][\/vc_column][\/vc_row][vc_row css=&#8221;.vc_custom_1722459049604{margin-bottom: 10px !important;}&#8221;][vc_column][\/vc_column][\/vc_row][vc_row css=&#8221;.vc_custom_1722459049604{margin-bottom: 10px !important;}&#8221;][vc_column][\/vc_column][\/vc_row][vc_row][vc_column][vc_column_text] Edvard Munch &#8211; The Scream &nbsp; Year of Creation: 1893 Original size: 73.5 cm x 91 cm Paint style: Expressionism Original technique: Oil, tempera, pastel on cardboard Located: National Gallery, Oslo Edvard Munch: Master [&hellip;]<\/p>\n","protected":false},"featured_media":79963,"template":"","meta":{"_acf_changed":false},"product_brand":[],"product_cat":[9805],"product_tag":[9850,9870,9862,9863],"class_list":{"0":"post-85032","1":"product","2":"type-product","3":"status-publish","4":"has-post-thumbnail","6":"product_cat-edvard-munch-en","7":"product_tag-munch-en","8":"product_tag-painter","9":"product_tag-reproduction-en","10":"product_tag-reproductions","11":"pa_dimenzija-110-x-140-cm-en","12":"pa_dimenzija-130-x-160-cm-en","13":"pa_dimenzija-150-x-190-cm-en","14":"pa_dimenzija-40-x-50-cm-en","15":"pa_dimenzija-50-x-60-cm-en","16":"pa_dimenzija-60-x-70-cm-en","17":"pa_dimenzija-74-x-91-cm-en","18":"pa_dimenzija-90-x-110-cm-en","19":"pa_oblika-vertical","20":"pa_okvir-without-frame","21":"pa_podokvir-without","22":"pa_podokvir-yes","24":"first","25":"onbackorder","26":"purchasable","27":"product-type-variable","28":"has-default-attributes"},"acf":[],"yoast_head":"<!-- This site is optimized with the Yoast SEO Premium plugin v26.0 (Yoast SEO v27.2) - https:\/\/yoast.com\/product\/yoast-seo-premium-wordpress\/ -->\n<title>Edvard Munch - The Scream - SVETSLIK.SI - 100% hand painted<\/title>\n<meta name=\"description\" content=\"Edvard Munch - The Scream - 100% hand-painted reproduction of famous paintings by famous artists. Wall art, abstract paintings and custom painted paintings by order.\" \/>\n<meta name=\"robots\" content=\"index, follow, max-snippet:-1, max-image-preview:large, max-video-preview:-1\" \/>\n<link rel=\"canonical\" href=\"https:\/\/svetslik.si\/en\/edvard-munch-en\/krik\/\" \/>\n<meta property=\"og:locale\" content=\"en_US\" \/>\n<meta property=\"og:type\" content=\"article\" \/>\n<meta property=\"og:title\" content=\"Edvard Munch - The Scream\" \/>\n<meta property=\"og:description\" content=\"100% ro\u010dno naslikane slike na platnu, reprodukcije znanih slikarjev in umetni\u0161ke slike po naro\u010dilu.\" \/>\n<meta property=\"og:url\" content=\"https:\/\/svetslik.si\/en\/edvard-munch-en\/krik\/\" \/>\n<meta property=\"og:site_name\" content=\"SVETSLIK.SI\" \/>\n<meta property=\"article:publisher\" content=\"https:\/\/www.facebook.com\/svetslik.si\" \/>\n<meta property=\"article:modified_time\" content=\"2026-03-22T19:48:55+00:00\" \/>\n<meta property=\"og:image\" content=\"https:\/\/svetslik.si\/wp-content\/uploads\/2021\/09\/Edvard-Munch-Kirik-The-Scream.jpg\" \/>\n\t<meta property=\"og:image:width\" content=\"1000\" \/>\n\t<meta property=\"og:image:height\" content=\"1267\" \/>\n\t<meta property=\"og:image:type\" content=\"image\/jpeg\" \/>\n<meta name=\"twitter:card\" content=\"summary_large_image\" \/>\n<meta name=\"twitter:site\" content=\"@svetslik\" \/>\n<meta name=\"twitter:label1\" content=\"Availability\" \/>\n\t<meta name=\"twitter:data1\" content=\"On backorder\" \/>\n<script type=\"application\/ld+json\" class=\"yoast-schema-graph\">{\"@context\":\"https:\/\/schema.org\",\"@graph\":[{\"@type\":[\"WebPage\",\"ItemPage\"],\"@id\":\"https:\/\/svetslik.si\/en\/edvard-munch-en\/krik\/\",\"url\":\"https:\/\/svetslik.si\/en\/edvard-munch-en\/krik\/\",\"name\":\"Edvard Munch - The Scream - SVETSLIK.SI - 100% hand painted\",\"isPartOf\":{\"@id\":\"https:\/\/svetslik.si\/en\/#website\"},\"primaryImageOfPage\":{\"@id\":\"https:\/\/svetslik.si\/en\/edvard-munch-en\/krik\/#primaryimage\"},\"image\":{\"@id\":\"https:\/\/svetslik.si\/en\/edvard-munch-en\/krik\/#primaryimage\"},\"thumbnailUrl\":\"https:\/\/svetslik.si\/wp-content\/uploads\/2021\/09\/Edvard-Munch-Kirik-The-Scream.jpg\",\"datePublished\":\"2021-09-02T16:24:58+00:00\",\"dateModified\":\"2026-03-22T19:48:55+00:00\",\"description\":\"Edvard Munch - The Scream - 100% hand-painted reproduction of famous paintings by famous artists. Wall art, abstract paintings and custom painted paintings by order.\",\"breadcrumb\":{\"@id\":\"https:\/\/svetslik.si\/en\/edvard-munch-en\/krik\/#breadcrumb\"},\"inLanguage\":\"en-US\",\"potentialAction\":[{\"@type\":\"ReadAction\",\"target\":[\"https:\/\/svetslik.si\/en\/edvard-munch-en\/krik\/\"]}]},{\"@type\":\"ImageObject\",\"inLanguage\":\"en-US\",\"@id\":\"https:\/\/svetslik.si\/en\/edvard-munch-en\/krik\/#primaryimage\",\"url\":\"https:\/\/svetslik.si\/wp-content\/uploads\/2021\/09\/Edvard-Munch-Kirik-The-Scream.jpg\",\"contentUrl\":\"https:\/\/svetslik.si\/wp-content\/uploads\/2021\/09\/Edvard-Munch-Kirik-The-Scream.jpg\",\"width\":1000,\"height\":1267,\"caption\":\"Edvard Munch - Kirik - The Scream - Reproduction of Famous Painting by Famous Artist - Painting on Canvas\"},{\"@type\":\"BreadcrumbList\",\"@id\":\"https:\/\/svetslik.si\/en\/edvard-munch-en\/krik\/#breadcrumb\",\"itemListElement\":[{\"@type\":\"ListItem\",\"position\":1,\"name\":\"Wall art and paintings on canvas\",\"item\":\"https:\/\/svetslik.si\/en\/\"},{\"@type\":\"ListItem\",\"position\":2,\"name\":\"Sale of paintings\",\"item\":\"https:\/\/svetslik.si\/prodaja-slik\/\"},{\"@type\":\"ListItem\",\"position\":3,\"name\":\"Edvard Munch &#8211; The Scream\"}]},{\"@type\":\"WebSite\",\"@id\":\"https:\/\/svetslik.si\/en\/#website\",\"url\":\"https:\/\/svetslik.si\/en\/\",\"name\":\"SVETSLIK.SI\",\"description\":\"100% ru\u010dno naslikane reprodukcije slika poznatih slikara in umjetni\u010dke zidne slike na platnu.\",\"publisher\":{\"@id\":\"https:\/\/svetslik.si\/en\/#organization\"},\"potentialAction\":[{\"@type\":\"SearchAction\",\"target\":{\"@type\":\"EntryPoint\",\"urlTemplate\":\"https:\/\/svetslik.si\/en\/?s={search_term_string}\"},\"query-input\":{\"@type\":\"PropertyValueSpecification\",\"valueRequired\":true,\"valueName\":\"search_term_string\"}}],\"inLanguage\":\"en-US\"},{\"@type\":\"Organization\",\"@id\":\"https:\/\/svetslik.si\/en\/#organization\",\"name\":\"SvetSlik.si\",\"url\":\"https:\/\/svetslik.si\/en\/\",\"logo\":{\"@type\":\"ImageObject\",\"inLanguage\":\"en-US\",\"@id\":\"https:\/\/svetslik.si\/en\/#\/schema\/logo\/image\/\",\"url\":\"https:\/\/svetslik.si\/wp-content\/uploads\/2020\/12\/logo-512.png\",\"contentUrl\":\"https:\/\/svetslik.si\/wp-content\/uploads\/2020\/12\/logo-512.png\",\"width\":512,\"height\":512,\"caption\":\"SvetSlik.si\"},\"image\":{\"@id\":\"https:\/\/svetslik.si\/en\/#\/schema\/logo\/image\/\"},\"sameAs\":[\"https:\/\/www.facebook.com\/svetslik.si\",\"https:\/\/x.com\/svetslik\",\"https:\/\/www.instagram.com\/svetslik.si\/\",\"https:\/\/www.linkedin.com\/company\/svetslik-si\"]}]}<\/script>\n<meta property=\"og:availability\" content=\"backorder\" \/>\n<meta property=\"product:availability\" content=\"available for order\" \/>\n<meta property=\"product:retailer_item_id\" content=\"566__\" \/>\n<meta property=\"product:condition\" content=\"new\" \/>\n<!-- \/ Yoast SEO Premium plugin. -->","yoast_head_json":{"title":"Edvard Munch - The Scream - SVETSLIK.SI - 100% hand painted","description":"Edvard Munch - The Scream - 100% hand-painted reproduction of famous paintings by famous artists. Wall art, abstract paintings and custom painted paintings by order.","robots":{"index":"index","follow":"follow","max-snippet":"max-snippet:-1","max-image-preview":"max-image-preview:large","max-video-preview":"max-video-preview:-1"},"canonical":"https:\/\/svetslik.si\/en\/edvard-munch-en\/krik\/","og_locale":"en_US","og_type":"article","og_title":"Edvard Munch - The Scream","og_description":"100% ro\u010dno naslikane slike na platnu, reprodukcije znanih slikarjev in umetni\u0161ke slike po naro\u010dilu.","og_url":"https:\/\/svetslik.si\/en\/edvard-munch-en\/krik\/","og_site_name":"SVETSLIK.SI","article_publisher":"https:\/\/www.facebook.com\/svetslik.si","article_modified_time":"2026-03-22T19:48:55+00:00","og_image":[{"width":1000,"height":1267,"url":"https:\/\/svetslik.si\/wp-content\/uploads\/2021\/09\/Edvard-Munch-Kirik-The-Scream.jpg","type":"image\/jpeg"}],"twitter_card":"summary_large_image","twitter_site":"@svetslik","twitter_misc":{"Availability":"On backorder"},"schema":{"@context":"https:\/\/schema.org","@graph":[{"@type":["WebPage","ItemPage"],"@id":"https:\/\/svetslik.si\/en\/edvard-munch-en\/krik\/","url":"https:\/\/svetslik.si\/en\/edvard-munch-en\/krik\/","name":"Edvard Munch - The Scream - SVETSLIK.SI - 100% hand painted","isPartOf":{"@id":"https:\/\/svetslik.si\/en\/#website"},"primaryImageOfPage":{"@id":"https:\/\/svetslik.si\/en\/edvard-munch-en\/krik\/#primaryimage"},"image":{"@id":"https:\/\/svetslik.si\/en\/edvard-munch-en\/krik\/#primaryimage"},"thumbnailUrl":"https:\/\/svetslik.si\/wp-content\/uploads\/2021\/09\/Edvard-Munch-Kirik-The-Scream.jpg","datePublished":"2021-09-02T16:24:58+00:00","dateModified":"2026-03-22T19:48:55+00:00","description":"Edvard Munch - The Scream - 100% hand-painted reproduction of famous paintings by famous artists. Wall art, abstract paintings and custom painted paintings by order.","breadcrumb":{"@id":"https:\/\/svetslik.si\/en\/edvard-munch-en\/krik\/#breadcrumb"},"inLanguage":"en-US","potentialAction":[{"@type":"ReadAction","target":["https:\/\/svetslik.si\/en\/edvard-munch-en\/krik\/"]}]},{"@type":"ImageObject","inLanguage":"en-US","@id":"https:\/\/svetslik.si\/en\/edvard-munch-en\/krik\/#primaryimage","url":"https:\/\/svetslik.si\/wp-content\/uploads\/2021\/09\/Edvard-Munch-Kirik-The-Scream.jpg","contentUrl":"https:\/\/svetslik.si\/wp-content\/uploads\/2021\/09\/Edvard-Munch-Kirik-The-Scream.jpg","width":1000,"height":1267,"caption":"Edvard Munch - Kirik - The Scream - Reproduction of Famous Painting by Famous Artist - Painting on Canvas"},{"@type":"BreadcrumbList","@id":"https:\/\/svetslik.si\/en\/edvard-munch-en\/krik\/#breadcrumb","itemListElement":[{"@type":"ListItem","position":1,"name":"Wall art and paintings on canvas","item":"https:\/\/svetslik.si\/en\/"},{"@type":"ListItem","position":2,"name":"Sale of paintings","item":"https:\/\/svetslik.si\/prodaja-slik\/"},{"@type":"ListItem","position":3,"name":"Edvard Munch &#8211; The Scream"}]},{"@type":"WebSite","@id":"https:\/\/svetslik.si\/en\/#website","url":"https:\/\/svetslik.si\/en\/","name":"SVETSLIK.SI","description":"100% ru\u010dno naslikane reprodukcije slika poznatih slikara in umjetni\u010dke zidne slike na platnu.","publisher":{"@id":"https:\/\/svetslik.si\/en\/#organization"},"potentialAction":[{"@type":"SearchAction","target":{"@type":"EntryPoint","urlTemplate":"https:\/\/svetslik.si\/en\/?s={search_term_string}"},"query-input":{"@type":"PropertyValueSpecification","valueRequired":true,"valueName":"search_term_string"}}],"inLanguage":"en-US"},{"@type":"Organization","@id":"https:\/\/svetslik.si\/en\/#organization","name":"SvetSlik.si","url":"https:\/\/svetslik.si\/en\/","logo":{"@type":"ImageObject","inLanguage":"en-US","@id":"https:\/\/svetslik.si\/en\/#\/schema\/logo\/image\/","url":"https:\/\/svetslik.si\/wp-content\/uploads\/2020\/12\/logo-512.png","contentUrl":"https:\/\/svetslik.si\/wp-content\/uploads\/2020\/12\/logo-512.png","width":512,"height":512,"caption":"SvetSlik.si"},"image":{"@id":"https:\/\/svetslik.si\/en\/#\/schema\/logo\/image\/"},"sameAs":["https:\/\/www.facebook.com\/svetslik.si","https:\/\/x.com\/svetslik","https:\/\/www.instagram.com\/svetslik.si\/","https:\/\/www.linkedin.com\/company\/svetslik-si"]}]},"og_availability":"backorder","product_availability":"available for order","product_retailer_item_id":"566__","product_condition":"new"},"jetpack_sharing_enabled":true,"_links":{"self":[{"href":"https:\/\/svetslik.si\/en\/wp-json\/wp\/v2\/product\/85032","targetHints":{"allow":["GET"]}}],"collection":[{"href":"https:\/\/svetslik.si\/en\/wp-json\/wp\/v2\/product"}],"about":[{"href":"https:\/\/svetslik.si\/en\/wp-json\/wp\/v2\/types\/product"}],"wp:featuredmedia":[{"embeddable":true,"href":"https:\/\/svetslik.si\/en\/wp-json\/wp\/v2\/media\/79963"}],"wp:attachment":[{"href":"https:\/\/svetslik.si\/en\/wp-json\/wp\/v2\/media?parent=85032"}],"wp:term":[{"taxonomy":"product_brand","embeddable":true,"href":"https:\/\/svetslik.si\/en\/wp-json\/wp\/v2\/product_brand?post=85032"},{"taxonomy":"product_cat","embeddable":true,"href":"https:\/\/svetslik.si\/en\/wp-json\/wp\/v2\/product_cat?post=85032"},{"taxonomy":"product_tag","embeddable":true,"href":"https:\/\/svetslik.si\/en\/wp-json\/wp\/v2\/product_tag?post=85032"}],"curies":[{"name":"wp","href":"https:\/\/api.w.org\/{rel}","templated":true}]}}