{"id":85542,"date":"2021-09-02T18:34:58","date_gmt":"2021-09-02T16:34:58","guid":{"rendered":"https:\/\/svetslik.si\/uncategorized\/seated-woman-2\/"},"modified":"2026-03-22T21:00:28","modified_gmt":"2026-03-22T20:00:28","slug":"seated-woman-2","status":"publish","type":"product","link":"https:\/\/svetslik.si\/en\/fernando-botero-en\/seated-woman-2\/","title":{"rendered":"Fernando Botero &#8211; Seated Woman 2"},"content":{"rendered":"<div class=\"wpb-content-wrapper\">[vc_row][vc_column][vc_column_text]\n<h1>Fernando Botero &#8211; Seated Woman 2<\/h1>\n<p>&nbsp;<\/p>\n<table style=\"width: 673px\" border=\"0\" width=\"673\" cellspacing=\"0\" cellpadding=\"0\">\n<tbody>\n<tr>\n<td style=\"width: 180px;height: 21px\" height=\"21\">Year of creation:<\/td>\n<td style=\"width: 493px\">1997<\/td>\n<\/tr>\n<tr>\n<td style=\"width: 180px;height: 21px\" height=\"21\">Original size:<\/td>\n<td style=\"width: 493px\">92 cm x 134 cm<\/td>\n<\/tr>\n<tr>\n<td style=\"width: 180px;height: 21px\" height=\"21\">Painting style:<\/td>\n<td style=\"width: 493px\">Expressionism<\/td>\n<\/tr>\n<tr>\n<td style=\"width: 180px;height: 21px\" height=\"21\">Original technique:<\/td>\n<td>Oil on canvas<\/td>\n<\/tr>\n<tr>\n<td style=\"width: 180px;height: 21px\" height=\"21\">Located:<\/td>\n<td>Author&#8217;s private collection<\/td>\n<\/tr>\n<\/tbody>\n<colgroup>\n<col \/>\n<col \/> <\/colgroup>\n<\/table>\n[\/vc_column_text][\/vc_column][\/vc_row][vc_row css=&#8221;.vc_custom_1640127814031{margin-bottom: 20px !important;}&#8221;][vc_column]\t<div class=\"et-image-555 et-image  full   et_image_link\">\n\t\t<div class=\"et-image-inner \">\n\t\t\t\t\t\t\t<div class=\"et-image-thumb \">\n\t\t\t\t\t<img decoding=\"async\" width=\"1237\" height=\"1775\" src=\"https:\/\/svetslik.si\/wp-content\/uploads\/2021\/12\/Fernando-Botero-woman.jpg\" class=\"attachment-full\" alt=\"Fernando Botero - Woman - painting on canvas - hand-painted reproduction of a wall painting\" title=\"Fernando Botero - Woman - painting on canvas - hand-painted reproduction of a wall painting\" srcset=\"https:\/\/svetslik.si\/wp-content\/uploads\/2021\/12\/Fernando-Botero-woman.jpg 1237w, https:\/\/svetslik.si\/wp-content\/uploads\/2021\/12\/Fernando-Botero-woman-600x861.jpg 600w, https:\/\/svetslik.si\/wp-content\/uploads\/2021\/12\/Fernando-Botero-woman-1200x1722.jpg 1200w, https:\/\/svetslik.si\/wp-content\/uploads\/2021\/12\/Fernando-Botero-woman-209x300.jpg 209w, https:\/\/svetslik.si\/wp-content\/uploads\/2021\/12\/Fernando-Botero-woman-714x1024.jpg 714w, https:\/\/svetslik.si\/wp-content\/uploads\/2021\/12\/Fernando-Botero-woman-768x1102.jpg 768w, https:\/\/svetslik.si\/wp-content\/uploads\/2021\/12\/Fernando-Botero-woman-1070x1536.jpg 1070w, https:\/\/svetslik.si\/wp-content\/uploads\/2021\/12\/Fernando-Botero-woman-105x150.jpg 105w, https:\/\/svetslik.si\/wp-content\/uploads\/2021\/12\/Fernando-Botero-woman-900x1291.jpg 900w\" sizes=\"(max-width: 1237px) 100vw, 1237px\" \/>\t\t\t\t<\/div>\n\t\t\t\t\t\t\t\t\t\t\t<\/div>\n\t<\/div>\n  [\/vc_column][\/vc_row][vc_row css=&#8221;.vc_custom_1640127814031{margin-bottom: 20px !important;}&#8221;][vc_column]\t<div class=\"et-image-825 et-image  full   et_image_link\">\n\t\t<div class=\"et-image-inner \">\n\t\t\t\t\t\t\t<div class=\"et-image-thumb \">\n\t\t\t\t\t<img decoding=\"async\" width=\"1920\" height=\"2560\" src=\"https:\/\/svetslik.si\/wp-content\/uploads\/2021\/09\/20210127_190055-1-1-scaled.jpg\" class=\"attachment-full\" alt=\"Fernando Botero - Woman - Canvas Wall Painting - Hand Painted Reproduction\" title=\"Fernando Botero - Woman - Canvas Wall Painting - Hand Painted Reproduction\" srcset=\"https:\/\/svetslik.si\/wp-content\/uploads\/2021\/09\/20210127_190055-1-1-scaled.jpg 1920w, https:\/\/svetslik.si\/wp-content\/uploads\/2021\/09\/20210127_190055-1-1-600x800.jpg 600w, https:\/\/svetslik.si\/wp-content\/uploads\/2021\/09\/20210127_190055-1-1-scaled-1200x1600.jpg 1200w, https:\/\/svetslik.si\/wp-content\/uploads\/2021\/09\/20210127_190055-1-1-225x300.jpg 225w, https:\/\/svetslik.si\/wp-content\/uploads\/2021\/09\/20210127_190055-1-1-768x1024.jpg 768w, https:\/\/svetslik.si\/wp-content\/uploads\/2021\/09\/20210127_190055-1-1-1152x1536.jpg 1152w, https:\/\/svetslik.si\/wp-content\/uploads\/2021\/09\/20210127_190055-1-1-1536x2048.jpg 1536w, https:\/\/svetslik.si\/wp-content\/uploads\/2021\/09\/20210127_190055-1-1-113x150.jpg 113w, https:\/\/svetslik.si\/wp-content\/uploads\/2021\/09\/20210127_190055-1-1-1320x1760.jpg 1320w, https:\/\/svetslik.si\/wp-content\/uploads\/2021\/09\/20210127_190055-1-1-900x1200.jpg 900w\" sizes=\"(max-width: 1920px) 100vw, 1920px\" \/>\t\t\t\t<\/div>\n\t\t\t\t\t\t\t\t\t\t\t<\/div>\n\t<\/div>\n  [\/vc_column][\/vc_row]\n<\/div>","protected":false},"excerpt":{"rendered":"<p>[vc_row][vc_column][vc_column_text] Fernando Botero &#8211; Seated Woman 2 &nbsp; Year of creation: 1997 Original size: 92 cm x 134 cm Painting style: Expressionism Original technique: Oil on canvas Located: Author&#8217;s private collection [\/vc_column_text][\/vc_column][\/vc_row][vc_row css=&#8221;.vc_custom_1640127814031{margin-bottom: 20px !important;}&#8221;][vc_column][\/vc_column][\/vc_row][vc_row css=&#8221;.vc_custom_1640127814031{margin-bottom: 20px !important;}&#8221;][vc_column][\/vc_column][\/vc_row]<\/p>\n","protected":false},"featured_media":79122,"template":"","meta":{"_acf_changed":false},"product_brand":[],"product_cat":[9793],"product_tag":[9827,9870,9862,9863],"class_list":{"0":"post-85542","1":"product","2":"type-product","3":"status-publish","4":"has-post-thumbnail","6":"product_cat-fernando-botero-en","7":"product_tag-botero-en","8":"product_tag-painter","9":"product_tag-reproduction-en","10":"product_tag-reproductions","11":"pa_dimenzija-110-x-160-cm-en","12":"pa_dimenzija-40-x-60-cm-en","13":"pa_dimenzija-50-x-70-cm-en","14":"pa_dimenzija-60-x-90-cm-en","15":"pa_dimenzija-70-x-100-cm-en","16":"pa_dimenzija-80-x-120-cm-en","17":"pa_dimenzija-92-x-134-cm-en","18":"pa_oblika-vertical","19":"pa_okvir-without-frame","20":"pa_podokvir-without","21":"pa_podokvir-yes","23":"first","24":"onbackorder","25":"purchasable","26":"product-type-variable","27":"has-default-attributes"},"acf":[],"yoast_head":"<!-- This site is optimized with the Yoast SEO Premium plugin v26.0 (Yoast SEO v27.2) - https:\/\/yoast.com\/product\/yoast-seo-premium-wordpress\/ -->\n<title>Fernando Botero - Seated Woman 2 - SVETSLIK.SI - 100% hand painted<\/title>\n<meta name=\"description\" content=\"Fernando Botero - Seated Woman 2 - 100% hand-painted reproduction of famous paintings by famous artists. Wall art, abstract paintings and custom painted paintings by order.\" \/>\n<meta name=\"robots\" content=\"index, follow, max-snippet:-1, max-image-preview:large, max-video-preview:-1\" \/>\n<link rel=\"canonical\" href=\"https:\/\/svetslik.si\/en\/fernando-botero-en\/seated-woman-2\/\" \/>\n<meta property=\"og:locale\" content=\"en_US\" \/>\n<meta property=\"og:type\" content=\"article\" \/>\n<meta property=\"og:title\" content=\"Fernando Botero - Seated Woman 2\" \/>\n<meta property=\"og:description\" content=\"100% ro\u010dno naslikane slike na platnu, reprodukcije znanih slikarjev in umetni\u0161ke slike po naro\u010dilu.\" \/>\n<meta property=\"og:url\" content=\"https:\/\/svetslik.si\/en\/fernando-botero-en\/seated-woman-2\/\" \/>\n<meta property=\"og:site_name\" content=\"SVETSLIK.SI\" \/>\n<meta property=\"article:publisher\" content=\"https:\/\/www.facebook.com\/svetslik.si\" \/>\n<meta property=\"article:modified_time\" content=\"2026-03-22T20:00:28+00:00\" \/>\n<meta property=\"og:image\" content=\"https:\/\/svetslik.si\/wp-content\/uploads\/2021\/08\/image_Seated-Woman-2_680.jpg\" \/>\n\t<meta property=\"og:image:width\" content=\"468\" \/>\n\t<meta property=\"og:image:height\" content=\"680\" \/>\n\t<meta property=\"og:image:type\" content=\"image\/jpeg\" \/>\n<meta name=\"twitter:card\" content=\"summary_large_image\" \/>\n<meta name=\"twitter:site\" content=\"@svetslik\" \/>\n<meta name=\"twitter:label1\" content=\"Availability\" \/>\n\t<meta name=\"twitter:data1\" content=\"On backorder\" \/>\n<script type=\"application\/ld+json\" class=\"yoast-schema-graph\">{\"@context\":\"https:\/\/schema.org\",\"@graph\":[{\"@type\":[\"WebPage\",\"ItemPage\"],\"@id\":\"https:\/\/svetslik.si\/en\/fernando-botero-en\/seated-woman-2\/\",\"url\":\"https:\/\/svetslik.si\/en\/fernando-botero-en\/seated-woman-2\/\",\"name\":\"Fernando Botero - Seated Woman 2 - SVETSLIK.SI - 100% hand painted\",\"isPartOf\":{\"@id\":\"https:\/\/svetslik.si\/en\/#website\"},\"primaryImageOfPage\":{\"@id\":\"https:\/\/svetslik.si\/en\/fernando-botero-en\/seated-woman-2\/#primaryimage\"},\"image\":{\"@id\":\"https:\/\/svetslik.si\/en\/fernando-botero-en\/seated-woman-2\/#primaryimage\"},\"thumbnailUrl\":\"https:\/\/svetslik.si\/wp-content\/uploads\/2021\/08\/image_Seated-Woman-2_680.jpg\",\"datePublished\":\"2021-09-02T16:34:58+00:00\",\"dateModified\":\"2026-03-22T20:00:28+00:00\",\"description\":\"Fernando Botero - Seated Woman 2 - 100% hand-painted reproduction of famous paintings by famous artists. Wall art, abstract paintings and custom painted paintings by order.\",\"breadcrumb\":{\"@id\":\"https:\/\/svetslik.si\/en\/fernando-botero-en\/seated-woman-2\/#breadcrumb\"},\"inLanguage\":\"en-US\",\"potentialAction\":[{\"@type\":\"ReadAction\",\"target\":[\"https:\/\/svetslik.si\/en\/fernando-botero-en\/seated-woman-2\/\"]}]},{\"@type\":\"ImageObject\",\"inLanguage\":\"en-US\",\"@id\":\"https:\/\/svetslik.si\/en\/fernando-botero-en\/seated-woman-2\/#primaryimage\",\"url\":\"https:\/\/svetslik.si\/wp-content\/uploads\/2021\/08\/image_Seated-Woman-2_680.jpg\",\"contentUrl\":\"https:\/\/svetslik.si\/wp-content\/uploads\/2021\/08\/image_Seated-Woman-2_680.jpg\",\"width\":468,\"height\":680,\"caption\":\"Fernando Botero - Seated Woman 2 - reproduction of famous painting by famous artist, hand painted painting on canvas\"},{\"@type\":\"BreadcrumbList\",\"@id\":\"https:\/\/svetslik.si\/en\/fernando-botero-en\/seated-woman-2\/#breadcrumb\",\"itemListElement\":[{\"@type\":\"ListItem\",\"position\":1,\"name\":\"Wall art and paintings on canvas\",\"item\":\"https:\/\/svetslik.si\/en\/\"},{\"@type\":\"ListItem\",\"position\":2,\"name\":\"Sale of paintings\",\"item\":\"https:\/\/svetslik.si\/prodaja-slik\/\"},{\"@type\":\"ListItem\",\"position\":3,\"name\":\"Fernando Botero &#8211; Seated Woman 2\"}]},{\"@type\":\"WebSite\",\"@id\":\"https:\/\/svetslik.si\/en\/#website\",\"url\":\"https:\/\/svetslik.si\/en\/\",\"name\":\"SVETSLIK.SI\",\"description\":\"100% ru\u010dno naslikane reprodukcije slika poznatih slikara in umjetni\u010dke zidne slike na platnu.\",\"publisher\":{\"@id\":\"https:\/\/svetslik.si\/en\/#organization\"},\"potentialAction\":[{\"@type\":\"SearchAction\",\"target\":{\"@type\":\"EntryPoint\",\"urlTemplate\":\"https:\/\/svetslik.si\/en\/?s={search_term_string}\"},\"query-input\":{\"@type\":\"PropertyValueSpecification\",\"valueRequired\":true,\"valueName\":\"search_term_string\"}}],\"inLanguage\":\"en-US\"},{\"@type\":\"Organization\",\"@id\":\"https:\/\/svetslik.si\/en\/#organization\",\"name\":\"SvetSlik.si\",\"url\":\"https:\/\/svetslik.si\/en\/\",\"logo\":{\"@type\":\"ImageObject\",\"inLanguage\":\"en-US\",\"@id\":\"https:\/\/svetslik.si\/en\/#\/schema\/logo\/image\/\",\"url\":\"https:\/\/svetslik.si\/wp-content\/uploads\/2020\/12\/logo-512.png\",\"contentUrl\":\"https:\/\/svetslik.si\/wp-content\/uploads\/2020\/12\/logo-512.png\",\"width\":512,\"height\":512,\"caption\":\"SvetSlik.si\"},\"image\":{\"@id\":\"https:\/\/svetslik.si\/en\/#\/schema\/logo\/image\/\"},\"sameAs\":[\"https:\/\/www.facebook.com\/svetslik.si\",\"https:\/\/x.com\/svetslik\",\"https:\/\/www.instagram.com\/svetslik.si\/\",\"https:\/\/www.linkedin.com\/company\/svetslik-si\"]}]}<\/script>\n<meta property=\"og:availability\" content=\"backorder\" \/>\n<meta property=\"product:availability\" content=\"available for order\" \/>\n<meta property=\"product:retailer_item_id\" content=\"629__\" \/>\n<meta property=\"product:condition\" content=\"new\" \/>\n<!-- \/ Yoast SEO Premium plugin. -->","yoast_head_json":{"title":"Fernando Botero - Seated Woman 2 - SVETSLIK.SI - 100% hand painted","description":"Fernando Botero - Seated Woman 2 - 100% hand-painted reproduction of famous paintings by famous artists. Wall art, abstract paintings and custom painted paintings by order.","robots":{"index":"index","follow":"follow","max-snippet":"max-snippet:-1","max-image-preview":"max-image-preview:large","max-video-preview":"max-video-preview:-1"},"canonical":"https:\/\/svetslik.si\/en\/fernando-botero-en\/seated-woman-2\/","og_locale":"en_US","og_type":"article","og_title":"Fernando Botero - Seated Woman 2","og_description":"100% ro\u010dno naslikane slike na platnu, reprodukcije znanih slikarjev in umetni\u0161ke slike po naro\u010dilu.","og_url":"https:\/\/svetslik.si\/en\/fernando-botero-en\/seated-woman-2\/","og_site_name":"SVETSLIK.SI","article_publisher":"https:\/\/www.facebook.com\/svetslik.si","article_modified_time":"2026-03-22T20:00:28+00:00","og_image":[{"width":468,"height":680,"url":"https:\/\/svetslik.si\/wp-content\/uploads\/2021\/08\/image_Seated-Woman-2_680.jpg","type":"image\/jpeg"}],"twitter_card":"summary_large_image","twitter_site":"@svetslik","twitter_misc":{"Availability":"On backorder"},"schema":{"@context":"https:\/\/schema.org","@graph":[{"@type":["WebPage","ItemPage"],"@id":"https:\/\/svetslik.si\/en\/fernando-botero-en\/seated-woman-2\/","url":"https:\/\/svetslik.si\/en\/fernando-botero-en\/seated-woman-2\/","name":"Fernando Botero - Seated Woman 2 - SVETSLIK.SI - 100% hand painted","isPartOf":{"@id":"https:\/\/svetslik.si\/en\/#website"},"primaryImageOfPage":{"@id":"https:\/\/svetslik.si\/en\/fernando-botero-en\/seated-woman-2\/#primaryimage"},"image":{"@id":"https:\/\/svetslik.si\/en\/fernando-botero-en\/seated-woman-2\/#primaryimage"},"thumbnailUrl":"https:\/\/svetslik.si\/wp-content\/uploads\/2021\/08\/image_Seated-Woman-2_680.jpg","datePublished":"2021-09-02T16:34:58+00:00","dateModified":"2026-03-22T20:00:28+00:00","description":"Fernando Botero - Seated Woman 2 - 100% hand-painted reproduction of famous paintings by famous artists. Wall art, abstract paintings and custom painted paintings by order.","breadcrumb":{"@id":"https:\/\/svetslik.si\/en\/fernando-botero-en\/seated-woman-2\/#breadcrumb"},"inLanguage":"en-US","potentialAction":[{"@type":"ReadAction","target":["https:\/\/svetslik.si\/en\/fernando-botero-en\/seated-woman-2\/"]}]},{"@type":"ImageObject","inLanguage":"en-US","@id":"https:\/\/svetslik.si\/en\/fernando-botero-en\/seated-woman-2\/#primaryimage","url":"https:\/\/svetslik.si\/wp-content\/uploads\/2021\/08\/image_Seated-Woman-2_680.jpg","contentUrl":"https:\/\/svetslik.si\/wp-content\/uploads\/2021\/08\/image_Seated-Woman-2_680.jpg","width":468,"height":680,"caption":"Fernando Botero - Seated Woman 2 - reproduction of famous painting by famous artist, hand painted painting on canvas"},{"@type":"BreadcrumbList","@id":"https:\/\/svetslik.si\/en\/fernando-botero-en\/seated-woman-2\/#breadcrumb","itemListElement":[{"@type":"ListItem","position":1,"name":"Wall art and paintings on canvas","item":"https:\/\/svetslik.si\/en\/"},{"@type":"ListItem","position":2,"name":"Sale of paintings","item":"https:\/\/svetslik.si\/prodaja-slik\/"},{"@type":"ListItem","position":3,"name":"Fernando Botero &#8211; Seated Woman 2"}]},{"@type":"WebSite","@id":"https:\/\/svetslik.si\/en\/#website","url":"https:\/\/svetslik.si\/en\/","name":"SVETSLIK.SI","description":"100% ru\u010dno naslikane reprodukcije slika poznatih slikara in umjetni\u010dke zidne slike na platnu.","publisher":{"@id":"https:\/\/svetslik.si\/en\/#organization"},"potentialAction":[{"@type":"SearchAction","target":{"@type":"EntryPoint","urlTemplate":"https:\/\/svetslik.si\/en\/?s={search_term_string}"},"query-input":{"@type":"PropertyValueSpecification","valueRequired":true,"valueName":"search_term_string"}}],"inLanguage":"en-US"},{"@type":"Organization","@id":"https:\/\/svetslik.si\/en\/#organization","name":"SvetSlik.si","url":"https:\/\/svetslik.si\/en\/","logo":{"@type":"ImageObject","inLanguage":"en-US","@id":"https:\/\/svetslik.si\/en\/#\/schema\/logo\/image\/","url":"https:\/\/svetslik.si\/wp-content\/uploads\/2020\/12\/logo-512.png","contentUrl":"https:\/\/svetslik.si\/wp-content\/uploads\/2020\/12\/logo-512.png","width":512,"height":512,"caption":"SvetSlik.si"},"image":{"@id":"https:\/\/svetslik.si\/en\/#\/schema\/logo\/image\/"},"sameAs":["https:\/\/www.facebook.com\/svetslik.si","https:\/\/x.com\/svetslik","https:\/\/www.instagram.com\/svetslik.si\/","https:\/\/www.linkedin.com\/company\/svetslik-si"]}]},"og_availability":"backorder","product_availability":"available for order","product_retailer_item_id":"629__","product_condition":"new"},"jetpack_sharing_enabled":true,"_links":{"self":[{"href":"https:\/\/svetslik.si\/en\/wp-json\/wp\/v2\/product\/85542","targetHints":{"allow":["GET"]}}],"collection":[{"href":"https:\/\/svetslik.si\/en\/wp-json\/wp\/v2\/product"}],"about":[{"href":"https:\/\/svetslik.si\/en\/wp-json\/wp\/v2\/types\/product"}],"wp:featuredmedia":[{"embeddable":true,"href":"https:\/\/svetslik.si\/en\/wp-json\/wp\/v2\/media\/79122"}],"wp:attachment":[{"href":"https:\/\/svetslik.si\/en\/wp-json\/wp\/v2\/media?parent=85542"}],"wp:term":[{"taxonomy":"product_brand","embeddable":true,"href":"https:\/\/svetslik.si\/en\/wp-json\/wp\/v2\/product_brand?post=85542"},{"taxonomy":"product_cat","embeddable":true,"href":"https:\/\/svetslik.si\/en\/wp-json\/wp\/v2\/product_cat?post=85542"},{"taxonomy":"product_tag","embeddable":true,"href":"https:\/\/svetslik.si\/en\/wp-json\/wp\/v2\/product_tag?post=85542"}],"curies":[{"name":"wp","href":"https:\/\/api.w.org\/{rel}","templated":true}]}}