{"id":85589,"date":"2021-09-02T18:36:06","date_gmt":"2021-09-02T16:36:06","guid":{"rendered":"https:\/\/svetslik.si\/uncategorized\/zascita-doma\/"},"modified":"2026-03-22T21:01:13","modified_gmt":"2026-03-22T20:01:13","slug":"energy-paintings-home-protection","status":"publish","type":"product","link":"https:\/\/svetslik.si\/en\/energy-paintings\/energy-paintings-home-protection\/","title":{"rendered":"Energy Paintings &#8211; Home Protection"},"content":{"rendered":"<div class=\"wpb-content-wrapper\">[vc_row][vc_column][vc_column_text]\n<h1>Energy pictures &#8211; Home protection<\/h1>\n<p>When we find ourselves in our home, how do we feel? Are we happy and satisfied with our home or do we feel unhappy and want to escape? Does staying at home relax us or are we constantly tense and nervous? All this is closely related to the energy state of our premises. If the energy state of the premises is disturbed, it can negatively affect our well-being, energy and deplete our resources. That is why it is extremely important to take care of the energy balance of our home.<\/p>\n<p>Energy painting &#8220;Protection of the home&#8221; is a special artistic creation dedicated to this very goal &#8211; creating a balanced energy state in your home. This image is designed to harmonize and vitalize your space and bring positive energy and protection. When you place it in your home, it will act as an energy shield that will gently transform your space into an oasis of positivity and well-being.<\/p>\n<p>The &#8220;Home Protection&#8221; energy picture has many positive effects on your life. First, it harmonizes the energy state of the rooms, which helps to restore balance and peace. This also affects your well-being and inner peace. Second, this image vitalizes the space, which contributes to greater creativity, productivity and sleep quality. Your home becomes a place where you can relax, develop your talents and ideas and enjoy a deep and quality sleep.<\/p>\n<p>In addition, the energy image &#8220;Protection of the home&#8221; also strengthens mutual relations in the home environment. The positive energy that the painting radiates promotes harmony, love and understanding between family members. This contributes to better communication, greater connection and a pleasant atmosphere in the home.<\/p>\n<p>If you want to improve the energy status of your home and create a pleasant, harmonious space, the &#8220;Home Protection&#8221; energy painting is the perfect choice. Her beauty and energy will inspire you and help you achieve inner peace and a higher quality of life. Choose this unique handmade painting and let the energetic power of art shape your home into a place of positive energy, protection and love.[\/vc_column_text][\/vc_column][\/vc_row][vc_row][vc_column]\t<div class=\"et-image-662 et-image     et_image_link\">\n\t\t<div class=\"et-image-inner \">\n\t\t\t\t\t\t\t<div class=\"et-image-thumb \">\n\t\t\t\t\t<img decoding=\"async\" width=\"1441\" height=\"2560\" src=\"https:\/\/svetslik.si\/wp-content\/uploads\/2021\/09\/20220501_101745-scaled.jpg\" class=\"attachment-full\" alt=\"Energy Paintings - Home Protection\" title=\"Energy Paintings - Home Protection\" srcset=\"https:\/\/svetslik.si\/wp-content\/uploads\/2021\/09\/20220501_101745-scaled.jpg 1441w, https:\/\/svetslik.si\/wp-content\/uploads\/2021\/09\/20220501_101745-600x1066.jpg 600w, https:\/\/svetslik.si\/wp-content\/uploads\/2021\/09\/20220501_101745-scaled-1200x2132.jpg 1200w, https:\/\/svetslik.si\/wp-content\/uploads\/2021\/09\/20220501_101745-169x300.jpg 169w, https:\/\/svetslik.si\/wp-content\/uploads\/2021\/09\/20220501_101745-577x1024.jpg 577w, https:\/\/svetslik.si\/wp-content\/uploads\/2021\/09\/20220501_101745-768x1364.jpg 768w, https:\/\/svetslik.si\/wp-content\/uploads\/2021\/09\/20220501_101745-865x1536.jpg 865w, https:\/\/svetslik.si\/wp-content\/uploads\/2021\/09\/20220501_101745-1153x2048.jpg 1153w, https:\/\/svetslik.si\/wp-content\/uploads\/2021\/09\/20220501_101745-7x12.jpg 7w, https:\/\/svetslik.si\/wp-content\/uploads\/2021\/09\/20220501_101745-84x150.jpg 84w, https:\/\/svetslik.si\/wp-content\/uploads\/2021\/09\/20220501_101745-1320x2345.jpg 1320w, https:\/\/svetslik.si\/wp-content\/uploads\/2021\/09\/20220501_101745-900x1599.jpg 900w\" sizes=\"(max-width: 1441px) 100vw, 1441px\" \/>\t\t\t\t<\/div>\n\t\t\t\t\t\t\t\t\t\t\t<\/div>\n\t<\/div>\n  [\/vc_column][\/vc_row]\n<\/div>","protected":false},"excerpt":{"rendered":"<p>[vc_row][vc_column][vc_column_text] Energy pictures &#8211; Home protection When we find ourselves in our home, how do we feel? Are we happy and satisfied with our home or do we feel unhappy and want to escape? Does staying at home relax us or are we constantly tense and nervous? All this is [&hellip;]<\/p>\n","protected":false},"featured_media":78420,"template":"","meta":{"_acf_changed":false},"product_brand":[],"product_cat":[9786,9787],"product_tag":[9835],"class_list":{"0":"post-85589","1":"product","2":"type-product","3":"status-publish","4":"has-post-thumbnail","6":"product_cat-energy-art-paintings","7":"product_cat-energy-paintings","8":"product_tag-energy-painting","9":"pa_dimenzija-100-x-100-cm-en","10":"pa_dimenzija-60-x-60-cm-en","11":"pa_dimenzija-80-x-80-cm-en","12":"pa_oblika-square","13":"pa_okvir-without-frame","14":"pa_podokvir-without","15":"pa_podokvir-yes","17":"first","18":"onbackorder","19":"purchasable","20":"product-type-variable","21":"has-default-attributes"},"acf":[],"yoast_head":"<!-- This site is optimized with the Yoast SEO Premium plugin v26.0 (Yoast SEO v27.2) - https:\/\/yoast.com\/product\/yoast-seo-premium-wordpress\/ -->\n<title>Energy Paintings - Home Protection - SVETSLIK.SI - 100% hand painted<\/title>\n<meta name=\"description\" content=\"100 % hand-painted energy painting on canvas - Energy Paintings - Home Protection -.\" \/>\n<meta name=\"robots\" content=\"index, follow, max-snippet:-1, max-image-preview:large, max-video-preview:-1\" \/>\n<link rel=\"canonical\" href=\"https:\/\/svetslik.si\/en\/energy-paintings\/energy-paintings-home-protection\/\" \/>\n<meta property=\"og:locale\" content=\"en_US\" \/>\n<meta property=\"og:type\" content=\"article\" \/>\n<meta property=\"og:title\" content=\"Energy Paintings - Home Protection\" \/>\n<meta property=\"og:description\" content=\"100% ro\u010dno naslikane slike na platnu, reprodukcije znanih slikarjev in umetni\u0161ke slike po naro\u010dilu.\" \/>\n<meta property=\"og:url\" content=\"https:\/\/svetslik.si\/en\/energy-paintings\/energy-paintings-home-protection\/\" \/>\n<meta property=\"og:site_name\" content=\"SVETSLIK.SI\" \/>\n<meta property=\"article:publisher\" content=\"https:\/\/www.facebook.com\/svetslik.si\" \/>\n<meta property=\"article:modified_time\" content=\"2026-03-22T20:01:13+00:00\" \/>\n<meta property=\"og:image\" content=\"https:\/\/svetslik.si\/wp-content\/uploads\/2021\/08\/image_zascita-doma_680.jpg\" \/>\n\t<meta property=\"og:image:width\" content=\"680\" \/>\n\t<meta property=\"og:image:height\" content=\"680\" \/>\n\t<meta property=\"og:image:type\" content=\"image\/jpeg\" \/>\n<meta name=\"twitter:card\" content=\"summary_large_image\" \/>\n<meta name=\"twitter:site\" content=\"@svetslik\" \/>\n<meta name=\"twitter:label1\" content=\"Availability\" \/>\n\t<meta name=\"twitter:data1\" content=\"On backorder\" \/>\n<script type=\"application\/ld+json\" class=\"yoast-schema-graph\">{\"@context\":\"https:\/\/schema.org\",\"@graph\":[{\"@type\":[\"WebPage\",\"ItemPage\"],\"@id\":\"https:\/\/svetslik.si\/en\/energy-paintings\/energy-paintings-home-protection\/\",\"url\":\"https:\/\/svetslik.si\/en\/energy-paintings\/energy-paintings-home-protection\/\",\"name\":\"Energy Paintings - Home Protection - SVETSLIK.SI - 100% hand painted\",\"isPartOf\":{\"@id\":\"https:\/\/svetslik.si\/en\/#website\"},\"primaryImageOfPage\":{\"@id\":\"https:\/\/svetslik.si\/en\/energy-paintings\/energy-paintings-home-protection\/#primaryimage\"},\"image\":{\"@id\":\"https:\/\/svetslik.si\/en\/energy-paintings\/energy-paintings-home-protection\/#primaryimage\"},\"thumbnailUrl\":\"https:\/\/svetslik.si\/wp-content\/uploads\/2021\/08\/image_zascita-doma_680.jpg\",\"datePublished\":\"2021-09-02T16:36:06+00:00\",\"dateModified\":\"2026-03-22T20:01:13+00:00\",\"description\":\"100 % hand-painted energy painting on canvas - Energy Paintings - Home Protection -.\",\"breadcrumb\":{\"@id\":\"https:\/\/svetslik.si\/en\/energy-paintings\/energy-paintings-home-protection\/#breadcrumb\"},\"inLanguage\":\"en-US\",\"potentialAction\":[{\"@type\":\"ReadAction\",\"target\":[\"https:\/\/svetslik.si\/en\/energy-paintings\/energy-paintings-home-protection\/\"]}]},{\"@type\":\"ImageObject\",\"inLanguage\":\"en-US\",\"@id\":\"https:\/\/svetslik.si\/en\/energy-paintings\/energy-paintings-home-protection\/#primaryimage\",\"url\":\"https:\/\/svetslik.si\/wp-content\/uploads\/2021\/08\/image_zascita-doma_680.jpg\",\"contentUrl\":\"https:\/\/svetslik.si\/wp-content\/uploads\/2021\/08\/image_zascita-doma_680.jpg\",\"width\":680,\"height\":680,\"caption\":\"Energy paintings, canvas wall paintings, wall art, artistic paintings, modern paintings, ambient paintings, abstract paintings, decorative wall paintings, buying and selling paintings, hand-drawn paintings, hand-painted paintings - Home Protection\"},{\"@type\":\"BreadcrumbList\",\"@id\":\"https:\/\/svetslik.si\/en\/energy-paintings\/energy-paintings-home-protection\/#breadcrumb\",\"itemListElement\":[{\"@type\":\"ListItem\",\"position\":1,\"name\":\"Wall art and paintings on canvas\",\"item\":\"https:\/\/svetslik.si\/en\/\"},{\"@type\":\"ListItem\",\"position\":2,\"name\":\"Sale of paintings\",\"item\":\"https:\/\/svetslik.si\/prodaja-slik\/\"},{\"@type\":\"ListItem\",\"position\":3,\"name\":\"Energy Paintings &#8211; Home Protection\"}]},{\"@type\":\"WebSite\",\"@id\":\"https:\/\/svetslik.si\/en\/#website\",\"url\":\"https:\/\/svetslik.si\/en\/\",\"name\":\"SVETSLIK.SI\",\"description\":\"100% ru\u010dno naslikane reprodukcije slika poznatih slikara in umjetni\u010dke zidne slike na platnu.\",\"publisher\":{\"@id\":\"https:\/\/svetslik.si\/en\/#organization\"},\"potentialAction\":[{\"@type\":\"SearchAction\",\"target\":{\"@type\":\"EntryPoint\",\"urlTemplate\":\"https:\/\/svetslik.si\/en\/?s={search_term_string}\"},\"query-input\":{\"@type\":\"PropertyValueSpecification\",\"valueRequired\":true,\"valueName\":\"search_term_string\"}}],\"inLanguage\":\"en-US\"},{\"@type\":\"Organization\",\"@id\":\"https:\/\/svetslik.si\/en\/#organization\",\"name\":\"SvetSlik.si\",\"url\":\"https:\/\/svetslik.si\/en\/\",\"logo\":{\"@type\":\"ImageObject\",\"inLanguage\":\"en-US\",\"@id\":\"https:\/\/svetslik.si\/en\/#\/schema\/logo\/image\/\",\"url\":\"https:\/\/svetslik.si\/wp-content\/uploads\/2020\/12\/logo-512.png\",\"contentUrl\":\"https:\/\/svetslik.si\/wp-content\/uploads\/2020\/12\/logo-512.png\",\"width\":512,\"height\":512,\"caption\":\"SvetSlik.si\"},\"image\":{\"@id\":\"https:\/\/svetslik.si\/en\/#\/schema\/logo\/image\/\"},\"sameAs\":[\"https:\/\/www.facebook.com\/svetslik.si\",\"https:\/\/x.com\/svetslik\",\"https:\/\/www.instagram.com\/svetslik.si\/\",\"https:\/\/www.linkedin.com\/company\/svetslik-si\"]}]}<\/script>\n<meta property=\"og:availability\" content=\"backorder\" \/>\n<meta property=\"product:availability\" content=\"available for order\" \/>\n<meta property=\"product:retailer_item_id\" content=\"637__\" \/>\n<meta property=\"product:condition\" content=\"new\" \/>\n<!-- \/ Yoast SEO Premium plugin. -->","yoast_head_json":{"title":"Energy Paintings - Home Protection - SVETSLIK.SI - 100% hand painted","description":"100 % hand-painted energy painting on canvas - Energy Paintings - Home Protection -.","robots":{"index":"index","follow":"follow","max-snippet":"max-snippet:-1","max-image-preview":"max-image-preview:large","max-video-preview":"max-video-preview:-1"},"canonical":"https:\/\/svetslik.si\/en\/energy-paintings\/energy-paintings-home-protection\/","og_locale":"en_US","og_type":"article","og_title":"Energy Paintings - Home Protection","og_description":"100% ro\u010dno naslikane slike na platnu, reprodukcije znanih slikarjev in umetni\u0161ke slike po naro\u010dilu.","og_url":"https:\/\/svetslik.si\/en\/energy-paintings\/energy-paintings-home-protection\/","og_site_name":"SVETSLIK.SI","article_publisher":"https:\/\/www.facebook.com\/svetslik.si","article_modified_time":"2026-03-22T20:01:13+00:00","og_image":[{"width":680,"height":680,"url":"https:\/\/svetslik.si\/wp-content\/uploads\/2021\/08\/image_zascita-doma_680.jpg","type":"image\/jpeg"}],"twitter_card":"summary_large_image","twitter_site":"@svetslik","twitter_misc":{"Availability":"On backorder"},"schema":{"@context":"https:\/\/schema.org","@graph":[{"@type":["WebPage","ItemPage"],"@id":"https:\/\/svetslik.si\/en\/energy-paintings\/energy-paintings-home-protection\/","url":"https:\/\/svetslik.si\/en\/energy-paintings\/energy-paintings-home-protection\/","name":"Energy Paintings - Home Protection - SVETSLIK.SI - 100% hand painted","isPartOf":{"@id":"https:\/\/svetslik.si\/en\/#website"},"primaryImageOfPage":{"@id":"https:\/\/svetslik.si\/en\/energy-paintings\/energy-paintings-home-protection\/#primaryimage"},"image":{"@id":"https:\/\/svetslik.si\/en\/energy-paintings\/energy-paintings-home-protection\/#primaryimage"},"thumbnailUrl":"https:\/\/svetslik.si\/wp-content\/uploads\/2021\/08\/image_zascita-doma_680.jpg","datePublished":"2021-09-02T16:36:06+00:00","dateModified":"2026-03-22T20:01:13+00:00","description":"100 % hand-painted energy painting on canvas - Energy Paintings - Home Protection -.","breadcrumb":{"@id":"https:\/\/svetslik.si\/en\/energy-paintings\/energy-paintings-home-protection\/#breadcrumb"},"inLanguage":"en-US","potentialAction":[{"@type":"ReadAction","target":["https:\/\/svetslik.si\/en\/energy-paintings\/energy-paintings-home-protection\/"]}]},{"@type":"ImageObject","inLanguage":"en-US","@id":"https:\/\/svetslik.si\/en\/energy-paintings\/energy-paintings-home-protection\/#primaryimage","url":"https:\/\/svetslik.si\/wp-content\/uploads\/2021\/08\/image_zascita-doma_680.jpg","contentUrl":"https:\/\/svetslik.si\/wp-content\/uploads\/2021\/08\/image_zascita-doma_680.jpg","width":680,"height":680,"caption":"Energy paintings, canvas wall paintings, wall art, artistic paintings, modern paintings, ambient paintings, abstract paintings, decorative wall paintings, buying and selling paintings, hand-drawn paintings, hand-painted paintings - Home Protection"},{"@type":"BreadcrumbList","@id":"https:\/\/svetslik.si\/en\/energy-paintings\/energy-paintings-home-protection\/#breadcrumb","itemListElement":[{"@type":"ListItem","position":1,"name":"Wall art and paintings on canvas","item":"https:\/\/svetslik.si\/en\/"},{"@type":"ListItem","position":2,"name":"Sale of paintings","item":"https:\/\/svetslik.si\/prodaja-slik\/"},{"@type":"ListItem","position":3,"name":"Energy Paintings &#8211; Home Protection"}]},{"@type":"WebSite","@id":"https:\/\/svetslik.si\/en\/#website","url":"https:\/\/svetslik.si\/en\/","name":"SVETSLIK.SI","description":"100% ru\u010dno naslikane reprodukcije slika poznatih slikara in umjetni\u010dke zidne slike na platnu.","publisher":{"@id":"https:\/\/svetslik.si\/en\/#organization"},"potentialAction":[{"@type":"SearchAction","target":{"@type":"EntryPoint","urlTemplate":"https:\/\/svetslik.si\/en\/?s={search_term_string}"},"query-input":{"@type":"PropertyValueSpecification","valueRequired":true,"valueName":"search_term_string"}}],"inLanguage":"en-US"},{"@type":"Organization","@id":"https:\/\/svetslik.si\/en\/#organization","name":"SvetSlik.si","url":"https:\/\/svetslik.si\/en\/","logo":{"@type":"ImageObject","inLanguage":"en-US","@id":"https:\/\/svetslik.si\/en\/#\/schema\/logo\/image\/","url":"https:\/\/svetslik.si\/wp-content\/uploads\/2020\/12\/logo-512.png","contentUrl":"https:\/\/svetslik.si\/wp-content\/uploads\/2020\/12\/logo-512.png","width":512,"height":512,"caption":"SvetSlik.si"},"image":{"@id":"https:\/\/svetslik.si\/en\/#\/schema\/logo\/image\/"},"sameAs":["https:\/\/www.facebook.com\/svetslik.si","https:\/\/x.com\/svetslik","https:\/\/www.instagram.com\/svetslik.si\/","https:\/\/www.linkedin.com\/company\/svetslik-si"]}]},"og_availability":"backorder","product_availability":"available for order","product_retailer_item_id":"637__","product_condition":"new"},"jetpack_sharing_enabled":true,"_links":{"self":[{"href":"https:\/\/svetslik.si\/en\/wp-json\/wp\/v2\/product\/85589","targetHints":{"allow":["GET"]}}],"collection":[{"href":"https:\/\/svetslik.si\/en\/wp-json\/wp\/v2\/product"}],"about":[{"href":"https:\/\/svetslik.si\/en\/wp-json\/wp\/v2\/types\/product"}],"wp:featuredmedia":[{"embeddable":true,"href":"https:\/\/svetslik.si\/en\/wp-json\/wp\/v2\/media\/78420"}],"wp:attachment":[{"href":"https:\/\/svetslik.si\/en\/wp-json\/wp\/v2\/media?parent=85589"}],"wp:term":[{"taxonomy":"product_brand","embeddable":true,"href":"https:\/\/svetslik.si\/en\/wp-json\/wp\/v2\/product_brand?post=85589"},{"taxonomy":"product_cat","embeddable":true,"href":"https:\/\/svetslik.si\/en\/wp-json\/wp\/v2\/product_cat?post=85589"},{"taxonomy":"product_tag","embeddable":true,"href":"https:\/\/svetslik.si\/en\/wp-json\/wp\/v2\/product_tag?post=85589"}],"curies":[{"name":"wp","href":"https:\/\/api.w.org\/{rel}","templated":true}]}}