{"id":85629,"date":"2021-09-02T18:36:49","date_gmt":"2021-09-02T16:36:49","guid":{"rendered":"https:\/\/svetslik.si\/uncategorized\/moderna-slika-zgodbe-ii\/"},"modified":"2024-07-11T14:07:41","modified_gmt":"2024-07-11T12:07:41","slug":"paintings-stories-ii","status":"publish","type":"product","link":"https:\/\/svetslik.si\/en\/wall-art-paintings-on-canvas-single-panel\/paintings-stories-ii\/","title":{"rendered":"Paintings &#8211; Stories II"},"content":{"rendered":"<div class=\"wpb-content-wrapper\">[vc_row][vc_column]\t<div class=\"et-image-965 et-image  full   et_image_link\">\n\t\t<div class=\"et-image-inner \">\n\t\t\t\t\t\t\t<a  class=\"mfp-image et-lightbox\" data-mfp-type=\"image\" data-mfp-src=\"https:\/\/svetslik.si\/wp-content\/uploads\/2021\/09\/Rocno-naslikane-umetniske-slike-na-platnu.-Moderne-abstraktne-dekorativne-slike-za-na-steno-4-scaled.jpg\"  title=\"Hand-Painted Art Canvas Paintings &#8211; Modern, Abstract, Decorative Paintings for the Wall 4\">\n\t\t\t\t\t\t\t<div class=\"et-image-thumb \">\n\t\t\t\t\t<img decoding=\"async\" width=\"1920\" height=\"2560\" src=\"https:\/\/svetslik.si\/wp-content\/uploads\/2021\/09\/Rocno-naslikane-umetniske-slike-na-platnu.-Moderne-abstraktne-dekorativne-slike-za-na-steno-4-scaled.jpg\" class=\"attachment-full\" alt=\"Hand-Painted Art Canvas Paintings - Modern, Abstract, Decorative Paintings for the Wall 4\" title=\"Hand-Painted Art Canvas Paintings - Modern, Abstract, Decorative Paintings for the Wall 4\" srcset=\"https:\/\/svetslik.si\/wp-content\/uploads\/2021\/09\/Rocno-naslikane-umetniske-slike-na-platnu.-Moderne-abstraktne-dekorativne-slike-za-na-steno-4-scaled.jpg 1920w, https:\/\/svetslik.si\/wp-content\/uploads\/2021\/09\/Rocno-naslikane-umetniske-slike-na-platnu.-Moderne-abstraktne-dekorativne-slike-za-na-steno-4-600x800.jpg 600w, https:\/\/svetslik.si\/wp-content\/uploads\/2021\/09\/Rocno-naslikane-umetniske-slike-na-platnu.-Moderne-abstraktne-dekorativne-slike-za-na-steno-4-scaled-1200x1600.jpg 1200w, https:\/\/svetslik.si\/wp-content\/uploads\/2021\/09\/Rocno-naslikane-umetniske-slike-na-platnu.-Moderne-abstraktne-dekorativne-slike-za-na-steno-4-225x300.jpg 225w, https:\/\/svetslik.si\/wp-content\/uploads\/2021\/09\/Rocno-naslikane-umetniske-slike-na-platnu.-Moderne-abstraktne-dekorativne-slike-za-na-steno-4-768x1024.jpg 768w, https:\/\/svetslik.si\/wp-content\/uploads\/2021\/09\/Rocno-naslikane-umetniske-slike-na-platnu.-Moderne-abstraktne-dekorativne-slike-za-na-steno-4-1152x1536.jpg 1152w, https:\/\/svetslik.si\/wp-content\/uploads\/2021\/09\/Rocno-naslikane-umetniske-slike-na-platnu.-Moderne-abstraktne-dekorativne-slike-za-na-steno-4-1536x2048.jpg 1536w, https:\/\/svetslik.si\/wp-content\/uploads\/2021\/09\/Rocno-naslikane-umetniske-slike-na-platnu.-Moderne-abstraktne-dekorativne-slike-za-na-steno-4-113x150.jpg 113w, https:\/\/svetslik.si\/wp-content\/uploads\/2021\/09\/Rocno-naslikane-umetniske-slike-na-platnu.-Moderne-abstraktne-dekorativne-slike-za-na-steno-4-1320x1760.jpg 1320w, https:\/\/svetslik.si\/wp-content\/uploads\/2021\/09\/Rocno-naslikane-umetniske-slike-na-platnu.-Moderne-abstraktne-dekorativne-slike-za-na-steno-4-900x1200.jpg 900w\" sizes=\"(max-width: 1920px) 100vw, 1920px\" \/>\t\t\t\t<\/div>\n\t\t\t\t\t\t\t<\/a>\n\t\t\t\t\t\t\t\t\t\t\t<\/div>\n\t<\/div>\n  [\/vc_column][\/vc_row][vc_row][vc_column][vc_column_text]\n<\/div>","protected":false},"excerpt":{"rendered":"<p>[vc_row][vc_column][\/vc_column][\/vc_row][vc_row][vc_column][vc_column_text]<\/p>\n","protected":false},"featured_media":79179,"template":"","meta":{"_acf_changed":false},"product_brand":[],"product_cat":[9818],"product_tag":[9825,9847,9833,9876,9882,9872,9874,9859,9878,9873,9871,9879],"class_list":{"0":"post-85629","1":"product","2":"type-product","3":"status-publish","4":"has-post-thumbnail","6":"product_cat-wall-art-paintings-on-canvas-single-panel","7":"product_tag-abstract-wall-art","8":"product_tag-modern-paintings","9":"product_tag-modern-wall-art","10":"product_tag-online-gallery","11":"product_tag-paintings","12":"product_tag-paintings-for-livingroom","13":"product_tag-paintings-for-the-living-room","14":"product_tag-sale-of-paintings","15":"product_tag-wall-art-en","16":"product_tag-wall-art","17":"product_tag-wall-art-on-canvas","18":"product_tag-wall-artwork","19":"pa_dimenzija-40-x-60-cm-en","20":"pa_dimenzija-60-x-90-cm-en","21":"pa_dimenzija-90-x-120-cm-en","22":"pa_oblika-vertical","23":"pa_okvir-without-frame","24":"pa_podokvir-without","25":"pa_podokvir-yes","27":"first","28":"onbackorder","29":"purchasable","30":"product-type-variable","31":"has-default-attributes"},"acf":[],"yoast_head":"<!-- This site is optimized with the Yoast SEO Premium plugin v26.0 (Yoast SEO v27.2) - https:\/\/yoast.com\/product\/yoast-seo-premium-wordpress\/ -->\n<title>Paintings - Stories II - SVETSLIK.SI - 100% hand painted<\/title>\n<meta name=\"description\" content=\"Paintings - Stories II - 100% hand-painted painting on canvas. Wall art, abstract paintings, reproduction of famous painting and custom paintings made by order.\" \/>\n<meta name=\"robots\" content=\"index, follow, max-snippet:-1, max-image-preview:large, max-video-preview:-1\" \/>\n<link rel=\"canonical\" href=\"https:\/\/svetslik.si\/en\/wall-art-paintings-on-canvas-single-panel\/paintings-stories-ii\/\" \/>\n<meta property=\"og:locale\" content=\"en_US\" \/>\n<meta property=\"og:type\" content=\"article\" \/>\n<meta property=\"og:title\" content=\"Paintings - Stories II\" \/>\n<meta property=\"og:description\" content=\"100% ro\u010dno naslikane slike na platnu, reprodukcije znanih slikarjev in umetni\u0161ke slike po naro\u010dilu.\" \/>\n<meta property=\"og:url\" content=\"https:\/\/svetslik.si\/en\/wall-art-paintings-on-canvas-single-panel\/paintings-stories-ii\/\" \/>\n<meta property=\"og:site_name\" content=\"SVETSLIK.SI\" \/>\n<meta property=\"article:publisher\" content=\"https:\/\/www.facebook.com\/svetslik.si\" \/>\n<meta property=\"article:modified_time\" content=\"2024-07-11T12:07:41+00:00\" \/>\n<meta property=\"og:image\" content=\"https:\/\/svetslik.si\/wp-content\/uploads\/2021\/08\/image_Slika-Zgodbe-II_680.jpg\" \/>\n\t<meta property=\"og:image:width\" content=\"391\" \/>\n\t<meta property=\"og:image:height\" content=\"680\" \/>\n\t<meta property=\"og:image:type\" content=\"image\/jpeg\" \/>\n<meta name=\"twitter:card\" content=\"summary_large_image\" \/>\n<meta name=\"twitter:site\" content=\"@svetslik\" \/>\n<meta name=\"twitter:label1\" content=\"Availability\" \/>\n\t<meta name=\"twitter:data1\" content=\"On backorder\" \/>\n<script type=\"application\/ld+json\" class=\"yoast-schema-graph\">{\"@context\":\"https:\/\/schema.org\",\"@graph\":[{\"@type\":[\"WebPage\",\"ItemPage\"],\"@id\":\"https:\/\/svetslik.si\/en\/wall-art-paintings-on-canvas-single-panel\/paintings-stories-ii\/\",\"url\":\"https:\/\/svetslik.si\/en\/wall-art-paintings-on-canvas-single-panel\/paintings-stories-ii\/\",\"name\":\"Paintings - Stories II - SVETSLIK.SI - 100% hand painted\",\"isPartOf\":{\"@id\":\"https:\/\/svetslik.si\/en\/#website\"},\"primaryImageOfPage\":{\"@id\":\"https:\/\/svetslik.si\/en\/wall-art-paintings-on-canvas-single-panel\/paintings-stories-ii\/#primaryimage\"},\"image\":{\"@id\":\"https:\/\/svetslik.si\/en\/wall-art-paintings-on-canvas-single-panel\/paintings-stories-ii\/#primaryimage\"},\"thumbnailUrl\":\"https:\/\/svetslik.si\/wp-content\/uploads\/2021\/08\/image_Slika-Zgodbe-II_680.jpg\",\"datePublished\":\"2021-09-02T16:36:49+00:00\",\"dateModified\":\"2024-07-11T12:07:41+00:00\",\"description\":\"Paintings - Stories II - 100% hand-painted painting on canvas. Wall art, abstract paintings, reproduction of famous painting and custom paintings made by order.\",\"breadcrumb\":{\"@id\":\"https:\/\/svetslik.si\/en\/wall-art-paintings-on-canvas-single-panel\/paintings-stories-ii\/#breadcrumb\"},\"inLanguage\":\"en-US\",\"potentialAction\":[{\"@type\":\"ReadAction\",\"target\":[\"https:\/\/svetslik.si\/en\/wall-art-paintings-on-canvas-single-panel\/paintings-stories-ii\/\"]}]},{\"@type\":\"ImageObject\",\"inLanguage\":\"en-US\",\"@id\":\"https:\/\/svetslik.si\/en\/wall-art-paintings-on-canvas-single-panel\/paintings-stories-ii\/#primaryimage\",\"url\":\"https:\/\/svetslik.si\/wp-content\/uploads\/2021\/08\/image_Slika-Zgodbe-II_680.jpg\",\"contentUrl\":\"https:\/\/svetslik.si\/wp-content\/uploads\/2021\/08\/image_Slika-Zgodbe-II_680.jpg\",\"width\":391,\"height\":680,\"caption\":\"Painting: Stories II\"},{\"@type\":\"BreadcrumbList\",\"@id\":\"https:\/\/svetslik.si\/en\/wall-art-paintings-on-canvas-single-panel\/paintings-stories-ii\/#breadcrumb\",\"itemListElement\":[{\"@type\":\"ListItem\",\"position\":1,\"name\":\"Wall art and paintings on canvas\",\"item\":\"https:\/\/svetslik.si\/en\/\"},{\"@type\":\"ListItem\",\"position\":2,\"name\":\"Sale of paintings\",\"item\":\"https:\/\/svetslik.si\/prodaja-slik\/\"},{\"@type\":\"ListItem\",\"position\":3,\"name\":\"Paintings &#8211; Stories II\"}]},{\"@type\":\"WebSite\",\"@id\":\"https:\/\/svetslik.si\/en\/#website\",\"url\":\"https:\/\/svetslik.si\/en\/\",\"name\":\"SVETSLIK.SI\",\"description\":\"100% ru\u010dno naslikane reprodukcije slika poznatih slikara in umjetni\u010dke zidne slike na platnu.\",\"publisher\":{\"@id\":\"https:\/\/svetslik.si\/en\/#organization\"},\"potentialAction\":[{\"@type\":\"SearchAction\",\"target\":{\"@type\":\"EntryPoint\",\"urlTemplate\":\"https:\/\/svetslik.si\/en\/?s={search_term_string}\"},\"query-input\":{\"@type\":\"PropertyValueSpecification\",\"valueRequired\":true,\"valueName\":\"search_term_string\"}}],\"inLanguage\":\"en-US\"},{\"@type\":\"Organization\",\"@id\":\"https:\/\/svetslik.si\/en\/#organization\",\"name\":\"SvetSlik.si\",\"url\":\"https:\/\/svetslik.si\/en\/\",\"logo\":{\"@type\":\"ImageObject\",\"inLanguage\":\"en-US\",\"@id\":\"https:\/\/svetslik.si\/en\/#\/schema\/logo\/image\/\",\"url\":\"https:\/\/svetslik.si\/wp-content\/uploads\/2020\/12\/logo-512.png\",\"contentUrl\":\"https:\/\/svetslik.si\/wp-content\/uploads\/2020\/12\/logo-512.png\",\"width\":512,\"height\":512,\"caption\":\"SvetSlik.si\"},\"image\":{\"@id\":\"https:\/\/svetslik.si\/en\/#\/schema\/logo\/image\/\"},\"sameAs\":[\"https:\/\/www.facebook.com\/svetslik.si\",\"https:\/\/x.com\/svetslik\",\"https:\/\/www.instagram.com\/svetslik.si\/\",\"https:\/\/www.linkedin.com\/company\/svetslik-si\"]}]}<\/script>\n<meta property=\"og:availability\" content=\"backorder\" \/>\n<meta property=\"product:availability\" content=\"available for order\" \/>\n<meta property=\"product:retailer_item_id\" content=\"649__\" \/>\n<meta property=\"product:condition\" content=\"new\" \/>\n<!-- \/ Yoast SEO Premium plugin. -->","yoast_head_json":{"title":"Paintings - Stories II - SVETSLIK.SI - 100% hand painted","description":"Paintings - Stories II - 100% hand-painted painting on canvas. Wall art, abstract paintings, reproduction of famous painting and custom paintings made by order.","robots":{"index":"index","follow":"follow","max-snippet":"max-snippet:-1","max-image-preview":"max-image-preview:large","max-video-preview":"max-video-preview:-1"},"canonical":"https:\/\/svetslik.si\/en\/wall-art-paintings-on-canvas-single-panel\/paintings-stories-ii\/","og_locale":"en_US","og_type":"article","og_title":"Paintings - Stories II","og_description":"100% ro\u010dno naslikane slike na platnu, reprodukcije znanih slikarjev in umetni\u0161ke slike po naro\u010dilu.","og_url":"https:\/\/svetslik.si\/en\/wall-art-paintings-on-canvas-single-panel\/paintings-stories-ii\/","og_site_name":"SVETSLIK.SI","article_publisher":"https:\/\/www.facebook.com\/svetslik.si","article_modified_time":"2024-07-11T12:07:41+00:00","og_image":[{"width":391,"height":680,"url":"https:\/\/svetslik.si\/wp-content\/uploads\/2021\/08\/image_Slika-Zgodbe-II_680.jpg","type":"image\/jpeg"}],"twitter_card":"summary_large_image","twitter_site":"@svetslik","twitter_misc":{"Availability":"On backorder"},"schema":{"@context":"https:\/\/schema.org","@graph":[{"@type":["WebPage","ItemPage"],"@id":"https:\/\/svetslik.si\/en\/wall-art-paintings-on-canvas-single-panel\/paintings-stories-ii\/","url":"https:\/\/svetslik.si\/en\/wall-art-paintings-on-canvas-single-panel\/paintings-stories-ii\/","name":"Paintings - Stories II - SVETSLIK.SI - 100% hand painted","isPartOf":{"@id":"https:\/\/svetslik.si\/en\/#website"},"primaryImageOfPage":{"@id":"https:\/\/svetslik.si\/en\/wall-art-paintings-on-canvas-single-panel\/paintings-stories-ii\/#primaryimage"},"image":{"@id":"https:\/\/svetslik.si\/en\/wall-art-paintings-on-canvas-single-panel\/paintings-stories-ii\/#primaryimage"},"thumbnailUrl":"https:\/\/svetslik.si\/wp-content\/uploads\/2021\/08\/image_Slika-Zgodbe-II_680.jpg","datePublished":"2021-09-02T16:36:49+00:00","dateModified":"2024-07-11T12:07:41+00:00","description":"Paintings - Stories II - 100% hand-painted painting on canvas. Wall art, abstract paintings, reproduction of famous painting and custom paintings made by order.","breadcrumb":{"@id":"https:\/\/svetslik.si\/en\/wall-art-paintings-on-canvas-single-panel\/paintings-stories-ii\/#breadcrumb"},"inLanguage":"en-US","potentialAction":[{"@type":"ReadAction","target":["https:\/\/svetslik.si\/en\/wall-art-paintings-on-canvas-single-panel\/paintings-stories-ii\/"]}]},{"@type":"ImageObject","inLanguage":"en-US","@id":"https:\/\/svetslik.si\/en\/wall-art-paintings-on-canvas-single-panel\/paintings-stories-ii\/#primaryimage","url":"https:\/\/svetslik.si\/wp-content\/uploads\/2021\/08\/image_Slika-Zgodbe-II_680.jpg","contentUrl":"https:\/\/svetslik.si\/wp-content\/uploads\/2021\/08\/image_Slika-Zgodbe-II_680.jpg","width":391,"height":680,"caption":"Painting: Stories II"},{"@type":"BreadcrumbList","@id":"https:\/\/svetslik.si\/en\/wall-art-paintings-on-canvas-single-panel\/paintings-stories-ii\/#breadcrumb","itemListElement":[{"@type":"ListItem","position":1,"name":"Wall art and paintings on canvas","item":"https:\/\/svetslik.si\/en\/"},{"@type":"ListItem","position":2,"name":"Sale of paintings","item":"https:\/\/svetslik.si\/prodaja-slik\/"},{"@type":"ListItem","position":3,"name":"Paintings &#8211; Stories II"}]},{"@type":"WebSite","@id":"https:\/\/svetslik.si\/en\/#website","url":"https:\/\/svetslik.si\/en\/","name":"SVETSLIK.SI","description":"100% ru\u010dno naslikane reprodukcije slika poznatih slikara in umjetni\u010dke zidne slike na platnu.","publisher":{"@id":"https:\/\/svetslik.si\/en\/#organization"},"potentialAction":[{"@type":"SearchAction","target":{"@type":"EntryPoint","urlTemplate":"https:\/\/svetslik.si\/en\/?s={search_term_string}"},"query-input":{"@type":"PropertyValueSpecification","valueRequired":true,"valueName":"search_term_string"}}],"inLanguage":"en-US"},{"@type":"Organization","@id":"https:\/\/svetslik.si\/en\/#organization","name":"SvetSlik.si","url":"https:\/\/svetslik.si\/en\/","logo":{"@type":"ImageObject","inLanguage":"en-US","@id":"https:\/\/svetslik.si\/en\/#\/schema\/logo\/image\/","url":"https:\/\/svetslik.si\/wp-content\/uploads\/2020\/12\/logo-512.png","contentUrl":"https:\/\/svetslik.si\/wp-content\/uploads\/2020\/12\/logo-512.png","width":512,"height":512,"caption":"SvetSlik.si"},"image":{"@id":"https:\/\/svetslik.si\/en\/#\/schema\/logo\/image\/"},"sameAs":["https:\/\/www.facebook.com\/svetslik.si","https:\/\/x.com\/svetslik","https:\/\/www.instagram.com\/svetslik.si\/","https:\/\/www.linkedin.com\/company\/svetslik-si"]}]},"og_availability":"backorder","product_availability":"available for order","product_retailer_item_id":"649__","product_condition":"new"},"jetpack_sharing_enabled":true,"_links":{"self":[{"href":"https:\/\/svetslik.si\/en\/wp-json\/wp\/v2\/product\/85629","targetHints":{"allow":["GET"]}}],"collection":[{"href":"https:\/\/svetslik.si\/en\/wp-json\/wp\/v2\/product"}],"about":[{"href":"https:\/\/svetslik.si\/en\/wp-json\/wp\/v2\/types\/product"}],"wp:featuredmedia":[{"embeddable":true,"href":"https:\/\/svetslik.si\/en\/wp-json\/wp\/v2\/media\/79179"}],"wp:attachment":[{"href":"https:\/\/svetslik.si\/en\/wp-json\/wp\/v2\/media?parent=85629"}],"wp:term":[{"taxonomy":"product_brand","embeddable":true,"href":"https:\/\/svetslik.si\/en\/wp-json\/wp\/v2\/product_brand?post=85629"},{"taxonomy":"product_cat","embeddable":true,"href":"https:\/\/svetslik.si\/en\/wp-json\/wp\/v2\/product_cat?post=85629"},{"taxonomy":"product_tag","embeddable":true,"href":"https:\/\/svetslik.si\/en\/wp-json\/wp\/v2\/product_tag?post=85629"}],"curies":[{"name":"wp","href":"https:\/\/api.w.org\/{rel}","templated":true}]}}