{"id":85690,"date":"2021-09-02T18:37:52","date_gmt":"2021-09-02T16:37:52","guid":{"rendered":"https:\/\/svetslik.si\/uncategorized\/uspesno-poslovanje\/"},"modified":"2026-03-22T21:02:48","modified_gmt":"2026-03-22T20:02:48","slug":"energy-paintings-successful-business","status":"publish","type":"product","link":"https:\/\/svetslik.si\/en\/energy-paintings\/energy-paintings-successful-business\/","title":{"rendered":"Energy Paintings &#8211; Successful Business"},"content":{"rendered":"<p>\nThe painting represents the energy and strength to overcome difficult business decisions. It represents the energies that drive the integration of our business cycle into the surrounding business environment, leading to positive business results faster. The figure represents energies for balance in business operations and reinforcing energies for progress and efficiency.<\/p>\n","protected":false},"excerpt":{"rendered":"<p>The painting represents the energy and strength to overcome difficult business decisions. It represents the energies that drive the integration of our business cycle into the surrounding business environment, leading to positive business results faster. The figure represents energies for balance in business operations and reinforcing energies for progress and [&hellip;]<\/p>\n","protected":false},"featured_media":79414,"template":"","meta":{"_acf_changed":false},"product_brand":[],"product_cat":[9786,9787],"product_tag":[9835],"class_list":{"0":"post-85690","1":"product","2":"type-product","3":"status-publish","4":"has-post-thumbnail","6":"product_cat-energy-art-paintings","7":"product_cat-energy-paintings","8":"product_tag-energy-painting","9":"pa_dimenzija-40-x-80-cm","10":"pa_dimenzija-50-x-100-cm","11":"pa_dimenzija-75-x-150-cm","12":"pa_oblika-vertical","13":"pa_okvir-without-frame","14":"pa_podokvir-without","15":"pa_podokvir-yes","17":"first","18":"onbackorder","19":"purchasable","20":"product-type-variable","21":"has-default-attributes"},"acf":[],"yoast_head":"<!-- This site is optimized with the Yoast SEO Premium plugin v26.0 (Yoast SEO v27.2) - https:\/\/yoast.com\/product\/yoast-seo-premium-wordpress\/ -->\n<title>Energy Paintings - Successful Business - SVETSLIK.SI - 100% hand painted<\/title>\n<meta name=\"description\" content=\"100 % hand-painted energy painting on canvas - Energy Paintings - Successful Business -.\" \/>\n<meta name=\"robots\" content=\"index, follow, max-snippet:-1, max-image-preview:large, max-video-preview:-1\" \/>\n<link rel=\"canonical\" href=\"https:\/\/svetslik.si\/en\/energy-paintings\/energy-paintings-successful-business\/\" \/>\n<meta property=\"og:locale\" content=\"en_US\" \/>\n<meta property=\"og:type\" content=\"article\" \/>\n<meta property=\"og:title\" content=\"Energy Paintings - Successful Business\" \/>\n<meta property=\"og:description\" content=\"100% ro\u010dno naslikane slike na platnu, reprodukcije znanih slikarjev in umetni\u0161ke slike po naro\u010dilu.\" \/>\n<meta property=\"og:url\" content=\"https:\/\/svetslik.si\/en\/energy-paintings\/energy-paintings-successful-business\/\" \/>\n<meta property=\"og:site_name\" content=\"SVETSLIK.SI\" \/>\n<meta property=\"article:publisher\" content=\"https:\/\/www.facebook.com\/svetslik.si\" \/>\n<meta property=\"article:modified_time\" content=\"2026-03-22T20:02:48+00:00\" \/>\n<meta property=\"og:image\" content=\"https:\/\/svetslik.si\/wp-content\/uploads\/2021\/08\/image_uspesno-poslovanje_680.jpg\" \/>\n\t<meta property=\"og:image:width\" content=\"346\" \/>\n\t<meta property=\"og:image:height\" content=\"680\" \/>\n\t<meta property=\"og:image:type\" content=\"image\/jpeg\" \/>\n<meta name=\"twitter:card\" content=\"summary_large_image\" \/>\n<meta name=\"twitter:site\" content=\"@svetslik\" \/>\n<meta name=\"twitter:label1\" content=\"Availability\" \/>\n\t<meta name=\"twitter:data1\" content=\"On backorder\" \/>\n<script type=\"application\/ld+json\" class=\"yoast-schema-graph\">{\"@context\":\"https:\/\/schema.org\",\"@graph\":[{\"@type\":[\"WebPage\",\"ItemPage\"],\"@id\":\"https:\/\/svetslik.si\/en\/energy-paintings\/energy-paintings-successful-business\/\",\"url\":\"https:\/\/svetslik.si\/en\/energy-paintings\/energy-paintings-successful-business\/\",\"name\":\"Energy Paintings - Successful Business - SVETSLIK.SI - 100% hand painted\",\"isPartOf\":{\"@id\":\"https:\/\/svetslik.si\/en\/#website\"},\"primaryImageOfPage\":{\"@id\":\"https:\/\/svetslik.si\/en\/energy-paintings\/energy-paintings-successful-business\/#primaryimage\"},\"image\":{\"@id\":\"https:\/\/svetslik.si\/en\/energy-paintings\/energy-paintings-successful-business\/#primaryimage\"},\"thumbnailUrl\":\"https:\/\/svetslik.si\/wp-content\/uploads\/2021\/08\/image_uspesno-poslovanje_680.jpg\",\"datePublished\":\"2021-09-02T16:37:52+00:00\",\"dateModified\":\"2026-03-22T20:02:48+00:00\",\"description\":\"100 % hand-painted energy painting on canvas - Energy Paintings - Successful Business -.\",\"breadcrumb\":{\"@id\":\"https:\/\/svetslik.si\/en\/energy-paintings\/energy-paintings-successful-business\/#breadcrumb\"},\"inLanguage\":\"en-US\",\"potentialAction\":[{\"@type\":\"ReadAction\",\"target\":[\"https:\/\/svetslik.si\/en\/energy-paintings\/energy-paintings-successful-business\/\"]}]},{\"@type\":\"ImageObject\",\"inLanguage\":\"en-US\",\"@id\":\"https:\/\/svetslik.si\/en\/energy-paintings\/energy-paintings-successful-business\/#primaryimage\",\"url\":\"https:\/\/svetslik.si\/wp-content\/uploads\/2021\/08\/image_uspesno-poslovanje_680.jpg\",\"contentUrl\":\"https:\/\/svetslik.si\/wp-content\/uploads\/2021\/08\/image_uspesno-poslovanje_680.jpg\",\"width\":346,\"height\":680,\"caption\":\"successful-business Hand-painted reproductions of famous painters, modern wall paintings for the wall\"},{\"@type\":\"BreadcrumbList\",\"@id\":\"https:\/\/svetslik.si\/en\/energy-paintings\/energy-paintings-successful-business\/#breadcrumb\",\"itemListElement\":[{\"@type\":\"ListItem\",\"position\":1,\"name\":\"Wall art and paintings on canvas\",\"item\":\"https:\/\/svetslik.si\/en\/\"},{\"@type\":\"ListItem\",\"position\":2,\"name\":\"Sale of paintings\",\"item\":\"https:\/\/svetslik.si\/prodaja-slik\/\"},{\"@type\":\"ListItem\",\"position\":3,\"name\":\"Energy Paintings &#8211; Successful Business\"}]},{\"@type\":\"WebSite\",\"@id\":\"https:\/\/svetslik.si\/en\/#website\",\"url\":\"https:\/\/svetslik.si\/en\/\",\"name\":\"SVETSLIK.SI\",\"description\":\"100% ru\u010dno naslikane reprodukcije slika poznatih slikara in umjetni\u010dke zidne slike na platnu.\",\"publisher\":{\"@id\":\"https:\/\/svetslik.si\/en\/#organization\"},\"potentialAction\":[{\"@type\":\"SearchAction\",\"target\":{\"@type\":\"EntryPoint\",\"urlTemplate\":\"https:\/\/svetslik.si\/en\/?s={search_term_string}\"},\"query-input\":{\"@type\":\"PropertyValueSpecification\",\"valueRequired\":true,\"valueName\":\"search_term_string\"}}],\"inLanguage\":\"en-US\"},{\"@type\":\"Organization\",\"@id\":\"https:\/\/svetslik.si\/en\/#organization\",\"name\":\"SvetSlik.si\",\"url\":\"https:\/\/svetslik.si\/en\/\",\"logo\":{\"@type\":\"ImageObject\",\"inLanguage\":\"en-US\",\"@id\":\"https:\/\/svetslik.si\/en\/#\/schema\/logo\/image\/\",\"url\":\"https:\/\/svetslik.si\/wp-content\/uploads\/2020\/12\/logo-512.png\",\"contentUrl\":\"https:\/\/svetslik.si\/wp-content\/uploads\/2020\/12\/logo-512.png\",\"width\":512,\"height\":512,\"caption\":\"SvetSlik.si\"},\"image\":{\"@id\":\"https:\/\/svetslik.si\/en\/#\/schema\/logo\/image\/\"},\"sameAs\":[\"https:\/\/www.facebook.com\/svetslik.si\",\"https:\/\/x.com\/svetslik\",\"https:\/\/www.instagram.com\/svetslik.si\/\",\"https:\/\/www.linkedin.com\/company\/svetslik-si\"]}]}<\/script>\n<meta property=\"og:availability\" content=\"backorder\" \/>\n<meta property=\"product:availability\" content=\"available for order\" \/>\n<meta property=\"product:retailer_item_id\" content=\"664__\" \/>\n<meta property=\"product:condition\" content=\"new\" \/>\n<!-- \/ Yoast SEO Premium plugin. -->","yoast_head_json":{"title":"Energy Paintings - Successful Business - SVETSLIK.SI - 100% hand painted","description":"100 % hand-painted energy painting on canvas - Energy Paintings - Successful Business -.","robots":{"index":"index","follow":"follow","max-snippet":"max-snippet:-1","max-image-preview":"max-image-preview:large","max-video-preview":"max-video-preview:-1"},"canonical":"https:\/\/svetslik.si\/en\/energy-paintings\/energy-paintings-successful-business\/","og_locale":"en_US","og_type":"article","og_title":"Energy Paintings - Successful Business","og_description":"100% ro\u010dno naslikane slike na platnu, reprodukcije znanih slikarjev in umetni\u0161ke slike po naro\u010dilu.","og_url":"https:\/\/svetslik.si\/en\/energy-paintings\/energy-paintings-successful-business\/","og_site_name":"SVETSLIK.SI","article_publisher":"https:\/\/www.facebook.com\/svetslik.si","article_modified_time":"2026-03-22T20:02:48+00:00","og_image":[{"width":346,"height":680,"url":"https:\/\/svetslik.si\/wp-content\/uploads\/2021\/08\/image_uspesno-poslovanje_680.jpg","type":"image\/jpeg"}],"twitter_card":"summary_large_image","twitter_site":"@svetslik","twitter_misc":{"Availability":"On backorder"},"schema":{"@context":"https:\/\/schema.org","@graph":[{"@type":["WebPage","ItemPage"],"@id":"https:\/\/svetslik.si\/en\/energy-paintings\/energy-paintings-successful-business\/","url":"https:\/\/svetslik.si\/en\/energy-paintings\/energy-paintings-successful-business\/","name":"Energy Paintings - Successful Business - SVETSLIK.SI - 100% hand painted","isPartOf":{"@id":"https:\/\/svetslik.si\/en\/#website"},"primaryImageOfPage":{"@id":"https:\/\/svetslik.si\/en\/energy-paintings\/energy-paintings-successful-business\/#primaryimage"},"image":{"@id":"https:\/\/svetslik.si\/en\/energy-paintings\/energy-paintings-successful-business\/#primaryimage"},"thumbnailUrl":"https:\/\/svetslik.si\/wp-content\/uploads\/2021\/08\/image_uspesno-poslovanje_680.jpg","datePublished":"2021-09-02T16:37:52+00:00","dateModified":"2026-03-22T20:02:48+00:00","description":"100 % hand-painted energy painting on canvas - Energy Paintings - Successful Business -.","breadcrumb":{"@id":"https:\/\/svetslik.si\/en\/energy-paintings\/energy-paintings-successful-business\/#breadcrumb"},"inLanguage":"en-US","potentialAction":[{"@type":"ReadAction","target":["https:\/\/svetslik.si\/en\/energy-paintings\/energy-paintings-successful-business\/"]}]},{"@type":"ImageObject","inLanguage":"en-US","@id":"https:\/\/svetslik.si\/en\/energy-paintings\/energy-paintings-successful-business\/#primaryimage","url":"https:\/\/svetslik.si\/wp-content\/uploads\/2021\/08\/image_uspesno-poslovanje_680.jpg","contentUrl":"https:\/\/svetslik.si\/wp-content\/uploads\/2021\/08\/image_uspesno-poslovanje_680.jpg","width":346,"height":680,"caption":"successful-business Hand-painted reproductions of famous painters, modern wall paintings for the wall"},{"@type":"BreadcrumbList","@id":"https:\/\/svetslik.si\/en\/energy-paintings\/energy-paintings-successful-business\/#breadcrumb","itemListElement":[{"@type":"ListItem","position":1,"name":"Wall art and paintings on canvas","item":"https:\/\/svetslik.si\/en\/"},{"@type":"ListItem","position":2,"name":"Sale of paintings","item":"https:\/\/svetslik.si\/prodaja-slik\/"},{"@type":"ListItem","position":3,"name":"Energy Paintings &#8211; Successful Business"}]},{"@type":"WebSite","@id":"https:\/\/svetslik.si\/en\/#website","url":"https:\/\/svetslik.si\/en\/","name":"SVETSLIK.SI","description":"100% ru\u010dno naslikane reprodukcije slika poznatih slikara in umjetni\u010dke zidne slike na platnu.","publisher":{"@id":"https:\/\/svetslik.si\/en\/#organization"},"potentialAction":[{"@type":"SearchAction","target":{"@type":"EntryPoint","urlTemplate":"https:\/\/svetslik.si\/en\/?s={search_term_string}"},"query-input":{"@type":"PropertyValueSpecification","valueRequired":true,"valueName":"search_term_string"}}],"inLanguage":"en-US"},{"@type":"Organization","@id":"https:\/\/svetslik.si\/en\/#organization","name":"SvetSlik.si","url":"https:\/\/svetslik.si\/en\/","logo":{"@type":"ImageObject","inLanguage":"en-US","@id":"https:\/\/svetslik.si\/en\/#\/schema\/logo\/image\/","url":"https:\/\/svetslik.si\/wp-content\/uploads\/2020\/12\/logo-512.png","contentUrl":"https:\/\/svetslik.si\/wp-content\/uploads\/2020\/12\/logo-512.png","width":512,"height":512,"caption":"SvetSlik.si"},"image":{"@id":"https:\/\/svetslik.si\/en\/#\/schema\/logo\/image\/"},"sameAs":["https:\/\/www.facebook.com\/svetslik.si","https:\/\/x.com\/svetslik","https:\/\/www.instagram.com\/svetslik.si\/","https:\/\/www.linkedin.com\/company\/svetslik-si"]}]},"og_availability":"backorder","product_availability":"available for order","product_retailer_item_id":"664__","product_condition":"new"},"jetpack_sharing_enabled":true,"_links":{"self":[{"href":"https:\/\/svetslik.si\/en\/wp-json\/wp\/v2\/product\/85690","targetHints":{"allow":["GET"]}}],"collection":[{"href":"https:\/\/svetslik.si\/en\/wp-json\/wp\/v2\/product"}],"about":[{"href":"https:\/\/svetslik.si\/en\/wp-json\/wp\/v2\/types\/product"}],"wp:featuredmedia":[{"embeddable":true,"href":"https:\/\/svetslik.si\/en\/wp-json\/wp\/v2\/media\/79414"}],"wp:attachment":[{"href":"https:\/\/svetslik.si\/en\/wp-json\/wp\/v2\/media?parent=85690"}],"wp:term":[{"taxonomy":"product_brand","embeddable":true,"href":"https:\/\/svetslik.si\/en\/wp-json\/wp\/v2\/product_brand?post=85690"},{"taxonomy":"product_cat","embeddable":true,"href":"https:\/\/svetslik.si\/en\/wp-json\/wp\/v2\/product_cat?post=85690"},{"taxonomy":"product_tag","embeddable":true,"href":"https:\/\/svetslik.si\/en\/wp-json\/wp\/v2\/product_tag?post=85690"}],"curies":[{"name":"wp","href":"https:\/\/api.w.org\/{rel}","templated":true}]}}