{"id":85747,"date":"2021-09-02T18:38:36","date_gmt":"2021-09-02T16:38:36","guid":{"rendered":"https:\/\/svetslik.si\/uncategorized\/beethoven-frieze-ii-detail\/"},"modified":"2026-03-22T21:04:30","modified_gmt":"2026-03-22T20:04:30","slug":"beethoven-frieze-ii-detail","status":"publish","type":"product","link":"https:\/\/svetslik.si\/en\/gustav-klimt-en\/beethoven-frieze-ii-detail\/","title":{"rendered":"Gustav Klimt &#8211; Beethoven frieze-II (detail)"},"content":{"rendered":"<div class=\"wpb-content-wrapper\">[vc_row][vc_column][vc_column_text]\n<h1>Gustav Klimt &#8211; Beethoven frieze-II (detail)<\/h1>\n<p>&nbsp;<\/p>\n<table style=\"width: 593px\" border=\"0\" width=\"593\" cellspacing=\"0\" cellpadding=\"0\">\n<tbody>\n<tr>\n<td style=\"width: 155px;height: 21px\" height=\"21\">Year of creation:<\/td>\n<td style=\"width: 439px\">1902<\/td>\n<\/tr>\n<tr>\n<td style=\"width: 155px;height: 21px\" height=\"21\">Original size:<\/td>\n<td style=\"width: 439px\">636 cm x 220 cm<\/td>\n<\/tr>\n<tr>\n<td style=\"width: 155px;height: 21px\" height=\"21\">Paint style:<\/td>\n<td style=\"width: 439px\">Secession<\/td>\n<\/tr>\n<tr>\n<td style=\"width: 155px;height: 21px\" height=\"21\">Original technique:<\/td>\n<td style=\"width: 439px\">Oil on canvas<\/td>\n<\/tr>\n<tr>\n<td style=\"width: 155px;height: 21px\" height=\"21\">Located:<\/td>\n<td style=\"width: 439px\">Secession Palace, Vienna<\/td>\n<\/tr>\n<\/tbody>\n<colgroup>\n<col \/> <\/colgroup>\n<\/table>\n<p>In 1902, Klimt created one of his most famous works, the <em>Beethoven Frieze<\/em>, for an exhibition of the Art Nouveau movement in Vienna. The entire exhibition was dedicated to the composer Ludwig van Beethoven, and Klimt&#8217;s giant frieze adorned the wall of the entrance hall. This ornamental symphony measured 34 meters in width and 2 meters in height. Klimt wanted to show and immortalize Beethoven&#8217;s Ninth Symphony according to Wagner&#8217;s interpretation.<\/p>\n<p>&#8220;Beethoven Frieze II (detail)&#8221;, painted in 1902 by the Austrian artist Gustav Klimt, is considered one of the artist&#8217;s most important and ambitious works. The painting is part of a larger cycle of art works known as the Beethoven Frieze, created for the 14th Vienna Art Nouveau Exhibition. The Beethoven frieze was a tribute to the composer Ludwig van Beethoven and depicts scenes from his Ninth Symphony, based on Friedrich Schiller&#8217;s &#8220;Ode to Joy&#8221;.<\/p>\n<p>The painting is an excellent example of Klimt&#8217;s Art Nouveau style, which was characterized by the use of ornate patterns, bold colors and sensual subject matter. The figures in the painting are depicted in a highly stylized manner, with elongated limbs and simplified facial features, which gives the painting an unearthly and dreamlike quality.<\/p>\n<p>One of the most striking features of &#8220;Beethoven Frieze II (detail)&#8221; is the use of bold colors and intricate patterns. The painting is a riot of color, with the figures, background and decorative elements consisting of swirling, interlaced patterns. The use of color and pattern creates a sense of movement and fluidity, which is appropriate for the theme of the painting, the music and the celebration.<\/p>\n<p>The symbolism of the painting is also rich. The figures in the picture are often seen as symbols of humanity, unity and celebration of life. The ornamental elements in the painting could represent the connection between music and nature, as well as the connection between art and life. The background of the picture is also filled with symbols of nature, such as flowers, which also have a deep symbolic meaning in the picture.<\/p>\n<p>Critics received the painting well at its first exhibition and it was considered a masterpiece of Art Nouveau. The Beethoven Frieze was considered Klimt&#8217;s most ambitious and important work and is considered one of the most important works of the Viennese Secessionist movement. Unfortunately, the painting was destroyed in 1945 during the bombing of Vienna, but reproductions and photographs from it exist.[\/vc_column_text][\/vc_column][\/vc_row]\n<\/div>","protected":false},"excerpt":{"rendered":"<p>[vc_row][vc_column][vc_column_text] Gustav Klimt &#8211; Beethoven frieze-II (detail) &nbsp; Year of creation: 1902 Original size: 636 cm x 220 cm Paint style: Secession Original technique: Oil on canvas Located: Secession Palace, Vienna In 1902, Klimt created one of his most famous works, the Beethoven Frieze, for an exhibition of the Art [&hellip;]<\/p>\n","protected":false},"featured_media":78518,"template":"","meta":{"_acf_changed":false},"product_brand":[],"product_cat":[9808],"product_tag":[9837,9841,9870,9862,9863],"class_list":{"0":"post-85747","1":"product","2":"type-product","3":"status-publish","4":"has-post-thumbnail","6":"product_cat-gustav-klimt-en","7":"product_tag-gustav-klimt-en","8":"product_tag-klimt-en","9":"product_tag-painter","10":"product_tag-reproduction-en","11":"product_tag-reproductions","12":"pa_dimenzija-100-x-120-cm","13":"pa_dimenzija-120-x-150-cm","14":"pa_dimenzija-150-x-190-cm","15":"pa_dimenzija-50-x-60-cm","16":"pa_dimenzija-60-x-75-cm","17":"pa_dimenzija-70-x-90-cm","18":"pa_dimenzija-80-x-100-cm","19":"pa_dimenzija-90-x-110-cm","20":"pa_oblika-vertical","21":"pa_okvir-without-frame","22":"pa_podokvir-without","23":"pa_podokvir-yes","25":"first","26":"onbackorder","27":"purchasable","28":"product-type-variable","29":"has-default-attributes"},"acf":[],"yoast_head":"<!-- This site is optimized with the Yoast SEO Premium plugin v26.0 (Yoast SEO v27.2) - https:\/\/yoast.com\/product\/yoast-seo-premium-wordpress\/ -->\n<title>Gustav Klimt - Beethoven frieze-II (detail) - SVETSLIK.SI - 100% hand painted<\/title>\n<meta name=\"description\" content=\"Gustav Klimt - Beethoven frieze-II (detail) - 100% hand-painted reproduction of famous paintings by famous artists. Wall art, abstract paintings and custom painted paintings by order.\" \/>\n<meta name=\"robots\" content=\"index, follow, max-snippet:-1, max-image-preview:large, max-video-preview:-1\" \/>\n<link rel=\"canonical\" href=\"https:\/\/svetslik.si\/en\/gustav-klimt-en\/beethoven-frieze-ii-detail\/\" \/>\n<meta property=\"og:locale\" content=\"en_US\" \/>\n<meta property=\"og:type\" content=\"article\" \/>\n<meta property=\"og:title\" content=\"Gustav Klimt - Beethoven frieze-II (detail)\" \/>\n<meta property=\"og:description\" content=\"100% ro\u010dno naslikane slike na platnu, reprodukcije znanih slikarjev in umetni\u0161ke slike po naro\u010dilu.\" \/>\n<meta property=\"og:url\" content=\"https:\/\/svetslik.si\/en\/gustav-klimt-en\/beethoven-frieze-ii-detail\/\" \/>\n<meta property=\"og:site_name\" content=\"SVETSLIK.SI\" \/>\n<meta property=\"article:publisher\" content=\"https:\/\/www.facebook.com\/svetslik.si\" \/>\n<meta property=\"article:modified_time\" content=\"2026-03-22T20:04:30+00:00\" \/>\n<meta property=\"og:image\" content=\"https:\/\/svetslik.si\/wp-content\/uploads\/2021\/08\/image_Beethoven-frieze-detail-II-Gustav-Klimt_680.jpg\" \/>\n\t<meta property=\"og:image:width\" content=\"551\" \/>\n\t<meta property=\"og:image:height\" content=\"680\" \/>\n\t<meta property=\"og:image:type\" content=\"image\/jpeg\" \/>\n<meta name=\"twitter:card\" content=\"summary_large_image\" \/>\n<meta name=\"twitter:site\" content=\"@svetslik\" \/>\n<meta name=\"twitter:label1\" content=\"Availability\" \/>\n\t<meta name=\"twitter:data1\" content=\"On backorder\" \/>\n<script type=\"application\/ld+json\" class=\"yoast-schema-graph\">{\"@context\":\"https:\/\/schema.org\",\"@graph\":[{\"@type\":[\"WebPage\",\"ItemPage\"],\"@id\":\"https:\/\/svetslik.si\/en\/gustav-klimt-en\/beethoven-frieze-ii-detail\/\",\"url\":\"https:\/\/svetslik.si\/en\/gustav-klimt-en\/beethoven-frieze-ii-detail\/\",\"name\":\"Gustav Klimt - Beethoven frieze-II (detail) - SVETSLIK.SI - 100% hand painted\",\"isPartOf\":{\"@id\":\"https:\/\/svetslik.si\/en\/#website\"},\"primaryImageOfPage\":{\"@id\":\"https:\/\/svetslik.si\/en\/gustav-klimt-en\/beethoven-frieze-ii-detail\/#primaryimage\"},\"image\":{\"@id\":\"https:\/\/svetslik.si\/en\/gustav-klimt-en\/beethoven-frieze-ii-detail\/#primaryimage\"},\"thumbnailUrl\":\"https:\/\/svetslik.si\/wp-content\/uploads\/2021\/08\/image_Beethoven-frieze-detail-II-Gustav-Klimt_680.jpg\",\"datePublished\":\"2021-09-02T16:38:36+00:00\",\"dateModified\":\"2026-03-22T20:04:30+00:00\",\"description\":\"Gustav Klimt - Beethoven frieze-II (detail) - 100% hand-painted reproduction of famous paintings by famous artists. Wall art, abstract paintings and custom painted paintings by order.\",\"breadcrumb\":{\"@id\":\"https:\/\/svetslik.si\/en\/gustav-klimt-en\/beethoven-frieze-ii-detail\/#breadcrumb\"},\"inLanguage\":\"en-US\",\"potentialAction\":[{\"@type\":\"ReadAction\",\"target\":[\"https:\/\/svetslik.si\/en\/gustav-klimt-en\/beethoven-frieze-ii-detail\/\"]}]},{\"@type\":\"ImageObject\",\"inLanguage\":\"en-US\",\"@id\":\"https:\/\/svetslik.si\/en\/gustav-klimt-en\/beethoven-frieze-ii-detail\/#primaryimage\",\"url\":\"https:\/\/svetslik.si\/wp-content\/uploads\/2021\/08\/image_Beethoven-frieze-detail-II-Gustav-Klimt_680.jpg\",\"contentUrl\":\"https:\/\/svetslik.si\/wp-content\/uploads\/2021\/08\/image_Beethoven-frieze-detail-II-Gustav-Klimt_680.jpg\",\"width\":551,\"height\":680,\"caption\":\"Gustav Klimt - Beethoven Frieze I (detail) - reproduction of famous painting by famous artist, hand painted painting on canvas - oil painting\"},{\"@type\":\"BreadcrumbList\",\"@id\":\"https:\/\/svetslik.si\/en\/gustav-klimt-en\/beethoven-frieze-ii-detail\/#breadcrumb\",\"itemListElement\":[{\"@type\":\"ListItem\",\"position\":1,\"name\":\"Wall art and paintings on canvas\",\"item\":\"https:\/\/svetslik.si\/en\/\"},{\"@type\":\"ListItem\",\"position\":2,\"name\":\"Sale of paintings\",\"item\":\"https:\/\/svetslik.si\/prodaja-slik\/\"},{\"@type\":\"ListItem\",\"position\":3,\"name\":\"Gustav Klimt &#8211; Beethoven frieze-II (detail)\"}]},{\"@type\":\"WebSite\",\"@id\":\"https:\/\/svetslik.si\/en\/#website\",\"url\":\"https:\/\/svetslik.si\/en\/\",\"name\":\"SVETSLIK.SI\",\"description\":\"100% ru\u010dno naslikane reprodukcije slika poznatih slikara in umjetni\u010dke zidne slike na platnu.\",\"publisher\":{\"@id\":\"https:\/\/svetslik.si\/en\/#organization\"},\"potentialAction\":[{\"@type\":\"SearchAction\",\"target\":{\"@type\":\"EntryPoint\",\"urlTemplate\":\"https:\/\/svetslik.si\/en\/?s={search_term_string}\"},\"query-input\":{\"@type\":\"PropertyValueSpecification\",\"valueRequired\":true,\"valueName\":\"search_term_string\"}}],\"inLanguage\":\"en-US\"},{\"@type\":\"Organization\",\"@id\":\"https:\/\/svetslik.si\/en\/#organization\",\"name\":\"SvetSlik.si\",\"url\":\"https:\/\/svetslik.si\/en\/\",\"logo\":{\"@type\":\"ImageObject\",\"inLanguage\":\"en-US\",\"@id\":\"https:\/\/svetslik.si\/en\/#\/schema\/logo\/image\/\",\"url\":\"https:\/\/svetslik.si\/wp-content\/uploads\/2020\/12\/logo-512.png\",\"contentUrl\":\"https:\/\/svetslik.si\/wp-content\/uploads\/2020\/12\/logo-512.png\",\"width\":512,\"height\":512,\"caption\":\"SvetSlik.si\"},\"image\":{\"@id\":\"https:\/\/svetslik.si\/en\/#\/schema\/logo\/image\/\"},\"sameAs\":[\"https:\/\/www.facebook.com\/svetslik.si\",\"https:\/\/x.com\/svetslik\",\"https:\/\/www.instagram.com\/svetslik.si\/\",\"https:\/\/www.linkedin.com\/company\/svetslik-si\"]}]}<\/script>\n<meta property=\"og:availability\" content=\"backorder\" \/>\n<meta property=\"product:availability\" content=\"available for order\" \/>\n<meta property=\"product:retailer_item_id\" content=\"678__\" \/>\n<meta property=\"product:condition\" content=\"new\" \/>\n<!-- \/ Yoast SEO Premium plugin. -->","yoast_head_json":{"title":"Gustav Klimt - Beethoven frieze-II (detail) - SVETSLIK.SI - 100% hand painted","description":"Gustav Klimt - Beethoven frieze-II (detail) - 100% hand-painted reproduction of famous paintings by famous artists. Wall art, abstract paintings and custom painted paintings by order.","robots":{"index":"index","follow":"follow","max-snippet":"max-snippet:-1","max-image-preview":"max-image-preview:large","max-video-preview":"max-video-preview:-1"},"canonical":"https:\/\/svetslik.si\/en\/gustav-klimt-en\/beethoven-frieze-ii-detail\/","og_locale":"en_US","og_type":"article","og_title":"Gustav Klimt - Beethoven frieze-II (detail)","og_description":"100% ro\u010dno naslikane slike na platnu, reprodukcije znanih slikarjev in umetni\u0161ke slike po naro\u010dilu.","og_url":"https:\/\/svetslik.si\/en\/gustav-klimt-en\/beethoven-frieze-ii-detail\/","og_site_name":"SVETSLIK.SI","article_publisher":"https:\/\/www.facebook.com\/svetslik.si","article_modified_time":"2026-03-22T20:04:30+00:00","og_image":[{"width":551,"height":680,"url":"https:\/\/svetslik.si\/wp-content\/uploads\/2021\/08\/image_Beethoven-frieze-detail-II-Gustav-Klimt_680.jpg","type":"image\/jpeg"}],"twitter_card":"summary_large_image","twitter_site":"@svetslik","twitter_misc":{"Availability":"On backorder"},"schema":{"@context":"https:\/\/schema.org","@graph":[{"@type":["WebPage","ItemPage"],"@id":"https:\/\/svetslik.si\/en\/gustav-klimt-en\/beethoven-frieze-ii-detail\/","url":"https:\/\/svetslik.si\/en\/gustav-klimt-en\/beethoven-frieze-ii-detail\/","name":"Gustav Klimt - Beethoven frieze-II (detail) - SVETSLIK.SI - 100% hand painted","isPartOf":{"@id":"https:\/\/svetslik.si\/en\/#website"},"primaryImageOfPage":{"@id":"https:\/\/svetslik.si\/en\/gustav-klimt-en\/beethoven-frieze-ii-detail\/#primaryimage"},"image":{"@id":"https:\/\/svetslik.si\/en\/gustav-klimt-en\/beethoven-frieze-ii-detail\/#primaryimage"},"thumbnailUrl":"https:\/\/svetslik.si\/wp-content\/uploads\/2021\/08\/image_Beethoven-frieze-detail-II-Gustav-Klimt_680.jpg","datePublished":"2021-09-02T16:38:36+00:00","dateModified":"2026-03-22T20:04:30+00:00","description":"Gustav Klimt - Beethoven frieze-II (detail) - 100% hand-painted reproduction of famous paintings by famous artists. Wall art, abstract paintings and custom painted paintings by order.","breadcrumb":{"@id":"https:\/\/svetslik.si\/en\/gustav-klimt-en\/beethoven-frieze-ii-detail\/#breadcrumb"},"inLanguage":"en-US","potentialAction":[{"@type":"ReadAction","target":["https:\/\/svetslik.si\/en\/gustav-klimt-en\/beethoven-frieze-ii-detail\/"]}]},{"@type":"ImageObject","inLanguage":"en-US","@id":"https:\/\/svetslik.si\/en\/gustav-klimt-en\/beethoven-frieze-ii-detail\/#primaryimage","url":"https:\/\/svetslik.si\/wp-content\/uploads\/2021\/08\/image_Beethoven-frieze-detail-II-Gustav-Klimt_680.jpg","contentUrl":"https:\/\/svetslik.si\/wp-content\/uploads\/2021\/08\/image_Beethoven-frieze-detail-II-Gustav-Klimt_680.jpg","width":551,"height":680,"caption":"Gustav Klimt - Beethoven Frieze I (detail) - reproduction of famous painting by famous artist, hand painted painting on canvas - oil painting"},{"@type":"BreadcrumbList","@id":"https:\/\/svetslik.si\/en\/gustav-klimt-en\/beethoven-frieze-ii-detail\/#breadcrumb","itemListElement":[{"@type":"ListItem","position":1,"name":"Wall art and paintings on canvas","item":"https:\/\/svetslik.si\/en\/"},{"@type":"ListItem","position":2,"name":"Sale of paintings","item":"https:\/\/svetslik.si\/prodaja-slik\/"},{"@type":"ListItem","position":3,"name":"Gustav Klimt &#8211; Beethoven frieze-II (detail)"}]},{"@type":"WebSite","@id":"https:\/\/svetslik.si\/en\/#website","url":"https:\/\/svetslik.si\/en\/","name":"SVETSLIK.SI","description":"100% ru\u010dno naslikane reprodukcije slika poznatih slikara in umjetni\u010dke zidne slike na platnu.","publisher":{"@id":"https:\/\/svetslik.si\/en\/#organization"},"potentialAction":[{"@type":"SearchAction","target":{"@type":"EntryPoint","urlTemplate":"https:\/\/svetslik.si\/en\/?s={search_term_string}"},"query-input":{"@type":"PropertyValueSpecification","valueRequired":true,"valueName":"search_term_string"}}],"inLanguage":"en-US"},{"@type":"Organization","@id":"https:\/\/svetslik.si\/en\/#organization","name":"SvetSlik.si","url":"https:\/\/svetslik.si\/en\/","logo":{"@type":"ImageObject","inLanguage":"en-US","@id":"https:\/\/svetslik.si\/en\/#\/schema\/logo\/image\/","url":"https:\/\/svetslik.si\/wp-content\/uploads\/2020\/12\/logo-512.png","contentUrl":"https:\/\/svetslik.si\/wp-content\/uploads\/2020\/12\/logo-512.png","width":512,"height":512,"caption":"SvetSlik.si"},"image":{"@id":"https:\/\/svetslik.si\/en\/#\/schema\/logo\/image\/"},"sameAs":["https:\/\/www.facebook.com\/svetslik.si","https:\/\/x.com\/svetslik","https:\/\/www.instagram.com\/svetslik.si\/","https:\/\/www.linkedin.com\/company\/svetslik-si"]}]},"og_availability":"backorder","product_availability":"available for order","product_retailer_item_id":"678__","product_condition":"new"},"jetpack_sharing_enabled":true,"_links":{"self":[{"href":"https:\/\/svetslik.si\/en\/wp-json\/wp\/v2\/product\/85747","targetHints":{"allow":["GET"]}}],"collection":[{"href":"https:\/\/svetslik.si\/en\/wp-json\/wp\/v2\/product"}],"about":[{"href":"https:\/\/svetslik.si\/en\/wp-json\/wp\/v2\/types\/product"}],"wp:featuredmedia":[{"embeddable":true,"href":"https:\/\/svetslik.si\/en\/wp-json\/wp\/v2\/media\/78518"}],"wp:attachment":[{"href":"https:\/\/svetslik.si\/en\/wp-json\/wp\/v2\/media?parent=85747"}],"wp:term":[{"taxonomy":"product_brand","embeddable":true,"href":"https:\/\/svetslik.si\/en\/wp-json\/wp\/v2\/product_brand?post=85747"},{"taxonomy":"product_cat","embeddable":true,"href":"https:\/\/svetslik.si\/en\/wp-json\/wp\/v2\/product_cat?post=85747"},{"taxonomy":"product_tag","embeddable":true,"href":"https:\/\/svetslik.si\/en\/wp-json\/wp\/v2\/product_tag?post=85747"}],"curies":[{"name":"wp","href":"https:\/\/api.w.org\/{rel}","templated":true}]}}