{"id":85882,"date":"2021-09-02T18:41:42","date_gmt":"2021-09-02T16:41:42","guid":{"rendered":"https:\/\/svetslik.si\/uncategorized\/alchemy\/"},"modified":"2026-03-22T21:08:37","modified_gmt":"2026-03-22T20:08:37","slug":"alchemy","status":"publish","type":"product","link":"https:\/\/svetslik.si\/en\/jackson-pollock-en\/alchemy\/","title":{"rendered":"Jackson Pollock &#8211; Alchemy"},"content":{"rendered":"<div class=\"wpb-content-wrapper\">[vc_row css=&#8221;.vc_custom_1691762168803{margin-bottom: 10px !important;}&#8221;][vc_column]\t<div class=\"et-image-106 et-image     et_image_link\">\n\t\t<div class=\"et-image-inner \">\n\t\t\t\t\t\t\t<div class=\"et-image-thumb \">\n\t\t\t\t\t<img decoding=\"async\" width=\"1500\" height=\"888\" src=\"https:\/\/svetslik.si\/wp-content\/uploads\/2021\/09\/Jackson-Pollock-\u2013-Alchemy-reprodukcija-slike-na-platnu-3.jpg\" class=\"attachment-full\" alt=\"Jackson Pollock - Alchemy\" title=\"Jackson Pollock - Alchemy\" srcset=\"https:\/\/svetslik.si\/wp-content\/uploads\/2021\/09\/Jackson-Pollock-\u2013-Alchemy-reprodukcija-slike-na-platnu-3.jpg 1500w, https:\/\/svetslik.si\/wp-content\/uploads\/2021\/09\/Jackson-Pollock-\u2013-Alchemy-reprodukcija-slike-na-platnu-3-600x355.jpg 600w, https:\/\/svetslik.si\/wp-content\/uploads\/2021\/09\/Jackson-Pollock-\u2013-Alchemy-reprodukcija-slike-na-platnu-3-1200x710.jpg 1200w, https:\/\/svetslik.si\/wp-content\/uploads\/2021\/09\/Jackson-Pollock-\u2013-Alchemy-reprodukcija-slike-na-platnu-3-300x178.jpg 300w, https:\/\/svetslik.si\/wp-content\/uploads\/2021\/09\/Jackson-Pollock-\u2013-Alchemy-reprodukcija-slike-na-platnu-3-1024x606.jpg 1024w, https:\/\/svetslik.si\/wp-content\/uploads\/2021\/09\/Jackson-Pollock-\u2013-Alchemy-reprodukcija-slike-na-platnu-3-768x455.jpg 768w, https:\/\/svetslik.si\/wp-content\/uploads\/2021\/09\/Jackson-Pollock-\u2013-Alchemy-reprodukcija-slike-na-platnu-3-150x89.jpg 150w\" sizes=\"(max-width: 1500px) 100vw, 1500px\" \/>\t\t\t\t<\/div>\n\t\t\t\t\t\t\t\t\t\t\t<\/div>\n\t<\/div>\n  [\/vc_column][\/vc_row][vc_row css=&#8221;.vc_custom_1691762168803{margin-bottom: 10px !important;}&#8221;][vc_column]\t<div class=\"et-image-280 et-image     et_image_link\">\n\t\t<div class=\"et-image-inner \">\n\t\t\t\t\t\t\t<div class=\"et-image-thumb \">\n\t\t\t\t\t<img decoding=\"async\" width=\"1500\" height=\"1308\" src=\"https:\/\/svetslik.si\/wp-content\/uploads\/2021\/09\/Jackson-Pollock-\u2013-Alchemy-reprodukcija-slike-na-platnu.jpg\" class=\"attachment-full\" alt=\"Jackson Pollock - Alchemy\" title=\"Jackson Pollock - Alchemy\" srcset=\"https:\/\/svetslik.si\/wp-content\/uploads\/2021\/09\/Jackson-Pollock-\u2013-Alchemy-reprodukcija-slike-na-platnu.jpg 1500w, https:\/\/svetslik.si\/wp-content\/uploads\/2021\/09\/Jackson-Pollock-\u2013-Alchemy-reprodukcija-slike-na-platnu-600x523.jpg 600w, https:\/\/svetslik.si\/wp-content\/uploads\/2021\/09\/Jackson-Pollock-\u2013-Alchemy-reprodukcija-slike-na-platnu-1200x1046.jpg 1200w, https:\/\/svetslik.si\/wp-content\/uploads\/2021\/09\/Jackson-Pollock-\u2013-Alchemy-reprodukcija-slike-na-platnu-300x262.jpg 300w, https:\/\/svetslik.si\/wp-content\/uploads\/2021\/09\/Jackson-Pollock-\u2013-Alchemy-reprodukcija-slike-na-platnu-1024x893.jpg 1024w, https:\/\/svetslik.si\/wp-content\/uploads\/2021\/09\/Jackson-Pollock-\u2013-Alchemy-reprodukcija-slike-na-platnu-768x670.jpg 768w, https:\/\/svetslik.si\/wp-content\/uploads\/2021\/09\/Jackson-Pollock-\u2013-Alchemy-reprodukcija-slike-na-platnu-150x131.jpg 150w\" sizes=\"(max-width: 1500px) 100vw, 1500px\" \/>\t\t\t\t<\/div>\n\t\t\t\t\t\t\t\t\t\t\t<\/div>\n\t<\/div>\n  [\/vc_column][\/vc_row][vc_row css=&#8221;.vc_custom_1691762168803{margin-bottom: 10px !important;}&#8221;][vc_column]\t<div class=\"et-image-420 et-image     et_image_link\">\n\t\t<div class=\"et-image-inner \">\n\t\t\t\t\t\t\t<div class=\"et-image-thumb \">\n\t\t\t\t\t<img decoding=\"async\" width=\"1500\" height=\"1367\" src=\"https:\/\/svetslik.si\/wp-content\/uploads\/2021\/09\/Jackson-Pollock-\u2013-Alchemy-reprodukcija-slike-na-platnu-5.jpg\" class=\"attachment-full\" alt=\"Jackson Pollock - Alchemy\" title=\"Jackson Pollock - Alchemy\" srcset=\"https:\/\/svetslik.si\/wp-content\/uploads\/2021\/09\/Jackson-Pollock-\u2013-Alchemy-reprodukcija-slike-na-platnu-5.jpg 1500w, https:\/\/svetslik.si\/wp-content\/uploads\/2021\/09\/Jackson-Pollock-\u2013-Alchemy-reprodukcija-slike-na-platnu-5-600x547.jpg 600w, https:\/\/svetslik.si\/wp-content\/uploads\/2021\/09\/Jackson-Pollock-\u2013-Alchemy-reprodukcija-slike-na-platnu-5-1200x1094.jpg 1200w, https:\/\/svetslik.si\/wp-content\/uploads\/2021\/09\/Jackson-Pollock-\u2013-Alchemy-reprodukcija-slike-na-platnu-5-300x273.jpg 300w, https:\/\/svetslik.si\/wp-content\/uploads\/2021\/09\/Jackson-Pollock-\u2013-Alchemy-reprodukcija-slike-na-platnu-5-1024x933.jpg 1024w, https:\/\/svetslik.si\/wp-content\/uploads\/2021\/09\/Jackson-Pollock-\u2013-Alchemy-reprodukcija-slike-na-platnu-5-768x700.jpg 768w, https:\/\/svetslik.si\/wp-content\/uploads\/2021\/09\/Jackson-Pollock-\u2013-Alchemy-reprodukcija-slike-na-platnu-5-150x137.jpg 150w\" sizes=\"(max-width: 1500px) 100vw, 1500px\" \/>\t\t\t\t<\/div>\n\t\t\t\t\t\t\t\t\t\t\t<\/div>\n\t<\/div>\n  [\/vc_column][\/vc_row][vc_row css=&#8221;.vc_custom_1691762168803{margin-bottom: 10px !important;}&#8221;][vc_column]\t<div class=\"et-image-709 et-image     et_image_link\">\n\t\t<div class=\"et-image-inner \">\n\t\t\t\t\t\t\t<div class=\"et-image-thumb \">\n\t\t\t\t\t<img decoding=\"async\" width=\"1500\" height=\"1125\" src=\"https:\/\/svetslik.si\/wp-content\/uploads\/2021\/09\/Jackson-Pollock-\u2013-Alchemy-reprodukcija-slike-na-platnu-4.jpg\" class=\"attachment-full\" alt=\"Jackson Pollock - Alchemy\" title=\"Jackson Pollock - Alchemy\" srcset=\"https:\/\/svetslik.si\/wp-content\/uploads\/2021\/09\/Jackson-Pollock-\u2013-Alchemy-reprodukcija-slike-na-platnu-4.jpg 1500w, https:\/\/svetslik.si\/wp-content\/uploads\/2021\/09\/Jackson-Pollock-\u2013-Alchemy-reprodukcija-slike-na-platnu-4-600x450.jpg 600w, https:\/\/svetslik.si\/wp-content\/uploads\/2021\/09\/Jackson-Pollock-\u2013-Alchemy-reprodukcija-slike-na-platnu-4-1200x900.jpg 1200w, https:\/\/svetslik.si\/wp-content\/uploads\/2021\/09\/Jackson-Pollock-\u2013-Alchemy-reprodukcija-slike-na-platnu-4-300x225.jpg 300w, https:\/\/svetslik.si\/wp-content\/uploads\/2021\/09\/Jackson-Pollock-\u2013-Alchemy-reprodukcija-slike-na-platnu-4-1024x768.jpg 1024w, https:\/\/svetslik.si\/wp-content\/uploads\/2021\/09\/Jackson-Pollock-\u2013-Alchemy-reprodukcija-slike-na-platnu-4-768x576.jpg 768w, https:\/\/svetslik.si\/wp-content\/uploads\/2021\/09\/Jackson-Pollock-\u2013-Alchemy-reprodukcija-slike-na-platnu-4-150x113.jpg 150w\" sizes=\"(max-width: 1500px) 100vw, 1500px\" \/>\t\t\t\t<\/div>\n\t\t\t\t\t\t\t\t\t\t\t<\/div>\n\t<\/div>\n  [\/vc_column][\/vc_row][vc_row css=&#8221;.vc_custom_1691762168803{margin-bottom: 10px !important;}&#8221;][vc_column]\t<div class=\"et-image-831 et-image     et_image_link\">\n\t\t<div class=\"et-image-inner \">\n\t\t\t\t\t\t\t<div class=\"et-image-thumb \">\n\t\t\t\t\t<img decoding=\"async\" width=\"1500\" height=\"1125\" src=\"https:\/\/svetslik.si\/wp-content\/uploads\/2021\/09\/Jackson-Pollock-\u2013-Alchemy-reprodukcija-slike-na-platnu-1.jpg\" class=\"attachment-full\" alt=\"Jackson Pollock - Alchemy\" title=\"Jackson Pollock - Alchemy\" srcset=\"https:\/\/svetslik.si\/wp-content\/uploads\/2021\/09\/Jackson-Pollock-\u2013-Alchemy-reprodukcija-slike-na-platnu-1.jpg 1500w, https:\/\/svetslik.si\/wp-content\/uploads\/2021\/09\/Jackson-Pollock-\u2013-Alchemy-reprodukcija-slike-na-platnu-1-600x450.jpg 600w, https:\/\/svetslik.si\/wp-content\/uploads\/2021\/09\/Jackson-Pollock-\u2013-Alchemy-reprodukcija-slike-na-platnu-1-1200x900.jpg 1200w, https:\/\/svetslik.si\/wp-content\/uploads\/2021\/09\/Jackson-Pollock-\u2013-Alchemy-reprodukcija-slike-na-platnu-1-300x225.jpg 300w, https:\/\/svetslik.si\/wp-content\/uploads\/2021\/09\/Jackson-Pollock-\u2013-Alchemy-reprodukcija-slike-na-platnu-1-1024x768.jpg 1024w, https:\/\/svetslik.si\/wp-content\/uploads\/2021\/09\/Jackson-Pollock-\u2013-Alchemy-reprodukcija-slike-na-platnu-1-768x576.jpg 768w, https:\/\/svetslik.si\/wp-content\/uploads\/2021\/09\/Jackson-Pollock-\u2013-Alchemy-reprodukcija-slike-na-platnu-1-150x113.jpg 150w\" sizes=\"(max-width: 1500px) 100vw, 1500px\" \/>\t\t\t\t<\/div>\n\t\t\t\t\t\t\t\t\t\t\t<\/div>\n\t<\/div>\n  [\/vc_column][\/vc_row][vc_row][vc_column][vc_column_text]\n<h1>Jackson Pollock &#8211; Alchemy<\/h1>\n<table border=\"0\" width=\"673\" cellspacing=\"0\" cellpadding=\"0\">\n<colgroup>\n<col style=\"width: 135pt;\" width=\"180\" \/>\n<col style=\"width: 370pt;\" width=\"493\" \/> <\/colgroup>\n<tbody>\n<tr style=\"height: 15.75pt;\">\n<td class=\"xl24\" style=\"height: 15.75pt; width: 135pt;\" width=\"180\" height=\"21\">Year of creation:<\/td>\n<td class=\"xl25\" style=\"width: 370pt;\" width=\"493\">1947<\/td>\n<\/tr>\n<tr style=\"height: 15.75pt;\">\n<td class=\"xl24\" style=\"height: 15.75pt; width: 135pt;\" width=\"180\" height=\"21\">Original size:<\/td>\n<td class=\"xl24\" style=\"width: 370pt;\" width=\"493\">221.3 cm x 114.6 cm<\/td>\n<\/tr>\n<tr style=\"height: 15.75pt;\">\n<td class=\"xl24\" style=\"height: 15.75pt; width: 135pt;\" width=\"180\" height=\"21\">Painting style:<\/td>\n<td class=\"xl24\" style=\"width: 370pt;\" width=\"493\">Abstract Expressionism<\/td>\n<\/tr>\n<tr style=\"height: 15.75pt;\">\n<td class=\"xl24\" style=\"height: 15.75pt; width: 135pt;\" width=\"180\" height=\"21\">Original technique:<\/td>\n<td>Oil on canvas with aluminum paints<\/td>\n<\/tr>\n<tr style=\"height: 15.75pt;\">\n<td class=\"xl24\" style=\"height: 15.75pt; width: 135pt;\" width=\"180\" height=\"21\">Located:<\/td>\n<td>Peggy Guggenheim Collection, Venice<\/td>\n<\/tr>\n<\/tbody>\n<\/table>\n<p>&nbsp;<\/p>\n<\/div>","protected":false},"excerpt":{"rendered":"<p>[vc_row css=&#8221;.vc_custom_1691762168803{margin-bottom: 10px !important;}&#8221;][vc_column][\/vc_column][\/vc_row][vc_row css=&#8221;.vc_custom_1691762168803{margin-bottom: 10px !important;}&#8221;][vc_column][\/vc_column][\/vc_row][vc_row css=&#8221;.vc_custom_1691762168803{margin-bottom: 10px !important;}&#8221;][vc_column][\/vc_column][\/vc_row][vc_row css=&#8221;.vc_custom_1691762168803{margin-bottom: 10px !important;}&#8221;][vc_column][\/vc_column][\/vc_row][vc_row css=&#8221;.vc_custom_1691762168803{margin-bottom: 10px !important;}&#8221;][vc_column][\/vc_column][\/vc_row][vc_row][vc_column][vc_column_text] Jackson Pollock &#8211; Alchemy Year of creation: 1947 Original size: 221.3 cm x 114.6 cm Painting style: Abstract Expressionism Original technique: Oil on canvas with aluminum paints Located: Peggy Guggenheim Collection, Venice &nbsp;<\/p>\n","protected":false},"featured_media":78457,"template":"","meta":{"_acf_changed":false},"product_brand":[],"product_cat":[9795],"product_tag":[9870,9858,9862,9863],"class_list":{"0":"post-85882","1":"product","2":"type-product","3":"status-publish","4":"has-post-thumbnail","6":"product_cat-jackson-pollock-en","7":"product_tag-painter","8":"product_tag-pollock-en","9":"product_tag-reproduction-en","10":"product_tag-reproductions","11":"pa_dimenzija-100-x-50-cm-en","12":"pa_dimenzija-120-x-60-cm-en","13":"pa_dimenzija-140-x-70-cm-en","14":"pa_dimenzija-160-x-80-cm-en","15":"pa_dimenzija-180-x-90-cm-en","16":"pa_dimenzija-200-x-100-cm-en","17":"pa_dimenzija-221-x-115-cm-en","18":"pa_dimenzija-240-x-120-cm-en","19":"pa_oblika-horizontal","20":"pa_okvir-without-frame","21":"pa_podokvir-without","22":"pa_podokvir-yes","24":"first","25":"onbackorder","26":"purchasable","27":"product-type-variable","28":"has-default-attributes"},"acf":[],"yoast_head":"<!-- This site is optimized with the Yoast SEO Premium plugin v26.0 (Yoast SEO v27.2) - https:\/\/yoast.com\/product\/yoast-seo-premium-wordpress\/ -->\n<title>Jackson Pollock - Alchemy - SVETSLIK.SI - 100% hand painted<\/title>\n<meta name=\"description\" content=\"Jackson Pollock - Alchemy - 100% hand-painted reproduction of famous paintings by famous artists. Wall art, abstract paintings and custom painted paintings by order.\" \/>\n<meta name=\"robots\" content=\"index, follow, max-snippet:-1, max-image-preview:large, max-video-preview:-1\" \/>\n<link rel=\"canonical\" href=\"https:\/\/svetslik.si\/en\/jackson-pollock-en\/alchemy\/\" \/>\n<meta property=\"og:locale\" content=\"en_US\" \/>\n<meta property=\"og:type\" content=\"article\" \/>\n<meta property=\"og:title\" content=\"Jackson Pollock - Alchemy\" \/>\n<meta property=\"og:description\" content=\"100% ro\u010dno naslikane slike na platnu, reprodukcije znanih slikarjev in umetni\u0161ke slike po naro\u010dilu.\" \/>\n<meta property=\"og:url\" content=\"https:\/\/svetslik.si\/en\/jackson-pollock-en\/alchemy\/\" \/>\n<meta property=\"og:site_name\" content=\"SVETSLIK.SI\" \/>\n<meta property=\"article:publisher\" content=\"https:\/\/www.facebook.com\/svetslik.si\" \/>\n<meta property=\"article:modified_time\" content=\"2026-03-22T20:08:37+00:00\" \/>\n<meta property=\"og:image\" content=\"https:\/\/svetslik.si\/wp-content\/uploads\/2021\/08\/image_Alchemy_680.jpg\" \/>\n\t<meta property=\"og:image:width\" content=\"1500\" \/>\n\t<meta property=\"og:image:height\" content=\"750\" \/>\n\t<meta property=\"og:image:type\" content=\"image\/jpeg\" \/>\n<meta name=\"twitter:card\" content=\"summary_large_image\" \/>\n<meta name=\"twitter:site\" content=\"@svetslik\" \/>\n<meta name=\"twitter:label1\" content=\"Availability\" \/>\n\t<meta name=\"twitter:data1\" content=\"On backorder\" \/>\n<script type=\"application\/ld+json\" class=\"yoast-schema-graph\">{\"@context\":\"https:\/\/schema.org\",\"@graph\":[{\"@type\":[\"WebPage\",\"ItemPage\"],\"@id\":\"https:\/\/svetslik.si\/en\/jackson-pollock-en\/alchemy\/\",\"url\":\"https:\/\/svetslik.si\/en\/jackson-pollock-en\/alchemy\/\",\"name\":\"Jackson Pollock - Alchemy - SVETSLIK.SI - 100% hand painted\",\"isPartOf\":{\"@id\":\"https:\/\/svetslik.si\/en\/#website\"},\"primaryImageOfPage\":{\"@id\":\"https:\/\/svetslik.si\/en\/jackson-pollock-en\/alchemy\/#primaryimage\"},\"image\":{\"@id\":\"https:\/\/svetslik.si\/en\/jackson-pollock-en\/alchemy\/#primaryimage\"},\"thumbnailUrl\":\"https:\/\/svetslik.si\/wp-content\/uploads\/2021\/08\/image_Alchemy_680.jpg\",\"datePublished\":\"2021-09-02T16:41:42+00:00\",\"dateModified\":\"2026-03-22T20:08:37+00:00\",\"description\":\"Jackson Pollock - Alchemy - 100% hand-painted reproduction of famous paintings by famous artists. Wall art, abstract paintings and custom painted paintings by order.\",\"breadcrumb\":{\"@id\":\"https:\/\/svetslik.si\/en\/jackson-pollock-en\/alchemy\/#breadcrumb\"},\"inLanguage\":\"en-US\",\"potentialAction\":[{\"@type\":\"ReadAction\",\"target\":[\"https:\/\/svetslik.si\/en\/jackson-pollock-en\/alchemy\/\"]}]},{\"@type\":\"ImageObject\",\"inLanguage\":\"en-US\",\"@id\":\"https:\/\/svetslik.si\/en\/jackson-pollock-en\/alchemy\/#primaryimage\",\"url\":\"https:\/\/svetslik.si\/wp-content\/uploads\/2021\/08\/image_Alchemy_680.jpg\",\"contentUrl\":\"https:\/\/svetslik.si\/wp-content\/uploads\/2021\/08\/image_Alchemy_680.jpg\",\"width\":1500,\"height\":750,\"caption\":\"Jackson Pollock - Alchemy: \\\"Alchemy\\\" is an original painting by Jackson Pollock, a prominent figure in abstract expressionism. The artwork is known for its energetic and chaotic composition, created through Pollock's unique drip and pour technique, which involves pouring and splattering paint onto the canvas.\"},{\"@type\":\"BreadcrumbList\",\"@id\":\"https:\/\/svetslik.si\/en\/jackson-pollock-en\/alchemy\/#breadcrumb\",\"itemListElement\":[{\"@type\":\"ListItem\",\"position\":1,\"name\":\"Wall art and paintings on canvas\",\"item\":\"https:\/\/svetslik.si\/en\/\"},{\"@type\":\"ListItem\",\"position\":2,\"name\":\"Sale of paintings\",\"item\":\"https:\/\/svetslik.si\/prodaja-slik\/\"},{\"@type\":\"ListItem\",\"position\":3,\"name\":\"Jackson Pollock &#8211; Alchemy\"}]},{\"@type\":\"WebSite\",\"@id\":\"https:\/\/svetslik.si\/en\/#website\",\"url\":\"https:\/\/svetslik.si\/en\/\",\"name\":\"SVETSLIK.SI\",\"description\":\"100% ru\u010dno naslikane reprodukcije slika poznatih slikara in umjetni\u010dke zidne slike na platnu.\",\"publisher\":{\"@id\":\"https:\/\/svetslik.si\/en\/#organization\"},\"potentialAction\":[{\"@type\":\"SearchAction\",\"target\":{\"@type\":\"EntryPoint\",\"urlTemplate\":\"https:\/\/svetslik.si\/en\/?s={search_term_string}\"},\"query-input\":{\"@type\":\"PropertyValueSpecification\",\"valueRequired\":true,\"valueName\":\"search_term_string\"}}],\"inLanguage\":\"en-US\"},{\"@type\":\"Organization\",\"@id\":\"https:\/\/svetslik.si\/en\/#organization\",\"name\":\"SvetSlik.si\",\"url\":\"https:\/\/svetslik.si\/en\/\",\"logo\":{\"@type\":\"ImageObject\",\"inLanguage\":\"en-US\",\"@id\":\"https:\/\/svetslik.si\/en\/#\/schema\/logo\/image\/\",\"url\":\"https:\/\/svetslik.si\/wp-content\/uploads\/2020\/12\/logo-512.png\",\"contentUrl\":\"https:\/\/svetslik.si\/wp-content\/uploads\/2020\/12\/logo-512.png\",\"width\":512,\"height\":512,\"caption\":\"SvetSlik.si\"},\"image\":{\"@id\":\"https:\/\/svetslik.si\/en\/#\/schema\/logo\/image\/\"},\"sameAs\":[\"https:\/\/www.facebook.com\/svetslik.si\",\"https:\/\/x.com\/svetslik\",\"https:\/\/www.instagram.com\/svetslik.si\/\",\"https:\/\/www.linkedin.com\/company\/svetslik-si\"]}]}<\/script>\n<meta property=\"og:availability\" content=\"backorder\" \/>\n<meta property=\"product:availability\" content=\"available for order\" \/>\n<meta property=\"product:retailer_item_id\" content=\"695__\" \/>\n<meta property=\"product:condition\" content=\"new\" \/>\n<!-- \/ Yoast SEO Premium plugin. -->","yoast_head_json":{"title":"Jackson Pollock - Alchemy - SVETSLIK.SI - 100% hand painted","description":"Jackson Pollock - Alchemy - 100% hand-painted reproduction of famous paintings by famous artists. Wall art, abstract paintings and custom painted paintings by order.","robots":{"index":"index","follow":"follow","max-snippet":"max-snippet:-1","max-image-preview":"max-image-preview:large","max-video-preview":"max-video-preview:-1"},"canonical":"https:\/\/svetslik.si\/en\/jackson-pollock-en\/alchemy\/","og_locale":"en_US","og_type":"article","og_title":"Jackson Pollock - Alchemy","og_description":"100% ro\u010dno naslikane slike na platnu, reprodukcije znanih slikarjev in umetni\u0161ke slike po naro\u010dilu.","og_url":"https:\/\/svetslik.si\/en\/jackson-pollock-en\/alchemy\/","og_site_name":"SVETSLIK.SI","article_publisher":"https:\/\/www.facebook.com\/svetslik.si","article_modified_time":"2026-03-22T20:08:37+00:00","og_image":[{"width":1500,"height":750,"url":"https:\/\/svetslik.si\/wp-content\/uploads\/2021\/08\/image_Alchemy_680.jpg","type":"image\/jpeg"}],"twitter_card":"summary_large_image","twitter_site":"@svetslik","twitter_misc":{"Availability":"On backorder"},"schema":{"@context":"https:\/\/schema.org","@graph":[{"@type":["WebPage","ItemPage"],"@id":"https:\/\/svetslik.si\/en\/jackson-pollock-en\/alchemy\/","url":"https:\/\/svetslik.si\/en\/jackson-pollock-en\/alchemy\/","name":"Jackson Pollock - Alchemy - SVETSLIK.SI - 100% hand painted","isPartOf":{"@id":"https:\/\/svetslik.si\/en\/#website"},"primaryImageOfPage":{"@id":"https:\/\/svetslik.si\/en\/jackson-pollock-en\/alchemy\/#primaryimage"},"image":{"@id":"https:\/\/svetslik.si\/en\/jackson-pollock-en\/alchemy\/#primaryimage"},"thumbnailUrl":"https:\/\/svetslik.si\/wp-content\/uploads\/2021\/08\/image_Alchemy_680.jpg","datePublished":"2021-09-02T16:41:42+00:00","dateModified":"2026-03-22T20:08:37+00:00","description":"Jackson Pollock - Alchemy - 100% hand-painted reproduction of famous paintings by famous artists. Wall art, abstract paintings and custom painted paintings by order.","breadcrumb":{"@id":"https:\/\/svetslik.si\/en\/jackson-pollock-en\/alchemy\/#breadcrumb"},"inLanguage":"en-US","potentialAction":[{"@type":"ReadAction","target":["https:\/\/svetslik.si\/en\/jackson-pollock-en\/alchemy\/"]}]},{"@type":"ImageObject","inLanguage":"en-US","@id":"https:\/\/svetslik.si\/en\/jackson-pollock-en\/alchemy\/#primaryimage","url":"https:\/\/svetslik.si\/wp-content\/uploads\/2021\/08\/image_Alchemy_680.jpg","contentUrl":"https:\/\/svetslik.si\/wp-content\/uploads\/2021\/08\/image_Alchemy_680.jpg","width":1500,"height":750,"caption":"Jackson Pollock - Alchemy: \"Alchemy\" is an original painting by Jackson Pollock, a prominent figure in abstract expressionism. The artwork is known for its energetic and chaotic composition, created through Pollock's unique drip and pour technique, which involves pouring and splattering paint onto the canvas."},{"@type":"BreadcrumbList","@id":"https:\/\/svetslik.si\/en\/jackson-pollock-en\/alchemy\/#breadcrumb","itemListElement":[{"@type":"ListItem","position":1,"name":"Wall art and paintings on canvas","item":"https:\/\/svetslik.si\/en\/"},{"@type":"ListItem","position":2,"name":"Sale of paintings","item":"https:\/\/svetslik.si\/prodaja-slik\/"},{"@type":"ListItem","position":3,"name":"Jackson Pollock &#8211; Alchemy"}]},{"@type":"WebSite","@id":"https:\/\/svetslik.si\/en\/#website","url":"https:\/\/svetslik.si\/en\/","name":"SVETSLIK.SI","description":"100% ru\u010dno naslikane reprodukcije slika poznatih slikara in umjetni\u010dke zidne slike na platnu.","publisher":{"@id":"https:\/\/svetslik.si\/en\/#organization"},"potentialAction":[{"@type":"SearchAction","target":{"@type":"EntryPoint","urlTemplate":"https:\/\/svetslik.si\/en\/?s={search_term_string}"},"query-input":{"@type":"PropertyValueSpecification","valueRequired":true,"valueName":"search_term_string"}}],"inLanguage":"en-US"},{"@type":"Organization","@id":"https:\/\/svetslik.si\/en\/#organization","name":"SvetSlik.si","url":"https:\/\/svetslik.si\/en\/","logo":{"@type":"ImageObject","inLanguage":"en-US","@id":"https:\/\/svetslik.si\/en\/#\/schema\/logo\/image\/","url":"https:\/\/svetslik.si\/wp-content\/uploads\/2020\/12\/logo-512.png","contentUrl":"https:\/\/svetslik.si\/wp-content\/uploads\/2020\/12\/logo-512.png","width":512,"height":512,"caption":"SvetSlik.si"},"image":{"@id":"https:\/\/svetslik.si\/en\/#\/schema\/logo\/image\/"},"sameAs":["https:\/\/www.facebook.com\/svetslik.si","https:\/\/x.com\/svetslik","https:\/\/www.instagram.com\/svetslik.si\/","https:\/\/www.linkedin.com\/company\/svetslik-si"]}]},"og_availability":"backorder","product_availability":"available for order","product_retailer_item_id":"695__","product_condition":"new"},"jetpack_sharing_enabled":true,"_links":{"self":[{"href":"https:\/\/svetslik.si\/en\/wp-json\/wp\/v2\/product\/85882","targetHints":{"allow":["GET"]}}],"collection":[{"href":"https:\/\/svetslik.si\/en\/wp-json\/wp\/v2\/product"}],"about":[{"href":"https:\/\/svetslik.si\/en\/wp-json\/wp\/v2\/types\/product"}],"wp:featuredmedia":[{"embeddable":true,"href":"https:\/\/svetslik.si\/en\/wp-json\/wp\/v2\/media\/78457"}],"wp:attachment":[{"href":"https:\/\/svetslik.si\/en\/wp-json\/wp\/v2\/media?parent=85882"}],"wp:term":[{"taxonomy":"product_brand","embeddable":true,"href":"https:\/\/svetslik.si\/en\/wp-json\/wp\/v2\/product_brand?post=85882"},{"taxonomy":"product_cat","embeddable":true,"href":"https:\/\/svetslik.si\/en\/wp-json\/wp\/v2\/product_cat?post=85882"},{"taxonomy":"product_tag","embeddable":true,"href":"https:\/\/svetslik.si\/en\/wp-json\/wp\/v2\/product_tag?post=85882"}],"curies":[{"name":"wp","href":"https:\/\/api.w.org\/{rel}","templated":true}]}}