{"id":85936,"date":"2021-09-02T18:42:29","date_gmt":"2021-09-02T16:42:29","guid":{"rendered":"https:\/\/svetslik.si\/uncategorized\/convergence\/"},"modified":"2026-03-22T21:09:22","modified_gmt":"2026-03-22T20:09:22","slug":"convergence","status":"publish","type":"product","link":"https:\/\/svetslik.si\/en\/jackson-pollock-en\/convergence\/","title":{"rendered":"Jackson Pollock &#8211; Convergence"},"content":{"rendered":"<div class=\"wpb-content-wrapper\">[vc_row][vc_column][vc_column_text css=&#8221;&#8221;]\n<p data-pm-slice=\"1 1 []\"><div class=\"yt-lazy-video ratio-square\" data-id=\"1P9lfmBkiyE\"><\/div>\n[\/vc_column][\/vc_row][vc_row css=&#8221;.vc_custom_1719479129971{margin-bottom: 15px !important;}&#8221;][vc_column]\t<div class=\"et-image-913 et-image     et_image_link\">\n\t\t<div class=\"et-image-inner \">\n\t\t\t\t\t\t\t<div class=\"et-image-thumb \">\n\t\t\t\t\t<img decoding=\"async\" width=\"1500\" height=\"1029\" src=\"https:\/\/svetslik.si\/wp-content\/uploads\/2021\/09\/Jackson-Pollock-\u2013-Convergence-2.jpg\" class=\"attachment-full\" alt=\"Jackson Pollock - Convergence\" title=\"Jackson Pollock - Convergence\" srcset=\"https:\/\/svetslik.si\/wp-content\/uploads\/2021\/09\/Jackson-Pollock-\u2013-Convergence-2.jpg 1500w, https:\/\/svetslik.si\/wp-content\/uploads\/2021\/09\/Jackson-Pollock-\u2013-Convergence-2-600x412.jpg 600w, https:\/\/svetslik.si\/wp-content\/uploads\/2021\/09\/Jackson-Pollock-\u2013-Convergence-2-1200x823.jpg 1200w, https:\/\/svetslik.si\/wp-content\/uploads\/2021\/09\/Jackson-Pollock-\u2013-Convergence-2-300x206.jpg 300w, https:\/\/svetslik.si\/wp-content\/uploads\/2021\/09\/Jackson-Pollock-\u2013-Convergence-2-1024x702.jpg 1024w, https:\/\/svetslik.si\/wp-content\/uploads\/2021\/09\/Jackson-Pollock-\u2013-Convergence-2-768x527.jpg 768w, https:\/\/svetslik.si\/wp-content\/uploads\/2021\/09\/Jackson-Pollock-\u2013-Convergence-2-150x103.jpg 150w\" sizes=\"(max-width: 1500px) 100vw, 1500px\" \/>\t\t\t\t<\/div>\n\t\t\t\t\t\t\t\t\t\t\t<\/div>\n\t<\/div>\n  [\/vc_column][\/vc_row][vc_row css=&#8221;.vc_custom_1719479129971{margin-bottom: 15px !important;}&#8221;][vc_column]\t<div class=\"et-image-847 et-image     et_image_link\">\n\t\t<div class=\"et-image-inner \">\n\t\t\t\t\t\t\t<div class=\"et-image-thumb \">\n\t\t\t\t\t<img decoding=\"async\" width=\"1500\" height=\"1359\" src=\"https:\/\/svetslik.si\/wp-content\/uploads\/2021\/09\/Jackson-Pollock-\u2013-Convergence-4.jpg\" class=\"attachment-full\" alt=\"Jackson Pollock - Convergence\" title=\"Jackson Pollock - Convergence\" srcset=\"https:\/\/svetslik.si\/wp-content\/uploads\/2021\/09\/Jackson-Pollock-\u2013-Convergence-4.jpg 1500w, https:\/\/svetslik.si\/wp-content\/uploads\/2021\/09\/Jackson-Pollock-\u2013-Convergence-4-600x544.jpg 600w, https:\/\/svetslik.si\/wp-content\/uploads\/2021\/09\/Jackson-Pollock-\u2013-Convergence-4-1200x1087.jpg 1200w, https:\/\/svetslik.si\/wp-content\/uploads\/2021\/09\/Jackson-Pollock-\u2013-Convergence-4-300x272.jpg 300w, https:\/\/svetslik.si\/wp-content\/uploads\/2021\/09\/Jackson-Pollock-\u2013-Convergence-4-1024x928.jpg 1024w, https:\/\/svetslik.si\/wp-content\/uploads\/2021\/09\/Jackson-Pollock-\u2013-Convergence-4-768x696.jpg 768w, https:\/\/svetslik.si\/wp-content\/uploads\/2021\/09\/Jackson-Pollock-\u2013-Convergence-4-150x136.jpg 150w\" sizes=\"(max-width: 1500px) 100vw, 1500px\" \/>\t\t\t\t<\/div>\n\t\t\t\t\t\t\t\t\t\t\t<\/div>\n\t<\/div>\n  [\/vc_column][\/vc_row][vc_row css=&#8221;.vc_custom_1719479129971{margin-bottom: 15px !important;}&#8221;][vc_column]\t<div class=\"et-image-283 et-image     et_image_link\">\n\t\t<div class=\"et-image-inner \">\n\t\t\t\t\t\t\t<div class=\"et-image-thumb \">\n\t\t\t\t\t<img decoding=\"async\" width=\"1500\" height=\"1260\" src=\"https:\/\/svetslik.si\/wp-content\/uploads\/2021\/09\/Jackson-Pollock-\u2013-Convergence-3.jpg\" class=\"attachment-full\" alt=\"Jackson Pollock - Convergence\" title=\"Jackson Pollock - Convergence\" srcset=\"https:\/\/svetslik.si\/wp-content\/uploads\/2021\/09\/Jackson-Pollock-\u2013-Convergence-3.jpg 1500w, https:\/\/svetslik.si\/wp-content\/uploads\/2021\/09\/Jackson-Pollock-\u2013-Convergence-3-600x504.jpg 600w, https:\/\/svetslik.si\/wp-content\/uploads\/2021\/09\/Jackson-Pollock-\u2013-Convergence-3-1200x1008.jpg 1200w, https:\/\/svetslik.si\/wp-content\/uploads\/2021\/09\/Jackson-Pollock-\u2013-Convergence-3-300x252.jpg 300w, https:\/\/svetslik.si\/wp-content\/uploads\/2021\/09\/Jackson-Pollock-\u2013-Convergence-3-1024x860.jpg 1024w, https:\/\/svetslik.si\/wp-content\/uploads\/2021\/09\/Jackson-Pollock-\u2013-Convergence-3-768x645.jpg 768w, https:\/\/svetslik.si\/wp-content\/uploads\/2021\/09\/Jackson-Pollock-\u2013-Convergence-3-150x126.jpg 150w\" sizes=\"(max-width: 1500px) 100vw, 1500px\" \/>\t\t\t\t<\/div>\n\t\t\t\t\t\t\t\t\t\t\t<\/div>\n\t<\/div>\n  [\/vc_column][\/vc_row][vc_row css=&#8221;.vc_custom_1719479129971{margin-bottom: 15px !important;}&#8221;][vc_column]\t<div class=\"et-image-899 et-image     et_image_link\">\n\t\t<div class=\"et-image-inner \">\n\t\t\t\t\t\t\t<div class=\"et-image-thumb \">\n\t\t\t\t\t<img decoding=\"async\" width=\"1500\" height=\"1125\" src=\"https:\/\/svetslik.si\/wp-content\/uploads\/2021\/09\/Jackson-Pollock-\u2013-Convergence.jpg\" class=\"attachment-full\" alt=\"Jackson Pollock - Convergence\" title=\"Jackson Pollock - Convergence\" srcset=\"https:\/\/svetslik.si\/wp-content\/uploads\/2021\/09\/Jackson-Pollock-\u2013-Convergence.jpg 1500w, https:\/\/svetslik.si\/wp-content\/uploads\/2021\/09\/Jackson-Pollock-\u2013-Convergence-600x450.jpg 600w, https:\/\/svetslik.si\/wp-content\/uploads\/2021\/09\/Jackson-Pollock-\u2013-Convergence-1200x900.jpg 1200w, https:\/\/svetslik.si\/wp-content\/uploads\/2021\/09\/Jackson-Pollock-\u2013-Convergence-300x225.jpg 300w, https:\/\/svetslik.si\/wp-content\/uploads\/2021\/09\/Jackson-Pollock-\u2013-Convergence-1024x768.jpg 1024w, https:\/\/svetslik.si\/wp-content\/uploads\/2021\/09\/Jackson-Pollock-\u2013-Convergence-768x576.jpg 768w, https:\/\/svetslik.si\/wp-content\/uploads\/2021\/09\/Jackson-Pollock-\u2013-Convergence-150x113.jpg 150w\" sizes=\"(max-width: 1500px) 100vw, 1500px\" \/>\t\t\t\t<\/div>\n\t\t\t\t\t\t\t\t\t\t\t<\/div>\n\t<\/div>\n  [\/vc_column][\/vc_row][vc_row css=&#8221;.vc_custom_1719479129971{margin-bottom: 15px !important;}&#8221;][vc_column]\t<div class=\"et-image-707 et-image     et_image_link\">\n\t\t<div class=\"et-image-inner \">\n\t\t\t\t\t\t\t<div class=\"et-image-thumb \">\n\t\t\t\t\t<img decoding=\"async\" width=\"1000\" height=\"990\" src=\"https:\/\/svetslik.si\/wp-content\/uploads\/2021\/09\/Jackson-Pollock-\u2013-Convergence-reprodukcija-slike-na-platnu-4.jpg\" class=\"attachment-full\" alt=\"Jackson Pollock - Convergence\" title=\"Jackson Pollock - Convergence\" srcset=\"https:\/\/svetslik.si\/wp-content\/uploads\/2021\/09\/Jackson-Pollock-\u2013-Convergence-reprodukcija-slike-na-platnu-4.jpg 1000w, https:\/\/svetslik.si\/wp-content\/uploads\/2021\/09\/Jackson-Pollock-\u2013-Convergence-reprodukcija-slike-na-platnu-4-600x594.jpg 600w, https:\/\/svetslik.si\/wp-content\/uploads\/2021\/09\/Jackson-Pollock-\u2013-Convergence-reprodukcija-slike-na-platnu-4-100x100.jpg 100w, https:\/\/svetslik.si\/wp-content\/uploads\/2021\/09\/Jackson-Pollock-\u2013-Convergence-reprodukcija-slike-na-platnu-4-300x297.jpg 300w, https:\/\/svetslik.si\/wp-content\/uploads\/2021\/09\/Jackson-Pollock-\u2013-Convergence-reprodukcija-slike-na-platnu-4-150x150.jpg 150w, https:\/\/svetslik.si\/wp-content\/uploads\/2021\/09\/Jackson-Pollock-\u2013-Convergence-reprodukcija-slike-na-platnu-4-768x760.jpg 768w, https:\/\/svetslik.si\/wp-content\/uploads\/2021\/09\/Jackson-Pollock-\u2013-Convergence-reprodukcija-slike-na-platnu-4-900x891.jpg 900w\" sizes=\"(max-width: 1000px) 100vw, 1000px\" \/>\t\t\t\t<\/div>\n\t\t\t\t\t\t\t\t\t\t\t<\/div>\n\t<\/div>\n  [\/vc_column][\/vc_row][vc_row css=&#8221;.vc_custom_1719479129971{margin-bottom: 15px !important;}&#8221;][vc_column]\t<div class=\"et-image-337 et-image     et_image_link\">\n\t\t<div class=\"et-image-inner \">\n\t\t\t\t\t\t\t<div class=\"et-image-thumb \">\n\t\t\t\t\t<img decoding=\"async\" width=\"1000\" height=\"931\" src=\"https:\/\/svetslik.si\/wp-content\/uploads\/2021\/09\/Jackson-Pollock-\u2013-Convergence-reprodukcija-slike-na-platnu-5.jpg\" class=\"attachment-full\" alt=\"Jackson Pollock - Convergence\" title=\"Jackson Pollock - Convergence\" srcset=\"https:\/\/svetslik.si\/wp-content\/uploads\/2021\/09\/Jackson-Pollock-\u2013-Convergence-reprodukcija-slike-na-platnu-5.jpg 1000w, https:\/\/svetslik.si\/wp-content\/uploads\/2021\/09\/Jackson-Pollock-\u2013-Convergence-reprodukcija-slike-na-platnu-5-600x559.jpg 600w, https:\/\/svetslik.si\/wp-content\/uploads\/2021\/09\/Jackson-Pollock-\u2013-Convergence-reprodukcija-slike-na-platnu-5-300x279.jpg 300w, https:\/\/svetslik.si\/wp-content\/uploads\/2021\/09\/Jackson-Pollock-\u2013-Convergence-reprodukcija-slike-na-platnu-5-768x715.jpg 768w, https:\/\/svetslik.si\/wp-content\/uploads\/2021\/09\/Jackson-Pollock-\u2013-Convergence-reprodukcija-slike-na-platnu-5-150x140.jpg 150w, https:\/\/svetslik.si\/wp-content\/uploads\/2021\/09\/Jackson-Pollock-\u2013-Convergence-reprodukcija-slike-na-platnu-5-900x838.jpg 900w\" sizes=\"(max-width: 1000px) 100vw, 1000px\" \/>\t\t\t\t<\/div>\n\t\t\t\t\t\t\t\t\t\t\t<\/div>\n\t<\/div>\n  [\/vc_column][\/vc_row][vc_row css=&#8221;.vc_custom_1719479129971{margin-bottom: 15px !important;}&#8221;][vc_column]\t<div class=\"et-image-355 et-image     et_image_link\">\n\t\t<div class=\"et-image-inner \">\n\t\t\t\t\t\t\t<div class=\"et-image-thumb \">\n\t\t\t\t\t<img decoding=\"async\" width=\"1000\" height=\"563\" src=\"https:\/\/svetslik.si\/wp-content\/uploads\/2021\/09\/Jackson-Pollock-\u2013-Convergence-reprodukcija-slike-na-platnu-3.jpg\" class=\"attachment-full\" alt=\"Jackson Pollock - Convergence\" title=\"Jackson Pollock - Convergence\" srcset=\"https:\/\/svetslik.si\/wp-content\/uploads\/2021\/09\/Jackson-Pollock-\u2013-Convergence-reprodukcija-slike-na-platnu-3.jpg 1000w, https:\/\/svetslik.si\/wp-content\/uploads\/2021\/09\/Jackson-Pollock-\u2013-Convergence-reprodukcija-slike-na-platnu-3-600x338.jpg 600w, https:\/\/svetslik.si\/wp-content\/uploads\/2021\/09\/Jackson-Pollock-\u2013-Convergence-reprodukcija-slike-na-platnu-3-300x169.jpg 300w, https:\/\/svetslik.si\/wp-content\/uploads\/2021\/09\/Jackson-Pollock-\u2013-Convergence-reprodukcija-slike-na-platnu-3-768x432.jpg 768w, https:\/\/svetslik.si\/wp-content\/uploads\/2021\/09\/Jackson-Pollock-\u2013-Convergence-reprodukcija-slike-na-platnu-3-150x84.jpg 150w, https:\/\/svetslik.si\/wp-content\/uploads\/2021\/09\/Jackson-Pollock-\u2013-Convergence-reprodukcija-slike-na-platnu-3-900x507.jpg 900w\" sizes=\"(max-width: 1000px) 100vw, 1000px\" \/>\t\t\t\t<\/div>\n\t\t\t\t\t\t\t\t\t\t\t<\/div>\n\t<\/div>\n  [\/vc_column][\/vc_row][vc_row css=&#8221;.vc_custom_1719479129971{margin-bottom: 15px !important;}&#8221;][vc_column]\t<div class=\"et-image-349 et-image     et_image_link\">\n\t\t<div class=\"et-image-inner \">\n\t\t\t\t\t\t\t<div class=\"et-image-thumb \">\n\t\t\t\t\t<img decoding=\"async\" width=\"1000\" height=\"563\" src=\"https:\/\/svetslik.si\/wp-content\/uploads\/2021\/09\/Jackson-Pollock-\u2013-Convergence-reprodukcija-slike-na-platnu-2.jpg\" class=\"attachment-full\" alt=\"Jackson Pollock - Convergence\" title=\"Jackson Pollock - Convergence\" srcset=\"https:\/\/svetslik.si\/wp-content\/uploads\/2021\/09\/Jackson-Pollock-\u2013-Convergence-reprodukcija-slike-na-platnu-2.jpg 1000w, https:\/\/svetslik.si\/wp-content\/uploads\/2021\/09\/Jackson-Pollock-\u2013-Convergence-reprodukcija-slike-na-platnu-2-600x338.jpg 600w, https:\/\/svetslik.si\/wp-content\/uploads\/2021\/09\/Jackson-Pollock-\u2013-Convergence-reprodukcija-slike-na-platnu-2-300x169.jpg 300w, https:\/\/svetslik.si\/wp-content\/uploads\/2021\/09\/Jackson-Pollock-\u2013-Convergence-reprodukcija-slike-na-platnu-2-768x432.jpg 768w, https:\/\/svetslik.si\/wp-content\/uploads\/2021\/09\/Jackson-Pollock-\u2013-Convergence-reprodukcija-slike-na-platnu-2-150x84.jpg 150w, https:\/\/svetslik.si\/wp-content\/uploads\/2021\/09\/Jackson-Pollock-\u2013-Convergence-reprodukcija-slike-na-platnu-2-900x507.jpg 900w\" sizes=\"(max-width: 1000px) 100vw, 1000px\" \/>\t\t\t\t<\/div>\n\t\t\t\t\t\t\t\t\t\t\t<\/div>\n\t<\/div>\n  [\/vc_column][\/vc_row][vc_row][vc_column][vc_column_text]\n<h1>Jackson Pollock &#8211; Convergence<\/h1>\n<table border=\"0\" width=\"673\" cellspacing=\"0\" cellpadding=\"0\">\n<colgroup>\n<col style=\"width: 135pt;\" width=\"180\" \/>\n<col style=\"width: 370pt;\" width=\"493\" \/> <\/colgroup>\n<tbody>\n<tr style=\"height: 15.75pt;\">\n<td class=\"xl24\" style=\"height: 15.75pt; width: 135pt;\" width=\"180\" height=\"21\">Year of creation:<\/td>\n<td class=\"xl25\" style=\"width: 370pt;\" width=\"493\">1952<\/td>\n<\/tr>\n<tr style=\"height: 15.75pt;\">\n<td class=\"xl24\" style=\"height: 15.75pt; width: 135pt;\" width=\"180\" height=\"21\">Original size:<\/td>\n<td class=\"xl24\" style=\"width: 370pt;\" width=\"493\">393.7 cm x 237.7 cm<\/td>\n<\/tr>\n<tr style=\"height: 15.75pt;\">\n<td class=\"xl24\" style=\"height: 15.75pt; width: 135pt;\" width=\"180\" height=\"21\">Painting style:<\/td>\n<td class=\"xl24\" style=\"width: 370pt;\" width=\"493\">Abstract Expressionism<\/td>\n<\/tr>\n<tr style=\"height: 15.75pt;\">\n<td class=\"xl24\" style=\"height: 15.75pt; width: 135pt;\" width=\"180\" height=\"21\">Original technique:<\/td>\n<td>Oil on canvas<\/td>\n<\/tr>\n<tr style=\"height: 15.75pt;\">\n<td class=\"xl24\" style=\"height: 15.75pt; width: 135pt;\" width=\"180\" height=\"21\">Located:<\/td>\n<td>Private Collection<\/td>\n<\/tr>\n<\/tbody>\n<\/table>\n[\/vc_column_text][\/vc_column][\/vc_row]\n<\/div>","protected":false},"excerpt":{"rendered":"<p>[vc_row][vc_column][vc_column_text css=&#8221;&#8221;] [\/vc_column][\/vc_row][vc_row css=&#8221;.vc_custom_1719479129971{margin-bottom: 15px !important;}&#8221;][vc_column][\/vc_column][\/vc_row][vc_row css=&#8221;.vc_custom_1719479129971{margin-bottom: 15px !important;}&#8221;][vc_column][\/vc_column][\/vc_row][vc_row css=&#8221;.vc_custom_1719479129971{margin-bottom: 15px !important;}&#8221;][vc_column][\/vc_column][\/vc_row][vc_row css=&#8221;.vc_custom_1719479129971{margin-bottom: 15px !important;}&#8221;][vc_column][\/vc_column][\/vc_row][vc_row css=&#8221;.vc_custom_1719479129971{margin-bottom: 15px !important;}&#8221;][vc_column][\/vc_column][\/vc_row][vc_row css=&#8221;.vc_custom_1719479129971{margin-bottom: 15px !important;}&#8221;][vc_column][\/vc_column][\/vc_row][vc_row css=&#8221;.vc_custom_1719479129971{margin-bottom: 15px !important;}&#8221;][vc_column][\/vc_column][\/vc_row][vc_row css=&#8221;.vc_custom_1719479129971{margin-bottom: 15px !important;}&#8221;][vc_column][\/vc_column][\/vc_row][vc_row][vc_column][vc_column_text] Jackson Pollock &#8211; Convergence Year of creation: 1952 Original size: 393.7 cm x 237.7 cm Painting style: Abstract Expressionism Original technique: Oil on [&hellip;]<\/p>\n","protected":false},"featured_media":78582,"template":"","meta":{"_acf_changed":false},"product_brand":[],"product_cat":[9795],"product_tag":[9870,9858,9862,9863],"class_list":{"0":"post-85936","1":"product","2":"type-product","3":"status-publish","4":"has-post-thumbnail","6":"product_cat-jackson-pollock-en","7":"product_tag-painter","8":"product_tag-pollock-en","9":"product_tag-reproduction-en","10":"product_tag-reproductions","11":"pa_dimenzija-120-x-70-cm-en","12":"pa_dimenzija-150-x-90-cm-en","13":"pa_dimenzija-200-x-120-cm-en","14":"pa_dimenzija-250-x-150-cm-en","15":"pa_dimenzija-300-x-180-cm-en","16":"pa_dimenzija-350-x-210-cm-en","17":"pa_dimenzija-394-x-238-cm-en","18":"pa_dimenzija-90-x-50-cm-en","19":"pa_oblika-horizontal","20":"pa_okvir-without-frame","21":"pa_podokvir-without","22":"pa_podokvir-yes","24":"first","25":"onbackorder","26":"purchasable","27":"product-type-variable","28":"has-default-attributes"},"acf":[],"yoast_head":"<!-- This site is optimized with the Yoast SEO Premium plugin v26.0 (Yoast SEO v27.2) - https:\/\/yoast.com\/product\/yoast-seo-premium-wordpress\/ -->\n<title>Jackson Pollock - Convergence - SVETSLIK.SI - 100% hand painted<\/title>\n<meta name=\"description\" content=\"Jackson Pollock - Convergence - 100% hand-painted reproduction of famous paintings by famous artists. Wall art, abstract paintings and custom painted paintings by order.\" \/>\n<meta name=\"robots\" content=\"index, follow, max-snippet:-1, max-image-preview:large, max-video-preview:-1\" \/>\n<link rel=\"canonical\" href=\"https:\/\/svetslik.si\/en\/jackson-pollock-en\/convergence\/\" \/>\n<meta property=\"og:locale\" content=\"en_US\" \/>\n<meta property=\"og:type\" content=\"article\" \/>\n<meta property=\"og:title\" content=\"Jackson Pollock - Convergence\" \/>\n<meta property=\"og:description\" content=\"100% ro\u010dno naslikane slike na platnu, reprodukcije znanih slikarjev in umetni\u0161ke slike po naro\u010dilu.\" \/>\n<meta property=\"og:url\" content=\"https:\/\/svetslik.si\/en\/jackson-pollock-en\/convergence\/\" \/>\n<meta property=\"og:site_name\" content=\"SVETSLIK.SI\" \/>\n<meta property=\"article:publisher\" content=\"https:\/\/www.facebook.com\/svetslik.si\" \/>\n<meta property=\"article:modified_time\" content=\"2026-03-22T20:09:22+00:00\" \/>\n<meta property=\"og:image\" content=\"https:\/\/svetslik.si\/wp-content\/uploads\/2021\/08\/image_Convergence_680.jpg\" \/>\n\t<meta property=\"og:image:width\" content=\"1481\" \/>\n\t<meta property=\"og:image:height\" content=\"894\" \/>\n\t<meta property=\"og:image:type\" content=\"image\/jpeg\" \/>\n<meta name=\"twitter:card\" content=\"summary_large_image\" \/>\n<meta name=\"twitter:site\" content=\"@svetslik\" \/>\n<meta name=\"twitter:label1\" content=\"Availability\" \/>\n\t<meta name=\"twitter:data1\" content=\"On backorder\" \/>\n<script type=\"application\/ld+json\" class=\"yoast-schema-graph\">{\"@context\":\"https:\/\/schema.org\",\"@graph\":[{\"@type\":[\"WebPage\",\"ItemPage\"],\"@id\":\"https:\/\/svetslik.si\/en\/jackson-pollock-en\/convergence\/\",\"url\":\"https:\/\/svetslik.si\/en\/jackson-pollock-en\/convergence\/\",\"name\":\"Jackson Pollock - Convergence - SVETSLIK.SI - 100% hand painted\",\"isPartOf\":{\"@id\":\"https:\/\/svetslik.si\/en\/#website\"},\"primaryImageOfPage\":{\"@id\":\"https:\/\/svetslik.si\/en\/jackson-pollock-en\/convergence\/#primaryimage\"},\"image\":{\"@id\":\"https:\/\/svetslik.si\/en\/jackson-pollock-en\/convergence\/#primaryimage\"},\"thumbnailUrl\":\"https:\/\/svetslik.si\/wp-content\/uploads\/2021\/08\/image_Convergence_680.jpg\",\"datePublished\":\"2021-09-02T16:42:29+00:00\",\"dateModified\":\"2026-03-22T20:09:22+00:00\",\"description\":\"Jackson Pollock - Convergence - 100% hand-painted reproduction of famous paintings by famous artists. Wall art, abstract paintings and custom painted paintings by order.\",\"breadcrumb\":{\"@id\":\"https:\/\/svetslik.si\/en\/jackson-pollock-en\/convergence\/#breadcrumb\"},\"inLanguage\":\"en-US\",\"potentialAction\":[{\"@type\":\"ReadAction\",\"target\":[\"https:\/\/svetslik.si\/en\/jackson-pollock-en\/convergence\/\"]}]},{\"@type\":\"ImageObject\",\"inLanguage\":\"en-US\",\"@id\":\"https:\/\/svetslik.si\/en\/jackson-pollock-en\/convergence\/#primaryimage\",\"url\":\"https:\/\/svetslik.si\/wp-content\/uploads\/2021\/08\/image_Convergence_680.jpg\",\"contentUrl\":\"https:\/\/svetslik.si\/wp-content\/uploads\/2021\/08\/image_Convergence_680.jpg\",\"width\":1481,\"height\":894,\"caption\":\"Jackson Pollock - Convergence - reproduction of famous painting by famous artist, hand painted painting on canvas - oil painting\"},{\"@type\":\"BreadcrumbList\",\"@id\":\"https:\/\/svetslik.si\/en\/jackson-pollock-en\/convergence\/#breadcrumb\",\"itemListElement\":[{\"@type\":\"ListItem\",\"position\":1,\"name\":\"Wall art and paintings on canvas\",\"item\":\"https:\/\/svetslik.si\/en\/\"},{\"@type\":\"ListItem\",\"position\":2,\"name\":\"Sale of paintings\",\"item\":\"https:\/\/svetslik.si\/prodaja-slik\/\"},{\"@type\":\"ListItem\",\"position\":3,\"name\":\"Jackson Pollock &#8211; Convergence\"}]},{\"@type\":\"WebSite\",\"@id\":\"https:\/\/svetslik.si\/en\/#website\",\"url\":\"https:\/\/svetslik.si\/en\/\",\"name\":\"SVETSLIK.SI\",\"description\":\"100% ru\u010dno naslikane reprodukcije slika poznatih slikara in umjetni\u010dke zidne slike na platnu.\",\"publisher\":{\"@id\":\"https:\/\/svetslik.si\/en\/#organization\"},\"potentialAction\":[{\"@type\":\"SearchAction\",\"target\":{\"@type\":\"EntryPoint\",\"urlTemplate\":\"https:\/\/svetslik.si\/en\/?s={search_term_string}\"},\"query-input\":{\"@type\":\"PropertyValueSpecification\",\"valueRequired\":true,\"valueName\":\"search_term_string\"}}],\"inLanguage\":\"en-US\"},{\"@type\":\"Organization\",\"@id\":\"https:\/\/svetslik.si\/en\/#organization\",\"name\":\"SvetSlik.si\",\"url\":\"https:\/\/svetslik.si\/en\/\",\"logo\":{\"@type\":\"ImageObject\",\"inLanguage\":\"en-US\",\"@id\":\"https:\/\/svetslik.si\/en\/#\/schema\/logo\/image\/\",\"url\":\"https:\/\/svetslik.si\/wp-content\/uploads\/2020\/12\/logo-512.png\",\"contentUrl\":\"https:\/\/svetslik.si\/wp-content\/uploads\/2020\/12\/logo-512.png\",\"width\":512,\"height\":512,\"caption\":\"SvetSlik.si\"},\"image\":{\"@id\":\"https:\/\/svetslik.si\/en\/#\/schema\/logo\/image\/\"},\"sameAs\":[\"https:\/\/www.facebook.com\/svetslik.si\",\"https:\/\/x.com\/svetslik\",\"https:\/\/www.instagram.com\/svetslik.si\/\",\"https:\/\/www.linkedin.com\/company\/svetslik-si\"]}]}<\/script>\n<meta property=\"og:availability\" content=\"backorder\" \/>\n<meta property=\"product:availability\" content=\"available for order\" \/>\n<meta property=\"product:retailer_item_id\" content=\"702__\" \/>\n<meta property=\"product:condition\" content=\"new\" \/>\n<!-- \/ Yoast SEO Premium plugin. -->","yoast_head_json":{"title":"Jackson Pollock - Convergence - SVETSLIK.SI - 100% hand painted","description":"Jackson Pollock - Convergence - 100% hand-painted reproduction of famous paintings by famous artists. Wall art, abstract paintings and custom painted paintings by order.","robots":{"index":"index","follow":"follow","max-snippet":"max-snippet:-1","max-image-preview":"max-image-preview:large","max-video-preview":"max-video-preview:-1"},"canonical":"https:\/\/svetslik.si\/en\/jackson-pollock-en\/convergence\/","og_locale":"en_US","og_type":"article","og_title":"Jackson Pollock - Convergence","og_description":"100% ro\u010dno naslikane slike na platnu, reprodukcije znanih slikarjev in umetni\u0161ke slike po naro\u010dilu.","og_url":"https:\/\/svetslik.si\/en\/jackson-pollock-en\/convergence\/","og_site_name":"SVETSLIK.SI","article_publisher":"https:\/\/www.facebook.com\/svetslik.si","article_modified_time":"2026-03-22T20:09:22+00:00","og_image":[{"width":1481,"height":894,"url":"https:\/\/svetslik.si\/wp-content\/uploads\/2021\/08\/image_Convergence_680.jpg","type":"image\/jpeg"}],"twitter_card":"summary_large_image","twitter_site":"@svetslik","twitter_misc":{"Availability":"On backorder"},"schema":{"@context":"https:\/\/schema.org","@graph":[{"@type":["WebPage","ItemPage"],"@id":"https:\/\/svetslik.si\/en\/jackson-pollock-en\/convergence\/","url":"https:\/\/svetslik.si\/en\/jackson-pollock-en\/convergence\/","name":"Jackson Pollock - Convergence - SVETSLIK.SI - 100% hand painted","isPartOf":{"@id":"https:\/\/svetslik.si\/en\/#website"},"primaryImageOfPage":{"@id":"https:\/\/svetslik.si\/en\/jackson-pollock-en\/convergence\/#primaryimage"},"image":{"@id":"https:\/\/svetslik.si\/en\/jackson-pollock-en\/convergence\/#primaryimage"},"thumbnailUrl":"https:\/\/svetslik.si\/wp-content\/uploads\/2021\/08\/image_Convergence_680.jpg","datePublished":"2021-09-02T16:42:29+00:00","dateModified":"2026-03-22T20:09:22+00:00","description":"Jackson Pollock - Convergence - 100% hand-painted reproduction of famous paintings by famous artists. Wall art, abstract paintings and custom painted paintings by order.","breadcrumb":{"@id":"https:\/\/svetslik.si\/en\/jackson-pollock-en\/convergence\/#breadcrumb"},"inLanguage":"en-US","potentialAction":[{"@type":"ReadAction","target":["https:\/\/svetslik.si\/en\/jackson-pollock-en\/convergence\/"]}]},{"@type":"ImageObject","inLanguage":"en-US","@id":"https:\/\/svetslik.si\/en\/jackson-pollock-en\/convergence\/#primaryimage","url":"https:\/\/svetslik.si\/wp-content\/uploads\/2021\/08\/image_Convergence_680.jpg","contentUrl":"https:\/\/svetslik.si\/wp-content\/uploads\/2021\/08\/image_Convergence_680.jpg","width":1481,"height":894,"caption":"Jackson Pollock - Convergence - reproduction of famous painting by famous artist, hand painted painting on canvas - oil painting"},{"@type":"BreadcrumbList","@id":"https:\/\/svetslik.si\/en\/jackson-pollock-en\/convergence\/#breadcrumb","itemListElement":[{"@type":"ListItem","position":1,"name":"Wall art and paintings on canvas","item":"https:\/\/svetslik.si\/en\/"},{"@type":"ListItem","position":2,"name":"Sale of paintings","item":"https:\/\/svetslik.si\/prodaja-slik\/"},{"@type":"ListItem","position":3,"name":"Jackson Pollock &#8211; Convergence"}]},{"@type":"WebSite","@id":"https:\/\/svetslik.si\/en\/#website","url":"https:\/\/svetslik.si\/en\/","name":"SVETSLIK.SI","description":"100% ru\u010dno naslikane reprodukcije slika poznatih slikara in umjetni\u010dke zidne slike na platnu.","publisher":{"@id":"https:\/\/svetslik.si\/en\/#organization"},"potentialAction":[{"@type":"SearchAction","target":{"@type":"EntryPoint","urlTemplate":"https:\/\/svetslik.si\/en\/?s={search_term_string}"},"query-input":{"@type":"PropertyValueSpecification","valueRequired":true,"valueName":"search_term_string"}}],"inLanguage":"en-US"},{"@type":"Organization","@id":"https:\/\/svetslik.si\/en\/#organization","name":"SvetSlik.si","url":"https:\/\/svetslik.si\/en\/","logo":{"@type":"ImageObject","inLanguage":"en-US","@id":"https:\/\/svetslik.si\/en\/#\/schema\/logo\/image\/","url":"https:\/\/svetslik.si\/wp-content\/uploads\/2020\/12\/logo-512.png","contentUrl":"https:\/\/svetslik.si\/wp-content\/uploads\/2020\/12\/logo-512.png","width":512,"height":512,"caption":"SvetSlik.si"},"image":{"@id":"https:\/\/svetslik.si\/en\/#\/schema\/logo\/image\/"},"sameAs":["https:\/\/www.facebook.com\/svetslik.si","https:\/\/x.com\/svetslik","https:\/\/www.instagram.com\/svetslik.si\/","https:\/\/www.linkedin.com\/company\/svetslik-si"]}]},"og_availability":"backorder","product_availability":"available for order","product_retailer_item_id":"702__","product_condition":"new"},"jetpack_sharing_enabled":true,"_links":{"self":[{"href":"https:\/\/svetslik.si\/en\/wp-json\/wp\/v2\/product\/85936","targetHints":{"allow":["GET"]}}],"collection":[{"href":"https:\/\/svetslik.si\/en\/wp-json\/wp\/v2\/product"}],"about":[{"href":"https:\/\/svetslik.si\/en\/wp-json\/wp\/v2\/types\/product"}],"wp:featuredmedia":[{"embeddable":true,"href":"https:\/\/svetslik.si\/en\/wp-json\/wp\/v2\/media\/78582"}],"wp:attachment":[{"href":"https:\/\/svetslik.si\/en\/wp-json\/wp\/v2\/media?parent=85936"}],"wp:term":[{"taxonomy":"product_brand","embeddable":true,"href":"https:\/\/svetslik.si\/en\/wp-json\/wp\/v2\/product_brand?post=85936"},{"taxonomy":"product_cat","embeddable":true,"href":"https:\/\/svetslik.si\/en\/wp-json\/wp\/v2\/product_cat?post=85936"},{"taxonomy":"product_tag","embeddable":true,"href":"https:\/\/svetslik.si\/en\/wp-json\/wp\/v2\/product_tag?post=85936"}],"curies":[{"name":"wp","href":"https:\/\/api.w.org\/{rel}","templated":true}]}}