{"id":85963,"date":"2021-09-02T18:43:14","date_gmt":"2021-09-02T16:43:14","guid":{"rendered":"https:\/\/svetslik.si\/uncategorized\/one-number-31\/"},"modified":"2026-03-22T21:10:07","modified_gmt":"2026-03-22T20:10:07","slug":"one-number-31","status":"publish","type":"product","link":"https:\/\/svetslik.si\/en\/jackson-pollock-en\/one-number-31\/","title":{"rendered":"Jackson Pollock &#8211; One: Number 31"},"content":{"rendered":"<div class=\"wpb-content-wrapper\">[vc_row][vc_column][vc_column_text]\n<h1>Jackson Pollock &#8211; One: Number 31<\/h1>\n<table style=\"width: 673px\" border=\"0\" width=\"673\" cellspacing=\"0\" cellpadding=\"0\">\n<tbody>\n<tr>\n<td style=\"width: 180px;height: 21px\" height=\"21\">Year of Creation:<\/td>\n<td style=\"width: 493px\">1950<\/td>\n<\/tr>\n<tr>\n<td style=\"width: 180px;height: 21px\" height=\"21\">Original size:<\/td>\n<td style=\"width: 493px\">530.8 cm x 269.5 cm<\/td>\n<\/tr>\n<tr>\n<td style=\"width: 180px;height: 21px\" height=\"21\">Paint style:<\/td>\n<td style=\"width: 493px\">Abstract Expressionism<\/td>\n<\/tr>\n<tr>\n<td style=\"width: 180px;height: 21px\" height=\"21\">Original technique:<\/td>\n<td>Oil on canvas<\/td>\n<\/tr>\n<tr>\n<td style=\"width: 180px;height: 21px\" height=\"21\">Located:<\/td>\n<td>New York Museum of Modern Art<\/td>\n<\/tr>\n<\/tbody>\n<colgroup>\n<col \/>\n<col \/> <\/colgroup>\n<\/table>\n[\/vc_column_text][\/vc_column][\/vc_row][vc_row][vc_column]\t<div class=\"et-image-335 et-image  full   et_image_link\">\n\t\t<div class=\"et-image-inner \">\n\t\t\t\t\t\t\t<div class=\"et-image-thumb \">\n\t\t\t\t\t<img decoding=\"async\" width=\"2439\" height=\"1754\" src=\"https:\/\/svetslik.si\/wp-content\/uploads\/2021\/12\/Jackson-Pollock-number-slika-na-platnu.jpg\" class=\"attachment-full\" alt=\"Jackson Pollock - Number - painting on canvas - hand-painted reproduction of a wall painting\" title=\"Jackson Pollock - Number - painting on canvas - hand-painted reproduction of a wall painting\" srcset=\"https:\/\/svetslik.si\/wp-content\/uploads\/2021\/12\/Jackson-Pollock-number-slika-na-platnu.jpg 2439w, https:\/\/svetslik.si\/wp-content\/uploads\/2021\/12\/Jackson-Pollock-number-slika-na-platnu-600x431.jpg 600w, https:\/\/svetslik.si\/wp-content\/uploads\/2021\/12\/Jackson-Pollock-number-slika-na-platnu-1200x863.jpg 1200w, https:\/\/svetslik.si\/wp-content\/uploads\/2021\/12\/Jackson-Pollock-number-slika-na-platnu-300x216.jpg 300w, https:\/\/svetslik.si\/wp-content\/uploads\/2021\/12\/Jackson-Pollock-number-slika-na-platnu-1024x736.jpg 1024w, https:\/\/svetslik.si\/wp-content\/uploads\/2021\/12\/Jackson-Pollock-number-slika-na-platnu-768x552.jpg 768w, https:\/\/svetslik.si\/wp-content\/uploads\/2021\/12\/Jackson-Pollock-number-slika-na-platnu-1536x1105.jpg 1536w, https:\/\/svetslik.si\/wp-content\/uploads\/2021\/12\/Jackson-Pollock-number-slika-na-platnu-2048x1473.jpg 2048w, https:\/\/svetslik.si\/wp-content\/uploads\/2021\/12\/Jackson-Pollock-number-slika-na-platnu-150x108.jpg 150w, https:\/\/svetslik.si\/wp-content\/uploads\/2021\/12\/Jackson-Pollock-number-slika-na-platnu-1320x949.jpg 1320w, https:\/\/svetslik.si\/wp-content\/uploads\/2021\/12\/Jackson-Pollock-number-slika-na-platnu-900x647.jpg 900w\" sizes=\"(max-width: 2439px) 100vw, 2439px\" \/>\t\t\t\t<\/div>\n\t\t\t\t\t\t\t\t\t\t\t<\/div>\n\t<\/div>\n  [\/vc_column][\/vc_row]\n<\/div>","protected":false},"excerpt":{"rendered":"<p>[vc_row][vc_column][vc_column_text] Jackson Pollock &#8211; One: Number 31 Year of Creation: 1950 Original size: 530.8 cm x 269.5 cm Paint style: Abstract Expressionism Original technique: Oil on canvas Located: New York Museum of Modern Art [\/vc_column_text][\/vc_column][\/vc_row][vc_row][vc_column][\/vc_column][\/vc_row]<\/p>\n","protected":false},"featured_media":79015,"template":"","meta":{"_acf_changed":false},"product_brand":[],"product_cat":[9795],"product_tag":[9870,9858,9862,9863],"class_list":{"0":"post-85963","1":"product","2":"type-product","3":"status-publish","4":"has-post-thumbnail","6":"product_cat-jackson-pollock-en","7":"product_tag-painter","8":"product_tag-pollock-en","9":"product_tag-reproduction-en","10":"product_tag-reproductions","11":"pa_dimenzija-130-x-70-cm","12":"pa_dimenzija-150-x-80-cm","13":"pa_dimenzija-170-x-90-cm","14":"pa_dimenzija-200-x-100-cm","15":"pa_dimenzija-250-x-130-cm","16":"pa_dimenzija-300-x-150-cm","17":"pa_dimenzija-400-x-200-cm","18":"pa_dimenzija-530-x-269-cm","19":"pa_oblika-horizontal","20":"pa_okvir-without-frame","21":"pa_podokvir-without","22":"pa_podokvir-yes","24":"first","25":"onbackorder","26":"purchasable","27":"product-type-variable","28":"has-default-attributes"},"acf":[],"yoast_head":"<!-- This site is optimized with the Yoast SEO Premium plugin v26.0 (Yoast SEO v27.2) - https:\/\/yoast.com\/product\/yoast-seo-premium-wordpress\/ -->\n<title>Jackson Pollock - One: Number 31 - SVETSLIK.SI - 100% hand painted<\/title>\n<meta name=\"description\" content=\"Jackson Pollock - One: Number 31 - 100% hand-painted reproduction of famous paintings by famous artists. Wall art, abstract paintings and custom painted paintings by order.\" \/>\n<meta name=\"robots\" content=\"index, follow, max-snippet:-1, max-image-preview:large, max-video-preview:-1\" \/>\n<link rel=\"canonical\" href=\"https:\/\/svetslik.si\/en\/jackson-pollock-en\/one-number-31\/\" \/>\n<meta property=\"og:locale\" content=\"en_US\" \/>\n<meta property=\"og:type\" content=\"article\" \/>\n<meta property=\"og:title\" content=\"Jackson Pollock - One: Number 31\" \/>\n<meta property=\"og:description\" content=\"100% ro\u010dno naslikane slike na platnu, reprodukcije znanih slikarjev in umetni\u0161ke slike po naro\u010dilu.\" \/>\n<meta property=\"og:url\" content=\"https:\/\/svetslik.si\/en\/jackson-pollock-en\/one-number-31\/\" \/>\n<meta property=\"og:site_name\" content=\"SVETSLIK.SI\" \/>\n<meta property=\"article:publisher\" content=\"https:\/\/www.facebook.com\/svetslik.si\" \/>\n<meta property=\"article:modified_time\" content=\"2026-03-22T20:10:07+00:00\" \/>\n<meta property=\"og:image\" content=\"https:\/\/svetslik.si\/wp-content\/uploads\/2021\/08\/image_One-Number-31_680-scaled.jpg\" \/>\n\t<meta property=\"og:image:width\" content=\"2560\" \/>\n\t<meta property=\"og:image:height\" content=\"1278\" \/>\n\t<meta property=\"og:image:type\" content=\"image\/jpeg\" \/>\n<meta name=\"twitter:card\" content=\"summary_large_image\" \/>\n<meta name=\"twitter:site\" content=\"@svetslik\" \/>\n<meta name=\"twitter:label1\" content=\"Availability\" \/>\n\t<meta name=\"twitter:data1\" content=\"On backorder\" \/>\n<script type=\"application\/ld+json\" class=\"yoast-schema-graph\">{\"@context\":\"https:\/\/schema.org\",\"@graph\":[{\"@type\":[\"WebPage\",\"ItemPage\"],\"@id\":\"https:\/\/svetslik.si\/en\/jackson-pollock-en\/one-number-31\/\",\"url\":\"https:\/\/svetslik.si\/en\/jackson-pollock-en\/one-number-31\/\",\"name\":\"Jackson Pollock - One: Number 31 - SVETSLIK.SI - 100% hand painted\",\"isPartOf\":{\"@id\":\"https:\/\/svetslik.si\/en\/#website\"},\"primaryImageOfPage\":{\"@id\":\"https:\/\/svetslik.si\/en\/jackson-pollock-en\/one-number-31\/#primaryimage\"},\"image\":{\"@id\":\"https:\/\/svetslik.si\/en\/jackson-pollock-en\/one-number-31\/#primaryimage\"},\"thumbnailUrl\":\"https:\/\/svetslik.si\/wp-content\/uploads\/2021\/08\/image_One-Number-31_680-scaled.jpg\",\"datePublished\":\"2021-09-02T16:43:14+00:00\",\"dateModified\":\"2026-03-22T20:10:07+00:00\",\"description\":\"Jackson Pollock - One: Number 31 - 100% hand-painted reproduction of famous paintings by famous artists. Wall art, abstract paintings and custom painted paintings by order.\",\"breadcrumb\":{\"@id\":\"https:\/\/svetslik.si\/en\/jackson-pollock-en\/one-number-31\/#breadcrumb\"},\"inLanguage\":\"en-US\",\"potentialAction\":[{\"@type\":\"ReadAction\",\"target\":[\"https:\/\/svetslik.si\/en\/jackson-pollock-en\/one-number-31\/\"]}]},{\"@type\":\"ImageObject\",\"inLanguage\":\"en-US\",\"@id\":\"https:\/\/svetslik.si\/en\/jackson-pollock-en\/one-number-31\/#primaryimage\",\"url\":\"https:\/\/svetslik.si\/wp-content\/uploads\/2021\/08\/image_One-Number-31_680-scaled.jpg\",\"contentUrl\":\"https:\/\/svetslik.si\/wp-content\/uploads\/2021\/08\/image_One-Number-31_680-scaled.jpg\",\"width\":2560,\"height\":1278,\"caption\":\"Pierre A. Renoir - On the Banks of the Seine at Rueil - reproduction of famous painting by famous artist, hand painted painting on canvas, impressionism, landscape\"},{\"@type\":\"BreadcrumbList\",\"@id\":\"https:\/\/svetslik.si\/en\/jackson-pollock-en\/one-number-31\/#breadcrumb\",\"itemListElement\":[{\"@type\":\"ListItem\",\"position\":1,\"name\":\"Wall art and paintings on canvas\",\"item\":\"https:\/\/svetslik.si\/en\/\"},{\"@type\":\"ListItem\",\"position\":2,\"name\":\"Sale of paintings\",\"item\":\"https:\/\/svetslik.si\/prodaja-slik\/\"},{\"@type\":\"ListItem\",\"position\":3,\"name\":\"Jackson Pollock &#8211; One: Number 31\"}]},{\"@type\":\"WebSite\",\"@id\":\"https:\/\/svetslik.si\/en\/#website\",\"url\":\"https:\/\/svetslik.si\/en\/\",\"name\":\"SVETSLIK.SI\",\"description\":\"100% ru\u010dno naslikane reprodukcije slika poznatih slikara in umjetni\u010dke zidne slike na platnu.\",\"publisher\":{\"@id\":\"https:\/\/svetslik.si\/en\/#organization\"},\"potentialAction\":[{\"@type\":\"SearchAction\",\"target\":{\"@type\":\"EntryPoint\",\"urlTemplate\":\"https:\/\/svetslik.si\/en\/?s={search_term_string}\"},\"query-input\":{\"@type\":\"PropertyValueSpecification\",\"valueRequired\":true,\"valueName\":\"search_term_string\"}}],\"inLanguage\":\"en-US\"},{\"@type\":\"Organization\",\"@id\":\"https:\/\/svetslik.si\/en\/#organization\",\"name\":\"SvetSlik.si\",\"url\":\"https:\/\/svetslik.si\/en\/\",\"logo\":{\"@type\":\"ImageObject\",\"inLanguage\":\"en-US\",\"@id\":\"https:\/\/svetslik.si\/en\/#\/schema\/logo\/image\/\",\"url\":\"https:\/\/svetslik.si\/wp-content\/uploads\/2020\/12\/logo-512.png\",\"contentUrl\":\"https:\/\/svetslik.si\/wp-content\/uploads\/2020\/12\/logo-512.png\",\"width\":512,\"height\":512,\"caption\":\"SvetSlik.si\"},\"image\":{\"@id\":\"https:\/\/svetslik.si\/en\/#\/schema\/logo\/image\/\"},\"sameAs\":[\"https:\/\/www.facebook.com\/svetslik.si\",\"https:\/\/x.com\/svetslik\",\"https:\/\/www.instagram.com\/svetslik.si\/\",\"https:\/\/www.linkedin.com\/company\/svetslik-si\"]}]}<\/script>\n<meta property=\"og:availability\" content=\"backorder\" \/>\n<meta property=\"product:availability\" content=\"available for order\" \/>\n<meta property=\"product:retailer_item_id\" content=\"705__\" \/>\n<meta property=\"product:condition\" content=\"new\" \/>\n<!-- \/ Yoast SEO Premium plugin. -->","yoast_head_json":{"title":"Jackson Pollock - One: Number 31 - SVETSLIK.SI - 100% hand painted","description":"Jackson Pollock - One: Number 31 - 100% hand-painted reproduction of famous paintings by famous artists. Wall art, abstract paintings and custom painted paintings by order.","robots":{"index":"index","follow":"follow","max-snippet":"max-snippet:-1","max-image-preview":"max-image-preview:large","max-video-preview":"max-video-preview:-1"},"canonical":"https:\/\/svetslik.si\/en\/jackson-pollock-en\/one-number-31\/","og_locale":"en_US","og_type":"article","og_title":"Jackson Pollock - One: Number 31","og_description":"100% ro\u010dno naslikane slike na platnu, reprodukcije znanih slikarjev in umetni\u0161ke slike po naro\u010dilu.","og_url":"https:\/\/svetslik.si\/en\/jackson-pollock-en\/one-number-31\/","og_site_name":"SVETSLIK.SI","article_publisher":"https:\/\/www.facebook.com\/svetslik.si","article_modified_time":"2026-03-22T20:10:07+00:00","og_image":[{"width":2560,"height":1278,"url":"https:\/\/svetslik.si\/wp-content\/uploads\/2021\/08\/image_One-Number-31_680-scaled.jpg","type":"image\/jpeg"}],"twitter_card":"summary_large_image","twitter_site":"@svetslik","twitter_misc":{"Availability":"On backorder"},"schema":{"@context":"https:\/\/schema.org","@graph":[{"@type":["WebPage","ItemPage"],"@id":"https:\/\/svetslik.si\/en\/jackson-pollock-en\/one-number-31\/","url":"https:\/\/svetslik.si\/en\/jackson-pollock-en\/one-number-31\/","name":"Jackson Pollock - One: Number 31 - SVETSLIK.SI - 100% hand painted","isPartOf":{"@id":"https:\/\/svetslik.si\/en\/#website"},"primaryImageOfPage":{"@id":"https:\/\/svetslik.si\/en\/jackson-pollock-en\/one-number-31\/#primaryimage"},"image":{"@id":"https:\/\/svetslik.si\/en\/jackson-pollock-en\/one-number-31\/#primaryimage"},"thumbnailUrl":"https:\/\/svetslik.si\/wp-content\/uploads\/2021\/08\/image_One-Number-31_680-scaled.jpg","datePublished":"2021-09-02T16:43:14+00:00","dateModified":"2026-03-22T20:10:07+00:00","description":"Jackson Pollock - One: Number 31 - 100% hand-painted reproduction of famous paintings by famous artists. Wall art, abstract paintings and custom painted paintings by order.","breadcrumb":{"@id":"https:\/\/svetslik.si\/en\/jackson-pollock-en\/one-number-31\/#breadcrumb"},"inLanguage":"en-US","potentialAction":[{"@type":"ReadAction","target":["https:\/\/svetslik.si\/en\/jackson-pollock-en\/one-number-31\/"]}]},{"@type":"ImageObject","inLanguage":"en-US","@id":"https:\/\/svetslik.si\/en\/jackson-pollock-en\/one-number-31\/#primaryimage","url":"https:\/\/svetslik.si\/wp-content\/uploads\/2021\/08\/image_One-Number-31_680-scaled.jpg","contentUrl":"https:\/\/svetslik.si\/wp-content\/uploads\/2021\/08\/image_One-Number-31_680-scaled.jpg","width":2560,"height":1278,"caption":"Pierre A. Renoir - On the Banks of the Seine at Rueil - reproduction of famous painting by famous artist, hand painted painting on canvas, impressionism, landscape"},{"@type":"BreadcrumbList","@id":"https:\/\/svetslik.si\/en\/jackson-pollock-en\/one-number-31\/#breadcrumb","itemListElement":[{"@type":"ListItem","position":1,"name":"Wall art and paintings on canvas","item":"https:\/\/svetslik.si\/en\/"},{"@type":"ListItem","position":2,"name":"Sale of paintings","item":"https:\/\/svetslik.si\/prodaja-slik\/"},{"@type":"ListItem","position":3,"name":"Jackson Pollock &#8211; One: Number 31"}]},{"@type":"WebSite","@id":"https:\/\/svetslik.si\/en\/#website","url":"https:\/\/svetslik.si\/en\/","name":"SVETSLIK.SI","description":"100% ru\u010dno naslikane reprodukcije slika poznatih slikara in umjetni\u010dke zidne slike na platnu.","publisher":{"@id":"https:\/\/svetslik.si\/en\/#organization"},"potentialAction":[{"@type":"SearchAction","target":{"@type":"EntryPoint","urlTemplate":"https:\/\/svetslik.si\/en\/?s={search_term_string}"},"query-input":{"@type":"PropertyValueSpecification","valueRequired":true,"valueName":"search_term_string"}}],"inLanguage":"en-US"},{"@type":"Organization","@id":"https:\/\/svetslik.si\/en\/#organization","name":"SvetSlik.si","url":"https:\/\/svetslik.si\/en\/","logo":{"@type":"ImageObject","inLanguage":"en-US","@id":"https:\/\/svetslik.si\/en\/#\/schema\/logo\/image\/","url":"https:\/\/svetslik.si\/wp-content\/uploads\/2020\/12\/logo-512.png","contentUrl":"https:\/\/svetslik.si\/wp-content\/uploads\/2020\/12\/logo-512.png","width":512,"height":512,"caption":"SvetSlik.si"},"image":{"@id":"https:\/\/svetslik.si\/en\/#\/schema\/logo\/image\/"},"sameAs":["https:\/\/www.facebook.com\/svetslik.si","https:\/\/x.com\/svetslik","https:\/\/www.instagram.com\/svetslik.si\/","https:\/\/www.linkedin.com\/company\/svetslik-si"]}]},"og_availability":"backorder","product_availability":"available for order","product_retailer_item_id":"705__","product_condition":"new"},"jetpack_sharing_enabled":true,"_links":{"self":[{"href":"https:\/\/svetslik.si\/en\/wp-json\/wp\/v2\/product\/85963","targetHints":{"allow":["GET"]}}],"collection":[{"href":"https:\/\/svetslik.si\/en\/wp-json\/wp\/v2\/product"}],"about":[{"href":"https:\/\/svetslik.si\/en\/wp-json\/wp\/v2\/types\/product"}],"wp:featuredmedia":[{"embeddable":true,"href":"https:\/\/svetslik.si\/en\/wp-json\/wp\/v2\/media\/79015"}],"wp:attachment":[{"href":"https:\/\/svetslik.si\/en\/wp-json\/wp\/v2\/media?parent=85963"}],"wp:term":[{"taxonomy":"product_brand","embeddable":true,"href":"https:\/\/svetslik.si\/en\/wp-json\/wp\/v2\/product_brand?post=85963"},{"taxonomy":"product_cat","embeddable":true,"href":"https:\/\/svetslik.si\/en\/wp-json\/wp\/v2\/product_cat?post=85963"},{"taxonomy":"product_tag","embeddable":true,"href":"https:\/\/svetslik.si\/en\/wp-json\/wp\/v2\/product_tag?post=85963"}],"curies":[{"name":"wp","href":"https:\/\/api.w.org\/{rel}","templated":true}]}}