{"id":86043,"date":"2021-09-02T18:44:49","date_gmt":"2021-09-02T16:44:49","guid":{"rendered":"https:\/\/svetslik.si\/uncategorized\/no-5-1948\/"},"modified":"2026-03-22T21:11:36","modified_gmt":"2026-03-22T20:11:36","slug":"no-5-1948","status":"publish","type":"product","link":"https:\/\/svetslik.si\/en\/jackson-pollock-en\/no-5-1948\/","title":{"rendered":"Jackson Pollock &#8211; No. 5, 1948"},"content":{"rendered":"<div class=\"wpb-content-wrapper\">[vc_row][vc_column][vc_column_text]\n<h1>Jackson Pollock &#8211; No. 5, 1948<\/h1>\n<p>&nbsp;<\/p>\n<div>\n<table style=\"width: 673px\" border=\"0\" width=\"673\" cellspacing=\"0\" cellpadding=\"0\">\n<tbody>\n<tr>\n<td style=\"width: 180px;height: 21px\" height=\"21\">Year of Creation:<\/td>\n<td style=\"width: 493px\">1948<\/td>\n<\/tr>\n<tr>\n<td style=\"width: 180px;height: 21px\" height=\"21\">Original size:<\/td>\n<td style=\"width: 493px\">121.9 cm x 243.8 cm<\/td>\n<\/tr>\n<tr>\n<td style=\"width: 180px;height: 21px\" height=\"21\">Paint style:<\/td>\n<td style=\"width: 493px\">Abstract Expressionism<\/td>\n<\/tr>\n<tr>\n<td style=\"width: 180px;height: 21px\" height=\"21\">Original technique:<\/td>\n<td>Oil on fiberboard<\/td>\n<\/tr>\n<tr>\n<td style=\"width: 180px;height: 21px\" height=\"21\">Located:<\/td>\n<td>Private Collection<\/td>\n<\/tr>\n<\/tbody>\n<colgroup>\n<col \/>\n<col \/> <\/colgroup>\n<\/table>\n<p>Wall painting on canvas No. 5, painter Jackson Pollock holds the unofficial record for the most expensive painting of all time. The artwork was reportedly sold in 2006 for $140 million.<\/p>\n<p>&nbsp;<\/p>\n<\/div>\n[\/vc_column_text][\/vc_column][\/vc_row][vc_row css=&#8221;.vc_custom_1640128073680{margin-bottom: 20px !important;}&#8221;][vc_column]\t<div class=\"et-image-893 et-image  full   et_image_link\">\n\t\t<div class=\"et-image-inner \">\n\t\t\t\t\t\t\t<div class=\"et-image-thumb \">\n\t\t\t\t\t<img decoding=\"async\" width=\"2439\" height=\"1754\" src=\"https:\/\/svetslik.si\/wp-content\/uploads\/2021\/12\/Jackson-Pollock-no-5.jpg\" class=\"attachment-full\" alt=\"Jackson Pollock - No. 5 - painting on canvas - hand-painted reproduction of a wall painting\" title=\"Jackson Pollock - No. 5 - painting on canvas - hand-painted reproduction of a wall painting\" srcset=\"https:\/\/svetslik.si\/wp-content\/uploads\/2021\/12\/Jackson-Pollock-no-5.jpg 2439w, https:\/\/svetslik.si\/wp-content\/uploads\/2021\/12\/Jackson-Pollock-no-5-600x431.jpg 600w, https:\/\/svetslik.si\/wp-content\/uploads\/2021\/12\/Jackson-Pollock-no-5-1200x863.jpg 1200w, https:\/\/svetslik.si\/wp-content\/uploads\/2021\/12\/Jackson-Pollock-no-5-300x216.jpg 300w, https:\/\/svetslik.si\/wp-content\/uploads\/2021\/12\/Jackson-Pollock-no-5-1024x736.jpg 1024w, https:\/\/svetslik.si\/wp-content\/uploads\/2021\/12\/Jackson-Pollock-no-5-768x552.jpg 768w, https:\/\/svetslik.si\/wp-content\/uploads\/2021\/12\/Jackson-Pollock-no-5-1536x1105.jpg 1536w, https:\/\/svetslik.si\/wp-content\/uploads\/2021\/12\/Jackson-Pollock-no-5-2048x1473.jpg 2048w, https:\/\/svetslik.si\/wp-content\/uploads\/2021\/12\/Jackson-Pollock-no-5-150x108.jpg 150w, https:\/\/svetslik.si\/wp-content\/uploads\/2021\/12\/Jackson-Pollock-no-5-1320x949.jpg 1320w, https:\/\/svetslik.si\/wp-content\/uploads\/2021\/12\/Jackson-Pollock-no-5-900x647.jpg 900w\" sizes=\"(max-width: 2439px) 100vw, 2439px\" \/>\t\t\t\t<\/div>\n\t\t\t\t\t\t\t\t\t\t\t<\/div>\n\t<\/div>\n  [\/vc_column][\/vc_row][vc_row css=&#8221;.vc_custom_1640128073680{margin-bottom: 20px !important;}&#8221;][vc_column]\t<div class=\"et-image-425 et-image  full   et_image_link\">\n\t\t<div class=\"et-image-inner \">\n\t\t\t\t\t\t\t<div class=\"et-image-thumb \">\n\t\t\t\t\t<img decoding=\"async\" width=\"2560\" height=\"1440\" src=\"https:\/\/svetslik.si\/wp-content\/uploads\/2019\/08\/IMG_20171210_135511-scaled.jpg\" class=\"attachment-full\" alt=\"Jackson Pollock Reproductions, Famous Painters&#039; Modern Wall Paintings, Art Paintings for the Wall\" title=\"Jackson Pollock Reproductions, Famous Painters&#039; Modern Wall Paintings, Art Paintings for the Wall\" srcset=\"https:\/\/svetslik.si\/wp-content\/uploads\/2019\/08\/IMG_20171210_135511-scaled.jpg 2560w, https:\/\/svetslik.si\/wp-content\/uploads\/2019\/08\/IMG_20171210_135511-600x338.jpg 600w, https:\/\/svetslik.si\/wp-content\/uploads\/2019\/08\/IMG_20171210_135511-scaled-1200x675.jpg 1200w, https:\/\/svetslik.si\/wp-content\/uploads\/2019\/08\/IMG_20171210_135511-300x169.jpg 300w, https:\/\/svetslik.si\/wp-content\/uploads\/2019\/08\/IMG_20171210_135511-1024x576.jpg 1024w, https:\/\/svetslik.si\/wp-content\/uploads\/2019\/08\/IMG_20171210_135511-768x432.jpg 768w, https:\/\/svetslik.si\/wp-content\/uploads\/2019\/08\/IMG_20171210_135511-1536x864.jpg 1536w, https:\/\/svetslik.si\/wp-content\/uploads\/2019\/08\/IMG_20171210_135511-2048x1152.jpg 2048w, https:\/\/svetslik.si\/wp-content\/uploads\/2019\/08\/IMG_20171210_135511-150x84.jpg 150w, https:\/\/svetslik.si\/wp-content\/uploads\/2019\/08\/IMG_20171210_135511-1320x743.jpg 1320w, https:\/\/svetslik.si\/wp-content\/uploads\/2019\/08\/IMG_20171210_135511-900x506.jpg 900w\" sizes=\"(max-width: 2560px) 100vw, 2560px\" \/>\t\t\t\t<\/div>\n\t\t\t\t\t\t\t\t\t\t\t<\/div>\n\t<\/div>\n  [\/vc_column][\/vc_row]\n<\/div>","protected":false},"excerpt":{"rendered":"<p>[vc_row][vc_column][vc_column_text] Jackson Pollock &#8211; No. 5, 1948 &nbsp; Year of Creation: 1948 Original size: 121.9 cm x 243.8 cm Paint style: Abstract Expressionism Original technique: Oil on fiberboard Located: Private Collection Wall painting on canvas No. 5, painter Jackson Pollock holds the unofficial record for the most expensive painting of [&hellip;]<\/p>\n","protected":false},"featured_media":78984,"template":"","meta":{"_acf_changed":false},"product_brand":[],"product_cat":[9795],"product_tag":[9870,9858,9862,9863],"class_list":{"0":"post-86043","1":"product","2":"type-product","3":"status-publish","4":"has-post-thumbnail","6":"product_cat-jackson-pollock-en","7":"product_tag-painter","8":"product_tag-pollock-en","9":"product_tag-reproduction-en","10":"product_tag-reproductions","11":"pa_dimenzija-100-x-200-cm","12":"pa_dimenzija-110-x-220-cm","13":"pa_dimenzija-122-x-244-cm","14":"pa_dimenzija-50-x-100-cm","15":"pa_dimenzija-60-x-120-cm","16":"pa_dimenzija-70-x-140-cm","17":"pa_dimenzija-80-x-160-cm","18":"pa_dimenzija-90-x-180-cm","19":"pa_oblika-vertical","20":"pa_okvir-without-frame","21":"pa_podokvir-without","22":"pa_podokvir-yes","24":"first","25":"onbackorder","26":"purchasable","27":"product-type-variable","28":"has-default-attributes"},"acf":[],"yoast_head":"<!-- This site is optimized with the Yoast SEO Premium plugin v26.0 (Yoast SEO v27.2) - https:\/\/yoast.com\/product\/yoast-seo-premium-wordpress\/ -->\n<title>Jackson Pollock - No. 5, 1948 - SVETSLIK.SI - 100% hand painted<\/title>\n<meta name=\"description\" content=\"Jackson Pollock - No. 5, 1948 - 100% hand-painted reproduction of famous paintings by famous artists. Wall art, abstract paintings and custom painted paintings by order.\" \/>\n<meta name=\"robots\" content=\"index, follow, max-snippet:-1, max-image-preview:large, max-video-preview:-1\" \/>\n<link rel=\"canonical\" href=\"https:\/\/svetslik.si\/en\/jackson-pollock-en\/no-5-1948\/\" \/>\n<meta property=\"og:locale\" content=\"en_US\" \/>\n<meta property=\"og:type\" content=\"article\" \/>\n<meta property=\"og:title\" content=\"Jackson Pollock - No. 5, 1948\" \/>\n<meta property=\"og:description\" content=\"100% ro\u010dno naslikane slike na platnu, reprodukcije znanih slikarjev in umetni\u0161ke slike po naro\u010dilu.\" \/>\n<meta property=\"og:url\" content=\"https:\/\/svetslik.si\/en\/jackson-pollock-en\/no-5-1948\/\" \/>\n<meta property=\"og:site_name\" content=\"SVETSLIK.SI\" \/>\n<meta property=\"article:publisher\" content=\"https:\/\/www.facebook.com\/svetslik.si\" \/>\n<meta property=\"article:modified_time\" content=\"2026-03-22T20:11:36+00:00\" \/>\n<meta property=\"og:image\" content=\"https:\/\/svetslik.si\/wp-content\/uploads\/2021\/08\/image_No-5-1948_680.jpg\" \/>\n\t<meta property=\"og:image:width\" content=\"1000\" \/>\n\t<meta property=\"og:image:height\" content=\"2036\" \/>\n\t<meta property=\"og:image:type\" content=\"image\/jpeg\" \/>\n<meta name=\"twitter:card\" content=\"summary_large_image\" \/>\n<meta name=\"twitter:site\" content=\"@svetslik\" \/>\n<meta name=\"twitter:label1\" content=\"Availability\" \/>\n\t<meta name=\"twitter:data1\" content=\"On backorder\" \/>\n<script type=\"application\/ld+json\" class=\"yoast-schema-graph\">{\"@context\":\"https:\/\/schema.org\",\"@graph\":[{\"@type\":[\"WebPage\",\"ItemPage\"],\"@id\":\"https:\/\/svetslik.si\/en\/jackson-pollock-en\/no-5-1948\/\",\"url\":\"https:\/\/svetslik.si\/en\/jackson-pollock-en\/no-5-1948\/\",\"name\":\"Jackson Pollock - No. 5, 1948 - SVETSLIK.SI - 100% hand painted\",\"isPartOf\":{\"@id\":\"https:\/\/svetslik.si\/en\/#website\"},\"primaryImageOfPage\":{\"@id\":\"https:\/\/svetslik.si\/en\/jackson-pollock-en\/no-5-1948\/#primaryimage\"},\"image\":{\"@id\":\"https:\/\/svetslik.si\/en\/jackson-pollock-en\/no-5-1948\/#primaryimage\"},\"thumbnailUrl\":\"https:\/\/svetslik.si\/wp-content\/uploads\/2021\/08\/image_No-5-1948_680.jpg\",\"datePublished\":\"2021-09-02T16:44:49+00:00\",\"dateModified\":\"2026-03-22T20:11:36+00:00\",\"description\":\"Jackson Pollock - No. 5, 1948 - 100% hand-painted reproduction of famous paintings by famous artists. Wall art, abstract paintings and custom painted paintings by order.\",\"breadcrumb\":{\"@id\":\"https:\/\/svetslik.si\/en\/jackson-pollock-en\/no-5-1948\/#breadcrumb\"},\"inLanguage\":\"en-US\",\"potentialAction\":[{\"@type\":\"ReadAction\",\"target\":[\"https:\/\/svetslik.si\/en\/jackson-pollock-en\/no-5-1948\/\"]}]},{\"@type\":\"ImageObject\",\"inLanguage\":\"en-US\",\"@id\":\"https:\/\/svetslik.si\/en\/jackson-pollock-en\/no-5-1948\/#primaryimage\",\"url\":\"https:\/\/svetslik.si\/wp-content\/uploads\/2021\/08\/image_No-5-1948_680.jpg\",\"contentUrl\":\"https:\/\/svetslik.si\/wp-content\/uploads\/2021\/08\/image_No-5-1948_680.jpg\",\"width\":1000,\"height\":2036,\"caption\":\"Jackson Pollock - No. 5, 1948 - reproduction of famous painting by famous artist, hand painted painting on canvas, abstract expressionism\"},{\"@type\":\"BreadcrumbList\",\"@id\":\"https:\/\/svetslik.si\/en\/jackson-pollock-en\/no-5-1948\/#breadcrumb\",\"itemListElement\":[{\"@type\":\"ListItem\",\"position\":1,\"name\":\"Wall art and paintings on canvas\",\"item\":\"https:\/\/svetslik.si\/en\/\"},{\"@type\":\"ListItem\",\"position\":2,\"name\":\"Sale of paintings\",\"item\":\"https:\/\/svetslik.si\/prodaja-slik\/\"},{\"@type\":\"ListItem\",\"position\":3,\"name\":\"Jackson Pollock &#8211; No. 5, 1948\"}]},{\"@type\":\"WebSite\",\"@id\":\"https:\/\/svetslik.si\/en\/#website\",\"url\":\"https:\/\/svetslik.si\/en\/\",\"name\":\"SVETSLIK.SI\",\"description\":\"100% ru\u010dno naslikane reprodukcije slika poznatih slikara in umjetni\u010dke zidne slike na platnu.\",\"publisher\":{\"@id\":\"https:\/\/svetslik.si\/en\/#organization\"},\"potentialAction\":[{\"@type\":\"SearchAction\",\"target\":{\"@type\":\"EntryPoint\",\"urlTemplate\":\"https:\/\/svetslik.si\/en\/?s={search_term_string}\"},\"query-input\":{\"@type\":\"PropertyValueSpecification\",\"valueRequired\":true,\"valueName\":\"search_term_string\"}}],\"inLanguage\":\"en-US\"},{\"@type\":\"Organization\",\"@id\":\"https:\/\/svetslik.si\/en\/#organization\",\"name\":\"SvetSlik.si\",\"url\":\"https:\/\/svetslik.si\/en\/\",\"logo\":{\"@type\":\"ImageObject\",\"inLanguage\":\"en-US\",\"@id\":\"https:\/\/svetslik.si\/en\/#\/schema\/logo\/image\/\",\"url\":\"https:\/\/svetslik.si\/wp-content\/uploads\/2020\/12\/logo-512.png\",\"contentUrl\":\"https:\/\/svetslik.si\/wp-content\/uploads\/2020\/12\/logo-512.png\",\"width\":512,\"height\":512,\"caption\":\"SvetSlik.si\"},\"image\":{\"@id\":\"https:\/\/svetslik.si\/en\/#\/schema\/logo\/image\/\"},\"sameAs\":[\"https:\/\/www.facebook.com\/svetslik.si\",\"https:\/\/x.com\/svetslik\",\"https:\/\/www.instagram.com\/svetslik.si\/\",\"https:\/\/www.linkedin.com\/company\/svetslik-si\"]}]}<\/script>\n<meta property=\"og:availability\" content=\"backorder\" \/>\n<meta property=\"product:availability\" content=\"available for order\" \/>\n<meta property=\"product:retailer_item_id\" content=\"716__\" \/>\n<meta property=\"product:condition\" content=\"new\" \/>\n<!-- \/ Yoast SEO Premium plugin. -->","yoast_head_json":{"title":"Jackson Pollock - No. 5, 1948 - SVETSLIK.SI - 100% hand painted","description":"Jackson Pollock - No. 5, 1948 - 100% hand-painted reproduction of famous paintings by famous artists. Wall art, abstract paintings and custom painted paintings by order.","robots":{"index":"index","follow":"follow","max-snippet":"max-snippet:-1","max-image-preview":"max-image-preview:large","max-video-preview":"max-video-preview:-1"},"canonical":"https:\/\/svetslik.si\/en\/jackson-pollock-en\/no-5-1948\/","og_locale":"en_US","og_type":"article","og_title":"Jackson Pollock - No. 5, 1948","og_description":"100% ro\u010dno naslikane slike na platnu, reprodukcije znanih slikarjev in umetni\u0161ke slike po naro\u010dilu.","og_url":"https:\/\/svetslik.si\/en\/jackson-pollock-en\/no-5-1948\/","og_site_name":"SVETSLIK.SI","article_publisher":"https:\/\/www.facebook.com\/svetslik.si","article_modified_time":"2026-03-22T20:11:36+00:00","og_image":[{"width":1000,"height":2036,"url":"https:\/\/svetslik.si\/wp-content\/uploads\/2021\/08\/image_No-5-1948_680.jpg","type":"image\/jpeg"}],"twitter_card":"summary_large_image","twitter_site":"@svetslik","twitter_misc":{"Availability":"On backorder"},"schema":{"@context":"https:\/\/schema.org","@graph":[{"@type":["WebPage","ItemPage"],"@id":"https:\/\/svetslik.si\/en\/jackson-pollock-en\/no-5-1948\/","url":"https:\/\/svetslik.si\/en\/jackson-pollock-en\/no-5-1948\/","name":"Jackson Pollock - No. 5, 1948 - SVETSLIK.SI - 100% hand painted","isPartOf":{"@id":"https:\/\/svetslik.si\/en\/#website"},"primaryImageOfPage":{"@id":"https:\/\/svetslik.si\/en\/jackson-pollock-en\/no-5-1948\/#primaryimage"},"image":{"@id":"https:\/\/svetslik.si\/en\/jackson-pollock-en\/no-5-1948\/#primaryimage"},"thumbnailUrl":"https:\/\/svetslik.si\/wp-content\/uploads\/2021\/08\/image_No-5-1948_680.jpg","datePublished":"2021-09-02T16:44:49+00:00","dateModified":"2026-03-22T20:11:36+00:00","description":"Jackson Pollock - No. 5, 1948 - 100% hand-painted reproduction of famous paintings by famous artists. Wall art, abstract paintings and custom painted paintings by order.","breadcrumb":{"@id":"https:\/\/svetslik.si\/en\/jackson-pollock-en\/no-5-1948\/#breadcrumb"},"inLanguage":"en-US","potentialAction":[{"@type":"ReadAction","target":["https:\/\/svetslik.si\/en\/jackson-pollock-en\/no-5-1948\/"]}]},{"@type":"ImageObject","inLanguage":"en-US","@id":"https:\/\/svetslik.si\/en\/jackson-pollock-en\/no-5-1948\/#primaryimage","url":"https:\/\/svetslik.si\/wp-content\/uploads\/2021\/08\/image_No-5-1948_680.jpg","contentUrl":"https:\/\/svetslik.si\/wp-content\/uploads\/2021\/08\/image_No-5-1948_680.jpg","width":1000,"height":2036,"caption":"Jackson Pollock - No. 5, 1948 - reproduction of famous painting by famous artist, hand painted painting on canvas, abstract expressionism"},{"@type":"BreadcrumbList","@id":"https:\/\/svetslik.si\/en\/jackson-pollock-en\/no-5-1948\/#breadcrumb","itemListElement":[{"@type":"ListItem","position":1,"name":"Wall art and paintings on canvas","item":"https:\/\/svetslik.si\/en\/"},{"@type":"ListItem","position":2,"name":"Sale of paintings","item":"https:\/\/svetslik.si\/prodaja-slik\/"},{"@type":"ListItem","position":3,"name":"Jackson Pollock &#8211; No. 5, 1948"}]},{"@type":"WebSite","@id":"https:\/\/svetslik.si\/en\/#website","url":"https:\/\/svetslik.si\/en\/","name":"SVETSLIK.SI","description":"100% ru\u010dno naslikane reprodukcije slika poznatih slikara in umjetni\u010dke zidne slike na platnu.","publisher":{"@id":"https:\/\/svetslik.si\/en\/#organization"},"potentialAction":[{"@type":"SearchAction","target":{"@type":"EntryPoint","urlTemplate":"https:\/\/svetslik.si\/en\/?s={search_term_string}"},"query-input":{"@type":"PropertyValueSpecification","valueRequired":true,"valueName":"search_term_string"}}],"inLanguage":"en-US"},{"@type":"Organization","@id":"https:\/\/svetslik.si\/en\/#organization","name":"SvetSlik.si","url":"https:\/\/svetslik.si\/en\/","logo":{"@type":"ImageObject","inLanguage":"en-US","@id":"https:\/\/svetslik.si\/en\/#\/schema\/logo\/image\/","url":"https:\/\/svetslik.si\/wp-content\/uploads\/2020\/12\/logo-512.png","contentUrl":"https:\/\/svetslik.si\/wp-content\/uploads\/2020\/12\/logo-512.png","width":512,"height":512,"caption":"SvetSlik.si"},"image":{"@id":"https:\/\/svetslik.si\/en\/#\/schema\/logo\/image\/"},"sameAs":["https:\/\/www.facebook.com\/svetslik.si","https:\/\/x.com\/svetslik","https:\/\/www.instagram.com\/svetslik.si\/","https:\/\/www.linkedin.com\/company\/svetslik-si"]}]},"og_availability":"backorder","product_availability":"available for order","product_retailer_item_id":"716__","product_condition":"new"},"jetpack_sharing_enabled":true,"_links":{"self":[{"href":"https:\/\/svetslik.si\/en\/wp-json\/wp\/v2\/product\/86043","targetHints":{"allow":["GET"]}}],"collection":[{"href":"https:\/\/svetslik.si\/en\/wp-json\/wp\/v2\/product"}],"about":[{"href":"https:\/\/svetslik.si\/en\/wp-json\/wp\/v2\/types\/product"}],"wp:featuredmedia":[{"embeddable":true,"href":"https:\/\/svetslik.si\/en\/wp-json\/wp\/v2\/media\/78984"}],"wp:attachment":[{"href":"https:\/\/svetslik.si\/en\/wp-json\/wp\/v2\/media?parent=86043"}],"wp:term":[{"taxonomy":"product_brand","embeddable":true,"href":"https:\/\/svetslik.si\/en\/wp-json\/wp\/v2\/product_brand?post=86043"},{"taxonomy":"product_cat","embeddable":true,"href":"https:\/\/svetslik.si\/en\/wp-json\/wp\/v2\/product_cat?post=86043"},{"taxonomy":"product_tag","embeddable":true,"href":"https:\/\/svetslik.si\/en\/wp-json\/wp\/v2\/product_tag?post=86043"}],"curies":[{"name":"wp","href":"https:\/\/api.w.org\/{rel}","templated":true}]}}