{"id":86141,"date":"2021-09-02T18:46:54","date_gmt":"2021-09-02T16:46:54","guid":{"rendered":"https:\/\/svetslik.si\/uncategorized\/woman-1-detail\/"},"modified":"2026-03-22T21:13:55","modified_gmt":"2026-03-22T20:13:55","slug":"woman-1-detail","status":"publish","type":"product","link":"https:\/\/svetslik.si\/en\/willem-de-kooning-en\/woman-1-detail\/","title":{"rendered":"Willem de Kooning &#8211; Woman 1 Detail"},"content":{"rendered":"<div class=\"wpb-content-wrapper\">[vc_row][vc_column][vc_column_text]\n<h1>Willem de Kooning \u2013 Woman 1 Detail<\/h1>\n<p>\u00a0<\/p>\n<table style=\"width: 673px;\" border=\"0\" width=\"673\" cellspacing=\"0\" cellpadding=\"0\">\n<tbody>\n<tr>\n<td style=\"width: 180px; height: 21px;\" height=\"21\">Year of creation:<\/td>\n<td style=\"width: 493px;\">1950-1952<\/td>\n<\/tr>\n<tr>\n<td style=\"width: 180px; height: 21px;\" height=\"21\">Original size:<\/td>\n<td style=\"width: 493px;\">147.3 cm x 192.7 cm<\/td>\n<\/tr>\n<tr>\n<td style=\"width: 180px; height: 21px;\" height=\"21\">Painting style:<\/td>\n<td style=\"width: 493px;\">Abstract Expressionism<\/td>\n<\/tr>\n<tr>\n<td style=\"width: 180px; height: 21px;\" height=\"21\">Original technique:<\/td>\n<td>Oil on canvas<\/td>\n<\/tr>\n<tr>\n<td style=\"width: 180px; height: 21px;\" height=\"21\">Located:<\/td>\n<td>The Metropolitan Museum of Art, New York<\/td>\n<\/tr>\n<\/tbody>\n<colgroup> <\/colgroup>\n<\/table>\n[\/vc_column_text][\/vc_column][\/vc_row][vc_row css=\u201d.vc_custom_1705591486518{margin-bottom: 10px !important;}\u201d][vc_column]\t<div class=\"et-image-903 et-image     et_image_link\">\n\t\t<div class=\"et-image-inner \">\n\t\t\t\t\t\t\t<div class=\"et-image-thumb \">\n\t\t\t\t\t<img decoding=\"async\" width=\"1000\" height=\"1333\" src=\"https:\/\/svetslik.si\/wp-content\/uploads\/2021\/09\/Willem-de-Kooning-\u2013-Woman-1-Detail-1.jpg\" class=\"attachment-full\" alt=\"Willem de Kooning \u2013 Woman 1 Detail\" title=\"Willem-de-Kooning-\u2013-Woman-1-Detail\" srcset=\"https:\/\/svetslik.si\/wp-content\/uploads\/2021\/09\/Willem-de-Kooning-\u2013-Woman-1-Detail-1.jpg 1000w, https:\/\/svetslik.si\/wp-content\/uploads\/2021\/09\/Willem-de-Kooning-\u2013-Woman-1-Detail-1-600x800.jpg 600w, https:\/\/svetslik.si\/wp-content\/uploads\/2021\/09\/Willem-de-Kooning-\u2013-Woman-1-Detail-1-225x300.jpg 225w, https:\/\/svetslik.si\/wp-content\/uploads\/2021\/09\/Willem-de-Kooning-\u2013-Woman-1-Detail-1-768x1024.jpg 768w, https:\/\/svetslik.si\/wp-content\/uploads\/2021\/09\/Willem-de-Kooning-\u2013-Woman-1-Detail-1-113x150.jpg 113w, https:\/\/svetslik.si\/wp-content\/uploads\/2021\/09\/Willem-de-Kooning-\u2013-Woman-1-Detail-1-900x1200.jpg 900w\" sizes=\"(max-width: 1000px) 100vw, 1000px\" \/>\t\t\t\t<\/div>\n\t\t\t\t\t\t\t\t\t\t\t<\/div>\n\t<\/div>\n  [\/vc_column][\/vc_row][vc_row css=\u201d.vc_custom_1705591486518{margin-bottom: 10px !important;}\u201d][vc_column]\t<div class=\"et-image-895 et-image     et_image_link\">\n\t\t<div class=\"et-image-inner \">\n\t\t\t\t\t\t\t<div class=\"et-image-thumb \">\n\t\t\t\t\t<img decoding=\"async\" width=\"1000\" height=\"1561\" src=\"https:\/\/svetslik.si\/wp-content\/uploads\/2021\/09\/Willem-de-Kooning-\u2013-Woman-1-Detail-1-1.jpg\" class=\"attachment-full\" alt=\"Willem de Kooning \u2013 Woman 1 Detail\" title=\"Willem-de-Kooning-\u2013-Woman-1-Detail-1\" srcset=\"https:\/\/svetslik.si\/wp-content\/uploads\/2021\/09\/Willem-de-Kooning-\u2013-Woman-1-Detail-1-1.jpg 1000w, https:\/\/svetslik.si\/wp-content\/uploads\/2021\/09\/Willem-de-Kooning-\u2013-Woman-1-Detail-1-1-600x937.jpg 600w, https:\/\/svetslik.si\/wp-content\/uploads\/2021\/09\/Willem-de-Kooning-\u2013-Woman-1-Detail-1-1-192x300.jpg 192w, https:\/\/svetslik.si\/wp-content\/uploads\/2021\/09\/Willem-de-Kooning-\u2013-Woman-1-Detail-1-1-656x1024.jpg 656w, https:\/\/svetslik.si\/wp-content\/uploads\/2021\/09\/Willem-de-Kooning-\u2013-Woman-1-Detail-1-1-768x1199.jpg 768w, https:\/\/svetslik.si\/wp-content\/uploads\/2021\/09\/Willem-de-Kooning-\u2013-Woman-1-Detail-1-1-984x1536.jpg 984w, https:\/\/svetslik.si\/wp-content\/uploads\/2021\/09\/Willem-de-Kooning-\u2013-Woman-1-Detail-1-1-96x150.jpg 96w, https:\/\/svetslik.si\/wp-content\/uploads\/2021\/09\/Willem-de-Kooning-\u2013-Woman-1-Detail-1-1-900x1405.jpg 900w\" sizes=\"(max-width: 1000px) 100vw, 1000px\" \/>\t\t\t\t<\/div>\n\t\t\t\t\t\t\t\t\t\t\t<\/div>\n\t<\/div>\n  [\/vc_column][\/vc_row]\n<\/div>","protected":false},"excerpt":{"rendered":"<p>[vc_row][vc_column][vc_column_text] Willem de Kooning \u2013 Woman 1 Detail \u00a0 Year of creation: 1950-1952 Original size: 147.3 cm x 192.7 cm Painting style: Abstract Expressionism Original technique: Oil on canvas Located: The Metropolitan Museum of Art, New York [\/vc_column_text][\/vc_column][\/vc_row][vc_row css=\u201d.vc_custom_1705591486518{margin-bottom: 10px !important;}\u201d][vc_column][\/vc_column][\/vc_row][vc_row css=\u201d.vc_custom_1705591486518{margin-bottom: 10px !important;}\u201d][vc_column][\/vc_column][\/vc_row]<\/p>\n","protected":false},"featured_media":78712,"template":"","meta":{"_acf_changed":false},"product_brand":[],"product_cat":[9800],"product_tag":[9844,9870,9862,9863],"class_list":{"0":"post-86141","1":"product","2":"type-product","3":"status-publish","4":"has-post-thumbnail","6":"product_cat-willem-de-kooning-en","7":"product_tag-koonig-en","8":"product_tag-painter","9":"product_tag-reproduction-en","10":"product_tag-reproductions","11":"pa_dimenzija-100-x-130-cm","12":"pa_dimenzija-110-x-140-cm","13":"pa_dimenzija-120-x-150-cm","14":"pa_dimenzija-130-x-170-cm","15":"pa_dimenzija-140-x-180-cm","16":"pa_dimenzija-60-x-70-cm","17":"pa_dimenzija-70-x-90-cm","18":"pa_dimenzija-80-x-100-cm","19":"pa_dimenzija-90-x-120-cm","20":"pa_oblika-vertical","21":"pa_okvir-without-frame","22":"pa_podokvir-without","23":"pa_podokvir-yes","25":"first","26":"instock","27":"purchasable","28":"product-type-variable","29":"has-default-attributes"},"acf":[],"yoast_head":"<!-- This site is optimized with the Yoast SEO Premium plugin v26.0 (Yoast SEO v27.5) - https:\/\/yoast.com\/product\/yoast-seo-premium-wordpress\/ -->\n<title>Willem de Kooning - Woman 1 Detail - SVETSLIK.SI - 100% hand painted<\/title>\n<meta name=\"description\" content=\"Willem de Kooning - Woman 1 Detail - 100% hand-painted reproduction of famous paintings by famous artists. Wall art, abstract paintings and custom painted paintings by order.\" \/>\n<meta name=\"robots\" content=\"index, follow, max-snippet:-1, max-image-preview:large, max-video-preview:-1\" \/>\n<link rel=\"canonical\" href=\"https:\/\/svetslik.si\/en\/willem-de-kooning-en\/woman-1-detail\/\" \/>\n<meta property=\"og:locale\" content=\"en_US\" \/>\n<meta property=\"og:type\" content=\"article\" \/>\n<meta property=\"og:title\" content=\"Willem de Kooning - Woman 1 Detail\" \/>\n<meta property=\"og:description\" content=\"100% ro\u010dno naslikane slike na platnu, reprodukcije znanih slikarjev in umetni\u0161ke slike po naro\u010dilu.\" \/>\n<meta property=\"og:url\" content=\"https:\/\/svetslik.si\/en\/willem-de-kooning-en\/woman-1-detail\/\" \/>\n<meta property=\"og:site_name\" content=\"SVETSLIK.SI\" \/>\n<meta property=\"article:publisher\" content=\"https:\/\/www.facebook.com\/svetslik.si\" \/>\n<meta property=\"article:modified_time\" content=\"2026-03-22T20:13:55+00:00\" \/>\n<meta property=\"og:image\" content=\"https:\/\/svetslik.si\/wp-content\/uploads\/2021\/08\/image_Easter-Monday_680.jpg\" \/>\n\t<meta property=\"og:image:width\" content=\"1535\" \/>\n\t<meta property=\"og:image:height\" content=\"2000\" \/>\n\t<meta property=\"og:image:type\" content=\"image\/jpeg\" \/>\n<meta name=\"twitter:card\" content=\"summary_large_image\" \/>\n<meta name=\"twitter:site\" content=\"@svetslik\" \/>\n<meta name=\"twitter:label1\" content=\"Availability\" \/>\n\t<meta name=\"twitter:data1\" content=\"In stock\" \/>\n<script type=\"application\/ld+json\" class=\"yoast-schema-graph\">{\"@context\":\"https:\\\/\\\/schema.org\",\"@graph\":[{\"@type\":[\"WebPage\",\"ItemPage\"],\"@id\":\"https:\\\/\\\/svetslik.si\\\/en\\\/willem-de-kooning-en\\\/woman-1-detail\\\/\",\"url\":\"https:\\\/\\\/svetslik.si\\\/en\\\/willem-de-kooning-en\\\/woman-1-detail\\\/\",\"name\":\"Willem de Kooning - Woman 1 Detail - SVETSLIK.SI - 100% hand painted\",\"isPartOf\":{\"@id\":\"https:\\\/\\\/svetslik.si\\\/en\\\/#website\"},\"primaryImageOfPage\":{\"@id\":\"https:\\\/\\\/svetslik.si\\\/en\\\/willem-de-kooning-en\\\/woman-1-detail\\\/#primaryimage\"},\"image\":{\"@id\":\"https:\\\/\\\/svetslik.si\\\/en\\\/willem-de-kooning-en\\\/woman-1-detail\\\/#primaryimage\"},\"thumbnailUrl\":\"https:\\\/\\\/svetslik.si\\\/wp-content\\\/uploads\\\/2021\\\/08\\\/image_Easter-Monday_680.jpg\",\"datePublished\":\"2021-09-02T16:46:54+00:00\",\"dateModified\":\"2026-03-22T20:13:55+00:00\",\"description\":\"Willem de Kooning - Woman 1 Detail - 100% hand-painted reproduction of famous paintings by famous artists. Wall art, abstract paintings and custom painted paintings by order.\",\"breadcrumb\":{\"@id\":\"https:\\\/\\\/svetslik.si\\\/en\\\/willem-de-kooning-en\\\/woman-1-detail\\\/#breadcrumb\"},\"inLanguage\":\"en-US\",\"potentialAction\":[{\"@type\":\"ReadAction\",\"target\":[\"https:\\\/\\\/svetslik.si\\\/en\\\/willem-de-kooning-en\\\/woman-1-detail\\\/\"]}]},{\"@type\":\"ImageObject\",\"inLanguage\":\"en-US\",\"@id\":\"https:\\\/\\\/svetslik.si\\\/en\\\/willem-de-kooning-en\\\/woman-1-detail\\\/#primaryimage\",\"url\":\"https:\\\/\\\/svetslik.si\\\/wp-content\\\/uploads\\\/2021\\\/08\\\/image_Easter-Monday_680.jpg\",\"contentUrl\":\"https:\\\/\\\/svetslik.si\\\/wp-content\\\/uploads\\\/2021\\\/08\\\/image_Easter-Monday_680.jpg\",\"width\":1535,\"height\":2000,\"caption\":\"Willem de Kooning - Woman 1 Detail - reproduction of famous painting by famous artist, hand painted painting on canvas - oil painting\"},{\"@type\":\"BreadcrumbList\",\"@id\":\"https:\\\/\\\/svetslik.si\\\/en\\\/willem-de-kooning-en\\\/woman-1-detail\\\/#breadcrumb\",\"itemListElement\":[{\"@type\":\"ListItem\",\"position\":1,\"name\":\"Wall art and paintings on canvas\",\"item\":\"https:\\\/\\\/svetslik.si\\\/en\\\/\"},{\"@type\":\"ListItem\",\"position\":2,\"name\":\"Sale of paintings\",\"item\":\"https:\\\/\\\/svetslik.si\\\/prodaja-slik\\\/\"},{\"@type\":\"ListItem\",\"position\":3,\"name\":\"Willem de Kooning &#8211; Woman 1 Detail\"}]},{\"@type\":\"WebSite\",\"@id\":\"https:\\\/\\\/svetslik.si\\\/en\\\/#website\",\"url\":\"https:\\\/\\\/svetslik.si\\\/en\\\/\",\"name\":\"SVETSLIK.SI\",\"description\":\"100% ru\u010dno naslikane reprodukcije slika poznatih slikara in umjetni\u010dke zidne slike na platnu.\",\"publisher\":{\"@id\":\"https:\\\/\\\/svetslik.si\\\/en\\\/#organization\"},\"potentialAction\":[{\"@type\":\"SearchAction\",\"target\":{\"@type\":\"EntryPoint\",\"urlTemplate\":\"https:\\\/\\\/svetslik.si\\\/en\\\/?s={search_term_string}\"},\"query-input\":{\"@type\":\"PropertyValueSpecification\",\"valueRequired\":true,\"valueName\":\"search_term_string\"}}],\"inLanguage\":\"en-US\"},{\"@type\":\"Organization\",\"@id\":\"https:\\\/\\\/svetslik.si\\\/en\\\/#organization\",\"name\":\"SvetSlik.si\",\"url\":\"https:\\\/\\\/svetslik.si\\\/en\\\/\",\"logo\":{\"@type\":\"ImageObject\",\"inLanguage\":\"en-US\",\"@id\":\"https:\\\/\\\/svetslik.si\\\/en\\\/#\\\/schema\\\/logo\\\/image\\\/\",\"url\":\"https:\\\/\\\/svetslik.si\\\/wp-content\\\/uploads\\\/2020\\\/12\\\/logo-512.png\",\"contentUrl\":\"https:\\\/\\\/svetslik.si\\\/wp-content\\\/uploads\\\/2020\\\/12\\\/logo-512.png\",\"width\":512,\"height\":512,\"caption\":\"SvetSlik.si\"},\"image\":{\"@id\":\"https:\\\/\\\/svetslik.si\\\/en\\\/#\\\/schema\\\/logo\\\/image\\\/\"},\"sameAs\":[\"https:\\\/\\\/www.facebook.com\\\/svetslik.si\",\"https:\\\/\\\/x.com\\\/svetslik\",\"https:\\\/\\\/www.instagram.com\\\/svetslik.si\\\/\",\"https:\\\/\\\/www.linkedin.com\\\/company\\\/svetslik-si\"]}]}<\/script>\n<meta property=\"og:availability\" content=\"instock\" \/>\n<meta property=\"product:availability\" content=\"instock\" \/>\n<meta property=\"product:retailer_item_id\" content=\"727__\" \/>\n<meta property=\"product:condition\" content=\"new\" \/>\n<!-- \/ Yoast SEO Premium plugin. -->","yoast_head_json":{"title":"Willem de Kooning - Woman 1 Detail - SVETSLIK.SI - 100% hand painted","description":"Willem de Kooning - Woman 1 Detail - 100% hand-painted reproduction of famous paintings by famous artists. Wall art, abstract paintings and custom painted paintings by order.","robots":{"index":"index","follow":"follow","max-snippet":"max-snippet:-1","max-image-preview":"max-image-preview:large","max-video-preview":"max-video-preview:-1"},"canonical":"https:\/\/svetslik.si\/en\/willem-de-kooning-en\/woman-1-detail\/","og_locale":"en_US","og_type":"article","og_title":"Willem de Kooning - Woman 1 Detail","og_description":"100% ro\u010dno naslikane slike na platnu, reprodukcije znanih slikarjev in umetni\u0161ke slike po naro\u010dilu.","og_url":"https:\/\/svetslik.si\/en\/willem-de-kooning-en\/woman-1-detail\/","og_site_name":"SVETSLIK.SI","article_publisher":"https:\/\/www.facebook.com\/svetslik.si","article_modified_time":"2026-03-22T20:13:55+00:00","og_image":[{"width":1535,"height":2000,"url":"https:\/\/svetslik.si\/wp-content\/uploads\/2021\/08\/image_Easter-Monday_680.jpg","type":"image\/jpeg"}],"twitter_card":"summary_large_image","twitter_site":"@svetslik","twitter_misc":{"Availability":"In stock"},"schema":{"@context":"https:\/\/schema.org","@graph":[{"@type":["WebPage","ItemPage"],"@id":"https:\/\/svetslik.si\/en\/willem-de-kooning-en\/woman-1-detail\/","url":"https:\/\/svetslik.si\/en\/willem-de-kooning-en\/woman-1-detail\/","name":"Willem de Kooning - Woman 1 Detail - SVETSLIK.SI - 100% hand painted","isPartOf":{"@id":"https:\/\/svetslik.si\/en\/#website"},"primaryImageOfPage":{"@id":"https:\/\/svetslik.si\/en\/willem-de-kooning-en\/woman-1-detail\/#primaryimage"},"image":{"@id":"https:\/\/svetslik.si\/en\/willem-de-kooning-en\/woman-1-detail\/#primaryimage"},"thumbnailUrl":"https:\/\/svetslik.si\/wp-content\/uploads\/2021\/08\/image_Easter-Monday_680.jpg","datePublished":"2021-09-02T16:46:54+00:00","dateModified":"2026-03-22T20:13:55+00:00","description":"Willem de Kooning - Woman 1 Detail - 100% hand-painted reproduction of famous paintings by famous artists. Wall art, abstract paintings and custom painted paintings by order.","breadcrumb":{"@id":"https:\/\/svetslik.si\/en\/willem-de-kooning-en\/woman-1-detail\/#breadcrumb"},"inLanguage":"en-US","potentialAction":[{"@type":"ReadAction","target":["https:\/\/svetslik.si\/en\/willem-de-kooning-en\/woman-1-detail\/"]}]},{"@type":"ImageObject","inLanguage":"en-US","@id":"https:\/\/svetslik.si\/en\/willem-de-kooning-en\/woman-1-detail\/#primaryimage","url":"https:\/\/svetslik.si\/wp-content\/uploads\/2021\/08\/image_Easter-Monday_680.jpg","contentUrl":"https:\/\/svetslik.si\/wp-content\/uploads\/2021\/08\/image_Easter-Monday_680.jpg","width":1535,"height":2000,"caption":"Willem de Kooning - Woman 1 Detail - reproduction of famous painting by famous artist, hand painted painting on canvas - oil painting"},{"@type":"BreadcrumbList","@id":"https:\/\/svetslik.si\/en\/willem-de-kooning-en\/woman-1-detail\/#breadcrumb","itemListElement":[{"@type":"ListItem","position":1,"name":"Wall art and paintings on canvas","item":"https:\/\/svetslik.si\/en\/"},{"@type":"ListItem","position":2,"name":"Sale of paintings","item":"https:\/\/svetslik.si\/prodaja-slik\/"},{"@type":"ListItem","position":3,"name":"Willem de Kooning &#8211; Woman 1 Detail"}]},{"@type":"WebSite","@id":"https:\/\/svetslik.si\/en\/#website","url":"https:\/\/svetslik.si\/en\/","name":"SVETSLIK.SI","description":"100% ru\u010dno naslikane reprodukcije slika poznatih slikara in umjetni\u010dke zidne slike na platnu.","publisher":{"@id":"https:\/\/svetslik.si\/en\/#organization"},"potentialAction":[{"@type":"SearchAction","target":{"@type":"EntryPoint","urlTemplate":"https:\/\/svetslik.si\/en\/?s={search_term_string}"},"query-input":{"@type":"PropertyValueSpecification","valueRequired":true,"valueName":"search_term_string"}}],"inLanguage":"en-US"},{"@type":"Organization","@id":"https:\/\/svetslik.si\/en\/#organization","name":"SvetSlik.si","url":"https:\/\/svetslik.si\/en\/","logo":{"@type":"ImageObject","inLanguage":"en-US","@id":"https:\/\/svetslik.si\/en\/#\/schema\/logo\/image\/","url":"https:\/\/svetslik.si\/wp-content\/uploads\/2020\/12\/logo-512.png","contentUrl":"https:\/\/svetslik.si\/wp-content\/uploads\/2020\/12\/logo-512.png","width":512,"height":512,"caption":"SvetSlik.si"},"image":{"@id":"https:\/\/svetslik.si\/en\/#\/schema\/logo\/image\/"},"sameAs":["https:\/\/www.facebook.com\/svetslik.si","https:\/\/x.com\/svetslik","https:\/\/www.instagram.com\/svetslik.si\/","https:\/\/www.linkedin.com\/company\/svetslik-si"]}]},"og_availability":"instock","product_availability":"instock","product_retailer_item_id":"727__","product_condition":"new"},"jetpack_sharing_enabled":true,"_links":{"self":[{"href":"https:\/\/svetslik.si\/en\/wp-json\/wp\/v2\/product\/86141","targetHints":{"allow":["GET"]}}],"collection":[{"href":"https:\/\/svetslik.si\/en\/wp-json\/wp\/v2\/product"}],"about":[{"href":"https:\/\/svetslik.si\/en\/wp-json\/wp\/v2\/types\/product"}],"wp:featuredmedia":[{"embeddable":true,"href":"https:\/\/svetslik.si\/en\/wp-json\/wp\/v2\/media\/78712"}],"wp:attachment":[{"href":"https:\/\/svetslik.si\/en\/wp-json\/wp\/v2\/media?parent=86141"}],"wp:term":[{"taxonomy":"product_brand","embeddable":true,"href":"https:\/\/svetslik.si\/en\/wp-json\/wp\/v2\/product_brand?post=86141"},{"taxonomy":"product_cat","embeddable":true,"href":"https:\/\/svetslik.si\/en\/wp-json\/wp\/v2\/product_cat?post=86141"},{"taxonomy":"product_tag","embeddable":true,"href":"https:\/\/svetslik.si\/en\/wp-json\/wp\/v2\/product_tag?post=86141"}],"curies":[{"name":"wp","href":"https:\/\/api.w.org\/{rel}","templated":true}]}}